{"id":15,"date":"2015-11-11T06:28:56","date_gmt":"2015-11-11T06:28:56","guid":{"rendered":"https:\/\/ueflibrarygeo.wordpress.com\/?page_id=15"},"modified":"2023-06-27T11:04:25","modified_gmt":"2023-06-27T08:04:25","slug":"tieteelliset-julkaisut-eri-aloilla","status":"publish","type":"page","link":"https:\/\/blogs.uef.fi\/tiedonhaku-maantiede\/tieteelliset-julkaisut-eri-aloilla\/","title":{"rendered":"Tieteelliset julkaisut eri aloilla"},"content":{"rendered":"\n<p>Eri tieteenaloilla on omat perinteens\u00e4 tavassa julkaista tutkimusty\u00f6n tulokset.<\/p>\n\n\n\n<figure class=\"wp-block-image alignright\"><img decoding=\"async\" src=\"https:\/\/ueflibraryfys.files.wordpress.com\/2015\/07\/leipa.png?w=225&amp;h=150\" alt=\"leipa\" class=\"wp-image-355\" \/><\/figure>\n\n\n\n<p><strong>Luonnon- ja l\u00e4\u00e4ketieteet<\/strong> edustavat kaikista aloista yht\u00e4 \u00e4\u00e4rip\u00e4\u00e4t\u00e4, jossa tutkimukset pyrit\u00e4\u00e4n julkaisemaan lehtiartikkeleina ja kansainv\u00e4lisesti. Kansainv\u00e4linen julkaiseminen on luontevaa, koska aiheetkin ovat <a href=\"http:\/\/iopscience.iop.org\/0143-0807\/16\/4\/005\/\" target=\"_blank\" rel=\"noopener noreferrer\">universaaleja <\/a>(linkki aukeaa uuteen ikkunaan).<\/p>\n\n\n\n<p><strong>Humanistisilla tieteenaloilla<\/strong> taas perinteiset kirjat \u2013 mit\u00e4 paksumpi sen parempi- sek\u00e4 kotimainen julkaisukanava ovat tavallisempia.<\/p>\n\n\n\n<p><strong>Yhteiskuntatieteet ja tekniikka<\/strong> ovat edellisten v\u00e4lilt\u00e4.<br>Yhteiskuntatieteiss\u00e4 on t\u00e4rke\u00e4t\u00e4 my\u00f6s julkinen keskustelu, jota k\u00e4yd\u00e4\u00e4n mm. lehtien v\u00e4lityksell\u00e4.<br>Tekniikassa puolestaan on muiden julkaisujen rinnalla mahdollista julkaista patentteja.<\/p>\n\n\n\n<p>Luonnontieteiss\u00e4 julkaistaan paljon usean tekij\u00e4n artikkeleita; humanistissa tieteiss\u00e4 pakerretaan enemm\u00e4n itsekseen. Yhteiskuntatieteiss\u00e4 artikkelilla on keskim\u00e4\u00e4rin alle kaksi kirjoittajaa. (<a href=\"http:\/\/www.nsf.gov\/statistics\/seind10\/c5\/c5s4.htm\" target=\"_blank\" rel=\"noopener noreferrer\">Science and engineering indicators 2010; <\/a>linkki aukeaa uuteen ikkunaan).<\/p>\n\n\n\n<h2 class=\"wp-block-heading\">Erot tieteenaloilla tasoittuvat<\/h2>\n\n\n\n<p>Kaikkiaan tieteenalojen erot ovat jossakin m\u00e4\u00e4rin v\u00e4hentyneet viime vuosina \u2013 <strong>artikkelityyppinen julkaiseminen<\/strong> on kasvussa kaikilla tieteenaloilla.<\/p>\n\n\n\n<p>Samoin siirtyminen kansallisista kielist\u00e4 <strong>englannin kieleen<\/strong> on ollut merkitt\u00e4v\u00e4\u00e4.<\/p>\n\n\n\n<h2 class=\"wp-block-heading\">Kuinka paljon maailmalla julkaistaan?<\/h2>\n\n\n\n<figure class=\"wp-block-image aligncenter wp-image-699 size-full\"><img loading=\"lazy\" decoding=\"async\" width=\"937\" height=\"821\" src=\"https:\/\/blogs.uef.fi\/tiedonhaku-maantiede\/wp-content\/uploads\/sites\/53\/2019\/06\/artikkelit2016.png\" alt=\"Schopus tietokannan taulukko kuvaa kuinka paljon maailmalla julkaistaan eri tieteenaloilla. \" class=\"wp-image-699\" srcset=\"https:\/\/blogs.uef.fi\/tiedonhaku-maantiede\/wp-content\/uploads\/sites\/53\/2019\/06\/artikkelit2016.png 937w, https:\/\/blogs.uef.fi\/tiedonhaku-maantiede\/wp-content\/uploads\/sites\/53\/2019\/06\/artikkelit2016-300x263.png 300w, https:\/\/blogs.uef.fi\/tiedonhaku-maantiede\/wp-content\/uploads\/sites\/53\/2019\/06\/artikkelit2016-768x673.png 768w, https:\/\/blogs.uef.fi\/tiedonhaku-maantiede\/wp-content\/uploads\/sites\/53\/2019\/06\/artikkelit2016-434x380.png 434w\" sizes=\"auto, (max-width: 937px) 100vw, 937px\" \/><figcaption class=\"wp-element-caption\">L\u00e4hteen\u00e4 on k\u00e4ytetty Scopus-tietokantaa<\/figcaption><\/figure>\n\n\n\n<p>Julkaistujen artikkelien m\u00e4\u00e4r\u00e4 on kasvanut l\u00e4hes 50% kymmeness\u00e4 vuodessa (2006-2016). Kasvu on kovinta kehittyviss\u00e4 maissa.<\/p>\n\n\n\n<p>Vuonna 2016 Kiina ohitti ensi kertaa Yhdysvallat julkaisujen m\u00e4\u00e4r\u00e4ss\u00e4. Muita suuria julkaisumaita ovat Intia, Saksa ja Iso-Britannia. N\u00e4m\u00e4 viisi maata kattavat jo puolet kaikista julkaisuista.<\/p>\n\n\n\n<p>Suomen osuus julkaisuista on 0,5 % (yli 10 500 artikkelia v. 2016). Vaikka artikkeleiden lukum\u00e4\u00e4r\u00e4 nouseekin koko ajan, osuus kaikista julkaisuista on hieman laskenut aikaisempiin vuosiin verraten. Suomen \u201dlistasijoitus\u201d v. 2016 oli 35:s.<\/p>\n\n\n\n<p>(l\u00e4hde: <a href=\"https:\/\/www.nsf.gov\/statistics\/2018\/nsb20181\/report\/sections\/academic-research-and-development\/outputs-of-s-e-research-publications#publication-output-by-country\" target=\"_blank\" rel=\"noopener noreferrer\">Science and engineering indicators 2018;<\/a> linkki aukeaa uuteen ikkunaan)<\/p>\n\n\n\n<figure class=\"wp-block-image aligncenter\"><a href=\"https:\/\/worldmapper.org\/maps\/science-paperspublished-2016\/?sf_action=get_data&amp;sf_data=results&amp;_sft_product_cat=science\" rel=\"noopener noreferrer\"><img loading=\"lazy\" decoding=\"async\" width=\"1638\" height=\"816\" src=\"https:\/\/blogs.uef.fi\/tiedonhaku-maantiede\/wp-content\/uploads\/sites\/53\/2018\/11\/kartta.png\" alt=\"Kartta kuvaa eri v\u00e4rein maiden ja maanosien julkaisuvoluumia. \" class=\"wp-image-423\" srcset=\"https:\/\/blogs.uef.fi\/tiedonhaku-maantiede\/wp-content\/uploads\/sites\/53\/2018\/11\/kartta.png 1638w, https:\/\/blogs.uef.fi\/tiedonhaku-maantiede\/wp-content\/uploads\/sites\/53\/2018\/11\/kartta-300x149.png 300w, https:\/\/blogs.uef.fi\/tiedonhaku-maantiede\/wp-content\/uploads\/sites\/53\/2018\/11\/kartta-768x383.png 768w, https:\/\/blogs.uef.fi\/tiedonhaku-maantiede\/wp-content\/uploads\/sites\/53\/2018\/11\/kartta-1024x510.png 1024w, https:\/\/blogs.uef.fi\/tiedonhaku-maantiede\/wp-content\/uploads\/sites\/53\/2018\/11\/kartta-763x380.png 763w\" sizes=\"auto, (max-width: 1638px) 100vw, 1638px\" \/><\/a><figcaption class=\"wp-element-caption\">Klikkaa kuvaa: Science Papers Published 2016 (worldmapper.org)<\/figcaption><\/figure>\n\n\n\n<h3 class=\"wp-block-heading\">&nbsp;<\/h3>\n\n\n\n<h2 class=\"wp-block-heading\">Yhteiskuntatieteet ja geotieteet <strong><br><\/strong><\/h2>\n\n\n\n<p>Incites Journal Citation Reports -tietokannan mukaan vuonna 2017 julkaistiin maailmalla 4604 artikkelia 84 maantieteen lehdess\u00e4 ja 6251 artikkelia 49 luonnonmaantieteen lehdess\u00e4. Luvussa ovat mukana vain kaikkein tieteellisimm\u00e4t lehdet.<\/p>\n\n\n\n<p>Yhteiskuntamaantieteen julkaisut (281 kpl) kattoivat n. 0,7% kaikista suomalaisten yliopistojen julkaisuista vuonna 2018. (l\u00e4hde: OKM:n tilastotietokanta <a href=\"https:\/\/vipunen.fi\/fi-fi\/_layouts\/15\/xlviewer.aspx?id=\/fi-fi\/Raportit\/Yliopistokoulutus%20-%20julkaisut%20-%20tieteenala.xlsb\" target=\"_blank\" rel=\"noopener noreferrer\">Vipunen;<\/a> linkki aukeaa uuteen ikkunaan)<\/p>\n","protected":false},"excerpt":{"rendered":"<p>Eri tieteenaloilla on omat perinteens\u00e4 tavassa julkaista tutkimusty\u00f6n tulokset. Luonnon- ja l\u00e4\u00e4ketieteet edustavat kaikista aloista yht\u00e4 \u00e4\u00e4rip\u00e4\u00e4t\u00e4, jossa tutkimukset pyrit\u00e4\u00e4n julkaisemaan lehtiartikkeleina ja kansainv\u00e4lisesti. Kansainv\u00e4linen julkaiseminen on luontevaa, koska aiheetkin ovat universaaleja (linkki aukeaa uuteen ikkunaan). Humanistisilla tieteenaloilla taas perinteiset kirjat \u2013 mit\u00e4 paksumpi sen parempi- sek\u00e4 kotimainen julkaisukanava ovat tavallisempia. Yhteiskuntatieteet ja tekniikka ovat [&hellip;]<\/p>\n","protected":false},"author":127,"featured_media":0,"parent":0,"menu_order":0,"comment_status":"closed","ping_status":"closed","template":"","meta":{"_acf_changed":false,"footnotes":""},"class_list":["post-15","page","type-page","status-publish","hentry"],"acf":[],"yoast_head":"<!-- This site is optimized with the Yoast SEO plugin v27.1.1 - https:\/\/yoast.com\/product\/yoast-seo-wordpress\/ -->\n<title>Tieteelliset julkaisut eri aloilla - Maantieteen ja ymp\u00e4rist\u00f6politiikan tiedonhaku<\/title>\n<meta name=\"robots\" content=\"index, follow, max-snippet:-1, max-image-preview:large, max-video-preview:-1\" \/>\n<link rel=\"canonical\" href=\"https:\/\/blogs.uef.fi\/tiedonhaku-maantiede\/tieteelliset-julkaisut-eri-aloilla\/\" \/>\n<meta property=\"og:locale\" content=\"fi_FI\" \/>\n<meta property=\"og:type\" content=\"article\" \/>\n<meta property=\"og:title\" content=\"Tieteelliset julkaisut eri aloilla - Maantieteen ja ymp\u00e4rist\u00f6politiikan tiedonhaku\" \/>\n<meta property=\"og:description\" content=\"Eri tieteenaloilla on omat perinteens\u00e4 tavassa julkaista tutkimusty\u00f6n tulokset. Luonnon- ja l\u00e4\u00e4ketieteet edustavat kaikista aloista yht\u00e4 \u00e4\u00e4rip\u00e4\u00e4t\u00e4, jossa tutkimukset pyrit\u00e4\u00e4n julkaisemaan lehtiartikkeleina ja kansainv\u00e4lisesti. Kansainv\u00e4linen julkaiseminen on luontevaa, koska aiheetkin ovat universaaleja (linkki aukeaa uuteen ikkunaan). Humanistisilla tieteenaloilla taas perinteiset kirjat \u2013 mit\u00e4 paksumpi sen parempi- sek\u00e4 kotimainen julkaisukanava ovat tavallisempia. Yhteiskuntatieteet ja tekniikka ovat [&hellip;]\" \/>\n<meta property=\"og:url\" content=\"https:\/\/blogs.uef.fi\/tiedonhaku-maantiede\/tieteelliset-julkaisut-eri-aloilla\/\" \/>\n<meta property=\"og:site_name\" content=\"Maantieteen ja ymp\u00e4rist\u00f6politiikan tiedonhaku\" \/>\n<meta property=\"article:modified_time\" content=\"2023-06-27T08:04:25+00:00\" \/>\n<meta property=\"og:image\" content=\"https:\/\/ueflibraryfys.files.wordpress.com\/2015\/07\/leipa.png?w=225&amp;h=150\" \/>\n<meta name=\"twitter:card\" content=\"summary_large_image\" \/>\n<meta name=\"twitter:label1\" content=\"Arvioitu lukuaika\" \/>\n\t<meta name=\"twitter:data1\" content=\"3 minuuttia\" \/>\n<script type=\"application\/ld+json\" class=\"yoast-schema-graph\">{\"@context\":\"https:\/\/schema.org\",\"@graph\":[{\"@type\":\"WebPage\",\"@id\":\"https:\/\/blogs.uef.fi\/tiedonhaku-maantiede\/tieteelliset-julkaisut-eri-aloilla\/\",\"url\":\"https:\/\/blogs.uef.fi\/tiedonhaku-maantiede\/tieteelliset-julkaisut-eri-aloilla\/\",\"name\":\"Tieteelliset julkaisut eri aloilla - Maantieteen ja ymp\u00e4rist\u00f6politiikan tiedonhaku\",\"isPartOf\":{\"@id\":\"https:\/\/blogs.uef.fi\/tiedonhaku-maantiede\/#website\"},\"primaryImageOfPage\":{\"@id\":\"https:\/\/blogs.uef.fi\/tiedonhaku-maantiede\/tieteelliset-julkaisut-eri-aloilla\/#primaryimage\"},\"image\":{\"@id\":\"https:\/\/blogs.uef.fi\/tiedonhaku-maantiede\/tieteelliset-julkaisut-eri-aloilla\/#primaryimage\"},\"thumbnailUrl\":\"https:\/\/ueflibraryfys.files.wordpress.com\/2015\/07\/leipa.png?w=225&amp;h=150\",\"datePublished\":\"2015-11-11T06:28:56+00:00\",\"dateModified\":\"2023-06-27T08:04:25+00:00\",\"breadcrumb\":{\"@id\":\"https:\/\/blogs.uef.fi\/tiedonhaku-maantiede\/tieteelliset-julkaisut-eri-aloilla\/#breadcrumb\"},\"inLanguage\":\"fi\",\"potentialAction\":[{\"@type\":\"ReadAction\",\"target\":[\"https:\/\/blogs.uef.fi\/tiedonhaku-maantiede\/tieteelliset-julkaisut-eri-aloilla\/\"]}]},{\"@type\":\"ImageObject\",\"inLanguage\":\"fi\",\"@id\":\"https:\/\/blogs.uef.fi\/tiedonhaku-maantiede\/tieteelliset-julkaisut-eri-aloilla\/#primaryimage\",\"url\":\"https:\/\/ueflibraryfys.files.wordpress.com\/2015\/07\/leipa.png?w=225&amp;h=150\",\"contentUrl\":\"https:\/\/ueflibraryfys.files.wordpress.com\/2015\/07\/leipa.png?w=225&amp;h=150\"},{\"@type\":\"BreadcrumbList\",\"@id\":\"https:\/\/blogs.uef.fi\/tiedonhaku-maantiede\/tieteelliset-julkaisut-eri-aloilla\/#breadcrumb\",\"itemListElement\":[{\"@type\":\"ListItem\",\"position\":1,\"name\":\"Home\",\"item\":\"https:\/\/blogs.uef.fi\/tiedonhaku-maantiede\/\"},{\"@type\":\"ListItem\",\"position\":2,\"name\":\"Tieteelliset julkaisut eri aloilla\"}]},{\"@type\":\"WebSite\",\"@id\":\"https:\/\/blogs.uef.fi\/tiedonhaku-maantiede\/#website\",\"url\":\"https:\/\/blogs.uef.fi\/tiedonhaku-maantiede\/\",\"name\":\"Maantieteen ja ymp\u00e4rist\u00f6politiikan tiedonhaku\",\"description\":\"\",\"potentialAction\":[{\"@type\":\"SearchAction\",\"target\":{\"@type\":\"EntryPoint\",\"urlTemplate\":\"https:\/\/blogs.uef.fi\/tiedonhaku-maantiede\/?s={search_term_string}\"},\"query-input\":{\"@type\":\"PropertyValueSpecification\",\"valueRequired\":true,\"valueName\":\"search_term_string\"}}],\"inLanguage\":\"fi\"}]}<\/script>\n<!-- \/ Yoast SEO plugin. -->","yoast_head_json":{"title":"Tieteelliset julkaisut eri aloilla - Maantieteen ja ymp\u00e4rist\u00f6politiikan tiedonhaku","robots":{"index":"index","follow":"follow","max-snippet":"max-snippet:-1","max-image-preview":"max-image-preview:large","max-video-preview":"max-video-preview:-1"},"canonical":"https:\/\/blogs.uef.fi\/tiedonhaku-maantiede\/tieteelliset-julkaisut-eri-aloilla\/","og_locale":"fi_FI","og_type":"article","og_title":"Tieteelliset julkaisut eri aloilla - Maantieteen ja ymp\u00e4rist\u00f6politiikan tiedonhaku","og_description":"Eri tieteenaloilla on omat perinteens\u00e4 tavassa julkaista tutkimusty\u00f6n tulokset. Luonnon- ja l\u00e4\u00e4ketieteet edustavat kaikista aloista yht\u00e4 \u00e4\u00e4rip\u00e4\u00e4t\u00e4, jossa tutkimukset pyrit\u00e4\u00e4n julkaisemaan lehtiartikkeleina ja kansainv\u00e4lisesti. Kansainv\u00e4linen julkaiseminen on luontevaa, koska aiheetkin ovat universaaleja (linkki aukeaa uuteen ikkunaan). Humanistisilla tieteenaloilla taas perinteiset kirjat \u2013 mit\u00e4 paksumpi sen parempi- sek\u00e4 kotimainen julkaisukanava ovat tavallisempia. Yhteiskuntatieteet ja tekniikka ovat [&hellip;]","og_url":"https:\/\/blogs.uef.fi\/tiedonhaku-maantiede\/tieteelliset-julkaisut-eri-aloilla\/","og_site_name":"Maantieteen ja ymp\u00e4rist\u00f6politiikan tiedonhaku","article_modified_time":"2023-06-27T08:04:25+00:00","og_image":[{"url":"https:\/\/ueflibraryfys.files.wordpress.com\/2015\/07\/leipa.png?w=225&amp;h=150","type":"","width":"","height":""}],"twitter_card":"summary_large_image","twitter_misc":{"Arvioitu lukuaika":"3 minuuttia"},"schema":{"@context":"https:\/\/schema.org","@graph":[{"@type":"WebPage","@id":"https:\/\/blogs.uef.fi\/tiedonhaku-maantiede\/tieteelliset-julkaisut-eri-aloilla\/","url":"https:\/\/blogs.uef.fi\/tiedonhaku-maantiede\/tieteelliset-julkaisut-eri-aloilla\/","name":"Tieteelliset julkaisut eri aloilla - Maantieteen ja ymp\u00e4rist\u00f6politiikan tiedonhaku","isPartOf":{"@id":"https:\/\/blogs.uef.fi\/tiedonhaku-maantiede\/#website"},"primaryImageOfPage":{"@id":"https:\/\/blogs.uef.fi\/tiedonhaku-maantiede\/tieteelliset-julkaisut-eri-aloilla\/#primaryimage"},"image":{"@id":"https:\/\/blogs.uef.fi\/tiedonhaku-maantiede\/tieteelliset-julkaisut-eri-aloilla\/#primaryimage"},"thumbnailUrl":"https:\/\/ueflibraryfys.files.wordpress.com\/2015\/07\/leipa.png?w=225&amp;h=150","datePublished":"2015-11-11T06:28:56+00:00","dateModified":"2023-06-27T08:04:25+00:00","breadcrumb":{"@id":"https:\/\/blogs.uef.fi\/tiedonhaku-maantiede\/tieteelliset-julkaisut-eri-aloilla\/#breadcrumb"},"inLanguage":"fi","potentialAction":[{"@type":"ReadAction","target":["https:\/\/blogs.uef.fi\/tiedonhaku-maantiede\/tieteelliset-julkaisut-eri-aloilla\/"]}]},{"@type":"ImageObject","inLanguage":"fi","@id":"https:\/\/blogs.uef.fi\/tiedonhaku-maantiede\/tieteelliset-julkaisut-eri-aloilla\/#primaryimage","url":"https:\/\/ueflibraryfys.files.wordpress.com\/2015\/07\/leipa.png?w=225&amp;h=150","contentUrl":"https:\/\/ueflibraryfys.files.wordpress.com\/2015\/07\/leipa.png?w=225&amp;h=150"},{"@type":"BreadcrumbList","@id":"https:\/\/blogs.uef.fi\/tiedonhaku-maantiede\/tieteelliset-julkaisut-eri-aloilla\/#breadcrumb","itemListElement":[{"@type":"ListItem","position":1,"name":"Home","item":"https:\/\/blogs.uef.fi\/tiedonhaku-maantiede\/"},{"@type":"ListItem","position":2,"name":"Tieteelliset julkaisut eri aloilla"}]},{"@type":"WebSite","@id":"https:\/\/blogs.uef.fi\/tiedonhaku-maantiede\/#website","url":"https:\/\/blogs.uef.fi\/tiedonhaku-maantiede\/","name":"Maantieteen ja ymp\u00e4rist\u00f6politiikan tiedonhaku","description":"","potentialAction":[{"@type":"SearchAction","target":{"@type":"EntryPoint","urlTemplate":"https:\/\/blogs.uef.fi\/tiedonhaku-maantiede\/?s={search_term_string}"},"query-input":{"@type":"PropertyValueSpecification","valueRequired":true,"valueName":"search_term_string"}}],"inLanguage":"fi"}]}},"_links":{"self":[{"href":"https:\/\/blogs.uef.fi\/tiedonhaku-maantiede\/wp-json\/wp\/v2\/pages\/15","targetHints":{"allow":["GET"]}}],"collection":[{"href":"https:\/\/blogs.uef.fi\/tiedonhaku-maantiede\/wp-json\/wp\/v2\/pages"}],"about":[{"href":"https:\/\/blogs.uef.fi\/tiedonhaku-maantiede\/wp-json\/wp\/v2\/types\/page"}],"author":[{"embeddable":true,"href":"https:\/\/blogs.uef.fi\/tiedonhaku-maantiede\/wp-json\/wp\/v2\/users\/127"}],"replies":[{"embeddable":true,"href":"https:\/\/blogs.uef.fi\/tiedonhaku-maantiede\/wp-json\/wp\/v2\/comments?post=15"}],"version-history":[{"count":2,"href":"https:\/\/blogs.uef.fi\/tiedonhaku-maantiede\/wp-json\/wp\/v2\/pages\/15\/revisions"}],"predecessor-version":[{"id":1970,"href":"https:\/\/blogs.uef.fi\/tiedonhaku-maantiede\/wp-json\/wp\/v2\/pages\/15\/revisions\/1970"}],"wp:attachment":[{"href":"https:\/\/blogs.uef.fi\/tiedonhaku-maantiede\/wp-json\/wp\/v2\/media?parent=15"}],"curies":[{"name":"wp","href":"https:\/\/api.w.org\/{rel}","templated":true}]}}