{"id":144,"date":"2015-11-11T13:35:01","date_gmt":"2015-11-11T13:35:01","guid":{"rendered":"https:\/\/ueflibrarygeo.wordpress.com\/?page_id=144"},"modified":"2020-11-04T11:56:00","modified_gmt":"2020-11-04T09:56:00","slug":"maantieteen-ja-ymparistopolitiikan-tiedonlahteita","status":"publish","type":"page","link":"https:\/\/blogs.uef.fi\/tiedonhaku-maantiede\/maantieteen-ja-ymparistopolitiikan-tiedonlahteita\/","title":{"rendered":"Maantieteen ja ymp\u00e4rist\u00f6politiikan tiedonl\u00e4hteit\u00e4"},"content":{"rendered":"<h1>Maantieteen ja ymp\u00e4rist\u00f6politiikan tiedonl\u00e4hteit\u00e4<\/h1>\n<p>&nbsp;<\/p>\n<p>Kun puhutaan hakupalveluista, jotka ovat erikoistuneet <strong>v\u00e4litt\u00e4m\u00e4\u00e4n tietoa tieteellisist\u00e4 julkaisuista,<\/strong> puhutaan yleisimmin <strong>kirjallisuustietokannoista<\/strong> kuin hakukoneista. Tietokantaan on tallennettu joko tieto julkaisun olemassa olosta (<strong>viite<\/strong>tietokanta) tai itse julkaisu (<strong>kokoteksti<\/strong>tietokanta).<\/p>\n<p><strong>Hakuohjeita<\/strong> n\u00e4ihin tietokantoihin on kurssin seuraavissa luvuissa, Artikkelien haku jne.<\/p>\n<p>&nbsp;<\/p>\n<h2>Maantieteen ja ymp\u00e4rist\u00f6politiikan tietokannat<\/h2>\n<p>Maantieteelle ja ymp\u00e4rist\u00f6politiikalle ei ole olemassa yht\u00e4 ainoaa oikeaa tietokantaa, josta l\u00f6ytyisi kattavasti kaikki tarpeellinen; ei edes yht\u00e4, joka olisi selv\u00e4sti parempi kuin muut.<\/p>\n<hr \/>\n<h3>Kansainv\u00e4liset lehtiartikkelit<\/h3>\n<p><strong>VIITETIETOKANNAT ovat kattavimpia tiedonl\u00e4hteit\u00e4 olemassa olevaan tutkimuskirjallisuuteen, erityisesti artikkeleihin.<\/strong><\/p>\n<p>Ne sis\u00e4lt\u00e4v\u00e4t tietoa siit\u00e4, mit\u00e4 ylip\u00e4\u00e4ns\u00e4 maailmalla on julkaistu. Tiedot ovat kattavat eri maita ja kustantajia. Itse artikkeleita ne eiv\u00e4t v\u00e4ltt\u00e4m\u00e4tt\u00e4 sis\u00e4ll\u00e4. Apua artikkelin j\u00e4ljitt\u00e4miseen tarjotaan.<\/p>\n<p>Viitteit\u00e4 haetaan artikkelin otsikon, asiasanojen ja tiivistelmien perusteella.<\/p>\n<p>Viitetietokantoja on kahdenlaisia: <strong>monitieteiset<\/strong> (Web of Science, Scopus ja ProQuest) sek\u00e4 <strong>alakohtaisia.<\/strong><\/p>\n<p>Viitetietokantoja:<\/p>\n<ul>\n<li><a href=\"https:\/\/primo.uef.fi\/permalink\/358FIN_UOEF\/1jnohnf\/alma9911700183705966\" target=\"_blank\" rel=\"noopener noreferrer\">Scopus<\/a> (linkki aukeaa uuteen ikkunaan)<\/li>\n<li><a href=\"https:\/\/primo.uef.fi\/permalink\/358FIN_UOEF\/1jnohnf\/alma9911699123705966\" target=\"_blank\" rel=\"noopener noreferrer\">Web of Science<\/a> (linkki aukeaa uuteen ikkunaan)<\/li>\n<li><a href=\"https:\/\/primo.uef.fi\/permalink\/358FIN_UOEF\/1jnohnf\/alma9911699233705966\" target=\"_blank\" rel=\"noopener noreferrer\">ProQuest<\/a> (sis\u00e4lt\u00e4\u00e4 34 alakohtaista tietokantaa); (linkki aukeaa uuteen ikkunaan)<\/li>\n<li><a href=\"https:\/\/primo.uef.fi\/permalink\/358FIN_UOEF\/1jnohnf\/alma9911699273705966\" target=\"_blank\" rel=\"noopener noreferrer\">CAB Abstracts<\/a> (maatalous- ja mets\u00e4tieteet, ymp\u00e4rist\u00f6tiede, matkailu); (linkki aukeaa uuteen ikkunaan)<\/li>\n<\/ul>\n<p>Kasvatusalan tietokanta (my\u00f6s maantiedon opetus ym.)<\/p>\n<ul>\n<li><a href=\"https:\/\/primo.uef.fi\/permalink\/358FIN_UOEF\/1jnohnf\/alma9911698553705966\" target=\"_blank\" rel=\"noopener noreferrer\">Eric\u00a0<\/a> (osa ProQuestia); (linkki aukeaa uuteen ikkunaan)<\/li>\n<\/ul>\n<p><strong>KOKOTEKSTITIETOKANNAT sis\u00e4lt\u00e4v\u00e4t yleens\u00e4 vain yhden kustantajan lehti\u00e4.<\/strong><\/p>\n<p>Artikkelit ovat tietokannassa kokonaisuudessaan luettavissa ja hakua voi tehd\u00e4 my\u00f6s artikkelin koko tekstin sis\u00e4lt\u00e4.<\/p>\n<p><strong>Yksitt\u00e4isten kustantajien lehtitietokantoja:<\/strong><\/p>\n<ul>\n<li><a href=\"https:\/\/primo.uef.fi\/permalink\/358FIN_UOEF\/1jnohnf\/alma9911699603705966\" target=\"_blank\" rel=\"noopener noreferrer\">ScienceDirec<\/a>t (Elsevier); (linkki aukeaa uuteen ikkunaan)<\/li>\n<li><a href=\"https:\/\/primo.uef.fi\/permalink\/358FIN_UOEF\/1jnohnf\/alma9911699563705966\" target=\"_blank\" rel=\"noopener noreferrer\">SpringerLink<\/a> (linkki aukeaa uuteen ikkunaan)<\/li>\n<li><a href=\"https:\/\/primo.uef.fi\/permalink\/358FIN_UOEF\/1jnohnf\/alma9911700613705966\" target=\"_blank\" rel=\"noopener noreferrer\">Taylor&amp;Francis Online<\/a> (linkki aukeaa uuteen ikkunaan)<\/li>\n<li><a href=\"https:\/\/primo.uef.fi\/permalink\/358FIN_UOEF\/1jnohnf\/alma9911699573705966\" target=\"_blank\" rel=\"noopener noreferrer\">Wiley Online Library<\/a> (linkki aukeaa uuteen ikkunaan)<\/li>\n<\/ul>\n<p><strong>Kokotekstiartikkeleita usealta kustantajalta, ei uusimpia vuosia yleens\u00e4:<\/strong><\/p>\n<ul>\n<li><a href=\"https:\/\/primo.uef.fi\/permalink\/358FIN_UOEF\/1jnohnf\/alma9911697933705966\" target=\"_blank\" rel=\"noopener noreferrer\">Academic Search Premier (Ebsco)<\/a> (linkki aukeaa uuteen ikkunaan)<\/li>\n<\/ul>\n<hr \/>\n<h3>Kotimaiset lehtiartikkelit (viitetietoja)<strong><br \/>\n<\/strong><\/h3>\n<ul>\n<li>Kansallinen <a href=\"http:\/\/finna.fi\" target=\"_blank\" rel=\"noopener noreferrer\">Finna<\/a> (linkki aukeaa uuteen ikkunaan)<\/li>\n<\/ul>\n<hr \/>\n<h3>Kirjat<\/h3>\n<ul>\n<li><a href=\"https:\/\/primo.uef.fi\" target=\"_blank\" rel=\"noopener noreferrer\">UEF-Primo<\/a>, kirjaston kokoelmat (linkki aukeaa uuteen ikkunaan)<\/li>\n<li>Kansallinen <a href=\"http:\/\/finna.fi\" target=\"_blank\" rel=\"noopener noreferrer\">Finna<\/a> (linkki aukeaa uuteen ikkunaan)<\/li>\n<\/ul>\n<p><strong>E-KIRJOILLE<\/strong> on my\u00f6s omat hakupalvelut:<\/p>\n<ul>\n<li><a href=\"https:\/\/primo.uef.fi\/permalink\/358FIN_UOEF\/1jnohnf\/alma9911701123705966\" target=\"_blank\" rel=\"noopener noreferrer\">Ebsco eBook Collection<\/a> (linkki aukeaa uuteen ikkunaan)<\/li>\n<li><a href=\"https:\/\/primo.uef.fi\/permalink\/358FIN_UOEF\/1jnohnf\/alma9911697663705966\" target=\"_blank\" rel=\"noopener noreferrer\">Ebook Central<\/a> (linkki aukeaa uuteen ikkunaan)<\/li>\n<\/ul>\n<hr \/>\n<h3>V\u00e4it\u00f6skirjat ja opinn\u00e4ytteet<\/h3>\n<ul>\n<li>Kansallinen <a href=\"https:\/\/finna.fi\/\" target=\"_blank\" rel=\"noopener noreferrer\">Finna<\/a> (rajaa hakuun vain opinn\u00e4ytteet); (linkki aukeaa uuteen ikkunaan)<\/li>\n<li><a href=\"https:\/\/v2.sherpa.ac.uk\/view\/repository_by_country\/Finland.html\" target=\"_blank\" rel=\"noopener noreferrer\">Kotimaiset julkaisuarkistot<\/a> (OpenDOAR-palvelusta); (linkki aukeaa uuteen ikkunaan)<\/li>\n<\/ul>\n<p>&nbsp;<\/p>\n","protected":false},"excerpt":{"rendered":"<p>Maantieteen ja ymp\u00e4rist\u00f6politiikan tiedonl\u00e4hteit\u00e4 &nbsp; Kun puhutaan hakupalveluista, jotka ovat erikoistuneet v\u00e4litt\u00e4m\u00e4\u00e4n tietoa tieteellisist\u00e4 julkaisuista, puhutaan yleisimmin kirjallisuustietokannoista kuin hakukoneista. Tietokantaan on tallennettu joko tieto julkaisun olemassa olosta (viitetietokanta) tai itse julkaisu (kokotekstitietokanta). Hakuohjeita n\u00e4ihin tietokantoihin on kurssin seuraavissa luvuissa, Artikkelien haku jne. &nbsp; Maantieteen ja ymp\u00e4rist\u00f6politiikan tietokannat Maantieteelle ja ymp\u00e4rist\u00f6politiikalle ei ole olemassa yht\u00e4 [&hellip;]<\/p>\n","protected":false},"author":127,"featured_media":0,"parent":0,"menu_order":0,"comment_status":"closed","ping_status":"closed","template":"","meta":{"_acf_changed":false,"footnotes":""},"class_list":["post-144","page","type-page","status-publish","hentry"],"acf":[],"yoast_head":"<!-- This site is optimized with the Yoast SEO plugin v27.3 - https:\/\/yoast.com\/product\/yoast-seo-wordpress\/ -->\n<title>Maantieteen ja ymp\u00e4rist\u00f6politiikan tiedonl\u00e4hteit\u00e4 - Maantieteen ja ymp\u00e4rist\u00f6politiikan tiedonhaku<\/title>\n<meta name=\"robots\" content=\"index, follow, max-snippet:-1, max-image-preview:large, max-video-preview:-1\" \/>\n<link rel=\"canonical\" href=\"https:\/\/blogs.uef.fi\/tiedonhaku-maantiede\/maantieteen-ja-ymparistopolitiikan-tiedonlahteita\/\" \/>\n<meta property=\"og:locale\" content=\"fi_FI\" \/>\n<meta property=\"og:type\" content=\"article\" \/>\n<meta property=\"og:title\" content=\"Maantieteen ja ymp\u00e4rist\u00f6politiikan tiedonl\u00e4hteit\u00e4 - Maantieteen ja ymp\u00e4rist\u00f6politiikan tiedonhaku\" \/>\n<meta property=\"og:description\" content=\"Maantieteen ja ymp\u00e4rist\u00f6politiikan tiedonl\u00e4hteit\u00e4 &nbsp; Kun puhutaan hakupalveluista, jotka ovat erikoistuneet v\u00e4litt\u00e4m\u00e4\u00e4n tietoa tieteellisist\u00e4 julkaisuista, puhutaan yleisimmin kirjallisuustietokannoista kuin hakukoneista. Tietokantaan on tallennettu joko tieto julkaisun olemassa olosta (viitetietokanta) tai itse julkaisu (kokotekstitietokanta). Hakuohjeita n\u00e4ihin tietokantoihin on kurssin seuraavissa luvuissa, Artikkelien haku jne. &nbsp; Maantieteen ja ymp\u00e4rist\u00f6politiikan tietokannat Maantieteelle ja ymp\u00e4rist\u00f6politiikalle ei ole olemassa yht\u00e4 [&hellip;]\" \/>\n<meta property=\"og:url\" content=\"https:\/\/blogs.uef.fi\/tiedonhaku-maantiede\/maantieteen-ja-ymparistopolitiikan-tiedonlahteita\/\" \/>\n<meta property=\"og:site_name\" content=\"Maantieteen ja ymp\u00e4rist\u00f6politiikan tiedonhaku\" \/>\n<meta property=\"article:modified_time\" content=\"2020-11-04T09:56:00+00:00\" \/>\n<meta name=\"twitter:card\" content=\"summary_large_image\" \/>\n<meta name=\"twitter:label1\" content=\"Arvioitu lukuaika\" \/>\n\t<meta name=\"twitter:data1\" content=\"2 minuuttia\" \/>\n<script type=\"application\/ld+json\" class=\"yoast-schema-graph\">{\"@context\":\"https:\\\/\\\/schema.org\",\"@graph\":[{\"@type\":\"WebPage\",\"@id\":\"https:\\\/\\\/blogs.uef.fi\\\/tiedonhaku-maantiede\\\/maantieteen-ja-ymparistopolitiikan-tiedonlahteita\\\/\",\"url\":\"https:\\\/\\\/blogs.uef.fi\\\/tiedonhaku-maantiede\\\/maantieteen-ja-ymparistopolitiikan-tiedonlahteita\\\/\",\"name\":\"Maantieteen ja ymp\u00e4rist\u00f6politiikan tiedonl\u00e4hteit\u00e4 - Maantieteen ja ymp\u00e4rist\u00f6politiikan tiedonhaku\",\"isPartOf\":{\"@id\":\"https:\\\/\\\/blogs.uef.fi\\\/tiedonhaku-maantiede\\\/#website\"},\"datePublished\":\"2015-11-11T13:35:01+00:00\",\"dateModified\":\"2020-11-04T09:56:00+00:00\",\"breadcrumb\":{\"@id\":\"https:\\\/\\\/blogs.uef.fi\\\/tiedonhaku-maantiede\\\/maantieteen-ja-ymparistopolitiikan-tiedonlahteita\\\/#breadcrumb\"},\"inLanguage\":\"fi\",\"potentialAction\":[{\"@type\":\"ReadAction\",\"target\":[\"https:\\\/\\\/blogs.uef.fi\\\/tiedonhaku-maantiede\\\/maantieteen-ja-ymparistopolitiikan-tiedonlahteita\\\/\"]}]},{\"@type\":\"BreadcrumbList\",\"@id\":\"https:\\\/\\\/blogs.uef.fi\\\/tiedonhaku-maantiede\\\/maantieteen-ja-ymparistopolitiikan-tiedonlahteita\\\/#breadcrumb\",\"itemListElement\":[{\"@type\":\"ListItem\",\"position\":1,\"name\":\"Home\",\"item\":\"https:\\\/\\\/blogs.uef.fi\\\/tiedonhaku-maantiede\\\/\"},{\"@type\":\"ListItem\",\"position\":2,\"name\":\"Maantieteen ja ymp\u00e4rist\u00f6politiikan tiedonl\u00e4hteit\u00e4\"}]},{\"@type\":\"WebSite\",\"@id\":\"https:\\\/\\\/blogs.uef.fi\\\/tiedonhaku-maantiede\\\/#website\",\"url\":\"https:\\\/\\\/blogs.uef.fi\\\/tiedonhaku-maantiede\\\/\",\"name\":\"Maantieteen ja ymp\u00e4rist\u00f6politiikan tiedonhaku\",\"description\":\"\",\"potentialAction\":[{\"@type\":\"SearchAction\",\"target\":{\"@type\":\"EntryPoint\",\"urlTemplate\":\"https:\\\/\\\/blogs.uef.fi\\\/tiedonhaku-maantiede\\\/?s={search_term_string}\"},\"query-input\":{\"@type\":\"PropertyValueSpecification\",\"valueRequired\":true,\"valueName\":\"search_term_string\"}}],\"inLanguage\":\"fi\"}]}<\/script>\n<!-- \/ Yoast SEO plugin. -->","yoast_head_json":{"title":"Maantieteen ja ymp\u00e4rist\u00f6politiikan tiedonl\u00e4hteit\u00e4 - Maantieteen ja ymp\u00e4rist\u00f6politiikan tiedonhaku","robots":{"index":"index","follow":"follow","max-snippet":"max-snippet:-1","max-image-preview":"max-image-preview:large","max-video-preview":"max-video-preview:-1"},"canonical":"https:\/\/blogs.uef.fi\/tiedonhaku-maantiede\/maantieteen-ja-ymparistopolitiikan-tiedonlahteita\/","og_locale":"fi_FI","og_type":"article","og_title":"Maantieteen ja ymp\u00e4rist\u00f6politiikan tiedonl\u00e4hteit\u00e4 - Maantieteen ja ymp\u00e4rist\u00f6politiikan tiedonhaku","og_description":"Maantieteen ja ymp\u00e4rist\u00f6politiikan tiedonl\u00e4hteit\u00e4 &nbsp; Kun puhutaan hakupalveluista, jotka ovat erikoistuneet v\u00e4litt\u00e4m\u00e4\u00e4n tietoa tieteellisist\u00e4 julkaisuista, puhutaan yleisimmin kirjallisuustietokannoista kuin hakukoneista. Tietokantaan on tallennettu joko tieto julkaisun olemassa olosta (viitetietokanta) tai itse julkaisu (kokotekstitietokanta). Hakuohjeita n\u00e4ihin tietokantoihin on kurssin seuraavissa luvuissa, Artikkelien haku jne. &nbsp; Maantieteen ja ymp\u00e4rist\u00f6politiikan tietokannat Maantieteelle ja ymp\u00e4rist\u00f6politiikalle ei ole olemassa yht\u00e4 [&hellip;]","og_url":"https:\/\/blogs.uef.fi\/tiedonhaku-maantiede\/maantieteen-ja-ymparistopolitiikan-tiedonlahteita\/","og_site_name":"Maantieteen ja ymp\u00e4rist\u00f6politiikan tiedonhaku","article_modified_time":"2020-11-04T09:56:00+00:00","twitter_card":"summary_large_image","twitter_misc":{"Arvioitu lukuaika":"2 minuuttia"},"schema":{"@context":"https:\/\/schema.org","@graph":[{"@type":"WebPage","@id":"https:\/\/blogs.uef.fi\/tiedonhaku-maantiede\/maantieteen-ja-ymparistopolitiikan-tiedonlahteita\/","url":"https:\/\/blogs.uef.fi\/tiedonhaku-maantiede\/maantieteen-ja-ymparistopolitiikan-tiedonlahteita\/","name":"Maantieteen ja ymp\u00e4rist\u00f6politiikan tiedonl\u00e4hteit\u00e4 - Maantieteen ja ymp\u00e4rist\u00f6politiikan tiedonhaku","isPartOf":{"@id":"https:\/\/blogs.uef.fi\/tiedonhaku-maantiede\/#website"},"datePublished":"2015-11-11T13:35:01+00:00","dateModified":"2020-11-04T09:56:00+00:00","breadcrumb":{"@id":"https:\/\/blogs.uef.fi\/tiedonhaku-maantiede\/maantieteen-ja-ymparistopolitiikan-tiedonlahteita\/#breadcrumb"},"inLanguage":"fi","potentialAction":[{"@type":"ReadAction","target":["https:\/\/blogs.uef.fi\/tiedonhaku-maantiede\/maantieteen-ja-ymparistopolitiikan-tiedonlahteita\/"]}]},{"@type":"BreadcrumbList","@id":"https:\/\/blogs.uef.fi\/tiedonhaku-maantiede\/maantieteen-ja-ymparistopolitiikan-tiedonlahteita\/#breadcrumb","itemListElement":[{"@type":"ListItem","position":1,"name":"Home","item":"https:\/\/blogs.uef.fi\/tiedonhaku-maantiede\/"},{"@type":"ListItem","position":2,"name":"Maantieteen ja ymp\u00e4rist\u00f6politiikan tiedonl\u00e4hteit\u00e4"}]},{"@type":"WebSite","@id":"https:\/\/blogs.uef.fi\/tiedonhaku-maantiede\/#website","url":"https:\/\/blogs.uef.fi\/tiedonhaku-maantiede\/","name":"Maantieteen ja ymp\u00e4rist\u00f6politiikan tiedonhaku","description":"","potentialAction":[{"@type":"SearchAction","target":{"@type":"EntryPoint","urlTemplate":"https:\/\/blogs.uef.fi\/tiedonhaku-maantiede\/?s={search_term_string}"},"query-input":{"@type":"PropertyValueSpecification","valueRequired":true,"valueName":"search_term_string"}}],"inLanguage":"fi"}]}},"_links":{"self":[{"href":"https:\/\/blogs.uef.fi\/tiedonhaku-maantiede\/wp-json\/wp\/v2\/pages\/144","targetHints":{"allow":["GET"]}}],"collection":[{"href":"https:\/\/blogs.uef.fi\/tiedonhaku-maantiede\/wp-json\/wp\/v2\/pages"}],"about":[{"href":"https:\/\/blogs.uef.fi\/tiedonhaku-maantiede\/wp-json\/wp\/v2\/types\/page"}],"author":[{"embeddable":true,"href":"https:\/\/blogs.uef.fi\/tiedonhaku-maantiede\/wp-json\/wp\/v2\/users\/127"}],"replies":[{"embeddable":true,"href":"https:\/\/blogs.uef.fi\/tiedonhaku-maantiede\/wp-json\/wp\/v2\/comments?post=144"}],"version-history":[{"count":4,"href":"https:\/\/blogs.uef.fi\/tiedonhaku-maantiede\/wp-json\/wp\/v2\/pages\/144\/revisions"}],"predecessor-version":[{"id":2029,"href":"https:\/\/blogs.uef.fi\/tiedonhaku-maantiede\/wp-json\/wp\/v2\/pages\/144\/revisions\/2029"}],"wp:attachment":[{"href":"https:\/\/blogs.uef.fi\/tiedonhaku-maantiede\/wp-json\/wp\/v2\/media?parent=144"}],"curies":[{"name":"wp","href":"https:\/\/api.w.org\/{rel}","templated":true}]}}