{"id":142,"date":"2015-11-11T13:29:43","date_gmt":"2015-11-11T13:29:43","guid":{"rendered":"https:\/\/ueflibrarygeo.wordpress.com\/?page_id=142"},"modified":"2020-10-30T10:42:47","modified_gmt":"2020-10-30T08:42:47","slug":"maantieteen-ja-ymparistopolitiikan-kokoelmat-kirjastossa","status":"publish","type":"page","link":"https:\/\/blogs.uef.fi\/tiedonhaku-maantiede\/maantieteen-ja-ymparistopolitiikan-kokoelmat-kirjastossa\/","title":{"rendered":"Maantieteen ja ymp\u00e4rist\u00f6politiikan kokoelmat kirjastossa"},"content":{"rendered":"<h1>Kirjat<\/h1>\n<p>Kirjaston kokoelmat koostuvat <strong>kirjoista ja lehdist\u00e4<\/strong>. Kausijulkaisuista sarjat luetaan kirjoihin kuuluviksi, samoin kokousjulkaisut useimmiten. Julkaisut voivat olla <strong>painettuja tai s\u00e4hk\u00f6isi\u00e4<\/strong>.<\/p>\n<h2>Maantiede<\/h2>\n<p>Maantieteen kirjallisuus on sijoitettu kirjaston kolmanteen kerrokseen, saliin 3B. Kirjoja kokoelmaan kuuluu kaikkiaan noin 4500. Kirjallisuus on jaoteltu seuravasti:<\/p>\n<ul>\n<li>yleismaantiede (P 91)<\/li>\n<li>sarjajulkaisut (P 91s ja P 914.80s)<\/li>\n<li>eri suuralueiden maantiede<br \/>\nP 914 \u2013 Eurooppa;<br \/>\nP 915\/916 \u2013 Aasia ja Afrikka;<br \/>\nP 917\/919 \u2013 Amerikka, Australia, Oseania<\/li>\n<li>Suomen maantieteell\u00e4 on oma hyllyluokka P 914.80<\/li>\n<li>kartoillekin on oma hyllyns\u00e4 P 912<\/li>\n<li>lis\u00e4ksi on pieni kokoelma matkakertomuksia, vanhoja ja uudempia, P 910.4<\/li>\n<\/ul>\n<p>N\u00e4ist\u00e4 eri aiheista l\u00e4hinn\u00e4 yleismaantiede, joka sis\u00e4lt\u00e4\u00e4 sek\u00e4 luonnon- ett\u00e4 yhteiskunnallista maantiedett\u00e4, on sellainen, jota aktiivisesti kartutetaan ja josta l\u00f6ytyy ns. tieteellist\u00e4 aineistoa. \u201dAlueellisten\u201d hyllyjen sis\u00e4lt\u00f6 on osin matkaopas-tasoa.<\/p>\n<h2>Aluesuunnittelu<\/h2>\n<p>Samassa kolmannen kerroksen salissa 3B sijaitsevat Aluesuunnittelun hyllyluokka P 71 sek\u00e4 sarjat P 71s. N\u00e4iss\u00e4 yhteens\u00e4 on n. 2 500 kirjaa. Aluesuunnittelun lis\u00e4ksi hyllyss\u00e4 on mm. maisemasuunnittelua ja puutarha-arkkitehtuuria.<\/p>\n<h2>Ymp\u00e4rist\u00f6politiikka<\/h2>\n<p>Ymp\u00e4rist\u00f6politiikalle ei ole \u201domaa\u201d hyllyluokkaa kirjastossa. Hyvin monet aihetta k\u00e4sittelev\u00e4t kirjat ovat 3B-salin hyllyss\u00e4 P 50 \u2013 Ymp\u00e4rist\u00f6n- ja luonnonsuojelu. Enemm\u00e4n ymp\u00e4rist\u00f6oikeuteen liittyv\u00e4t teokset ovat salissa 2A hyllyss\u00e4 P 34 \u2013 Oikeustiede.<\/p>\n<h2>Geoinformatiikka<\/h2>\n<p>Geoinformatiikkaa l\u00f6ytyy hyllyluokista P 91 sek\u00e4 P 52\u00a0 (T\u00e4htitiede, geodesia &amp; kartoitus). Lis\u00e4ksi soveltavia geoinformatiikan kirjoja on vaikkapa mets\u00e4tieteen hyllyiss\u00e4.<\/p>\n<h2>Oppikirjat<\/h2>\n<p>Koulujen maantiedon oppikirjat ovat salissa 2A, hyllyluokka P Opm 32. Maantieteen opetusta k\u00e4sittelev\u00e4\u00e4 kirjallisuutta on vain v\u00e4h\u00e4n ja sekin sijaitsee hajallaan eri paikoissa.<\/p>\n<p>Monet kirjat ovatkin luonteeltaan sellaisia, ett\u00e4 ne voitaisiin sis\u00e4lt\u00f6ns\u00e4 puolesta sijoittaa useampaan hyllyluokkaan \u2013 valittu hylly on usein makuasia. Siksi pelkk\u00e4 tietyn hyllyn selailu ei tiedonhakijalle riit\u00e4, vaan pit\u00e4\u00e4 k\u00e4ytt\u00e4\u00e4 tietokantaa aiheenmukaiseen hakuun.<\/p>\n<hr \/>\n<h2>E-kirjat<\/h2>\n<p><strong>UEF-Primon kautta<\/strong> p\u00e4\u00e4see k\u00e4siksi my\u00f6s e-kirjakokoelman kirjoihin. Haku onnistuu vain <strong>englanninkielisill\u00e4<\/strong> sanoilla! E-kirjakokoelma ei ole pysyv\u00e4, vaan aika ajoin sinne tulee uusia kirjoja ja toisia poistuu.<\/p>\n<p>E-kirjat l\u00f6ytyv\u00e4t \u201cpaketteina\u201d my\u00f6s UEF-Primon tietokannoista: t\u00e4rkeimm\u00e4t ovat<strong> EbookCentral<\/strong> sek\u00e4 <strong>Ebsco ebook collection<\/strong>.<\/p>\n<hr \/>\n<h2>Lehdet<\/h2>\n<p>Tieteelliset lehdet ovat nykyisin tarjolla <strong>digitaalisena<\/strong>. Verkossa on lehti\u00e4 yleisimmin 90-luvulta alkaen, mutta my\u00f6s vanhempia arkistoja on olemassa. Osa vanhoista lehdist\u00e4 on saatavilla vain painettuna. <strong>Varastokirjasto<\/strong> palvelee erityisesti vanhojen, painettujen aineistojen tarpeessa. Lue lis\u00e4\u00e4 luvusta <a href=\"https:\/\/blogs.uef.fi\/tiedonhaku-maantiede\/saatavuus\/\" target=\"_blank\" rel=\"noopener noreferrer\">Saatavuus<\/a> (linkki aukeaa uuteen ikkunaan).<\/p>\n<p>Huomaa, ett\u00e4 vaikka jotakin lehte\u00e4 olisikin verkossa jo vanhemmalta ajalta, ei yliopistolle v\u00e4ltt\u00e4m\u00e4tt\u00e4 ole hankittu k\u00e4ytt\u00f6oikeuksia kaikkiin vuosikertoihin. Esimerkiksi Science- ja Nature-lehtien verkkoversiot ovat yliopistomme k\u00e4yt\u00f6ss\u00e4 vuosikerrasta 1997 l\u00e4htien.<\/p>\n<p>Kirjastoon tulee edelleen my\u00f6s <strong>painettuja lehti\u00e4<\/strong>. N\u00e4m\u00e4 ovat enimm\u00e4kseen kotimaisia ammatti- ja tieteellisten seurojen lehti\u00e4. Painettujen lehtien hyllyluokka on P J 91.<\/p>\n<p>&nbsp;<\/p>\n","protected":false},"excerpt":{"rendered":"<p>Kirjat Kirjaston kokoelmat koostuvat kirjoista ja lehdist\u00e4. Kausijulkaisuista sarjat luetaan kirjoihin kuuluviksi, samoin kokousjulkaisut useimmiten. Julkaisut voivat olla painettuja tai s\u00e4hk\u00f6isi\u00e4. Maantiede Maantieteen kirjallisuus on sijoitettu kirjaston kolmanteen kerrokseen, saliin 3B. Kirjoja kokoelmaan kuuluu kaikkiaan noin 4500. Kirjallisuus on jaoteltu seuravasti: yleismaantiede (P 91) sarjajulkaisut (P 91s ja P 914.80s) eri suuralueiden maantiede P 914 [&hellip;]<\/p>\n","protected":false},"author":127,"featured_media":0,"parent":0,"menu_order":0,"comment_status":"closed","ping_status":"closed","template":"","meta":{"_acf_changed":false,"footnotes":""},"class_list":["post-142","page","type-page","status-publish","hentry"],"acf":[],"yoast_head":"<!-- This site is optimized with the Yoast SEO plugin v27.1.1 - https:\/\/yoast.com\/product\/yoast-seo-wordpress\/ -->\n<title>Maantieteen ja ymp\u00e4rist\u00f6politiikan kokoelmat kirjastossa - Maantieteen ja ymp\u00e4rist\u00f6politiikan tiedonhaku<\/title>\n<meta name=\"robots\" content=\"index, follow, max-snippet:-1, max-image-preview:large, max-video-preview:-1\" \/>\n<link rel=\"canonical\" href=\"https:\/\/blogs.uef.fi\/tiedonhaku-maantiede\/maantieteen-ja-ymparistopolitiikan-kokoelmat-kirjastossa\/\" \/>\n<meta property=\"og:locale\" content=\"fi_FI\" \/>\n<meta property=\"og:type\" content=\"article\" \/>\n<meta property=\"og:title\" content=\"Maantieteen ja ymp\u00e4rist\u00f6politiikan kokoelmat kirjastossa - Maantieteen ja ymp\u00e4rist\u00f6politiikan tiedonhaku\" \/>\n<meta property=\"og:description\" content=\"Kirjat Kirjaston kokoelmat koostuvat kirjoista ja lehdist\u00e4. Kausijulkaisuista sarjat luetaan kirjoihin kuuluviksi, samoin kokousjulkaisut useimmiten. Julkaisut voivat olla painettuja tai s\u00e4hk\u00f6isi\u00e4. Maantiede Maantieteen kirjallisuus on sijoitettu kirjaston kolmanteen kerrokseen, saliin 3B. Kirjoja kokoelmaan kuuluu kaikkiaan noin 4500. Kirjallisuus on jaoteltu seuravasti: yleismaantiede (P 91) sarjajulkaisut (P 91s ja P 914.80s) eri suuralueiden maantiede P 914 [&hellip;]\" \/>\n<meta property=\"og:url\" content=\"https:\/\/blogs.uef.fi\/tiedonhaku-maantiede\/maantieteen-ja-ymparistopolitiikan-kokoelmat-kirjastossa\/\" \/>\n<meta property=\"og:site_name\" content=\"Maantieteen ja ymp\u00e4rist\u00f6politiikan tiedonhaku\" \/>\n<meta property=\"article:modified_time\" content=\"2020-10-30T08:42:47+00:00\" \/>\n<meta name=\"twitter:card\" content=\"summary_large_image\" \/>\n<meta name=\"twitter:label1\" content=\"Arvioitu lukuaika\" \/>\n\t<meta name=\"twitter:data1\" content=\"2 minuuttia\" \/>\n<script type=\"application\/ld+json\" class=\"yoast-schema-graph\">{\"@context\":\"https:\/\/schema.org\",\"@graph\":[{\"@type\":\"WebPage\",\"@id\":\"https:\/\/blogs.uef.fi\/tiedonhaku-maantiede\/maantieteen-ja-ymparistopolitiikan-kokoelmat-kirjastossa\/\",\"url\":\"https:\/\/blogs.uef.fi\/tiedonhaku-maantiede\/maantieteen-ja-ymparistopolitiikan-kokoelmat-kirjastossa\/\",\"name\":\"Maantieteen ja ymp\u00e4rist\u00f6politiikan kokoelmat kirjastossa - Maantieteen ja ymp\u00e4rist\u00f6politiikan tiedonhaku\",\"isPartOf\":{\"@id\":\"https:\/\/blogs.uef.fi\/tiedonhaku-maantiede\/#website\"},\"datePublished\":\"2015-11-11T13:29:43+00:00\",\"dateModified\":\"2020-10-30T08:42:47+00:00\",\"breadcrumb\":{\"@id\":\"https:\/\/blogs.uef.fi\/tiedonhaku-maantiede\/maantieteen-ja-ymparistopolitiikan-kokoelmat-kirjastossa\/#breadcrumb\"},\"inLanguage\":\"fi\",\"potentialAction\":[{\"@type\":\"ReadAction\",\"target\":[\"https:\/\/blogs.uef.fi\/tiedonhaku-maantiede\/maantieteen-ja-ymparistopolitiikan-kokoelmat-kirjastossa\/\"]}]},{\"@type\":\"BreadcrumbList\",\"@id\":\"https:\/\/blogs.uef.fi\/tiedonhaku-maantiede\/maantieteen-ja-ymparistopolitiikan-kokoelmat-kirjastossa\/#breadcrumb\",\"itemListElement\":[{\"@type\":\"ListItem\",\"position\":1,\"name\":\"Home\",\"item\":\"https:\/\/blogs.uef.fi\/tiedonhaku-maantiede\/\"},{\"@type\":\"ListItem\",\"position\":2,\"name\":\"Maantieteen ja ymp\u00e4rist\u00f6politiikan kokoelmat kirjastossa\"}]},{\"@type\":\"WebSite\",\"@id\":\"https:\/\/blogs.uef.fi\/tiedonhaku-maantiede\/#website\",\"url\":\"https:\/\/blogs.uef.fi\/tiedonhaku-maantiede\/\",\"name\":\"Maantieteen ja ymp\u00e4rist\u00f6politiikan tiedonhaku\",\"description\":\"\",\"potentialAction\":[{\"@type\":\"SearchAction\",\"target\":{\"@type\":\"EntryPoint\",\"urlTemplate\":\"https:\/\/blogs.uef.fi\/tiedonhaku-maantiede\/?s={search_term_string}\"},\"query-input\":{\"@type\":\"PropertyValueSpecification\",\"valueRequired\":true,\"valueName\":\"search_term_string\"}}],\"inLanguage\":\"fi\"}]}<\/script>\n<!-- \/ Yoast SEO plugin. -->","yoast_head_json":{"title":"Maantieteen ja ymp\u00e4rist\u00f6politiikan kokoelmat kirjastossa - Maantieteen ja ymp\u00e4rist\u00f6politiikan tiedonhaku","robots":{"index":"index","follow":"follow","max-snippet":"max-snippet:-1","max-image-preview":"max-image-preview:large","max-video-preview":"max-video-preview:-1"},"canonical":"https:\/\/blogs.uef.fi\/tiedonhaku-maantiede\/maantieteen-ja-ymparistopolitiikan-kokoelmat-kirjastossa\/","og_locale":"fi_FI","og_type":"article","og_title":"Maantieteen ja ymp\u00e4rist\u00f6politiikan kokoelmat kirjastossa - Maantieteen ja ymp\u00e4rist\u00f6politiikan tiedonhaku","og_description":"Kirjat Kirjaston kokoelmat koostuvat kirjoista ja lehdist\u00e4. Kausijulkaisuista sarjat luetaan kirjoihin kuuluviksi, samoin kokousjulkaisut useimmiten. Julkaisut voivat olla painettuja tai s\u00e4hk\u00f6isi\u00e4. Maantiede Maantieteen kirjallisuus on sijoitettu kirjaston kolmanteen kerrokseen, saliin 3B. Kirjoja kokoelmaan kuuluu kaikkiaan noin 4500. Kirjallisuus on jaoteltu seuravasti: yleismaantiede (P 91) sarjajulkaisut (P 91s ja P 914.80s) eri suuralueiden maantiede P 914 [&hellip;]","og_url":"https:\/\/blogs.uef.fi\/tiedonhaku-maantiede\/maantieteen-ja-ymparistopolitiikan-kokoelmat-kirjastossa\/","og_site_name":"Maantieteen ja ymp\u00e4rist\u00f6politiikan tiedonhaku","article_modified_time":"2020-10-30T08:42:47+00:00","twitter_card":"summary_large_image","twitter_misc":{"Arvioitu lukuaika":"2 minuuttia"},"schema":{"@context":"https:\/\/schema.org","@graph":[{"@type":"WebPage","@id":"https:\/\/blogs.uef.fi\/tiedonhaku-maantiede\/maantieteen-ja-ymparistopolitiikan-kokoelmat-kirjastossa\/","url":"https:\/\/blogs.uef.fi\/tiedonhaku-maantiede\/maantieteen-ja-ymparistopolitiikan-kokoelmat-kirjastossa\/","name":"Maantieteen ja ymp\u00e4rist\u00f6politiikan kokoelmat kirjastossa - Maantieteen ja ymp\u00e4rist\u00f6politiikan tiedonhaku","isPartOf":{"@id":"https:\/\/blogs.uef.fi\/tiedonhaku-maantiede\/#website"},"datePublished":"2015-11-11T13:29:43+00:00","dateModified":"2020-10-30T08:42:47+00:00","breadcrumb":{"@id":"https:\/\/blogs.uef.fi\/tiedonhaku-maantiede\/maantieteen-ja-ymparistopolitiikan-kokoelmat-kirjastossa\/#breadcrumb"},"inLanguage":"fi","potentialAction":[{"@type":"ReadAction","target":["https:\/\/blogs.uef.fi\/tiedonhaku-maantiede\/maantieteen-ja-ymparistopolitiikan-kokoelmat-kirjastossa\/"]}]},{"@type":"BreadcrumbList","@id":"https:\/\/blogs.uef.fi\/tiedonhaku-maantiede\/maantieteen-ja-ymparistopolitiikan-kokoelmat-kirjastossa\/#breadcrumb","itemListElement":[{"@type":"ListItem","position":1,"name":"Home","item":"https:\/\/blogs.uef.fi\/tiedonhaku-maantiede\/"},{"@type":"ListItem","position":2,"name":"Maantieteen ja ymp\u00e4rist\u00f6politiikan kokoelmat kirjastossa"}]},{"@type":"WebSite","@id":"https:\/\/blogs.uef.fi\/tiedonhaku-maantiede\/#website","url":"https:\/\/blogs.uef.fi\/tiedonhaku-maantiede\/","name":"Maantieteen ja ymp\u00e4rist\u00f6politiikan tiedonhaku","description":"","potentialAction":[{"@type":"SearchAction","target":{"@type":"EntryPoint","urlTemplate":"https:\/\/blogs.uef.fi\/tiedonhaku-maantiede\/?s={search_term_string}"},"query-input":{"@type":"PropertyValueSpecification","valueRequired":true,"valueName":"search_term_string"}}],"inLanguage":"fi"}]}},"_links":{"self":[{"href":"https:\/\/blogs.uef.fi\/tiedonhaku-maantiede\/wp-json\/wp\/v2\/pages\/142","targetHints":{"allow":["GET"]}}],"collection":[{"href":"https:\/\/blogs.uef.fi\/tiedonhaku-maantiede\/wp-json\/wp\/v2\/pages"}],"about":[{"href":"https:\/\/blogs.uef.fi\/tiedonhaku-maantiede\/wp-json\/wp\/v2\/types\/page"}],"author":[{"embeddable":true,"href":"https:\/\/blogs.uef.fi\/tiedonhaku-maantiede\/wp-json\/wp\/v2\/users\/127"}],"replies":[{"embeddable":true,"href":"https:\/\/blogs.uef.fi\/tiedonhaku-maantiede\/wp-json\/wp\/v2\/comments?post=142"}],"version-history":[{"count":4,"href":"https:\/\/blogs.uef.fi\/tiedonhaku-maantiede\/wp-json\/wp\/v2\/pages\/142\/revisions"}],"predecessor-version":[{"id":1972,"href":"https:\/\/blogs.uef.fi\/tiedonhaku-maantiede\/wp-json\/wp\/v2\/pages\/142\/revisions\/1972"}],"wp:attachment":[{"href":"https:\/\/blogs.uef.fi\/tiedonhaku-maantiede\/wp-json\/wp\/v2\/media?parent=142"}],"curies":[{"name":"wp","href":"https:\/\/api.w.org\/{rel}","templated":true}]}}