{"id":134,"date":"2015-11-11T13:23:01","date_gmt":"2015-11-11T13:23:01","guid":{"rendered":"https:\/\/ueflibrarygeo.wordpress.com\/?page_id=134"},"modified":"2020-11-03T16:48:58","modified_gmt":"2020-11-03T14:48:58","slug":"kayttooikeudet","status":"publish","type":"page","link":"https:\/\/blogs.uef.fi\/tiedonhaku-maantiede\/kayttooikeudet\/","title":{"rendered":"K\u00e4ytt\u00f6oikeudet"},"content":{"rendered":"<h1>K\u00e4ytt\u00f6oikeudet<\/h1>\n<h2>Verkkojulkaisujen k\u00e4ytt\u00f6<\/h2>\n<p>Kirjaston hankkimien elektronisen julkaisujen (e-kirjojen, e-lehtien, hakuteoksien, sanakirjojen) sek\u00e4 tietokantojen k\u00e4ytt\u00f6\u00e4 s\u00e4\u00e4telev\u00e4t erilliset sopimusehdot:<\/p>\n<p><img loading=\"lazy\" decoding=\"async\" class=\"aligncenter wp-image-567 size-full\" src=\"https:\/\/blogs.uef.fi\/tiedonhaku-maantiede\/wp-content\/uploads\/sites\/53\/2018\/11\/oikeustaulu.png\" alt=\"Kuvaus mit\u00e4 saa ja ei saa tehd\u00e4 kirjaston hankkimien elektronisten julkaisujen ja tietokantojen kanssa. \" width=\"843\" height=\"295\" srcset=\"https:\/\/blogs.uef.fi\/tiedonhaku-maantiede\/wp-content\/uploads\/sites\/53\/2018\/11\/oikeustaulu.png 843w, https:\/\/blogs.uef.fi\/tiedonhaku-maantiede\/wp-content\/uploads\/sites\/53\/2018\/11\/oikeustaulu-300x105.png 300w, https:\/\/blogs.uef.fi\/tiedonhaku-maantiede\/wp-content\/uploads\/sites\/53\/2018\/11\/oikeustaulu-768x269.png 768w\" sizes=\"auto, (max-width: 843px) 100vw, 843px\" \/><\/p>\n<p>K\u00e4ytt\u00f6ehdot poikkeavat aineistoittain. <strong>FinELib-aineistojen<\/strong><a href=\"https:\/\/www.kiwi.fi\/pages\/viewpage.action?pageId=43451158\" target=\"_blank\" rel=\"noopener noreferrer\"> k\u00e4ytt\u00f6ehdot<\/a> (linkki aukeaa uuteen ikkunaan).<\/p>\n<p><strong>Kuka saa k\u00e4ytt\u00e4\u00e4?<\/strong><\/p>\n<ul>\n<li>Lisensioidut elektroniset aineistot ovat It\u00e4-Suomen yliopiston <strong>perus- ja jatko-opiskelijoiden sek\u00e4 henkil\u00f6kunnan<\/strong> k\u00e4ytett\u00e4viss\u00e4 yliopiston verkossa sek\u00e4 et\u00e4yhteydell\u00e4 muualtakin.<\/li>\n<li><strong>Ulkopuoliset asiakkaat<\/strong> saavat k\u00e4ytt\u00e4\u00e4 aineistoja kirjaston toimipisteiss\u00e4 olevilla asiakasmikroilla.<\/li>\n<\/ul>\n<hr \/>\n<p><img loading=\"lazy\" decoding=\"async\" class=\"aligncenter wp-image-181 size-full\" src=\"https:\/\/ueflibraryfor.files.wordpress.com\/2015\/11\/loytaa6.png?w=584\" alt=\"Koira sy\u00f6 luuta tyytyv\u00e4isen\u00e4. \" width=\"342\" height=\"203\" \/>Kurssi on p\u00e4\u00e4ttynyt. Kiitos!<\/p>\n","protected":false},"excerpt":{"rendered":"<p>K\u00e4ytt\u00f6oikeudet Verkkojulkaisujen k\u00e4ytt\u00f6 Kirjaston hankkimien elektronisen julkaisujen (e-kirjojen, e-lehtien, hakuteoksien, sanakirjojen) sek\u00e4 tietokantojen k\u00e4ytt\u00f6\u00e4 s\u00e4\u00e4telev\u00e4t erilliset sopimusehdot: K\u00e4ytt\u00f6ehdot poikkeavat aineistoittain. FinELib-aineistojen k\u00e4ytt\u00f6ehdot (linkki aukeaa uuteen ikkunaan). Kuka saa k\u00e4ytt\u00e4\u00e4? Lisensioidut elektroniset aineistot ovat It\u00e4-Suomen yliopiston perus- ja jatko-opiskelijoiden sek\u00e4 henkil\u00f6kunnan k\u00e4ytett\u00e4viss\u00e4 yliopiston verkossa sek\u00e4 et\u00e4yhteydell\u00e4 muualtakin. Ulkopuoliset asiakkaat saavat k\u00e4ytt\u00e4\u00e4 aineistoja kirjaston toimipisteiss\u00e4 olevilla asiakasmikroilla. [&hellip;]<\/p>\n","protected":false},"author":127,"featured_media":0,"parent":0,"menu_order":0,"comment_status":"closed","ping_status":"closed","template":"","meta":{"_acf_changed":false,"footnotes":""},"class_list":["post-134","page","type-page","status-publish","hentry"],"acf":[],"yoast_head":"<!-- This site is optimized with the Yoast SEO plugin v27.1.1 - https:\/\/yoast.com\/product\/yoast-seo-wordpress\/ -->\n<title>K\u00e4ytt\u00f6oikeudet - Maantieteen ja ymp\u00e4rist\u00f6politiikan tiedonhaku<\/title>\n<meta name=\"robots\" content=\"index, follow, max-snippet:-1, max-image-preview:large, max-video-preview:-1\" \/>\n<link rel=\"canonical\" href=\"https:\/\/blogs.uef.fi\/tiedonhaku-maantiede\/kayttooikeudet\/\" \/>\n<meta property=\"og:locale\" content=\"fi_FI\" \/>\n<meta property=\"og:type\" content=\"article\" \/>\n<meta property=\"og:title\" content=\"K\u00e4ytt\u00f6oikeudet - Maantieteen ja ymp\u00e4rist\u00f6politiikan tiedonhaku\" \/>\n<meta property=\"og:description\" content=\"K\u00e4ytt\u00f6oikeudet Verkkojulkaisujen k\u00e4ytt\u00f6 Kirjaston hankkimien elektronisen julkaisujen (e-kirjojen, e-lehtien, hakuteoksien, sanakirjojen) sek\u00e4 tietokantojen k\u00e4ytt\u00f6\u00e4 s\u00e4\u00e4telev\u00e4t erilliset sopimusehdot: K\u00e4ytt\u00f6ehdot poikkeavat aineistoittain. FinELib-aineistojen k\u00e4ytt\u00f6ehdot (linkki aukeaa uuteen ikkunaan). Kuka saa k\u00e4ytt\u00e4\u00e4? Lisensioidut elektroniset aineistot ovat It\u00e4-Suomen yliopiston perus- ja jatko-opiskelijoiden sek\u00e4 henkil\u00f6kunnan k\u00e4ytett\u00e4viss\u00e4 yliopiston verkossa sek\u00e4 et\u00e4yhteydell\u00e4 muualtakin. Ulkopuoliset asiakkaat saavat k\u00e4ytt\u00e4\u00e4 aineistoja kirjaston toimipisteiss\u00e4 olevilla asiakasmikroilla. [&hellip;]\" \/>\n<meta property=\"og:url\" content=\"https:\/\/blogs.uef.fi\/tiedonhaku-maantiede\/kayttooikeudet\/\" \/>\n<meta property=\"og:site_name\" content=\"Maantieteen ja ymp\u00e4rist\u00f6politiikan tiedonhaku\" \/>\n<meta property=\"article:modified_time\" content=\"2020-11-03T14:48:58+00:00\" \/>\n<meta property=\"og:image\" content=\"https:\/\/blogs.uef.fi\/tiedonhaku-maantiede\/wp-content\/uploads\/sites\/53\/2018\/11\/oikeustaulu.png\" \/>\n<meta name=\"twitter:card\" content=\"summary_large_image\" \/>\n<script type=\"application\/ld+json\" class=\"yoast-schema-graph\">{\"@context\":\"https:\/\/schema.org\",\"@graph\":[{\"@type\":\"WebPage\",\"@id\":\"https:\/\/blogs.uef.fi\/tiedonhaku-maantiede\/kayttooikeudet\/\",\"url\":\"https:\/\/blogs.uef.fi\/tiedonhaku-maantiede\/kayttooikeudet\/\",\"name\":\"K\u00e4ytt\u00f6oikeudet - Maantieteen ja ymp\u00e4rist\u00f6politiikan tiedonhaku\",\"isPartOf\":{\"@id\":\"https:\/\/blogs.uef.fi\/tiedonhaku-maantiede\/#website\"},\"primaryImageOfPage\":{\"@id\":\"https:\/\/blogs.uef.fi\/tiedonhaku-maantiede\/kayttooikeudet\/#primaryimage\"},\"image\":{\"@id\":\"https:\/\/blogs.uef.fi\/tiedonhaku-maantiede\/kayttooikeudet\/#primaryimage\"},\"thumbnailUrl\":\"https:\/\/blogs.uef.fi\/tiedonhaku-maantiede\/wp-content\/uploads\/sites\/53\/2018\/11\/oikeustaulu.png\",\"datePublished\":\"2015-11-11T13:23:01+00:00\",\"dateModified\":\"2020-11-03T14:48:58+00:00\",\"breadcrumb\":{\"@id\":\"https:\/\/blogs.uef.fi\/tiedonhaku-maantiede\/kayttooikeudet\/#breadcrumb\"},\"inLanguage\":\"fi\",\"potentialAction\":[{\"@type\":\"ReadAction\",\"target\":[\"https:\/\/blogs.uef.fi\/tiedonhaku-maantiede\/kayttooikeudet\/\"]}]},{\"@type\":\"ImageObject\",\"inLanguage\":\"fi\",\"@id\":\"https:\/\/blogs.uef.fi\/tiedonhaku-maantiede\/kayttooikeudet\/#primaryimage\",\"url\":\"https:\/\/blogs.uef.fi\/tiedonhaku-maantiede\/wp-content\/uploads\/sites\/53\/2018\/11\/oikeustaulu.png\",\"contentUrl\":\"https:\/\/blogs.uef.fi\/tiedonhaku-maantiede\/wp-content\/uploads\/sites\/53\/2018\/11\/oikeustaulu.png\",\"width\":843,\"height\":295},{\"@type\":\"BreadcrumbList\",\"@id\":\"https:\/\/blogs.uef.fi\/tiedonhaku-maantiede\/kayttooikeudet\/#breadcrumb\",\"itemListElement\":[{\"@type\":\"ListItem\",\"position\":1,\"name\":\"Home\",\"item\":\"https:\/\/blogs.uef.fi\/tiedonhaku-maantiede\/\"},{\"@type\":\"ListItem\",\"position\":2,\"name\":\"K\u00e4ytt\u00f6oikeudet\"}]},{\"@type\":\"WebSite\",\"@id\":\"https:\/\/blogs.uef.fi\/tiedonhaku-maantiede\/#website\",\"url\":\"https:\/\/blogs.uef.fi\/tiedonhaku-maantiede\/\",\"name\":\"Maantieteen ja ymp\u00e4rist\u00f6politiikan tiedonhaku\",\"description\":\"\",\"potentialAction\":[{\"@type\":\"SearchAction\",\"target\":{\"@type\":\"EntryPoint\",\"urlTemplate\":\"https:\/\/blogs.uef.fi\/tiedonhaku-maantiede\/?s={search_term_string}\"},\"query-input\":{\"@type\":\"PropertyValueSpecification\",\"valueRequired\":true,\"valueName\":\"search_term_string\"}}],\"inLanguage\":\"fi\"}]}<\/script>\n<!-- \/ Yoast SEO plugin. -->","yoast_head_json":{"title":"K\u00e4ytt\u00f6oikeudet - Maantieteen ja ymp\u00e4rist\u00f6politiikan tiedonhaku","robots":{"index":"index","follow":"follow","max-snippet":"max-snippet:-1","max-image-preview":"max-image-preview:large","max-video-preview":"max-video-preview:-1"},"canonical":"https:\/\/blogs.uef.fi\/tiedonhaku-maantiede\/kayttooikeudet\/","og_locale":"fi_FI","og_type":"article","og_title":"K\u00e4ytt\u00f6oikeudet - Maantieteen ja ymp\u00e4rist\u00f6politiikan tiedonhaku","og_description":"K\u00e4ytt\u00f6oikeudet Verkkojulkaisujen k\u00e4ytt\u00f6 Kirjaston hankkimien elektronisen julkaisujen (e-kirjojen, e-lehtien, hakuteoksien, sanakirjojen) sek\u00e4 tietokantojen k\u00e4ytt\u00f6\u00e4 s\u00e4\u00e4telev\u00e4t erilliset sopimusehdot: K\u00e4ytt\u00f6ehdot poikkeavat aineistoittain. FinELib-aineistojen k\u00e4ytt\u00f6ehdot (linkki aukeaa uuteen ikkunaan). Kuka saa k\u00e4ytt\u00e4\u00e4? Lisensioidut elektroniset aineistot ovat It\u00e4-Suomen yliopiston perus- ja jatko-opiskelijoiden sek\u00e4 henkil\u00f6kunnan k\u00e4ytett\u00e4viss\u00e4 yliopiston verkossa sek\u00e4 et\u00e4yhteydell\u00e4 muualtakin. Ulkopuoliset asiakkaat saavat k\u00e4ytt\u00e4\u00e4 aineistoja kirjaston toimipisteiss\u00e4 olevilla asiakasmikroilla. [&hellip;]","og_url":"https:\/\/blogs.uef.fi\/tiedonhaku-maantiede\/kayttooikeudet\/","og_site_name":"Maantieteen ja ymp\u00e4rist\u00f6politiikan tiedonhaku","article_modified_time":"2020-11-03T14:48:58+00:00","og_image":[{"url":"https:\/\/blogs.uef.fi\/tiedonhaku-maantiede\/wp-content\/uploads\/sites\/53\/2018\/11\/oikeustaulu.png","type":"","width":"","height":""}],"twitter_card":"summary_large_image","schema":{"@context":"https:\/\/schema.org","@graph":[{"@type":"WebPage","@id":"https:\/\/blogs.uef.fi\/tiedonhaku-maantiede\/kayttooikeudet\/","url":"https:\/\/blogs.uef.fi\/tiedonhaku-maantiede\/kayttooikeudet\/","name":"K\u00e4ytt\u00f6oikeudet - Maantieteen ja ymp\u00e4rist\u00f6politiikan tiedonhaku","isPartOf":{"@id":"https:\/\/blogs.uef.fi\/tiedonhaku-maantiede\/#website"},"primaryImageOfPage":{"@id":"https:\/\/blogs.uef.fi\/tiedonhaku-maantiede\/kayttooikeudet\/#primaryimage"},"image":{"@id":"https:\/\/blogs.uef.fi\/tiedonhaku-maantiede\/kayttooikeudet\/#primaryimage"},"thumbnailUrl":"https:\/\/blogs.uef.fi\/tiedonhaku-maantiede\/wp-content\/uploads\/sites\/53\/2018\/11\/oikeustaulu.png","datePublished":"2015-11-11T13:23:01+00:00","dateModified":"2020-11-03T14:48:58+00:00","breadcrumb":{"@id":"https:\/\/blogs.uef.fi\/tiedonhaku-maantiede\/kayttooikeudet\/#breadcrumb"},"inLanguage":"fi","potentialAction":[{"@type":"ReadAction","target":["https:\/\/blogs.uef.fi\/tiedonhaku-maantiede\/kayttooikeudet\/"]}]},{"@type":"ImageObject","inLanguage":"fi","@id":"https:\/\/blogs.uef.fi\/tiedonhaku-maantiede\/kayttooikeudet\/#primaryimage","url":"https:\/\/blogs.uef.fi\/tiedonhaku-maantiede\/wp-content\/uploads\/sites\/53\/2018\/11\/oikeustaulu.png","contentUrl":"https:\/\/blogs.uef.fi\/tiedonhaku-maantiede\/wp-content\/uploads\/sites\/53\/2018\/11\/oikeustaulu.png","width":843,"height":295},{"@type":"BreadcrumbList","@id":"https:\/\/blogs.uef.fi\/tiedonhaku-maantiede\/kayttooikeudet\/#breadcrumb","itemListElement":[{"@type":"ListItem","position":1,"name":"Home","item":"https:\/\/blogs.uef.fi\/tiedonhaku-maantiede\/"},{"@type":"ListItem","position":2,"name":"K\u00e4ytt\u00f6oikeudet"}]},{"@type":"WebSite","@id":"https:\/\/blogs.uef.fi\/tiedonhaku-maantiede\/#website","url":"https:\/\/blogs.uef.fi\/tiedonhaku-maantiede\/","name":"Maantieteen ja ymp\u00e4rist\u00f6politiikan tiedonhaku","description":"","potentialAction":[{"@type":"SearchAction","target":{"@type":"EntryPoint","urlTemplate":"https:\/\/blogs.uef.fi\/tiedonhaku-maantiede\/?s={search_term_string}"},"query-input":{"@type":"PropertyValueSpecification","valueRequired":true,"valueName":"search_term_string"}}],"inLanguage":"fi"}]}},"_links":{"self":[{"href":"https:\/\/blogs.uef.fi\/tiedonhaku-maantiede\/wp-json\/wp\/v2\/pages\/134","targetHints":{"allow":["GET"]}}],"collection":[{"href":"https:\/\/blogs.uef.fi\/tiedonhaku-maantiede\/wp-json\/wp\/v2\/pages"}],"about":[{"href":"https:\/\/blogs.uef.fi\/tiedonhaku-maantiede\/wp-json\/wp\/v2\/types\/page"}],"author":[{"embeddable":true,"href":"https:\/\/blogs.uef.fi\/tiedonhaku-maantiede\/wp-json\/wp\/v2\/users\/127"}],"replies":[{"embeddable":true,"href":"https:\/\/blogs.uef.fi\/tiedonhaku-maantiede\/wp-json\/wp\/v2\/comments?post=134"}],"version-history":[{"count":3,"href":"https:\/\/blogs.uef.fi\/tiedonhaku-maantiede\/wp-json\/wp\/v2\/pages\/134\/revisions"}],"predecessor-version":[{"id":1250,"href":"https:\/\/blogs.uef.fi\/tiedonhaku-maantiede\/wp-json\/wp\/v2\/pages\/134\/revisions\/1250"}],"wp:attachment":[{"href":"https:\/\/blogs.uef.fi\/tiedonhaku-maantiede\/wp-json\/wp\/v2\/media?parent=134"}],"curies":[{"name":"wp","href":"https:\/\/api.w.org\/{rel}","templated":true}]}}