{"id":126,"date":"2015-11-11T13:16:05","date_gmt":"2015-11-11T13:16:05","guid":{"rendered":"https:\/\/ueflibrarygeo.wordpress.com\/?page_id=126"},"modified":"2023-06-27T12:22:43","modified_gmt":"2023-06-27T09:22:43","slug":"onko-lahde-luotettava","status":"publish","type":"page","link":"https:\/\/blogs.uef.fi\/tiedonhaku-maantiede\/onko-lahde-luotettava\/","title":{"rendered":"Onko l\u00e4hde luotettava?"},"content":{"rendered":"\n<h2 class=\"wp-block-heading\">L\u00e4hdeaineiston arviointi: valintaperusteita tietokannoissa<\/h2>\n\n\n\n<h3 class=\"wp-block-heading\"><strong><img loading=\"lazy\" decoding=\"async\" class=\"wp-image-169 size-thumbnail alignright\" src=\"https:\/\/ueflibraryfor.files.wordpress.com\/2015\/11\/dogvaara.png?w=225&amp;h=128\" alt=\"Koira katsoo ihmetellen porkkanaa.\" width=\"150\" height=\"85\"><\/strong>Aiherelevanssi : onko sis\u00e4lt\u00f6 oikeaa asiaa?<\/h3>\n\n\n\n<p>Ensimm\u00e4isess\u00e4 vaiheessa arvioidaan viitteiden<br>\u2013 otsikoista,<br>\u2013 asiasanoista ja<br>\u2013 tiivistelmist\u00e4,<br>ovatko ne sis\u00e4ll\u00f6llisesti etsityn aiheen mukaisia ja k\u00e4ytt\u00f6kelpoisia.<\/p>\n\n\n\n<p>Huomaa: Monissa kansainv\u00e4lisiss\u00e4 tietokannoissa tekem\u00e4si haun tulos lajitellaan listalla \u2019<strong>uusimmat ensin<\/strong>\u2019. Voit halutessasi<strong> vaihtaa sen relevanssiksi<\/strong>, jolloin parhaiten aiheeseesi sopivat tulevat listalla ensimm\u00e4iseksi.<\/p>\n\n\n\n<figure class=\"wp-block-image alignleft\"><img loading=\"lazy\" decoding=\"async\" width=\"1024\" height=\"488\" src=\"https:\/\/blogs.uef.fi\/tiedonhaku-maantiede\/wp-content\/uploads\/sites\/53\/2018\/11\/METrelevanssi-1024x488.png\" alt=\"Haun relevenssia voi vaihtaa muuhun vaihtoehtoon hakua parhaiten palvelevaksi.\" class=\"wp-image-581\" srcset=\"https:\/\/blogs.uef.fi\/tiedonhaku-maantiede\/wp-content\/uploads\/sites\/53\/2018\/11\/METrelevanssi-1024x488.png 1024w, https:\/\/blogs.uef.fi\/tiedonhaku-maantiede\/wp-content\/uploads\/sites\/53\/2018\/11\/METrelevanssi-300x143.png 300w, https:\/\/blogs.uef.fi\/tiedonhaku-maantiede\/wp-content\/uploads\/sites\/53\/2018\/11\/METrelevanssi-768x366.png 768w, https:\/\/blogs.uef.fi\/tiedonhaku-maantiede\/wp-content\/uploads\/sites\/53\/2018\/11\/METrelevanssi-797x380.png 797w, https:\/\/blogs.uef.fi\/tiedonhaku-maantiede\/wp-content\/uploads\/sites\/53\/2018\/11\/METrelevanssi.png 1086w\" sizes=\"auto, (max-width: 1024px) 100vw, 1024px\" \/><\/figure>\n\n\n\n<h3 class=\"wp-block-heading\">Tieteellist\u00e4 tietoa?<\/h3>\n\n\n\n<p>Vaikka tieteenalakohtaiset tietokannat sis\u00e4lt\u00e4v\u00e4t luotettavampaa aineistoa kuin mit\u00e4 esim. Googlella saat, tieteellisyydelt\u00e4\u00e4n eri tasoista aineistoa niiss\u00e4kin voi olla. Varsinkin kotimaisiin tietokantoihin tallennetaan paljon my\u00f6s ammatti- ja j\u00e4rjest\u00f6lehti\u00e4.<\/p>\n\n\n\n<ul class=\"wp-block-list\">\n<li>Useissa kansainv\u00e4lisiss\u00e4 tietokannoissa <strong>haun voi rajata vain tieteellisten<\/strong> vertaisarvioitujen lehtien artikkeleihin (peer review, referee, scholarly) -&gt; Tee rajaus hakuusi, jos se on tarpeen!<\/li>\n\n\n\n<li><strong>L\u00e4hdeluettelo<\/strong> on yksi tieteellisen ja luotettavan artikkelin tunnusmerkeist\u00e4. Joidenkin tietokantojen viitteiss\u00e4 on mukana my\u00f6s artikkelin l\u00e4hdeluettelo, josta voit p\u00e4\u00e4tell\u00e4 paljon, vaikka et itse artikkelia kokotekstin\u00e4 saisikaan k\u00e4siisi.<\/li>\n\n\n\n<li>Tieteellinen luotettavuus tiedolle syntyy <strong>vertaisarvioinnissa<\/strong> eli peer review \u2013prosessissa. Silti kaikki tiedeyhteis\u00f6nk\u00e4\u00e4n tuottamat julkaisut eiv\u00e4t v\u00e4ltt\u00e4m\u00e4tt\u00e4 ole vertaisarvioituja, sill\u00e4 t\u00e4llainen julkaisuprosessi on melko hidas ja usein on t\u00e4rke\u00e4\u00e4 saattaa uusin tieto nopeasti yleiseen k\u00e4ytt\u00f6\u00f6n.<\/li>\n<\/ul>\n\n\n\n<h3 class=\"wp-block-heading\">Julkaisun ik\u00e4 \/ tuoreus<\/h3>\n\n\n\n<p>J\u00e4rkev\u00e4 vuosirajaus riippuu aiheesta ja alasta.<\/p>\n\n\n\n<p>Kannattaa l\u00e4hte\u00e4 liikkeelle mahdollisimman <strong>tuoreista aineistoista<\/strong>. Uudet tutkimustulokset kertyv\u00e4t vanhojen p\u00e4\u00e4lle. T\u00e4ll\u00f6in my\u00f6s l\u00e4hdeluetteloiden l\u00e4pik\u00e4yminen on hy\u00f6dyllist\u00e4. <strong>Klassikot eiv\u00e4t vanhene.<\/strong><\/p>\n\n\n\n<p>Tietokantojen <strong>tulokset voi lajitella<\/strong> uusimmasta vanhimpaan, joten aikarajaus ei haussa ole v\u00e4ltt\u00e4m\u00e4t\u00f6n.<\/p>\n\n\n\n<h3 class=\"wp-block-heading\">Aineiston saatavuus<\/h3>\n\n\n\n<p>Paljonko <strong>aikaa ja rahaa<\/strong> on k\u00e4ytett\u00e4viss\u00e4? Mink\u00e4 tasoista tieteellist\u00e4 ty\u00f6t\u00e4 olet tekem\u00e4ss\u00e4? Jos aineisto ei ole saatavissa omassa kirjastossasi painettuna tai elektronisena, kaukopalvelu v\u00e4litt\u00e4\u00e4 maksusta lainoja ja kopioita muualta.<\/p>\n\n\n\n<p>Toki p\u00e4\u00e4asiallinen arvioinnin ja valinnan peruste pit\u00e4isi olla jokin muu kuin saatavuus.<\/p>\n\n\n\n<h2 class=\"wp-block-heading\">Valintaperusteita nettil\u00e4hteiss\u00e4<\/h2>\n\n\n\n<p>Samoja arviointiperiaatteita voidaan soveltaa sek\u00e4 painetuille ett\u00e4 elektronisille l\u00e4hteille, mutta erityisesti<strong> avoimen Internetin aineistoon on suhtauduttava kriittisesti.<\/strong><\/p>\n\n\n\n<p>Arvioitavia n\u00e4k\u00f6kulmia ovat esim.<\/p>\n\n\n\n<ul class=\"wp-block-list\">\n<li>luotettavuus<\/li>\n\n\n\n<li>tavoitteet ja kohderyhm\u00e4<\/li>\n\n\n\n<li>tekij\u00e4n\/tiedontuottajan\/julkaisijan\/kustantajan tausta (asiantuntemus)<\/li>\n\n\n\n<li>onko informaatio suodatettu\/arvioitu?<\/li>\n\n\n\n<li>paikkansapit\u00e4vyys<\/li>\n\n\n\n<li>puolueettomuus<\/li>\n\n\n\n<li>tuoreus, ajantasaisuus, l\u00e4hteen ik\u00e4<\/li>\n\n\n\n<li>kattavuus<\/li>\n<\/ul>\n\n\n\n<p>Katso nettil\u00e4hteist\u00e4 ensiksi <strong>sivun osoitetta, tekij\u00e4n tietoja, l\u00e4hteit\u00e4, julkaisup\u00e4iv\u00e4m\u00e4\u00e4r\u00e4\u00e4.<\/strong> N\u00e4ill\u00e4kin voidaan tosin huijata, joten sis\u00e4lt\u00f6 kuitenkin ratkaisee viime k\u00e4dess\u00e4.<\/p>\n\n\n\n<h2 class=\"wp-block-heading\"><strong>Varo erityisesti n\u00e4it\u00e4:<br><\/strong><\/h2>\n\n\n\n<h3 class=\"wp-block-heading\">Saalistajat<\/h3>\n\n\n\n<p>Open access \u2013markkinoilla liikkuu asiallisten tiedelehtien lis\u00e4ksi lehti\u00e4, joiden p\u00e4\u00e4asiallinen tarkoitus on julkaisumaksujen ker\u00e4\u00e4minen, ei tieteen edist\u00e4minen. N\u00e4iss\u00e4 ns. <strong>predator- eli saalistajalehdiss\u00e4<\/strong> julkaistujen artikkeleiden taso on heikko, osa saattaa olla jopa plagiaatteja muiden tutkijoiden t\u00f6ist\u00e4. Lehden kotisivut saattavat antaa valheellista tietoa mm. vertaisarvioinnista. R\u00e4ikeimmiss\u00e4 tapauksissa lehden toimituskunta on ep\u00e4p\u00e4tev\u00e4 tai jopa t\u00e4ysin tekaistu, julkaisijan osoitetta ei ole oikeasti olemassa, lehti listataan aiheettomasti kuuluvaksi johonkin arvostettuun tietokantaan tai hakemistoon (ks. alla) jne.<\/p>\n\n\n\n<p>Saalistajalehtien tunnistamiseksi voit kokeilla:<\/p>\n\n\n\n<ul class=\"wp-block-list\">\n<li>l\u00f6ytyv\u00e4tk\u00f6 lehden artikkelit jostakin tunnetusta tietokannasta (esim. Scopus); t\u00e4m\u00e4 on luotetteva tapa. huom! Google Scholar ei ole hyv\u00e4 t\u00e4h\u00e4n<\/li>\n\n\n\n<li>onko lehdell\u00e4 olemassa<a href=\"http:\/\/www.uef.fi\/fi\/web\/kirjasto\/nain-loydat-lehden-impact-factor-arvon\" target=\"_blank\" rel=\"noopener noreferrer\"> impact factor \u2013luku<\/a> (linkki aukeaa uuteen ikkunaan) ; hyvin luotettava, mutta hieman suppea lista<\/li>\n\n\n\n<li>onko lehti <a href=\"https:\/\/doaj.org\/\" target=\"_blank\" rel=\"noopener noreferrer\">Directory of open access journals<\/a> \u2013listalla (linkki aukeaa uuteen ikkunaan) ; melko luotettava, mutta jonkin verran saalistajia on p\u00e4\u00e4ssyt l\u00e4pi seulasta aika ajoin<\/li>\n\n\n\n<li>googlata lehden p\u00e4\u00e4toimittajan: onko olemassa ja jos on, kuka, miss\u00e4 ja millaisessa asemassa ; t\u00e4m\u00e4 on melko paljastavaa, mutta vaatii v\u00e4h\u00e4n kokemusta<\/li>\n<\/ul>\n\n\n\n<p>Joskus jo lehden nimest\u00e4 voi haistaa palaneen k\u00e4ry\u00e4. Aihealueiltaan hyvin laaja-alaiset lehdet, tyyliin \u2018British journal of science\u2019 saattavat olla ep\u00e4m\u00e4\u00e4r\u00e4isi\u00e4 \u2013 poikkeuksena tunnetut lehdet kuten Nature ja Science. Samoin esim. maininta British tai European lehden nimess\u00e4, vaikka lehti julkaistaan ihan toisaalla, on ep\u00e4ilytt\u00e4v\u00e4\u00e4. Tavallisia ovat my\u00f6s tunnettuja lehti\u00e4 l\u00e4heisesti muistuttavat nimet.<\/p>\n","protected":false},"excerpt":{"rendered":"<p>L\u00e4hdeaineiston arviointi: valintaperusteita tietokannoissa Aiherelevanssi : onko sis\u00e4lt\u00f6 oikeaa asiaa? Ensimm\u00e4isess\u00e4 vaiheessa arvioidaan viitteiden\u2013 otsikoista,\u2013 asiasanoista ja\u2013 tiivistelmist\u00e4,ovatko ne sis\u00e4ll\u00f6llisesti etsityn aiheen mukaisia ja k\u00e4ytt\u00f6kelpoisia. Huomaa: Monissa kansainv\u00e4lisiss\u00e4 tietokannoissa tekem\u00e4si haun tulos lajitellaan listalla \u2019uusimmat ensin\u2019. Voit halutessasi vaihtaa sen relevanssiksi, jolloin parhaiten aiheeseesi sopivat tulevat listalla ensimm\u00e4iseksi. Tieteellist\u00e4 tietoa? Vaikka tieteenalakohtaiset tietokannat sis\u00e4lt\u00e4v\u00e4t luotettavampaa [&hellip;]<\/p>\n","protected":false},"author":127,"featured_media":0,"parent":0,"menu_order":0,"comment_status":"closed","ping_status":"closed","template":"","meta":{"_acf_changed":false,"footnotes":""},"class_list":["post-126","page","type-page","status-publish","hentry"],"acf":[],"yoast_head":"<!-- This site is optimized with the Yoast SEO plugin v27.1.1 - https:\/\/yoast.com\/product\/yoast-seo-wordpress\/ -->\n<title>Onko l\u00e4hde luotettava? - Maantieteen ja ymp\u00e4rist\u00f6politiikan tiedonhaku<\/title>\n<meta name=\"robots\" content=\"index, follow, max-snippet:-1, max-image-preview:large, max-video-preview:-1\" \/>\n<link rel=\"canonical\" href=\"https:\/\/blogs.uef.fi\/tiedonhaku-maantiede\/onko-lahde-luotettava\/\" \/>\n<meta property=\"og:locale\" content=\"fi_FI\" \/>\n<meta property=\"og:type\" content=\"article\" \/>\n<meta property=\"og:title\" content=\"Onko l\u00e4hde luotettava? - Maantieteen ja ymp\u00e4rist\u00f6politiikan tiedonhaku\" \/>\n<meta property=\"og:description\" content=\"L\u00e4hdeaineiston arviointi: valintaperusteita tietokannoissa Aiherelevanssi : onko sis\u00e4lt\u00f6 oikeaa asiaa? Ensimm\u00e4isess\u00e4 vaiheessa arvioidaan viitteiden\u2013 otsikoista,\u2013 asiasanoista ja\u2013 tiivistelmist\u00e4,ovatko ne sis\u00e4ll\u00f6llisesti etsityn aiheen mukaisia ja k\u00e4ytt\u00f6kelpoisia. Huomaa: Monissa kansainv\u00e4lisiss\u00e4 tietokannoissa tekem\u00e4si haun tulos lajitellaan listalla \u2019uusimmat ensin\u2019. Voit halutessasi vaihtaa sen relevanssiksi, jolloin parhaiten aiheeseesi sopivat tulevat listalla ensimm\u00e4iseksi. Tieteellist\u00e4 tietoa? Vaikka tieteenalakohtaiset tietokannat sis\u00e4lt\u00e4v\u00e4t luotettavampaa [&hellip;]\" \/>\n<meta property=\"og:url\" content=\"https:\/\/blogs.uef.fi\/tiedonhaku-maantiede\/onko-lahde-luotettava\/\" \/>\n<meta property=\"og:site_name\" content=\"Maantieteen ja ymp\u00e4rist\u00f6politiikan tiedonhaku\" \/>\n<meta property=\"article:modified_time\" content=\"2023-06-27T09:22:43+00:00\" \/>\n<meta property=\"og:image\" content=\"https:\/\/ueflibraryfor.files.wordpress.com\/2015\/11\/dogvaara.png?w=225&amp;h=128\" \/>\n<meta name=\"twitter:card\" content=\"summary_large_image\" \/>\n<meta name=\"twitter:label1\" content=\"Arvioitu lukuaika\" \/>\n\t<meta name=\"twitter:data1\" content=\"4 minuuttia\" \/>\n<script type=\"application\/ld+json\" class=\"yoast-schema-graph\">{\"@context\":\"https:\/\/schema.org\",\"@graph\":[{\"@type\":\"WebPage\",\"@id\":\"https:\/\/blogs.uef.fi\/tiedonhaku-maantiede\/onko-lahde-luotettava\/\",\"url\":\"https:\/\/blogs.uef.fi\/tiedonhaku-maantiede\/onko-lahde-luotettava\/\",\"name\":\"Onko l\u00e4hde luotettava? - Maantieteen ja ymp\u00e4rist\u00f6politiikan tiedonhaku\",\"isPartOf\":{\"@id\":\"https:\/\/blogs.uef.fi\/tiedonhaku-maantiede\/#website\"},\"primaryImageOfPage\":{\"@id\":\"https:\/\/blogs.uef.fi\/tiedonhaku-maantiede\/onko-lahde-luotettava\/#primaryimage\"},\"image\":{\"@id\":\"https:\/\/blogs.uef.fi\/tiedonhaku-maantiede\/onko-lahde-luotettava\/#primaryimage\"},\"thumbnailUrl\":\"https:\/\/ueflibraryfor.files.wordpress.com\/2015\/11\/dogvaara.png?w=225&amp;h=128\",\"datePublished\":\"2015-11-11T13:16:05+00:00\",\"dateModified\":\"2023-06-27T09:22:43+00:00\",\"breadcrumb\":{\"@id\":\"https:\/\/blogs.uef.fi\/tiedonhaku-maantiede\/onko-lahde-luotettava\/#breadcrumb\"},\"inLanguage\":\"fi\",\"potentialAction\":[{\"@type\":\"ReadAction\",\"target\":[\"https:\/\/blogs.uef.fi\/tiedonhaku-maantiede\/onko-lahde-luotettava\/\"]}]},{\"@type\":\"ImageObject\",\"inLanguage\":\"fi\",\"@id\":\"https:\/\/blogs.uef.fi\/tiedonhaku-maantiede\/onko-lahde-luotettava\/#primaryimage\",\"url\":\"https:\/\/ueflibraryfor.files.wordpress.com\/2015\/11\/dogvaara.png?w=225&amp;h=128\",\"contentUrl\":\"https:\/\/ueflibraryfor.files.wordpress.com\/2015\/11\/dogvaara.png?w=225&amp;h=128\"},{\"@type\":\"BreadcrumbList\",\"@id\":\"https:\/\/blogs.uef.fi\/tiedonhaku-maantiede\/onko-lahde-luotettava\/#breadcrumb\",\"itemListElement\":[{\"@type\":\"ListItem\",\"position\":1,\"name\":\"Home\",\"item\":\"https:\/\/blogs.uef.fi\/tiedonhaku-maantiede\/\"},{\"@type\":\"ListItem\",\"position\":2,\"name\":\"Onko l\u00e4hde luotettava?\"}]},{\"@type\":\"WebSite\",\"@id\":\"https:\/\/blogs.uef.fi\/tiedonhaku-maantiede\/#website\",\"url\":\"https:\/\/blogs.uef.fi\/tiedonhaku-maantiede\/\",\"name\":\"Maantieteen ja ymp\u00e4rist\u00f6politiikan tiedonhaku\",\"description\":\"\",\"potentialAction\":[{\"@type\":\"SearchAction\",\"target\":{\"@type\":\"EntryPoint\",\"urlTemplate\":\"https:\/\/blogs.uef.fi\/tiedonhaku-maantiede\/?s={search_term_string}\"},\"query-input\":{\"@type\":\"PropertyValueSpecification\",\"valueRequired\":true,\"valueName\":\"search_term_string\"}}],\"inLanguage\":\"fi\"}]}<\/script>\n<!-- \/ Yoast SEO plugin. -->","yoast_head_json":{"title":"Onko l\u00e4hde luotettava? - Maantieteen ja ymp\u00e4rist\u00f6politiikan tiedonhaku","robots":{"index":"index","follow":"follow","max-snippet":"max-snippet:-1","max-image-preview":"max-image-preview:large","max-video-preview":"max-video-preview:-1"},"canonical":"https:\/\/blogs.uef.fi\/tiedonhaku-maantiede\/onko-lahde-luotettava\/","og_locale":"fi_FI","og_type":"article","og_title":"Onko l\u00e4hde luotettava? - Maantieteen ja ymp\u00e4rist\u00f6politiikan tiedonhaku","og_description":"L\u00e4hdeaineiston arviointi: valintaperusteita tietokannoissa Aiherelevanssi : onko sis\u00e4lt\u00f6 oikeaa asiaa? Ensimm\u00e4isess\u00e4 vaiheessa arvioidaan viitteiden\u2013 otsikoista,\u2013 asiasanoista ja\u2013 tiivistelmist\u00e4,ovatko ne sis\u00e4ll\u00f6llisesti etsityn aiheen mukaisia ja k\u00e4ytt\u00f6kelpoisia. Huomaa: Monissa kansainv\u00e4lisiss\u00e4 tietokannoissa tekem\u00e4si haun tulos lajitellaan listalla \u2019uusimmat ensin\u2019. Voit halutessasi vaihtaa sen relevanssiksi, jolloin parhaiten aiheeseesi sopivat tulevat listalla ensimm\u00e4iseksi. Tieteellist\u00e4 tietoa? Vaikka tieteenalakohtaiset tietokannat sis\u00e4lt\u00e4v\u00e4t luotettavampaa [&hellip;]","og_url":"https:\/\/blogs.uef.fi\/tiedonhaku-maantiede\/onko-lahde-luotettava\/","og_site_name":"Maantieteen ja ymp\u00e4rist\u00f6politiikan tiedonhaku","article_modified_time":"2023-06-27T09:22:43+00:00","og_image":[{"url":"https:\/\/ueflibraryfor.files.wordpress.com\/2015\/11\/dogvaara.png?w=225&amp;h=128","type":"","width":"","height":""}],"twitter_card":"summary_large_image","twitter_misc":{"Arvioitu lukuaika":"4 minuuttia"},"schema":{"@context":"https:\/\/schema.org","@graph":[{"@type":"WebPage","@id":"https:\/\/blogs.uef.fi\/tiedonhaku-maantiede\/onko-lahde-luotettava\/","url":"https:\/\/blogs.uef.fi\/tiedonhaku-maantiede\/onko-lahde-luotettava\/","name":"Onko l\u00e4hde luotettava? - Maantieteen ja ymp\u00e4rist\u00f6politiikan tiedonhaku","isPartOf":{"@id":"https:\/\/blogs.uef.fi\/tiedonhaku-maantiede\/#website"},"primaryImageOfPage":{"@id":"https:\/\/blogs.uef.fi\/tiedonhaku-maantiede\/onko-lahde-luotettava\/#primaryimage"},"image":{"@id":"https:\/\/blogs.uef.fi\/tiedonhaku-maantiede\/onko-lahde-luotettava\/#primaryimage"},"thumbnailUrl":"https:\/\/ueflibraryfor.files.wordpress.com\/2015\/11\/dogvaara.png?w=225&amp;h=128","datePublished":"2015-11-11T13:16:05+00:00","dateModified":"2023-06-27T09:22:43+00:00","breadcrumb":{"@id":"https:\/\/blogs.uef.fi\/tiedonhaku-maantiede\/onko-lahde-luotettava\/#breadcrumb"},"inLanguage":"fi","potentialAction":[{"@type":"ReadAction","target":["https:\/\/blogs.uef.fi\/tiedonhaku-maantiede\/onko-lahde-luotettava\/"]}]},{"@type":"ImageObject","inLanguage":"fi","@id":"https:\/\/blogs.uef.fi\/tiedonhaku-maantiede\/onko-lahde-luotettava\/#primaryimage","url":"https:\/\/ueflibraryfor.files.wordpress.com\/2015\/11\/dogvaara.png?w=225&amp;h=128","contentUrl":"https:\/\/ueflibraryfor.files.wordpress.com\/2015\/11\/dogvaara.png?w=225&amp;h=128"},{"@type":"BreadcrumbList","@id":"https:\/\/blogs.uef.fi\/tiedonhaku-maantiede\/onko-lahde-luotettava\/#breadcrumb","itemListElement":[{"@type":"ListItem","position":1,"name":"Home","item":"https:\/\/blogs.uef.fi\/tiedonhaku-maantiede\/"},{"@type":"ListItem","position":2,"name":"Onko l\u00e4hde luotettava?"}]},{"@type":"WebSite","@id":"https:\/\/blogs.uef.fi\/tiedonhaku-maantiede\/#website","url":"https:\/\/blogs.uef.fi\/tiedonhaku-maantiede\/","name":"Maantieteen ja ymp\u00e4rist\u00f6politiikan tiedonhaku","description":"","potentialAction":[{"@type":"SearchAction","target":{"@type":"EntryPoint","urlTemplate":"https:\/\/blogs.uef.fi\/tiedonhaku-maantiede\/?s={search_term_string}"},"query-input":{"@type":"PropertyValueSpecification","valueRequired":true,"valueName":"search_term_string"}}],"inLanguage":"fi"}]}},"_links":{"self":[{"href":"https:\/\/blogs.uef.fi\/tiedonhaku-maantiede\/wp-json\/wp\/v2\/pages\/126","targetHints":{"allow":["GET"]}}],"collection":[{"href":"https:\/\/blogs.uef.fi\/tiedonhaku-maantiede\/wp-json\/wp\/v2\/pages"}],"about":[{"href":"https:\/\/blogs.uef.fi\/tiedonhaku-maantiede\/wp-json\/wp\/v2\/types\/page"}],"author":[{"embeddable":true,"href":"https:\/\/blogs.uef.fi\/tiedonhaku-maantiede\/wp-json\/wp\/v2\/users\/127"}],"replies":[{"embeddable":true,"href":"https:\/\/blogs.uef.fi\/tiedonhaku-maantiede\/wp-json\/wp\/v2\/comments?post=126"}],"version-history":[{"count":2,"href":"https:\/\/blogs.uef.fi\/tiedonhaku-maantiede\/wp-json\/wp\/v2\/pages\/126\/revisions"}],"predecessor-version":[{"id":2062,"href":"https:\/\/blogs.uef.fi\/tiedonhaku-maantiede\/wp-json\/wp\/v2\/pages\/126\/revisions\/2062"}],"wp:attachment":[{"href":"https:\/\/blogs.uef.fi\/tiedonhaku-maantiede\/wp-json\/wp\/v2\/media?parent=126"}],"curies":[{"name":"wp","href":"https:\/\/api.w.org\/{rel}","templated":true}]}}