{"id":107,"date":"2015-11-11T12:58:26","date_gmt":"2015-11-11T12:58:26","guid":{"rendered":"https:\/\/ueflibrarygeo.wordpress.com\/?page_id=107"},"modified":"2023-06-27T12:00:02","modified_gmt":"2023-06-27T09:00:02","slug":"tarkempia-tuloksia","status":"publish","type":"page","link":"https:\/\/blogs.uef.fi\/tiedonhaku-maantiede\/tarkempia-tuloksia\/","title":{"rendered":"Tarkempia tuloksia"},"content":{"rendered":"\n<h2 class=\"wp-block-heading\">Kun saat liian paljon ja\/tai ep\u00e4tarkkoja tuloksia<\/h2>\n\n\n\n<ul class=\"wp-block-list\">\n<li>mieti, ovatko hakusanasi <strong>liian yleisi\u00e4<\/strong><\/li>\n\n\n\n<li>kokeile suppeampia, <strong>aihettasi t\u00e4sm\u00e4llisemmin<\/strong> kuvaavia hakusanoja<\/li>\n<\/ul>\n\n\n\n<p>ymp\u00e4rist\u00f6haitat -&gt; melu<br>melu -&gt; liikennemelu<em><br><\/em><\/p>\n\n\n\n<ul class=\"wp-block-list\">\n<li><strong>poista<\/strong> hakusanat tai sanankatkaisut, jotka tuovat paljon aiheeseen liittym\u00e4tt\u00f6mi\u00e4 tuloksia<\/li>\n<\/ul>\n\n\n\n<p>katkaistu sana <em>puu*<\/em> viittaa liian moneen asiaan<br>(esim. puutarha, puutos, puuvilla)<\/p>\n\n\n\n<ul class=\"wp-block-list\">\n<li>rajaa hakua <strong>otsikko-kentt\u00e4\u00e4n<\/strong><\/li>\n\n\n\n<li>rajaa hakua <strong>asiasanakentt\u00e4\u00e4n<\/strong>, mik\u00e4li mahdollista (sanaston sanalla). Ks. <a href=\"https:\/\/blogs.uef.fi\/tiedonhaku-maantiede\/asiasanastot\/\" target=\"_blank\" rel=\"noopener noreferrer\">asiasanahausta<\/a> (linkki aukeaa uuteen ikkunaan)<\/li>\n\n\n\n<li>lis\u00e4\u00e4 hakuun <strong>rajoittavia sanoja<\/strong> (AND:lla; AND-kytkettyj\u00e4 voi olla vaikka kuinka paljon)<\/li>\n<\/ul>\n\n\n\n<p>luontosuhde AND mets\u00e4t -&gt; luontosuhde AND mets\u00e4t AND lapset<em><br><\/em><\/p>\n\n\n\n<ul class=\"wp-block-list\">\n<li>joskus on hy\u00f6dyllist\u00e4 k\u00e4ytt\u00e4\u00e4 rajaavana termin\u00e4 <strong>hyvin laajaa<\/strong>, koko aihealuetta raajaavaa termi\u00e4:<\/li>\n<\/ul>\n\n\n\n<p>ymp\u00e4rist\u00f6n saastuminen -&gt; ymp\u00e4rist\u00f6n saastuminen and yhteiskun?<\/p>\n\n\n\n<p>(t\u00e4ss\u00e4 siis yhteiskunta ja yhteiskunnallinen eri taivutusmuotoineen ja johdannaisineen)<\/p>\n\n\n\n<ul class=\"wp-block-list\">\n<li>k\u00e4yt\u00e4<strong> fraasia<\/strong> AND-operaation sijaan<\/li>\n<\/ul>\n\n\n\n<p>landscape AND ecology -&gt;\u201dlandscape ecology\u201d<\/p>\n\n\n\n<ul class=\"wp-block-list\">\n<li><strong>v\u00e4henn\u00e4 rinnakkaistermej\u00e4<\/strong> (Mutta \u00e4l\u00e4 muuta ORia ANDiksi, sill\u00e4 silloin hakulogiikka muuttuu virheelliseksi)<\/li>\n<\/ul>\n\n\n\n<p>mielikuvat OR k\u00e4sitykset OR asenteet -&gt; mielikuvat OR k\u00e4sitykset<em><br><\/em><\/p>\n\n\n\n<ul class=\"wp-block-list\">\n<li>kokeile sulkea joitakin sanoja hakutuloksen <strong>ulkopuollelle NOT<\/strong>-operaattorilla<\/li>\n<\/ul>\n\n\n\n<p>kulttuurimaantiede NOT matkailu<em><br><\/em><\/p>\n\n\n\n<ul class=\"wp-block-list\">\n<li>rajaa hakua esim.<strong> julkaisuvuodella, -kielell\u00e4 tai -tyypill\u00e4<\/strong> (esim. peer review\/scholarly-lehtiin)<\/li>\n<\/ul>\n","protected":false},"excerpt":{"rendered":"<p>Kun saat liian paljon ja\/tai ep\u00e4tarkkoja tuloksia ymp\u00e4rist\u00f6haitat -&gt; melumelu -&gt; liikennemelu katkaistu sana puu* viittaa liian moneen asiaan(esim. puutarha, puutos, puuvilla) luontosuhde AND mets\u00e4t -&gt; luontosuhde AND mets\u00e4t AND lapset ymp\u00e4rist\u00f6n saastuminen -&gt; ymp\u00e4rist\u00f6n saastuminen and yhteiskun? (t\u00e4ss\u00e4 siis yhteiskunta ja yhteiskunnallinen eri taivutusmuotoineen ja johdannaisineen) landscape AND ecology -&gt;\u201dlandscape ecology\u201d mielikuvat OR k\u00e4sitykset [&hellip;]<\/p>\n","protected":false},"author":127,"featured_media":0,"parent":0,"menu_order":0,"comment_status":"closed","ping_status":"closed","template":"","meta":{"_acf_changed":false,"footnotes":""},"class_list":["post-107","page","type-page","status-publish","hentry"],"acf":[],"yoast_head":"<!-- This site is optimized with the Yoast SEO plugin v27.1.1 - https:\/\/yoast.com\/product\/yoast-seo-wordpress\/ -->\n<title>Tarkempia tuloksia - Maantieteen ja ymp\u00e4rist\u00f6politiikan tiedonhaku<\/title>\n<meta name=\"robots\" content=\"index, follow, max-snippet:-1, max-image-preview:large, max-video-preview:-1\" \/>\n<link rel=\"canonical\" href=\"https:\/\/blogs.uef.fi\/tiedonhaku-maantiede\/tarkempia-tuloksia\/\" \/>\n<meta property=\"og:locale\" content=\"fi_FI\" \/>\n<meta property=\"og:type\" content=\"article\" \/>\n<meta property=\"og:title\" content=\"Tarkempia tuloksia - Maantieteen ja ymp\u00e4rist\u00f6politiikan tiedonhaku\" \/>\n<meta property=\"og:description\" content=\"Kun saat liian paljon ja\/tai ep\u00e4tarkkoja tuloksia ymp\u00e4rist\u00f6haitat -&gt; melumelu -&gt; liikennemelu katkaistu sana puu* viittaa liian moneen asiaan(esim. puutarha, puutos, puuvilla) luontosuhde AND mets\u00e4t -&gt; luontosuhde AND mets\u00e4t AND lapset ymp\u00e4rist\u00f6n saastuminen -&gt; ymp\u00e4rist\u00f6n saastuminen and yhteiskun? (t\u00e4ss\u00e4 siis yhteiskunta ja yhteiskunnallinen eri taivutusmuotoineen ja johdannaisineen) landscape AND ecology -&gt;\u201dlandscape ecology\u201d mielikuvat OR k\u00e4sitykset [&hellip;]\" \/>\n<meta property=\"og:url\" content=\"https:\/\/blogs.uef.fi\/tiedonhaku-maantiede\/tarkempia-tuloksia\/\" \/>\n<meta property=\"og:site_name\" content=\"Maantieteen ja ymp\u00e4rist\u00f6politiikan tiedonhaku\" \/>\n<meta property=\"article:modified_time\" content=\"2023-06-27T09:00:02+00:00\" \/>\n<meta name=\"twitter:card\" content=\"summary_large_image\" \/>\n<meta name=\"twitter:label1\" content=\"Arvioitu lukuaika\" \/>\n\t<meta name=\"twitter:data1\" content=\"2 minuuttia\" \/>\n<script type=\"application\/ld+json\" class=\"yoast-schema-graph\">{\"@context\":\"https:\/\/schema.org\",\"@graph\":[{\"@type\":\"WebPage\",\"@id\":\"https:\/\/blogs.uef.fi\/tiedonhaku-maantiede\/tarkempia-tuloksia\/\",\"url\":\"https:\/\/blogs.uef.fi\/tiedonhaku-maantiede\/tarkempia-tuloksia\/\",\"name\":\"Tarkempia tuloksia - Maantieteen ja ymp\u00e4rist\u00f6politiikan tiedonhaku\",\"isPartOf\":{\"@id\":\"https:\/\/blogs.uef.fi\/tiedonhaku-maantiede\/#website\"},\"datePublished\":\"2015-11-11T12:58:26+00:00\",\"dateModified\":\"2023-06-27T09:00:02+00:00\",\"breadcrumb\":{\"@id\":\"https:\/\/blogs.uef.fi\/tiedonhaku-maantiede\/tarkempia-tuloksia\/#breadcrumb\"},\"inLanguage\":\"fi\",\"potentialAction\":[{\"@type\":\"ReadAction\",\"target\":[\"https:\/\/blogs.uef.fi\/tiedonhaku-maantiede\/tarkempia-tuloksia\/\"]}]},{\"@type\":\"BreadcrumbList\",\"@id\":\"https:\/\/blogs.uef.fi\/tiedonhaku-maantiede\/tarkempia-tuloksia\/#breadcrumb\",\"itemListElement\":[{\"@type\":\"ListItem\",\"position\":1,\"name\":\"Home\",\"item\":\"https:\/\/blogs.uef.fi\/tiedonhaku-maantiede\/\"},{\"@type\":\"ListItem\",\"position\":2,\"name\":\"Tarkempia tuloksia\"}]},{\"@type\":\"WebSite\",\"@id\":\"https:\/\/blogs.uef.fi\/tiedonhaku-maantiede\/#website\",\"url\":\"https:\/\/blogs.uef.fi\/tiedonhaku-maantiede\/\",\"name\":\"Maantieteen ja ymp\u00e4rist\u00f6politiikan tiedonhaku\",\"description\":\"\",\"potentialAction\":[{\"@type\":\"SearchAction\",\"target\":{\"@type\":\"EntryPoint\",\"urlTemplate\":\"https:\/\/blogs.uef.fi\/tiedonhaku-maantiede\/?s={search_term_string}\"},\"query-input\":{\"@type\":\"PropertyValueSpecification\",\"valueRequired\":true,\"valueName\":\"search_term_string\"}}],\"inLanguage\":\"fi\"}]}<\/script>\n<!-- \/ Yoast SEO plugin. -->","yoast_head_json":{"title":"Tarkempia tuloksia - Maantieteen ja ymp\u00e4rist\u00f6politiikan tiedonhaku","robots":{"index":"index","follow":"follow","max-snippet":"max-snippet:-1","max-image-preview":"max-image-preview:large","max-video-preview":"max-video-preview:-1"},"canonical":"https:\/\/blogs.uef.fi\/tiedonhaku-maantiede\/tarkempia-tuloksia\/","og_locale":"fi_FI","og_type":"article","og_title":"Tarkempia tuloksia - Maantieteen ja ymp\u00e4rist\u00f6politiikan tiedonhaku","og_description":"Kun saat liian paljon ja\/tai ep\u00e4tarkkoja tuloksia ymp\u00e4rist\u00f6haitat -&gt; melumelu -&gt; liikennemelu katkaistu sana puu* viittaa liian moneen asiaan(esim. puutarha, puutos, puuvilla) luontosuhde AND mets\u00e4t -&gt; luontosuhde AND mets\u00e4t AND lapset ymp\u00e4rist\u00f6n saastuminen -&gt; ymp\u00e4rist\u00f6n saastuminen and yhteiskun? (t\u00e4ss\u00e4 siis yhteiskunta ja yhteiskunnallinen eri taivutusmuotoineen ja johdannaisineen) landscape AND ecology -&gt;\u201dlandscape ecology\u201d mielikuvat OR k\u00e4sitykset [&hellip;]","og_url":"https:\/\/blogs.uef.fi\/tiedonhaku-maantiede\/tarkempia-tuloksia\/","og_site_name":"Maantieteen ja ymp\u00e4rist\u00f6politiikan tiedonhaku","article_modified_time":"2023-06-27T09:00:02+00:00","twitter_card":"summary_large_image","twitter_misc":{"Arvioitu lukuaika":"2 minuuttia"},"schema":{"@context":"https:\/\/schema.org","@graph":[{"@type":"WebPage","@id":"https:\/\/blogs.uef.fi\/tiedonhaku-maantiede\/tarkempia-tuloksia\/","url":"https:\/\/blogs.uef.fi\/tiedonhaku-maantiede\/tarkempia-tuloksia\/","name":"Tarkempia tuloksia - Maantieteen ja ymp\u00e4rist\u00f6politiikan tiedonhaku","isPartOf":{"@id":"https:\/\/blogs.uef.fi\/tiedonhaku-maantiede\/#website"},"datePublished":"2015-11-11T12:58:26+00:00","dateModified":"2023-06-27T09:00:02+00:00","breadcrumb":{"@id":"https:\/\/blogs.uef.fi\/tiedonhaku-maantiede\/tarkempia-tuloksia\/#breadcrumb"},"inLanguage":"fi","potentialAction":[{"@type":"ReadAction","target":["https:\/\/blogs.uef.fi\/tiedonhaku-maantiede\/tarkempia-tuloksia\/"]}]},{"@type":"BreadcrumbList","@id":"https:\/\/blogs.uef.fi\/tiedonhaku-maantiede\/tarkempia-tuloksia\/#breadcrumb","itemListElement":[{"@type":"ListItem","position":1,"name":"Home","item":"https:\/\/blogs.uef.fi\/tiedonhaku-maantiede\/"},{"@type":"ListItem","position":2,"name":"Tarkempia tuloksia"}]},{"@type":"WebSite","@id":"https:\/\/blogs.uef.fi\/tiedonhaku-maantiede\/#website","url":"https:\/\/blogs.uef.fi\/tiedonhaku-maantiede\/","name":"Maantieteen ja ymp\u00e4rist\u00f6politiikan tiedonhaku","description":"","potentialAction":[{"@type":"SearchAction","target":{"@type":"EntryPoint","urlTemplate":"https:\/\/blogs.uef.fi\/tiedonhaku-maantiede\/?s={search_term_string}"},"query-input":{"@type":"PropertyValueSpecification","valueRequired":true,"valueName":"search_term_string"}}],"inLanguage":"fi"}]}},"_links":{"self":[{"href":"https:\/\/blogs.uef.fi\/tiedonhaku-maantiede\/wp-json\/wp\/v2\/pages\/107","targetHints":{"allow":["GET"]}}],"collection":[{"href":"https:\/\/blogs.uef.fi\/tiedonhaku-maantiede\/wp-json\/wp\/v2\/pages"}],"about":[{"href":"https:\/\/blogs.uef.fi\/tiedonhaku-maantiede\/wp-json\/wp\/v2\/types\/page"}],"author":[{"embeddable":true,"href":"https:\/\/blogs.uef.fi\/tiedonhaku-maantiede\/wp-json\/wp\/v2\/users\/127"}],"replies":[{"embeddable":true,"href":"https:\/\/blogs.uef.fi\/tiedonhaku-maantiede\/wp-json\/wp\/v2\/comments?post=107"}],"version-history":[{"count":2,"href":"https:\/\/blogs.uef.fi\/tiedonhaku-maantiede\/wp-json\/wp\/v2\/pages\/107\/revisions"}],"predecessor-version":[{"id":2017,"href":"https:\/\/blogs.uef.fi\/tiedonhaku-maantiede\/wp-json\/wp\/v2\/pages\/107\/revisions\/2017"}],"wp:attachment":[{"href":"https:\/\/blogs.uef.fi\/tiedonhaku-maantiede\/wp-json\/wp\/v2\/media?parent=107"}],"curies":[{"name":"wp","href":"https:\/\/api.w.org\/{rel}","templated":true}]}}