{"id":506,"date":"2021-08-09T15:48:54","date_gmt":"2021-08-09T12:48:54","guid":{"rendered":"https:\/\/blogs.uef.fi\/tiedonhaku-logopedia\/?page_id=506"},"modified":"2023-06-27T10:04:46","modified_gmt":"2023-06-27T07:04:46","slug":"primo","status":"publish","type":"page","link":"https:\/\/blogs.uef.fi\/tiedonhaku-logopedia\/primo\/","title":{"rendered":"Primo"},"content":{"rendered":"\n<p>UEF-Primo on hakupalvelu, josta l\u00f6ytyy yhdest\u00e4 osoitteesta linkit kaikkiin kirjaston hankkimiin aineistoihin. UEF-Primosta p\u00e4\u00e4set <\/p>\n\n\n\n<ul class=\"wp-block-list\">\n<li>hakemaan kirjaston kokoelmiin kuuluviin kirjoja ja lehti\u00e4 sek\u00e4 tieteellisi\u00e4 artikkeleita. <\/li>\n\n\n\n<li>uusimaan omia lainoja sek\u00e4 varaamaan kirjoja<\/li>\n\n\n\n<li>tietokantojen omiin liittymiin ja e-lehtiin. (Kansainv\u00e4lisi\u00e4 tietokantoja k\u00e4sitell\u00e4\u00e4n enemm\u00e4n kolmen vuosikurssin Logopedian tiedonhaku-kurssilla.)<\/li>\n<\/ul>\n\n\n\n<p>UEF-Primossa voit tehd\u00e4 hakua:<\/p>\n\n\n\n<ul class=\"wp-block-list\">\n<li><strong>Kirjaston kokoelmista<\/strong>: UEF kirjaston hankkimat kirjat ja lehdet (painetut ja verkkossa olevat) sek\u00e4 tietokannat, hakuteokset ym.<\/li>\n\n\n\n<li><strong>Kansainv\u00e4lisist\u00e4 artikkeleista<\/strong>: haku sis\u00e4lt\u00e4\u00e4 artikkelien lis\u00e4ksi hyvin monenlaisia muitakin aineistoja.<\/li>\n\n\n\n<li><strong>S\u00e4hk\u00f6isist\u00e4 aineistoista<\/strong>: mik\u00e4 on l\u00e4hes sama kuin Kansainv\u00e4liset artikkelit, mutta lis\u00e4ksi haun piiriss\u00e4 ovat hakuteokset, tietokannat ym. kirjaston omat e-aineistot.<\/li>\n\n\n\n<li><strong>Kaikista aineistoista<\/strong>: sis\u00e4lt\u00e4\u00e4 kaikki edell\u00e4 mainitut yhdess\u00e4.<\/li>\n<\/ul>\n\n\n\n<p>Kotimaisia, suomeksi julkaistuja lehtiartikkeleita ei UEF-Primosta juuri l\u00f6ydy. N\u00e4it\u00e4 pit\u00e4\u00e4 hakea ensisijaisesti kansallisen <a href=\"https:\/\/finna.fi\/\">Finnan kautta<\/a>.<\/p>\n\n\n\n<p>Primosta l\u00f6ytyy useita oppaita kirjaston sivuilta. T\u00e4ss\u00e4 muutamia hy\u00f6dyllisi\u00e4 oppaita: <\/p>\n\n\n\n<ul class=\"wp-block-list\">\n<li><a href=\"https:\/\/www.uef.fi\/fi\/kirjasto\/uef-primo-pikaopas\">UEF-Primo pikaopas<\/a> <\/li>\n\n\n\n<li><a href=\"https:\/\/blogs.uef.fi\/ueflibrary\/uef-primo-usein-kysyttya\/\">UEF-Primo \u2013 Usein kysytty\u00e4<\/a><\/li>\n<\/ul>\n\n\n\n<p>L\u00e4hde: Mukaillen It\u00e4-Suomen yliopiston kirjasto. Mets\u00e4tieteen tiedonhaku [verkkosivusto]. Saatavilla: https:\/\/blogs.uef.fi\/tiedonhaku-metsatiede\/<\/p>\n","protected":false},"excerpt":{"rendered":"<p>UEF-Primo on hakupalvelu, josta l\u00f6ytyy yhdest\u00e4 osoitteesta linkit kaikkiin kirjaston hankkimiin aineistoihin. UEF-Primosta p\u00e4\u00e4set UEF-Primossa voit tehd\u00e4 hakua: Kotimaisia, suomeksi julkaistuja lehtiartikkeleita ei UEF-Primosta juuri l\u00f6ydy. N\u00e4it\u00e4 pit\u00e4\u00e4 hakea ensisijaisesti kansallisen Finnan kautta. Primosta l\u00f6ytyy useita oppaita kirjaston sivuilta. T\u00e4ss\u00e4 muutamia hy\u00f6dyllisi\u00e4 oppaita: L\u00e4hde: Mukaillen It\u00e4-Suomen yliopiston kirjasto. Mets\u00e4tieteen tiedonhaku [verkkosivusto]. Saatavilla: https:\/\/blogs.uef.fi\/tiedonhaku-metsatiede\/<\/p>\n","protected":false},"author":403,"featured_media":0,"parent":0,"menu_order":0,"comment_status":"closed","ping_status":"closed","template":"","meta":{"_acf_changed":false,"footnotes":""},"class_list":["post-506","page","type-page","status-publish","hentry"],"acf":[],"yoast_head":"<!-- This site is optimized with the Yoast SEO plugin v27.1.1 - https:\/\/yoast.com\/product\/yoast-seo-wordpress\/ -->\n<title>Primo - Logopedian tiedonhaku<\/title>\n<meta name=\"robots\" content=\"index, follow, max-snippet:-1, max-image-preview:large, max-video-preview:-1\" \/>\n<link rel=\"canonical\" href=\"https:\/\/blogs.uef.fi\/tiedonhaku-logopedia\/primo\/\" \/>\n<meta property=\"og:locale\" content=\"fi_FI\" \/>\n<meta property=\"og:type\" content=\"article\" \/>\n<meta property=\"og:title\" content=\"Primo - Logopedian tiedonhaku\" \/>\n<meta property=\"og:description\" content=\"UEF-Primo on hakupalvelu, josta l\u00f6ytyy yhdest\u00e4 osoitteesta linkit kaikkiin kirjaston hankkimiin aineistoihin. UEF-Primosta p\u00e4\u00e4set UEF-Primossa voit tehd\u00e4 hakua: Kotimaisia, suomeksi julkaistuja lehtiartikkeleita ei UEF-Primosta juuri l\u00f6ydy. N\u00e4it\u00e4 pit\u00e4\u00e4 hakea ensisijaisesti kansallisen Finnan kautta. Primosta l\u00f6ytyy useita oppaita kirjaston sivuilta. T\u00e4ss\u00e4 muutamia hy\u00f6dyllisi\u00e4 oppaita: L\u00e4hde: Mukaillen It\u00e4-Suomen yliopiston kirjasto. Mets\u00e4tieteen tiedonhaku [verkkosivusto]. Saatavilla: https:\/\/blogs.uef.fi\/tiedonhaku-metsatiede\/\" \/>\n<meta property=\"og:url\" content=\"https:\/\/blogs.uef.fi\/tiedonhaku-logopedia\/primo\/\" \/>\n<meta property=\"og:site_name\" content=\"Logopedian tiedonhaku\" \/>\n<meta property=\"article:modified_time\" content=\"2023-06-27T07:04:46+00:00\" \/>\n<meta name=\"twitter:card\" content=\"summary_large_image\" \/>\n<meta name=\"twitter:label1\" content=\"Arvioitu lukuaika\" \/>\n\t<meta name=\"twitter:data1\" content=\"1 minuutti\" \/>\n<script type=\"application\/ld+json\" class=\"yoast-schema-graph\">{\"@context\":\"https:\/\/schema.org\",\"@graph\":[{\"@type\":\"WebPage\",\"@id\":\"https:\/\/blogs.uef.fi\/tiedonhaku-logopedia\/primo\/\",\"url\":\"https:\/\/blogs.uef.fi\/tiedonhaku-logopedia\/primo\/\",\"name\":\"Primo - Logopedian tiedonhaku\",\"isPartOf\":{\"@id\":\"https:\/\/blogs.uef.fi\/tiedonhaku-logopedia\/#website\"},\"datePublished\":\"2021-08-09T12:48:54+00:00\",\"dateModified\":\"2023-06-27T07:04:46+00:00\",\"breadcrumb\":{\"@id\":\"https:\/\/blogs.uef.fi\/tiedonhaku-logopedia\/primo\/#breadcrumb\"},\"inLanguage\":\"fi\",\"potentialAction\":[{\"@type\":\"ReadAction\",\"target\":[\"https:\/\/blogs.uef.fi\/tiedonhaku-logopedia\/primo\/\"]}]},{\"@type\":\"BreadcrumbList\",\"@id\":\"https:\/\/blogs.uef.fi\/tiedonhaku-logopedia\/primo\/#breadcrumb\",\"itemListElement\":[{\"@type\":\"ListItem\",\"position\":1,\"name\":\"Home\",\"item\":\"https:\/\/blogs.uef.fi\/tiedonhaku-logopedia\/\"},{\"@type\":\"ListItem\",\"position\":2,\"name\":\"Primo\"}]},{\"@type\":\"WebSite\",\"@id\":\"https:\/\/blogs.uef.fi\/tiedonhaku-logopedia\/#website\",\"url\":\"https:\/\/blogs.uef.fi\/tiedonhaku-logopedia\/\",\"name\":\"Logopedian tiedonhaku\",\"description\":\"\",\"potentialAction\":[{\"@type\":\"SearchAction\",\"target\":{\"@type\":\"EntryPoint\",\"urlTemplate\":\"https:\/\/blogs.uef.fi\/tiedonhaku-logopedia\/?s={search_term_string}\"},\"query-input\":{\"@type\":\"PropertyValueSpecification\",\"valueRequired\":true,\"valueName\":\"search_term_string\"}}],\"inLanguage\":\"fi\"}]}<\/script>\n<!-- \/ Yoast SEO plugin. -->","yoast_head_json":{"title":"Primo - Logopedian tiedonhaku","robots":{"index":"index","follow":"follow","max-snippet":"max-snippet:-1","max-image-preview":"max-image-preview:large","max-video-preview":"max-video-preview:-1"},"canonical":"https:\/\/blogs.uef.fi\/tiedonhaku-logopedia\/primo\/","og_locale":"fi_FI","og_type":"article","og_title":"Primo - Logopedian tiedonhaku","og_description":"UEF-Primo on hakupalvelu, josta l\u00f6ytyy yhdest\u00e4 osoitteesta linkit kaikkiin kirjaston hankkimiin aineistoihin. UEF-Primosta p\u00e4\u00e4set UEF-Primossa voit tehd\u00e4 hakua: Kotimaisia, suomeksi julkaistuja lehtiartikkeleita ei UEF-Primosta juuri l\u00f6ydy. N\u00e4it\u00e4 pit\u00e4\u00e4 hakea ensisijaisesti kansallisen Finnan kautta. Primosta l\u00f6ytyy useita oppaita kirjaston sivuilta. T\u00e4ss\u00e4 muutamia hy\u00f6dyllisi\u00e4 oppaita: L\u00e4hde: Mukaillen It\u00e4-Suomen yliopiston kirjasto. Mets\u00e4tieteen tiedonhaku [verkkosivusto]. Saatavilla: https:\/\/blogs.uef.fi\/tiedonhaku-metsatiede\/","og_url":"https:\/\/blogs.uef.fi\/tiedonhaku-logopedia\/primo\/","og_site_name":"Logopedian tiedonhaku","article_modified_time":"2023-06-27T07:04:46+00:00","twitter_card":"summary_large_image","twitter_misc":{"Arvioitu lukuaika":"1 minuutti"},"schema":{"@context":"https:\/\/schema.org","@graph":[{"@type":"WebPage","@id":"https:\/\/blogs.uef.fi\/tiedonhaku-logopedia\/primo\/","url":"https:\/\/blogs.uef.fi\/tiedonhaku-logopedia\/primo\/","name":"Primo - Logopedian tiedonhaku","isPartOf":{"@id":"https:\/\/blogs.uef.fi\/tiedonhaku-logopedia\/#website"},"datePublished":"2021-08-09T12:48:54+00:00","dateModified":"2023-06-27T07:04:46+00:00","breadcrumb":{"@id":"https:\/\/blogs.uef.fi\/tiedonhaku-logopedia\/primo\/#breadcrumb"},"inLanguage":"fi","potentialAction":[{"@type":"ReadAction","target":["https:\/\/blogs.uef.fi\/tiedonhaku-logopedia\/primo\/"]}]},{"@type":"BreadcrumbList","@id":"https:\/\/blogs.uef.fi\/tiedonhaku-logopedia\/primo\/#breadcrumb","itemListElement":[{"@type":"ListItem","position":1,"name":"Home","item":"https:\/\/blogs.uef.fi\/tiedonhaku-logopedia\/"},{"@type":"ListItem","position":2,"name":"Primo"}]},{"@type":"WebSite","@id":"https:\/\/blogs.uef.fi\/tiedonhaku-logopedia\/#website","url":"https:\/\/blogs.uef.fi\/tiedonhaku-logopedia\/","name":"Logopedian tiedonhaku","description":"","potentialAction":[{"@type":"SearchAction","target":{"@type":"EntryPoint","urlTemplate":"https:\/\/blogs.uef.fi\/tiedonhaku-logopedia\/?s={search_term_string}"},"query-input":{"@type":"PropertyValueSpecification","valueRequired":true,"valueName":"search_term_string"}}],"inLanguage":"fi"}]}},"_links":{"self":[{"href":"https:\/\/blogs.uef.fi\/tiedonhaku-logopedia\/wp-json\/wp\/v2\/pages\/506","targetHints":{"allow":["GET"]}}],"collection":[{"href":"https:\/\/blogs.uef.fi\/tiedonhaku-logopedia\/wp-json\/wp\/v2\/pages"}],"about":[{"href":"https:\/\/blogs.uef.fi\/tiedonhaku-logopedia\/wp-json\/wp\/v2\/types\/page"}],"author":[{"embeddable":true,"href":"https:\/\/blogs.uef.fi\/tiedonhaku-logopedia\/wp-json\/wp\/v2\/users\/403"}],"replies":[{"embeddable":true,"href":"https:\/\/blogs.uef.fi\/tiedonhaku-logopedia\/wp-json\/wp\/v2\/comments?post=506"}],"version-history":[{"count":2,"href":"https:\/\/blogs.uef.fi\/tiedonhaku-logopedia\/wp-json\/wp\/v2\/pages\/506\/revisions"}],"predecessor-version":[{"id":1137,"href":"https:\/\/blogs.uef.fi\/tiedonhaku-logopedia\/wp-json\/wp\/v2\/pages\/506\/revisions\/1137"}],"wp:attachment":[{"href":"https:\/\/blogs.uef.fi\/tiedonhaku-logopedia\/wp-json\/wp\/v2\/media?parent=506"}],"curies":[{"name":"wp","href":"https:\/\/api.w.org\/{rel}","templated":true}]}}