{"id":331,"date":"2021-08-06T11:14:50","date_gmt":"2021-08-06T08:14:50","guid":{"rendered":"https:\/\/blogs.uef.fi\/tiedonhaku-logopedia\/?page_id=331"},"modified":"2023-06-27T10:02:59","modified_gmt":"2023-06-27T07:02:59","slug":"apukeinoja-tiedonhaun-suunnitteluun","status":"publish","type":"page","link":"https:\/\/blogs.uef.fi\/tiedonhaku-logopedia\/apukeinoja-tiedonhaun-suunnitteluun\/","title":{"rendered":"Apukeinoja suunnitteluun"},"content":{"rendered":"\n<p>Tiedonhaun suunnittelussa apuna voi k\u00e4ytt\u00e4\u00e4 esimerkiksi <\/p>\n\n\n\n<ul class=\"wp-block-list\">\n<li>hakusanalistausta esimerkiksi taulukon tai k\u00e4sikartan muodossa<\/li>\n\n\n\n<li>hakutulosten tallentamista (esimerkiksi Primossa)<\/li>\n\n\n\n<li>hakusuunnitelmaa<\/li>\n\n\n\n<li>hakup\u00e4iv\u00e4kirjaa<\/li>\n\n\n\n<li>tiedonhakijan portfoliota<\/li>\n<\/ul>\n\n\n\n<p>N\u00e4iden apukeinojen k\u00e4ytt\u00e4minen ei ole pakollinen osa tiedonhakua, mutta ne auttavat  analysoimaan hakuprosessia ja hahmottamaan kuinka tiedonhakua voi kehitt\u00e4\u00e4 haluttuun suuntaan. Esimerkiksi hakup\u00e4iv\u00e4kirjan tai -suunnitelman avulla voi k\u00e4tev\u00e4sti dokumentoida mit\u00e4 hakusanoja- ja lauseita on k\u00e4ytetty. <\/p>\n\n\n\n<h2 class=\"wp-block-heading\">Vinkki<\/h2>\n\n\n\n<p>K\u00e4sitekartan avulla saat hahmoteltua hakusanojen v\u00e4lisi\u00e4 riippuvuuksia ja suhteita. <\/p>\n\n\n\n<p>Taulukon avulla on helppo hahmotella synonyymeja ja rinnakkaistermej\u00e4. <\/p>\n\n\n\n<p> <\/p>\n","protected":false},"excerpt":{"rendered":"<p>Tiedonhaun suunnittelussa apuna voi k\u00e4ytt\u00e4\u00e4 esimerkiksi N\u00e4iden apukeinojen k\u00e4ytt\u00e4minen ei ole pakollinen osa tiedonhakua, mutta ne auttavat analysoimaan hakuprosessia ja hahmottamaan kuinka tiedonhakua voi kehitt\u00e4\u00e4 haluttuun suuntaan. Esimerkiksi hakup\u00e4iv\u00e4kirjan tai -suunnitelman avulla voi k\u00e4tev\u00e4sti dokumentoida mit\u00e4 hakusanoja- ja lauseita on k\u00e4ytetty. Vinkki K\u00e4sitekartan avulla saat hahmoteltua hakusanojen v\u00e4lisi\u00e4 riippuvuuksia ja suhteita. Taulukon avulla on helppo [&hellip;]<\/p>\n","protected":false},"author":403,"featured_media":0,"parent":0,"menu_order":0,"comment_status":"closed","ping_status":"closed","template":"","meta":{"_acf_changed":false,"footnotes":""},"class_list":["post-331","page","type-page","status-publish","hentry"],"acf":[],"yoast_head":"<!-- This site is optimized with the Yoast SEO plugin v27.1.1 - https:\/\/yoast.com\/product\/yoast-seo-wordpress\/ -->\n<title>Apukeinoja suunnitteluun - Logopedian tiedonhaku<\/title>\n<meta name=\"robots\" content=\"index, follow, max-snippet:-1, max-image-preview:large, max-video-preview:-1\" \/>\n<link rel=\"canonical\" href=\"https:\/\/blogs.uef.fi\/tiedonhaku-logopedia\/apukeinoja-tiedonhaun-suunnitteluun\/\" \/>\n<meta property=\"og:locale\" content=\"fi_FI\" \/>\n<meta property=\"og:type\" content=\"article\" \/>\n<meta property=\"og:title\" content=\"Apukeinoja suunnitteluun - Logopedian tiedonhaku\" \/>\n<meta property=\"og:description\" content=\"Tiedonhaun suunnittelussa apuna voi k\u00e4ytt\u00e4\u00e4 esimerkiksi N\u00e4iden apukeinojen k\u00e4ytt\u00e4minen ei ole pakollinen osa tiedonhakua, mutta ne auttavat analysoimaan hakuprosessia ja hahmottamaan kuinka tiedonhakua voi kehitt\u00e4\u00e4 haluttuun suuntaan. Esimerkiksi hakup\u00e4iv\u00e4kirjan tai -suunnitelman avulla voi k\u00e4tev\u00e4sti dokumentoida mit\u00e4 hakusanoja- ja lauseita on k\u00e4ytetty. Vinkki K\u00e4sitekartan avulla saat hahmoteltua hakusanojen v\u00e4lisi\u00e4 riippuvuuksia ja suhteita. Taulukon avulla on helppo [&hellip;]\" \/>\n<meta property=\"og:url\" content=\"https:\/\/blogs.uef.fi\/tiedonhaku-logopedia\/apukeinoja-tiedonhaun-suunnitteluun\/\" \/>\n<meta property=\"og:site_name\" content=\"Logopedian tiedonhaku\" \/>\n<meta property=\"article:modified_time\" content=\"2023-06-27T07:02:59+00:00\" \/>\n<meta name=\"twitter:card\" content=\"summary_large_image\" \/>\n<meta name=\"twitter:label1\" content=\"Arvioitu lukuaika\" \/>\n\t<meta name=\"twitter:data1\" content=\"1 minuutti\" \/>\n<script type=\"application\/ld+json\" class=\"yoast-schema-graph\">{\"@context\":\"https:\/\/schema.org\",\"@graph\":[{\"@type\":\"WebPage\",\"@id\":\"https:\/\/blogs.uef.fi\/tiedonhaku-logopedia\/apukeinoja-tiedonhaun-suunnitteluun\/\",\"url\":\"https:\/\/blogs.uef.fi\/tiedonhaku-logopedia\/apukeinoja-tiedonhaun-suunnitteluun\/\",\"name\":\"Apukeinoja suunnitteluun - Logopedian tiedonhaku\",\"isPartOf\":{\"@id\":\"https:\/\/blogs.uef.fi\/tiedonhaku-logopedia\/#website\"},\"datePublished\":\"2021-08-06T08:14:50+00:00\",\"dateModified\":\"2023-06-27T07:02:59+00:00\",\"breadcrumb\":{\"@id\":\"https:\/\/blogs.uef.fi\/tiedonhaku-logopedia\/apukeinoja-tiedonhaun-suunnitteluun\/#breadcrumb\"},\"inLanguage\":\"fi\",\"potentialAction\":[{\"@type\":\"ReadAction\",\"target\":[\"https:\/\/blogs.uef.fi\/tiedonhaku-logopedia\/apukeinoja-tiedonhaun-suunnitteluun\/\"]}]},{\"@type\":\"BreadcrumbList\",\"@id\":\"https:\/\/blogs.uef.fi\/tiedonhaku-logopedia\/apukeinoja-tiedonhaun-suunnitteluun\/#breadcrumb\",\"itemListElement\":[{\"@type\":\"ListItem\",\"position\":1,\"name\":\"Home\",\"item\":\"https:\/\/blogs.uef.fi\/tiedonhaku-logopedia\/\"},{\"@type\":\"ListItem\",\"position\":2,\"name\":\"Apukeinoja suunnitteluun\"}]},{\"@type\":\"WebSite\",\"@id\":\"https:\/\/blogs.uef.fi\/tiedonhaku-logopedia\/#website\",\"url\":\"https:\/\/blogs.uef.fi\/tiedonhaku-logopedia\/\",\"name\":\"Logopedian tiedonhaku\",\"description\":\"\",\"potentialAction\":[{\"@type\":\"SearchAction\",\"target\":{\"@type\":\"EntryPoint\",\"urlTemplate\":\"https:\/\/blogs.uef.fi\/tiedonhaku-logopedia\/?s={search_term_string}\"},\"query-input\":{\"@type\":\"PropertyValueSpecification\",\"valueRequired\":true,\"valueName\":\"search_term_string\"}}],\"inLanguage\":\"fi\"}]}<\/script>\n<!-- \/ Yoast SEO plugin. -->","yoast_head_json":{"title":"Apukeinoja suunnitteluun - Logopedian tiedonhaku","robots":{"index":"index","follow":"follow","max-snippet":"max-snippet:-1","max-image-preview":"max-image-preview:large","max-video-preview":"max-video-preview:-1"},"canonical":"https:\/\/blogs.uef.fi\/tiedonhaku-logopedia\/apukeinoja-tiedonhaun-suunnitteluun\/","og_locale":"fi_FI","og_type":"article","og_title":"Apukeinoja suunnitteluun - Logopedian tiedonhaku","og_description":"Tiedonhaun suunnittelussa apuna voi k\u00e4ytt\u00e4\u00e4 esimerkiksi N\u00e4iden apukeinojen k\u00e4ytt\u00e4minen ei ole pakollinen osa tiedonhakua, mutta ne auttavat analysoimaan hakuprosessia ja hahmottamaan kuinka tiedonhakua voi kehitt\u00e4\u00e4 haluttuun suuntaan. Esimerkiksi hakup\u00e4iv\u00e4kirjan tai -suunnitelman avulla voi k\u00e4tev\u00e4sti dokumentoida mit\u00e4 hakusanoja- ja lauseita on k\u00e4ytetty. Vinkki K\u00e4sitekartan avulla saat hahmoteltua hakusanojen v\u00e4lisi\u00e4 riippuvuuksia ja suhteita. Taulukon avulla on helppo [&hellip;]","og_url":"https:\/\/blogs.uef.fi\/tiedonhaku-logopedia\/apukeinoja-tiedonhaun-suunnitteluun\/","og_site_name":"Logopedian tiedonhaku","article_modified_time":"2023-06-27T07:02:59+00:00","twitter_card":"summary_large_image","twitter_misc":{"Arvioitu lukuaika":"1 minuutti"},"schema":{"@context":"https:\/\/schema.org","@graph":[{"@type":"WebPage","@id":"https:\/\/blogs.uef.fi\/tiedonhaku-logopedia\/apukeinoja-tiedonhaun-suunnitteluun\/","url":"https:\/\/blogs.uef.fi\/tiedonhaku-logopedia\/apukeinoja-tiedonhaun-suunnitteluun\/","name":"Apukeinoja suunnitteluun - Logopedian tiedonhaku","isPartOf":{"@id":"https:\/\/blogs.uef.fi\/tiedonhaku-logopedia\/#website"},"datePublished":"2021-08-06T08:14:50+00:00","dateModified":"2023-06-27T07:02:59+00:00","breadcrumb":{"@id":"https:\/\/blogs.uef.fi\/tiedonhaku-logopedia\/apukeinoja-tiedonhaun-suunnitteluun\/#breadcrumb"},"inLanguage":"fi","potentialAction":[{"@type":"ReadAction","target":["https:\/\/blogs.uef.fi\/tiedonhaku-logopedia\/apukeinoja-tiedonhaun-suunnitteluun\/"]}]},{"@type":"BreadcrumbList","@id":"https:\/\/blogs.uef.fi\/tiedonhaku-logopedia\/apukeinoja-tiedonhaun-suunnitteluun\/#breadcrumb","itemListElement":[{"@type":"ListItem","position":1,"name":"Home","item":"https:\/\/blogs.uef.fi\/tiedonhaku-logopedia\/"},{"@type":"ListItem","position":2,"name":"Apukeinoja suunnitteluun"}]},{"@type":"WebSite","@id":"https:\/\/blogs.uef.fi\/tiedonhaku-logopedia\/#website","url":"https:\/\/blogs.uef.fi\/tiedonhaku-logopedia\/","name":"Logopedian tiedonhaku","description":"","potentialAction":[{"@type":"SearchAction","target":{"@type":"EntryPoint","urlTemplate":"https:\/\/blogs.uef.fi\/tiedonhaku-logopedia\/?s={search_term_string}"},"query-input":{"@type":"PropertyValueSpecification","valueRequired":true,"valueName":"search_term_string"}}],"inLanguage":"fi"}]}},"_links":{"self":[{"href":"https:\/\/blogs.uef.fi\/tiedonhaku-logopedia\/wp-json\/wp\/v2\/pages\/331","targetHints":{"allow":["GET"]}}],"collection":[{"href":"https:\/\/blogs.uef.fi\/tiedonhaku-logopedia\/wp-json\/wp\/v2\/pages"}],"about":[{"href":"https:\/\/blogs.uef.fi\/tiedonhaku-logopedia\/wp-json\/wp\/v2\/types\/page"}],"author":[{"embeddable":true,"href":"https:\/\/blogs.uef.fi\/tiedonhaku-logopedia\/wp-json\/wp\/v2\/users\/403"}],"replies":[{"embeddable":true,"href":"https:\/\/blogs.uef.fi\/tiedonhaku-logopedia\/wp-json\/wp\/v2\/comments?post=331"}],"version-history":[{"count":2,"href":"https:\/\/blogs.uef.fi\/tiedonhaku-logopedia\/wp-json\/wp\/v2\/pages\/331\/revisions"}],"predecessor-version":[{"id":1131,"href":"https:\/\/blogs.uef.fi\/tiedonhaku-logopedia\/wp-json\/wp\/v2\/pages\/331\/revisions\/1131"}],"wp:attachment":[{"href":"https:\/\/blogs.uef.fi\/tiedonhaku-logopedia\/wp-json\/wp\/v2\/media?parent=331"}],"curies":[{"name":"wp","href":"https:\/\/api.w.org\/{rel}","templated":true}]}}