{"id":28,"date":"2021-04-19T05:21:26","date_gmt":"2021-04-19T05:21:26","guid":{"rendered":"https:\/\/blogs.uef.fi\/tiedonhaku-logopedia\/?page_id=28"},"modified":"2023-06-27T10:01:00","modified_gmt":"2023-06-27T07:01:00","slug":"etusivu","status":"publish","type":"page","link":"https:\/\/blogs.uef.fi\/tiedonhaku-logopedia\/","title":{"rendered":"Logopedian tiedonhaku"},"content":{"rendered":"\n<p>T\u00e4m\u00e4 sivusto johdattelee sinut logopedian tiedonhaun perusasioihin. Materiaali tutustuttaa sinut seuraaviin tiedonhakuprosessin osa-alueisiin:<\/p>\n\n\n\n<ul class=\"wp-block-list\">\n<li>tiedonhaun suunnittelu<\/li>\n\n\n\n<li>tiedonhaun toteutus<\/li>\n\n\n\n<li>hakutulosten k\u00e4ytt\u00f6 ja arviointi<\/li>\n<\/ul>\n\n\n\n<p>Lukuvuonna 2023-2023 sis\u00e4lt\u00f6 on suunnattu erityisesti <strong>ensimm\u00e4isen vuosikurssin opiskelijoille<\/strong>. <\/p>\n\n\n\n<figure class=\"wp-block-image\"><a href=\"https:\/\/creativecommons.org\/licenses\/by\/4.0\/\"><img decoding=\"async\" src=\"https:\/\/i.creativecommons.org\/l\/by\/4.0\/88x31.png\" alt=\"Creative Commons -lisenssi\" \/><\/a><\/figure>\n\n\n\n<p>T\u00e4m\u00e4 teos on lisensoitu <a href=\"http:\/\/creativecommons.org\/licenses\/by\/4.0\/\">Creative Commons Nime\u00e4 4.0 Kansainv\u00e4linen -lisenssill\u00e4<\/a>.<\/p>\n\n\n\n<p><strong>Materiaalin kokoaja:<\/strong> Marika Mahlavuori, tietoasiantuntija, It\u00e4-Suomen yliopiston kirjasto<\/p>\n\n\n\n<p>Kiitokset: Kirjaston opetus- ja tietopalvelut<\/p>\n\n\n\n<p><\/p>\n\n\n\n<p><\/p>\n","protected":false},"excerpt":{"rendered":"<p>T\u00e4m\u00e4 sivusto johdattelee sinut logopedian tiedonhaun perusasioihin. Materiaali tutustuttaa sinut seuraaviin tiedonhakuprosessin osa-alueisiin: Lukuvuonna 2023-2023 sis\u00e4lt\u00f6 on suunnattu erityisesti ensimm\u00e4isen vuosikurssin opiskelijoille. T\u00e4m\u00e4 teos on lisensoitu Creative Commons Nime\u00e4 4.0 Kansainv\u00e4linen -lisenssill\u00e4. Materiaalin kokoaja: Marika Mahlavuori, tietoasiantuntija, It\u00e4-Suomen yliopiston kirjasto Kiitokset: Kirjaston opetus- ja tietopalvelut<\/p>\n","protected":false},"author":1,"featured_media":0,"parent":0,"menu_order":0,"comment_status":"closed","ping_status":"closed","template":"","meta":{"_acf_changed":false,"footnotes":""},"class_list":["post-28","page","type-page","status-publish","hentry"],"acf":[],"yoast_head":"<!-- This site is optimized with the Yoast SEO plugin v27.1.1 - https:\/\/yoast.com\/product\/yoast-seo-wordpress\/ -->\n<title>Logopedian tiedonhaku - Logopedian tiedonhaku<\/title>\n<meta name=\"robots\" content=\"index, follow, max-snippet:-1, max-image-preview:large, max-video-preview:-1\" \/>\n<link rel=\"canonical\" href=\"https:\/\/blogs.uef.fi\/tiedonhaku-logopedia\/\" \/>\n<meta property=\"og:locale\" content=\"fi_FI\" \/>\n<meta property=\"og:type\" content=\"article\" \/>\n<meta property=\"og:title\" content=\"Logopedian tiedonhaku - Logopedian tiedonhaku\" \/>\n<meta property=\"og:description\" content=\"T\u00e4m\u00e4 sivusto johdattelee sinut logopedian tiedonhaun perusasioihin. Materiaali tutustuttaa sinut seuraaviin tiedonhakuprosessin osa-alueisiin: Lukuvuonna 2023-2023 sis\u00e4lt\u00f6 on suunnattu erityisesti ensimm\u00e4isen vuosikurssin opiskelijoille. T\u00e4m\u00e4 teos on lisensoitu Creative Commons Nime\u00e4 4.0 Kansainv\u00e4linen -lisenssill\u00e4. Materiaalin kokoaja: Marika Mahlavuori, tietoasiantuntija, It\u00e4-Suomen yliopiston kirjasto Kiitokset: Kirjaston opetus- ja tietopalvelut\" \/>\n<meta property=\"og:url\" content=\"https:\/\/blogs.uef.fi\/tiedonhaku-logopedia\/\" \/>\n<meta property=\"og:site_name\" content=\"Logopedian tiedonhaku\" \/>\n<meta property=\"article:modified_time\" content=\"2023-06-27T07:01:00+00:00\" \/>\n<meta property=\"og:image\" content=\"https:\/\/i.creativecommons.org\/l\/by\/4.0\/88x31.png\" \/>\n<meta name=\"twitter:card\" content=\"summary_large_image\" \/>\n<meta name=\"twitter:label1\" content=\"Arvioitu lukuaika\" \/>\n\t<meta name=\"twitter:data1\" content=\"1 minuutti\" \/>\n<script type=\"application\/ld+json\" class=\"yoast-schema-graph\">{\"@context\":\"https:\/\/schema.org\",\"@graph\":[{\"@type\":\"WebPage\",\"@id\":\"https:\/\/blogs.uef.fi\/tiedonhaku-logopedia\/\",\"url\":\"https:\/\/blogs.uef.fi\/tiedonhaku-logopedia\/\",\"name\":\"Logopedian tiedonhaku - Logopedian tiedonhaku\",\"isPartOf\":{\"@id\":\"https:\/\/blogs.uef.fi\/tiedonhaku-logopedia\/#website\"},\"primaryImageOfPage\":{\"@id\":\"https:\/\/blogs.uef.fi\/tiedonhaku-logopedia\/#primaryimage\"},\"image\":{\"@id\":\"https:\/\/blogs.uef.fi\/tiedonhaku-logopedia\/#primaryimage\"},\"thumbnailUrl\":\"https:\/\/i.creativecommons.org\/l\/by\/4.0\/88x31.png\",\"datePublished\":\"2021-04-19T05:21:26+00:00\",\"dateModified\":\"2023-06-27T07:01:00+00:00\",\"breadcrumb\":{\"@id\":\"https:\/\/blogs.uef.fi\/tiedonhaku-logopedia\/#breadcrumb\"},\"inLanguage\":\"fi\",\"potentialAction\":[{\"@type\":\"ReadAction\",\"target\":[\"https:\/\/blogs.uef.fi\/tiedonhaku-logopedia\/\"]}]},{\"@type\":\"ImageObject\",\"inLanguage\":\"fi\",\"@id\":\"https:\/\/blogs.uef.fi\/tiedonhaku-logopedia\/#primaryimage\",\"url\":\"https:\/\/i.creativecommons.org\/l\/by\/4.0\/88x31.png\",\"contentUrl\":\"https:\/\/i.creativecommons.org\/l\/by\/4.0\/88x31.png\"},{\"@type\":\"BreadcrumbList\",\"@id\":\"https:\/\/blogs.uef.fi\/tiedonhaku-logopedia\/#breadcrumb\",\"itemListElement\":[{\"@type\":\"ListItem\",\"position\":1,\"name\":\"Home\",\"item\":\"https:\/\/blogs.uef.fi\/tiedonhaku-logopedia\/\"},{\"@type\":\"ListItem\",\"position\":2,\"name\":\"Logopedian tiedonhaku\"}]},{\"@type\":\"WebSite\",\"@id\":\"https:\/\/blogs.uef.fi\/tiedonhaku-logopedia\/#website\",\"url\":\"https:\/\/blogs.uef.fi\/tiedonhaku-logopedia\/\",\"name\":\"Logopedian tiedonhaku\",\"description\":\"\",\"potentialAction\":[{\"@type\":\"SearchAction\",\"target\":{\"@type\":\"EntryPoint\",\"urlTemplate\":\"https:\/\/blogs.uef.fi\/tiedonhaku-logopedia\/?s={search_term_string}\"},\"query-input\":{\"@type\":\"PropertyValueSpecification\",\"valueRequired\":true,\"valueName\":\"search_term_string\"}}],\"inLanguage\":\"fi\"}]}<\/script>\n<!-- \/ Yoast SEO plugin. -->","yoast_head_json":{"title":"Logopedian tiedonhaku - Logopedian tiedonhaku","robots":{"index":"index","follow":"follow","max-snippet":"max-snippet:-1","max-image-preview":"max-image-preview:large","max-video-preview":"max-video-preview:-1"},"canonical":"https:\/\/blogs.uef.fi\/tiedonhaku-logopedia\/","og_locale":"fi_FI","og_type":"article","og_title":"Logopedian tiedonhaku - Logopedian tiedonhaku","og_description":"T\u00e4m\u00e4 sivusto johdattelee sinut logopedian tiedonhaun perusasioihin. Materiaali tutustuttaa sinut seuraaviin tiedonhakuprosessin osa-alueisiin: Lukuvuonna 2023-2023 sis\u00e4lt\u00f6 on suunnattu erityisesti ensimm\u00e4isen vuosikurssin opiskelijoille. T\u00e4m\u00e4 teos on lisensoitu Creative Commons Nime\u00e4 4.0 Kansainv\u00e4linen -lisenssill\u00e4. Materiaalin kokoaja: Marika Mahlavuori, tietoasiantuntija, It\u00e4-Suomen yliopiston kirjasto Kiitokset: Kirjaston opetus- ja tietopalvelut","og_url":"https:\/\/blogs.uef.fi\/tiedonhaku-logopedia\/","og_site_name":"Logopedian tiedonhaku","article_modified_time":"2023-06-27T07:01:00+00:00","og_image":[{"url":"https:\/\/i.creativecommons.org\/l\/by\/4.0\/88x31.png","type":"","width":"","height":""}],"twitter_card":"summary_large_image","twitter_misc":{"Arvioitu lukuaika":"1 minuutti"},"schema":{"@context":"https:\/\/schema.org","@graph":[{"@type":"WebPage","@id":"https:\/\/blogs.uef.fi\/tiedonhaku-logopedia\/","url":"https:\/\/blogs.uef.fi\/tiedonhaku-logopedia\/","name":"Logopedian tiedonhaku - Logopedian tiedonhaku","isPartOf":{"@id":"https:\/\/blogs.uef.fi\/tiedonhaku-logopedia\/#website"},"primaryImageOfPage":{"@id":"https:\/\/blogs.uef.fi\/tiedonhaku-logopedia\/#primaryimage"},"image":{"@id":"https:\/\/blogs.uef.fi\/tiedonhaku-logopedia\/#primaryimage"},"thumbnailUrl":"https:\/\/i.creativecommons.org\/l\/by\/4.0\/88x31.png","datePublished":"2021-04-19T05:21:26+00:00","dateModified":"2023-06-27T07:01:00+00:00","breadcrumb":{"@id":"https:\/\/blogs.uef.fi\/tiedonhaku-logopedia\/#breadcrumb"},"inLanguage":"fi","potentialAction":[{"@type":"ReadAction","target":["https:\/\/blogs.uef.fi\/tiedonhaku-logopedia\/"]}]},{"@type":"ImageObject","inLanguage":"fi","@id":"https:\/\/blogs.uef.fi\/tiedonhaku-logopedia\/#primaryimage","url":"https:\/\/i.creativecommons.org\/l\/by\/4.0\/88x31.png","contentUrl":"https:\/\/i.creativecommons.org\/l\/by\/4.0\/88x31.png"},{"@type":"BreadcrumbList","@id":"https:\/\/blogs.uef.fi\/tiedonhaku-logopedia\/#breadcrumb","itemListElement":[{"@type":"ListItem","position":1,"name":"Home","item":"https:\/\/blogs.uef.fi\/tiedonhaku-logopedia\/"},{"@type":"ListItem","position":2,"name":"Logopedian tiedonhaku"}]},{"@type":"WebSite","@id":"https:\/\/blogs.uef.fi\/tiedonhaku-logopedia\/#website","url":"https:\/\/blogs.uef.fi\/tiedonhaku-logopedia\/","name":"Logopedian tiedonhaku","description":"","potentialAction":[{"@type":"SearchAction","target":{"@type":"EntryPoint","urlTemplate":"https:\/\/blogs.uef.fi\/tiedonhaku-logopedia\/?s={search_term_string}"},"query-input":{"@type":"PropertyValueSpecification","valueRequired":true,"valueName":"search_term_string"}}],"inLanguage":"fi"}]}},"_links":{"self":[{"href":"https:\/\/blogs.uef.fi\/tiedonhaku-logopedia\/wp-json\/wp\/v2\/pages\/28","targetHints":{"allow":["GET"]}}],"collection":[{"href":"https:\/\/blogs.uef.fi\/tiedonhaku-logopedia\/wp-json\/wp\/v2\/pages"}],"about":[{"href":"https:\/\/blogs.uef.fi\/tiedonhaku-logopedia\/wp-json\/wp\/v2\/types\/page"}],"author":[{"embeddable":true,"href":"https:\/\/blogs.uef.fi\/tiedonhaku-logopedia\/wp-json\/wp\/v2\/users\/1"}],"replies":[{"embeddable":true,"href":"https:\/\/blogs.uef.fi\/tiedonhaku-logopedia\/wp-json\/wp\/v2\/comments?post=28"}],"version-history":[{"count":2,"href":"https:\/\/blogs.uef.fi\/tiedonhaku-logopedia\/wp-json\/wp\/v2\/pages\/28\/revisions"}],"predecessor-version":[{"id":1122,"href":"https:\/\/blogs.uef.fi\/tiedonhaku-logopedia\/wp-json\/wp\/v2\/pages\/28\/revisions\/1122"}],"wp:attachment":[{"href":"https:\/\/blogs.uef.fi\/tiedonhaku-logopedia\/wp-json\/wp\/v2\/media?parent=28"}],"curies":[{"name":"wp","href":"https:\/\/api.w.org\/{rel}","templated":true}]}}