{"id":187,"date":"2021-08-05T11:46:44","date_gmt":"2021-08-05T08:46:44","guid":{"rendered":"https:\/\/blogs.uef.fi\/tiedonhaku-logopedia\/?page_id=187"},"modified":"2023-06-27T10:06:09","modified_gmt":"2023-06-27T07:06:09","slug":"sanankatkaisu","status":"publish","type":"page","link":"https:\/\/blogs.uef.fi\/tiedonhaku-logopedia\/sanankatkaisu\/","title":{"rendered":"Sanankatkaisu"},"content":{"rendered":"\n<p>Sanojen taivutusmuodot saa sis\u00e4llytetty\u00e4 hakuun k\u00e4ytt\u00e4m\u00e4ll\u00e4 sanankatkaisua. Yleisimmin, my\u00f6s Primossa, k\u00e4ytetty katkaisumerkki on asteriksi eli t\u00e4htimerkki *. Sanankatkaisu lis\u00e4\u00e4 hakutulosten m\u00e4\u00e4r\u00e4\u00e4. Esimerkiksi <\/p>\n\n\n\n<p>disorder*<\/p>\n\n\n\n<p><\/p>\n","protected":false},"excerpt":{"rendered":"<p>Sanojen taivutusmuodot saa sis\u00e4llytetty\u00e4 hakuun k\u00e4ytt\u00e4m\u00e4ll\u00e4 sanankatkaisua. Yleisimmin, my\u00f6s Primossa, k\u00e4ytetty katkaisumerkki on asteriksi eli t\u00e4htimerkki *. Sanankatkaisu lis\u00e4\u00e4 hakutulosten m\u00e4\u00e4r\u00e4\u00e4. Esimerkiksi disorder*<\/p>\n","protected":false},"author":403,"featured_media":0,"parent":0,"menu_order":0,"comment_status":"closed","ping_status":"closed","template":"","meta":{"_acf_changed":false,"footnotes":""},"class_list":["post-187","page","type-page","status-publish","hentry"],"acf":[],"yoast_head":"<!-- This site is optimized with the Yoast SEO plugin v27.3 - https:\/\/yoast.com\/product\/yoast-seo-wordpress\/ -->\n<title>Sanankatkaisu - Logopedian tiedonhaku<\/title>\n<meta name=\"robots\" content=\"index, follow, max-snippet:-1, max-image-preview:large, max-video-preview:-1\" \/>\n<link rel=\"canonical\" href=\"https:\/\/blogs.uef.fi\/tiedonhaku-logopedia\/sanankatkaisu\/\" \/>\n<meta property=\"og:locale\" content=\"fi_FI\" \/>\n<meta property=\"og:type\" content=\"article\" \/>\n<meta property=\"og:title\" content=\"Sanankatkaisu - Logopedian tiedonhaku\" \/>\n<meta property=\"og:description\" content=\"Sanojen taivutusmuodot saa sis\u00e4llytetty\u00e4 hakuun k\u00e4ytt\u00e4m\u00e4ll\u00e4 sanankatkaisua. Yleisimmin, my\u00f6s Primossa, k\u00e4ytetty katkaisumerkki on asteriksi eli t\u00e4htimerkki *. Sanankatkaisu lis\u00e4\u00e4 hakutulosten m\u00e4\u00e4r\u00e4\u00e4. Esimerkiksi disorder*\" \/>\n<meta property=\"og:url\" content=\"https:\/\/blogs.uef.fi\/tiedonhaku-logopedia\/sanankatkaisu\/\" \/>\n<meta property=\"og:site_name\" content=\"Logopedian tiedonhaku\" \/>\n<meta property=\"article:modified_time\" content=\"2023-06-27T07:06:09+00:00\" \/>\n<meta name=\"twitter:card\" content=\"summary_large_image\" \/>\n<meta name=\"twitter:label1\" content=\"Arvioitu lukuaika\" \/>\n\t<meta name=\"twitter:data1\" content=\"1 minuutti\" \/>\n<script type=\"application\/ld+json\" class=\"yoast-schema-graph\">{\"@context\":\"https:\\\/\\\/schema.org\",\"@graph\":[{\"@type\":\"WebPage\",\"@id\":\"https:\\\/\\\/blogs.uef.fi\\\/tiedonhaku-logopedia\\\/sanankatkaisu\\\/\",\"url\":\"https:\\\/\\\/blogs.uef.fi\\\/tiedonhaku-logopedia\\\/sanankatkaisu\\\/\",\"name\":\"Sanankatkaisu - Logopedian tiedonhaku\",\"isPartOf\":{\"@id\":\"https:\\\/\\\/blogs.uef.fi\\\/tiedonhaku-logopedia\\\/#website\"},\"datePublished\":\"2021-08-05T08:46:44+00:00\",\"dateModified\":\"2023-06-27T07:06:09+00:00\",\"breadcrumb\":{\"@id\":\"https:\\\/\\\/blogs.uef.fi\\\/tiedonhaku-logopedia\\\/sanankatkaisu\\\/#breadcrumb\"},\"inLanguage\":\"fi\",\"potentialAction\":[{\"@type\":\"ReadAction\",\"target\":[\"https:\\\/\\\/blogs.uef.fi\\\/tiedonhaku-logopedia\\\/sanankatkaisu\\\/\"]}]},{\"@type\":\"BreadcrumbList\",\"@id\":\"https:\\\/\\\/blogs.uef.fi\\\/tiedonhaku-logopedia\\\/sanankatkaisu\\\/#breadcrumb\",\"itemListElement\":[{\"@type\":\"ListItem\",\"position\":1,\"name\":\"Home\",\"item\":\"https:\\\/\\\/blogs.uef.fi\\\/tiedonhaku-logopedia\\\/\"},{\"@type\":\"ListItem\",\"position\":2,\"name\":\"Sanankatkaisu\"}]},{\"@type\":\"WebSite\",\"@id\":\"https:\\\/\\\/blogs.uef.fi\\\/tiedonhaku-logopedia\\\/#website\",\"url\":\"https:\\\/\\\/blogs.uef.fi\\\/tiedonhaku-logopedia\\\/\",\"name\":\"Logopedian tiedonhaku\",\"description\":\"\",\"potentialAction\":[{\"@type\":\"SearchAction\",\"target\":{\"@type\":\"EntryPoint\",\"urlTemplate\":\"https:\\\/\\\/blogs.uef.fi\\\/tiedonhaku-logopedia\\\/?s={search_term_string}\"},\"query-input\":{\"@type\":\"PropertyValueSpecification\",\"valueRequired\":true,\"valueName\":\"search_term_string\"}}],\"inLanguage\":\"fi\"}]}<\/script>\n<!-- \/ Yoast SEO plugin. -->","yoast_head_json":{"title":"Sanankatkaisu - Logopedian tiedonhaku","robots":{"index":"index","follow":"follow","max-snippet":"max-snippet:-1","max-image-preview":"max-image-preview:large","max-video-preview":"max-video-preview:-1"},"canonical":"https:\/\/blogs.uef.fi\/tiedonhaku-logopedia\/sanankatkaisu\/","og_locale":"fi_FI","og_type":"article","og_title":"Sanankatkaisu - Logopedian tiedonhaku","og_description":"Sanojen taivutusmuodot saa sis\u00e4llytetty\u00e4 hakuun k\u00e4ytt\u00e4m\u00e4ll\u00e4 sanankatkaisua. Yleisimmin, my\u00f6s Primossa, k\u00e4ytetty katkaisumerkki on asteriksi eli t\u00e4htimerkki *. Sanankatkaisu lis\u00e4\u00e4 hakutulosten m\u00e4\u00e4r\u00e4\u00e4. Esimerkiksi disorder*","og_url":"https:\/\/blogs.uef.fi\/tiedonhaku-logopedia\/sanankatkaisu\/","og_site_name":"Logopedian tiedonhaku","article_modified_time":"2023-06-27T07:06:09+00:00","twitter_card":"summary_large_image","twitter_misc":{"Arvioitu lukuaika":"1 minuutti"},"schema":{"@context":"https:\/\/schema.org","@graph":[{"@type":"WebPage","@id":"https:\/\/blogs.uef.fi\/tiedonhaku-logopedia\/sanankatkaisu\/","url":"https:\/\/blogs.uef.fi\/tiedonhaku-logopedia\/sanankatkaisu\/","name":"Sanankatkaisu - Logopedian tiedonhaku","isPartOf":{"@id":"https:\/\/blogs.uef.fi\/tiedonhaku-logopedia\/#website"},"datePublished":"2021-08-05T08:46:44+00:00","dateModified":"2023-06-27T07:06:09+00:00","breadcrumb":{"@id":"https:\/\/blogs.uef.fi\/tiedonhaku-logopedia\/sanankatkaisu\/#breadcrumb"},"inLanguage":"fi","potentialAction":[{"@type":"ReadAction","target":["https:\/\/blogs.uef.fi\/tiedonhaku-logopedia\/sanankatkaisu\/"]}]},{"@type":"BreadcrumbList","@id":"https:\/\/blogs.uef.fi\/tiedonhaku-logopedia\/sanankatkaisu\/#breadcrumb","itemListElement":[{"@type":"ListItem","position":1,"name":"Home","item":"https:\/\/blogs.uef.fi\/tiedonhaku-logopedia\/"},{"@type":"ListItem","position":2,"name":"Sanankatkaisu"}]},{"@type":"WebSite","@id":"https:\/\/blogs.uef.fi\/tiedonhaku-logopedia\/#website","url":"https:\/\/blogs.uef.fi\/tiedonhaku-logopedia\/","name":"Logopedian tiedonhaku","description":"","potentialAction":[{"@type":"SearchAction","target":{"@type":"EntryPoint","urlTemplate":"https:\/\/blogs.uef.fi\/tiedonhaku-logopedia\/?s={search_term_string}"},"query-input":{"@type":"PropertyValueSpecification","valueRequired":true,"valueName":"search_term_string"}}],"inLanguage":"fi"}]}},"_links":{"self":[{"href":"https:\/\/blogs.uef.fi\/tiedonhaku-logopedia\/wp-json\/wp\/v2\/pages\/187","targetHints":{"allow":["GET"]}}],"collection":[{"href":"https:\/\/blogs.uef.fi\/tiedonhaku-logopedia\/wp-json\/wp\/v2\/pages"}],"about":[{"href":"https:\/\/blogs.uef.fi\/tiedonhaku-logopedia\/wp-json\/wp\/v2\/types\/page"}],"author":[{"embeddable":true,"href":"https:\/\/blogs.uef.fi\/tiedonhaku-logopedia\/wp-json\/wp\/v2\/users\/403"}],"replies":[{"embeddable":true,"href":"https:\/\/blogs.uef.fi\/tiedonhaku-logopedia\/wp-json\/wp\/v2\/comments?post=187"}],"version-history":[{"count":2,"href":"https:\/\/blogs.uef.fi\/tiedonhaku-logopedia\/wp-json\/wp\/v2\/pages\/187\/revisions"}],"predecessor-version":[{"id":1143,"href":"https:\/\/blogs.uef.fi\/tiedonhaku-logopedia\/wp-json\/wp\/v2\/pages\/187\/revisions\/1143"}],"wp:attachment":[{"href":"https:\/\/blogs.uef.fi\/tiedonhaku-logopedia\/wp-json\/wp\/v2\/media?parent=187"}],"curies":[{"name":"wp","href":"https:\/\/api.w.org\/{rel}","templated":true}]}}