{"id":178,"date":"2021-08-05T11:44:59","date_gmt":"2021-08-05T08:44:59","guid":{"rendered":"https:\/\/blogs.uef.fi\/tiedonhaku-logopedia\/?page_id=178"},"modified":"2023-06-27T10:07:44","modified_gmt":"2023-06-27T07:07:44","slug":"enemman-tuloksia","status":"publish","type":"page","link":"https:\/\/blogs.uef.fi\/tiedonhaku-logopedia\/enemman-tuloksia\/","title":{"rendered":"Enemm\u00e4n tuloksia"},"content":{"rendered":"\n<p>Suosittuja tapoja lis\u00e4t\u00e4 hakutulosten m\u00e4\u00e4r\u00e4\u00e4: <\/p>\n\n\n\n<ul class=\"wp-block-list\">\n<li>hakusanojen tarkastelu ja tarvittaessa lis\u00e4\u00e4minen\n<ul class=\"wp-block-list\">\n<li> huomio esim. synonyymit, rinnakkaistermit<\/li>\n<\/ul>\n<\/li>\n\n\n\n<li>OR-operaattorin k\u00e4ytt\u00f6<\/li>\n\n\n\n<li>tarvittaessa AND-operaattorien m\u00e4\u00e4r\u00e4n v\u00e4hent\u00e4minen <\/li>\n\n\n\n<li>fraasien purkaminen AND-operaattoria hyv\u00e4ksik\u00e4ytt\u00e4en<\/li>\n\n\n\n<li>sanankatkaisu<\/li>\n\n\n\n<li>vapaasanahaku<\/li>\n\n\n\n<li>rajoitusten poisto (esim. vuosilukurajaus)<\/li>\n<\/ul>\n\n\n\n<p>L\u00e4hde: Mukaillen It\u00e4-Suomen yliopiston kirjasto. Mets\u00e4tieteen tiedonhaku [verkkosivusto]. Saatavilla: https:\/\/blogs.uef.fi\/tiedonhaku-metsatiede\/<\/p>\n\n\n\n<p><\/p>\n","protected":false},"excerpt":{"rendered":"<p>Suosittuja tapoja lis\u00e4t\u00e4 hakutulosten m\u00e4\u00e4r\u00e4\u00e4: L\u00e4hde: Mukaillen It\u00e4-Suomen yliopiston kirjasto. Mets\u00e4tieteen tiedonhaku [verkkosivusto]. Saatavilla: https:\/\/blogs.uef.fi\/tiedonhaku-metsatiede\/<\/p>\n","protected":false},"author":403,"featured_media":0,"parent":0,"menu_order":0,"comment_status":"closed","ping_status":"closed","template":"","meta":{"_acf_changed":false,"footnotes":""},"class_list":["post-178","page","type-page","status-publish","hentry"],"acf":[],"yoast_head":"<!-- This site is optimized with the Yoast SEO plugin v27.1.1 - https:\/\/yoast.com\/product\/yoast-seo-wordpress\/ -->\n<title>Enemm\u00e4n tuloksia - Logopedian tiedonhaku<\/title>\n<meta name=\"robots\" content=\"index, follow, max-snippet:-1, max-image-preview:large, max-video-preview:-1\" \/>\n<link rel=\"canonical\" href=\"https:\/\/blogs.uef.fi\/tiedonhaku-logopedia\/enemman-tuloksia\/\" \/>\n<meta property=\"og:locale\" content=\"fi_FI\" \/>\n<meta property=\"og:type\" content=\"article\" \/>\n<meta property=\"og:title\" content=\"Enemm\u00e4n tuloksia - Logopedian tiedonhaku\" \/>\n<meta property=\"og:description\" content=\"Suosittuja tapoja lis\u00e4t\u00e4 hakutulosten m\u00e4\u00e4r\u00e4\u00e4: L\u00e4hde: Mukaillen It\u00e4-Suomen yliopiston kirjasto. Mets\u00e4tieteen tiedonhaku [verkkosivusto]. Saatavilla: https:\/\/blogs.uef.fi\/tiedonhaku-metsatiede\/\" \/>\n<meta property=\"og:url\" content=\"https:\/\/blogs.uef.fi\/tiedonhaku-logopedia\/enemman-tuloksia\/\" \/>\n<meta property=\"og:site_name\" content=\"Logopedian tiedonhaku\" \/>\n<meta property=\"article:modified_time\" content=\"2023-06-27T07:07:44+00:00\" \/>\n<meta name=\"twitter:card\" content=\"summary_large_image\" \/>\n<meta name=\"twitter:label1\" content=\"Arvioitu lukuaika\" \/>\n\t<meta name=\"twitter:data1\" content=\"1 minuutti\" \/>\n<script type=\"application\/ld+json\" class=\"yoast-schema-graph\">{\"@context\":\"https:\/\/schema.org\",\"@graph\":[{\"@type\":\"WebPage\",\"@id\":\"https:\/\/blogs.uef.fi\/tiedonhaku-logopedia\/enemman-tuloksia\/\",\"url\":\"https:\/\/blogs.uef.fi\/tiedonhaku-logopedia\/enemman-tuloksia\/\",\"name\":\"Enemm\u00e4n tuloksia - Logopedian tiedonhaku\",\"isPartOf\":{\"@id\":\"https:\/\/blogs.uef.fi\/tiedonhaku-logopedia\/#website\"},\"datePublished\":\"2021-08-05T08:44:59+00:00\",\"dateModified\":\"2023-06-27T07:07:44+00:00\",\"breadcrumb\":{\"@id\":\"https:\/\/blogs.uef.fi\/tiedonhaku-logopedia\/enemman-tuloksia\/#breadcrumb\"},\"inLanguage\":\"fi\",\"potentialAction\":[{\"@type\":\"ReadAction\",\"target\":[\"https:\/\/blogs.uef.fi\/tiedonhaku-logopedia\/enemman-tuloksia\/\"]}]},{\"@type\":\"BreadcrumbList\",\"@id\":\"https:\/\/blogs.uef.fi\/tiedonhaku-logopedia\/enemman-tuloksia\/#breadcrumb\",\"itemListElement\":[{\"@type\":\"ListItem\",\"position\":1,\"name\":\"Home\",\"item\":\"https:\/\/blogs.uef.fi\/tiedonhaku-logopedia\/\"},{\"@type\":\"ListItem\",\"position\":2,\"name\":\"Enemm\u00e4n tuloksia\"}]},{\"@type\":\"WebSite\",\"@id\":\"https:\/\/blogs.uef.fi\/tiedonhaku-logopedia\/#website\",\"url\":\"https:\/\/blogs.uef.fi\/tiedonhaku-logopedia\/\",\"name\":\"Logopedian tiedonhaku\",\"description\":\"\",\"potentialAction\":[{\"@type\":\"SearchAction\",\"target\":{\"@type\":\"EntryPoint\",\"urlTemplate\":\"https:\/\/blogs.uef.fi\/tiedonhaku-logopedia\/?s={search_term_string}\"},\"query-input\":{\"@type\":\"PropertyValueSpecification\",\"valueRequired\":true,\"valueName\":\"search_term_string\"}}],\"inLanguage\":\"fi\"}]}<\/script>\n<!-- \/ Yoast SEO plugin. -->","yoast_head_json":{"title":"Enemm\u00e4n tuloksia - Logopedian tiedonhaku","robots":{"index":"index","follow":"follow","max-snippet":"max-snippet:-1","max-image-preview":"max-image-preview:large","max-video-preview":"max-video-preview:-1"},"canonical":"https:\/\/blogs.uef.fi\/tiedonhaku-logopedia\/enemman-tuloksia\/","og_locale":"fi_FI","og_type":"article","og_title":"Enemm\u00e4n tuloksia - Logopedian tiedonhaku","og_description":"Suosittuja tapoja lis\u00e4t\u00e4 hakutulosten m\u00e4\u00e4r\u00e4\u00e4: L\u00e4hde: Mukaillen It\u00e4-Suomen yliopiston kirjasto. Mets\u00e4tieteen tiedonhaku [verkkosivusto]. Saatavilla: https:\/\/blogs.uef.fi\/tiedonhaku-metsatiede\/","og_url":"https:\/\/blogs.uef.fi\/tiedonhaku-logopedia\/enemman-tuloksia\/","og_site_name":"Logopedian tiedonhaku","article_modified_time":"2023-06-27T07:07:44+00:00","twitter_card":"summary_large_image","twitter_misc":{"Arvioitu lukuaika":"1 minuutti"},"schema":{"@context":"https:\/\/schema.org","@graph":[{"@type":"WebPage","@id":"https:\/\/blogs.uef.fi\/tiedonhaku-logopedia\/enemman-tuloksia\/","url":"https:\/\/blogs.uef.fi\/tiedonhaku-logopedia\/enemman-tuloksia\/","name":"Enemm\u00e4n tuloksia - Logopedian tiedonhaku","isPartOf":{"@id":"https:\/\/blogs.uef.fi\/tiedonhaku-logopedia\/#website"},"datePublished":"2021-08-05T08:44:59+00:00","dateModified":"2023-06-27T07:07:44+00:00","breadcrumb":{"@id":"https:\/\/blogs.uef.fi\/tiedonhaku-logopedia\/enemman-tuloksia\/#breadcrumb"},"inLanguage":"fi","potentialAction":[{"@type":"ReadAction","target":["https:\/\/blogs.uef.fi\/tiedonhaku-logopedia\/enemman-tuloksia\/"]}]},{"@type":"BreadcrumbList","@id":"https:\/\/blogs.uef.fi\/tiedonhaku-logopedia\/enemman-tuloksia\/#breadcrumb","itemListElement":[{"@type":"ListItem","position":1,"name":"Home","item":"https:\/\/blogs.uef.fi\/tiedonhaku-logopedia\/"},{"@type":"ListItem","position":2,"name":"Enemm\u00e4n tuloksia"}]},{"@type":"WebSite","@id":"https:\/\/blogs.uef.fi\/tiedonhaku-logopedia\/#website","url":"https:\/\/blogs.uef.fi\/tiedonhaku-logopedia\/","name":"Logopedian tiedonhaku","description":"","potentialAction":[{"@type":"SearchAction","target":{"@type":"EntryPoint","urlTemplate":"https:\/\/blogs.uef.fi\/tiedonhaku-logopedia\/?s={search_term_string}"},"query-input":{"@type":"PropertyValueSpecification","valueRequired":true,"valueName":"search_term_string"}}],"inLanguage":"fi"}]}},"_links":{"self":[{"href":"https:\/\/blogs.uef.fi\/tiedonhaku-logopedia\/wp-json\/wp\/v2\/pages\/178","targetHints":{"allow":["GET"]}}],"collection":[{"href":"https:\/\/blogs.uef.fi\/tiedonhaku-logopedia\/wp-json\/wp\/v2\/pages"}],"about":[{"href":"https:\/\/blogs.uef.fi\/tiedonhaku-logopedia\/wp-json\/wp\/v2\/types\/page"}],"author":[{"embeddable":true,"href":"https:\/\/blogs.uef.fi\/tiedonhaku-logopedia\/wp-json\/wp\/v2\/users\/403"}],"replies":[{"embeddable":true,"href":"https:\/\/blogs.uef.fi\/tiedonhaku-logopedia\/wp-json\/wp\/v2\/comments?post=178"}],"version-history":[{"count":2,"href":"https:\/\/blogs.uef.fi\/tiedonhaku-logopedia\/wp-json\/wp\/v2\/pages\/178\/revisions"}],"predecessor-version":[{"id":1155,"href":"https:\/\/blogs.uef.fi\/tiedonhaku-logopedia\/wp-json\/wp\/v2\/pages\/178\/revisions\/1155"}],"wp:attachment":[{"href":"https:\/\/blogs.uef.fi\/tiedonhaku-logopedia\/wp-json\/wp\/v2\/media?parent=178"}],"curies":[{"name":"wp","href":"https:\/\/api.w.org\/{rel}","templated":true}]}}