{"id":154,"date":"2021-08-05T11:40:52","date_gmt":"2021-08-05T08:40:52","guid":{"rendered":"https:\/\/blogs.uef.fi\/tiedonhaku-logopedia\/?page_id=154"},"modified":"2021-09-06T14:07:14","modified_gmt":"2021-09-06T11:07:14","slug":"tekijanoikeus-ja-tutkimusetiikka","status":"publish","type":"page","link":"https:\/\/blogs.uef.fi\/tiedonhaku-logopedia\/tekijanoikeus-ja-tutkimusetiikka\/","title":{"rendered":"Plagiointi, viittaaminen, tekij\u00e4noikeus ja tutkimusetiikka"},"content":{"rendered":"\n<h1 class=\"wp-block-heading\">K\u00e4sitteit\u00e4<\/h1>\n\n\n\n<ul class=\"wp-block-list\"><li><strong>Viittaus<\/strong> = toisen tekij\u00e4n ajatusten ilmaiseminen omin sanoin<\/li><li><strong>Lainaus<\/strong> = suorasanainen ote, joka pit\u00e4\u00e4 erottaa lainausmerkeill\u00e4 (\u201dsitaatti\u201d). <\/li><li><strong>Plagiointi<\/strong> = \u201dtoisen henkil\u00f6n ty\u00f6n j\u00e4ljent\u00e4minen ja esitt\u00e4minen omanaan, henkisen omaisuuden varastaminen\u201d (L\u00e4hde: Nurmi T.: Suomen kielen sanakirja, Jyv\u00e4skyl\u00e4: Gummerus, 1992).<\/li><\/ul>\n\n\n\n<p><br>K\u00e4ytetyt l\u00e4hteet mainitaan niin, ett\u00e4 lainaukset ja viittaukset ovat selke\u00e4sti tunnistettavissa ja l\u00f6ydett\u00e4viss\u00e4 my\u00f6hemmin.<\/p>\n\n\n\n<p><\/p>\n\n\n\n<h1 class=\"wp-block-heading\">Tekij\u00e4noikeus<\/h1>\n\n\n\n<p><a href=\"https:\/\/finlex.fi\/fi\/laki\/ajantasa\/1961\/19610404\">Tekij\u00e4noikeuslaki (1961\/404)<\/a>  ja -asetus s\u00e4\u00e4telev\u00e4t julkaisujen (julkaistujen teosten) k\u00e4ytt\u00f6\u00e4.<\/p>\n\n\n\n<h2 class=\"wp-block-heading\">E-aineistojen k\u00e4ytt\u00f6ehdot<\/h2>\n\n\n\n<p>Kirjaston hankkimien elektronisen julkaisujen (e-kirjojen, e-lehtien, hakuteoksien, sanakirjojen) ja tietokantojen k\u00e4ytt\u00f6\u00e4 s\u00e4\u00e4telev\u00e4t erilliset sopimusehdot. <strong>K\u00e4ytt\u00f6ehdot poikkeavat aineistoittain.<\/strong><\/p>\n\n\n\n<p><\/p>\n\n\n\n<p><strong>Sallittua on (p\u00e4\u00e4s\u00e4\u00e4nt\u00f6isesti)<\/strong><\/p>\n\n\n\n<ul class=\"wp-block-list\"><li>selailla ja tehd\u00e4 tiedonhakuja<\/li><li>kohtuullisessa m\u00e4\u00e4rin tulostaa paperille tai tallentaa hakujen tuloksia omaan opiskelu- tai tutkimusk\u00e4ytt\u00f6\u00f6n (ei-kaupalliseen tarkoitukseen)<\/li><li>kohtuullisessa m\u00e4\u00e4rin tulostaa paperille tai tallentaa yksitt\u00e4isi\u00e4 artikkeleita tai tekstin osia e-kirjoista<\/li><li>l\u00e4hett\u00e4\u00e4 s\u00e4hk\u00f6postitse tai paperikopiona yksitt\u00e4isi\u00e4 artikkeleita toisella henkil\u00f6lle henkil\u00f6kohtaiseen k\u00e4ytt\u00f6\u00f6n tieteellisen kommunikoinnin nimiss\u00e4.  <\/li><\/ul>\n\n\n\n<p><strong>Kielletty\u00e4 on (p\u00e4\u00e4s\u00e4\u00e4nt\u00f6isesti)<\/strong><\/p>\n\n\n\n<ul class=\"wp-block-list\"><li>k\u00e4ytt\u00e4\u00e4 aineistoa tai osaa siit\u00e4 kaupallisiin tarkoituksiin<\/li><li>levitt\u00e4\u00e4, myyd\u00e4 tai muokata aineistoa tai tehd\u00e4 siit\u00e4 johdannaisteoksia tai antaa aineistoa muille kuin sen k\u00e4ytt\u00f6\u00f6n oikeutetuille henkil\u00f6ille<\/li><li>poistaa tai muuttaa aineistossa olevia tekij\u00f6iden nimi\u00e4 tai kustantajan tekij\u00e4noikeusmerkint\u00f6j\u00e4 tai muita tunnistetietoja tai kieltoja<\/li><li>k\u00e4ytt\u00e4\u00e4 ohjelmistoja, jotka automaattisesti haravoivat aineistoja<\/li><li>j\u00e4rjestelm\u00e4llisesti kopioida tai tulostaa aineistoa paperille tai julkaista aineistoa uudelleen muussa muodossa<\/li><li>tallentaa omalle laitteelle suuria m\u00e4\u00e4ri\u00e4 j\u00e4rjestelm\u00e4llisesti (esim. lehtien kokonaisia numeroita tai vuosikertoja) tai laittaa esimerkiksi omalle nettisivulle<\/li><\/ul>\n\n\n\n<p><a href=\"https:\/\/www.uef.fi\/fi\/kirjasto\/e-aineistojen-kaytto\">Lis\u00e4tietoja e-aineistojen k\u00e4yt\u00f6st\u00e4<\/a> l\u00f6yd\u00e4t kirjaston kotisivuilta.<\/p>\n\n\n\n<h1 class=\"wp-block-heading\">Tutkimusetiikka<\/h1>\n\n\n\n<p>Tutkimusetiikan periaatteet koskevat niin tutkijoita, opettajia kuin opiskelijoita. It\u00e4\u2010Suomen yliopisto on sitoutunut noudattamaan <a href=\"https:\/\/www.tenk.fi\/fi\">Tutkimuseettisen neuvottelukunnan (TENK)<\/a> ohjeita hyv\u00e4st\u00e4 tieteellisest\u00e4 k\u00e4yt\u00e4nn\u00f6st\u00e4. Hyv\u00e4\u00e4n tieteelliseen k\u00e4yt\u00e4nt\u00f6\u00f6n kuuluu esimerkiksi:<\/p>\n\n\n\n<ul class=\"wp-block-list\"><li>Toimintatapojen rehellisyys, huolellisuus ja tarkkuus tutkimuksessa, tulosten tallentamisessa ja esitt\u00e4misess\u00e4 sek\u00e4 tutkimusten ja niiden tulosten arvioinnissa<\/li><li>Eettisesti kest\u00e4v\u00e4t tietokanta- tutkimus- ja arviointimenetelm\u00e4t sek\u00e4 avoimuus tulosten julkaisussa<\/li><li>Muiden tutkijoiden ty\u00f6n ja saavutusten asianmukainen huomioon ottaminen<\/li><li>Tarvittavat tutkimusluvat on hankittu ja tietyill\u00e4 aloilla vaadittava eettinen ennakkoarviointi on tehty<\/li><\/ul>\n\n\n\n<p>L\u00e4hde: Mukaillen It\u00e4-Suomen yliopiston kirjasto. Kasvatustieteiden tiedonhaku [verkkosivusto]. Saatavilla https:\/\/sites.uef.fi\/tiedonhaku-kasvatus\/<\/p>\n","protected":false},"excerpt":{"rendered":"<p>K\u00e4sitteit\u00e4 Viittaus = toisen tekij\u00e4n ajatusten ilmaiseminen omin sanoin Lainaus = suorasanainen ote, joka pit\u00e4\u00e4 erottaa lainausmerkeill\u00e4 (\u201dsitaatti\u201d). Plagiointi = \u201dtoisen henkil\u00f6n ty\u00f6n j\u00e4ljent\u00e4minen ja esitt\u00e4minen omanaan, henkisen omaisuuden varastaminen\u201d (L\u00e4hde: Nurmi T.: Suomen kielen sanakirja, Jyv\u00e4skyl\u00e4: Gummerus, 1992). K\u00e4ytetyt l\u00e4hteet mainitaan niin, ett\u00e4 lainaukset ja viittaukset ovat selke\u00e4sti tunnistettavissa ja l\u00f6ydett\u00e4viss\u00e4 my\u00f6hemmin. Tekij\u00e4noikeus Tekij\u00e4noikeuslaki [&hellip;]<\/p>\n","protected":false},"author":403,"featured_media":0,"parent":0,"menu_order":0,"comment_status":"closed","ping_status":"closed","template":"","meta":{"_acf_changed":false,"footnotes":""},"class_list":["post-154","page","type-page","status-publish","hentry"],"acf":[],"yoast_head":"<!-- This site is optimized with the Yoast SEO plugin v27.1.1 - https:\/\/yoast.com\/product\/yoast-seo-wordpress\/ -->\n<title>Plagiointi, viittaaminen, tekij\u00e4noikeus ja tutkimusetiikka - Logopedian tiedonhaku<\/title>\n<meta name=\"robots\" content=\"index, follow, max-snippet:-1, max-image-preview:large, max-video-preview:-1\" \/>\n<link rel=\"canonical\" href=\"https:\/\/blogs.uef.fi\/tiedonhaku-logopedia\/tekijanoikeus-ja-tutkimusetiikka\/\" \/>\n<meta property=\"og:locale\" content=\"fi_FI\" \/>\n<meta property=\"og:type\" content=\"article\" \/>\n<meta property=\"og:title\" content=\"Plagiointi, viittaaminen, tekij\u00e4noikeus ja tutkimusetiikka - Logopedian tiedonhaku\" \/>\n<meta property=\"og:description\" content=\"K\u00e4sitteit\u00e4 Viittaus = toisen tekij\u00e4n ajatusten ilmaiseminen omin sanoin Lainaus = suorasanainen ote, joka pit\u00e4\u00e4 erottaa lainausmerkeill\u00e4 (\u201dsitaatti\u201d). Plagiointi = \u201dtoisen henkil\u00f6n ty\u00f6n j\u00e4ljent\u00e4minen ja esitt\u00e4minen omanaan, henkisen omaisuuden varastaminen\u201d (L\u00e4hde: Nurmi T.: Suomen kielen sanakirja, Jyv\u00e4skyl\u00e4: Gummerus, 1992). K\u00e4ytetyt l\u00e4hteet mainitaan niin, ett\u00e4 lainaukset ja viittaukset ovat selke\u00e4sti tunnistettavissa ja l\u00f6ydett\u00e4viss\u00e4 my\u00f6hemmin. Tekij\u00e4noikeus Tekij\u00e4noikeuslaki [&hellip;]\" \/>\n<meta property=\"og:url\" content=\"https:\/\/blogs.uef.fi\/tiedonhaku-logopedia\/tekijanoikeus-ja-tutkimusetiikka\/\" \/>\n<meta property=\"og:site_name\" content=\"Logopedian tiedonhaku\" \/>\n<meta property=\"article:modified_time\" content=\"2021-09-06T11:07:14+00:00\" \/>\n<meta name=\"twitter:card\" content=\"summary_large_image\" \/>\n<meta name=\"twitter:label1\" content=\"Arvioitu lukuaika\" \/>\n\t<meta name=\"twitter:data1\" content=\"2 minuuttia\" \/>\n<script type=\"application\/ld+json\" class=\"yoast-schema-graph\">{\"@context\":\"https:\/\/schema.org\",\"@graph\":[{\"@type\":\"WebPage\",\"@id\":\"https:\/\/blogs.uef.fi\/tiedonhaku-logopedia\/tekijanoikeus-ja-tutkimusetiikka\/\",\"url\":\"https:\/\/blogs.uef.fi\/tiedonhaku-logopedia\/tekijanoikeus-ja-tutkimusetiikka\/\",\"name\":\"Plagiointi, viittaaminen, tekij\u00e4noikeus ja tutkimusetiikka - Logopedian tiedonhaku\",\"isPartOf\":{\"@id\":\"https:\/\/blogs.uef.fi\/tiedonhaku-logopedia\/#website\"},\"datePublished\":\"2021-08-05T08:40:52+00:00\",\"dateModified\":\"2021-09-06T11:07:14+00:00\",\"breadcrumb\":{\"@id\":\"https:\/\/blogs.uef.fi\/tiedonhaku-logopedia\/tekijanoikeus-ja-tutkimusetiikka\/#breadcrumb\"},\"inLanguage\":\"fi\",\"potentialAction\":[{\"@type\":\"ReadAction\",\"target\":[\"https:\/\/blogs.uef.fi\/tiedonhaku-logopedia\/tekijanoikeus-ja-tutkimusetiikka\/\"]}]},{\"@type\":\"BreadcrumbList\",\"@id\":\"https:\/\/blogs.uef.fi\/tiedonhaku-logopedia\/tekijanoikeus-ja-tutkimusetiikka\/#breadcrumb\",\"itemListElement\":[{\"@type\":\"ListItem\",\"position\":1,\"name\":\"Home\",\"item\":\"https:\/\/blogs.uef.fi\/tiedonhaku-logopedia\/\"},{\"@type\":\"ListItem\",\"position\":2,\"name\":\"Plagiointi, viittaaminen, tekij\u00e4noikeus ja tutkimusetiikka\"}]},{\"@type\":\"WebSite\",\"@id\":\"https:\/\/blogs.uef.fi\/tiedonhaku-logopedia\/#website\",\"url\":\"https:\/\/blogs.uef.fi\/tiedonhaku-logopedia\/\",\"name\":\"Logopedian tiedonhaku\",\"description\":\"\",\"potentialAction\":[{\"@type\":\"SearchAction\",\"target\":{\"@type\":\"EntryPoint\",\"urlTemplate\":\"https:\/\/blogs.uef.fi\/tiedonhaku-logopedia\/?s={search_term_string}\"},\"query-input\":{\"@type\":\"PropertyValueSpecification\",\"valueRequired\":true,\"valueName\":\"search_term_string\"}}],\"inLanguage\":\"fi\"}]}<\/script>\n<!-- \/ Yoast SEO plugin. -->","yoast_head_json":{"title":"Plagiointi, viittaaminen, tekij\u00e4noikeus ja tutkimusetiikka - Logopedian tiedonhaku","robots":{"index":"index","follow":"follow","max-snippet":"max-snippet:-1","max-image-preview":"max-image-preview:large","max-video-preview":"max-video-preview:-1"},"canonical":"https:\/\/blogs.uef.fi\/tiedonhaku-logopedia\/tekijanoikeus-ja-tutkimusetiikka\/","og_locale":"fi_FI","og_type":"article","og_title":"Plagiointi, viittaaminen, tekij\u00e4noikeus ja tutkimusetiikka - Logopedian tiedonhaku","og_description":"K\u00e4sitteit\u00e4 Viittaus = toisen tekij\u00e4n ajatusten ilmaiseminen omin sanoin Lainaus = suorasanainen ote, joka pit\u00e4\u00e4 erottaa lainausmerkeill\u00e4 (\u201dsitaatti\u201d). Plagiointi = \u201dtoisen henkil\u00f6n ty\u00f6n j\u00e4ljent\u00e4minen ja esitt\u00e4minen omanaan, henkisen omaisuuden varastaminen\u201d (L\u00e4hde: Nurmi T.: Suomen kielen sanakirja, Jyv\u00e4skyl\u00e4: Gummerus, 1992). K\u00e4ytetyt l\u00e4hteet mainitaan niin, ett\u00e4 lainaukset ja viittaukset ovat selke\u00e4sti tunnistettavissa ja l\u00f6ydett\u00e4viss\u00e4 my\u00f6hemmin. Tekij\u00e4noikeus Tekij\u00e4noikeuslaki [&hellip;]","og_url":"https:\/\/blogs.uef.fi\/tiedonhaku-logopedia\/tekijanoikeus-ja-tutkimusetiikka\/","og_site_name":"Logopedian tiedonhaku","article_modified_time":"2021-09-06T11:07:14+00:00","twitter_card":"summary_large_image","twitter_misc":{"Arvioitu lukuaika":"2 minuuttia"},"schema":{"@context":"https:\/\/schema.org","@graph":[{"@type":"WebPage","@id":"https:\/\/blogs.uef.fi\/tiedonhaku-logopedia\/tekijanoikeus-ja-tutkimusetiikka\/","url":"https:\/\/blogs.uef.fi\/tiedonhaku-logopedia\/tekijanoikeus-ja-tutkimusetiikka\/","name":"Plagiointi, viittaaminen, tekij\u00e4noikeus ja tutkimusetiikka - Logopedian tiedonhaku","isPartOf":{"@id":"https:\/\/blogs.uef.fi\/tiedonhaku-logopedia\/#website"},"datePublished":"2021-08-05T08:40:52+00:00","dateModified":"2021-09-06T11:07:14+00:00","breadcrumb":{"@id":"https:\/\/blogs.uef.fi\/tiedonhaku-logopedia\/tekijanoikeus-ja-tutkimusetiikka\/#breadcrumb"},"inLanguage":"fi","potentialAction":[{"@type":"ReadAction","target":["https:\/\/blogs.uef.fi\/tiedonhaku-logopedia\/tekijanoikeus-ja-tutkimusetiikka\/"]}]},{"@type":"BreadcrumbList","@id":"https:\/\/blogs.uef.fi\/tiedonhaku-logopedia\/tekijanoikeus-ja-tutkimusetiikka\/#breadcrumb","itemListElement":[{"@type":"ListItem","position":1,"name":"Home","item":"https:\/\/blogs.uef.fi\/tiedonhaku-logopedia\/"},{"@type":"ListItem","position":2,"name":"Plagiointi, viittaaminen, tekij\u00e4noikeus ja tutkimusetiikka"}]},{"@type":"WebSite","@id":"https:\/\/blogs.uef.fi\/tiedonhaku-logopedia\/#website","url":"https:\/\/blogs.uef.fi\/tiedonhaku-logopedia\/","name":"Logopedian tiedonhaku","description":"","potentialAction":[{"@type":"SearchAction","target":{"@type":"EntryPoint","urlTemplate":"https:\/\/blogs.uef.fi\/tiedonhaku-logopedia\/?s={search_term_string}"},"query-input":{"@type":"PropertyValueSpecification","valueRequired":true,"valueName":"search_term_string"}}],"inLanguage":"fi"}]}},"_links":{"self":[{"href":"https:\/\/blogs.uef.fi\/tiedonhaku-logopedia\/wp-json\/wp\/v2\/pages\/154","targetHints":{"allow":["GET"]}}],"collection":[{"href":"https:\/\/blogs.uef.fi\/tiedonhaku-logopedia\/wp-json\/wp\/v2\/pages"}],"about":[{"href":"https:\/\/blogs.uef.fi\/tiedonhaku-logopedia\/wp-json\/wp\/v2\/types\/page"}],"author":[{"embeddable":true,"href":"https:\/\/blogs.uef.fi\/tiedonhaku-logopedia\/wp-json\/wp\/v2\/users\/403"}],"replies":[{"embeddable":true,"href":"https:\/\/blogs.uef.fi\/tiedonhaku-logopedia\/wp-json\/wp\/v2\/comments?post=154"}],"version-history":[{"count":2,"href":"https:\/\/blogs.uef.fi\/tiedonhaku-logopedia\/wp-json\/wp\/v2\/pages\/154\/revisions"}],"predecessor-version":[{"id":861,"href":"https:\/\/blogs.uef.fi\/tiedonhaku-logopedia\/wp-json\/wp\/v2\/pages\/154\/revisions\/861"}],"wp:attachment":[{"href":"https:\/\/blogs.uef.fi\/tiedonhaku-logopedia\/wp-json\/wp\/v2\/media?parent=154"}],"curies":[{"name":"wp","href":"https:\/\/api.w.org\/{rel}","templated":true}]}}