{"id":139,"date":"2021-08-05T11:26:06","date_gmt":"2021-08-05T08:26:06","guid":{"rendered":"https:\/\/blogs.uef.fi\/tiedonhaku-logopedia\/?page_id=139"},"modified":"2023-06-27T10:08:05","modified_gmt":"2023-06-27T07:08:05","slug":"tarkempia-tuloksia","status":"publish","type":"page","link":"https:\/\/blogs.uef.fi\/tiedonhaku-logopedia\/tarkempia-tuloksia\/","title":{"rendered":"Tarkempia tuloksia"},"content":{"rendered":"\n<p>Usein k\u00e4ytettyj\u00e4 rajaustoimintoja: <\/p>\n\n\n\n<ul class=\"wp-block-list\">\n<li>Aika: julkaisuvuosi, jossain jopa kuukausi- ja p\u00e4iv\u00e4kohtainen rajaus mahdollinen<\/li>\n\n\n\n<li>Kieli: alkuper\u00e4inen julkaisukieli<\/li>\n\n\n\n<li>Aineistotyyppi: artikkeli, kirja, konferenssijulkaisu, arvostelu, opinn\u00e4yte (v\u00e4it\u00f6skirja), jne.<\/li>\n\n\n\n<li>Dokumenttityyppi: artikkeli, kirjan luku, tutkimusraportti, testi, jne.<\/li>\n\n\n\n<li>Vertaisarviointi<\/li>\n<\/ul>\n\n\n\n<p>L\u00e4hde: Mukaillen It\u00e4-Suomen yliopiston kirjasto. Kasvatustieteiden tiedonhaku [verkkosivusto]. Saatavilla https:\/\/sites.uef.fi\/tiedonhaku-kasvatus\/<\/p>\n","protected":false},"excerpt":{"rendered":"<p>Usein k\u00e4ytettyj\u00e4 rajaustoimintoja: L\u00e4hde: Mukaillen It\u00e4-Suomen yliopiston kirjasto. Kasvatustieteiden tiedonhaku [verkkosivusto]. Saatavilla https:\/\/sites.uef.fi\/tiedonhaku-kasvatus\/<\/p>\n","protected":false},"author":403,"featured_media":0,"parent":0,"menu_order":0,"comment_status":"closed","ping_status":"closed","template":"","meta":{"_acf_changed":false,"footnotes":""},"class_list":["post-139","page","type-page","status-publish","hentry"],"acf":[],"yoast_head":"<!-- This site is optimized with the Yoast SEO plugin v27.1.1 - https:\/\/yoast.com\/product\/yoast-seo-wordpress\/ -->\n<title>Tarkempia tuloksia - Logopedian tiedonhaku<\/title>\n<meta name=\"robots\" content=\"index, follow, max-snippet:-1, max-image-preview:large, max-video-preview:-1\" \/>\n<link rel=\"canonical\" href=\"https:\/\/blogs.uef.fi\/tiedonhaku-logopedia\/tarkempia-tuloksia\/\" \/>\n<meta property=\"og:locale\" content=\"fi_FI\" \/>\n<meta property=\"og:type\" content=\"article\" \/>\n<meta property=\"og:title\" content=\"Tarkempia tuloksia - Logopedian tiedonhaku\" \/>\n<meta property=\"og:description\" content=\"Usein k\u00e4ytettyj\u00e4 rajaustoimintoja: L\u00e4hde: Mukaillen It\u00e4-Suomen yliopiston kirjasto. Kasvatustieteiden tiedonhaku [verkkosivusto]. Saatavilla https:\/\/sites.uef.fi\/tiedonhaku-kasvatus\/\" \/>\n<meta property=\"og:url\" content=\"https:\/\/blogs.uef.fi\/tiedonhaku-logopedia\/tarkempia-tuloksia\/\" \/>\n<meta property=\"og:site_name\" content=\"Logopedian tiedonhaku\" \/>\n<meta property=\"article:modified_time\" content=\"2023-06-27T07:08:05+00:00\" \/>\n<meta name=\"twitter:card\" content=\"summary_large_image\" \/>\n<meta name=\"twitter:label1\" content=\"Arvioitu lukuaika\" \/>\n\t<meta name=\"twitter:data1\" content=\"1 minuutti\" \/>\n<script type=\"application\/ld+json\" class=\"yoast-schema-graph\">{\"@context\":\"https:\/\/schema.org\",\"@graph\":[{\"@type\":\"WebPage\",\"@id\":\"https:\/\/blogs.uef.fi\/tiedonhaku-logopedia\/tarkempia-tuloksia\/\",\"url\":\"https:\/\/blogs.uef.fi\/tiedonhaku-logopedia\/tarkempia-tuloksia\/\",\"name\":\"Tarkempia tuloksia - Logopedian tiedonhaku\",\"isPartOf\":{\"@id\":\"https:\/\/blogs.uef.fi\/tiedonhaku-logopedia\/#website\"},\"datePublished\":\"2021-08-05T08:26:06+00:00\",\"dateModified\":\"2023-06-27T07:08:05+00:00\",\"breadcrumb\":{\"@id\":\"https:\/\/blogs.uef.fi\/tiedonhaku-logopedia\/tarkempia-tuloksia\/#breadcrumb\"},\"inLanguage\":\"fi\",\"potentialAction\":[{\"@type\":\"ReadAction\",\"target\":[\"https:\/\/blogs.uef.fi\/tiedonhaku-logopedia\/tarkempia-tuloksia\/\"]}]},{\"@type\":\"BreadcrumbList\",\"@id\":\"https:\/\/blogs.uef.fi\/tiedonhaku-logopedia\/tarkempia-tuloksia\/#breadcrumb\",\"itemListElement\":[{\"@type\":\"ListItem\",\"position\":1,\"name\":\"Home\",\"item\":\"https:\/\/blogs.uef.fi\/tiedonhaku-logopedia\/\"},{\"@type\":\"ListItem\",\"position\":2,\"name\":\"Tarkempia tuloksia\"}]},{\"@type\":\"WebSite\",\"@id\":\"https:\/\/blogs.uef.fi\/tiedonhaku-logopedia\/#website\",\"url\":\"https:\/\/blogs.uef.fi\/tiedonhaku-logopedia\/\",\"name\":\"Logopedian tiedonhaku\",\"description\":\"\",\"potentialAction\":[{\"@type\":\"SearchAction\",\"target\":{\"@type\":\"EntryPoint\",\"urlTemplate\":\"https:\/\/blogs.uef.fi\/tiedonhaku-logopedia\/?s={search_term_string}\"},\"query-input\":{\"@type\":\"PropertyValueSpecification\",\"valueRequired\":true,\"valueName\":\"search_term_string\"}}],\"inLanguage\":\"fi\"}]}<\/script>\n<!-- \/ Yoast SEO plugin. -->","yoast_head_json":{"title":"Tarkempia tuloksia - Logopedian tiedonhaku","robots":{"index":"index","follow":"follow","max-snippet":"max-snippet:-1","max-image-preview":"max-image-preview:large","max-video-preview":"max-video-preview:-1"},"canonical":"https:\/\/blogs.uef.fi\/tiedonhaku-logopedia\/tarkempia-tuloksia\/","og_locale":"fi_FI","og_type":"article","og_title":"Tarkempia tuloksia - Logopedian tiedonhaku","og_description":"Usein k\u00e4ytettyj\u00e4 rajaustoimintoja: L\u00e4hde: Mukaillen It\u00e4-Suomen yliopiston kirjasto. Kasvatustieteiden tiedonhaku [verkkosivusto]. Saatavilla https:\/\/sites.uef.fi\/tiedonhaku-kasvatus\/","og_url":"https:\/\/blogs.uef.fi\/tiedonhaku-logopedia\/tarkempia-tuloksia\/","og_site_name":"Logopedian tiedonhaku","article_modified_time":"2023-06-27T07:08:05+00:00","twitter_card":"summary_large_image","twitter_misc":{"Arvioitu lukuaika":"1 minuutti"},"schema":{"@context":"https:\/\/schema.org","@graph":[{"@type":"WebPage","@id":"https:\/\/blogs.uef.fi\/tiedonhaku-logopedia\/tarkempia-tuloksia\/","url":"https:\/\/blogs.uef.fi\/tiedonhaku-logopedia\/tarkempia-tuloksia\/","name":"Tarkempia tuloksia - Logopedian tiedonhaku","isPartOf":{"@id":"https:\/\/blogs.uef.fi\/tiedonhaku-logopedia\/#website"},"datePublished":"2021-08-05T08:26:06+00:00","dateModified":"2023-06-27T07:08:05+00:00","breadcrumb":{"@id":"https:\/\/blogs.uef.fi\/tiedonhaku-logopedia\/tarkempia-tuloksia\/#breadcrumb"},"inLanguage":"fi","potentialAction":[{"@type":"ReadAction","target":["https:\/\/blogs.uef.fi\/tiedonhaku-logopedia\/tarkempia-tuloksia\/"]}]},{"@type":"BreadcrumbList","@id":"https:\/\/blogs.uef.fi\/tiedonhaku-logopedia\/tarkempia-tuloksia\/#breadcrumb","itemListElement":[{"@type":"ListItem","position":1,"name":"Home","item":"https:\/\/blogs.uef.fi\/tiedonhaku-logopedia\/"},{"@type":"ListItem","position":2,"name":"Tarkempia tuloksia"}]},{"@type":"WebSite","@id":"https:\/\/blogs.uef.fi\/tiedonhaku-logopedia\/#website","url":"https:\/\/blogs.uef.fi\/tiedonhaku-logopedia\/","name":"Logopedian tiedonhaku","description":"","potentialAction":[{"@type":"SearchAction","target":{"@type":"EntryPoint","urlTemplate":"https:\/\/blogs.uef.fi\/tiedonhaku-logopedia\/?s={search_term_string}"},"query-input":{"@type":"PropertyValueSpecification","valueRequired":true,"valueName":"search_term_string"}}],"inLanguage":"fi"}]}},"_links":{"self":[{"href":"https:\/\/blogs.uef.fi\/tiedonhaku-logopedia\/wp-json\/wp\/v2\/pages\/139","targetHints":{"allow":["GET"]}}],"collection":[{"href":"https:\/\/blogs.uef.fi\/tiedonhaku-logopedia\/wp-json\/wp\/v2\/pages"}],"about":[{"href":"https:\/\/blogs.uef.fi\/tiedonhaku-logopedia\/wp-json\/wp\/v2\/types\/page"}],"author":[{"embeddable":true,"href":"https:\/\/blogs.uef.fi\/tiedonhaku-logopedia\/wp-json\/wp\/v2\/users\/403"}],"replies":[{"embeddable":true,"href":"https:\/\/blogs.uef.fi\/tiedonhaku-logopedia\/wp-json\/wp\/v2\/comments?post=139"}],"version-history":[{"count":2,"href":"https:\/\/blogs.uef.fi\/tiedonhaku-logopedia\/wp-json\/wp\/v2\/pages\/139\/revisions"}],"predecessor-version":[{"id":1158,"href":"https:\/\/blogs.uef.fi\/tiedonhaku-logopedia\/wp-json\/wp\/v2\/pages\/139\/revisions\/1158"}],"wp:attachment":[{"href":"https:\/\/blogs.uef.fi\/tiedonhaku-logopedia\/wp-json\/wp\/v2\/media?parent=139"}],"curies":[{"name":"wp","href":"https:\/\/api.w.org\/{rel}","templated":true}]}}