{"id":133,"date":"2021-08-05T11:25:43","date_gmt":"2021-08-05T08:25:43","guid":{"rendered":"https:\/\/blogs.uef.fi\/tiedonhaku-logopedia\/?page_id=133"},"modified":"2023-06-27T10:07:08","modified_gmt":"2023-06-27T07:07:08","slug":"hakusanojen-yhdistaminen","status":"publish","type":"page","link":"https:\/\/blogs.uef.fi\/tiedonhaku-logopedia\/hakusanojen-yhdistaminen\/","title":{"rendered":"Hakusanojen yhdist\u00e4minen"},"content":{"rendered":"\n<p>Hakusanat ja niit\u00e4 yhdist\u00e4v\u00e4t operaattorit muodostavat hakulauseen. Operaattoreita eli Boolen logiikkaa k\u00e4ytet\u00e4\u00e4n kaikissa tietokannoissa, joten sen osaaminen on yksi tiedonhaun perustaidoista. Operaattoreita on kolme: <strong>AND, OR ja NOT<\/strong>. <\/p>\n\n\n\n<ul class=\"wp-block-list\">\n<li><strong>AND<\/strong>-operaattori liitt\u00e4\u00e4 hakuun kaikki hakutermit. AND-operaattori rajaa hakua. Se on yleisimmin k\u00e4ytetty operaattori. <\/li>\n<\/ul>\n\n\n\n<figure class=\"wp-block-image size-large is-style-rounded\"><img loading=\"lazy\" decoding=\"async\" width=\"467\" height=\"236\" src=\"https:\/\/blogs.uef.fi\/tiedonhaku-logopedia\/wp-content\/uploads\/sites\/157\/2021\/09\/and-operaattori-lapset-puheterapia.jpg\" alt=\"lapset AND puheterapia\" class=\"wp-image-869\" srcset=\"https:\/\/blogs.uef.fi\/tiedonhaku-logopedia\/wp-content\/uploads\/sites\/157\/2021\/09\/and-operaattori-lapset-puheterapia.jpg 467w, https:\/\/blogs.uef.fi\/tiedonhaku-logopedia\/wp-content\/uploads\/sites\/157\/2021\/09\/and-operaattori-lapset-puheterapia-300x152.jpg 300w\" sizes=\"auto, (max-width: 467px) 100vw, 467px\" \/><figcaption class=\"wp-element-caption\">lapset AND puheterapia<\/figcaption><\/figure>\n\n\n\n<ul class=\"wp-block-list\">\n<li><strong>OR<\/strong>-operaattori liitt\u00e4\u00e4 hakuun jommankumman (tai jonkun) hakusanan hakuun. OR-operaattori laajentaa hakua. Sill\u00e4 voi yhdist\u00e4\u00e4 esimerkiksi vaihtoehtoisia termej\u00e4 hakuun. <\/li>\n<\/ul>\n\n\n\n<figure class=\"wp-block-image size-large is-style-rounded\"><img loading=\"lazy\" decoding=\"async\" width=\"445\" height=\"196\" src=\"https:\/\/blogs.uef.fi\/tiedonhaku-logopedia\/wp-content\/uploads\/sites\/157\/2021\/09\/or-operaattori-lapset-puheterapia.jpg\" alt=\"lapset OR puheterapia\" class=\"wp-image-875\" srcset=\"https:\/\/blogs.uef.fi\/tiedonhaku-logopedia\/wp-content\/uploads\/sites\/157\/2021\/09\/or-operaattori-lapset-puheterapia.jpg 445w, https:\/\/blogs.uef.fi\/tiedonhaku-logopedia\/wp-content\/uploads\/sites\/157\/2021\/09\/or-operaattori-lapset-puheterapia-300x132.jpg 300w\" sizes=\"auto, (max-width: 445px) 100vw, 445px\" \/><figcaption class=\"wp-element-caption\">lapset OR puheterapia<\/figcaption><\/figure>\n\n\n\n<ul class=\"wp-block-list\">\n<li><strong>NOT<\/strong>-operaattori sulkee pois termej\u00e4 hausta. NOT-operaattoria tulee k\u00e4ytt\u00e4\u00e4 harkiten, koska se sulkee helposti pois hyvi\u00e4 teoksia hausta. <\/li>\n<\/ul>\n\n\n\n<figure class=\"wp-block-image size-large is-style-rounded\"><img loading=\"lazy\" decoding=\"async\" width=\"473\" height=\"220\" src=\"https:\/\/blogs.uef.fi\/tiedonhaku-logopedia\/wp-content\/uploads\/sites\/157\/2021\/09\/not-lapset-puheterapia.jpg\" alt=\"lapset NOT puheterapia\" class=\"wp-image-887\" srcset=\"https:\/\/blogs.uef.fi\/tiedonhaku-logopedia\/wp-content\/uploads\/sites\/157\/2021\/09\/not-lapset-puheterapia.jpg 473w, https:\/\/blogs.uef.fi\/tiedonhaku-logopedia\/wp-content\/uploads\/sites\/157\/2021\/09\/not-lapset-puheterapia-300x140.jpg 300w\" sizes=\"auto, (max-width: 473px) 100vw, 473px\" \/><figcaption class=\"wp-element-caption\">lapset NOT puheterapia<\/figcaption><\/figure>\n\n\n\n<p>L\u00e4hteet: Mukaillen It\u00e4-Suomen yliopiston kirjasto. Mets\u00e4tieteen tiedonhaku [verkkosivusto]. Saatavilla: https:\/\/blogs.uef.fi\/tiedonhaku-metsatiede\/. It\u00e4-Suomen yliopiston kirjasto. Kasvatustieteiden tiedonhaku [verkkosivusto]. Saatavilla https:\/\/sites.uef.fi\/tiedonhaku-kasvatus\/.<\/p>\n","protected":false},"excerpt":{"rendered":"<p>Hakusanat ja niit\u00e4 yhdist\u00e4v\u00e4t operaattorit muodostavat hakulauseen. Operaattoreita eli Boolen logiikkaa k\u00e4ytet\u00e4\u00e4n kaikissa tietokannoissa, joten sen osaaminen on yksi tiedonhaun perustaidoista. Operaattoreita on kolme: AND, OR ja NOT. L\u00e4hteet: Mukaillen It\u00e4-Suomen yliopiston kirjasto. Mets\u00e4tieteen tiedonhaku [verkkosivusto]. Saatavilla: https:\/\/blogs.uef.fi\/tiedonhaku-metsatiede\/. It\u00e4-Suomen yliopiston kirjasto. Kasvatustieteiden tiedonhaku [verkkosivusto]. Saatavilla https:\/\/sites.uef.fi\/tiedonhaku-kasvatus\/.<\/p>\n","protected":false},"author":403,"featured_media":0,"parent":0,"menu_order":0,"comment_status":"closed","ping_status":"closed","template":"","meta":{"_acf_changed":false,"footnotes":""},"class_list":["post-133","page","type-page","status-publish","hentry"],"acf":[],"yoast_head":"<!-- This site is optimized with the Yoast SEO plugin v27.3 - https:\/\/yoast.com\/product\/yoast-seo-wordpress\/ -->\n<title>Hakusanojen yhdist\u00e4minen - Logopedian tiedonhaku<\/title>\n<meta name=\"robots\" content=\"index, follow, max-snippet:-1, max-image-preview:large, max-video-preview:-1\" \/>\n<link rel=\"canonical\" href=\"https:\/\/blogs.uef.fi\/tiedonhaku-logopedia\/hakusanojen-yhdistaminen\/\" \/>\n<meta property=\"og:locale\" content=\"fi_FI\" \/>\n<meta property=\"og:type\" content=\"article\" \/>\n<meta property=\"og:title\" content=\"Hakusanojen yhdist\u00e4minen - Logopedian tiedonhaku\" \/>\n<meta property=\"og:description\" content=\"Hakusanat ja niit\u00e4 yhdist\u00e4v\u00e4t operaattorit muodostavat hakulauseen. Operaattoreita eli Boolen logiikkaa k\u00e4ytet\u00e4\u00e4n kaikissa tietokannoissa, joten sen osaaminen on yksi tiedonhaun perustaidoista. Operaattoreita on kolme: AND, OR ja NOT. L\u00e4hteet: Mukaillen It\u00e4-Suomen yliopiston kirjasto. Mets\u00e4tieteen tiedonhaku [verkkosivusto]. Saatavilla: https:\/\/blogs.uef.fi\/tiedonhaku-metsatiede\/. It\u00e4-Suomen yliopiston kirjasto. Kasvatustieteiden tiedonhaku [verkkosivusto]. Saatavilla https:\/\/sites.uef.fi\/tiedonhaku-kasvatus\/.\" \/>\n<meta property=\"og:url\" content=\"https:\/\/blogs.uef.fi\/tiedonhaku-logopedia\/hakusanojen-yhdistaminen\/\" \/>\n<meta property=\"og:site_name\" content=\"Logopedian tiedonhaku\" \/>\n<meta property=\"article:modified_time\" content=\"2023-06-27T07:07:08+00:00\" \/>\n<meta property=\"og:image\" content=\"https:\/\/blogs.uef.fi\/tiedonhaku-logopedia\/wp-content\/uploads\/sites\/157\/2021\/09\/and-operaattori-lapset-puheterapia.jpg\" \/>\n<meta name=\"twitter:card\" content=\"summary_large_image\" \/>\n<meta name=\"twitter:label1\" content=\"Arvioitu lukuaika\" \/>\n\t<meta name=\"twitter:data1\" content=\"2 minuuttia\" \/>\n<script type=\"application\/ld+json\" class=\"yoast-schema-graph\">{\"@context\":\"https:\\\/\\\/schema.org\",\"@graph\":[{\"@type\":\"WebPage\",\"@id\":\"https:\\\/\\\/blogs.uef.fi\\\/tiedonhaku-logopedia\\\/hakusanojen-yhdistaminen\\\/\",\"url\":\"https:\\\/\\\/blogs.uef.fi\\\/tiedonhaku-logopedia\\\/hakusanojen-yhdistaminen\\\/\",\"name\":\"Hakusanojen yhdist\u00e4minen - Logopedian tiedonhaku\",\"isPartOf\":{\"@id\":\"https:\\\/\\\/blogs.uef.fi\\\/tiedonhaku-logopedia\\\/#website\"},\"primaryImageOfPage\":{\"@id\":\"https:\\\/\\\/blogs.uef.fi\\\/tiedonhaku-logopedia\\\/hakusanojen-yhdistaminen\\\/#primaryimage\"},\"image\":{\"@id\":\"https:\\\/\\\/blogs.uef.fi\\\/tiedonhaku-logopedia\\\/hakusanojen-yhdistaminen\\\/#primaryimage\"},\"thumbnailUrl\":\"https:\\\/\\\/blogs.uef.fi\\\/tiedonhaku-logopedia\\\/wp-content\\\/uploads\\\/sites\\\/157\\\/2021\\\/09\\\/and-operaattori-lapset-puheterapia.jpg\",\"datePublished\":\"2021-08-05T08:25:43+00:00\",\"dateModified\":\"2023-06-27T07:07:08+00:00\",\"breadcrumb\":{\"@id\":\"https:\\\/\\\/blogs.uef.fi\\\/tiedonhaku-logopedia\\\/hakusanojen-yhdistaminen\\\/#breadcrumb\"},\"inLanguage\":\"fi\",\"potentialAction\":[{\"@type\":\"ReadAction\",\"target\":[\"https:\\\/\\\/blogs.uef.fi\\\/tiedonhaku-logopedia\\\/hakusanojen-yhdistaminen\\\/\"]}]},{\"@type\":\"ImageObject\",\"inLanguage\":\"fi\",\"@id\":\"https:\\\/\\\/blogs.uef.fi\\\/tiedonhaku-logopedia\\\/hakusanojen-yhdistaminen\\\/#primaryimage\",\"url\":\"https:\\\/\\\/blogs.uef.fi\\\/tiedonhaku-logopedia\\\/wp-content\\\/uploads\\\/sites\\\/157\\\/2021\\\/09\\\/and-operaattori-lapset-puheterapia.jpg\",\"contentUrl\":\"https:\\\/\\\/blogs.uef.fi\\\/tiedonhaku-logopedia\\\/wp-content\\\/uploads\\\/sites\\\/157\\\/2021\\\/09\\\/and-operaattori-lapset-puheterapia.jpg\",\"width\":467,\"height\":236,\"caption\":\"lapset AND puheterapia\"},{\"@type\":\"BreadcrumbList\",\"@id\":\"https:\\\/\\\/blogs.uef.fi\\\/tiedonhaku-logopedia\\\/hakusanojen-yhdistaminen\\\/#breadcrumb\",\"itemListElement\":[{\"@type\":\"ListItem\",\"position\":1,\"name\":\"Home\",\"item\":\"https:\\\/\\\/blogs.uef.fi\\\/tiedonhaku-logopedia\\\/\"},{\"@type\":\"ListItem\",\"position\":2,\"name\":\"Hakusanojen yhdist\u00e4minen\"}]},{\"@type\":\"WebSite\",\"@id\":\"https:\\\/\\\/blogs.uef.fi\\\/tiedonhaku-logopedia\\\/#website\",\"url\":\"https:\\\/\\\/blogs.uef.fi\\\/tiedonhaku-logopedia\\\/\",\"name\":\"Logopedian tiedonhaku\",\"description\":\"\",\"potentialAction\":[{\"@type\":\"SearchAction\",\"target\":{\"@type\":\"EntryPoint\",\"urlTemplate\":\"https:\\\/\\\/blogs.uef.fi\\\/tiedonhaku-logopedia\\\/?s={search_term_string}\"},\"query-input\":{\"@type\":\"PropertyValueSpecification\",\"valueRequired\":true,\"valueName\":\"search_term_string\"}}],\"inLanguage\":\"fi\"}]}<\/script>\n<!-- \/ Yoast SEO plugin. -->","yoast_head_json":{"title":"Hakusanojen yhdist\u00e4minen - Logopedian tiedonhaku","robots":{"index":"index","follow":"follow","max-snippet":"max-snippet:-1","max-image-preview":"max-image-preview:large","max-video-preview":"max-video-preview:-1"},"canonical":"https:\/\/blogs.uef.fi\/tiedonhaku-logopedia\/hakusanojen-yhdistaminen\/","og_locale":"fi_FI","og_type":"article","og_title":"Hakusanojen yhdist\u00e4minen - Logopedian tiedonhaku","og_description":"Hakusanat ja niit\u00e4 yhdist\u00e4v\u00e4t operaattorit muodostavat hakulauseen. Operaattoreita eli Boolen logiikkaa k\u00e4ytet\u00e4\u00e4n kaikissa tietokannoissa, joten sen osaaminen on yksi tiedonhaun perustaidoista. Operaattoreita on kolme: AND, OR ja NOT. L\u00e4hteet: Mukaillen It\u00e4-Suomen yliopiston kirjasto. Mets\u00e4tieteen tiedonhaku [verkkosivusto]. Saatavilla: https:\/\/blogs.uef.fi\/tiedonhaku-metsatiede\/. It\u00e4-Suomen yliopiston kirjasto. Kasvatustieteiden tiedonhaku [verkkosivusto]. Saatavilla https:\/\/sites.uef.fi\/tiedonhaku-kasvatus\/.","og_url":"https:\/\/blogs.uef.fi\/tiedonhaku-logopedia\/hakusanojen-yhdistaminen\/","og_site_name":"Logopedian tiedonhaku","article_modified_time":"2023-06-27T07:07:08+00:00","og_image":[{"url":"https:\/\/blogs.uef.fi\/tiedonhaku-logopedia\/wp-content\/uploads\/sites\/157\/2021\/09\/and-operaattori-lapset-puheterapia.jpg","type":"","width":"","height":""}],"twitter_card":"summary_large_image","twitter_misc":{"Arvioitu lukuaika":"2 minuuttia"},"schema":{"@context":"https:\/\/schema.org","@graph":[{"@type":"WebPage","@id":"https:\/\/blogs.uef.fi\/tiedonhaku-logopedia\/hakusanojen-yhdistaminen\/","url":"https:\/\/blogs.uef.fi\/tiedonhaku-logopedia\/hakusanojen-yhdistaminen\/","name":"Hakusanojen yhdist\u00e4minen - Logopedian tiedonhaku","isPartOf":{"@id":"https:\/\/blogs.uef.fi\/tiedonhaku-logopedia\/#website"},"primaryImageOfPage":{"@id":"https:\/\/blogs.uef.fi\/tiedonhaku-logopedia\/hakusanojen-yhdistaminen\/#primaryimage"},"image":{"@id":"https:\/\/blogs.uef.fi\/tiedonhaku-logopedia\/hakusanojen-yhdistaminen\/#primaryimage"},"thumbnailUrl":"https:\/\/blogs.uef.fi\/tiedonhaku-logopedia\/wp-content\/uploads\/sites\/157\/2021\/09\/and-operaattori-lapset-puheterapia.jpg","datePublished":"2021-08-05T08:25:43+00:00","dateModified":"2023-06-27T07:07:08+00:00","breadcrumb":{"@id":"https:\/\/blogs.uef.fi\/tiedonhaku-logopedia\/hakusanojen-yhdistaminen\/#breadcrumb"},"inLanguage":"fi","potentialAction":[{"@type":"ReadAction","target":["https:\/\/blogs.uef.fi\/tiedonhaku-logopedia\/hakusanojen-yhdistaminen\/"]}]},{"@type":"ImageObject","inLanguage":"fi","@id":"https:\/\/blogs.uef.fi\/tiedonhaku-logopedia\/hakusanojen-yhdistaminen\/#primaryimage","url":"https:\/\/blogs.uef.fi\/tiedonhaku-logopedia\/wp-content\/uploads\/sites\/157\/2021\/09\/and-operaattori-lapset-puheterapia.jpg","contentUrl":"https:\/\/blogs.uef.fi\/tiedonhaku-logopedia\/wp-content\/uploads\/sites\/157\/2021\/09\/and-operaattori-lapset-puheterapia.jpg","width":467,"height":236,"caption":"lapset AND puheterapia"},{"@type":"BreadcrumbList","@id":"https:\/\/blogs.uef.fi\/tiedonhaku-logopedia\/hakusanojen-yhdistaminen\/#breadcrumb","itemListElement":[{"@type":"ListItem","position":1,"name":"Home","item":"https:\/\/blogs.uef.fi\/tiedonhaku-logopedia\/"},{"@type":"ListItem","position":2,"name":"Hakusanojen yhdist\u00e4minen"}]},{"@type":"WebSite","@id":"https:\/\/blogs.uef.fi\/tiedonhaku-logopedia\/#website","url":"https:\/\/blogs.uef.fi\/tiedonhaku-logopedia\/","name":"Logopedian tiedonhaku","description":"","potentialAction":[{"@type":"SearchAction","target":{"@type":"EntryPoint","urlTemplate":"https:\/\/blogs.uef.fi\/tiedonhaku-logopedia\/?s={search_term_string}"},"query-input":{"@type":"PropertyValueSpecification","valueRequired":true,"valueName":"search_term_string"}}],"inLanguage":"fi"}]}},"_links":{"self":[{"href":"https:\/\/blogs.uef.fi\/tiedonhaku-logopedia\/wp-json\/wp\/v2\/pages\/133","targetHints":{"allow":["GET"]}}],"collection":[{"href":"https:\/\/blogs.uef.fi\/tiedonhaku-logopedia\/wp-json\/wp\/v2\/pages"}],"about":[{"href":"https:\/\/blogs.uef.fi\/tiedonhaku-logopedia\/wp-json\/wp\/v2\/types\/page"}],"author":[{"embeddable":true,"href":"https:\/\/blogs.uef.fi\/tiedonhaku-logopedia\/wp-json\/wp\/v2\/users\/403"}],"replies":[{"embeddable":true,"href":"https:\/\/blogs.uef.fi\/tiedonhaku-logopedia\/wp-json\/wp\/v2\/comments?post=133"}],"version-history":[{"count":2,"href":"https:\/\/blogs.uef.fi\/tiedonhaku-logopedia\/wp-json\/wp\/v2\/pages\/133\/revisions"}],"predecessor-version":[{"id":1152,"href":"https:\/\/blogs.uef.fi\/tiedonhaku-logopedia\/wp-json\/wp\/v2\/pages\/133\/revisions\/1152"}],"wp:attachment":[{"href":"https:\/\/blogs.uef.fi\/tiedonhaku-logopedia\/wp-json\/wp\/v2\/media?parent=133"}],"curies":[{"name":"wp","href":"https:\/\/api.w.org\/{rel}","templated":true}]}}