{"id":121,"date":"2021-08-05T11:23:52","date_gmt":"2021-08-05T08:23:52","guid":{"rendered":"https:\/\/blogs.uef.fi\/tiedonhaku-logopedia\/?page_id=121"},"modified":"2023-06-27T10:03:55","modified_gmt":"2023-06-27T07:03:55","slug":"hakusanat","status":"publish","type":"page","link":"https:\/\/blogs.uef.fi\/tiedonhaku-logopedia\/hakusanat\/","title":{"rendered":"Hakusanat"},"content":{"rendered":"\n<p>T\u00e4ll\u00e4 sivustolla on listattu erilaisia keinoja m\u00e4\u00e4ritell\u00e4 hakusanoja. <\/p>\n\n\n\n<h2 class=\"wp-block-heading\">Apuneuvoja hakusanojen m\u00e4\u00e4rittelyyn<\/h2>\n\n\n\n<ul class=\"wp-block-list\">\n<li><strong>Sanakirjat<\/strong> (esim. MOT sanakirjasto), k\u00e4sikirjat, hakuteokset (esim. Wikipedia)<\/li>\n\n\n\n<li><strong>Oppikirjat<\/strong> Taustatietoa ja alan k\u00e4sitteist\u00f6\u00e4 l\u00f6ytyy alan oppikirjoista, tietosanakirjoista ja muista hakuteoksista. Ne auttavat keskeisten k\u00e4sitteiden ja niiden synonyymien pohtimisessa. Samalla on hyv\u00e4 selvitt\u00e4\u00e4 termien laajemmat ja suppeammat k\u00e4sitteet sek\u00e4 vaihtoehtoiset ilmaisut.<\/li>\n\n\n\n<li>Jo l\u00f6ydettyjen julkaisujen<strong> sis\u00e4llysluettelot ja l\u00e4hdeluettelot<\/strong><\/li>\n\n\n\n<li><strong>Asiasanastot<\/strong><\/li>\n\n\n\n<li>Jo l\u00f6ytyneiden julkaisujen tiedot tietokannoissa, erityisesti<strong> aihetta kuvaavat sanat<\/strong> (Aiheet = asiasanat, subject)<\/li>\n<\/ul>\n\n\n\n<p><\/p>\n\n\n\n<h2 class=\"wp-block-heading\"><strong>Apuneuvoja vaihtoehtoisten termien m\u00e4\u00e4rittelyyn<\/strong><\/h2>\n\n\n\n<ul class=\"wp-block-list\">\n<li><strong>kieli<\/strong>  esimerkiksi englanti <\/li>\n\n\n\n<li><strong>synonyymi<\/strong> ja muu l\u00e4heinen ilmaus<\/li>\n\n\n\n<li><strong>vastakkainen<\/strong> k\u00e4site voi olla hy\u00f6dyksi<\/li>\n\n\n\n<li><strong>laajempi<\/strong> kokonaisuus, johon k\u00e4site liitty<\/li>\n\n\n\n<li><strong>tarkempi<\/strong> osa-alue, jonka k\u00e4site sis\u00e4lt\u00e4<\/li>\n\n\n\n<li><strong>l\u00e4hik\u00e4site<\/strong><\/li>\n\n\n\n<li><strong>kirjoitusmuodon<\/strong> vaihtelu: <em>color \u2013 colour<\/em><\/li>\n\n\n\n<li><strong>lyhenteet<\/strong><\/li>\n<\/ul>\n\n\n\n<p>L\u00e4hde: Mukaillen It\u00e4-Suomen yliopiston kirjasto. Mets\u00e4tieteen tiedonhaku [verkkosivusto]. Saatavilla: https:\/\/blogs.uef.fi\/tiedonhaku-metsatiede\/<\/p>\n","protected":false},"excerpt":{"rendered":"<p>T\u00e4ll\u00e4 sivustolla on listattu erilaisia keinoja m\u00e4\u00e4ritell\u00e4 hakusanoja. Apuneuvoja hakusanojen m\u00e4\u00e4rittelyyn Apuneuvoja vaihtoehtoisten termien m\u00e4\u00e4rittelyyn L\u00e4hde: Mukaillen It\u00e4-Suomen yliopiston kirjasto. Mets\u00e4tieteen tiedonhaku [verkkosivusto]. Saatavilla: https:\/\/blogs.uef.fi\/tiedonhaku-metsatiede\/<\/p>\n","protected":false},"author":403,"featured_media":0,"parent":0,"menu_order":0,"comment_status":"closed","ping_status":"closed","template":"","meta":{"_acf_changed":false,"footnotes":""},"class_list":["post-121","page","type-page","status-publish","hentry"],"acf":[],"yoast_head":"<!-- This site is optimized with the Yoast SEO plugin v27.1.1 - https:\/\/yoast.com\/product\/yoast-seo-wordpress\/ -->\n<title>Hakusanat - Logopedian tiedonhaku<\/title>\n<meta name=\"robots\" content=\"index, follow, max-snippet:-1, max-image-preview:large, max-video-preview:-1\" \/>\n<link rel=\"canonical\" href=\"https:\/\/blogs.uef.fi\/tiedonhaku-logopedia\/hakusanat\/\" \/>\n<meta property=\"og:locale\" content=\"fi_FI\" \/>\n<meta property=\"og:type\" content=\"article\" \/>\n<meta property=\"og:title\" content=\"Hakusanat - Logopedian tiedonhaku\" \/>\n<meta property=\"og:description\" content=\"T\u00e4ll\u00e4 sivustolla on listattu erilaisia keinoja m\u00e4\u00e4ritell\u00e4 hakusanoja. Apuneuvoja hakusanojen m\u00e4\u00e4rittelyyn Apuneuvoja vaihtoehtoisten termien m\u00e4\u00e4rittelyyn L\u00e4hde: Mukaillen It\u00e4-Suomen yliopiston kirjasto. Mets\u00e4tieteen tiedonhaku [verkkosivusto]. Saatavilla: https:\/\/blogs.uef.fi\/tiedonhaku-metsatiede\/\" \/>\n<meta property=\"og:url\" content=\"https:\/\/blogs.uef.fi\/tiedonhaku-logopedia\/hakusanat\/\" \/>\n<meta property=\"og:site_name\" content=\"Logopedian tiedonhaku\" \/>\n<meta property=\"article:modified_time\" content=\"2023-06-27T07:03:55+00:00\" \/>\n<meta name=\"twitter:card\" content=\"summary_large_image\" \/>\n<meta name=\"twitter:label1\" content=\"Arvioitu lukuaika\" \/>\n\t<meta name=\"twitter:data1\" content=\"1 minuutti\" \/>\n<script type=\"application\/ld+json\" class=\"yoast-schema-graph\">{\"@context\":\"https:\/\/schema.org\",\"@graph\":[{\"@type\":\"WebPage\",\"@id\":\"https:\/\/blogs.uef.fi\/tiedonhaku-logopedia\/hakusanat\/\",\"url\":\"https:\/\/blogs.uef.fi\/tiedonhaku-logopedia\/hakusanat\/\",\"name\":\"Hakusanat - Logopedian tiedonhaku\",\"isPartOf\":{\"@id\":\"https:\/\/blogs.uef.fi\/tiedonhaku-logopedia\/#website\"},\"datePublished\":\"2021-08-05T08:23:52+00:00\",\"dateModified\":\"2023-06-27T07:03:55+00:00\",\"breadcrumb\":{\"@id\":\"https:\/\/blogs.uef.fi\/tiedonhaku-logopedia\/hakusanat\/#breadcrumb\"},\"inLanguage\":\"fi\",\"potentialAction\":[{\"@type\":\"ReadAction\",\"target\":[\"https:\/\/blogs.uef.fi\/tiedonhaku-logopedia\/hakusanat\/\"]}]},{\"@type\":\"BreadcrumbList\",\"@id\":\"https:\/\/blogs.uef.fi\/tiedonhaku-logopedia\/hakusanat\/#breadcrumb\",\"itemListElement\":[{\"@type\":\"ListItem\",\"position\":1,\"name\":\"Home\",\"item\":\"https:\/\/blogs.uef.fi\/tiedonhaku-logopedia\/\"},{\"@type\":\"ListItem\",\"position\":2,\"name\":\"Hakusanat\"}]},{\"@type\":\"WebSite\",\"@id\":\"https:\/\/blogs.uef.fi\/tiedonhaku-logopedia\/#website\",\"url\":\"https:\/\/blogs.uef.fi\/tiedonhaku-logopedia\/\",\"name\":\"Logopedian tiedonhaku\",\"description\":\"\",\"potentialAction\":[{\"@type\":\"SearchAction\",\"target\":{\"@type\":\"EntryPoint\",\"urlTemplate\":\"https:\/\/blogs.uef.fi\/tiedonhaku-logopedia\/?s={search_term_string}\"},\"query-input\":{\"@type\":\"PropertyValueSpecification\",\"valueRequired\":true,\"valueName\":\"search_term_string\"}}],\"inLanguage\":\"fi\"}]}<\/script>\n<!-- \/ Yoast SEO plugin. -->","yoast_head_json":{"title":"Hakusanat - Logopedian tiedonhaku","robots":{"index":"index","follow":"follow","max-snippet":"max-snippet:-1","max-image-preview":"max-image-preview:large","max-video-preview":"max-video-preview:-1"},"canonical":"https:\/\/blogs.uef.fi\/tiedonhaku-logopedia\/hakusanat\/","og_locale":"fi_FI","og_type":"article","og_title":"Hakusanat - Logopedian tiedonhaku","og_description":"T\u00e4ll\u00e4 sivustolla on listattu erilaisia keinoja m\u00e4\u00e4ritell\u00e4 hakusanoja. Apuneuvoja hakusanojen m\u00e4\u00e4rittelyyn Apuneuvoja vaihtoehtoisten termien m\u00e4\u00e4rittelyyn L\u00e4hde: Mukaillen It\u00e4-Suomen yliopiston kirjasto. Mets\u00e4tieteen tiedonhaku [verkkosivusto]. Saatavilla: https:\/\/blogs.uef.fi\/tiedonhaku-metsatiede\/","og_url":"https:\/\/blogs.uef.fi\/tiedonhaku-logopedia\/hakusanat\/","og_site_name":"Logopedian tiedonhaku","article_modified_time":"2023-06-27T07:03:55+00:00","twitter_card":"summary_large_image","twitter_misc":{"Arvioitu lukuaika":"1 minuutti"},"schema":{"@context":"https:\/\/schema.org","@graph":[{"@type":"WebPage","@id":"https:\/\/blogs.uef.fi\/tiedonhaku-logopedia\/hakusanat\/","url":"https:\/\/blogs.uef.fi\/tiedonhaku-logopedia\/hakusanat\/","name":"Hakusanat - Logopedian tiedonhaku","isPartOf":{"@id":"https:\/\/blogs.uef.fi\/tiedonhaku-logopedia\/#website"},"datePublished":"2021-08-05T08:23:52+00:00","dateModified":"2023-06-27T07:03:55+00:00","breadcrumb":{"@id":"https:\/\/blogs.uef.fi\/tiedonhaku-logopedia\/hakusanat\/#breadcrumb"},"inLanguage":"fi","potentialAction":[{"@type":"ReadAction","target":["https:\/\/blogs.uef.fi\/tiedonhaku-logopedia\/hakusanat\/"]}]},{"@type":"BreadcrumbList","@id":"https:\/\/blogs.uef.fi\/tiedonhaku-logopedia\/hakusanat\/#breadcrumb","itemListElement":[{"@type":"ListItem","position":1,"name":"Home","item":"https:\/\/blogs.uef.fi\/tiedonhaku-logopedia\/"},{"@type":"ListItem","position":2,"name":"Hakusanat"}]},{"@type":"WebSite","@id":"https:\/\/blogs.uef.fi\/tiedonhaku-logopedia\/#website","url":"https:\/\/blogs.uef.fi\/tiedonhaku-logopedia\/","name":"Logopedian tiedonhaku","description":"","potentialAction":[{"@type":"SearchAction","target":{"@type":"EntryPoint","urlTemplate":"https:\/\/blogs.uef.fi\/tiedonhaku-logopedia\/?s={search_term_string}"},"query-input":{"@type":"PropertyValueSpecification","valueRequired":true,"valueName":"search_term_string"}}],"inLanguage":"fi"}]}},"_links":{"self":[{"href":"https:\/\/blogs.uef.fi\/tiedonhaku-logopedia\/wp-json\/wp\/v2\/pages\/121","targetHints":{"allow":["GET"]}}],"collection":[{"href":"https:\/\/blogs.uef.fi\/tiedonhaku-logopedia\/wp-json\/wp\/v2\/pages"}],"about":[{"href":"https:\/\/blogs.uef.fi\/tiedonhaku-logopedia\/wp-json\/wp\/v2\/types\/page"}],"author":[{"embeddable":true,"href":"https:\/\/blogs.uef.fi\/tiedonhaku-logopedia\/wp-json\/wp\/v2\/users\/403"}],"replies":[{"embeddable":true,"href":"https:\/\/blogs.uef.fi\/tiedonhaku-logopedia\/wp-json\/wp\/v2\/comments?post=121"}],"version-history":[{"count":2,"href":"https:\/\/blogs.uef.fi\/tiedonhaku-logopedia\/wp-json\/wp\/v2\/pages\/121\/revisions"}],"predecessor-version":[{"id":1134,"href":"https:\/\/blogs.uef.fi\/tiedonhaku-logopedia\/wp-json\/wp\/v2\/pages\/121\/revisions\/1134"}],"wp:attachment":[{"href":"https:\/\/blogs.uef.fi\/tiedonhaku-logopedia\/wp-json\/wp\/v2\/media?parent=121"}],"curies":[{"name":"wp","href":"https:\/\/api.w.org\/{rel}","templated":true}]}}