{"id":80,"date":"2020-05-12T13:37:34","date_gmt":"2020-05-12T10:37:34","guid":{"rendered":"https:\/\/blogs.uef.fi\/tiedonhaku-laaketiede\/?page_id=80"},"modified":"2020-05-27T13:06:23","modified_gmt":"2020-05-27T10:06:23","slug":"uef-primo","status":"publish","type":"page","link":"https:\/\/blogs.uef.fi\/tiedonhaku-laaketiede\/etusivu\/uef-primo\/","title":{"rendered":"UEF-Primo"},"content":{"rendered":"<p><img loading=\"lazy\" decoding=\"async\" class=\"img-responsive atto_image_button_text-bottom\" role=\"presentation\" src=\"https:\/\/moodle.uef.fi\/draftfile.php\/28945\/user\/draft\/179467766\/UEF-Primo.JPG\" alt=\"\" width=\"200\" height=\"154\" \/><\/p>\n<ul>\n<li><a href=\"https:\/\/primo.uef.fi\/\" target=\"_blank\" rel=\"noopener noreferrer\">UEF-Primo<\/a> on kirjaston painettujen ja s\u00e4hk\u00f6isten aineistojen hakupalvelu, jossa voit my\u00f6s uusia lainasi, tehd\u00e4 varauksia ja tallentaa omia suosikkejasi.<\/li>\n<\/ul>\n<p>Pikaopas perushakuun<\/p>\n<p><img loading=\"lazy\" decoding=\"async\" class=\"img-responsive atto_image_button_text-bottom\" role=\"presentation\" src=\"https:\/\/moodle.uef.fi\/draftfile.php\/28945\/user\/draft\/179467766\/Pikaopas-Primo.jpg\" alt=\"\" width=\"600\" height=\"720\" \/><\/p>\n<p>Muista kirjautua, jos et ole kampuksella!<\/p>\n<p><img loading=\"lazy\" decoding=\"async\" class=\"img-responsive atto_image_button_text-bottom\" role=\"presentation\" src=\"https:\/\/moodle.uef.fi\/draftfile.php\/28945\/user\/draft\/179467766\/Primo-kirjautuminen.jpg\" alt=\"\" width=\"600\" height=\"515\" \/><\/p>\n<p>&nbsp;<\/p>\n<p><a href=\"https:\/\/uef.finna.fi\/\" target=\"_blank\" rel=\"noopener noreferrer\">\u00a0<\/a><\/p>\n<p><a href=\"https:\/\/uef.finna.fi\/\" target=\"_blank\" rel=\"noopener noreferrer\">\u00a0<\/a><\/p>\n<p>&nbsp;<\/p>\n<p>&nbsp;<\/p>\n","protected":false},"excerpt":{"rendered":"<p>UEF-Primo on kirjaston painettujen ja s\u00e4hk\u00f6isten aineistojen hakupalvelu, jossa voit my\u00f6s uusia lainasi, tehd\u00e4 varauksia ja tallentaa omia suosikkejasi. Pikaopas perushakuun Muista kirjautua, jos et ole kampuksella! &nbsp; \u00a0 \u00a0 &nbsp; &nbsp;<\/p>\n","protected":false},"author":131,"featured_media":0,"parent":19,"menu_order":1,"comment_status":"closed","ping_status":"closed","template":"","meta":{"_acf_changed":false,"footnotes":""},"class_list":["post-80","page","type-page","status-publish","hentry"],"acf":[],"yoast_head":"<!-- This site is optimized with the Yoast SEO plugin v27.3 - https:\/\/yoast.com\/product\/yoast-seo-wordpress\/ -->\n<title>UEF-Primo - L\u00e4\u00e4ketieteen tiedonhaku<\/title>\n<meta name=\"robots\" content=\"index, follow, max-snippet:-1, max-image-preview:large, max-video-preview:-1\" \/>\n<link rel=\"canonical\" href=\"https:\/\/blogs.uef.fi\/tiedonhaku-laaketiede\/etusivu\/uef-primo\/\" \/>\n<meta property=\"og:locale\" content=\"fi_FI\" \/>\n<meta property=\"og:type\" content=\"article\" \/>\n<meta property=\"og:title\" content=\"UEF-Primo - L\u00e4\u00e4ketieteen tiedonhaku\" \/>\n<meta property=\"og:description\" content=\"UEF-Primo on kirjaston painettujen ja s\u00e4hk\u00f6isten aineistojen hakupalvelu, jossa voit my\u00f6s uusia lainasi, tehd\u00e4 varauksia ja tallentaa omia suosikkejasi. Pikaopas perushakuun Muista kirjautua, jos et ole kampuksella! &nbsp; \u00a0 \u00a0 &nbsp; &nbsp;\" \/>\n<meta property=\"og:url\" content=\"https:\/\/blogs.uef.fi\/tiedonhaku-laaketiede\/etusivu\/uef-primo\/\" \/>\n<meta property=\"og:site_name\" content=\"L\u00e4\u00e4ketieteen tiedonhaku\" \/>\n<meta property=\"article:modified_time\" content=\"2020-05-27T10:06:23+00:00\" \/>\n<meta property=\"og:image\" content=\"https:\/\/moodle.uef.fi\/draftfile.php\/28945\/user\/draft\/179467766\/UEF-Primo.JPG\" \/>\n<meta name=\"twitter:card\" content=\"summary_large_image\" \/>\n<script type=\"application\/ld+json\" class=\"yoast-schema-graph\">{\"@context\":\"https:\\\/\\\/schema.org\",\"@graph\":[{\"@type\":\"WebPage\",\"@id\":\"https:\\\/\\\/blogs.uef.fi\\\/tiedonhaku-laaketiede\\\/etusivu\\\/uef-primo\\\/\",\"url\":\"https:\\\/\\\/blogs.uef.fi\\\/tiedonhaku-laaketiede\\\/etusivu\\\/uef-primo\\\/\",\"name\":\"UEF-Primo - L\u00e4\u00e4ketieteen tiedonhaku\",\"isPartOf\":{\"@id\":\"https:\\\/\\\/blogs.uef.fi\\\/tiedonhaku-laaketiede\\\/#website\"},\"primaryImageOfPage\":{\"@id\":\"https:\\\/\\\/blogs.uef.fi\\\/tiedonhaku-laaketiede\\\/etusivu\\\/uef-primo\\\/#primaryimage\"},\"image\":{\"@id\":\"https:\\\/\\\/blogs.uef.fi\\\/tiedonhaku-laaketiede\\\/etusivu\\\/uef-primo\\\/#primaryimage\"},\"thumbnailUrl\":\"https:\\\/\\\/moodle.uef.fi\\\/draftfile.php\\\/28945\\\/user\\\/draft\\\/179467766\\\/UEF-Primo.JPG\",\"datePublished\":\"2020-05-12T10:37:34+00:00\",\"dateModified\":\"2020-05-27T10:06:23+00:00\",\"breadcrumb\":{\"@id\":\"https:\\\/\\\/blogs.uef.fi\\\/tiedonhaku-laaketiede\\\/etusivu\\\/uef-primo\\\/#breadcrumb\"},\"inLanguage\":\"fi\",\"potentialAction\":[{\"@type\":\"ReadAction\",\"target\":[\"https:\\\/\\\/blogs.uef.fi\\\/tiedonhaku-laaketiede\\\/etusivu\\\/uef-primo\\\/\"]}]},{\"@type\":\"ImageObject\",\"inLanguage\":\"fi\",\"@id\":\"https:\\\/\\\/blogs.uef.fi\\\/tiedonhaku-laaketiede\\\/etusivu\\\/uef-primo\\\/#primaryimage\",\"url\":\"https:\\\/\\\/moodle.uef.fi\\\/draftfile.php\\\/28945\\\/user\\\/draft\\\/179467766\\\/UEF-Primo.JPG\",\"contentUrl\":\"https:\\\/\\\/moodle.uef.fi\\\/draftfile.php\\\/28945\\\/user\\\/draft\\\/179467766\\\/UEF-Primo.JPG\"},{\"@type\":\"BreadcrumbList\",\"@id\":\"https:\\\/\\\/blogs.uef.fi\\\/tiedonhaku-laaketiede\\\/etusivu\\\/uef-primo\\\/#breadcrumb\",\"itemListElement\":[{\"@type\":\"ListItem\",\"position\":1,\"name\":\"Home\",\"item\":\"https:\\\/\\\/blogs.uef.fi\\\/tiedonhaku-laaketiede\\\/\"},{\"@type\":\"ListItem\",\"position\":2,\"name\":\"Etusivu\",\"item\":\"https:\\\/\\\/blogs.uef.fi\\\/tiedonhaku-laaketiede\\\/\"},{\"@type\":\"ListItem\",\"position\":3,\"name\":\"UEF-Primo\"}]},{\"@type\":\"WebSite\",\"@id\":\"https:\\\/\\\/blogs.uef.fi\\\/tiedonhaku-laaketiede\\\/#website\",\"url\":\"https:\\\/\\\/blogs.uef.fi\\\/tiedonhaku-laaketiede\\\/\",\"name\":\"L\u00e4\u00e4ketieteen tiedonhaku\",\"description\":\"\",\"potentialAction\":[{\"@type\":\"SearchAction\",\"target\":{\"@type\":\"EntryPoint\",\"urlTemplate\":\"https:\\\/\\\/blogs.uef.fi\\\/tiedonhaku-laaketiede\\\/?s={search_term_string}\"},\"query-input\":{\"@type\":\"PropertyValueSpecification\",\"valueRequired\":true,\"valueName\":\"search_term_string\"}}],\"inLanguage\":\"fi\"}]}<\/script>\n<!-- \/ Yoast SEO plugin. -->","yoast_head_json":{"title":"UEF-Primo - L\u00e4\u00e4ketieteen tiedonhaku","robots":{"index":"index","follow":"follow","max-snippet":"max-snippet:-1","max-image-preview":"max-image-preview:large","max-video-preview":"max-video-preview:-1"},"canonical":"https:\/\/blogs.uef.fi\/tiedonhaku-laaketiede\/etusivu\/uef-primo\/","og_locale":"fi_FI","og_type":"article","og_title":"UEF-Primo - L\u00e4\u00e4ketieteen tiedonhaku","og_description":"UEF-Primo on kirjaston painettujen ja s\u00e4hk\u00f6isten aineistojen hakupalvelu, jossa voit my\u00f6s uusia lainasi, tehd\u00e4 varauksia ja tallentaa omia suosikkejasi. Pikaopas perushakuun Muista kirjautua, jos et ole kampuksella! &nbsp; \u00a0 \u00a0 &nbsp; &nbsp;","og_url":"https:\/\/blogs.uef.fi\/tiedonhaku-laaketiede\/etusivu\/uef-primo\/","og_site_name":"L\u00e4\u00e4ketieteen tiedonhaku","article_modified_time":"2020-05-27T10:06:23+00:00","og_image":[{"url":"https:\/\/moodle.uef.fi\/draftfile.php\/28945\/user\/draft\/179467766\/UEF-Primo.JPG","type":"","width":"","height":""}],"twitter_card":"summary_large_image","schema":{"@context":"https:\/\/schema.org","@graph":[{"@type":"WebPage","@id":"https:\/\/blogs.uef.fi\/tiedonhaku-laaketiede\/etusivu\/uef-primo\/","url":"https:\/\/blogs.uef.fi\/tiedonhaku-laaketiede\/etusivu\/uef-primo\/","name":"UEF-Primo - L\u00e4\u00e4ketieteen tiedonhaku","isPartOf":{"@id":"https:\/\/blogs.uef.fi\/tiedonhaku-laaketiede\/#website"},"primaryImageOfPage":{"@id":"https:\/\/blogs.uef.fi\/tiedonhaku-laaketiede\/etusivu\/uef-primo\/#primaryimage"},"image":{"@id":"https:\/\/blogs.uef.fi\/tiedonhaku-laaketiede\/etusivu\/uef-primo\/#primaryimage"},"thumbnailUrl":"https:\/\/moodle.uef.fi\/draftfile.php\/28945\/user\/draft\/179467766\/UEF-Primo.JPG","datePublished":"2020-05-12T10:37:34+00:00","dateModified":"2020-05-27T10:06:23+00:00","breadcrumb":{"@id":"https:\/\/blogs.uef.fi\/tiedonhaku-laaketiede\/etusivu\/uef-primo\/#breadcrumb"},"inLanguage":"fi","potentialAction":[{"@type":"ReadAction","target":["https:\/\/blogs.uef.fi\/tiedonhaku-laaketiede\/etusivu\/uef-primo\/"]}]},{"@type":"ImageObject","inLanguage":"fi","@id":"https:\/\/blogs.uef.fi\/tiedonhaku-laaketiede\/etusivu\/uef-primo\/#primaryimage","url":"https:\/\/moodle.uef.fi\/draftfile.php\/28945\/user\/draft\/179467766\/UEF-Primo.JPG","contentUrl":"https:\/\/moodle.uef.fi\/draftfile.php\/28945\/user\/draft\/179467766\/UEF-Primo.JPG"},{"@type":"BreadcrumbList","@id":"https:\/\/blogs.uef.fi\/tiedonhaku-laaketiede\/etusivu\/uef-primo\/#breadcrumb","itemListElement":[{"@type":"ListItem","position":1,"name":"Home","item":"https:\/\/blogs.uef.fi\/tiedonhaku-laaketiede\/"},{"@type":"ListItem","position":2,"name":"Etusivu","item":"https:\/\/blogs.uef.fi\/tiedonhaku-laaketiede\/"},{"@type":"ListItem","position":3,"name":"UEF-Primo"}]},{"@type":"WebSite","@id":"https:\/\/blogs.uef.fi\/tiedonhaku-laaketiede\/#website","url":"https:\/\/blogs.uef.fi\/tiedonhaku-laaketiede\/","name":"L\u00e4\u00e4ketieteen tiedonhaku","description":"","potentialAction":[{"@type":"SearchAction","target":{"@type":"EntryPoint","urlTemplate":"https:\/\/blogs.uef.fi\/tiedonhaku-laaketiede\/?s={search_term_string}"},"query-input":{"@type":"PropertyValueSpecification","valueRequired":true,"valueName":"search_term_string"}}],"inLanguage":"fi"}]}},"_links":{"self":[{"href":"https:\/\/blogs.uef.fi\/tiedonhaku-laaketiede\/wp-json\/wp\/v2\/pages\/80","targetHints":{"allow":["GET"]}}],"collection":[{"href":"https:\/\/blogs.uef.fi\/tiedonhaku-laaketiede\/wp-json\/wp\/v2\/pages"}],"about":[{"href":"https:\/\/blogs.uef.fi\/tiedonhaku-laaketiede\/wp-json\/wp\/v2\/types\/page"}],"author":[{"embeddable":true,"href":"https:\/\/blogs.uef.fi\/tiedonhaku-laaketiede\/wp-json\/wp\/v2\/users\/131"}],"replies":[{"embeddable":true,"href":"https:\/\/blogs.uef.fi\/tiedonhaku-laaketiede\/wp-json\/wp\/v2\/comments?post=80"}],"version-history":[{"count":2,"href":"https:\/\/blogs.uef.fi\/tiedonhaku-laaketiede\/wp-json\/wp\/v2\/pages\/80\/revisions"}],"predecessor-version":[{"id":86,"href":"https:\/\/blogs.uef.fi\/tiedonhaku-laaketiede\/wp-json\/wp\/v2\/pages\/80\/revisions\/86"}],"up":[{"embeddable":true,"href":"https:\/\/blogs.uef.fi\/tiedonhaku-laaketiede\/wp-json\/wp\/v2\/pages\/19"}],"wp:attachment":[{"href":"https:\/\/blogs.uef.fi\/tiedonhaku-laaketiede\/wp-json\/wp\/v2\/media?parent=80"}],"curies":[{"name":"wp","href":"https:\/\/api.w.org\/{rel}","templated":true}]}}