{"id":19,"date":"2020-05-12T08:15:33","date_gmt":"2020-05-12T05:15:33","guid":{"rendered":"https:\/\/blogs.uef.fi\/tiedonhaku-laaketiede\/?page_id=19"},"modified":"2023-08-28T09:38:34","modified_gmt":"2023-08-28T06:38:34","slug":"etusivu","status":"publish","type":"page","link":"https:\/\/blogs.uef.fi\/tiedonhaku-laaketiede\/","title":{"rendered":"Etusivu"},"content":{"rendered":"\n<ul class=\"wp-block-list\">\n<li>Kurssi liitet\u00e4\u00e4n <strong>syvent\u00e4vien opintojen opinn\u00e4ytteen<\/strong> yhteyteen, tai poikkeustapauksessa johonkin muuhun opintojaksoon, jossa edellytet\u00e4\u00e4n itsen\u00e4ist\u00e4 tiedonhankintaa. Syv\u00e4reit\u00e4 aloittaessa kannattaa tutustua my\u00f6s <a href=\"https:\/\/www.duodecim.fi\/syvariportti\/\" target=\"_blank\" rel=\"noopener noreferrer\">Syv\u00e4riportti<\/a>in.<\/li>\n\n\n\n<li>Voit lukea materiaalia ja tutustua tiedonl\u00e4hteisiin milloin tahansa, mutta teht\u00e4vien tekemiseen tarvitset <strong>oman todellisen<\/strong> l\u00e4\u00e4ketieteellisen aiheen, josta haet tietoa systemaattisesti.<\/li>\n<\/ul>\n\n\n\n<p><strong>Ohjeita<\/strong><\/p>\n\n\n\n<ul class=\"wp-block-list\">\n<li>Etene loogisesti.<\/li>\n\n\n\n<li>Lue ohjeet. Lue sis\u00e4ll\u00f6t&nbsp;\u2013 my\u00f6s linkkien takaa. (Vapaaehtoiset lis\u00e4lukemiset on ilmoitettu erikseen.)<\/li>\n\n\n\n<li>\u00c4l\u00e4 suorita tiedonhaun kurssia pelk\u00e4n suorittamisen vuoksi, vaan oppiaksesi hakemaan tietoa tehokkaasti ja j\u00e4rjestelm\u00e4llisesti.<\/li>\n\n\n\n<li>Tiedonhaun taidoista on <b>hy\u00f6ty\u00e4 kaikissa opinnoissasi ja sen j\u00e4lkeen ty\u00f6ss\u00e4s<\/b>i.<\/li>\n\n\n\n<li>Tiedonhakutaidot ovat <b>osa asiantuntijan osaamista<\/b>. Tietojen ja taitojen yll\u00e4pito on jatkuva prosessi, eiv\u00e4tk\u00e4 Itse keksityt tiedonhaun oikopolut (todellisuudessa kiertotiet) sovi kiireiseen ty\u00f6tahtiin.<\/li>\n\n\n\n<li>L\u00e4\u00e4ketieteess\u00e4 tietoa tuotetaan koko ajan lis\u00e4\u00e4 sellaisella vauhdilla, ett\u00e4 uusimman tiedon seuraaminen ja ajan tasalla pysyminen on oma osaamisalueensa.<\/li>\n\n\n\n<li><strong>T\u00e4m\u00e4n oppimateriaalin lis\u00e4ksi kurssiin kuuluu kaksi teht\u00e4v\u00e4\u00e4 (<a href=\"https:\/\/moodle.uef.fi\/course\/view.php?id=471\" target=\"_blank\" rel=\"noopener noreferrer\">Moodle<\/a>).<\/strong><\/li>\n<\/ul>\n","protected":false},"excerpt":{"rendered":"<p>Ohjeita<\/p>\n","protected":false},"author":1,"featured_media":0,"parent":0,"menu_order":0,"comment_status":"closed","ping_status":"closed","template":"","meta":{"_acf_changed":false,"footnotes":""},"class_list":["post-19","page","type-page","status-publish","hentry"],"acf":[],"yoast_head":"<!-- This site is optimized with the Yoast SEO plugin v27.1.1 - https:\/\/yoast.com\/product\/yoast-seo-wordpress\/ -->\n<title>Etusivu - L\u00e4\u00e4ketieteen tiedonhaku<\/title>\n<meta name=\"robots\" content=\"index, follow, max-snippet:-1, max-image-preview:large, max-video-preview:-1\" \/>\n<link rel=\"canonical\" href=\"https:\/\/blogs.uef.fi\/tiedonhaku-laaketiede\/\" \/>\n<meta property=\"og:locale\" content=\"fi_FI\" \/>\n<meta property=\"og:type\" content=\"article\" \/>\n<meta property=\"og:title\" content=\"Etusivu - L\u00e4\u00e4ketieteen tiedonhaku\" \/>\n<meta property=\"og:description\" content=\"Ohjeita\" \/>\n<meta property=\"og:url\" content=\"https:\/\/blogs.uef.fi\/tiedonhaku-laaketiede\/\" \/>\n<meta property=\"og:site_name\" content=\"L\u00e4\u00e4ketieteen tiedonhaku\" \/>\n<meta property=\"article:modified_time\" content=\"2023-08-28T06:38:34+00:00\" \/>\n<meta name=\"twitter:card\" content=\"summary_large_image\" \/>\n<meta name=\"twitter:label1\" content=\"Arvioitu lukuaika\" \/>\n\t<meta name=\"twitter:data1\" content=\"1 minuutti\" \/>\n<script type=\"application\/ld+json\" class=\"yoast-schema-graph\">{\"@context\":\"https:\/\/schema.org\",\"@graph\":[{\"@type\":\"WebPage\",\"@id\":\"https:\/\/blogs.uef.fi\/tiedonhaku-laaketiede\/\",\"url\":\"https:\/\/blogs.uef.fi\/tiedonhaku-laaketiede\/\",\"name\":\"Etusivu - L\u00e4\u00e4ketieteen tiedonhaku\",\"isPartOf\":{\"@id\":\"https:\/\/blogs.uef.fi\/tiedonhaku-laaketiede\/#website\"},\"datePublished\":\"2020-05-12T05:15:33+00:00\",\"dateModified\":\"2023-08-28T06:38:34+00:00\",\"breadcrumb\":{\"@id\":\"https:\/\/blogs.uef.fi\/tiedonhaku-laaketiede\/#breadcrumb\"},\"inLanguage\":\"fi\",\"potentialAction\":[{\"@type\":\"ReadAction\",\"target\":[\"https:\/\/blogs.uef.fi\/tiedonhaku-laaketiede\/\"]}]},{\"@type\":\"BreadcrumbList\",\"@id\":\"https:\/\/blogs.uef.fi\/tiedonhaku-laaketiede\/#breadcrumb\",\"itemListElement\":[{\"@type\":\"ListItem\",\"position\":1,\"name\":\"Home\",\"item\":\"https:\/\/blogs.uef.fi\/tiedonhaku-laaketiede\/\"},{\"@type\":\"ListItem\",\"position\":2,\"name\":\"Etusivu\"}]},{\"@type\":\"WebSite\",\"@id\":\"https:\/\/blogs.uef.fi\/tiedonhaku-laaketiede\/#website\",\"url\":\"https:\/\/blogs.uef.fi\/tiedonhaku-laaketiede\/\",\"name\":\"L\u00e4\u00e4ketieteen tiedonhaku\",\"description\":\"\",\"potentialAction\":[{\"@type\":\"SearchAction\",\"target\":{\"@type\":\"EntryPoint\",\"urlTemplate\":\"https:\/\/blogs.uef.fi\/tiedonhaku-laaketiede\/?s={search_term_string}\"},\"query-input\":{\"@type\":\"PropertyValueSpecification\",\"valueRequired\":true,\"valueName\":\"search_term_string\"}}],\"inLanguage\":\"fi\"}]}<\/script>\n<!-- \/ Yoast SEO plugin. -->","yoast_head_json":{"title":"Etusivu - L\u00e4\u00e4ketieteen tiedonhaku","robots":{"index":"index","follow":"follow","max-snippet":"max-snippet:-1","max-image-preview":"max-image-preview:large","max-video-preview":"max-video-preview:-1"},"canonical":"https:\/\/blogs.uef.fi\/tiedonhaku-laaketiede\/","og_locale":"fi_FI","og_type":"article","og_title":"Etusivu - L\u00e4\u00e4ketieteen tiedonhaku","og_description":"Ohjeita","og_url":"https:\/\/blogs.uef.fi\/tiedonhaku-laaketiede\/","og_site_name":"L\u00e4\u00e4ketieteen tiedonhaku","article_modified_time":"2023-08-28T06:38:34+00:00","twitter_card":"summary_large_image","twitter_misc":{"Arvioitu lukuaika":"1 minuutti"},"schema":{"@context":"https:\/\/schema.org","@graph":[{"@type":"WebPage","@id":"https:\/\/blogs.uef.fi\/tiedonhaku-laaketiede\/","url":"https:\/\/blogs.uef.fi\/tiedonhaku-laaketiede\/","name":"Etusivu - L\u00e4\u00e4ketieteen tiedonhaku","isPartOf":{"@id":"https:\/\/blogs.uef.fi\/tiedonhaku-laaketiede\/#website"},"datePublished":"2020-05-12T05:15:33+00:00","dateModified":"2023-08-28T06:38:34+00:00","breadcrumb":{"@id":"https:\/\/blogs.uef.fi\/tiedonhaku-laaketiede\/#breadcrumb"},"inLanguage":"fi","potentialAction":[{"@type":"ReadAction","target":["https:\/\/blogs.uef.fi\/tiedonhaku-laaketiede\/"]}]},{"@type":"BreadcrumbList","@id":"https:\/\/blogs.uef.fi\/tiedonhaku-laaketiede\/#breadcrumb","itemListElement":[{"@type":"ListItem","position":1,"name":"Home","item":"https:\/\/blogs.uef.fi\/tiedonhaku-laaketiede\/"},{"@type":"ListItem","position":2,"name":"Etusivu"}]},{"@type":"WebSite","@id":"https:\/\/blogs.uef.fi\/tiedonhaku-laaketiede\/#website","url":"https:\/\/blogs.uef.fi\/tiedonhaku-laaketiede\/","name":"L\u00e4\u00e4ketieteen tiedonhaku","description":"","potentialAction":[{"@type":"SearchAction","target":{"@type":"EntryPoint","urlTemplate":"https:\/\/blogs.uef.fi\/tiedonhaku-laaketiede\/?s={search_term_string}"},"query-input":{"@type":"PropertyValueSpecification","valueRequired":true,"valueName":"search_term_string"}}],"inLanguage":"fi"}]}},"_links":{"self":[{"href":"https:\/\/blogs.uef.fi\/tiedonhaku-laaketiede\/wp-json\/wp\/v2\/pages\/19","targetHints":{"allow":["GET"]}}],"collection":[{"href":"https:\/\/blogs.uef.fi\/tiedonhaku-laaketiede\/wp-json\/wp\/v2\/pages"}],"about":[{"href":"https:\/\/blogs.uef.fi\/tiedonhaku-laaketiede\/wp-json\/wp\/v2\/types\/page"}],"author":[{"embeddable":true,"href":"https:\/\/blogs.uef.fi\/tiedonhaku-laaketiede\/wp-json\/wp\/v2\/users\/1"}],"replies":[{"embeddable":true,"href":"https:\/\/blogs.uef.fi\/tiedonhaku-laaketiede\/wp-json\/wp\/v2\/comments?post=19"}],"version-history":[{"count":2,"href":"https:\/\/blogs.uef.fi\/tiedonhaku-laaketiede\/wp-json\/wp\/v2\/pages\/19\/revisions"}],"predecessor-version":[{"id":143,"href":"https:\/\/blogs.uef.fi\/tiedonhaku-laaketiede\/wp-json\/wp\/v2\/pages\/19\/revisions\/143"}],"wp:attachment":[{"href":"https:\/\/blogs.uef.fi\/tiedonhaku-laaketiede\/wp-json\/wp\/v2\/media?parent=19"}],"curies":[{"name":"wp","href":"https:\/\/api.w.org\/{rel}","templated":true}]}}