{"id":71,"date":"2016-03-24T07:59:50","date_gmt":"2016-03-24T07:59:50","guid":{"rendered":"https:\/\/ueflibraryflipp.wordpress.com\/?page_id=71"},"modified":"2026-02-16T10:51:09","modified_gmt":"2026-02-16T08:51:09","slug":"kurssiohje","status":"publish","type":"page","link":"https:\/\/blogs.uef.fi\/tiedonhaku-kulttuuritieteet\/kurssiohje\/","title":{"rendered":"Kurssiohje 2025-2026"},"content":{"rendered":"\n<p><span style=\"color: #000000\">Kulttuuritieteiden tiedonhaun kurssi (1 op) on osa It\u00e4-Suomen yliopiston opintoja. Kurssi suoritetaan kandiseminaarin yhteydess\u00e4.<\/span><\/p>\n\n\n\n<p><span style=\"color: #000000\">Kurssi koostuu videoluennoista ja niihin liittyvist\u00e4 ennakkoteht\u00e4vist\u00e4, sek\u00e4 l\u00e4hiopetuskerrasta, jossa harjoittelemme oman alan tietokantojen k\u00e4ytt\u00f6\u00e4. Kurssin lopuksi tehd\u00e4\u00e4n itsen\u00e4inen lopputeht\u00e4v\u00e4 omasta kandiseminaariaiheesta. Videoiden lis\u00e4ksi kurssilla on kaksi tekstikappaletta, &#8221;Oman alan tietokannat&#8221; sek\u00e4 &#8221;viitteidenhallintaohjelmat&#8221; &#8211; ne ovat vinkiksi, avuksi ja hy\u00f6dyksi, kun etsit l\u00e4hteit\u00e4 omaan opinn\u00e4ytteeseesi.<br><\/span><\/p>\n\n\n\n<p><span style=\"text-decoration: underline\"><span style=\"color: #000000;text-decoration: underline\"> Suorita kurssi n\u00e4in:<\/span><\/span><\/p>\n\n\n\n<figure class=\"wp-block-image\"><img loading=\"lazy\" decoding=\"async\" width=\"1041\" height=\"318\" src=\"https:\/\/blogs.uef.fi\/tiedonhaku-kulttuuritieteet\/wp-content\/uploads\/sites\/67\/2016\/06\/suoritusohje.png\" alt=\"suoritusohje kurssille: katso ensin videot ja tee ennakkoteht\u00e4v\u00e4t. Osallistu sen j\u00e4lkeen tietokantaharjoituksiin. Kurssin lopuksi tee lopputeht\u00e4v\u00e4.\" class=\"wp-image-234\" srcset=\"https:\/\/blogs.uef.fi\/tiedonhaku-kulttuuritieteet\/wp-content\/uploads\/sites\/67\/2016\/06\/suoritusohje.png 1041w, https:\/\/blogs.uef.fi\/tiedonhaku-kulttuuritieteet\/wp-content\/uploads\/sites\/67\/2016\/06\/suoritusohje-300x92.png 300w, https:\/\/blogs.uef.fi\/tiedonhaku-kulttuuritieteet\/wp-content\/uploads\/sites\/67\/2016\/06\/suoritusohje-768x235.png 768w, https:\/\/blogs.uef.fi\/tiedonhaku-kulttuuritieteet\/wp-content\/uploads\/sites\/67\/2016\/06\/suoritusohje-1024x313.png 1024w\" sizes=\"auto, (max-width: 1041px) 100vw, 1041px\" \/><\/figure>\n\n\n\n<p>1. Katso videoluennot ja lue tekstimateriaalit ENNEN tietokantaharjoituskertaa. Tee videoiden yhteydess\u00e4 olevat ennakkoteht\u00e4v\u00e4t Moodlessa. Aloita t\u00e4m\u00e4 ty\u00f6 hyviss\u00e4 ajoin ennen tapaamista \u2013 katso vaikka yksi video ja tee yksi ennakkoteht\u00e4v\u00e4 p\u00e4iv\u00e4ss\u00e4. <strong>ENNAKKOTEHT\u00c4V\u00c4T PALAUTETAAN MOODLEEN VIIMEIST\u00c4\u00c4N 22.1.2026<\/strong><\/p>\n\n\n\n<p>2. Tule tietokantaharjoituksiin Pepiss\u00e4 ilmoittautumaasi ryhm\u00e4\u00e4n hyvin valmistautuneena, ennakkoteht\u00e4v\u00e4t ajoissa palauttaneena. Tietokantaharjoituksissa emme palaa en\u00e4\u00e4 videoluentojen teoriaan, vaan sovellamme opittua k\u00e4yt\u00e4nt\u00f6\u00f6n omaa tutkimusaihettasi k\u00e4ytt\u00e4en. Ellet p\u00e4\u00e4se tietokantaharjoituksiin, ota yhteytt\u00e4 kurssin opettajaan korvaavaa, kirjallista teht\u00e4v\u00e4\u00e4 varten.<\/p>\n\n\n\n<p>3. Kurssin lopputeht\u00e4v\u00e4 on tiedonhaku omasta kandiseminaariaiheestasi. Lopputeht\u00e4v\u00e4 palautetaan opettajalle s\u00e4hk\u00f6postitse 8.3.2026 menness\u00e4. My\u00f6hempikin ajankohta k\u00e4y \u2013 ota siin\u00e4 tapauksessa yhteytt\u00e4 kurssin opettajaan.<\/p>\n\n\n\n<p><span style=\"text-decoration: underline\"><strong>OHJE LOPPUTEHT\u00c4V\u00c4N SUORITTAMISEEN:<\/strong><\/span><\/p>\n\n\n\n<p>1. Kerro kandiseminaarity\u00f6si (tai gradusi) aihe. Avaa aihetta niin, ett\u00e4 ulkopuolinenkin ymm\u00e4rt\u00e4\u00e4, mit\u00e4 aiot tutkia.<\/p>\n\n\n\n<p>2. Kerro, mitk\u00e4 ovat ty\u00f6si keskeisimm\u00e4t k\u00e4sitteet: mill\u00e4 sanoilla aiot aiheestasi hakea? Voit k\u00e4ytt\u00e4\u00e4 hakusanaideoinnin apuna esim. <a href=\"http:\/\/finto.fi\/yso\/fi\/\" target=\"_blank\" rel=\"noopener\">Yleist\u00e4 Suomalaista Ontologiaa YSOa (linkki avautuu uuteen ikkunaan)<\/a>, sanakirjoja, jo l\u00f6ytyneiden tutkimusten avainsanoja tai vaikkapa teko\u00e4ly\u00e4. Kerro, mit\u00e4 k\u00e4ytit apuna. Mieti hakusanoja tarvittaessa muillakin kielill\u00e4 kuin suomeksi (esim. englanniksi).<\/p>\n\n\n\n<p>3. Valitse aiheeseesi sopiva tietokanta &#8211; joko kotimainen tai kansainv\u00e4linen. Tee hakuja valitsemassasi tietokannassa \/ hakupalvelussa k\u00e4ytt\u00e4en edellisess\u00e4 kohdassa miettimi\u00e4si hakusanoja (ja t\u00e4ydent\u00e4en \/ muuttaen niit\u00e4 tarvittaessa hakujen edetess\u00e4).<\/p>\n\n\n\n<ul class=\"wp-block-list\">\n<li>Hakukone ei saa t\u00e4ss\u00e4 teht\u00e4v\u00e4ss\u00e4 olla Google tai Google Scholar &#8211; n\u00e4it\u00e4 sin\u00e4 jo osaat k\u00e4ytt\u00e4\u00e4! <\/li>\n\n\n\n<li>Erilaisia tietokantoja l\u00f6yd\u00e4t esim. UEF-Primon tietokantahaulla (esim. EBSCOhost Academic Search Premier, Arts &amp; Humanities Citation Index&#8230; jne.). <\/li>\n\n\n\n<li>Voit k\u00e4ytt\u00e4\u00e4 halutessasi my\u00f6s UEF-Primon hakua kansainv\u00e4lisist\u00e4 artikkeleista, joka etsii useammasta kansainv\u00e4lisest\u00e4 tietokannasta yht\u00e4aikaa, tai UEF-Primon hakua kirjaston kokoelmista tai hakuryhm\u00e4st\u00e4 &#8221;kaikki&#8221;. Voit my\u00f6s k\u00e4ytt\u00e4\u00e4 UEF-Primon teko\u00e4lyavustajaa, mutta kaikkia lopputeht\u00e4v\u00e4\u00e4n liittyvi\u00e4 tiedonhakuja ei saa tehd\u00e4 sill\u00e4, vaan hakuja pit\u00e4\u00e4 osata rakentaa my\u00f6s itse hakusanoja ja hakutekniikoita k\u00e4ytt\u00e4en. <\/li>\n\n\n\n<li>My\u00f6s kansallinen Finna osoitteessa finna.fi on eritt\u00e4in k\u00e4ytt\u00f6kelpoinen. <\/li>\n\n\n\n<li>Apua tietokannan valitsemiseen saat kappaleesta <a href=\"https:\/\/blogs.uef.fi\/tiedonhaku-kulttuuritieteet\/tietokannat\/\" target=\"_blank\" rel=\"noreferrer noopener\">&#8221;Oman alan tietokannat&#8221;<\/a> (linkki avautuu uuteen ikkunaan). Kerro, miksi valitsit kyseisen tietokannan?<\/li>\n<\/ul>\n\n\n\n<p>4. Tee hakuja valitsemassasi tietokannassa yll\u00e4 miettimill\u00e4si hakusanoilla (joita toki voi muokata hakujen edetess\u00e4). Kopioi tekemiesi hakujen HAKUHISTORIA esim. snipping toolin tai ruutukaappauksen avulla (kts. 1. esimerkkikuva). L\u00e4hes jokaisesta tietokannasta l\u00f6ytyy hakuhistoria &#8211; ota huomioon, ett\u00e4 usein hakuhistoria tyhjenee, kun selaimen sulkee. Jos hakuhistoria on pitk\u00e4, voit ottaa kuvan vain olennaisimmista hauista. <\/p>\n\n\n\n<p>Jos et l\u00f6yd\u00e4 hakuhistoriaa, ota kuva valitsemasi tietokannan tarkennusta hausta, jossa n\u00e4kyy tekem\u00e4sti hakulauseke hakusanoineen ja -tekniikoineen sek\u00e4 l\u00f6ytyneiden tulosten m\u00e4\u00e4r\u00e4 (kts. 2. esimerkkikuva). <strong>Kuva tai ruutukaappaus hakuhistoriasta tai tehdyst\u00e4 hausta on pakollinen osa lopputeht\u00e4v\u00e4\u00e4<\/strong>, ja niit\u00e4 voi olla useampia. Voit lis\u00e4ksi kertoa omin sanoin, miten muokkasit hakuja, mik\u00e4 niist\u00e4 toimi hyvin, mik\u00e4 ei toiminut jne. <strong>Hauista tulee n\u00e4ky\u00e4, ett\u00e4 olet ymm\u00e4rt\u00e4nyt tietokannoissa k\u00e4ytett\u00e4v\u00e4t hakutekniikat, joita on opeteltu kurssin aikana.<\/strong><\/p>\n\n\n\n<ol class=\"wp-block-list\">\n<li>esimerkkikuva (kansallisen Finnan hakuhistoria):<\/li>\n<\/ol>\n\n\n\n<figure class=\"wp-block-image size-large\"><img loading=\"lazy\" decoding=\"async\" width=\"1024\" height=\"598\" src=\"https:\/\/blogs.uef.fi\/tiedonhaku-kulttuuritieteet\/wp-content\/uploads\/sites\/67\/2023\/08\/finna_hakuhistoria-1024x598.png\" alt=\"Finna.fi-hakupalvelun hakuhistoria. Hakuhistoriassa n\u00e4kyyy, miten hakua on muokattu lis\u00e4\u00e4m\u00e4ll\u00e4 vaihtoehtoisia hakusanoja ja katkaisemalla niit\u00e4. Esimerkkin\u00e4 on hakulauseke (v\u00e4hemmist\u00f6stres* OR &quot;minority stress&quot;) AND (seksuaaliv\u00e4hemmis* OR &quot;sexual minorities&quot;)\" class=\"wp-image-1611\" srcset=\"https:\/\/blogs.uef.fi\/tiedonhaku-kulttuuritieteet\/wp-content\/uploads\/sites\/67\/2023\/08\/finna_hakuhistoria-1024x598.png 1024w, https:\/\/blogs.uef.fi\/tiedonhaku-kulttuuritieteet\/wp-content\/uploads\/sites\/67\/2023\/08\/finna_hakuhistoria-300x175.png 300w, https:\/\/blogs.uef.fi\/tiedonhaku-kulttuuritieteet\/wp-content\/uploads\/sites\/67\/2023\/08\/finna_hakuhistoria-768x448.png 768w, https:\/\/blogs.uef.fi\/tiedonhaku-kulttuuritieteet\/wp-content\/uploads\/sites\/67\/2023\/08\/finna_hakuhistoria.png 1239w\" sizes=\"auto, (max-width: 1024px) 100vw, 1024px\" \/><\/figure>\n\n\n\n<p><\/p>\n\n\n\n<p>2. esimerkki (tietokannan tarkennetussa haussa tehty haku hakutekniikoineen):<\/p>\n\n\n\n<figure class=\"wp-block-image size-large\"><img loading=\"lazy\" decoding=\"async\" width=\"1024\" height=\"383\" src=\"https:\/\/blogs.uef.fi\/tiedonhaku-kulttuuritieteet\/wp-content\/uploads\/sites\/67\/2026\/01\/finna_hakuesimerkki-1024x383.jpg\" alt=\"\" class=\"wp-image-2069\" srcset=\"https:\/\/blogs.uef.fi\/tiedonhaku-kulttuuritieteet\/wp-content\/uploads\/sites\/67\/2026\/01\/finna_hakuesimerkki-1024x383.jpg 1024w, https:\/\/blogs.uef.fi\/tiedonhaku-kulttuuritieteet\/wp-content\/uploads\/sites\/67\/2026\/01\/finna_hakuesimerkki-300x112.jpg 300w, https:\/\/blogs.uef.fi\/tiedonhaku-kulttuuritieteet\/wp-content\/uploads\/sites\/67\/2026\/01\/finna_hakuesimerkki-768x287.jpg 768w, https:\/\/blogs.uef.fi\/tiedonhaku-kulttuuritieteet\/wp-content\/uploads\/sites\/67\/2026\/01\/finna_hakuesimerkki-1536x574.jpg 1536w, https:\/\/blogs.uef.fi\/tiedonhaku-kulttuuritieteet\/wp-content\/uploads\/sites\/67\/2026\/01\/finna_hakuesimerkki.jpg 1763w\" sizes=\"auto, (max-width: 1024px) 100vw, 1024px\" \/><\/figure>\n\n\n\n<p>5. Liit\u00e4 muutama (2-5), hyv\u00e4 l\u00f6ytynyt viite lopputy\u00f6h\u00f6si. <strong>\u00c4l\u00e4 linkit\u00e4<\/strong> <strong>viitteit\u00e4<\/strong>, vaan k\u00e4yt\u00e4 jotain viittaustyyli\u00e4 (esim. MLA, APA tmv.). T\u00e4ss\u00e4 voit k\u00e4ytt\u00e4\u00e4 apuna tietokantojen viittaus- \/cite-painikkeita ja\/tai oman oppiaineesi viittausohjeita.<\/p>\n\n\n\n<p>6. Kommentoi hakujasi ja l\u00f6yt\u00e4mi\u00e4si tuloksia. Mik\u00e4 onnistui? Mik\u00e4 mahdollisesti meni pieleen? Oletko tyytyv\u00e4inen hakuihisi? T\u00e4ss\u00e4 osiossa reflektoit siis sit\u00e4, miten tiedonhakusi onnistui. Voit my\u00f6s pohtia, opitko tai oivalsitko jotain uutta joko t\u00e4ss\u00e4 lopputeht\u00e4v\u00e4ss\u00e4 tai koko kurssin aikana.<\/p>\n\n\n\n<p>7. L\u00e4het\u00e4 lopputeht\u00e4v\u00e4 word-, txt-, PDF-muotoisena tai vaikka videona osoitteeseen riitta.s.holopainen(lis\u00e4\u00e4-t\u00e4h\u00e4n-@-merkki)uef.fi 8.3.2026 menness\u00e4. Jos aikataulu tuottaa ongelmia, ota yhteytt\u00e4, niin mietit\u00e4\u00e4n sopivampi. Saat henkil\u00f6kohtaista palautetta ja tarkastetun teht\u00e4v\u00e4n s\u00e4hk\u00f6postiisi kolmen viikon kuluessa. Hyv\u00e4ksytysti suoritettuun lopputeht\u00e4v\u00e4\u00e4n vaaditaan kaikkiin kysymyksiin vastaamista ja oman tiedonhaun prosessin pohdintaa ja huomioita.<\/p>\n\n\n\n<p>Lopputeht\u00e4v\u00e4n ei tarvitse olla pitk\u00e4; pari sivua riitt\u00e4\u00e4. Toki se saa olla, jos innostut aiheesta! Voit vastata tiiviistikin, mutta muista kuitenkin vastata jokaiseen kohtaan. Erityisesti omat huomiosi tekemist\u00e4si hauista ovat t\u00e4rkeit\u00e4.<\/p>\n\n\n\n<p><strong>MUISTA T\u00c4M\u00c4:<\/strong> Jos k\u00e4yt\u00e4t lopputeht\u00e4v\u00e4ss\u00e4 apunasi teko\u00e4ly\u00e4, tulee se mainita teht\u00e4v\u00e4ss\u00e4. Kerro, miten ja miss\u00e4 kohtaa k\u00e4ytit teko\u00e4ly\u00e4 apuna. Kaikkia lopputeht\u00e4v\u00e4\u00e4n liittyvi\u00e4 tiedonhakuja ei saa tehd\u00e4 tietokantoihin integroituneiden teko\u00e4lyty\u00f6kalujen avulla (esim. UEF-Primon teko\u00e4lyavustajalla), mutta tietokannan teko\u00e4lyavusta voi toimia esim. aloituspisteen\u00e4 muille hauillesi. Teko\u00e4ly\u00e4 voit k\u00e4ytt\u00e4\u00e4 apunasi my\u00f6s esim. hakusanojen ideoinnissa tai tutkimuskysymysten hahmottelussa. <strong>\u00c4l\u00e4 teet\u00e4t\u00e4 lopputeht\u00e4v\u00e4\u00e4 teko\u00e4lyll\u00e4, vaan hy\u00f6dynn\u00e4 omia sanojasi ja ajatuksiasi. <\/strong><\/p>\n\n\n\n<p>Lis\u00e4tietoa teko\u00e4lyst\u00e4 tiedonhausta l\u00f6yd\u00e4t kirjaston sivustolta <a href=\"https:\/\/www.uef.fi\/fi\/kirjasto\/tekoaly-tiedonhaussa\" target=\"_blank\" rel=\"noreferrer noopener\">Teko\u00e4ly tiedonhaussa<\/a> (linkki avautuu uuteen v\u00e4lilehteen) sek\u00e4 t\u00e4m\u00e4n kurssin 10. osiosta <a href=\"https:\/\/blogs.uef.fi\/tiedonhaku-kulttuuritieteet\/10-tekoaly-ja-tieteellisen-tiedon-hakeminen\/\" target=\"_blank\" rel=\"noreferrer noopener\">&#8221;Teko\u00e4ly ja tieteellisen tiedon hakeminen&#8221;<\/a> (linkki avautuu uuteen v\u00e4lilehteen).<\/p>\n\n\n\n<p>p\u00e4ivitetty: 1\/2026<\/p>\n\n\n\n<p><\/p>\n","protected":false},"excerpt":{"rendered":"<p>Kulttuuritieteiden tiedonhaun kurssi (1 op) on osa It\u00e4-Suomen yliopiston opintoja. Kurssi suoritetaan kandiseminaarin yhteydess\u00e4. Kurssi koostuu videoluennoista ja niihin liittyvist\u00e4 ennakkoteht\u00e4vist\u00e4, sek\u00e4 l\u00e4hiopetuskerrasta, jossa harjoittelemme oman alan tietokantojen k\u00e4ytt\u00f6\u00e4. Kurssin lopuksi tehd\u00e4\u00e4n itsen\u00e4inen lopputeht\u00e4v\u00e4 omasta kandiseminaariaiheesta. Videoiden lis\u00e4ksi kurssilla on kaksi tekstikappaletta, &#8221;Oman alan tietokannat&#8221; sek\u00e4 &#8221;viitteidenhallintaohjelmat&#8221; &#8211; ne ovat vinkiksi, avuksi ja hy\u00f6dyksi, kun [&hellip;]<\/p>\n","protected":false},"author":129,"featured_media":0,"parent":0,"menu_order":0,"comment_status":"closed","ping_status":"closed","template":"","meta":{"_acf_changed":false,"footnotes":""},"class_list":["post-71","page","type-page","status-publish","hentry"],"acf":[],"yoast_head":"<!-- This site is optimized with the Yoast SEO plugin v27.1.1 - https:\/\/yoast.com\/product\/yoast-seo-wordpress\/ -->\n<title>Kurssiohje 2025-2026 - Kulttuuritieteiden tiedonhaku<\/title>\n<meta name=\"robots\" content=\"index, follow, max-snippet:-1, max-image-preview:large, max-video-preview:-1\" \/>\n<link rel=\"canonical\" href=\"https:\/\/blogs.uef.fi\/tiedonhaku-kulttuuritieteet\/kurssiohje\/\" \/>\n<meta property=\"og:locale\" content=\"fi_FI\" \/>\n<meta property=\"og:type\" content=\"article\" \/>\n<meta property=\"og:title\" content=\"Kurssiohje 2025-2026 - Kulttuuritieteiden tiedonhaku\" \/>\n<meta property=\"og:description\" content=\"Kulttuuritieteiden tiedonhaun kurssi (1 op) on osa It\u00e4-Suomen yliopiston opintoja. Kurssi suoritetaan kandiseminaarin yhteydess\u00e4. Kurssi koostuu videoluennoista ja niihin liittyvist\u00e4 ennakkoteht\u00e4vist\u00e4, sek\u00e4 l\u00e4hiopetuskerrasta, jossa harjoittelemme oman alan tietokantojen k\u00e4ytt\u00f6\u00e4. Kurssin lopuksi tehd\u00e4\u00e4n itsen\u00e4inen lopputeht\u00e4v\u00e4 omasta kandiseminaariaiheesta. Videoiden lis\u00e4ksi kurssilla on kaksi tekstikappaletta, &#8221;Oman alan tietokannat&#8221; sek\u00e4 &#8221;viitteidenhallintaohjelmat&#8221; &#8211; ne ovat vinkiksi, avuksi ja hy\u00f6dyksi, kun [&hellip;]\" \/>\n<meta property=\"og:url\" content=\"https:\/\/blogs.uef.fi\/tiedonhaku-kulttuuritieteet\/kurssiohje\/\" \/>\n<meta property=\"og:site_name\" content=\"Kulttuuritieteiden tiedonhaku\" \/>\n<meta property=\"article:modified_time\" content=\"2026-02-16T08:51:09+00:00\" \/>\n<meta property=\"og:image\" content=\"https:\/\/blogs.uef.fi\/tiedonhaku-kulttuuritieteet\/wp-content\/uploads\/sites\/67\/2016\/06\/suoritusohje.png\" \/>\n\t<meta property=\"og:image:width\" content=\"1041\" \/>\n\t<meta property=\"og:image:height\" content=\"318\" \/>\n\t<meta property=\"og:image:type\" content=\"image\/png\" \/>\n<meta name=\"twitter:card\" content=\"summary_large_image\" \/>\n<meta name=\"twitter:label1\" content=\"Arvioitu lukuaika\" \/>\n\t<meta name=\"twitter:data1\" content=\"6 minuuttia\" \/>\n<script type=\"application\/ld+json\" class=\"yoast-schema-graph\">{\"@context\":\"https:\/\/schema.org\",\"@graph\":[{\"@type\":\"WebPage\",\"@id\":\"https:\/\/blogs.uef.fi\/tiedonhaku-kulttuuritieteet\/kurssiohje\/\",\"url\":\"https:\/\/blogs.uef.fi\/tiedonhaku-kulttuuritieteet\/kurssiohje\/\",\"name\":\"Kurssiohje 2025-2026 - Kulttuuritieteiden tiedonhaku\",\"isPartOf\":{\"@id\":\"https:\/\/blogs.uef.fi\/tiedonhaku-kulttuuritieteet\/#website\"},\"primaryImageOfPage\":{\"@id\":\"https:\/\/blogs.uef.fi\/tiedonhaku-kulttuuritieteet\/kurssiohje\/#primaryimage\"},\"image\":{\"@id\":\"https:\/\/blogs.uef.fi\/tiedonhaku-kulttuuritieteet\/kurssiohje\/#primaryimage\"},\"thumbnailUrl\":\"https:\/\/blogs.uef.fi\/tiedonhaku-kulttuuritieteet\/wp-content\/uploads\/sites\/67\/2016\/06\/suoritusohje.png\",\"datePublished\":\"2016-03-24T07:59:50+00:00\",\"dateModified\":\"2026-02-16T08:51:09+00:00\",\"breadcrumb\":{\"@id\":\"https:\/\/blogs.uef.fi\/tiedonhaku-kulttuuritieteet\/kurssiohje\/#breadcrumb\"},\"inLanguage\":\"fi\",\"potentialAction\":[{\"@type\":\"ReadAction\",\"target\":[\"https:\/\/blogs.uef.fi\/tiedonhaku-kulttuuritieteet\/kurssiohje\/\"]}]},{\"@type\":\"ImageObject\",\"inLanguage\":\"fi\",\"@id\":\"https:\/\/blogs.uef.fi\/tiedonhaku-kulttuuritieteet\/kurssiohje\/#primaryimage\",\"url\":\"https:\/\/blogs.uef.fi\/tiedonhaku-kulttuuritieteet\/wp-content\/uploads\/sites\/67\/2016\/06\/suoritusohje.png\",\"contentUrl\":\"https:\/\/blogs.uef.fi\/tiedonhaku-kulttuuritieteet\/wp-content\/uploads\/sites\/67\/2016\/06\/suoritusohje.png\",\"width\":1041,\"height\":318},{\"@type\":\"BreadcrumbList\",\"@id\":\"https:\/\/blogs.uef.fi\/tiedonhaku-kulttuuritieteet\/kurssiohje\/#breadcrumb\",\"itemListElement\":[{\"@type\":\"ListItem\",\"position\":1,\"name\":\"Home\",\"item\":\"https:\/\/blogs.uef.fi\/tiedonhaku-kulttuuritieteet\/\"},{\"@type\":\"ListItem\",\"position\":2,\"name\":\"Kurssiohje 2025-2026\"}]},{\"@type\":\"WebSite\",\"@id\":\"https:\/\/blogs.uef.fi\/tiedonhaku-kulttuuritieteet\/#website\",\"url\":\"https:\/\/blogs.uef.fi\/tiedonhaku-kulttuuritieteet\/\",\"name\":\"Kulttuuritieteiden tiedonhaku\",\"description\":\"\",\"potentialAction\":[{\"@type\":\"SearchAction\",\"target\":{\"@type\":\"EntryPoint\",\"urlTemplate\":\"https:\/\/blogs.uef.fi\/tiedonhaku-kulttuuritieteet\/?s={search_term_string}\"},\"query-input\":{\"@type\":\"PropertyValueSpecification\",\"valueRequired\":true,\"valueName\":\"search_term_string\"}}],\"inLanguage\":\"fi\"}]}<\/script>\n<!-- \/ Yoast SEO plugin. -->","yoast_head_json":{"title":"Kurssiohje 2025-2026 - Kulttuuritieteiden tiedonhaku","robots":{"index":"index","follow":"follow","max-snippet":"max-snippet:-1","max-image-preview":"max-image-preview:large","max-video-preview":"max-video-preview:-1"},"canonical":"https:\/\/blogs.uef.fi\/tiedonhaku-kulttuuritieteet\/kurssiohje\/","og_locale":"fi_FI","og_type":"article","og_title":"Kurssiohje 2025-2026 - Kulttuuritieteiden tiedonhaku","og_description":"Kulttuuritieteiden tiedonhaun kurssi (1 op) on osa It\u00e4-Suomen yliopiston opintoja. Kurssi suoritetaan kandiseminaarin yhteydess\u00e4. Kurssi koostuu videoluennoista ja niihin liittyvist\u00e4 ennakkoteht\u00e4vist\u00e4, sek\u00e4 l\u00e4hiopetuskerrasta, jossa harjoittelemme oman alan tietokantojen k\u00e4ytt\u00f6\u00e4. Kurssin lopuksi tehd\u00e4\u00e4n itsen\u00e4inen lopputeht\u00e4v\u00e4 omasta kandiseminaariaiheesta. Videoiden lis\u00e4ksi kurssilla on kaksi tekstikappaletta, &#8221;Oman alan tietokannat&#8221; sek\u00e4 &#8221;viitteidenhallintaohjelmat&#8221; &#8211; ne ovat vinkiksi, avuksi ja hy\u00f6dyksi, kun [&hellip;]","og_url":"https:\/\/blogs.uef.fi\/tiedonhaku-kulttuuritieteet\/kurssiohje\/","og_site_name":"Kulttuuritieteiden tiedonhaku","article_modified_time":"2026-02-16T08:51:09+00:00","og_image":[{"width":1041,"height":318,"url":"https:\/\/blogs.uef.fi\/tiedonhaku-kulttuuritieteet\/wp-content\/uploads\/sites\/67\/2016\/06\/suoritusohje.png","type":"image\/png"}],"twitter_card":"summary_large_image","twitter_misc":{"Arvioitu lukuaika":"6 minuuttia"},"schema":{"@context":"https:\/\/schema.org","@graph":[{"@type":"WebPage","@id":"https:\/\/blogs.uef.fi\/tiedonhaku-kulttuuritieteet\/kurssiohje\/","url":"https:\/\/blogs.uef.fi\/tiedonhaku-kulttuuritieteet\/kurssiohje\/","name":"Kurssiohje 2025-2026 - Kulttuuritieteiden tiedonhaku","isPartOf":{"@id":"https:\/\/blogs.uef.fi\/tiedonhaku-kulttuuritieteet\/#website"},"primaryImageOfPage":{"@id":"https:\/\/blogs.uef.fi\/tiedonhaku-kulttuuritieteet\/kurssiohje\/#primaryimage"},"image":{"@id":"https:\/\/blogs.uef.fi\/tiedonhaku-kulttuuritieteet\/kurssiohje\/#primaryimage"},"thumbnailUrl":"https:\/\/blogs.uef.fi\/tiedonhaku-kulttuuritieteet\/wp-content\/uploads\/sites\/67\/2016\/06\/suoritusohje.png","datePublished":"2016-03-24T07:59:50+00:00","dateModified":"2026-02-16T08:51:09+00:00","breadcrumb":{"@id":"https:\/\/blogs.uef.fi\/tiedonhaku-kulttuuritieteet\/kurssiohje\/#breadcrumb"},"inLanguage":"fi","potentialAction":[{"@type":"ReadAction","target":["https:\/\/blogs.uef.fi\/tiedonhaku-kulttuuritieteet\/kurssiohje\/"]}]},{"@type":"ImageObject","inLanguage":"fi","@id":"https:\/\/blogs.uef.fi\/tiedonhaku-kulttuuritieteet\/kurssiohje\/#primaryimage","url":"https:\/\/blogs.uef.fi\/tiedonhaku-kulttuuritieteet\/wp-content\/uploads\/sites\/67\/2016\/06\/suoritusohje.png","contentUrl":"https:\/\/blogs.uef.fi\/tiedonhaku-kulttuuritieteet\/wp-content\/uploads\/sites\/67\/2016\/06\/suoritusohje.png","width":1041,"height":318},{"@type":"BreadcrumbList","@id":"https:\/\/blogs.uef.fi\/tiedonhaku-kulttuuritieteet\/kurssiohje\/#breadcrumb","itemListElement":[{"@type":"ListItem","position":1,"name":"Home","item":"https:\/\/blogs.uef.fi\/tiedonhaku-kulttuuritieteet\/"},{"@type":"ListItem","position":2,"name":"Kurssiohje 2025-2026"}]},{"@type":"WebSite","@id":"https:\/\/blogs.uef.fi\/tiedonhaku-kulttuuritieteet\/#website","url":"https:\/\/blogs.uef.fi\/tiedonhaku-kulttuuritieteet\/","name":"Kulttuuritieteiden tiedonhaku","description":"","potentialAction":[{"@type":"SearchAction","target":{"@type":"EntryPoint","urlTemplate":"https:\/\/blogs.uef.fi\/tiedonhaku-kulttuuritieteet\/?s={search_term_string}"},"query-input":{"@type":"PropertyValueSpecification","valueRequired":true,"valueName":"search_term_string"}}],"inLanguage":"fi"}]}},"_links":{"self":[{"href":"https:\/\/blogs.uef.fi\/tiedonhaku-kulttuuritieteet\/wp-json\/wp\/v2\/pages\/71","targetHints":{"allow":["GET"]}}],"collection":[{"href":"https:\/\/blogs.uef.fi\/tiedonhaku-kulttuuritieteet\/wp-json\/wp\/v2\/pages"}],"about":[{"href":"https:\/\/blogs.uef.fi\/tiedonhaku-kulttuuritieteet\/wp-json\/wp\/v2\/types\/page"}],"author":[{"embeddable":true,"href":"https:\/\/blogs.uef.fi\/tiedonhaku-kulttuuritieteet\/wp-json\/wp\/v2\/users\/129"}],"replies":[{"embeddable":true,"href":"https:\/\/blogs.uef.fi\/tiedonhaku-kulttuuritieteet\/wp-json\/wp\/v2\/comments?post=71"}],"version-history":[{"count":2,"href":"https:\/\/blogs.uef.fi\/tiedonhaku-kulttuuritieteet\/wp-json\/wp\/v2\/pages\/71\/revisions"}],"predecessor-version":[{"id":2074,"href":"https:\/\/blogs.uef.fi\/tiedonhaku-kulttuuritieteet\/wp-json\/wp\/v2\/pages\/71\/revisions\/2074"}],"wp:attachment":[{"href":"https:\/\/blogs.uef.fi\/tiedonhaku-kulttuuritieteet\/wp-json\/wp\/v2\/media?parent=71"}],"curies":[{"name":"wp","href":"https:\/\/api.w.org\/{rel}","templated":true}]}}