{"id":603,"date":"2019-09-12T12:24:42","date_gmt":"2019-09-12T09:24:42","guid":{"rendered":"https:\/\/blogs.uef.fi\/tiedonhaku-kulttuuritieteet\/?page_id=603"},"modified":"2025-01-07T12:39:10","modified_gmt":"2025-01-07T10:39:10","slug":"avuksi-ja-hyodyksi-viitteidenhallinta-refworksilla","status":"publish","type":"page","link":"https:\/\/blogs.uef.fi\/tiedonhaku-kulttuuritieteet\/avuksi-ja-hyodyksi-viitteidenhallinta-refworksilla\/","title":{"rendered":"Avuksi ja hy\u00f6dyksi: viitteidenhallintaohjelmat"},"content":{"rendered":"\n<p>T\u00e4m\u00e4 osio on sinulle, joka haluat tutustua viitteidenhallintaan Zoteron tai Mendeleyn avulla. T\u00e4h\u00e4n osioon ei liity ennakkoteht\u00e4v\u00e4\u00e4.<\/p>\n\n\n\n<p>Tuskailetko v\u00e4lill\u00e4 viittausten ja l\u00e4hdeluettelon tekemisen kanssa? Joudutko usein tarkistamaan, miss\u00e4 muodossa omalla tieteenalallasi viitataan? L\u00e4hdeviitteiden hallintaohjelma on hy\u00f6dyllinen apuv\u00e4line kaikille tieteellisten tekstien tekij\u00f6ille.<\/p>\n\n\n\n<p><strong>Mit\u00e4 viitteidenhallintaohjelmalla voi tehd\u00e4?<\/strong><\/p>\n\n\n\n<ul class=\"wp-block-list\">\n<li>Tallentaa viitteit\u00e4 ja hakutuloksia suoraan eri tietokannoista ja hakupalveluista (esim. UEF-Primosta, kansainv\u00e4lisist\u00e4 tietokannoista, Google Scholarista jne.). Ohjelmassa l\u00f6yt\u00e4m\u00e4si l\u00e4hteet pysyv\u00e4t tallessa.<\/li>\n<\/ul>\n\n\n\n<ul class=\"wp-block-list\">\n<li>Lis\u00e4t\u00e4 viitteet omaan tekstiisi Wordissa haluamallasi viittaustyylill\u00e4.<\/li>\n\n\n\n<li>Luoda l\u00e4hdeluettelot yhdell\u00e4 napin painalluksella. L\u00e4hdeluettelo p\u00e4ivittyy sit\u00e4 mukaa, kun lis\u00e4\u00e4t tekstinsis\u00e4isi\u00e4 viitteit\u00e4.<\/li>\n<\/ul>\n\n\n\n<p>It\u00e4-Suomen yliopiston kirjasto tarjoaa opiskelijoilleen ja henkil\u00f6kunnalleen tukea kahden ilmaisen viitteidenhallintaohjelman, Zoteron ja Mendeleyn, k\u00e4ytt\u00f6\u00f6n. Viitteit\u00e4 voi siirt\u00e4\u00e4 suoraan monista eri tietokannoista, tai niit\u00e4 voi kirjoittaa my\u00f6s itse. Jos mietit, kumman viitteidenhallintaohjelman valitsisit, kokeile avoimen l\u00e4hdekoodin Zoteroa.<\/p>\n\n\n\n<p><a href=\"https:\/\/www.uef.fi\/fi\/kirjasto\/lahdeviitteet#paragraph-13100\" target=\"_blank\" rel=\"noreferrer noopener\">Lue lis\u00e4\u00e4 viitteidenhallintaohjelmista<\/a> ja ota ohjelma k\u00e4ytt\u00f6\u00f6si lyhyiden videotutoriaalien avulla kirjaston kotisivulta (linkki avautuu uuteen ikkunaan).<\/p>\n\n\n\n<p>P\u00e4ivitetty: 1\/2025<\/p>\n","protected":false},"excerpt":{"rendered":"<p>T\u00e4m\u00e4 osio on sinulle, joka haluat tutustua viitteidenhallintaan Zoteron tai Mendeleyn avulla. T\u00e4h\u00e4n osioon ei liity ennakkoteht\u00e4v\u00e4\u00e4. Tuskailetko v\u00e4lill\u00e4 viittausten ja l\u00e4hdeluettelon tekemisen kanssa? Joudutko usein tarkistamaan, miss\u00e4 muodossa omalla tieteenalallasi viitataan? L\u00e4hdeviitteiden hallintaohjelma on hy\u00f6dyllinen apuv\u00e4line kaikille tieteellisten tekstien tekij\u00f6ille. Mit\u00e4 viitteidenhallintaohjelmalla voi tehd\u00e4? It\u00e4-Suomen yliopiston kirjasto tarjoaa opiskelijoilleen ja henkil\u00f6kunnalleen tukea kahden ilmaisen [&hellip;]<\/p>\n","protected":false},"author":129,"featured_media":0,"parent":0,"menu_order":0,"comment_status":"closed","ping_status":"closed","template":"","meta":{"_acf_changed":false,"footnotes":""},"class_list":["post-603","page","type-page","status-publish","hentry"],"acf":[],"yoast_head":"<!-- This site is optimized with the Yoast SEO plugin v27.1.1 - https:\/\/yoast.com\/product\/yoast-seo-wordpress\/ -->\n<title>Avuksi ja hy\u00f6dyksi: viitteidenhallintaohjelmat - Kulttuuritieteiden tiedonhaku<\/title>\n<meta name=\"robots\" content=\"index, follow, max-snippet:-1, max-image-preview:large, max-video-preview:-1\" \/>\n<link rel=\"canonical\" href=\"https:\/\/blogs.uef.fi\/tiedonhaku-kulttuuritieteet\/avuksi-ja-hyodyksi-viitteidenhallinta-refworksilla\/\" \/>\n<meta property=\"og:locale\" content=\"fi_FI\" \/>\n<meta property=\"og:type\" content=\"article\" \/>\n<meta property=\"og:title\" content=\"Avuksi ja hy\u00f6dyksi: viitteidenhallintaohjelmat - Kulttuuritieteiden tiedonhaku\" \/>\n<meta property=\"og:description\" content=\"T\u00e4m\u00e4 osio on sinulle, joka haluat tutustua viitteidenhallintaan Zoteron tai Mendeleyn avulla. T\u00e4h\u00e4n osioon ei liity ennakkoteht\u00e4v\u00e4\u00e4. Tuskailetko v\u00e4lill\u00e4 viittausten ja l\u00e4hdeluettelon tekemisen kanssa? Joudutko usein tarkistamaan, miss\u00e4 muodossa omalla tieteenalallasi viitataan? L\u00e4hdeviitteiden hallintaohjelma on hy\u00f6dyllinen apuv\u00e4line kaikille tieteellisten tekstien tekij\u00f6ille. Mit\u00e4 viitteidenhallintaohjelmalla voi tehd\u00e4? It\u00e4-Suomen yliopiston kirjasto tarjoaa opiskelijoilleen ja henkil\u00f6kunnalleen tukea kahden ilmaisen [&hellip;]\" \/>\n<meta property=\"og:url\" content=\"https:\/\/blogs.uef.fi\/tiedonhaku-kulttuuritieteet\/avuksi-ja-hyodyksi-viitteidenhallinta-refworksilla\/\" \/>\n<meta property=\"og:site_name\" content=\"Kulttuuritieteiden tiedonhaku\" \/>\n<meta property=\"article:modified_time\" content=\"2025-01-07T10:39:10+00:00\" \/>\n<meta name=\"twitter:card\" content=\"summary_large_image\" \/>\n<meta name=\"twitter:label1\" content=\"Arvioitu lukuaika\" \/>\n\t<meta name=\"twitter:data1\" content=\"1 minuutti\" \/>\n<script type=\"application\/ld+json\" class=\"yoast-schema-graph\">{\"@context\":\"https:\/\/schema.org\",\"@graph\":[{\"@type\":\"WebPage\",\"@id\":\"https:\/\/blogs.uef.fi\/tiedonhaku-kulttuuritieteet\/avuksi-ja-hyodyksi-viitteidenhallinta-refworksilla\/\",\"url\":\"https:\/\/blogs.uef.fi\/tiedonhaku-kulttuuritieteet\/avuksi-ja-hyodyksi-viitteidenhallinta-refworksilla\/\",\"name\":\"Avuksi ja hy\u00f6dyksi: viitteidenhallintaohjelmat - Kulttuuritieteiden tiedonhaku\",\"isPartOf\":{\"@id\":\"https:\/\/blogs.uef.fi\/tiedonhaku-kulttuuritieteet\/#website\"},\"datePublished\":\"2019-09-12T09:24:42+00:00\",\"dateModified\":\"2025-01-07T10:39:10+00:00\",\"breadcrumb\":{\"@id\":\"https:\/\/blogs.uef.fi\/tiedonhaku-kulttuuritieteet\/avuksi-ja-hyodyksi-viitteidenhallinta-refworksilla\/#breadcrumb\"},\"inLanguage\":\"fi\",\"potentialAction\":[{\"@type\":\"ReadAction\",\"target\":[\"https:\/\/blogs.uef.fi\/tiedonhaku-kulttuuritieteet\/avuksi-ja-hyodyksi-viitteidenhallinta-refworksilla\/\"]}]},{\"@type\":\"BreadcrumbList\",\"@id\":\"https:\/\/blogs.uef.fi\/tiedonhaku-kulttuuritieteet\/avuksi-ja-hyodyksi-viitteidenhallinta-refworksilla\/#breadcrumb\",\"itemListElement\":[{\"@type\":\"ListItem\",\"position\":1,\"name\":\"Home\",\"item\":\"https:\/\/blogs.uef.fi\/tiedonhaku-kulttuuritieteet\/\"},{\"@type\":\"ListItem\",\"position\":2,\"name\":\"Avuksi ja hy\u00f6dyksi: viitteidenhallintaohjelmat\"}]},{\"@type\":\"WebSite\",\"@id\":\"https:\/\/blogs.uef.fi\/tiedonhaku-kulttuuritieteet\/#website\",\"url\":\"https:\/\/blogs.uef.fi\/tiedonhaku-kulttuuritieteet\/\",\"name\":\"Kulttuuritieteiden tiedonhaku\",\"description\":\"\",\"potentialAction\":[{\"@type\":\"SearchAction\",\"target\":{\"@type\":\"EntryPoint\",\"urlTemplate\":\"https:\/\/blogs.uef.fi\/tiedonhaku-kulttuuritieteet\/?s={search_term_string}\"},\"query-input\":{\"@type\":\"PropertyValueSpecification\",\"valueRequired\":true,\"valueName\":\"search_term_string\"}}],\"inLanguage\":\"fi\"}]}<\/script>\n<!-- \/ Yoast SEO plugin. -->","yoast_head_json":{"title":"Avuksi ja hy\u00f6dyksi: viitteidenhallintaohjelmat - Kulttuuritieteiden tiedonhaku","robots":{"index":"index","follow":"follow","max-snippet":"max-snippet:-1","max-image-preview":"max-image-preview:large","max-video-preview":"max-video-preview:-1"},"canonical":"https:\/\/blogs.uef.fi\/tiedonhaku-kulttuuritieteet\/avuksi-ja-hyodyksi-viitteidenhallinta-refworksilla\/","og_locale":"fi_FI","og_type":"article","og_title":"Avuksi ja hy\u00f6dyksi: viitteidenhallintaohjelmat - Kulttuuritieteiden tiedonhaku","og_description":"T\u00e4m\u00e4 osio on sinulle, joka haluat tutustua viitteidenhallintaan Zoteron tai Mendeleyn avulla. T\u00e4h\u00e4n osioon ei liity ennakkoteht\u00e4v\u00e4\u00e4. Tuskailetko v\u00e4lill\u00e4 viittausten ja l\u00e4hdeluettelon tekemisen kanssa? Joudutko usein tarkistamaan, miss\u00e4 muodossa omalla tieteenalallasi viitataan? L\u00e4hdeviitteiden hallintaohjelma on hy\u00f6dyllinen apuv\u00e4line kaikille tieteellisten tekstien tekij\u00f6ille. Mit\u00e4 viitteidenhallintaohjelmalla voi tehd\u00e4? It\u00e4-Suomen yliopiston kirjasto tarjoaa opiskelijoilleen ja henkil\u00f6kunnalleen tukea kahden ilmaisen [&hellip;]","og_url":"https:\/\/blogs.uef.fi\/tiedonhaku-kulttuuritieteet\/avuksi-ja-hyodyksi-viitteidenhallinta-refworksilla\/","og_site_name":"Kulttuuritieteiden tiedonhaku","article_modified_time":"2025-01-07T10:39:10+00:00","twitter_card":"summary_large_image","twitter_misc":{"Arvioitu lukuaika":"1 minuutti"},"schema":{"@context":"https:\/\/schema.org","@graph":[{"@type":"WebPage","@id":"https:\/\/blogs.uef.fi\/tiedonhaku-kulttuuritieteet\/avuksi-ja-hyodyksi-viitteidenhallinta-refworksilla\/","url":"https:\/\/blogs.uef.fi\/tiedonhaku-kulttuuritieteet\/avuksi-ja-hyodyksi-viitteidenhallinta-refworksilla\/","name":"Avuksi ja hy\u00f6dyksi: viitteidenhallintaohjelmat - Kulttuuritieteiden tiedonhaku","isPartOf":{"@id":"https:\/\/blogs.uef.fi\/tiedonhaku-kulttuuritieteet\/#website"},"datePublished":"2019-09-12T09:24:42+00:00","dateModified":"2025-01-07T10:39:10+00:00","breadcrumb":{"@id":"https:\/\/blogs.uef.fi\/tiedonhaku-kulttuuritieteet\/avuksi-ja-hyodyksi-viitteidenhallinta-refworksilla\/#breadcrumb"},"inLanguage":"fi","potentialAction":[{"@type":"ReadAction","target":["https:\/\/blogs.uef.fi\/tiedonhaku-kulttuuritieteet\/avuksi-ja-hyodyksi-viitteidenhallinta-refworksilla\/"]}]},{"@type":"BreadcrumbList","@id":"https:\/\/blogs.uef.fi\/tiedonhaku-kulttuuritieteet\/avuksi-ja-hyodyksi-viitteidenhallinta-refworksilla\/#breadcrumb","itemListElement":[{"@type":"ListItem","position":1,"name":"Home","item":"https:\/\/blogs.uef.fi\/tiedonhaku-kulttuuritieteet\/"},{"@type":"ListItem","position":2,"name":"Avuksi ja hy\u00f6dyksi: viitteidenhallintaohjelmat"}]},{"@type":"WebSite","@id":"https:\/\/blogs.uef.fi\/tiedonhaku-kulttuuritieteet\/#website","url":"https:\/\/blogs.uef.fi\/tiedonhaku-kulttuuritieteet\/","name":"Kulttuuritieteiden tiedonhaku","description":"","potentialAction":[{"@type":"SearchAction","target":{"@type":"EntryPoint","urlTemplate":"https:\/\/blogs.uef.fi\/tiedonhaku-kulttuuritieteet\/?s={search_term_string}"},"query-input":{"@type":"PropertyValueSpecification","valueRequired":true,"valueName":"search_term_string"}}],"inLanguage":"fi"}]}},"_links":{"self":[{"href":"https:\/\/blogs.uef.fi\/tiedonhaku-kulttuuritieteet\/wp-json\/wp\/v2\/pages\/603","targetHints":{"allow":["GET"]}}],"collection":[{"href":"https:\/\/blogs.uef.fi\/tiedonhaku-kulttuuritieteet\/wp-json\/wp\/v2\/pages"}],"about":[{"href":"https:\/\/blogs.uef.fi\/tiedonhaku-kulttuuritieteet\/wp-json\/wp\/v2\/types\/page"}],"author":[{"embeddable":true,"href":"https:\/\/blogs.uef.fi\/tiedonhaku-kulttuuritieteet\/wp-json\/wp\/v2\/users\/129"}],"replies":[{"embeddable":true,"href":"https:\/\/blogs.uef.fi\/tiedonhaku-kulttuuritieteet\/wp-json\/wp\/v2\/comments?post=603"}],"version-history":[{"count":2,"href":"https:\/\/blogs.uef.fi\/tiedonhaku-kulttuuritieteet\/wp-json\/wp\/v2\/pages\/603\/revisions"}],"predecessor-version":[{"id":2021,"href":"https:\/\/blogs.uef.fi\/tiedonhaku-kulttuuritieteet\/wp-json\/wp\/v2\/pages\/603\/revisions\/2021"}],"wp:attachment":[{"href":"https:\/\/blogs.uef.fi\/tiedonhaku-kulttuuritieteet\/wp-json\/wp\/v2\/media?parent=603"}],"curies":[{"name":"wp","href":"https:\/\/api.w.org\/{rel}","templated":true}]}}