{"id":348,"date":"2016-10-17T09:39:35","date_gmt":"2016-10-17T09:39:35","guid":{"rendered":"https:\/\/ueflibraryflipp.wordpress.com\/?page_id=348"},"modified":"2025-08-29T12:02:11","modified_gmt":"2025-08-29T09:02:11","slug":"9-aineistojen-eettinen-kaytto","status":"publish","type":"page","link":"https:\/\/blogs.uef.fi\/tiedonhaku-kulttuuritieteet\/9-aineistojen-eettinen-kaytto\/","title":{"rendered":"9. video: Tutkimusetiikka ja aineistojen eettinen k\u00e4ytt\u00f6"},"content":{"rendered":"\n<p>&#8221;Vastuullinen tiede edist\u00e4\u00e4 luotettavaa ja yhteisesti hyv\u00e4ksytty\u00e4 tapaa tuottaa, julkaista ja arvioida tutkittua tietoa. Se tukee tieteen avoimuutta, l\u00e4sn\u00e4oloa ja k\u00e4ytt\u00f6\u00e4 yhteiskunnassa.&#8221; (<a href=\"https:\/\/vastuullinentiede.fi\/fi\/tietoa-sivusta\" target=\"_blank\" rel=\"noreferrer noopener\">https:\/\/vastuullinentiede.fi\/fi\/tietoa-sivusta<\/a>, linkki avautuu uuteen ikkunaan. Poimittu 12.8.2024) Sin\u00e4 opiskelijana olet osa yliopistoyhteis\u00f6\u00e4 ja tuotat tutkimusta omilla opinn\u00e4ytteill\u00e4si &#8211; muista siis tehd\u00e4 se vastuullisesti!<\/p>\n\n\n\n<p>Alla olevan ohjeistus on kopioitu <a href=\"http:\/\/www.uef.fi\/fi\/tutkimusetiikka\" target=\"_blank\" rel=\"noreferrer noopener\">It\u00e4-Suomen yliopiston kotisivuilta kohdasta \u201ctutkimusetiikka\u201d (linkki avautuu uuteen ikkunaan):<\/a><\/p>\n\n\n\n<p>\u201cHyv\u00e4n tieteellisen k\u00e4yt\u00e4nn\u00f6n noudattamisesta on vastuussa koko yliopiston henkil\u00f6st\u00f6. Yliopisto noudattaa tutkimustoiminnassaan hyv\u00e4\u00e4 tieteellist\u00e4 k\u00e4yt\u00e4nt\u00f6\u00e4 ja Tutkimuseettisen neuvottelukunnan laatimia tutkimuseettisi\u00e4 ohjeita.<\/p>\n\n\n\n<h2 class=\"wp-block-heading\">Hyv\u00e4 tieteellinen k\u00e4yt\u00e4nt\u00f6<\/h2>\n\n\n\n<ol class=\"wp-block-list\">\n<li>Toimintatapoina rehellisyys, huolellisuus ja tarkkuus tutkimuksessa, tulosten tallentamisessa ja esitt\u00e4misess\u00e4 sek\u00e4 tutkimusten ja niiden tulosten arvioinnissa<\/li>\n\n\n\n<li>Eettisesti kest\u00e4v\u00e4t tiedonhankinta-, tutkimus- ja arviointimenetelm\u00e4t sek\u00e4 avoimuus tulosten julkaisussa<\/li>\n\n\n\n<li>Muiden tutkijoiden ty\u00f6n ja saavutusten asianmukainen huomioon ottaminen<\/li>\n\n\n\n<li>Tutkimuksen suunnittelu, toteutus ja raportointi tieteelliselle tiedolle asettettujen vaatimusten mukaan<\/li>\n\n\n\n<li>Tutkimusryhm\u00e4n j\u00e4senten asema, oikeudet, osuus tekijyydest\u00e4, vastuut ja velvollisuudet m\u00e4\u00e4ritelty ennen tutkimuksen alkamista tai tutkijan rekrytointia<\/li>\n\n\n\n<li>Rahoitusl\u00e4hteiden ja sidonnaisuuksien ilmoittaminen<\/li>\n\n\n\n<li>Hyv\u00e4 hallintok\u00e4yt\u00e4nt\u00f6 sek\u00e4 henkil\u00f6st\u00f6- ja taloushallinto\u201d<\/li>\n<\/ol>\n\n\n\n<p>Plagiointi on sinulle varmasti jo tuttu k\u00e4site, ja siit\u00e4 on puhuttu moneen otteeseen opintojesi eri vaiheissa. Mutta tiesitk\u00f6, ett\u00e4 plagiointia on montaa eri tyyppi\u00e4? Katso alla oleva Scribbrn video (kesto 3:25, CC BY) plagionnista:<\/p>\n\n\n<div class=\"embed-container\">\n    <iframe loading=\"lazy\" title=\"What is plagiarism? | Scribbr \ud83c\udf93\" width=\"640\" height=\"360\" src=\"https:\/\/www.youtube.com\/embed\/Uk1pq8sb-eo?feature=oembed&#038;controls=1&#038;hd=1&#038;autohide=1\" frameborder=\"0\" allow=\"accelerometer; autoplay; clipboard-write; encrypted-media; gyroscope; picture-in-picture; web-share\" referrerpolicy=\"strict-origin-when-cross-origin\" allowfullscreen frameborder=\"0\"><\/iframe><\/div>\n\n\n<p><\/p>\n\n\n\n<p>Tekij\u00e4noikeuslaki (1961\/404) ja -asetus s\u00e4\u00e4telev\u00e4t julkaisujen (julkaistujen teosten) k\u00e4ytt\u00f6\u00e4. Elektroninenkin aineisto on tekij\u00e4noikeuslain suojaamaa. Kuitenkin:<\/p>\n\n\n\n<ul class=\"wp-block-list\">\n<li>Esimerkiksi lainatusta kirjasta saa tehd\u00e4 kopion yksityiseen k\u00e4ytt\u00f6\u00f6n (Tekij\u00e4noikeuslain 12\u00a7)<\/li>\n\n\n\n<li>Sitaattioikeus: \u201dJulkistetusta teoksesta on lupa hyv\u00e4n tavan mukaisesti ottaa lainauksia tarkoituksen edellytt\u00e4m\u00e4ss\u00e4 laajuudessa.\u201d (Tekij\u00e4noikeuslaki 22 \u00a7). Hyv\u00e4n tavan mukaisuudella tarkoitetaan sit\u00e4, ett\u00e4 lainauksella on oltava asiallinen yhteys ty\u00f6h\u00f6n, jossa lainausta k\u00e4ytet\u00e4\u00e4n ja siteerattaessa l\u00e4hde on aina mainittava.<\/li>\n<\/ul>\n\n\n\n<p><strong>L\u00e4hteisiin viittaaminen<\/strong> muodostuu kahdesta osasta:<\/p>\n\n\n\n<ul class=\"wp-block-list\">\n<li>l\u00e4hdeviitteest\u00e4 (tekstiviitteest\u00e4) ja<\/li>\n\n\n\n<li>l\u00e4hdeluettelosta (kirjallisuusluettelosta)<\/li>\n<\/ul>\n\n\n\n<p>L\u00e4hdeviite ohjaa julkaisun lopussa olevaan l\u00e4hdeluetteloon, jonka tulee sis\u00e4lt\u00e4\u00e4 tarkat tiedot k\u00e4ytetyist\u00e4 l\u00e4hteist\u00e4. Sen avulla lukija halutessaan l\u00f6yt\u00e4\u00e4 l\u00e4hteet. L\u00e4hdeluetteloon merkit\u00e4\u00e4n kaikki ne l\u00e4hteet, joihin ty\u00f6ss\u00e4 on viitattu. L\u00e4hdeviitteen ja l\u00e4hdeluettelon tietojen t\u00e4ytyy vastata tarkasti toisiaan, jotta tekstiss\u00e4 mainittu l\u00e4hde l\u00f6ytyy l\u00e4hdeluettelosta helposti. <\/p>\n\n\n\n<p><strong>Mit\u00e4 kirjaston hankkimilla elektronisilla julkaisuilla saa tehd\u00e4?<\/strong><\/p>\n\n\n\n<ul class=\"wp-block-list\">\n<li>K\u00e4ytt\u00e4\u00e4 opiskeluun ja tutkimukseen<\/li>\n\n\n\n<li>kohtuullisessa m\u00e4\u00e4rin tulostaa paperille ja tallentaa tiedostoon hakutuloksia ja artikkeleita<\/li>\n\n\n\n<li>tulostaa tai tallentaa osia e-kirjasta<\/li>\n\n\n\n<li>l\u00e4hett\u00e4\u00e4 yksitt\u00e4isi\u00e4 tiedostoja s\u00e4hk\u00f6isesti kollegalle h\u00e4nen omaan tutkimusk\u00e4ytt\u00f6\u00f6ns\u00e4 <\/li>\n<\/ul>\n\n\n\n<p><strong>Mit\u00e4 puolestaan ei saa tehd\u00e4?<\/strong><\/p>\n\n\n\n<p>\u2022k\u00e4ytt\u00e4\u00e4 kaupallisiin tarkoituksiin<br>\u2022tallentaa hakutuloksia suuria m\u00e4\u00e4ri\u00e4 j\u00e4rjestelm\u00e4llisesti<br>\u2022tulostaa tai tallentaa kokonaista e-kirjaa<br>\u2022jakaa aineistoa muille kuin sen k\u00e4ytt\u00f6\u00f6n oikeutetuille<br>\u2022kopioida (tallentaa) alkuper\u00e4ist\u00e4 e-aineistoa (esim. artikkelia) kurssisivulle tai oppimisymp\u00e4rist\u00f6\u00f6n (esim. pdf-artikkelia)<\/p>\n\n\n\n<p>Kun olet perehtynyt yll\u00e4 olevaan materiaaliin, k\u00e4y vastaamassa <a href=\"https:\/\/elearn.uef.fi\/mod\/quiz\/view.php?id=547730\" target=\"_blank\" rel=\"noreferrer noopener\">Moodlessa olevaan ennakkoteht\u00e4v\u00e4\u00e4n<\/a> (linkki avautuu uuteen v\u00e4lilehteen).<\/p>\n\n\n\n<p>P\u00e4ivitetty: 8\/2025<\/p>\n\n\n\n<p>Siirry osioon <a href=\"https:\/\/blogs.uef.fi\/tiedonhaku-kulttuuritieteet\/10-tekoaly-ja-tieteellisen-tiedon-hakeminen\/\">&#8221;Teko\u00e4ly ja tieteellisen tiedon hakeminen&#8221;<\/a><\/p>\n\n\n\n<p><\/p>\n","protected":false},"excerpt":{"rendered":"<p>&#8221;Vastuullinen tiede edist\u00e4\u00e4 luotettavaa ja yhteisesti hyv\u00e4ksytty\u00e4 tapaa tuottaa, julkaista ja arvioida tutkittua tietoa. Se tukee tieteen avoimuutta, l\u00e4sn\u00e4oloa ja k\u00e4ytt\u00f6\u00e4 yhteiskunnassa.&#8221; (https:\/\/vastuullinentiede.fi\/fi\/tietoa-sivusta, linkki avautuu uuteen ikkunaan. Poimittu 12.8.2024) Sin\u00e4 opiskelijana olet osa yliopistoyhteis\u00f6\u00e4 ja tuotat tutkimusta omilla opinn\u00e4ytteill\u00e4si &#8211; muista siis tehd\u00e4 se vastuullisesti! Alla olevan ohjeistus on kopioitu It\u00e4-Suomen yliopiston kotisivuilta kohdasta \u201ctutkimusetiikka\u201d [&hellip;]<\/p>\n","protected":false},"author":129,"featured_media":0,"parent":0,"menu_order":0,"comment_status":"closed","ping_status":"closed","template":"","meta":{"_acf_changed":false,"footnotes":""},"class_list":["post-348","page","type-page","status-publish","hentry"],"acf":[],"yoast_head":"<!-- This site is optimized with the Yoast SEO plugin v27.1.1 - https:\/\/yoast.com\/product\/yoast-seo-wordpress\/ -->\n<title>9. video: Tutkimusetiikka ja aineistojen eettinen k\u00e4ytt\u00f6 - Kulttuuritieteiden tiedonhaku<\/title>\n<meta name=\"robots\" content=\"index, follow, max-snippet:-1, max-image-preview:large, max-video-preview:-1\" \/>\n<link rel=\"canonical\" href=\"https:\/\/blogs.uef.fi\/tiedonhaku-kulttuuritieteet\/9-aineistojen-eettinen-kaytto\/\" \/>\n<meta property=\"og:locale\" content=\"fi_FI\" \/>\n<meta property=\"og:type\" content=\"article\" \/>\n<meta property=\"og:title\" content=\"9. video: Tutkimusetiikka ja aineistojen eettinen k\u00e4ytt\u00f6 - Kulttuuritieteiden tiedonhaku\" \/>\n<meta property=\"og:description\" content=\"&#8221;Vastuullinen tiede edist\u00e4\u00e4 luotettavaa ja yhteisesti hyv\u00e4ksytty\u00e4 tapaa tuottaa, julkaista ja arvioida tutkittua tietoa. Se tukee tieteen avoimuutta, l\u00e4sn\u00e4oloa ja k\u00e4ytt\u00f6\u00e4 yhteiskunnassa.&#8221; (https:\/\/vastuullinentiede.fi\/fi\/tietoa-sivusta, linkki avautuu uuteen ikkunaan. Poimittu 12.8.2024) Sin\u00e4 opiskelijana olet osa yliopistoyhteis\u00f6\u00e4 ja tuotat tutkimusta omilla opinn\u00e4ytteill\u00e4si &#8211; muista siis tehd\u00e4 se vastuullisesti! Alla olevan ohjeistus on kopioitu It\u00e4-Suomen yliopiston kotisivuilta kohdasta \u201ctutkimusetiikka\u201d [&hellip;]\" \/>\n<meta property=\"og:url\" content=\"https:\/\/blogs.uef.fi\/tiedonhaku-kulttuuritieteet\/9-aineistojen-eettinen-kaytto\/\" \/>\n<meta property=\"og:site_name\" content=\"Kulttuuritieteiden tiedonhaku\" \/>\n<meta property=\"article:modified_time\" content=\"2025-08-29T09:02:11+00:00\" \/>\n<meta name=\"twitter:card\" content=\"summary_large_image\" \/>\n<meta name=\"twitter:label1\" content=\"Arvioitu lukuaika\" \/>\n\t<meta name=\"twitter:data1\" content=\"3 minuuttia\" \/>\n<script type=\"application\/ld+json\" class=\"yoast-schema-graph\">{\"@context\":\"https:\/\/schema.org\",\"@graph\":[{\"@type\":\"WebPage\",\"@id\":\"https:\/\/blogs.uef.fi\/tiedonhaku-kulttuuritieteet\/9-aineistojen-eettinen-kaytto\/\",\"url\":\"https:\/\/blogs.uef.fi\/tiedonhaku-kulttuuritieteet\/9-aineistojen-eettinen-kaytto\/\",\"name\":\"9. video: Tutkimusetiikka ja aineistojen eettinen k\u00e4ytt\u00f6 - Kulttuuritieteiden tiedonhaku\",\"isPartOf\":{\"@id\":\"https:\/\/blogs.uef.fi\/tiedonhaku-kulttuuritieteet\/#website\"},\"datePublished\":\"2016-10-17T09:39:35+00:00\",\"dateModified\":\"2025-08-29T09:02:11+00:00\",\"breadcrumb\":{\"@id\":\"https:\/\/blogs.uef.fi\/tiedonhaku-kulttuuritieteet\/9-aineistojen-eettinen-kaytto\/#breadcrumb\"},\"inLanguage\":\"fi\",\"potentialAction\":[{\"@type\":\"ReadAction\",\"target\":[\"https:\/\/blogs.uef.fi\/tiedonhaku-kulttuuritieteet\/9-aineistojen-eettinen-kaytto\/\"]}]},{\"@type\":\"BreadcrumbList\",\"@id\":\"https:\/\/blogs.uef.fi\/tiedonhaku-kulttuuritieteet\/9-aineistojen-eettinen-kaytto\/#breadcrumb\",\"itemListElement\":[{\"@type\":\"ListItem\",\"position\":1,\"name\":\"Home\",\"item\":\"https:\/\/blogs.uef.fi\/tiedonhaku-kulttuuritieteet\/\"},{\"@type\":\"ListItem\",\"position\":2,\"name\":\"9. video: Tutkimusetiikka ja aineistojen eettinen k\u00e4ytt\u00f6\"}]},{\"@type\":\"WebSite\",\"@id\":\"https:\/\/blogs.uef.fi\/tiedonhaku-kulttuuritieteet\/#website\",\"url\":\"https:\/\/blogs.uef.fi\/tiedonhaku-kulttuuritieteet\/\",\"name\":\"Kulttuuritieteiden tiedonhaku\",\"description\":\"\",\"potentialAction\":[{\"@type\":\"SearchAction\",\"target\":{\"@type\":\"EntryPoint\",\"urlTemplate\":\"https:\/\/blogs.uef.fi\/tiedonhaku-kulttuuritieteet\/?s={search_term_string}\"},\"query-input\":{\"@type\":\"PropertyValueSpecification\",\"valueRequired\":true,\"valueName\":\"search_term_string\"}}],\"inLanguage\":\"fi\"}]}<\/script>\n<!-- \/ Yoast SEO plugin. -->","yoast_head_json":{"title":"9. video: Tutkimusetiikka ja aineistojen eettinen k\u00e4ytt\u00f6 - Kulttuuritieteiden tiedonhaku","robots":{"index":"index","follow":"follow","max-snippet":"max-snippet:-1","max-image-preview":"max-image-preview:large","max-video-preview":"max-video-preview:-1"},"canonical":"https:\/\/blogs.uef.fi\/tiedonhaku-kulttuuritieteet\/9-aineistojen-eettinen-kaytto\/","og_locale":"fi_FI","og_type":"article","og_title":"9. video: Tutkimusetiikka ja aineistojen eettinen k\u00e4ytt\u00f6 - Kulttuuritieteiden tiedonhaku","og_description":"&#8221;Vastuullinen tiede edist\u00e4\u00e4 luotettavaa ja yhteisesti hyv\u00e4ksytty\u00e4 tapaa tuottaa, julkaista ja arvioida tutkittua tietoa. Se tukee tieteen avoimuutta, l\u00e4sn\u00e4oloa ja k\u00e4ytt\u00f6\u00e4 yhteiskunnassa.&#8221; (https:\/\/vastuullinentiede.fi\/fi\/tietoa-sivusta, linkki avautuu uuteen ikkunaan. Poimittu 12.8.2024) Sin\u00e4 opiskelijana olet osa yliopistoyhteis\u00f6\u00e4 ja tuotat tutkimusta omilla opinn\u00e4ytteill\u00e4si &#8211; muista siis tehd\u00e4 se vastuullisesti! Alla olevan ohjeistus on kopioitu It\u00e4-Suomen yliopiston kotisivuilta kohdasta \u201ctutkimusetiikka\u201d [&hellip;]","og_url":"https:\/\/blogs.uef.fi\/tiedonhaku-kulttuuritieteet\/9-aineistojen-eettinen-kaytto\/","og_site_name":"Kulttuuritieteiden tiedonhaku","article_modified_time":"2025-08-29T09:02:11+00:00","twitter_card":"summary_large_image","twitter_misc":{"Arvioitu lukuaika":"3 minuuttia"},"schema":{"@context":"https:\/\/schema.org","@graph":[{"@type":"WebPage","@id":"https:\/\/blogs.uef.fi\/tiedonhaku-kulttuuritieteet\/9-aineistojen-eettinen-kaytto\/","url":"https:\/\/blogs.uef.fi\/tiedonhaku-kulttuuritieteet\/9-aineistojen-eettinen-kaytto\/","name":"9. video: Tutkimusetiikka ja aineistojen eettinen k\u00e4ytt\u00f6 - Kulttuuritieteiden tiedonhaku","isPartOf":{"@id":"https:\/\/blogs.uef.fi\/tiedonhaku-kulttuuritieteet\/#website"},"datePublished":"2016-10-17T09:39:35+00:00","dateModified":"2025-08-29T09:02:11+00:00","breadcrumb":{"@id":"https:\/\/blogs.uef.fi\/tiedonhaku-kulttuuritieteet\/9-aineistojen-eettinen-kaytto\/#breadcrumb"},"inLanguage":"fi","potentialAction":[{"@type":"ReadAction","target":["https:\/\/blogs.uef.fi\/tiedonhaku-kulttuuritieteet\/9-aineistojen-eettinen-kaytto\/"]}]},{"@type":"BreadcrumbList","@id":"https:\/\/blogs.uef.fi\/tiedonhaku-kulttuuritieteet\/9-aineistojen-eettinen-kaytto\/#breadcrumb","itemListElement":[{"@type":"ListItem","position":1,"name":"Home","item":"https:\/\/blogs.uef.fi\/tiedonhaku-kulttuuritieteet\/"},{"@type":"ListItem","position":2,"name":"9. video: Tutkimusetiikka ja aineistojen eettinen k\u00e4ytt\u00f6"}]},{"@type":"WebSite","@id":"https:\/\/blogs.uef.fi\/tiedonhaku-kulttuuritieteet\/#website","url":"https:\/\/blogs.uef.fi\/tiedonhaku-kulttuuritieteet\/","name":"Kulttuuritieteiden tiedonhaku","description":"","potentialAction":[{"@type":"SearchAction","target":{"@type":"EntryPoint","urlTemplate":"https:\/\/blogs.uef.fi\/tiedonhaku-kulttuuritieteet\/?s={search_term_string}"},"query-input":{"@type":"PropertyValueSpecification","valueRequired":true,"valueName":"search_term_string"}}],"inLanguage":"fi"}]}},"_links":{"self":[{"href":"https:\/\/blogs.uef.fi\/tiedonhaku-kulttuuritieteet\/wp-json\/wp\/v2\/pages\/348","targetHints":{"allow":["GET"]}}],"collection":[{"href":"https:\/\/blogs.uef.fi\/tiedonhaku-kulttuuritieteet\/wp-json\/wp\/v2\/pages"}],"about":[{"href":"https:\/\/blogs.uef.fi\/tiedonhaku-kulttuuritieteet\/wp-json\/wp\/v2\/types\/page"}],"author":[{"embeddable":true,"href":"https:\/\/blogs.uef.fi\/tiedonhaku-kulttuuritieteet\/wp-json\/wp\/v2\/users\/129"}],"replies":[{"embeddable":true,"href":"https:\/\/blogs.uef.fi\/tiedonhaku-kulttuuritieteet\/wp-json\/wp\/v2\/comments?post=348"}],"version-history":[{"count":2,"href":"https:\/\/blogs.uef.fi\/tiedonhaku-kulttuuritieteet\/wp-json\/wp\/v2\/pages\/348\/revisions"}],"predecessor-version":[{"id":2055,"href":"https:\/\/blogs.uef.fi\/tiedonhaku-kulttuuritieteet\/wp-json\/wp\/v2\/pages\/348\/revisions\/2055"}],"wp:attachment":[{"href":"https:\/\/blogs.uef.fi\/tiedonhaku-kulttuuritieteet\/wp-json\/wp\/v2\/media?parent=348"}],"curies":[{"name":"wp","href":"https:\/\/api.w.org\/{rel}","templated":true}]}}