{"id":239,"date":"2016-06-21T05:58:47","date_gmt":"2016-06-21T05:58:47","guid":{"rendered":"https:\/\/ueflibraryflipp.wordpress.com\/?page_id=239"},"modified":"2025-08-29T11:57:52","modified_gmt":"2025-08-29T08:57:52","slug":"4-video","status":"publish","type":"page","link":"https:\/\/blogs.uef.fi\/tiedonhaku-kulttuuritieteet\/4-video\/","title":{"rendered":"4. video: Asiasanat ja sanahaku"},"content":{"rendered":"\n<p>T\u00e4ll\u00e4 videolla (kesto 6 min.) puhutaan asiasanoista ja sanahausta. Mit\u00e4 aihe- eli asiasanat ovat ja miksi niit\u00e4 k\u00e4ytet\u00e4\u00e4n? Miten ne vaikuttavat hakutulokseen? Mist\u00e4 erilaisia asiasanastoja l\u00f6yt\u00e4\u00e4? Katsottuasi videon, tee <a href=\"https:\/\/elearn.uef.fi\/mod\/quiz\/view.php?id=547725\" target=\"_blank\" rel=\"noreferrer noopener\">Moodlessa oleva ennakkoteht\u00e4v\u00e4<\/a> (linkki avautuu uuteen ikkunaan).<\/p>\n\n\n<div class=\"embed-container\">\n    <iframe loading=\"lazy\" title=\"Asiasanat ja sanahaku\" width=\"640\" height=\"360\" src=\"https:\/\/www.youtube.com\/embed\/_3Cu-Nir5vc?feature=oembed&#038;controls=1&#038;hd=1&#038;autohide=1\" frameborder=\"0\" allow=\"accelerometer; autoplay; clipboard-write; encrypted-media; gyroscope; picture-in-picture; web-share\" referrerpolicy=\"strict-origin-when-cross-origin\" allowfullscreen frameborder=\"0\"><\/iframe><\/div>\n\n\n<p>Tietokannoissa on yleens\u00e4 oletuksena sanahaku, joka etsii hakusanoja ns. tietueen kaikista kentist\u00e4: otsikosta, tekij\u00e4st\u00e4, sis\u00e4llysluettelosta, asiasanoista, mahdollisesta kokotekstist\u00e4. Asiasanahaku hakee hakusanoja vain Aiheet -kent\u00e4st\u00e4, jolloin tulokset voivat olla tarkempia ja osuvampia.<\/p>\n\n\n\n<p>Saavutettavuusvinkki: Video kannattaa katsoa koko ruudun kokoisena. Jotta videon laatu pysyy hyv\u00e4n\u00e4, valitse videon oikesta alalaidasta rattaan kuva ja sielt\u00e4 &#8221;laatu \/ quality&#8221; 720pHD tai 1080pHD. Jos haluat videoon tekstityksen, paina videon alavalikosta l\u00f6ytyv\u00e4\u00e4 CC-tekstitysnappia.<\/p>\n\n\n\n<figure class=\"wp-block-image\"><a href=\"http:\/\/creativecommons.org\/licenses\/by-sa\/4.0\/\"><img decoding=\"async\" src=\"https:\/\/i.creativecommons.org\/l\/by-sa\/4.0\/80x15.png\" alt=\"Creative Commons -lisenssi\" \/><\/a><\/figure>\n\n\n\n<p>T\u00e4m\u00e4 teos on lisensoitu <a href=\"http:\/\/creativecommons.org\/licenses\/by-sa\/4.0\/\">Creative Commons Nime\u00e4-JaaSamoin 4.0 Kansainv\u00e4linen -lisenssill\u00e4<\/a>.<\/p>\n\n\n\n<p>P\u00e4ivitetty: 8\/2025<\/p>\n\n\n\n<p>Siirry 5. videoon <a href=\"https:\/\/blogs.uef.fi\/tiedonhaku-kulttuuritieteet\/5-video\/\">&#8221;Sanankatkaisu&#8221;<\/a><\/p>\n","protected":false},"excerpt":{"rendered":"<p>T\u00e4ll\u00e4 videolla (kesto 6 min.) puhutaan asiasanoista ja sanahausta. Mit\u00e4 aihe- eli asiasanat ovat ja miksi niit\u00e4 k\u00e4ytet\u00e4\u00e4n? Miten ne vaikuttavat hakutulokseen? Mist\u00e4 erilaisia asiasanastoja l\u00f6yt\u00e4\u00e4? Katsottuasi videon, tee Moodlessa oleva ennakkoteht\u00e4v\u00e4 (linkki avautuu uuteen ikkunaan). Tietokannoissa on yleens\u00e4 oletuksena sanahaku, joka etsii hakusanoja ns. tietueen kaikista kentist\u00e4: otsikosta, tekij\u00e4st\u00e4, sis\u00e4llysluettelosta, asiasanoista, mahdollisesta kokotekstist\u00e4. Asiasanahaku [&hellip;]<\/p>\n","protected":false},"author":129,"featured_media":0,"parent":0,"menu_order":0,"comment_status":"closed","ping_status":"closed","template":"","meta":{"_acf_changed":false,"footnotes":""},"class_list":["post-239","page","type-page","status-publish","hentry"],"acf":[],"yoast_head":"<!-- This site is optimized with the Yoast SEO plugin v27.1.1 - https:\/\/yoast.com\/product\/yoast-seo-wordpress\/ -->\n<title>4. video: Asiasanat ja sanahaku - Kulttuuritieteiden tiedonhaku<\/title>\n<meta name=\"robots\" content=\"index, follow, max-snippet:-1, max-image-preview:large, max-video-preview:-1\" \/>\n<link rel=\"canonical\" href=\"https:\/\/blogs.uef.fi\/tiedonhaku-kulttuuritieteet\/4-video\/\" \/>\n<meta property=\"og:locale\" content=\"fi_FI\" \/>\n<meta property=\"og:type\" content=\"article\" \/>\n<meta property=\"og:title\" content=\"4. video: Asiasanat ja sanahaku - Kulttuuritieteiden tiedonhaku\" \/>\n<meta property=\"og:description\" content=\"T\u00e4ll\u00e4 videolla (kesto 6 min.) puhutaan asiasanoista ja sanahausta. Mit\u00e4 aihe- eli asiasanat ovat ja miksi niit\u00e4 k\u00e4ytet\u00e4\u00e4n? Miten ne vaikuttavat hakutulokseen? Mist\u00e4 erilaisia asiasanastoja l\u00f6yt\u00e4\u00e4? Katsottuasi videon, tee Moodlessa oleva ennakkoteht\u00e4v\u00e4 (linkki avautuu uuteen ikkunaan). Tietokannoissa on yleens\u00e4 oletuksena sanahaku, joka etsii hakusanoja ns. tietueen kaikista kentist\u00e4: otsikosta, tekij\u00e4st\u00e4, sis\u00e4llysluettelosta, asiasanoista, mahdollisesta kokotekstist\u00e4. Asiasanahaku [&hellip;]\" \/>\n<meta property=\"og:url\" content=\"https:\/\/blogs.uef.fi\/tiedonhaku-kulttuuritieteet\/4-video\/\" \/>\n<meta property=\"og:site_name\" content=\"Kulttuuritieteiden tiedonhaku\" \/>\n<meta property=\"article:modified_time\" content=\"2025-08-29T08:57:52+00:00\" \/>\n<meta property=\"og:image\" content=\"https:\/\/i.creativecommons.org\/l\/by-sa\/4.0\/80x15.png\" \/>\n<meta name=\"twitter:card\" content=\"summary_large_image\" \/>\n<meta name=\"twitter:label1\" content=\"Arvioitu lukuaika\" \/>\n\t<meta name=\"twitter:data1\" content=\"1 minuutti\" \/>\n<script type=\"application\/ld+json\" class=\"yoast-schema-graph\">{\"@context\":\"https:\/\/schema.org\",\"@graph\":[{\"@type\":\"WebPage\",\"@id\":\"https:\/\/blogs.uef.fi\/tiedonhaku-kulttuuritieteet\/4-video\/\",\"url\":\"https:\/\/blogs.uef.fi\/tiedonhaku-kulttuuritieteet\/4-video\/\",\"name\":\"4. video: Asiasanat ja sanahaku - Kulttuuritieteiden tiedonhaku\",\"isPartOf\":{\"@id\":\"https:\/\/blogs.uef.fi\/tiedonhaku-kulttuuritieteet\/#website\"},\"primaryImageOfPage\":{\"@id\":\"https:\/\/blogs.uef.fi\/tiedonhaku-kulttuuritieteet\/4-video\/#primaryimage\"},\"image\":{\"@id\":\"https:\/\/blogs.uef.fi\/tiedonhaku-kulttuuritieteet\/4-video\/#primaryimage\"},\"thumbnailUrl\":\"https:\/\/i.creativecommons.org\/l\/by-sa\/4.0\/80x15.png\",\"datePublished\":\"2016-06-21T05:58:47+00:00\",\"dateModified\":\"2025-08-29T08:57:52+00:00\",\"breadcrumb\":{\"@id\":\"https:\/\/blogs.uef.fi\/tiedonhaku-kulttuuritieteet\/4-video\/#breadcrumb\"},\"inLanguage\":\"fi\",\"potentialAction\":[{\"@type\":\"ReadAction\",\"target\":[\"https:\/\/blogs.uef.fi\/tiedonhaku-kulttuuritieteet\/4-video\/\"]}]},{\"@type\":\"ImageObject\",\"inLanguage\":\"fi\",\"@id\":\"https:\/\/blogs.uef.fi\/tiedonhaku-kulttuuritieteet\/4-video\/#primaryimage\",\"url\":\"https:\/\/i.creativecommons.org\/l\/by-sa\/4.0\/80x15.png\",\"contentUrl\":\"https:\/\/i.creativecommons.org\/l\/by-sa\/4.0\/80x15.png\"},{\"@type\":\"BreadcrumbList\",\"@id\":\"https:\/\/blogs.uef.fi\/tiedonhaku-kulttuuritieteet\/4-video\/#breadcrumb\",\"itemListElement\":[{\"@type\":\"ListItem\",\"position\":1,\"name\":\"Home\",\"item\":\"https:\/\/blogs.uef.fi\/tiedonhaku-kulttuuritieteet\/\"},{\"@type\":\"ListItem\",\"position\":2,\"name\":\"4. video: Asiasanat ja sanahaku\"}]},{\"@type\":\"WebSite\",\"@id\":\"https:\/\/blogs.uef.fi\/tiedonhaku-kulttuuritieteet\/#website\",\"url\":\"https:\/\/blogs.uef.fi\/tiedonhaku-kulttuuritieteet\/\",\"name\":\"Kulttuuritieteiden tiedonhaku\",\"description\":\"\",\"potentialAction\":[{\"@type\":\"SearchAction\",\"target\":{\"@type\":\"EntryPoint\",\"urlTemplate\":\"https:\/\/blogs.uef.fi\/tiedonhaku-kulttuuritieteet\/?s={search_term_string}\"},\"query-input\":{\"@type\":\"PropertyValueSpecification\",\"valueRequired\":true,\"valueName\":\"search_term_string\"}}],\"inLanguage\":\"fi\"}]}<\/script>\n<!-- \/ Yoast SEO plugin. -->","yoast_head_json":{"title":"4. video: Asiasanat ja sanahaku - Kulttuuritieteiden tiedonhaku","robots":{"index":"index","follow":"follow","max-snippet":"max-snippet:-1","max-image-preview":"max-image-preview:large","max-video-preview":"max-video-preview:-1"},"canonical":"https:\/\/blogs.uef.fi\/tiedonhaku-kulttuuritieteet\/4-video\/","og_locale":"fi_FI","og_type":"article","og_title":"4. video: Asiasanat ja sanahaku - Kulttuuritieteiden tiedonhaku","og_description":"T\u00e4ll\u00e4 videolla (kesto 6 min.) puhutaan asiasanoista ja sanahausta. Mit\u00e4 aihe- eli asiasanat ovat ja miksi niit\u00e4 k\u00e4ytet\u00e4\u00e4n? Miten ne vaikuttavat hakutulokseen? Mist\u00e4 erilaisia asiasanastoja l\u00f6yt\u00e4\u00e4? Katsottuasi videon, tee Moodlessa oleva ennakkoteht\u00e4v\u00e4 (linkki avautuu uuteen ikkunaan). Tietokannoissa on yleens\u00e4 oletuksena sanahaku, joka etsii hakusanoja ns. tietueen kaikista kentist\u00e4: otsikosta, tekij\u00e4st\u00e4, sis\u00e4llysluettelosta, asiasanoista, mahdollisesta kokotekstist\u00e4. Asiasanahaku [&hellip;]","og_url":"https:\/\/blogs.uef.fi\/tiedonhaku-kulttuuritieteet\/4-video\/","og_site_name":"Kulttuuritieteiden tiedonhaku","article_modified_time":"2025-08-29T08:57:52+00:00","og_image":[{"url":"https:\/\/i.creativecommons.org\/l\/by-sa\/4.0\/80x15.png","type":"","width":"","height":""}],"twitter_card":"summary_large_image","twitter_misc":{"Arvioitu lukuaika":"1 minuutti"},"schema":{"@context":"https:\/\/schema.org","@graph":[{"@type":"WebPage","@id":"https:\/\/blogs.uef.fi\/tiedonhaku-kulttuuritieteet\/4-video\/","url":"https:\/\/blogs.uef.fi\/tiedonhaku-kulttuuritieteet\/4-video\/","name":"4. video: Asiasanat ja sanahaku - Kulttuuritieteiden tiedonhaku","isPartOf":{"@id":"https:\/\/blogs.uef.fi\/tiedonhaku-kulttuuritieteet\/#website"},"primaryImageOfPage":{"@id":"https:\/\/blogs.uef.fi\/tiedonhaku-kulttuuritieteet\/4-video\/#primaryimage"},"image":{"@id":"https:\/\/blogs.uef.fi\/tiedonhaku-kulttuuritieteet\/4-video\/#primaryimage"},"thumbnailUrl":"https:\/\/i.creativecommons.org\/l\/by-sa\/4.0\/80x15.png","datePublished":"2016-06-21T05:58:47+00:00","dateModified":"2025-08-29T08:57:52+00:00","breadcrumb":{"@id":"https:\/\/blogs.uef.fi\/tiedonhaku-kulttuuritieteet\/4-video\/#breadcrumb"},"inLanguage":"fi","potentialAction":[{"@type":"ReadAction","target":["https:\/\/blogs.uef.fi\/tiedonhaku-kulttuuritieteet\/4-video\/"]}]},{"@type":"ImageObject","inLanguage":"fi","@id":"https:\/\/blogs.uef.fi\/tiedonhaku-kulttuuritieteet\/4-video\/#primaryimage","url":"https:\/\/i.creativecommons.org\/l\/by-sa\/4.0\/80x15.png","contentUrl":"https:\/\/i.creativecommons.org\/l\/by-sa\/4.0\/80x15.png"},{"@type":"BreadcrumbList","@id":"https:\/\/blogs.uef.fi\/tiedonhaku-kulttuuritieteet\/4-video\/#breadcrumb","itemListElement":[{"@type":"ListItem","position":1,"name":"Home","item":"https:\/\/blogs.uef.fi\/tiedonhaku-kulttuuritieteet\/"},{"@type":"ListItem","position":2,"name":"4. video: Asiasanat ja sanahaku"}]},{"@type":"WebSite","@id":"https:\/\/blogs.uef.fi\/tiedonhaku-kulttuuritieteet\/#website","url":"https:\/\/blogs.uef.fi\/tiedonhaku-kulttuuritieteet\/","name":"Kulttuuritieteiden tiedonhaku","description":"","potentialAction":[{"@type":"SearchAction","target":{"@type":"EntryPoint","urlTemplate":"https:\/\/blogs.uef.fi\/tiedonhaku-kulttuuritieteet\/?s={search_term_string}"},"query-input":{"@type":"PropertyValueSpecification","valueRequired":true,"valueName":"search_term_string"}}],"inLanguage":"fi"}]}},"_links":{"self":[{"href":"https:\/\/blogs.uef.fi\/tiedonhaku-kulttuuritieteet\/wp-json\/wp\/v2\/pages\/239","targetHints":{"allow":["GET"]}}],"collection":[{"href":"https:\/\/blogs.uef.fi\/tiedonhaku-kulttuuritieteet\/wp-json\/wp\/v2\/pages"}],"about":[{"href":"https:\/\/blogs.uef.fi\/tiedonhaku-kulttuuritieteet\/wp-json\/wp\/v2\/types\/page"}],"author":[{"embeddable":true,"href":"https:\/\/blogs.uef.fi\/tiedonhaku-kulttuuritieteet\/wp-json\/wp\/v2\/users\/129"}],"replies":[{"embeddable":true,"href":"https:\/\/blogs.uef.fi\/tiedonhaku-kulttuuritieteet\/wp-json\/wp\/v2\/comments?post=239"}],"version-history":[{"count":2,"href":"https:\/\/blogs.uef.fi\/tiedonhaku-kulttuuritieteet\/wp-json\/wp\/v2\/pages\/239\/revisions"}],"predecessor-version":[{"id":2052,"href":"https:\/\/blogs.uef.fi\/tiedonhaku-kulttuuritieteet\/wp-json\/wp\/v2\/pages\/239\/revisions\/2052"}],"wp:attachment":[{"href":"https:\/\/blogs.uef.fi\/tiedonhaku-kulttuuritieteet\/wp-json\/wp\/v2\/media?parent=239"}],"curies":[{"name":"wp","href":"https:\/\/api.w.org\/{rel}","templated":true}]}}