{"id":223,"date":"2016-05-23T08:05:01","date_gmt":"2016-05-23T08:05:01","guid":{"rendered":"https:\/\/ueflibraryflipp.wordpress.com\/?page_id=223"},"modified":"2025-08-29T11:57:02","modified_gmt":"2025-08-29T08:57:02","slug":"3-video","status":"publish","type":"page","link":"https:\/\/blogs.uef.fi\/tiedonhaku-kulttuuritieteet\/3-video\/","title":{"rendered":"3. video: Hakusanojen ideointi"},"content":{"rendered":"\n<p>Alla oleva video (kesto 6:40) kertoo hakusanojen ideoinnista. Mit\u00e4 tulee ottaa huomioon, kun miettii hakusanoja omaan tutkimusaiheeseensa? Miksi luonnollisen kielen lauseet eiv\u00e4t toimi kirjallisuustietokannoissa? Millaista on koneen ymm\u00e4rt\u00e4m\u00e4 kieli? Videolla puhutaan my\u00f6s vaihtoehtoisten hakusanojen merkityksest\u00e4 sek\u00e4 mietit\u00e4\u00e4n apuneuvoja niiden l\u00f6yt\u00e4miseen.<\/p>\n\n\n<div class=\"embed-container\">\n    <iframe loading=\"lazy\" title=\"Hakusanojen ideointi (2025)\" width=\"640\" height=\"360\" src=\"https:\/\/www.youtube.com\/embed\/s6KLM1MtN9o?feature=oembed&#038;controls=1&#038;hd=1&#038;autohide=1\" frameborder=\"0\" allow=\"accelerometer; autoplay; clipboard-write; encrypted-media; gyroscope; picture-in-picture; web-share\" referrerpolicy=\"strict-origin-when-cross-origin\" allowfullscreen frameborder=\"0\"><\/iframe><\/div>\n\n\n<p>Saavutettavuusvinkki: Video kannattaa katsoa koko ruudun kokoisena. Jotta videon laatu pysyy hyv\u00e4n\u00e4, valitse videon oikesta alalaidasta rattaan kuva ja sielt\u00e4 &#8221;laatu \/ quality&#8221; 720pHD tai 1080pHD. Jos haluat videoon tekstityksen, paina videon alavalikosta l\u00f6ytyv\u00e4\u00e4 CC-tekstitysnappia.<\/p>\n\n\n\n<p>Katsottuasi videon, tee <a href=\"https:\/\/elearn.uef.fi\/mod\/quiz\/view.php?id=547724\" target=\"_blank\" rel=\"noreferrer noopener\">Moodlessa oleva ennakkoteht\u00e4v\u00e4<\/a> (linkki avautuu uuteen ikkunaan).<\/p>\n\n\n\n<figure class=\"wp-block-image\"><a href=\"http:\/\/creativecommons.org\/licenses\/by-sa\/4.0\/\"><img decoding=\"async\" src=\"https:\/\/i.creativecommons.org\/l\/by-sa\/4.0\/80x15.png\" alt=\"Creative Commons -lisenssi\" \/><\/a><\/figure>\n\n\n\n<p>T\u00e4m\u00e4 teos on lisensoitu <a href=\"http:\/\/creativecommons.org\/licenses\/by-sa\/4.0\/\">Creative Commons Nime\u00e4-JaaSamoin 4.0 Kansainv\u00e4linen -lisenssill\u00e4<\/a>.<\/p>\n\n\n\n<p>P\u00e4ivitetty 8\/2025<\/p>\n\n\n\n<p>Siirry 4. videoon <a href=\"https:\/\/blogs.uef.fi\/tiedonhaku-kulttuuritieteet\/4-video\/\">&#8221;Asiasanat ja sanahaku&#8221;<\/a><\/p>\n\n\n\n<p><\/p>\n","protected":false},"excerpt":{"rendered":"<p>Alla oleva video (kesto 6:40) kertoo hakusanojen ideoinnista. Mit\u00e4 tulee ottaa huomioon, kun miettii hakusanoja omaan tutkimusaiheeseensa? Miksi luonnollisen kielen lauseet eiv\u00e4t toimi kirjallisuustietokannoissa? Millaista on koneen ymm\u00e4rt\u00e4m\u00e4 kieli? Videolla puhutaan my\u00f6s vaihtoehtoisten hakusanojen merkityksest\u00e4 sek\u00e4 mietit\u00e4\u00e4n apuneuvoja niiden l\u00f6yt\u00e4miseen. Saavutettavuusvinkki: Video kannattaa katsoa koko ruudun kokoisena. Jotta videon laatu pysyy hyv\u00e4n\u00e4, valitse videon oikesta [&hellip;]<\/p>\n","protected":false},"author":129,"featured_media":0,"parent":0,"menu_order":0,"comment_status":"closed","ping_status":"closed","template":"","meta":{"_acf_changed":false,"footnotes":""},"class_list":["post-223","page","type-page","status-publish","hentry"],"acf":[],"yoast_head":"<!-- This site is optimized with the Yoast SEO plugin v27.1.1 - https:\/\/yoast.com\/product\/yoast-seo-wordpress\/ -->\n<title>3. video: Hakusanojen ideointi - Kulttuuritieteiden tiedonhaku<\/title>\n<meta name=\"robots\" content=\"index, follow, max-snippet:-1, max-image-preview:large, max-video-preview:-1\" \/>\n<link rel=\"canonical\" href=\"https:\/\/blogs.uef.fi\/tiedonhaku-kulttuuritieteet\/3-video\/\" \/>\n<meta property=\"og:locale\" content=\"fi_FI\" \/>\n<meta property=\"og:type\" content=\"article\" \/>\n<meta property=\"og:title\" content=\"3. video: Hakusanojen ideointi - Kulttuuritieteiden tiedonhaku\" \/>\n<meta property=\"og:description\" content=\"Alla oleva video (kesto 6:40) kertoo hakusanojen ideoinnista. Mit\u00e4 tulee ottaa huomioon, kun miettii hakusanoja omaan tutkimusaiheeseensa? Miksi luonnollisen kielen lauseet eiv\u00e4t toimi kirjallisuustietokannoissa? Millaista on koneen ymm\u00e4rt\u00e4m\u00e4 kieli? Videolla puhutaan my\u00f6s vaihtoehtoisten hakusanojen merkityksest\u00e4 sek\u00e4 mietit\u00e4\u00e4n apuneuvoja niiden l\u00f6yt\u00e4miseen. Saavutettavuusvinkki: Video kannattaa katsoa koko ruudun kokoisena. Jotta videon laatu pysyy hyv\u00e4n\u00e4, valitse videon oikesta [&hellip;]\" \/>\n<meta property=\"og:url\" content=\"https:\/\/blogs.uef.fi\/tiedonhaku-kulttuuritieteet\/3-video\/\" \/>\n<meta property=\"og:site_name\" content=\"Kulttuuritieteiden tiedonhaku\" \/>\n<meta property=\"article:modified_time\" content=\"2025-08-29T08:57:02+00:00\" \/>\n<meta property=\"og:image\" content=\"https:\/\/i.creativecommons.org\/l\/by-sa\/4.0\/80x15.png\" \/>\n<meta name=\"twitter:card\" content=\"summary_large_image\" \/>\n<meta name=\"twitter:label1\" content=\"Arvioitu lukuaika\" \/>\n\t<meta name=\"twitter:data1\" content=\"1 minuutti\" \/>\n<script type=\"application\/ld+json\" class=\"yoast-schema-graph\">{\"@context\":\"https:\/\/schema.org\",\"@graph\":[{\"@type\":\"WebPage\",\"@id\":\"https:\/\/blogs.uef.fi\/tiedonhaku-kulttuuritieteet\/3-video\/\",\"url\":\"https:\/\/blogs.uef.fi\/tiedonhaku-kulttuuritieteet\/3-video\/\",\"name\":\"3. video: Hakusanojen ideointi - Kulttuuritieteiden tiedonhaku\",\"isPartOf\":{\"@id\":\"https:\/\/blogs.uef.fi\/tiedonhaku-kulttuuritieteet\/#website\"},\"primaryImageOfPage\":{\"@id\":\"https:\/\/blogs.uef.fi\/tiedonhaku-kulttuuritieteet\/3-video\/#primaryimage\"},\"image\":{\"@id\":\"https:\/\/blogs.uef.fi\/tiedonhaku-kulttuuritieteet\/3-video\/#primaryimage\"},\"thumbnailUrl\":\"https:\/\/i.creativecommons.org\/l\/by-sa\/4.0\/80x15.png\",\"datePublished\":\"2016-05-23T08:05:01+00:00\",\"dateModified\":\"2025-08-29T08:57:02+00:00\",\"breadcrumb\":{\"@id\":\"https:\/\/blogs.uef.fi\/tiedonhaku-kulttuuritieteet\/3-video\/#breadcrumb\"},\"inLanguage\":\"fi\",\"potentialAction\":[{\"@type\":\"ReadAction\",\"target\":[\"https:\/\/blogs.uef.fi\/tiedonhaku-kulttuuritieteet\/3-video\/\"]}]},{\"@type\":\"ImageObject\",\"inLanguage\":\"fi\",\"@id\":\"https:\/\/blogs.uef.fi\/tiedonhaku-kulttuuritieteet\/3-video\/#primaryimage\",\"url\":\"https:\/\/i.creativecommons.org\/l\/by-sa\/4.0\/80x15.png\",\"contentUrl\":\"https:\/\/i.creativecommons.org\/l\/by-sa\/4.0\/80x15.png\"},{\"@type\":\"BreadcrumbList\",\"@id\":\"https:\/\/blogs.uef.fi\/tiedonhaku-kulttuuritieteet\/3-video\/#breadcrumb\",\"itemListElement\":[{\"@type\":\"ListItem\",\"position\":1,\"name\":\"Home\",\"item\":\"https:\/\/blogs.uef.fi\/tiedonhaku-kulttuuritieteet\/\"},{\"@type\":\"ListItem\",\"position\":2,\"name\":\"3. video: Hakusanojen ideointi\"}]},{\"@type\":\"WebSite\",\"@id\":\"https:\/\/blogs.uef.fi\/tiedonhaku-kulttuuritieteet\/#website\",\"url\":\"https:\/\/blogs.uef.fi\/tiedonhaku-kulttuuritieteet\/\",\"name\":\"Kulttuuritieteiden tiedonhaku\",\"description\":\"\",\"potentialAction\":[{\"@type\":\"SearchAction\",\"target\":{\"@type\":\"EntryPoint\",\"urlTemplate\":\"https:\/\/blogs.uef.fi\/tiedonhaku-kulttuuritieteet\/?s={search_term_string}\"},\"query-input\":{\"@type\":\"PropertyValueSpecification\",\"valueRequired\":true,\"valueName\":\"search_term_string\"}}],\"inLanguage\":\"fi\"}]}<\/script>\n<!-- \/ Yoast SEO plugin. -->","yoast_head_json":{"title":"3. video: Hakusanojen ideointi - Kulttuuritieteiden tiedonhaku","robots":{"index":"index","follow":"follow","max-snippet":"max-snippet:-1","max-image-preview":"max-image-preview:large","max-video-preview":"max-video-preview:-1"},"canonical":"https:\/\/blogs.uef.fi\/tiedonhaku-kulttuuritieteet\/3-video\/","og_locale":"fi_FI","og_type":"article","og_title":"3. video: Hakusanojen ideointi - Kulttuuritieteiden tiedonhaku","og_description":"Alla oleva video (kesto 6:40) kertoo hakusanojen ideoinnista. Mit\u00e4 tulee ottaa huomioon, kun miettii hakusanoja omaan tutkimusaiheeseensa? Miksi luonnollisen kielen lauseet eiv\u00e4t toimi kirjallisuustietokannoissa? Millaista on koneen ymm\u00e4rt\u00e4m\u00e4 kieli? Videolla puhutaan my\u00f6s vaihtoehtoisten hakusanojen merkityksest\u00e4 sek\u00e4 mietit\u00e4\u00e4n apuneuvoja niiden l\u00f6yt\u00e4miseen. Saavutettavuusvinkki: Video kannattaa katsoa koko ruudun kokoisena. Jotta videon laatu pysyy hyv\u00e4n\u00e4, valitse videon oikesta [&hellip;]","og_url":"https:\/\/blogs.uef.fi\/tiedonhaku-kulttuuritieteet\/3-video\/","og_site_name":"Kulttuuritieteiden tiedonhaku","article_modified_time":"2025-08-29T08:57:02+00:00","og_image":[{"url":"https:\/\/i.creativecommons.org\/l\/by-sa\/4.0\/80x15.png","type":"","width":"","height":""}],"twitter_card":"summary_large_image","twitter_misc":{"Arvioitu lukuaika":"1 minuutti"},"schema":{"@context":"https:\/\/schema.org","@graph":[{"@type":"WebPage","@id":"https:\/\/blogs.uef.fi\/tiedonhaku-kulttuuritieteet\/3-video\/","url":"https:\/\/blogs.uef.fi\/tiedonhaku-kulttuuritieteet\/3-video\/","name":"3. video: Hakusanojen ideointi - Kulttuuritieteiden tiedonhaku","isPartOf":{"@id":"https:\/\/blogs.uef.fi\/tiedonhaku-kulttuuritieteet\/#website"},"primaryImageOfPage":{"@id":"https:\/\/blogs.uef.fi\/tiedonhaku-kulttuuritieteet\/3-video\/#primaryimage"},"image":{"@id":"https:\/\/blogs.uef.fi\/tiedonhaku-kulttuuritieteet\/3-video\/#primaryimage"},"thumbnailUrl":"https:\/\/i.creativecommons.org\/l\/by-sa\/4.0\/80x15.png","datePublished":"2016-05-23T08:05:01+00:00","dateModified":"2025-08-29T08:57:02+00:00","breadcrumb":{"@id":"https:\/\/blogs.uef.fi\/tiedonhaku-kulttuuritieteet\/3-video\/#breadcrumb"},"inLanguage":"fi","potentialAction":[{"@type":"ReadAction","target":["https:\/\/blogs.uef.fi\/tiedonhaku-kulttuuritieteet\/3-video\/"]}]},{"@type":"ImageObject","inLanguage":"fi","@id":"https:\/\/blogs.uef.fi\/tiedonhaku-kulttuuritieteet\/3-video\/#primaryimage","url":"https:\/\/i.creativecommons.org\/l\/by-sa\/4.0\/80x15.png","contentUrl":"https:\/\/i.creativecommons.org\/l\/by-sa\/4.0\/80x15.png"},{"@type":"BreadcrumbList","@id":"https:\/\/blogs.uef.fi\/tiedonhaku-kulttuuritieteet\/3-video\/#breadcrumb","itemListElement":[{"@type":"ListItem","position":1,"name":"Home","item":"https:\/\/blogs.uef.fi\/tiedonhaku-kulttuuritieteet\/"},{"@type":"ListItem","position":2,"name":"3. video: Hakusanojen ideointi"}]},{"@type":"WebSite","@id":"https:\/\/blogs.uef.fi\/tiedonhaku-kulttuuritieteet\/#website","url":"https:\/\/blogs.uef.fi\/tiedonhaku-kulttuuritieteet\/","name":"Kulttuuritieteiden tiedonhaku","description":"","potentialAction":[{"@type":"SearchAction","target":{"@type":"EntryPoint","urlTemplate":"https:\/\/blogs.uef.fi\/tiedonhaku-kulttuuritieteet\/?s={search_term_string}"},"query-input":{"@type":"PropertyValueSpecification","valueRequired":true,"valueName":"search_term_string"}}],"inLanguage":"fi"}]}},"_links":{"self":[{"href":"https:\/\/blogs.uef.fi\/tiedonhaku-kulttuuritieteet\/wp-json\/wp\/v2\/pages\/223","targetHints":{"allow":["GET"]}}],"collection":[{"href":"https:\/\/blogs.uef.fi\/tiedonhaku-kulttuuritieteet\/wp-json\/wp\/v2\/pages"}],"about":[{"href":"https:\/\/blogs.uef.fi\/tiedonhaku-kulttuuritieteet\/wp-json\/wp\/v2\/types\/page"}],"author":[{"embeddable":true,"href":"https:\/\/blogs.uef.fi\/tiedonhaku-kulttuuritieteet\/wp-json\/wp\/v2\/users\/129"}],"replies":[{"embeddable":true,"href":"https:\/\/blogs.uef.fi\/tiedonhaku-kulttuuritieteet\/wp-json\/wp\/v2\/comments?post=223"}],"version-history":[{"count":2,"href":"https:\/\/blogs.uef.fi\/tiedonhaku-kulttuuritieteet\/wp-json\/wp\/v2\/pages\/223\/revisions"}],"predecessor-version":[{"id":2043,"href":"https:\/\/blogs.uef.fi\/tiedonhaku-kulttuuritieteet\/wp-json\/wp\/v2\/pages\/223\/revisions\/2043"}],"wp:attachment":[{"href":"https:\/\/blogs.uef.fi\/tiedonhaku-kulttuuritieteet\/wp-json\/wp\/v2\/media?parent=223"}],"curies":[{"name":"wp","href":"https:\/\/api.w.org\/{rel}","templated":true}]}}