{"id":10,"date":"2016-03-23T08:14:56","date_gmt":"2016-03-23T06:14:56","guid":{"rendered":"https:\/\/ueflibraryflipp.wordpress.com\/?page_id=10"},"modified":"2025-08-29T11:40:38","modified_gmt":"2025-08-29T08:40:38","slug":"kotisivu","status":"publish","type":"page","link":"https:\/\/blogs.uef.fi\/tiedonhaku-kulttuuritieteet\/","title":{"rendered":"Tervetuloa kurssille!"},"content":{"rendered":"\n<p>Kulttuuritieteiden tiedonhaun kurssi opintopistekurssina on tarkoitettu It\u00e4-Suomen yliopiston opiskelijoille. T\u00e4st\u00e4 syyst\u00e4 kurssin teht\u00e4v\u00e4t sijaitsevat suljetulla Moodle-alustalla. Osa esitellyist\u00e4 tietokannoista vaatii kirjautumisen It\u00e4-Suomen yliopiston k\u00e4ytt\u00e4j\u00e4tunnuksilla. Kurssin video-oppimateriaali on avointa, ja kurssin osioita on tervetullut opiskelemaan itsen\u00e4isesti kuka tahansa!<\/p>\n\n\n\n<p>Kurssin sis\u00e4lt\u00f6 ja navigointi l\u00f6ytyy oikean yl\u00e4kulman hampurilaisvalikosta.<\/p>\n\n\n\n<p><a href=\"http:\/\/creativecommons.org\/licenses\/by-sa\/4.0\/\" rel=\"license\"><img decoding=\"async\" style=\"border-width: 0\" src=\"https:\/\/i.creativecommons.org\/l\/by-sa\/4.0\/80x15.png\" alt=\"Creative Commons -lisenssi\"><\/a><br>T\u00e4m\u00e4 teos on lisensoitu <a href=\"http:\/\/creativecommons.org\/licenses\/by-sa\/4.0\/\" rel=\"license\">Creative Commons Nime\u00e4-JaaSamoin 4.0 Kansainv\u00e4linen -lisenssill\u00e4<\/a>.<\/p>\n\n\n\n<p>Kurssin tekij\u00e4: Riitta Holopainen, tietoasiantuntija It\u00e4-Suomen yliopiston kirjasto<br>Kiitokset: It\u00e4-Suomen yliopiston kirjaston opetus- ja tietopalvelut<\/p>\n\n\n\n<p>(Sivusto p\u00e4ivitetty viimeksi 8\/2025)<\/p>\n\n\n\n<p><\/p>\n","protected":false},"excerpt":{"rendered":"<p>Kulttuuritieteiden tiedonhaun kurssi opintopistekurssina on tarkoitettu It\u00e4-Suomen yliopiston opiskelijoille. T\u00e4st\u00e4 syyst\u00e4 kurssin teht\u00e4v\u00e4t sijaitsevat suljetulla Moodle-alustalla. Osa esitellyist\u00e4 tietokannoista vaatii kirjautumisen It\u00e4-Suomen yliopiston k\u00e4ytt\u00e4j\u00e4tunnuksilla. Kurssin video-oppimateriaali on avointa, ja kurssin osioita on tervetullut opiskelemaan itsen\u00e4isesti kuka tahansa! Kurssin sis\u00e4lt\u00f6 ja navigointi l\u00f6ytyy oikean yl\u00e4kulman hampurilaisvalikosta. T\u00e4m\u00e4 teos on lisensoitu Creative Commons Nime\u00e4-JaaSamoin 4.0 Kansainv\u00e4linen -lisenssill\u00e4. [&hellip;]<\/p>\n","protected":false},"author":129,"featured_media":0,"parent":0,"menu_order":1,"comment_status":"closed","ping_status":"closed","template":"","meta":{"_acf_changed":false,"footnotes":""},"class_list":["post-10","page","type-page","status-publish","hentry"],"acf":[],"yoast_head":"<!-- This site is optimized with the Yoast SEO plugin v27.1.1 - https:\/\/yoast.com\/product\/yoast-seo-wordpress\/ -->\n<title>Tervetuloa kurssille! - Kulttuuritieteiden tiedonhaku<\/title>\n<meta name=\"robots\" content=\"index, follow, max-snippet:-1, max-image-preview:large, max-video-preview:-1\" \/>\n<link rel=\"canonical\" href=\"https:\/\/blogs.uef.fi\/tiedonhaku-kulttuuritieteet\/\" \/>\n<meta property=\"og:locale\" content=\"fi_FI\" \/>\n<meta property=\"og:type\" content=\"article\" \/>\n<meta property=\"og:title\" content=\"Tervetuloa kurssille! - Kulttuuritieteiden tiedonhaku\" \/>\n<meta property=\"og:description\" content=\"Kulttuuritieteiden tiedonhaun kurssi opintopistekurssina on tarkoitettu It\u00e4-Suomen yliopiston opiskelijoille. T\u00e4st\u00e4 syyst\u00e4 kurssin teht\u00e4v\u00e4t sijaitsevat suljetulla Moodle-alustalla. Osa esitellyist\u00e4 tietokannoista vaatii kirjautumisen It\u00e4-Suomen yliopiston k\u00e4ytt\u00e4j\u00e4tunnuksilla. Kurssin video-oppimateriaali on avointa, ja kurssin osioita on tervetullut opiskelemaan itsen\u00e4isesti kuka tahansa! Kurssin sis\u00e4lt\u00f6 ja navigointi l\u00f6ytyy oikean yl\u00e4kulman hampurilaisvalikosta. T\u00e4m\u00e4 teos on lisensoitu Creative Commons Nime\u00e4-JaaSamoin 4.0 Kansainv\u00e4linen -lisenssill\u00e4. [&hellip;]\" \/>\n<meta property=\"og:url\" content=\"https:\/\/blogs.uef.fi\/tiedonhaku-kulttuuritieteet\/\" \/>\n<meta property=\"og:site_name\" content=\"Kulttuuritieteiden tiedonhaku\" \/>\n<meta property=\"article:modified_time\" content=\"2025-08-29T08:40:38+00:00\" \/>\n<meta property=\"og:image\" content=\"https:\/\/i.creativecommons.org\/l\/by-sa\/4.0\/80x15.png\" \/>\n<meta name=\"twitter:card\" content=\"summary_large_image\" \/>\n<meta name=\"twitter:label1\" content=\"Arvioitu lukuaika\" \/>\n\t<meta name=\"twitter:data1\" content=\"1 minuutti\" \/>\n<script type=\"application\/ld+json\" class=\"yoast-schema-graph\">{\"@context\":\"https:\/\/schema.org\",\"@graph\":[{\"@type\":\"WebPage\",\"@id\":\"https:\/\/blogs.uef.fi\/tiedonhaku-kulttuuritieteet\/\",\"url\":\"https:\/\/blogs.uef.fi\/tiedonhaku-kulttuuritieteet\/\",\"name\":\"Tervetuloa kurssille! - Kulttuuritieteiden tiedonhaku\",\"isPartOf\":{\"@id\":\"https:\/\/blogs.uef.fi\/tiedonhaku-kulttuuritieteet\/#website\"},\"primaryImageOfPage\":{\"@id\":\"https:\/\/blogs.uef.fi\/tiedonhaku-kulttuuritieteet\/#primaryimage\"},\"image\":{\"@id\":\"https:\/\/blogs.uef.fi\/tiedonhaku-kulttuuritieteet\/#primaryimage\"},\"thumbnailUrl\":\"https:\/\/i.creativecommons.org\/l\/by-sa\/4.0\/80x15.png\",\"datePublished\":\"2016-03-23T06:14:56+00:00\",\"dateModified\":\"2025-08-29T08:40:38+00:00\",\"breadcrumb\":{\"@id\":\"https:\/\/blogs.uef.fi\/tiedonhaku-kulttuuritieteet\/#breadcrumb\"},\"inLanguage\":\"fi\",\"potentialAction\":[{\"@type\":\"ReadAction\",\"target\":[\"https:\/\/blogs.uef.fi\/tiedonhaku-kulttuuritieteet\/\"]}]},{\"@type\":\"ImageObject\",\"inLanguage\":\"fi\",\"@id\":\"https:\/\/blogs.uef.fi\/tiedonhaku-kulttuuritieteet\/#primaryimage\",\"url\":\"https:\/\/i.creativecommons.org\/l\/by-sa\/4.0\/80x15.png\",\"contentUrl\":\"https:\/\/i.creativecommons.org\/l\/by-sa\/4.0\/80x15.png\"},{\"@type\":\"BreadcrumbList\",\"@id\":\"https:\/\/blogs.uef.fi\/tiedonhaku-kulttuuritieteet\/#breadcrumb\",\"itemListElement\":[{\"@type\":\"ListItem\",\"position\":1,\"name\":\"Home\",\"item\":\"https:\/\/blogs.uef.fi\/tiedonhaku-kulttuuritieteet\/\"},{\"@type\":\"ListItem\",\"position\":2,\"name\":\"Tervetuloa kurssille!\"}]},{\"@type\":\"WebSite\",\"@id\":\"https:\/\/blogs.uef.fi\/tiedonhaku-kulttuuritieteet\/#website\",\"url\":\"https:\/\/blogs.uef.fi\/tiedonhaku-kulttuuritieteet\/\",\"name\":\"Kulttuuritieteiden tiedonhaku\",\"description\":\"\",\"potentialAction\":[{\"@type\":\"SearchAction\",\"target\":{\"@type\":\"EntryPoint\",\"urlTemplate\":\"https:\/\/blogs.uef.fi\/tiedonhaku-kulttuuritieteet\/?s={search_term_string}\"},\"query-input\":{\"@type\":\"PropertyValueSpecification\",\"valueRequired\":true,\"valueName\":\"search_term_string\"}}],\"inLanguage\":\"fi\"}]}<\/script>\n<!-- \/ Yoast SEO plugin. -->","yoast_head_json":{"title":"Tervetuloa kurssille! - Kulttuuritieteiden tiedonhaku","robots":{"index":"index","follow":"follow","max-snippet":"max-snippet:-1","max-image-preview":"max-image-preview:large","max-video-preview":"max-video-preview:-1"},"canonical":"https:\/\/blogs.uef.fi\/tiedonhaku-kulttuuritieteet\/","og_locale":"fi_FI","og_type":"article","og_title":"Tervetuloa kurssille! - Kulttuuritieteiden tiedonhaku","og_description":"Kulttuuritieteiden tiedonhaun kurssi opintopistekurssina on tarkoitettu It\u00e4-Suomen yliopiston opiskelijoille. T\u00e4st\u00e4 syyst\u00e4 kurssin teht\u00e4v\u00e4t sijaitsevat suljetulla Moodle-alustalla. Osa esitellyist\u00e4 tietokannoista vaatii kirjautumisen It\u00e4-Suomen yliopiston k\u00e4ytt\u00e4j\u00e4tunnuksilla. Kurssin video-oppimateriaali on avointa, ja kurssin osioita on tervetullut opiskelemaan itsen\u00e4isesti kuka tahansa! Kurssin sis\u00e4lt\u00f6 ja navigointi l\u00f6ytyy oikean yl\u00e4kulman hampurilaisvalikosta. T\u00e4m\u00e4 teos on lisensoitu Creative Commons Nime\u00e4-JaaSamoin 4.0 Kansainv\u00e4linen -lisenssill\u00e4. [&hellip;]","og_url":"https:\/\/blogs.uef.fi\/tiedonhaku-kulttuuritieteet\/","og_site_name":"Kulttuuritieteiden tiedonhaku","article_modified_time":"2025-08-29T08:40:38+00:00","og_image":[{"url":"https:\/\/i.creativecommons.org\/l\/by-sa\/4.0\/80x15.png","type":"","width":"","height":""}],"twitter_card":"summary_large_image","twitter_misc":{"Arvioitu lukuaika":"1 minuutti"},"schema":{"@context":"https:\/\/schema.org","@graph":[{"@type":"WebPage","@id":"https:\/\/blogs.uef.fi\/tiedonhaku-kulttuuritieteet\/","url":"https:\/\/blogs.uef.fi\/tiedonhaku-kulttuuritieteet\/","name":"Tervetuloa kurssille! - Kulttuuritieteiden tiedonhaku","isPartOf":{"@id":"https:\/\/blogs.uef.fi\/tiedonhaku-kulttuuritieteet\/#website"},"primaryImageOfPage":{"@id":"https:\/\/blogs.uef.fi\/tiedonhaku-kulttuuritieteet\/#primaryimage"},"image":{"@id":"https:\/\/blogs.uef.fi\/tiedonhaku-kulttuuritieteet\/#primaryimage"},"thumbnailUrl":"https:\/\/i.creativecommons.org\/l\/by-sa\/4.0\/80x15.png","datePublished":"2016-03-23T06:14:56+00:00","dateModified":"2025-08-29T08:40:38+00:00","breadcrumb":{"@id":"https:\/\/blogs.uef.fi\/tiedonhaku-kulttuuritieteet\/#breadcrumb"},"inLanguage":"fi","potentialAction":[{"@type":"ReadAction","target":["https:\/\/blogs.uef.fi\/tiedonhaku-kulttuuritieteet\/"]}]},{"@type":"ImageObject","inLanguage":"fi","@id":"https:\/\/blogs.uef.fi\/tiedonhaku-kulttuuritieteet\/#primaryimage","url":"https:\/\/i.creativecommons.org\/l\/by-sa\/4.0\/80x15.png","contentUrl":"https:\/\/i.creativecommons.org\/l\/by-sa\/4.0\/80x15.png"},{"@type":"BreadcrumbList","@id":"https:\/\/blogs.uef.fi\/tiedonhaku-kulttuuritieteet\/#breadcrumb","itemListElement":[{"@type":"ListItem","position":1,"name":"Home","item":"https:\/\/blogs.uef.fi\/tiedonhaku-kulttuuritieteet\/"},{"@type":"ListItem","position":2,"name":"Tervetuloa kurssille!"}]},{"@type":"WebSite","@id":"https:\/\/blogs.uef.fi\/tiedonhaku-kulttuuritieteet\/#website","url":"https:\/\/blogs.uef.fi\/tiedonhaku-kulttuuritieteet\/","name":"Kulttuuritieteiden tiedonhaku","description":"","potentialAction":[{"@type":"SearchAction","target":{"@type":"EntryPoint","urlTemplate":"https:\/\/blogs.uef.fi\/tiedonhaku-kulttuuritieteet\/?s={search_term_string}"},"query-input":{"@type":"PropertyValueSpecification","valueRequired":true,"valueName":"search_term_string"}}],"inLanguage":"fi"}]}},"_links":{"self":[{"href":"https:\/\/blogs.uef.fi\/tiedonhaku-kulttuuritieteet\/wp-json\/wp\/v2\/pages\/10","targetHints":{"allow":["GET"]}}],"collection":[{"href":"https:\/\/blogs.uef.fi\/tiedonhaku-kulttuuritieteet\/wp-json\/wp\/v2\/pages"}],"about":[{"href":"https:\/\/blogs.uef.fi\/tiedonhaku-kulttuuritieteet\/wp-json\/wp\/v2\/types\/page"}],"author":[{"embeddable":true,"href":"https:\/\/blogs.uef.fi\/tiedonhaku-kulttuuritieteet\/wp-json\/wp\/v2\/users\/129"}],"replies":[{"embeddable":true,"href":"https:\/\/blogs.uef.fi\/tiedonhaku-kulttuuritieteet\/wp-json\/wp\/v2\/comments?post=10"}],"version-history":[{"count":2,"href":"https:\/\/blogs.uef.fi\/tiedonhaku-kulttuuritieteet\/wp-json\/wp\/v2\/pages\/10\/revisions"}],"predecessor-version":[{"id":2048,"href":"https:\/\/blogs.uef.fi\/tiedonhaku-kulttuuritieteet\/wp-json\/wp\/v2\/pages\/10\/revisions\/2048"}],"wp:attachment":[{"href":"https:\/\/blogs.uef.fi\/tiedonhaku-kulttuuritieteet\/wp-json\/wp\/v2\/media?parent=10"}],"curies":[{"name":"wp","href":"https:\/\/api.w.org\/{rel}","templated":true}]}}