{"id":995,"date":"2022-03-28T09:19:30","date_gmt":"2022-03-28T07:19:30","guid":{"rendered":"https:\/\/blogs.uef.fi\/tiedonhaku-kemia\/?page_id=995"},"modified":"2025-01-23T10:18:08","modified_gmt":"2025-01-23T08:18:08","slug":"opinnaytteiden-hakeminen","status":"publish","type":"page","link":"https:\/\/blogs.uef.fi\/tiedonhaku-kemia\/hakukoneet\/opinnaytteiden-hakeminen\/","title":{"rendered":"Opinn\u00e4ytteiden hakeminen"},"content":{"rendered":"\n<p>Opinn\u00e4ytteet eli v\u00e4it\u00f6skirjat ja gradut tallennetaan korkeakoulujen omiin julkaisuarkistoihin. Tiedot opinn\u00e4ytteist\u00e4 tallentaan kirjastotietokantoihin.<\/p>\n\n\n\n<p>Vanhemmat opinn\u00e4ytteet (UEFissa ennen vuotta 2012) ovat kirjastoissa vain painettuina tai mikrotallenteina.<\/p>\n\n\n\n<p>Opinn\u00e4ytteit\u00e4 voisi siis hakea esimerkiksi:<\/p>\n\n\n\n<ul class=\"wp-block-list\">\n<li><a href=\"https:\/\/primo.uef.fi\" target=\"_blank\" rel=\"noreferrer noopener\">UEF-Primosta<\/a><\/li>\n\n\n\n<li><a href=\"https:\/\/finna.fi\" target=\"_blank\" rel=\"noreferrer noopener\">kansallisesta Finnasta<\/a><\/li>\n\n\n\n<li><a href=\"https:\/\/erepo.uef.fi\/\" target=\"_blank\" rel=\"noreferrer noopener\">UEF eReposta<\/a> (UEFin julkaisuarkisto)<\/li>\n\n\n\n<li>Googlella (vinkki: lis\u00e4\u00e4 hakusanaksi gradu \/ v\u00e4it\u00f6skirja \/ thesis yms.)<\/li>\n<\/ul>\n\n\n\n<h2 class=\"wp-block-heading\">Kuinka erottelet tietokannoista opinn\u00e4ytteet<\/h2>\n\n\n\n<p>Voit tehd\u00e4 normaalisti aiheenmukaista hakua kirjastotietokannassa. Kun hakutulos on valmis, voit rajata tulokseen vain opinn\u00e4ytteet.<\/p>\n\n\n\n<figure class=\"wp-block-image size-full is-resized\"><img loading=\"lazy\" decoding=\"async\" width=\"331\" height=\"617\" src=\"https:\/\/blogs.uef.fi\/tiedonhaku-kemia\/wp-content\/uploads\/sites\/177\/2022\/05\/primo_rajaus.png\" alt=\"Kuvakaappaus. Yksityiskohta UEF-Primon tulossivulta. Rajaa tuloksia -valikossa n\u00e4kyvill\u00e4 eri rajausmahdollisuuksia, joista on valittu Opinn\u00e4ytteet. Alhaalla teksti vihre\u00e4ll\u00e4 pohjalla: K\u00e4yt\u00e4 rajauksia.\" class=\"wp-image-1960\" style=\"width:auto;height:400px\" srcset=\"https:\/\/blogs.uef.fi\/tiedonhaku-kemia\/wp-content\/uploads\/sites\/177\/2022\/05\/primo_rajaus.png 331w, https:\/\/blogs.uef.fi\/tiedonhaku-kemia\/wp-content\/uploads\/sites\/177\/2022\/05\/primo_rajaus-161x300.png 161w\" sizes=\"auto, (max-width: 331px) 100vw, 331px\" \/><figcaption class=\"wp-element-caption\"><em>Opinn\u00e4ytteisiin rajaaminen UEF-Primossa.<\/em><\/figcaption><\/figure>\n\n\n\n<figure class=\"wp-block-image size-full is-resized\"><img loading=\"lazy\" decoding=\"async\" width=\"380\" height=\"760\" src=\"https:\/\/blogs.uef.fi\/tiedonhaku-kemia\/wp-content\/uploads\/sites\/177\/2022\/03\/opinnaytteet_finna.png\" alt=\"Kuvakaappaus. Yksityiskohta Finna.fi -tulossivulta. Rajaa hakua -valikossa n\u00e4kyvill\u00e4 eri rajausmahdollisuuksia, joista on valittu Opinn\u00e4yte. \" class=\"wp-image-1001\" style=\"width:auto;height:500px\" srcset=\"https:\/\/blogs.uef.fi\/tiedonhaku-kemia\/wp-content\/uploads\/sites\/177\/2022\/03\/opinnaytteet_finna.png 380w, https:\/\/blogs.uef.fi\/tiedonhaku-kemia\/wp-content\/uploads\/sites\/177\/2022\/03\/opinnaytteet_finna-150x300.png 150w\" sizes=\"auto, (max-width: 380px) 100vw, 380px\" \/><figcaption class=\"wp-element-caption\"><em>Finnassa opinn\u00e4ytteit\u00e4 voi rajata UEF-Primoa tarkemmin opinn\u00e4ytteen tyypin mukaan<\/em>.<\/figcaption><\/figure>\n\n\n\n<p>Huomaa, ett\u00e4 kandit\u00f6it\u00e4 tallentavat kirjastotietokantoihin vain harvat yliopistot. UEFissa kandit\u00f6it\u00e4 ei tallenneta julkaisuarkistoon eik\u00e4 tietokantaan.<\/p>\n\n\n\n<p>Julkaisuarkistoissa, kuten UEF-eRepo, opinn\u00e4ytteit\u00e4 on mahdollista selata esimerkiksi laitoksen mukaan.<\/p>\n\n\n\n<figure class=\"wp-block-image size-full is-resized\"><img loading=\"lazy\" decoding=\"async\" width=\"1493\" height=\"1032\" src=\"https:\/\/blogs.uef.fi\/tiedonhaku-kemia\/wp-content\/uploads\/sites\/177\/2025\/01\/erepo.png\" alt=\"Kuvakaappaus UEF\/\/ERepository sivusta. Esill\u00e4 on kokoelma Opinn\u00e4ytteet \u2013 Pro gradut. Selausperusteeksi on valittu Laitos. Alla on lista laitoksista aakkosj\u00e4rjestyksess\u00e4.\" class=\"wp-image-3557\" srcset=\"https:\/\/blogs.uef.fi\/tiedonhaku-kemia\/wp-content\/uploads\/sites\/177\/2025\/01\/erepo.png 1493w, https:\/\/blogs.uef.fi\/tiedonhaku-kemia\/wp-content\/uploads\/sites\/177\/2025\/01\/erepo-300x207.png 300w, https:\/\/blogs.uef.fi\/tiedonhaku-kemia\/wp-content\/uploads\/sites\/177\/2025\/01\/erepo-1024x708.png 1024w, https:\/\/blogs.uef.fi\/tiedonhaku-kemia\/wp-content\/uploads\/sites\/177\/2025\/01\/erepo-768x531.png 768w\" sizes=\"auto, (max-width: 1493px) 100vw, 1493px\" \/><figcaption class=\"wp-element-caption\"><em>ERepossa valitaan etusivulta Yhteis\u00f6t ja kokoelmat. T\u00e4m\u00e4n j\u00e4lkeen voi valita opinn\u00e4ytteen tyypin, esim. pro gradut. Sen j\u00e4lkeen voi valita selausperusteen, t\u00e4ss\u00e4 se on Laitos. Kemian graduja l\u00f6ytyy kohdasta &#8217;Kemian laitos&#8217;.<\/em><\/figcaption><\/figure>\n\n\n\n<h2 class=\"wp-block-heading\">V\u00e4it\u00f6skirjat<\/h2>\n\n\n\n<p>Kemian alan v\u00e4it\u00f6skirjat ovat nykyisin l\u00e4hes aina ns. <strong>nippuv\u00e4it\u00f6skirjoja<\/strong>, joiden keskeisen sis\u00e4ll\u00f6n v\u00e4ittelij\u00e4 on jo julkaissut tieteellisiss\u00e4 lehdiss\u00e4 artikkeleina. Varsinainen <strong>v\u00e4it\u00f6skirja sis\u00e4lt\u00e4\u00e4 yhteenvedon<\/strong> artikkeleista sek\u00e4 itse artikkelit liitteen\u00e4. Aiemmin v\u00e4it\u00f6skirja oli yksi yhten\u00e4inen julkaisu.<\/p>\n\n\n\n<p>V\u00e4it\u00f6skirja julkaistaan usein ko. <strong>yliopiston omassa julkaisusarjassa<\/strong>. Muitakin vaihtoehtoja on: jos v\u00e4ittelij\u00e4 ty\u00f6skentelee jonkin muun julkisorganisaation palveluksessa, v\u00e4it\u00f6skirja voidaan julkaista t\u00e4m\u00e4n organisaation sarjassa. V\u00e4it\u00f6skirja on mahdollista julkaista my\u00f6s kaupallisen kustantajan kautta.<\/p>\n\n\n\n<p>Joensuun yliopiston kemian v\u00e4it\u00f6ksi\u00e4 on mm. sarjassa:<\/p>\n\n\n\n<ul class=\"wp-block-list\">\n<li>Dissertations \/ University of Joensuu, Department of Chemistry.<\/li>\n<\/ul>\n\n\n\n<p>It\u00e4-Suomen yliopistossa sarjat ovat:<\/p>\n\n\n\n<ul class=\"wp-block-list\">\n<li>Dissertations \/ Department of Chemistry, University of Eastern Finland (vuoteen 2019 saakka)<\/li>\n\n\n\n<li>Publications of the University of Eastern Finland. Dissertations in Forestry and Natural Sciences. (v. 2019 &#8211; 28.2.2023)<\/li>\n\n\n\n<li>Publications of the University of Eastern Finland. Dissertations in Science, Forestry and Technology. (1.3.2023 alkaen)<\/li>\n<\/ul>\n\n\n\n<p class=\"has-text-align-right\">Seuraava sivu: <a href=\"https:\/\/blogs.uef.fi\/tiedonhaku-kemia\/tekoaly-tiedonhaun-apuna\/\">Teko\u00e4ly tiedonhaun apuna<\/a><\/p>\n","protected":false},"excerpt":{"rendered":"<p>Opinn\u00e4ytteet eli v\u00e4it\u00f6skirjat ja gradut tallennetaan korkeakoulujen omiin julkaisuarkistoihin. Tiedot opinn\u00e4ytteist\u00e4 tallentaan kirjastotietokantoihin. Vanhemmat opinn\u00e4ytteet (UEFissa ennen vuotta 2012) ovat kirjastoissa vain painettuina tai mikrotallenteina. Opinn\u00e4ytteit\u00e4 voisi siis hakea esimerkiksi: Kuinka erottelet tietokannoista opinn\u00e4ytteet Voit tehd\u00e4 normaalisti aiheenmukaista hakua kirjastotietokannassa. Kun hakutulos on valmis, voit rajata tulokseen vain opinn\u00e4ytteet. Huomaa, ett\u00e4 kandit\u00f6it\u00e4 tallentavat kirjastotietokantoihin vain [&hellip;]<\/p>\n","protected":false},"author":127,"featured_media":0,"parent":581,"menu_order":0,"comment_status":"closed","ping_status":"closed","template":"","meta":{"_acf_changed":false,"footnotes":""},"class_list":["post-995","page","type-page","status-publish","hentry"],"acf":[],"yoast_head":"<!-- This site is optimized with the Yoast SEO plugin v27.1.1 - https:\/\/yoast.com\/product\/yoast-seo-wordpress\/ -->\n<title>Opinn\u00e4ytteiden hakeminen - Kemian tiedonhaku \/ UEF kirjasto<\/title>\n<meta name=\"robots\" content=\"index, follow, max-snippet:-1, max-image-preview:large, max-video-preview:-1\" \/>\n<link rel=\"canonical\" href=\"https:\/\/blogs.uef.fi\/tiedonhaku-kemia\/hakukoneet\/opinnaytteiden-hakeminen\/\" \/>\n<meta property=\"og:locale\" content=\"fi_FI\" \/>\n<meta property=\"og:type\" content=\"article\" \/>\n<meta property=\"og:title\" content=\"Opinn\u00e4ytteiden hakeminen - Kemian tiedonhaku \/ UEF kirjasto\" \/>\n<meta property=\"og:description\" content=\"Opinn\u00e4ytteet eli v\u00e4it\u00f6skirjat ja gradut tallennetaan korkeakoulujen omiin julkaisuarkistoihin. Tiedot opinn\u00e4ytteist\u00e4 tallentaan kirjastotietokantoihin. Vanhemmat opinn\u00e4ytteet (UEFissa ennen vuotta 2012) ovat kirjastoissa vain painettuina tai mikrotallenteina. Opinn\u00e4ytteit\u00e4 voisi siis hakea esimerkiksi: Kuinka erottelet tietokannoista opinn\u00e4ytteet Voit tehd\u00e4 normaalisti aiheenmukaista hakua kirjastotietokannassa. Kun hakutulos on valmis, voit rajata tulokseen vain opinn\u00e4ytteet. Huomaa, ett\u00e4 kandit\u00f6it\u00e4 tallentavat kirjastotietokantoihin vain [&hellip;]\" \/>\n<meta property=\"og:url\" content=\"https:\/\/blogs.uef.fi\/tiedonhaku-kemia\/hakukoneet\/opinnaytteiden-hakeminen\/\" \/>\n<meta property=\"og:site_name\" content=\"Kemian tiedonhaku \/ UEF kirjasto\" \/>\n<meta property=\"article:modified_time\" content=\"2025-01-23T08:18:08+00:00\" \/>\n<meta property=\"og:image\" content=\"https:\/\/blogs.uef.fi\/tiedonhaku-kemia\/wp-content\/uploads\/sites\/177\/2022\/05\/primo_rajaus.png\" \/>\n\t<meta property=\"og:image:width\" content=\"331\" \/>\n\t<meta property=\"og:image:height\" content=\"617\" \/>\n\t<meta property=\"og:image:type\" content=\"image\/png\" \/>\n<meta name=\"twitter:card\" content=\"summary_large_image\" \/>\n<meta name=\"twitter:label1\" content=\"Arvioitu lukuaika\" \/>\n\t<meta name=\"twitter:data1\" content=\"3 minuuttia\" \/>\n<script type=\"application\/ld+json\" class=\"yoast-schema-graph\">{\"@context\":\"https:\/\/schema.org\",\"@graph\":[{\"@type\":\"WebPage\",\"@id\":\"https:\/\/blogs.uef.fi\/tiedonhaku-kemia\/hakukoneet\/opinnaytteiden-hakeminen\/\",\"url\":\"https:\/\/blogs.uef.fi\/tiedonhaku-kemia\/hakukoneet\/opinnaytteiden-hakeminen\/\",\"name\":\"Opinn\u00e4ytteiden hakeminen - Kemian tiedonhaku \/ UEF kirjasto\",\"isPartOf\":{\"@id\":\"https:\/\/blogs.uef.fi\/tiedonhaku-kemia\/#website\"},\"primaryImageOfPage\":{\"@id\":\"https:\/\/blogs.uef.fi\/tiedonhaku-kemia\/hakukoneet\/opinnaytteiden-hakeminen\/#primaryimage\"},\"image\":{\"@id\":\"https:\/\/blogs.uef.fi\/tiedonhaku-kemia\/hakukoneet\/opinnaytteiden-hakeminen\/#primaryimage\"},\"thumbnailUrl\":\"https:\/\/blogs.uef.fi\/tiedonhaku-kemia\/wp-content\/uploads\/sites\/177\/2022\/05\/primo_rajaus.png\",\"datePublished\":\"2022-03-28T07:19:30+00:00\",\"dateModified\":\"2025-01-23T08:18:08+00:00\",\"breadcrumb\":{\"@id\":\"https:\/\/blogs.uef.fi\/tiedonhaku-kemia\/hakukoneet\/opinnaytteiden-hakeminen\/#breadcrumb\"},\"inLanguage\":\"fi\",\"potentialAction\":[{\"@type\":\"ReadAction\",\"target\":[\"https:\/\/blogs.uef.fi\/tiedonhaku-kemia\/hakukoneet\/opinnaytteiden-hakeminen\/\"]}]},{\"@type\":\"ImageObject\",\"inLanguage\":\"fi\",\"@id\":\"https:\/\/blogs.uef.fi\/tiedonhaku-kemia\/hakukoneet\/opinnaytteiden-hakeminen\/#primaryimage\",\"url\":\"https:\/\/blogs.uef.fi\/tiedonhaku-kemia\/wp-content\/uploads\/sites\/177\/2022\/05\/primo_rajaus.png\",\"contentUrl\":\"https:\/\/blogs.uef.fi\/tiedonhaku-kemia\/wp-content\/uploads\/sites\/177\/2022\/05\/primo_rajaus.png\",\"width\":331,\"height\":617},{\"@type\":\"BreadcrumbList\",\"@id\":\"https:\/\/blogs.uef.fi\/tiedonhaku-kemia\/hakukoneet\/opinnaytteiden-hakeminen\/#breadcrumb\",\"itemListElement\":[{\"@type\":\"ListItem\",\"position\":1,\"name\":\"Home\",\"item\":\"https:\/\/blogs.uef.fi\/tiedonhaku-kemia\/\"},{\"@type\":\"ListItem\",\"position\":2,\"name\":\"Hakukoneet\",\"item\":\"https:\/\/blogs.uef.fi\/tiedonhaku-kemia\/hakukoneet\/\"},{\"@type\":\"ListItem\",\"position\":3,\"name\":\"Opinn\u00e4ytteiden hakeminen\"}]},{\"@type\":\"WebSite\",\"@id\":\"https:\/\/blogs.uef.fi\/tiedonhaku-kemia\/#website\",\"url\":\"https:\/\/blogs.uef.fi\/tiedonhaku-kemia\/\",\"name\":\"Kemian tiedonhaku \/ UEF kirjasto\",\"description\":\"Kemian tiedonhaku on kattava oppimateriaali tiedonhakuun kemisteille. Se sis\u00e4lt\u00e4\u00e4 yleiset tiedonhaun tekniikat sek\u00e4 kemian alan tiedonl\u00e4hteet ohjeineen ja esimerkkihakuineen.\",\"potentialAction\":[{\"@type\":\"SearchAction\",\"target\":{\"@type\":\"EntryPoint\",\"urlTemplate\":\"https:\/\/blogs.uef.fi\/tiedonhaku-kemia\/?s={search_term_string}\"},\"query-input\":{\"@type\":\"PropertyValueSpecification\",\"valueRequired\":true,\"valueName\":\"search_term_string\"}}],\"inLanguage\":\"fi\"}]}<\/script>\n<!-- \/ Yoast SEO plugin. -->","yoast_head_json":{"title":"Opinn\u00e4ytteiden hakeminen - Kemian tiedonhaku \/ UEF kirjasto","robots":{"index":"index","follow":"follow","max-snippet":"max-snippet:-1","max-image-preview":"max-image-preview:large","max-video-preview":"max-video-preview:-1"},"canonical":"https:\/\/blogs.uef.fi\/tiedonhaku-kemia\/hakukoneet\/opinnaytteiden-hakeminen\/","og_locale":"fi_FI","og_type":"article","og_title":"Opinn\u00e4ytteiden hakeminen - Kemian tiedonhaku \/ UEF kirjasto","og_description":"Opinn\u00e4ytteet eli v\u00e4it\u00f6skirjat ja gradut tallennetaan korkeakoulujen omiin julkaisuarkistoihin. Tiedot opinn\u00e4ytteist\u00e4 tallentaan kirjastotietokantoihin. Vanhemmat opinn\u00e4ytteet (UEFissa ennen vuotta 2012) ovat kirjastoissa vain painettuina tai mikrotallenteina. Opinn\u00e4ytteit\u00e4 voisi siis hakea esimerkiksi: Kuinka erottelet tietokannoista opinn\u00e4ytteet Voit tehd\u00e4 normaalisti aiheenmukaista hakua kirjastotietokannassa. Kun hakutulos on valmis, voit rajata tulokseen vain opinn\u00e4ytteet. Huomaa, ett\u00e4 kandit\u00f6it\u00e4 tallentavat kirjastotietokantoihin vain [&hellip;]","og_url":"https:\/\/blogs.uef.fi\/tiedonhaku-kemia\/hakukoneet\/opinnaytteiden-hakeminen\/","og_site_name":"Kemian tiedonhaku \/ UEF kirjasto","article_modified_time":"2025-01-23T08:18:08+00:00","og_image":[{"width":331,"height":617,"url":"https:\/\/blogs.uef.fi\/tiedonhaku-kemia\/wp-content\/uploads\/sites\/177\/2022\/05\/primo_rajaus.png","type":"image\/png"}],"twitter_card":"summary_large_image","twitter_misc":{"Arvioitu lukuaika":"3 minuuttia"},"schema":{"@context":"https:\/\/schema.org","@graph":[{"@type":"WebPage","@id":"https:\/\/blogs.uef.fi\/tiedonhaku-kemia\/hakukoneet\/opinnaytteiden-hakeminen\/","url":"https:\/\/blogs.uef.fi\/tiedonhaku-kemia\/hakukoneet\/opinnaytteiden-hakeminen\/","name":"Opinn\u00e4ytteiden hakeminen - Kemian tiedonhaku \/ UEF kirjasto","isPartOf":{"@id":"https:\/\/blogs.uef.fi\/tiedonhaku-kemia\/#website"},"primaryImageOfPage":{"@id":"https:\/\/blogs.uef.fi\/tiedonhaku-kemia\/hakukoneet\/opinnaytteiden-hakeminen\/#primaryimage"},"image":{"@id":"https:\/\/blogs.uef.fi\/tiedonhaku-kemia\/hakukoneet\/opinnaytteiden-hakeminen\/#primaryimage"},"thumbnailUrl":"https:\/\/blogs.uef.fi\/tiedonhaku-kemia\/wp-content\/uploads\/sites\/177\/2022\/05\/primo_rajaus.png","datePublished":"2022-03-28T07:19:30+00:00","dateModified":"2025-01-23T08:18:08+00:00","breadcrumb":{"@id":"https:\/\/blogs.uef.fi\/tiedonhaku-kemia\/hakukoneet\/opinnaytteiden-hakeminen\/#breadcrumb"},"inLanguage":"fi","potentialAction":[{"@type":"ReadAction","target":["https:\/\/blogs.uef.fi\/tiedonhaku-kemia\/hakukoneet\/opinnaytteiden-hakeminen\/"]}]},{"@type":"ImageObject","inLanguage":"fi","@id":"https:\/\/blogs.uef.fi\/tiedonhaku-kemia\/hakukoneet\/opinnaytteiden-hakeminen\/#primaryimage","url":"https:\/\/blogs.uef.fi\/tiedonhaku-kemia\/wp-content\/uploads\/sites\/177\/2022\/05\/primo_rajaus.png","contentUrl":"https:\/\/blogs.uef.fi\/tiedonhaku-kemia\/wp-content\/uploads\/sites\/177\/2022\/05\/primo_rajaus.png","width":331,"height":617},{"@type":"BreadcrumbList","@id":"https:\/\/blogs.uef.fi\/tiedonhaku-kemia\/hakukoneet\/opinnaytteiden-hakeminen\/#breadcrumb","itemListElement":[{"@type":"ListItem","position":1,"name":"Home","item":"https:\/\/blogs.uef.fi\/tiedonhaku-kemia\/"},{"@type":"ListItem","position":2,"name":"Hakukoneet","item":"https:\/\/blogs.uef.fi\/tiedonhaku-kemia\/hakukoneet\/"},{"@type":"ListItem","position":3,"name":"Opinn\u00e4ytteiden hakeminen"}]},{"@type":"WebSite","@id":"https:\/\/blogs.uef.fi\/tiedonhaku-kemia\/#website","url":"https:\/\/blogs.uef.fi\/tiedonhaku-kemia\/","name":"Kemian tiedonhaku \/ UEF kirjasto","description":"Kemian tiedonhaku on kattava oppimateriaali tiedonhakuun kemisteille. Se sis\u00e4lt\u00e4\u00e4 yleiset tiedonhaun tekniikat sek\u00e4 kemian alan tiedonl\u00e4hteet ohjeineen ja esimerkkihakuineen.","potentialAction":[{"@type":"SearchAction","target":{"@type":"EntryPoint","urlTemplate":"https:\/\/blogs.uef.fi\/tiedonhaku-kemia\/?s={search_term_string}"},"query-input":{"@type":"PropertyValueSpecification","valueRequired":true,"valueName":"search_term_string"}}],"inLanguage":"fi"}]}},"_links":{"self":[{"href":"https:\/\/blogs.uef.fi\/tiedonhaku-kemia\/wp-json\/wp\/v2\/pages\/995","targetHints":{"allow":["GET"]}}],"collection":[{"href":"https:\/\/blogs.uef.fi\/tiedonhaku-kemia\/wp-json\/wp\/v2\/pages"}],"about":[{"href":"https:\/\/blogs.uef.fi\/tiedonhaku-kemia\/wp-json\/wp\/v2\/types\/page"}],"author":[{"embeddable":true,"href":"https:\/\/blogs.uef.fi\/tiedonhaku-kemia\/wp-json\/wp\/v2\/users\/127"}],"replies":[{"embeddable":true,"href":"https:\/\/blogs.uef.fi\/tiedonhaku-kemia\/wp-json\/wp\/v2\/comments?post=995"}],"version-history":[{"count":2,"href":"https:\/\/blogs.uef.fi\/tiedonhaku-kemia\/wp-json\/wp\/v2\/pages\/995\/revisions"}],"predecessor-version":[{"id":3560,"href":"https:\/\/blogs.uef.fi\/tiedonhaku-kemia\/wp-json\/wp\/v2\/pages\/995\/revisions\/3560"}],"up":[{"embeddable":true,"href":"https:\/\/blogs.uef.fi\/tiedonhaku-kemia\/wp-json\/wp\/v2\/pages\/581"}],"wp:attachment":[{"href":"https:\/\/blogs.uef.fi\/tiedonhaku-kemia\/wp-json\/wp\/v2\/media?parent=995"}],"curies":[{"name":"wp","href":"https:\/\/api.w.org\/{rel}","templated":true}]}}