{"id":986,"date":"2022-03-28T09:02:07","date_gmt":"2022-03-28T07:02:07","guid":{"rendered":"https:\/\/blogs.uef.fi\/tiedonhaku-kemia\/?page_id=986"},"modified":"2026-01-27T15:52:48","modified_gmt":"2026-01-27T13:52:48","slug":"kirjojen-hakeminen","status":"publish","type":"page","link":"https:\/\/blogs.uef.fi\/tiedonhaku-kemia\/hakukoneet\/kirjojen-hakeminen\/","title":{"rendered":"Kirjojen hakeminen"},"content":{"rendered":"\n<p>Kirjat ovat hy\u00f6dyllisi\u00e4 l\u00e4hteit\u00e4, kun halutaan <strong>kokonaiskuva jostakin aiheesta, perustietoja ja -k\u00e4sitteit\u00e4, historiaa.<\/strong><\/p>\n\n\n\n<h2 class=\"wp-block-heading\">K\u00e4yt\u00e4 kirjastotietokantoja kirjojen ja sarjojen hakemiseen<\/h2>\n\n\n\n<p>Kirjoja l\u00f6yt\u00e4\u00e4 helpoiten kirjastojen kokoelmatietokannoista. Jokaisella kirjastolla on toistaiseksi oma kokoelmatietokantansa, joista l\u00f6ytyy tietoja kirjojen lis\u00e4ksi my\u00f6s:<\/p>\n\n\n\n<ul class=\"wp-block-list\">\n<li><strong>julkaisusarjoissa<\/strong> ilmestyneist\u00e4 tutkimusraporteista ja selvityksist\u00e4 yms. (ei koske vain verkossa julkaistuja aineistoja)<\/li>\n\n\n\n<li><strong>v\u00e4it\u00f6skirjoista<\/strong> ja muista opinn\u00e4ytet\u00f6ist\u00e4<\/li>\n\n\n\n<li><strong>lehdist\u00e4<\/strong> (lehden nimell\u00e4)<\/li>\n<\/ul>\n\n\n\n<p>UEF kirjaston kokoelmatietokanta on upotettu <strong><a href=\"https:\/\/primo.uef.fi\" target=\"_blank\" rel=\"noreferrer noopener\">UEF-Primoon<\/a>: haku kirjaston kokoelmista. <\/strong><\/p>\n\n\n\n<p>UEF-Primossa n\u00e4kyy edell\u00e4mainittujen lis\u00e4ksi tiedot<\/p>\n\n\n\n<ul class=\"wp-block-list\">\n<li><strong>tietokannoista<\/strong> ja muista hakupalveluista<\/li>\n\n\n\n<li><strong>vapaakappaleista<\/strong><\/li>\n<\/ul>\n\n\n\n<p><strong>Sarjoja<\/strong> ja niiden osia haetaan kuten kirjojakin. Erona on vain se, ett\u00e4 sek\u00e4 <strong>sarjan nimi<\/strong> ett\u00e4 <strong>osan nimi<\/strong> voivat olla haun kohteena.<\/p>\n\n\n\n<p>Lue lis\u00e4\u00e4 erityyppisten aineistojen j\u00e4ljitt\u00e4misest\u00e4 ja k\u00e4sillesaamisesta, mm. vapaakappeleet, luvusta Saatavuus (linkki aukeaa uuteen ikkunaan).<\/p>\n\n\n\n<h2 class=\"wp-block-heading\">Hakulauseet kirjastotietokannoissa<\/h2>\n\n\n\n<ul class=\"wp-block-list\">\n<li>Tavallisessa kirjastotietokannassa kannattaa k\u00e4ytt\u00e4\u00e4 <strong>niukasti AND-operaatioita<\/strong> \u2013 poikkeuksiakin toki on.<\/li>\n\n\n\n<li>Sen sijaan on hyv\u00e4 muistaa <strong>vaihtoehtoiset hakusanat ja OR-operaattori<\/strong>.<\/li>\n\n\n\n<li>Kirjoja kannattaa usein hakea my\u00f6s <strong>omaa aihetta laajemmin<\/strong>.<\/li>\n<\/ul>\n\n\n\n<p>Kirjassa voi olla yksitt\u00e4inen luku aiheestasi, mutta tietokantaan tallennetut asiasanat (eli  sis\u00e4ll\u00f6nkuvailu) ei kerro yksitt\u00e4isten lukujen aiheesta kovin tarkasti, eik\u00e4 tietokantoihin ole tallennettu sis\u00e4llysluetteloita l\u00e4hesk\u00e4\u00e4n kaikista kirjoista.<\/p>\n\n\n\n<p>Kokoomateosten yksitt\u00e4isi\u00e4 artikkeleita ei aina tallenneta erikseen kirjastotietokantaan, joten niidenkin sis\u00e4ll\u00f6nkuvailu on usein melko yleisell\u00e4 tasolla eik\u00e4 tee oikeutta yksitt\u00e4isille artikkeleille.<\/p>\n\n\n\n<h2 class=\"wp-block-heading\">Vinkkej\u00e4 kirjojen hakuun UEF-Primossa:<\/h2>\n\n\n\n<ul class=\"wp-block-list\">\n<li>kaikki aineisto<strong> ei l\u00f6ydy suomenkielisill\u00e4<\/strong> hakusanoilla (vanhempi aineisto, e-kirjat, sis\u00e4llysluettelot)<\/li>\n\n\n\n<li>voit hyvin testata aluksi <strong>yksitt\u00e4isi\u00e4<\/strong> selkeit\u00e4 hakutermej\u00e4<\/li>\n\n\n\n<li>muista k\u00e4ytt\u00e4\u00e4 <strong>katkaisumerkki\u00e4<\/strong> taivutusmuotojen l\u00f6yt\u00e4miseksi<\/li>\n\n\n\n<li>vanhempi aineisto (ennen vuotta 1990) ei juurikaan sis\u00e4ll\u00e4 asiasanoitusta, eli tarttumapintaa hakuun on niukasti \u2013 l\u00e4hinn\u00e4 vain <strong>otsikon sanat<\/strong><\/li>\n<\/ul>\n\n\n\n<p>UEF-Primon hakutekniset yksityiskohdat on kerrottu edellisess\u00e4 luvussa: <a href=\"https:\/\/blogs.uef.fi\/tiedonhaku-kemia\/aloita-uef-primosta\/\">Aloita UEF-Primosta.<\/a><\/p>\n\n\n\n<h2 class=\"wp-block-heading\">Hakuesimerkkej\u00e4 UEF-Primosta<\/h2>\n\n\n\n<p>Voit kokeilla perushaussa yksinkertaista hakua, jotta saat tuntumaa aiheeseen.<\/p>\n\n\n\n<figure class=\"wp-block-image size-full is-resized\"><img loading=\"lazy\" decoding=\"async\" width=\"1422\" height=\"373\" src=\"https:\/\/blogs.uef.fi\/tiedonhaku-kemia\/wp-content\/uploads\/sites\/177\/2022\/05\/KEM_UP_pika.png\" alt=\"Kuvakaappaus UEF Primon perushausta. Hakuriville kirjoitettu hakusanat: kemia opetus. Hakukohteena rivin p\u00e4\u00e4ss\u00e4 on Kirjaston kokoelmat.\" class=\"wp-image-1927\" srcset=\"https:\/\/blogs.uef.fi\/tiedonhaku-kemia\/wp-content\/uploads\/sites\/177\/2022\/05\/KEM_UP_pika.png 1422w, https:\/\/blogs.uef.fi\/tiedonhaku-kemia\/wp-content\/uploads\/sites\/177\/2022\/05\/KEM_UP_pika-300x79.png 300w, https:\/\/blogs.uef.fi\/tiedonhaku-kemia\/wp-content\/uploads\/sites\/177\/2022\/05\/KEM_UP_pika-1024x269.png 1024w, https:\/\/blogs.uef.fi\/tiedonhaku-kemia\/wp-content\/uploads\/sites\/177\/2022\/05\/KEM_UP_pika-768x201.png 768w\" sizes=\"auto, (max-width: 1422px) 100vw, 1422px\" \/><figcaption class=\"wp-element-caption\"><em>T\u00e4ss\u00e4 sanojen v\u00e4liin ei ole erikseen kirjoitettu AND-operaattoria, vaikka senkin voisi toki tehd\u00e4. Hakusanoja ei ole t\u00e4ss\u00e4 haussa katkaistu, koska ne noudattavat asiasanaston (YSO) muotoa. Haulla et siis saa ihan kaikkea aiheeseen liittyv\u00e4\u00e4. Kuitenkin haku on selv\u00e4sti parempi kuin luonnollisen kielen mukainen <\/em>kemian opetus<em> olisi!<\/em><\/figcaption><\/figure>\n\n\n\n<p>Perushakuun voit laatia my\u00f6s t\u00e4ydellisempi\u00e4 hakulauseita. Koska UEF-Primosta kannattaa hakea ainakin sek\u00e4 suomeksi ett\u00e4 englanniksi, voi hakulauseenkin laatia kaksikieliseksi.<\/p>\n\n\n\n<figure class=\"wp-block-image size-full is-resized\"><img loading=\"lazy\" decoding=\"async\" width=\"1424\" height=\"234\" src=\"https:\/\/blogs.uef.fi\/tiedonhaku-kemia\/wp-content\/uploads\/sites\/177\/2022\/05\/KEM_UP_perus.png\" alt=\"Kuvakaappaus UEF Primon perushausta. Hakuriville kirjoitettu hakulause: (puolimetall* OR metalloid* OR semi-metal*) AND (maaper\u00e4* OR soil*). Hakukohteena rivin p\u00e4\u00e4ss\u00e4 on Kirjaston kokoelmat.\" class=\"wp-image-1933\" srcset=\"https:\/\/blogs.uef.fi\/tiedonhaku-kemia\/wp-content\/uploads\/sites\/177\/2022\/05\/KEM_UP_perus.png 1424w, https:\/\/blogs.uef.fi\/tiedonhaku-kemia\/wp-content\/uploads\/sites\/177\/2022\/05\/KEM_UP_perus-300x49.png 300w, https:\/\/blogs.uef.fi\/tiedonhaku-kemia\/wp-content\/uploads\/sites\/177\/2022\/05\/KEM_UP_perus-1024x168.png 1024w, https:\/\/blogs.uef.fi\/tiedonhaku-kemia\/wp-content\/uploads\/sites\/177\/2022\/05\/KEM_UP_perus-768x126.png 768w\" sizes=\"auto, (max-width: 1424px) 100vw, 1424px\" \/><figcaption class=\"wp-element-caption\"><em>Muista kirjoittaa operaattorit isolla ja lis\u00e4t\u00e4 sulkeet OR-operaation ymp\u00e4rille, jotta hakulogiikka toimii oikein.<\/em><\/figcaption><\/figure>\n\n\n\n<p>Tarkennettuun hakuun on helpompi kirjoittaa pidempi\u00e4 hakulauseita. Lis\u00e4ksi tarkennetussa haussa voit valita eri riveille eri kentti\u00e4, joista sanoja haetaan.<\/p>\n\n\n\n<figure class=\"wp-block-image size-full is-resized\"><img loading=\"lazy\" decoding=\"async\" width=\"1057\" height=\"607\" src=\"https:\/\/blogs.uef.fi\/tiedonhaku-kemia\/wp-content\/uploads\/sites\/177\/2022\/05\/KEM_UP_tarkennettu.png\" alt=\"Kuvakaappaus. UEF-Primon tarkennettu haku. Haun kohteena Kirjaston kokoelmat (valinta vasemmalla ylh\u00e4\u00e4ll\u00e4). Ensimm\u00e4isell\u00e4 rivill\u00e4 lukee: kemia. Hakukent\u00e4ksi ennen hakusanaa on valittu Aihe. Toisella rivill\u00e4 lukee: oppimateriaalit OR oppikirjat. Hakukent\u00e4ksi ennen hakusanaa on valittu Aihe. Kolmannella rivill\u00e4 lukee: lukio*. Hakukent\u00e4ksi ennen hakusanaa on valittu Kaikki kent\u00e4t. Rivien v\u00e4lill\u00e4 on AND-operaattori.\" class=\"wp-image-1930\" srcset=\"https:\/\/blogs.uef.fi\/tiedonhaku-kemia\/wp-content\/uploads\/sites\/177\/2022\/05\/KEM_UP_tarkennettu.png 1057w, https:\/\/blogs.uef.fi\/tiedonhaku-kemia\/wp-content\/uploads\/sites\/177\/2022\/05\/KEM_UP_tarkennettu-300x172.png 300w, https:\/\/blogs.uef.fi\/tiedonhaku-kemia\/wp-content\/uploads\/sites\/177\/2022\/05\/KEM_UP_tarkennettu-1024x588.png 1024w, https:\/\/blogs.uef.fi\/tiedonhaku-kemia\/wp-content\/uploads\/sites\/177\/2022\/05\/KEM_UP_tarkennettu-768x441.png 768w\" sizes=\"auto, (max-width: 1057px) 100vw, 1057px\" \/><figcaption class=\"wp-element-caption\"><em>Huomaa, ett\u00e4 kun k\u00e4ytet\u00e4\u00e4n Aihe-kentt\u00e4\u00e4, sanoja ei tarvitse katkaista, kun k\u00e4ytt\u00e4\u00e4 sanaston mukaista sanamuotoa. Sen sijaan kaikista kentist\u00e4 hakiessa hakusana kannattaa katkaista: <\/em>lukio*<\/figcaption><\/figure>\n\n\n\n<h2 class=\"wp-block-heading\">E-kirjat<\/h2>\n\n\n\n<p>E-kirjojen tiedot on tallennettu UEF-Primoon ja l\u00f6yd\u00e4t niit\u00e4 sielt\u00e4 erityisesti jos k\u00e4yt\u00e4t <strong>englanninkielisi\u00e4 hakusanoja<\/strong>. Mutta jos haluat tehd\u00e4 hakua my\u00f6s kirjojen kokotekstist\u00e4, sinun pit\u00e4\u00e4 k\u00e4ytt\u00e4\u00e4 <strong>e-kirjatietokantojen omia k\u00e4ytt\u00f6liittymi\u00e4<\/strong>.<\/p>\n\n\n\n<h3 class=\"wp-block-heading\">E-kirjatietokannoista voi tehd\u00e4 kokotekstihakua<\/h3>\n\n\n\n<p>Kokotekstihausta on hy\u00f6ty\u00e4 silloin, jos etsit kirjasta jotakin pienemp\u00e4\u00e4 yksityiskohtaa tai tietty\u00e4 yksitt\u00e4ist\u00e4 termi\u00e4, joka liittyy johonkin \u201dharvinaiseen\u201d, v\u00e4h\u00e4n k\u00e4siteltyyn asiaan.<\/p>\n\n\n\n<ul class=\"wp-block-list\">\n<li><a href=\"https:\/\/primo.uef.fi\/permalink\/358FIN_UOEF\/mhajq\/alma9911701123705966\" target=\"_blank\" rel=\"noreferrer noopener\">Ebsco eBook Collection<\/a> (linkki aukeaa uuteen v\u00e4lilehteen)<\/li>\n\n\n\n<li><a href=\"https:\/\/primo.uef.fi\/permalink\/358FIN_UOEF\/mhajq\/alma9911697663705966\" target=\"_blank\" rel=\"noreferrer noopener\">Ebook Central<\/a> (linkki aukeaa uuteen v\u00e4lilehteen)<\/li>\n<\/ul>\n\n\n\n<h2 class=\"wp-block-heading\">Kansallinen Finna.fi kertoo laajasti kotimaista aineistoista<\/h2>\n\n\n\n<p><a href=\"https:\/\/finna.fi\" target=\"_blank\" rel=\"noreferrer noopener\">Finna.fi <\/a>(linkki aukeaa uuteen v\u00e4lilehteen) sis\u00e4lt\u00e4\u00e4 suomalaisten kirjastojen kirjastotietokannat sek\u00e4 ns. kansallisbibliografian, johon on tallennettu tiedot kaikista Suomessa julkaistuista kirjoista 1400-luvulta alkaen. Kansallisbibliografialle on <a href=\"https:\/\/kansalliskirjasto.finna.fi\/Search\/Results?limit=0&amp;filter%5B%5D=%7Ecollection%3A%22FEN%22&amp;filter%5B%5D=%7Ecollection%3A%22VIO%22&amp;hiddenFilters%5B%5D=building%3A%220%2FNLF%2F%22&amp;hiddenFilters%5B%5D=-building%3A%221%2FNLF%2Farto%2F%22&amp;type=AllFields\" target=\"_blank\" rel=\"noreferrer noopener\">oma k\u00e4ytt\u00f6liittym\u00e4<\/a> Kansalliskirjaston Finnassa (linkki aukeaa uuteen v\u00e4lilehteen).<\/p>\n\n\n\n<p>Finnasta saat siis UEF-Primoa laajemman kuvan erityisesti painetusta kirjallisuudesta. E-kirjojen tietoja kaikki kirjastot eiv\u00e4t ole tallentaneet Finnaan, ei my\u00f6sk\u00e4\u00e4n UEF kirjasto. Muiden kirjastojen kirjoja voit lainata kaukopalvelun kautta (lis\u00e4\u00e4 t\u00e4st\u00e4 luvussa Saatavuus).<\/p>\n\n\n\n<p>Finnan hakuohjeet ovat edellisen luvun taulukossa: <a href=\"https:\/\/blogs.uef.fi\/tiedonhaku-kemia\/artikkelien-hakeminen\/\">Artikkelien hakeminen<\/a>.<\/p>\n\n\n\n<h2 class=\"wp-block-heading\">Google Books haku ulottuu kirjojen kokotekstiin<\/h2>\n\n\n\n<p><a href=\"http:\/\/books.google.fi\" target=\"_blank\" rel=\"noreferrer noopener\">Google Books\u2018<\/a>in (linkki aukeaa uuteen v\u00e4lilehteen) avulla voit my\u00f6s <strong>kohdistaa hakua kirjojen kokotekstiin<\/strong>. Valikoima Google Books\u2019issa on hyvin laaja, mutta kaikkia kirjoja ei p\u00e4\u00e4se lukemaan tekij\u00e4noikeussyist\u00e4. Yleens\u00e4 voit kuitenkin lukea osia kirjasta ja jos tarvitset koko kirjan, voit tarkistaa onko kirjastossa sit\u00e4 saatavilla.<\/p>\n\n\n\n<p class=\"has-text-align-right\">Seuraava sivu: <a href=\"https:\/\/blogs.uef.fi\/tiedonhaku-kemia\/opinnaytteiden-hakeminen\/\">Opinn\u00e4ytteiden hakeminen<\/a><\/p>\n","protected":false},"excerpt":{"rendered":"<p>Kirjat ovat hy\u00f6dyllisi\u00e4 l\u00e4hteit\u00e4, kun halutaan kokonaiskuva jostakin aiheesta, perustietoja ja -k\u00e4sitteit\u00e4, historiaa. K\u00e4yt\u00e4 kirjastotietokantoja kirjojen ja sarjojen hakemiseen Kirjoja l\u00f6yt\u00e4\u00e4 helpoiten kirjastojen kokoelmatietokannoista. Jokaisella kirjastolla on toistaiseksi oma kokoelmatietokantansa, joista l\u00f6ytyy tietoja kirjojen lis\u00e4ksi my\u00f6s: UEF kirjaston kokoelmatietokanta on upotettu UEF-Primoon: haku kirjaston kokoelmista. UEF-Primossa n\u00e4kyy edell\u00e4mainittujen lis\u00e4ksi tiedot Sarjoja ja niiden osia haetaan [&hellip;]<\/p>\n","protected":false},"author":127,"featured_media":0,"parent":581,"menu_order":0,"comment_status":"closed","ping_status":"closed","template":"","meta":{"_acf_changed":false,"footnotes":""},"class_list":["post-986","page","type-page","status-publish","hentry"],"acf":[],"yoast_head":"<!-- This site is optimized with the Yoast SEO plugin v27.3 - https:\/\/yoast.com\/product\/yoast-seo-wordpress\/ -->\n<title>Kirjojen hakeminen - Kemian tiedonhaku \/ UEF kirjasto<\/title>\n<meta name=\"robots\" content=\"index, follow, max-snippet:-1, max-image-preview:large, max-video-preview:-1\" \/>\n<link rel=\"canonical\" href=\"https:\/\/blogs.uef.fi\/tiedonhaku-kemia\/hakukoneet\/kirjojen-hakeminen\/\" \/>\n<meta property=\"og:locale\" content=\"fi_FI\" \/>\n<meta property=\"og:type\" content=\"article\" \/>\n<meta property=\"og:title\" content=\"Kirjojen hakeminen - Kemian tiedonhaku \/ UEF kirjasto\" \/>\n<meta property=\"og:description\" content=\"Kirjat ovat hy\u00f6dyllisi\u00e4 l\u00e4hteit\u00e4, kun halutaan kokonaiskuva jostakin aiheesta, perustietoja ja -k\u00e4sitteit\u00e4, historiaa. K\u00e4yt\u00e4 kirjastotietokantoja kirjojen ja sarjojen hakemiseen Kirjoja l\u00f6yt\u00e4\u00e4 helpoiten kirjastojen kokoelmatietokannoista. Jokaisella kirjastolla on toistaiseksi oma kokoelmatietokantansa, joista l\u00f6ytyy tietoja kirjojen lis\u00e4ksi my\u00f6s: UEF kirjaston kokoelmatietokanta on upotettu UEF-Primoon: haku kirjaston kokoelmista. UEF-Primossa n\u00e4kyy edell\u00e4mainittujen lis\u00e4ksi tiedot Sarjoja ja niiden osia haetaan [&hellip;]\" \/>\n<meta property=\"og:url\" content=\"https:\/\/blogs.uef.fi\/tiedonhaku-kemia\/hakukoneet\/kirjojen-hakeminen\/\" \/>\n<meta property=\"og:site_name\" content=\"Kemian tiedonhaku \/ UEF kirjasto\" \/>\n<meta property=\"article:modified_time\" content=\"2026-01-27T13:52:48+00:00\" \/>\n<meta property=\"og:image\" content=\"https:\/\/blogs.uef.fi\/tiedonhaku-kemia\/wp-content\/uploads\/sites\/177\/2022\/05\/KEM_UP_pika.png\" \/>\n\t<meta property=\"og:image:width\" content=\"1422\" \/>\n\t<meta property=\"og:image:height\" content=\"373\" \/>\n\t<meta property=\"og:image:type\" content=\"image\/png\" \/>\n<meta name=\"twitter:card\" content=\"summary_large_image\" \/>\n<meta name=\"twitter:label1\" content=\"Arvioitu lukuaika\" \/>\n\t<meta name=\"twitter:data1\" content=\"5 minuuttia\" \/>\n<script type=\"application\/ld+json\" class=\"yoast-schema-graph\">{\"@context\":\"https:\\\/\\\/schema.org\",\"@graph\":[{\"@type\":\"WebPage\",\"@id\":\"https:\\\/\\\/blogs.uef.fi\\\/tiedonhaku-kemia\\\/hakukoneet\\\/kirjojen-hakeminen\\\/\",\"url\":\"https:\\\/\\\/blogs.uef.fi\\\/tiedonhaku-kemia\\\/hakukoneet\\\/kirjojen-hakeminen\\\/\",\"name\":\"Kirjojen hakeminen - Kemian tiedonhaku \\\/ UEF kirjasto\",\"isPartOf\":{\"@id\":\"https:\\\/\\\/blogs.uef.fi\\\/tiedonhaku-kemia\\\/#website\"},\"primaryImageOfPage\":{\"@id\":\"https:\\\/\\\/blogs.uef.fi\\\/tiedonhaku-kemia\\\/hakukoneet\\\/kirjojen-hakeminen\\\/#primaryimage\"},\"image\":{\"@id\":\"https:\\\/\\\/blogs.uef.fi\\\/tiedonhaku-kemia\\\/hakukoneet\\\/kirjojen-hakeminen\\\/#primaryimage\"},\"thumbnailUrl\":\"https:\\\/\\\/blogs.uef.fi\\\/tiedonhaku-kemia\\\/wp-content\\\/uploads\\\/sites\\\/177\\\/2022\\\/05\\\/KEM_UP_pika.png\",\"datePublished\":\"2022-03-28T07:02:07+00:00\",\"dateModified\":\"2026-01-27T13:52:48+00:00\",\"breadcrumb\":{\"@id\":\"https:\\\/\\\/blogs.uef.fi\\\/tiedonhaku-kemia\\\/hakukoneet\\\/kirjojen-hakeminen\\\/#breadcrumb\"},\"inLanguage\":\"fi\",\"potentialAction\":[{\"@type\":\"ReadAction\",\"target\":[\"https:\\\/\\\/blogs.uef.fi\\\/tiedonhaku-kemia\\\/hakukoneet\\\/kirjojen-hakeminen\\\/\"]}]},{\"@type\":\"ImageObject\",\"inLanguage\":\"fi\",\"@id\":\"https:\\\/\\\/blogs.uef.fi\\\/tiedonhaku-kemia\\\/hakukoneet\\\/kirjojen-hakeminen\\\/#primaryimage\",\"url\":\"https:\\\/\\\/blogs.uef.fi\\\/tiedonhaku-kemia\\\/wp-content\\\/uploads\\\/sites\\\/177\\\/2022\\\/05\\\/KEM_UP_pika.png\",\"contentUrl\":\"https:\\\/\\\/blogs.uef.fi\\\/tiedonhaku-kemia\\\/wp-content\\\/uploads\\\/sites\\\/177\\\/2022\\\/05\\\/KEM_UP_pika.png\",\"width\":1422,\"height\":373},{\"@type\":\"BreadcrumbList\",\"@id\":\"https:\\\/\\\/blogs.uef.fi\\\/tiedonhaku-kemia\\\/hakukoneet\\\/kirjojen-hakeminen\\\/#breadcrumb\",\"itemListElement\":[{\"@type\":\"ListItem\",\"position\":1,\"name\":\"Home\",\"item\":\"https:\\\/\\\/blogs.uef.fi\\\/tiedonhaku-kemia\\\/\"},{\"@type\":\"ListItem\",\"position\":2,\"name\":\"Hakukoneet\",\"item\":\"https:\\\/\\\/blogs.uef.fi\\\/tiedonhaku-kemia\\\/hakukoneet\\\/\"},{\"@type\":\"ListItem\",\"position\":3,\"name\":\"Kirjojen hakeminen\"}]},{\"@type\":\"WebSite\",\"@id\":\"https:\\\/\\\/blogs.uef.fi\\\/tiedonhaku-kemia\\\/#website\",\"url\":\"https:\\\/\\\/blogs.uef.fi\\\/tiedonhaku-kemia\\\/\",\"name\":\"Kemian tiedonhaku \\\/ UEF kirjasto\",\"description\":\"Kemian tiedonhaku on kattava oppimateriaali tiedonhakuun kemisteille. Se sis\u00e4lt\u00e4\u00e4 yleiset tiedonhaun tekniikat sek\u00e4 kemian alan tiedonl\u00e4hteet ohjeineen ja esimerkkihakuineen.\",\"potentialAction\":[{\"@type\":\"SearchAction\",\"target\":{\"@type\":\"EntryPoint\",\"urlTemplate\":\"https:\\\/\\\/blogs.uef.fi\\\/tiedonhaku-kemia\\\/?s={search_term_string}\"},\"query-input\":{\"@type\":\"PropertyValueSpecification\",\"valueRequired\":true,\"valueName\":\"search_term_string\"}}],\"inLanguage\":\"fi\"}]}<\/script>\n<!-- \/ Yoast SEO plugin. -->","yoast_head_json":{"title":"Kirjojen hakeminen - Kemian tiedonhaku \/ UEF kirjasto","robots":{"index":"index","follow":"follow","max-snippet":"max-snippet:-1","max-image-preview":"max-image-preview:large","max-video-preview":"max-video-preview:-1"},"canonical":"https:\/\/blogs.uef.fi\/tiedonhaku-kemia\/hakukoneet\/kirjojen-hakeminen\/","og_locale":"fi_FI","og_type":"article","og_title":"Kirjojen hakeminen - Kemian tiedonhaku \/ UEF kirjasto","og_description":"Kirjat ovat hy\u00f6dyllisi\u00e4 l\u00e4hteit\u00e4, kun halutaan kokonaiskuva jostakin aiheesta, perustietoja ja -k\u00e4sitteit\u00e4, historiaa. K\u00e4yt\u00e4 kirjastotietokantoja kirjojen ja sarjojen hakemiseen Kirjoja l\u00f6yt\u00e4\u00e4 helpoiten kirjastojen kokoelmatietokannoista. Jokaisella kirjastolla on toistaiseksi oma kokoelmatietokantansa, joista l\u00f6ytyy tietoja kirjojen lis\u00e4ksi my\u00f6s: UEF kirjaston kokoelmatietokanta on upotettu UEF-Primoon: haku kirjaston kokoelmista. UEF-Primossa n\u00e4kyy edell\u00e4mainittujen lis\u00e4ksi tiedot Sarjoja ja niiden osia haetaan [&hellip;]","og_url":"https:\/\/blogs.uef.fi\/tiedonhaku-kemia\/hakukoneet\/kirjojen-hakeminen\/","og_site_name":"Kemian tiedonhaku \/ UEF kirjasto","article_modified_time":"2026-01-27T13:52:48+00:00","og_image":[{"width":1422,"height":373,"url":"https:\/\/blogs.uef.fi\/tiedonhaku-kemia\/wp-content\/uploads\/sites\/177\/2022\/05\/KEM_UP_pika.png","type":"image\/png"}],"twitter_card":"summary_large_image","twitter_misc":{"Arvioitu lukuaika":"5 minuuttia"},"schema":{"@context":"https:\/\/schema.org","@graph":[{"@type":"WebPage","@id":"https:\/\/blogs.uef.fi\/tiedonhaku-kemia\/hakukoneet\/kirjojen-hakeminen\/","url":"https:\/\/blogs.uef.fi\/tiedonhaku-kemia\/hakukoneet\/kirjojen-hakeminen\/","name":"Kirjojen hakeminen - Kemian tiedonhaku \/ UEF kirjasto","isPartOf":{"@id":"https:\/\/blogs.uef.fi\/tiedonhaku-kemia\/#website"},"primaryImageOfPage":{"@id":"https:\/\/blogs.uef.fi\/tiedonhaku-kemia\/hakukoneet\/kirjojen-hakeminen\/#primaryimage"},"image":{"@id":"https:\/\/blogs.uef.fi\/tiedonhaku-kemia\/hakukoneet\/kirjojen-hakeminen\/#primaryimage"},"thumbnailUrl":"https:\/\/blogs.uef.fi\/tiedonhaku-kemia\/wp-content\/uploads\/sites\/177\/2022\/05\/KEM_UP_pika.png","datePublished":"2022-03-28T07:02:07+00:00","dateModified":"2026-01-27T13:52:48+00:00","breadcrumb":{"@id":"https:\/\/blogs.uef.fi\/tiedonhaku-kemia\/hakukoneet\/kirjojen-hakeminen\/#breadcrumb"},"inLanguage":"fi","potentialAction":[{"@type":"ReadAction","target":["https:\/\/blogs.uef.fi\/tiedonhaku-kemia\/hakukoneet\/kirjojen-hakeminen\/"]}]},{"@type":"ImageObject","inLanguage":"fi","@id":"https:\/\/blogs.uef.fi\/tiedonhaku-kemia\/hakukoneet\/kirjojen-hakeminen\/#primaryimage","url":"https:\/\/blogs.uef.fi\/tiedonhaku-kemia\/wp-content\/uploads\/sites\/177\/2022\/05\/KEM_UP_pika.png","contentUrl":"https:\/\/blogs.uef.fi\/tiedonhaku-kemia\/wp-content\/uploads\/sites\/177\/2022\/05\/KEM_UP_pika.png","width":1422,"height":373},{"@type":"BreadcrumbList","@id":"https:\/\/blogs.uef.fi\/tiedonhaku-kemia\/hakukoneet\/kirjojen-hakeminen\/#breadcrumb","itemListElement":[{"@type":"ListItem","position":1,"name":"Home","item":"https:\/\/blogs.uef.fi\/tiedonhaku-kemia\/"},{"@type":"ListItem","position":2,"name":"Hakukoneet","item":"https:\/\/blogs.uef.fi\/tiedonhaku-kemia\/hakukoneet\/"},{"@type":"ListItem","position":3,"name":"Kirjojen hakeminen"}]},{"@type":"WebSite","@id":"https:\/\/blogs.uef.fi\/tiedonhaku-kemia\/#website","url":"https:\/\/blogs.uef.fi\/tiedonhaku-kemia\/","name":"Kemian tiedonhaku \/ UEF kirjasto","description":"Kemian tiedonhaku on kattava oppimateriaali tiedonhakuun kemisteille. Se sis\u00e4lt\u00e4\u00e4 yleiset tiedonhaun tekniikat sek\u00e4 kemian alan tiedonl\u00e4hteet ohjeineen ja esimerkkihakuineen.","potentialAction":[{"@type":"SearchAction","target":{"@type":"EntryPoint","urlTemplate":"https:\/\/blogs.uef.fi\/tiedonhaku-kemia\/?s={search_term_string}"},"query-input":{"@type":"PropertyValueSpecification","valueRequired":true,"valueName":"search_term_string"}}],"inLanguage":"fi"}]}},"_links":{"self":[{"href":"https:\/\/blogs.uef.fi\/tiedonhaku-kemia\/wp-json\/wp\/v2\/pages\/986","targetHints":{"allow":["GET"]}}],"collection":[{"href":"https:\/\/blogs.uef.fi\/tiedonhaku-kemia\/wp-json\/wp\/v2\/pages"}],"about":[{"href":"https:\/\/blogs.uef.fi\/tiedonhaku-kemia\/wp-json\/wp\/v2\/types\/page"}],"author":[{"embeddable":true,"href":"https:\/\/blogs.uef.fi\/tiedonhaku-kemia\/wp-json\/wp\/v2\/users\/127"}],"replies":[{"embeddable":true,"href":"https:\/\/blogs.uef.fi\/tiedonhaku-kemia\/wp-json\/wp\/v2\/comments?post=986"}],"version-history":[{"count":1,"href":"https:\/\/blogs.uef.fi\/tiedonhaku-kemia\/wp-json\/wp\/v2\/pages\/986\/revisions"}],"predecessor-version":[{"id":3607,"href":"https:\/\/blogs.uef.fi\/tiedonhaku-kemia\/wp-json\/wp\/v2\/pages\/986\/revisions\/3607"}],"up":[{"embeddable":true,"href":"https:\/\/blogs.uef.fi\/tiedonhaku-kemia\/wp-json\/wp\/v2\/pages\/581"}],"wp:attachment":[{"href":"https:\/\/blogs.uef.fi\/tiedonhaku-kemia\/wp-json\/wp\/v2\/media?parent=986"}],"curies":[{"name":"wp","href":"https:\/\/api.w.org\/{rel}","templated":true}]}}