{"id":92,"date":"2022-01-18T10:36:38","date_gmt":"2022-01-18T08:36:38","guid":{"rendered":"https:\/\/blogs.uef.fi\/tiedonhaku-kemia\/?page_id=92"},"modified":"2026-01-09T10:17:15","modified_gmt":"2026-01-09T08:17:15","slug":"artikkelien-hakeminen","status":"publish","type":"page","link":"https:\/\/blogs.uef.fi\/tiedonhaku-kemia\/hakukoneet\/artikkelien-hakeminen\/","title":{"rendered":"Artikkelien hakeminen"},"content":{"rendered":"\n<p><strong>Artikkelit ovat arvostettuja<\/strong> ja paljon k\u00e4ytettyj\u00e4 l\u00e4hteit\u00e4 kemiassa. Artikkelit:<\/p>\n\n\n\n<ul class=\"wp-block-list\">\n<li>v\u00e4litt\u00e4v\u00e4t tietoa jostakin <strong>tarkoin rajatusta<\/strong> aiheesta<\/li>\n\n\n\n<li>tuottavat <strong>uutta tietoa<\/strong><\/li>\n\n\n\n<li>yleens\u00e4 olettavat, ett\u00e4 lukijalla on jo perustiedot aihepiirist\u00e4 hallussaan<\/li>\n<\/ul>\n\n\n\n<p>Laajoja katsauksia johonkin hyvin yleiseen aiheeseen, kuten \u2019<em>orgaaninen kemia<\/em> \u2019, l\u00f6ytyy harvemmin artikkeleista.<\/p>\n\n\n\n<h2 class=\"wp-block-heading\">Hakuvinkit:<\/h2>\n\n\n\n<ol class=\"wp-block-list\">\n<li>Artikkeleita hakiessa voi k\u00e4ytt\u00e4\u00e4 <strong>tarkkoja hakutermej\u00e4 ja useitakin AND-operaatioita.<\/strong> My\u00f6s <strong>fraasien<\/strong> k\u00e4ytt\u00f6\u00e4 AND-operaatioiden sijaan voi harkita. <\/li>\n\n\n\n<li><strong>Vaihtoehtoiset ilmaisumuodot<\/strong> ovat kuitenkin my\u00f6s t\u00e4rkeit\u00e4. <\/li>\n\n\n\n<li>Haun tulosta voi rajata <strong>kohdistamalla hakua <\/strong>vain Title (otsikko) -kentt\u00e4\u00e4n.<\/li>\n<\/ol>\n\n\n\n<p><strong>Yleiset hakutekniikat:<\/strong><\/p>\n\n\n\n<ul class=\"wp-block-list\">\n<li>katkaisumerkki * <\/li>\n\n\n\n<li>fraasi lainausmerkkeihin <\/li>\n\n\n\n<li>yksikk\u00f6muotoinen sana l\u00f6yt\u00e4\u00e4 my\u00f6s monikon ja p\u00e4invastoin: <em>film \u2013 films<\/em>\n<ul class=\"wp-block-list\">\n<li>ei toimi jos k\u00e4ytet\u00e4\u00e4n fraasia<\/li>\n<\/ul>\n<\/li>\n\n\n\n<li>yleisimm\u00e4t kirjoitusasun vaihtelut tunnistetaan automaattisesti: <em>color \u2013 colour<\/em>\n<ul class=\"wp-block-list\">\n<li>ei toimi jos k\u00e4ytet\u00e4\u00e4n fraasia<\/li>\n<\/ul>\n<\/li>\n\n\n\n<li>kahden sanan v\u00e4lill\u00e4 on oletusarvoisesti AND-operaattori, jos muuta ei kirjoiteta<\/li>\n\n\n\n<li>operaattoreiden toteutusj\u00e4rjestys on useimmiten NOT &#8211; AND &#8211; OR (ei riipu kirjoitusj\u00e4rjestyksest\u00e4), mutta t\u00e4h\u00e4n on poikkeuksia!<\/li>\n\n\n\n<li>pienill\u00e4 ja isoilla kirjaimilla ei ole merkityst\u00e4<\/li>\n<\/ul>\n\n\n\n<p>Poikkeukset ja huomautukset tietokannoittain:<\/p>\n\n\n\n<figure class=\"wp-block-image size-full\"><img loading=\"lazy\" decoding=\"async\" width=\"579\" height=\"704\" src=\"https:\/\/blogs.uef.fi\/tiedonhaku-kemia\/wp-content\/uploads\/sites\/177\/2026\/01\/KEM_tekniikat_taulukko.png\" alt=\"Taulukko poikkeuksista. SciFinder: OR-operaatio tehd\u00e4\u00e4n ensin; fraasi tunnistaa my\u00f6s muita versioita kuin t\u00e4sm\u00e4lleen kirjoitetun muodon; hakee automaattisesti my\u00f6s sanojen synonyymit. Scopus: OR-operaatio tehd\u00e4\u00e4n ensin; suositeltu hakukentt\u00e4 Title Abstract Keywords (oletuksena). Web of Science: hakee my\u00f6s verbien taivutusmuodot automaattisesti; suositeltu hakukentt\u00e4 Topic (muuta oletusarvosta All fields). ProQuest mukaan lukien Eric: suositeltu hakukentt\u00e4 Anywhere except fulltext (muuta oletusarvosta Anywhere). UEF-Primo: kirjoita operaattorit aina isolla; fraasista voi katkaista vain viimeisen sanan; hakusanojen automatiikka toimii englanniksi osittain, suomeksi ei toimi; suositeltu hakukentt\u00e4 Kaikki kent\u00e4t (oletuksena). Finna: kirjoita operaattorit aina isolla; yhdyssana kannattaa usein katkaista; fraasia ei voi katkaista; hakee suomen kielen taivutusmuodot automaattisesti; suositeltu hakukentt\u00e4 kaikki osumat (oletuksena).\" class=\"wp-image-3583\" srcset=\"https:\/\/blogs.uef.fi\/tiedonhaku-kemia\/wp-content\/uploads\/sites\/177\/2026\/01\/KEM_tekniikat_taulukko.png 579w, https:\/\/blogs.uef.fi\/tiedonhaku-kemia\/wp-content\/uploads\/sites\/177\/2026\/01\/KEM_tekniikat_taulukko-247x300.png 247w\" sizes=\"auto, (max-width: 579px) 100vw, 579px\" \/><\/figure>\n\n\n\n<p>Kun OR-operaatio tapahtuu oletusarvoisesti ensin (Scopus), kannattaa kiinnitt\u00e4\u00e4 erityisesti huomioita siihen, ett\u00e4 fraasi tulee merkitty\u00e4 lainausmerkkeihin &#8211; muutoin hakulogiikka pett\u00e4\u00e4: <br><br><em>aroma compound OR odorant <\/em><br><em>= aroma AND (compound OR odorant) <\/em><br><em>\u2260 &#8221;aroma compound&#8221; OR odorant<\/em><\/p>\n\n\n\n<p>Huomioi, ett\u00e4 SciFinder-tietokannan haku on monella tapaa poikkeuksellinen. Katso tarkemmat ohjeet alla olevasta kuvasta.<\/p>\n\n\n\n<h2 class=\"wp-block-heading\">Esimerkkikuvia tietokannoista<\/h2>\n\n\n\n<h3 class=\"wp-block-heading\"><a href=\"https:\/\/primo.uef.fi\/permalink\/358FIN_UOEF\/mhajq\/alma9911699443705966\" target=\"_blank\" rel=\"noreferrer noopener\">SciFinder<\/a><\/h3>\n\n\n\n<p><strong>Perushaku, Advanced-haku ja CAS Lexicon -haku<\/strong>. Siirry kuvassa eteen p\u00e4in klikkailemalla pinkkej\u00e4 nuolia. Kuva kannattaa suurentaa kokoruudun kokoiseksi.<\/p>\n\n\n<iframe loading=\"lazy\" width=\"960\" height=\"454.0836501901141\" data-original-width=\"1315\" data-original-height=\"622\" src=\"https:\/\/www.thinglink.com\/card\/1543227764142768129\" type=\"text\/html\" frameborder=\"0\" webkitallowfullscreen mozallowfullscreen allowfullscreen scrolling=\"no\"><\/iframe><script async src=\"\/\/cdn.thinglink.me\/jse\/responsive.js\"><\/script>\n\n\n\n<p>SciFinder-haun iso erikoisuus on se, ett\u00e4 operaattoreita ei kirjoiteta hakuun itse, vaan ne valitaan valmiista valikoista (Advanced-haku ja CAS Lexicon -haku).<\/p>\n\n\n\n<h3 class=\"wp-block-heading\"><a href=\"https:\/\/primo.uef.fi\/permalink\/358FIN_UOEF\/mhajq\/alma9911700183705966\" target=\"_blank\" rel=\"noreferrer noopener\">Scopus<\/a><\/h3>\n\n\n\n<p>Hakuaiheena on <em>puuper\u00e4isen bio\u00f6ljyn vanheneminen<\/em>. Aihe on t\u00e4ss\u00e4 jaettu kolmeksi k\u00e4sitteeksi: <strong>bio\u00f6ljy, puu(per\u00e4inen), ik\u00e4\u00e4ntyminen\/ik\u00e4.<\/strong><\/p>\n\n\n<iframe loading=\"lazy\" width=\"960\" height=\"545.7123002084782\" data-original-width=\"1439\" data-original-height=\"818\" src=\"https:\/\/eur03.safelinks.protection.outlook.com\/?url=https%3A%2F%2Fwww.thinglink.com%2Fcard%2F1539952054682779651&amp;data=04%7C01%7C%7C603c6b98b4c242f44c7e08d9dfea8d14%7C87879f2e73044bf2baf263e7f83f3c34%7C0%7C0%7C637787020745481590%7CUnknown%7CTWFpbGZsb3d8eyJWIjoiMC4wLjAwMDAiLCJQIjoiV2luMzIiLCJBTiI6Ik1haWwiLCJXVCI6Mn0%3D%7C3000&amp;sdata=N3h87T3jroiOGRObIl%2BObBlsYQWRVDRO2yPVyDMzA5Y%3D&amp;reserved=0\" type=\"text\/html\" frameborder=\"0\" webkitallowfullscreen mozallowfullscreen allowfullscreen scrolling=\"no\"><\/iframe><script async src=\"\/\/cdn.thinglink.me\/jse\/responsive.js\"><\/script>\n\n\n\n<h3 class=\"wp-block-heading\"><a href=\"https:\/\/primo.uef.fi\/permalink\/358FIN_UOEF\/mhajq\/alma9911699123705966\" target=\"_blank\" rel=\"noreferrer noopener\">Web of Science<\/a><\/h3>\n\n\n\n<p>Hakuaiheena on <em>mikrokuvoitujen polymeeripintojen adheesio<\/em> (mink\u00e4 tahansa aineen kanssa). Aihe on jaettu kolmeksi k\u00e4sitteeksi: <strong>mikrokuvio, polymeeripinnat, adheesio<\/strong>.<\/p>\n\n\n<iframe width=\"960\" height=\"624.1456016177957\" data-original-width=\"989\" data-original-height=\"643\" src=https:\/\/eur03.safelinks.protection.outlook.com\/?url=https%3A%2F%2Fwww.thinglink.com%2Fcard%2F1540680571351465987&amp;data=04%7C01%7C%7Ce7868779e7d0495a16ba08d9dfda11a5%7C87879f2e73044bf2baf263e7f83f3c34%7C0%7C0%7C637786949948876893%7CUnknown%7CTWFpbGZsb3d8eyJWIjoiMC4wLjAwMDAiLCJQIjoiV2luMzIiLCJBTiI6Ik1haWwiLCJXVCI6Mn0%3D%7C3000&amp;sdata=cNfYz1sqHMIkEM9YLgELqcQvSUCtEsihV6s1iH0UVe4%3D&amp;reserved=0 type=\"text\/html\" frameborder=\"0\" webkitallowfullscreen mozallowfullscreen allowfullscreen scrolling=\"no\"><\/iframe><script async src=\"\/\/cdn.thinglink.me\/jse\/responsive.js\"><\/script>\n\n\n\n<h3 class=\"wp-block-heading\"><a href=\"https:\/\/primo.uef.fi\/permalink\/358FIN_UOEF\/mhajq\/alma9911698553705966\" target=\"_blank\" rel=\"noreferrer noopener\">Eric<\/a> \/ <a href=\"https:\/\/primo.uef.fi\/permalink\/358FIN_UOEF\/mhajq\/alma9911699233705966\" target=\"_blank\" rel=\"noreferrer noopener\">ProQuest<\/a><\/h3>\n\n\n\n<p>ProQuestissa voi valita haun kohteeksi yksitt\u00e4isen tietokannan, kuten yll\u00e4 <em>Eric<\/em>. Voit my\u00f6s kohdistaa haun useampaan tietokantaa yht\u00e4 aikaa. Hakukohteeksi voisi valita esimerkiksi laajemman kokonaisuuden <em>SciTech Premium Collection<\/em>. Tietokannan voi valita vasemman yl\u00e4kulman vohvelivalikosta, kohdasta &#8217;Change databases&#8217;.<\/p>\n\n\n\n<p>Hakuaiheena on <em>motivaation, flippauksen ja saavutusten yhteys toisiinsa<\/em>. Aihe on t\u00e4ss\u00e4 jaettu kolmeksi k\u00e4sitteeksi: <strong>flippaus, motivaatio, saavutukset<\/strong>.<\/p>\n\n\n<iframe loading=\"lazy\" width=\"960\" height=\"480.38803556992724\" data-original-width=\"1237\" data-original-height=\"619\" src=\"https:\/\/www.thinglink.com\/card\/1580566876419784706\" type=\"text\/html\" frameborder=\"0\" webkitallowfullscreen mozallowfullscreen allowfullscreen scrolling=\"no\"><\/iframe><script async src=\"\/\/cdn.thinglink.me\/jse\/responsive.js\"><\/script>\n\n\n\n<h3 class=\"wp-block-heading\"><a href=\"https:\/\/primo.uef.fi\" target=\"_blank\" rel=\"noreferrer noopener\">UEF-Primo<\/a> artikkeleiden haku<\/h3>\n\n\n\n<p>UEF-Primossa voi hakea useasta artikkelitietokannasta yht\u00e4 aikaa. Aivan kaikki aineistot eiv\u00e4t ole mukana haussa. Hakuominaisuudet eiv\u00e4t my\u00f6sk\u00e4\u00e4n ole yht\u00e4 tarkat kuin tietokantojen omissa k\u00e4ytt\u00f6liittymiss\u00e4. UEF-Primoon kirjautuneena saa laajemman hakutuloksen.<\/p>\n\n\n\n<p>Hakuaihe on <em>siirtym\u00e4metallit (joista erityisen mielenkiinnon kohteena ovat titaani ja sinkki) kumin lis\u00e4aineena.<\/em> Haussa on kolme k\u00e4sitett\u00e4: <strong>siirtym\u00e4metalli\/titaani\/sinkki, lis\u00e4aine, kumi\/luonnonkumi.<\/strong><\/p>\n\n\n<iframe loading=\"lazy\" width=\"960\" height=\"436.08097165991904\" data-original-width=\"1235\" data-original-height=\"561\" src=\"https:\/\/www.thinglink.com\/card\/1580561104885514242\" type=\"text\/html\" frameborder=\"0\" webkitallowfullscreen mozallowfullscreen allowfullscreen scrolling=\"no\"><\/iframe><script async src=\"\/\/cdn.thinglink.me\/jse\/responsive.js\"><\/script>\n\n\n\n<h3 class=\"wp-block-heading\"><a href=\"https:\/\/finna.fi\" target=\"_blank\" rel=\"noreferrer noopener\">Finna<\/a> artikkeleiden haku<\/h3>\n\n\n\n<p>Finna.fi sis\u00e4lt\u00e4\u00e4 kotimaisten kirjastojen aineistoja, kotimaiset artikkelit sek\u00e4 paljon muuta, mm. museoista ja arkistoista. Finnaan on upotettu Arto-tietokanta, joka sis\u00e4lt\u00e4\u00e4 tietoja suomalaisten lehtien artikkeleista. K\u00e4yt\u00e4nn\u00f6ss\u00e4 artikkelihaku tapatuu tekem\u00e4ll\u00e4 Finnassa normaali haku ja rajaamalla tuloslistaan vain artikkelit.<\/p>\n\n\n<iframe loading=\"lazy\" width=\"960\" height=\"570.2734051367025\" data-original-width=\"1207\" data-original-height=\"717\" src=\"https:\/\/www.thinglink.com\/card\/1580564189636722690\" type=\"text\/html\" frameborder=\"0\" webkitallowfullscreen mozallowfullscreen allowfullscreen scrolling=\"no\"><\/iframe><script async src=\"\/\/cdn.thinglink.me\/jse\/responsive.js\"><\/script>\n\n\n\n<p class=\"has-text-align-right\">Seuraava sivu: <a href=\"https:\/\/blogs.uef.fi\/tiedonhaku-kemia\/kirjojen-hakeminen\/\">Kirjojen hakeminen<\/a><\/p>\n","protected":false},"excerpt":{"rendered":"<p>Artikkelit ovat arvostettuja ja paljon k\u00e4ytettyj\u00e4 l\u00e4hteit\u00e4 kemiassa. Artikkelit: Laajoja katsauksia johonkin hyvin yleiseen aiheeseen, kuten \u2019orgaaninen kemia \u2019, l\u00f6ytyy harvemmin artikkeleista. Hakuvinkit: Yleiset hakutekniikat: Poikkeukset ja huomautukset tietokannoittain: Kun OR-operaatio tapahtuu oletusarvoisesti ensin (Scopus), kannattaa kiinnitt\u00e4\u00e4 erityisesti huomioita siihen, ett\u00e4 fraasi tulee merkitty\u00e4 lainausmerkkeihin &#8211; muutoin hakulogiikka pett\u00e4\u00e4: aroma compound OR odorant = aroma [&hellip;]<\/p>\n","protected":false},"author":127,"featured_media":0,"parent":581,"menu_order":0,"comment_status":"closed","ping_status":"closed","template":"","meta":{"_acf_changed":false,"footnotes":""},"class_list":["post-92","page","type-page","status-publish","hentry"],"acf":[],"yoast_head":"<!-- This site is optimized with the Yoast SEO plugin v27.3 - https:\/\/yoast.com\/product\/yoast-seo-wordpress\/ -->\n<title>Artikkelien hakeminen - Kemian tiedonhaku \/ UEF kirjasto<\/title>\n<meta name=\"robots\" content=\"index, follow, max-snippet:-1, max-image-preview:large, max-video-preview:-1\" \/>\n<link rel=\"canonical\" href=\"https:\/\/blogs.uef.fi\/tiedonhaku-kemia\/hakukoneet\/artikkelien-hakeminen\/\" \/>\n<meta property=\"og:locale\" content=\"fi_FI\" \/>\n<meta property=\"og:type\" content=\"article\" \/>\n<meta property=\"og:title\" content=\"Artikkelien hakeminen - Kemian tiedonhaku \/ UEF kirjasto\" \/>\n<meta property=\"og:description\" content=\"Artikkelit ovat arvostettuja ja paljon k\u00e4ytettyj\u00e4 l\u00e4hteit\u00e4 kemiassa. Artikkelit: Laajoja katsauksia johonkin hyvin yleiseen aiheeseen, kuten \u2019orgaaninen kemia \u2019, l\u00f6ytyy harvemmin artikkeleista. Hakuvinkit: Yleiset hakutekniikat: Poikkeukset ja huomautukset tietokannoittain: Kun OR-operaatio tapahtuu oletusarvoisesti ensin (Scopus), kannattaa kiinnitt\u00e4\u00e4 erityisesti huomioita siihen, ett\u00e4 fraasi tulee merkitty\u00e4 lainausmerkkeihin &#8211; muutoin hakulogiikka pett\u00e4\u00e4: aroma compound OR odorant = aroma [&hellip;]\" \/>\n<meta property=\"og:url\" content=\"https:\/\/blogs.uef.fi\/tiedonhaku-kemia\/hakukoneet\/artikkelien-hakeminen\/\" \/>\n<meta property=\"og:site_name\" content=\"Kemian tiedonhaku \/ UEF kirjasto\" \/>\n<meta property=\"article:modified_time\" content=\"2026-01-09T08:17:15+00:00\" \/>\n<meta property=\"og:image\" content=\"https:\/\/blogs.uef.fi\/tiedonhaku-kemia\/wp-content\/uploads\/sites\/177\/2026\/01\/KEM_tekniikat_taulukko.png\" \/>\n\t<meta property=\"og:image:width\" content=\"579\" \/>\n\t<meta property=\"og:image:height\" content=\"704\" \/>\n\t<meta property=\"og:image:type\" content=\"image\/png\" \/>\n<meta name=\"twitter:card\" content=\"summary_large_image\" \/>\n<meta name=\"twitter:label1\" content=\"Arvioitu lukuaika\" \/>\n\t<meta name=\"twitter:data1\" content=\"3 minuuttia\" \/>\n<script type=\"application\/ld+json\" class=\"yoast-schema-graph\">{\"@context\":\"https:\\\/\\\/schema.org\",\"@graph\":[{\"@type\":\"WebPage\",\"@id\":\"https:\\\/\\\/blogs.uef.fi\\\/tiedonhaku-kemia\\\/hakukoneet\\\/artikkelien-hakeminen\\\/\",\"url\":\"https:\\\/\\\/blogs.uef.fi\\\/tiedonhaku-kemia\\\/hakukoneet\\\/artikkelien-hakeminen\\\/\",\"name\":\"Artikkelien hakeminen - Kemian tiedonhaku \\\/ UEF kirjasto\",\"isPartOf\":{\"@id\":\"https:\\\/\\\/blogs.uef.fi\\\/tiedonhaku-kemia\\\/#website\"},\"primaryImageOfPage\":{\"@id\":\"https:\\\/\\\/blogs.uef.fi\\\/tiedonhaku-kemia\\\/hakukoneet\\\/artikkelien-hakeminen\\\/#primaryimage\"},\"image\":{\"@id\":\"https:\\\/\\\/blogs.uef.fi\\\/tiedonhaku-kemia\\\/hakukoneet\\\/artikkelien-hakeminen\\\/#primaryimage\"},\"thumbnailUrl\":\"https:\\\/\\\/blogs.uef.fi\\\/tiedonhaku-kemia\\\/wp-content\\\/uploads\\\/sites\\\/177\\\/2026\\\/01\\\/KEM_tekniikat_taulukko.png\",\"datePublished\":\"2022-01-18T08:36:38+00:00\",\"dateModified\":\"2026-01-09T08:17:15+00:00\",\"breadcrumb\":{\"@id\":\"https:\\\/\\\/blogs.uef.fi\\\/tiedonhaku-kemia\\\/hakukoneet\\\/artikkelien-hakeminen\\\/#breadcrumb\"},\"inLanguage\":\"fi\",\"potentialAction\":[{\"@type\":\"ReadAction\",\"target\":[\"https:\\\/\\\/blogs.uef.fi\\\/tiedonhaku-kemia\\\/hakukoneet\\\/artikkelien-hakeminen\\\/\"]}]},{\"@type\":\"ImageObject\",\"inLanguage\":\"fi\",\"@id\":\"https:\\\/\\\/blogs.uef.fi\\\/tiedonhaku-kemia\\\/hakukoneet\\\/artikkelien-hakeminen\\\/#primaryimage\",\"url\":\"https:\\\/\\\/blogs.uef.fi\\\/tiedonhaku-kemia\\\/wp-content\\\/uploads\\\/sites\\\/177\\\/2026\\\/01\\\/KEM_tekniikat_taulukko.png\",\"contentUrl\":\"https:\\\/\\\/blogs.uef.fi\\\/tiedonhaku-kemia\\\/wp-content\\\/uploads\\\/sites\\\/177\\\/2026\\\/01\\\/KEM_tekniikat_taulukko.png\",\"width\":579,\"height\":704},{\"@type\":\"BreadcrumbList\",\"@id\":\"https:\\\/\\\/blogs.uef.fi\\\/tiedonhaku-kemia\\\/hakukoneet\\\/artikkelien-hakeminen\\\/#breadcrumb\",\"itemListElement\":[{\"@type\":\"ListItem\",\"position\":1,\"name\":\"Home\",\"item\":\"https:\\\/\\\/blogs.uef.fi\\\/tiedonhaku-kemia\\\/\"},{\"@type\":\"ListItem\",\"position\":2,\"name\":\"Hakukoneet\",\"item\":\"https:\\\/\\\/blogs.uef.fi\\\/tiedonhaku-kemia\\\/hakukoneet\\\/\"},{\"@type\":\"ListItem\",\"position\":3,\"name\":\"Artikkelien hakeminen\"}]},{\"@type\":\"WebSite\",\"@id\":\"https:\\\/\\\/blogs.uef.fi\\\/tiedonhaku-kemia\\\/#website\",\"url\":\"https:\\\/\\\/blogs.uef.fi\\\/tiedonhaku-kemia\\\/\",\"name\":\"Kemian tiedonhaku \\\/ UEF kirjasto\",\"description\":\"Kemian tiedonhaku on kattava oppimateriaali tiedonhakuun kemisteille. Se sis\u00e4lt\u00e4\u00e4 yleiset tiedonhaun tekniikat sek\u00e4 kemian alan tiedonl\u00e4hteet ohjeineen ja esimerkkihakuineen.\",\"potentialAction\":[{\"@type\":\"SearchAction\",\"target\":{\"@type\":\"EntryPoint\",\"urlTemplate\":\"https:\\\/\\\/blogs.uef.fi\\\/tiedonhaku-kemia\\\/?s={search_term_string}\"},\"query-input\":{\"@type\":\"PropertyValueSpecification\",\"valueRequired\":true,\"valueName\":\"search_term_string\"}}],\"inLanguage\":\"fi\"}]}<\/script>\n<!-- \/ Yoast SEO plugin. -->","yoast_head_json":{"title":"Artikkelien hakeminen - Kemian tiedonhaku \/ UEF kirjasto","robots":{"index":"index","follow":"follow","max-snippet":"max-snippet:-1","max-image-preview":"max-image-preview:large","max-video-preview":"max-video-preview:-1"},"canonical":"https:\/\/blogs.uef.fi\/tiedonhaku-kemia\/hakukoneet\/artikkelien-hakeminen\/","og_locale":"fi_FI","og_type":"article","og_title":"Artikkelien hakeminen - Kemian tiedonhaku \/ UEF kirjasto","og_description":"Artikkelit ovat arvostettuja ja paljon k\u00e4ytettyj\u00e4 l\u00e4hteit\u00e4 kemiassa. Artikkelit: Laajoja katsauksia johonkin hyvin yleiseen aiheeseen, kuten \u2019orgaaninen kemia \u2019, l\u00f6ytyy harvemmin artikkeleista. Hakuvinkit: Yleiset hakutekniikat: Poikkeukset ja huomautukset tietokannoittain: Kun OR-operaatio tapahtuu oletusarvoisesti ensin (Scopus), kannattaa kiinnitt\u00e4\u00e4 erityisesti huomioita siihen, ett\u00e4 fraasi tulee merkitty\u00e4 lainausmerkkeihin &#8211; muutoin hakulogiikka pett\u00e4\u00e4: aroma compound OR odorant = aroma [&hellip;]","og_url":"https:\/\/blogs.uef.fi\/tiedonhaku-kemia\/hakukoneet\/artikkelien-hakeminen\/","og_site_name":"Kemian tiedonhaku \/ UEF kirjasto","article_modified_time":"2026-01-09T08:17:15+00:00","og_image":[{"width":579,"height":704,"url":"https:\/\/blogs.uef.fi\/tiedonhaku-kemia\/wp-content\/uploads\/sites\/177\/2026\/01\/KEM_tekniikat_taulukko.png","type":"image\/png"}],"twitter_card":"summary_large_image","twitter_misc":{"Arvioitu lukuaika":"3 minuuttia"},"schema":{"@context":"https:\/\/schema.org","@graph":[{"@type":"WebPage","@id":"https:\/\/blogs.uef.fi\/tiedonhaku-kemia\/hakukoneet\/artikkelien-hakeminen\/","url":"https:\/\/blogs.uef.fi\/tiedonhaku-kemia\/hakukoneet\/artikkelien-hakeminen\/","name":"Artikkelien hakeminen - Kemian tiedonhaku \/ UEF kirjasto","isPartOf":{"@id":"https:\/\/blogs.uef.fi\/tiedonhaku-kemia\/#website"},"primaryImageOfPage":{"@id":"https:\/\/blogs.uef.fi\/tiedonhaku-kemia\/hakukoneet\/artikkelien-hakeminen\/#primaryimage"},"image":{"@id":"https:\/\/blogs.uef.fi\/tiedonhaku-kemia\/hakukoneet\/artikkelien-hakeminen\/#primaryimage"},"thumbnailUrl":"https:\/\/blogs.uef.fi\/tiedonhaku-kemia\/wp-content\/uploads\/sites\/177\/2026\/01\/KEM_tekniikat_taulukko.png","datePublished":"2022-01-18T08:36:38+00:00","dateModified":"2026-01-09T08:17:15+00:00","breadcrumb":{"@id":"https:\/\/blogs.uef.fi\/tiedonhaku-kemia\/hakukoneet\/artikkelien-hakeminen\/#breadcrumb"},"inLanguage":"fi","potentialAction":[{"@type":"ReadAction","target":["https:\/\/blogs.uef.fi\/tiedonhaku-kemia\/hakukoneet\/artikkelien-hakeminen\/"]}]},{"@type":"ImageObject","inLanguage":"fi","@id":"https:\/\/blogs.uef.fi\/tiedonhaku-kemia\/hakukoneet\/artikkelien-hakeminen\/#primaryimage","url":"https:\/\/blogs.uef.fi\/tiedonhaku-kemia\/wp-content\/uploads\/sites\/177\/2026\/01\/KEM_tekniikat_taulukko.png","contentUrl":"https:\/\/blogs.uef.fi\/tiedonhaku-kemia\/wp-content\/uploads\/sites\/177\/2026\/01\/KEM_tekniikat_taulukko.png","width":579,"height":704},{"@type":"BreadcrumbList","@id":"https:\/\/blogs.uef.fi\/tiedonhaku-kemia\/hakukoneet\/artikkelien-hakeminen\/#breadcrumb","itemListElement":[{"@type":"ListItem","position":1,"name":"Home","item":"https:\/\/blogs.uef.fi\/tiedonhaku-kemia\/"},{"@type":"ListItem","position":2,"name":"Hakukoneet","item":"https:\/\/blogs.uef.fi\/tiedonhaku-kemia\/hakukoneet\/"},{"@type":"ListItem","position":3,"name":"Artikkelien hakeminen"}]},{"@type":"WebSite","@id":"https:\/\/blogs.uef.fi\/tiedonhaku-kemia\/#website","url":"https:\/\/blogs.uef.fi\/tiedonhaku-kemia\/","name":"Kemian tiedonhaku \/ UEF kirjasto","description":"Kemian tiedonhaku on kattava oppimateriaali tiedonhakuun kemisteille. Se sis\u00e4lt\u00e4\u00e4 yleiset tiedonhaun tekniikat sek\u00e4 kemian alan tiedonl\u00e4hteet ohjeineen ja esimerkkihakuineen.","potentialAction":[{"@type":"SearchAction","target":{"@type":"EntryPoint","urlTemplate":"https:\/\/blogs.uef.fi\/tiedonhaku-kemia\/?s={search_term_string}"},"query-input":{"@type":"PropertyValueSpecification","valueRequired":true,"valueName":"search_term_string"}}],"inLanguage":"fi"}]}},"_links":{"self":[{"href":"https:\/\/blogs.uef.fi\/tiedonhaku-kemia\/wp-json\/wp\/v2\/pages\/92","targetHints":{"allow":["GET"]}}],"collection":[{"href":"https:\/\/blogs.uef.fi\/tiedonhaku-kemia\/wp-json\/wp\/v2\/pages"}],"about":[{"href":"https:\/\/blogs.uef.fi\/tiedonhaku-kemia\/wp-json\/wp\/v2\/types\/page"}],"author":[{"embeddable":true,"href":"https:\/\/blogs.uef.fi\/tiedonhaku-kemia\/wp-json\/wp\/v2\/users\/127"}],"replies":[{"embeddable":true,"href":"https:\/\/blogs.uef.fi\/tiedonhaku-kemia\/wp-json\/wp\/v2\/comments?post=92"}],"version-history":[{"count":1,"href":"https:\/\/blogs.uef.fi\/tiedonhaku-kemia\/wp-json\/wp\/v2\/pages\/92\/revisions"}],"predecessor-version":[{"id":3602,"href":"https:\/\/blogs.uef.fi\/tiedonhaku-kemia\/wp-json\/wp\/v2\/pages\/92\/revisions\/3602"}],"up":[{"embeddable":true,"href":"https:\/\/blogs.uef.fi\/tiedonhaku-kemia\/wp-json\/wp\/v2\/pages\/581"}],"wp:attachment":[{"href":"https:\/\/blogs.uef.fi\/tiedonhaku-kemia\/wp-json\/wp\/v2\/media?parent=92"}],"curies":[{"name":"wp","href":"https:\/\/api.w.org\/{rel}","templated":true}]}}