{"id":847,"date":"2022-03-25T11:35:30","date_gmt":"2022-03-25T09:35:30","guid":{"rendered":"https:\/\/blogs.uef.fi\/tiedonhaku-kemia\/?page_id=847"},"modified":"2022-08-09T14:57:16","modified_gmt":"2022-08-09T12:57:16","slug":"kayttooikeudet","status":"publish","type":"page","link":"https:\/\/blogs.uef.fi\/tiedonhaku-kemia\/kayttooikeudet\/","title":{"rendered":"K\u00e4ytt\u00f6oikeudet"},"content":{"rendered":"\n<p>Tekij\u00e4noikeuksien&nbsp; lis\u00e4ksi aineistojen k\u00e4ytt\u00f6\u00e4 s\u00e4\u00e4telev\u00e4t kustantajien ja aineiston tarjoajien oikeudet. N\u00e4m\u00e4 liittyv\u00e4t <strong>k\u00e4ytt\u00f6tarkoitukseen, tallentamiseen ja aineistojen jakamiseen<\/strong> edelleen.<\/p>\n\n\n\n<h2 class=\"wp-block-heading\">Verkkoaineistojen k\u00e4ytt\u00f6<\/h2>\n\n\n\n<p><strong>Kirjaston hankkimien<\/strong> elektronisen julkaisujen (e-kirjojen, e-lehtien, hakuteoksien, sanakirjojen) sek\u00e4 tietokantojen k\u00e4ytt\u00f6\u00e4 s\u00e4\u00e4telev\u00e4t erilliset sopimusehdot:<\/p>\n\n\n\n<h3 class=\"wp-block-heading\">Hankittujen e-aineistojen k\u00e4ytt\u00f6oikeudet<\/h3>\n\n\n\n<figure id=\"tablepress-1\" class=\"wp-block-table\"><table><thead><tr><th>Mit\u00e4 saa tehd\u00e4?<\/th><th>Mit\u00e4 ei saa tehd\u00e4?<\/th><\/tr><\/thead><tbody><tr><td>\u2013 k\u00e4ytt\u00e4\u00e4 opiskeluun ja tutkimukseen<\/td><td>\u2013 k\u00e4ytt\u00e4\u00e4 kaupallisiin tarkoituksiin<\/td><\/tr><tr><td>\u2013 kohtuullisessa m\u00e4\u00e4rin tulostaa paperille ja tallentaa tiedostoon hakutuloksia ja artikkeleita<\/td><td>\u2013 tallentaa hakutuloksia suuria m\u00e4\u00e4ri\u00e4 j\u00e4rjestelm\u00e4llisesti<\/td><\/tr><tr><td>\u2013 tulostaa tai tallentaa osia e-kirjoista<\/td><td>\u2013 tallentaa tai tulostaa kokonaista e-kirjaa<\/td><\/tr><tr><td>\u2013 l\u00e4hett\u00e4\u00e4 yksitt\u00e4isi\u00e4 tiedostoja s\u00e4hk\u00f6isesti kollegalle h\u00e4nen omaan tutkimusk\u00e4ytt\u00f6\u00f6ns\u00e4, \u201dtieteellisen kommunikaation nimiss\u00e4\u201d<\/td><td>\u2013 jakaa aineistoa muille kuin sen k\u00e4ytt\u00f6\u00f6n oikeutetuille<\/td><\/tr><tr><td>\u2013 tehd\u00e4 oppimisymp\u00e4rist\u00f6\u00f6n tai verkkosivuille linkin artikkeliin, e-kirjaan tms.<\/td><td>\u2013 tallentaa alkuper\u00e4ist\u00e4 artikkelia (esim. pdf) ja muita vastaavia e-aineistoja oppimisymp\u00e4rist\u00f6\u00f6n tai verkkosivuille<\/td><\/tr><\/tbody><\/table><\/figure>\n\n\n\n<h2 class=\"wp-block-heading\">Kuka saa k\u00e4ytt\u00e4\u00e4?<\/h2>\n\n\n\n<ul class=\"wp-block-list\"><li>Ostetut elektroniset aineistot ovat It\u00e4-Suomen yliopiston <strong>perus- ja jatko-opiskelijoiden sek\u00e4 henkil\u00f6kunnan<\/strong> k\u00e4ytett\u00e4viss\u00e4 yliopiston verkossa sek\u00e4 et\u00e4yhteydell\u00e4 muualtakin.<\/li><li><strong>Ulkopuoliset asiakkaat<\/strong> saavat k\u00e4ytt\u00e4\u00e4 aineistoja kampuskirjaston asiakaskoneilla.<\/li><\/ul>\n","protected":false},"excerpt":{"rendered":"<p>Tekij\u00e4noikeuksien&nbsp; lis\u00e4ksi aineistojen k\u00e4ytt\u00f6\u00e4 s\u00e4\u00e4telev\u00e4t kustantajien ja aineiston tarjoajien oikeudet. N\u00e4m\u00e4 liittyv\u00e4t k\u00e4ytt\u00f6tarkoitukseen, tallentamiseen ja aineistojen jakamiseen edelleen. Verkkoaineistojen k\u00e4ytt\u00f6 Kirjaston hankkimien elektronisen julkaisujen (e-kirjojen, e-lehtien, hakuteoksien, sanakirjojen) sek\u00e4 tietokantojen k\u00e4ytt\u00f6\u00e4 s\u00e4\u00e4telev\u00e4t erilliset sopimusehdot: Hankittujen e-aineistojen k\u00e4ytt\u00f6oikeudet Mit\u00e4 saa tehd\u00e4? Mit\u00e4 ei saa tehd\u00e4? \u2013 k\u00e4ytt\u00e4\u00e4 opiskeluun ja tutkimukseen \u2013 k\u00e4ytt\u00e4\u00e4 kaupallisiin tarkoituksiin \u2013 kohtuullisessa [&hellip;]<\/p>\n","protected":false},"author":127,"featured_media":0,"parent":0,"menu_order":0,"comment_status":"closed","ping_status":"closed","template":"","meta":{"_acf_changed":false,"footnotes":""},"class_list":["post-847","page","type-page","status-publish","hentry"],"acf":[],"yoast_head":"<!-- This site is optimized with the Yoast SEO plugin v27.3 - https:\/\/yoast.com\/product\/yoast-seo-wordpress\/ -->\n<title>K\u00e4ytt\u00f6oikeudet - Kemian tiedonhaku \/ UEF kirjasto<\/title>\n<meta name=\"robots\" content=\"index, follow, max-snippet:-1, max-image-preview:large, max-video-preview:-1\" \/>\n<link rel=\"canonical\" href=\"https:\/\/blogs.uef.fi\/tiedonhaku-kemia\/kayttooikeudet\/\" \/>\n<meta property=\"og:locale\" content=\"fi_FI\" \/>\n<meta property=\"og:type\" content=\"article\" \/>\n<meta property=\"og:title\" content=\"K\u00e4ytt\u00f6oikeudet - Kemian tiedonhaku \/ UEF kirjasto\" \/>\n<meta property=\"og:description\" content=\"Tekij\u00e4noikeuksien&nbsp; lis\u00e4ksi aineistojen k\u00e4ytt\u00f6\u00e4 s\u00e4\u00e4telev\u00e4t kustantajien ja aineiston tarjoajien oikeudet. N\u00e4m\u00e4 liittyv\u00e4t k\u00e4ytt\u00f6tarkoitukseen, tallentamiseen ja aineistojen jakamiseen edelleen. Verkkoaineistojen k\u00e4ytt\u00f6 Kirjaston hankkimien elektronisen julkaisujen (e-kirjojen, e-lehtien, hakuteoksien, sanakirjojen) sek\u00e4 tietokantojen k\u00e4ytt\u00f6\u00e4 s\u00e4\u00e4telev\u00e4t erilliset sopimusehdot: Hankittujen e-aineistojen k\u00e4ytt\u00f6oikeudet Mit\u00e4 saa tehd\u00e4? Mit\u00e4 ei saa tehd\u00e4? \u2013 k\u00e4ytt\u00e4\u00e4 opiskeluun ja tutkimukseen \u2013 k\u00e4ytt\u00e4\u00e4 kaupallisiin tarkoituksiin \u2013 kohtuullisessa [&hellip;]\" \/>\n<meta property=\"og:url\" content=\"https:\/\/blogs.uef.fi\/tiedonhaku-kemia\/kayttooikeudet\/\" \/>\n<meta property=\"og:site_name\" content=\"Kemian tiedonhaku \/ UEF kirjasto\" \/>\n<meta property=\"article:modified_time\" content=\"2022-08-09T12:57:16+00:00\" \/>\n<meta name=\"twitter:card\" content=\"summary_large_image\" \/>\n<meta name=\"twitter:label1\" content=\"Arvioitu lukuaika\" \/>\n\t<meta name=\"twitter:data1\" content=\"1 minuutti\" \/>\n<script type=\"application\/ld+json\" class=\"yoast-schema-graph\">{\"@context\":\"https:\\\/\\\/schema.org\",\"@graph\":[{\"@type\":\"WebPage\",\"@id\":\"https:\\\/\\\/blogs.uef.fi\\\/tiedonhaku-kemia\\\/kayttooikeudet\\\/\",\"url\":\"https:\\\/\\\/blogs.uef.fi\\\/tiedonhaku-kemia\\\/kayttooikeudet\\\/\",\"name\":\"K\u00e4ytt\u00f6oikeudet - Kemian tiedonhaku \\\/ UEF kirjasto\",\"isPartOf\":{\"@id\":\"https:\\\/\\\/blogs.uef.fi\\\/tiedonhaku-kemia\\\/#website\"},\"datePublished\":\"2022-03-25T09:35:30+00:00\",\"dateModified\":\"2022-08-09T12:57:16+00:00\",\"breadcrumb\":{\"@id\":\"https:\\\/\\\/blogs.uef.fi\\\/tiedonhaku-kemia\\\/kayttooikeudet\\\/#breadcrumb\"},\"inLanguage\":\"fi\",\"potentialAction\":[{\"@type\":\"ReadAction\",\"target\":[\"https:\\\/\\\/blogs.uef.fi\\\/tiedonhaku-kemia\\\/kayttooikeudet\\\/\"]}]},{\"@type\":\"BreadcrumbList\",\"@id\":\"https:\\\/\\\/blogs.uef.fi\\\/tiedonhaku-kemia\\\/kayttooikeudet\\\/#breadcrumb\",\"itemListElement\":[{\"@type\":\"ListItem\",\"position\":1,\"name\":\"Home\",\"item\":\"https:\\\/\\\/blogs.uef.fi\\\/tiedonhaku-kemia\\\/\"},{\"@type\":\"ListItem\",\"position\":2,\"name\":\"K\u00e4ytt\u00f6oikeudet\"}]},{\"@type\":\"WebSite\",\"@id\":\"https:\\\/\\\/blogs.uef.fi\\\/tiedonhaku-kemia\\\/#website\",\"url\":\"https:\\\/\\\/blogs.uef.fi\\\/tiedonhaku-kemia\\\/\",\"name\":\"Kemian tiedonhaku \\\/ UEF kirjasto\",\"description\":\"Kemian tiedonhaku on kattava oppimateriaali tiedonhakuun kemisteille. Se sis\u00e4lt\u00e4\u00e4 yleiset tiedonhaun tekniikat sek\u00e4 kemian alan tiedonl\u00e4hteet ohjeineen ja esimerkkihakuineen.\",\"potentialAction\":[{\"@type\":\"SearchAction\",\"target\":{\"@type\":\"EntryPoint\",\"urlTemplate\":\"https:\\\/\\\/blogs.uef.fi\\\/tiedonhaku-kemia\\\/?s={search_term_string}\"},\"query-input\":{\"@type\":\"PropertyValueSpecification\",\"valueRequired\":true,\"valueName\":\"search_term_string\"}}],\"inLanguage\":\"fi\"}]}<\/script>\n<!-- \/ Yoast SEO plugin. -->","yoast_head_json":{"title":"K\u00e4ytt\u00f6oikeudet - Kemian tiedonhaku \/ UEF kirjasto","robots":{"index":"index","follow":"follow","max-snippet":"max-snippet:-1","max-image-preview":"max-image-preview:large","max-video-preview":"max-video-preview:-1"},"canonical":"https:\/\/blogs.uef.fi\/tiedonhaku-kemia\/kayttooikeudet\/","og_locale":"fi_FI","og_type":"article","og_title":"K\u00e4ytt\u00f6oikeudet - Kemian tiedonhaku \/ UEF kirjasto","og_description":"Tekij\u00e4noikeuksien&nbsp; lis\u00e4ksi aineistojen k\u00e4ytt\u00f6\u00e4 s\u00e4\u00e4telev\u00e4t kustantajien ja aineiston tarjoajien oikeudet. N\u00e4m\u00e4 liittyv\u00e4t k\u00e4ytt\u00f6tarkoitukseen, tallentamiseen ja aineistojen jakamiseen edelleen. Verkkoaineistojen k\u00e4ytt\u00f6 Kirjaston hankkimien elektronisen julkaisujen (e-kirjojen, e-lehtien, hakuteoksien, sanakirjojen) sek\u00e4 tietokantojen k\u00e4ytt\u00f6\u00e4 s\u00e4\u00e4telev\u00e4t erilliset sopimusehdot: Hankittujen e-aineistojen k\u00e4ytt\u00f6oikeudet Mit\u00e4 saa tehd\u00e4? Mit\u00e4 ei saa tehd\u00e4? \u2013 k\u00e4ytt\u00e4\u00e4 opiskeluun ja tutkimukseen \u2013 k\u00e4ytt\u00e4\u00e4 kaupallisiin tarkoituksiin \u2013 kohtuullisessa [&hellip;]","og_url":"https:\/\/blogs.uef.fi\/tiedonhaku-kemia\/kayttooikeudet\/","og_site_name":"Kemian tiedonhaku \/ UEF kirjasto","article_modified_time":"2022-08-09T12:57:16+00:00","twitter_card":"summary_large_image","twitter_misc":{"Arvioitu lukuaika":"1 minuutti"},"schema":{"@context":"https:\/\/schema.org","@graph":[{"@type":"WebPage","@id":"https:\/\/blogs.uef.fi\/tiedonhaku-kemia\/kayttooikeudet\/","url":"https:\/\/blogs.uef.fi\/tiedonhaku-kemia\/kayttooikeudet\/","name":"K\u00e4ytt\u00f6oikeudet - Kemian tiedonhaku \/ UEF kirjasto","isPartOf":{"@id":"https:\/\/blogs.uef.fi\/tiedonhaku-kemia\/#website"},"datePublished":"2022-03-25T09:35:30+00:00","dateModified":"2022-08-09T12:57:16+00:00","breadcrumb":{"@id":"https:\/\/blogs.uef.fi\/tiedonhaku-kemia\/kayttooikeudet\/#breadcrumb"},"inLanguage":"fi","potentialAction":[{"@type":"ReadAction","target":["https:\/\/blogs.uef.fi\/tiedonhaku-kemia\/kayttooikeudet\/"]}]},{"@type":"BreadcrumbList","@id":"https:\/\/blogs.uef.fi\/tiedonhaku-kemia\/kayttooikeudet\/#breadcrumb","itemListElement":[{"@type":"ListItem","position":1,"name":"Home","item":"https:\/\/blogs.uef.fi\/tiedonhaku-kemia\/"},{"@type":"ListItem","position":2,"name":"K\u00e4ytt\u00f6oikeudet"}]},{"@type":"WebSite","@id":"https:\/\/blogs.uef.fi\/tiedonhaku-kemia\/#website","url":"https:\/\/blogs.uef.fi\/tiedonhaku-kemia\/","name":"Kemian tiedonhaku \/ UEF kirjasto","description":"Kemian tiedonhaku on kattava oppimateriaali tiedonhakuun kemisteille. Se sis\u00e4lt\u00e4\u00e4 yleiset tiedonhaun tekniikat sek\u00e4 kemian alan tiedonl\u00e4hteet ohjeineen ja esimerkkihakuineen.","potentialAction":[{"@type":"SearchAction","target":{"@type":"EntryPoint","urlTemplate":"https:\/\/blogs.uef.fi\/tiedonhaku-kemia\/?s={search_term_string}"},"query-input":{"@type":"PropertyValueSpecification","valueRequired":true,"valueName":"search_term_string"}}],"inLanguage":"fi"}]}},"_links":{"self":[{"href":"https:\/\/blogs.uef.fi\/tiedonhaku-kemia\/wp-json\/wp\/v2\/pages\/847","targetHints":{"allow":["GET"]}}],"collection":[{"href":"https:\/\/blogs.uef.fi\/tiedonhaku-kemia\/wp-json\/wp\/v2\/pages"}],"about":[{"href":"https:\/\/blogs.uef.fi\/tiedonhaku-kemia\/wp-json\/wp\/v2\/types\/page"}],"author":[{"embeddable":true,"href":"https:\/\/blogs.uef.fi\/tiedonhaku-kemia\/wp-json\/wp\/v2\/users\/127"}],"replies":[{"embeddable":true,"href":"https:\/\/blogs.uef.fi\/tiedonhaku-kemia\/wp-json\/wp\/v2\/comments?post=847"}],"version-history":[{"count":1,"href":"https:\/\/blogs.uef.fi\/tiedonhaku-kemia\/wp-json\/wp\/v2\/pages\/847\/revisions"}],"predecessor-version":[{"id":853,"href":"https:\/\/blogs.uef.fi\/tiedonhaku-kemia\/wp-json\/wp\/v2\/pages\/847\/revisions\/853"}],"wp:attachment":[{"href":"https:\/\/blogs.uef.fi\/tiedonhaku-kemia\/wp-json\/wp\/v2\/media?parent=847"}],"curies":[{"name":"wp","href":"https:\/\/api.w.org\/{rel}","templated":true}]}}