{"id":832,"date":"2022-03-25T11:32:01","date_gmt":"2022-03-25T09:32:01","guid":{"rendered":"https:\/\/blogs.uef.fi\/tiedonhaku-kemia\/?page_id=832"},"modified":"2025-08-12T14:19:20","modified_gmt":"2025-08-12T12:19:20","slug":"tulosten-tallentaminen","status":"publish","type":"page","link":"https:\/\/blogs.uef.fi\/tiedonhaku-kemia\/hakutulokset\/tulosten-tallentaminen\/","title":{"rendered":"Tulosten tallentaminen"},"content":{"rendered":"\n<p>Tietokannoissa on mahdollista tallentaa kulloinkin tehdyt haut ja niiden tulokset <strong>hakuhistorian (Search history)<\/strong> kautta. Tallentaminen edellytt\u00e4\u00e4 oman k\u00e4ytt\u00e4j\u00e4tunnuksen luomista. Monissa tietokannoissa hakuhistoria on n\u00e4kyvill\u00e4 koko istunnon ajan ilman erillist\u00e4 k\u00e4ytt\u00e4j\u00e4tunnusta ja kirjautumista.<\/p>\n\n\n\n<figure class=\"wp-block-image size-full\"><img loading=\"lazy\" decoding=\"async\" width=\"1347\" height=\"712\" src=\"https:\/\/blogs.uef.fi\/tiedonhaku-kemia\/wp-content\/uploads\/sites\/177\/2024\/01\/hakuhistoriat.png\" alt=\"Kuvakappaukset kolmesta tietokannasta. Punainen rinkula osoittaa hakuhistorian paikan. Scopus: Search-sivun alalaita. Web of Science: vasen toimintopalkki, kolmas kuvake (kello-ikoni). ProQuest: toinen toimintorivi ylh\u00e4\u00e4ll\u00e4, kohta Recent searches.\" class=\"wp-image-3320\" srcset=\"https:\/\/blogs.uef.fi\/tiedonhaku-kemia\/wp-content\/uploads\/sites\/177\/2024\/01\/hakuhistoriat.png 1347w, https:\/\/blogs.uef.fi\/tiedonhaku-kemia\/wp-content\/uploads\/sites\/177\/2024\/01\/hakuhistoriat-300x159.png 300w, https:\/\/blogs.uef.fi\/tiedonhaku-kemia\/wp-content\/uploads\/sites\/177\/2024\/01\/hakuhistoriat-1024x541.png 1024w, https:\/\/blogs.uef.fi\/tiedonhaku-kemia\/wp-content\/uploads\/sites\/177\/2024\/01\/hakuhistoriat-768x406.png 768w\" sizes=\"auto, (max-width: 1347px) 100vw, 1347px\" \/><figcaption class=\"wp-element-caption\"><em>Hakuhistorioiden paikat Scopus, Web of Science- ja Proquest-tietokannoissa. SciFinder-tietokannassa hakuhistoria kertyy hakusivun alalaitaan, saman tapaan kuin Scopuksessa.<\/em><\/figcaption><\/figure>\n\n\n\n<p>Hakujen tuloksia voi my\u00f6s tulostaa, l\u00e4hett\u00e4\u00e4 s\u00e4hk\u00f6postilla itselleen tai muille, tai siirt\u00e4\u00e4 toiseen ohjelmaan, esimerkiksi viitteidenhallintaohjelmaan tai Exceliin. T\u00e4m\u00e4 ei vaadi erillist\u00e4 k\u00e4ytt\u00e4j\u00e4tunnusta.<\/p>\n\n\n\n<h2 class=\"wp-block-heading\">Viitteidenhallintaohjelma s\u00e4ilytt\u00e4\u00e4 l\u00f6yt\u00e4m\u00e4si julkaisut<\/h2>\n\n\n\n<p>Kun tekee hakuja useissa eri tietokannoissa, on k\u00e4tev\u00e4\u00e4 koota halutut tietueet yhteen paikkaan k\u00e4ytt\u00f6\u00e4 odottamaan. Viitteidenhallintaohjelmat on t\u00e4llaisia tallennusalustoja.<\/p>\n\n\n\n<p>K\u00e4ytett\u00e4vi\u00e4 viitteidenhallintaohjelmia on useita, esimerkiksi Zotero ja Mendeley. <\/p>\n\n\n\n<h3 class=\"wp-block-heading\">Tietojen siirto tietokannoista<\/h3>\n\n\n\n<p>Joissakin tietokannoissa on suora linkki viitteiden siirt\u00e4miseksi tiettyyn viitteidenhallintaohjelmaan. Jos sellaista ei ole, voidaan k\u00e4ytt\u00e4\u00e4 tallennusta .ris -formaattiin tiedostoksi. Useimmiten l\u00e4hdet\u00e4\u00e4n liikkeelle Export-linkin kautta. SciFinder-tietokannassa k\u00e4ytet\u00e4\u00e4n Download-linkki\u00e4.<\/p>\n\n\n\n<figure class=\"wp-block-image size-large is-resized\"><img loading=\"lazy\" decoding=\"async\" width=\"1024\" height=\"103\" src=\"https:\/\/blogs.uef.fi\/tiedonhaku-kemia\/wp-content\/uploads\/sites\/177\/2022\/05\/KEM_download-1024x103.png\" alt=\"Kuvakaappaus yksityiskohdasta Scifinder sivulla. Otsikkona lukee: references. Oikeassa laidassa on toimintokuvakkeita, joista korostettu alasp\u00e4in osoittava nuoli.\" class=\"wp-image-1696\" srcset=\"https:\/\/blogs.uef.fi\/tiedonhaku-kemia\/wp-content\/uploads\/sites\/177\/2022\/05\/KEM_download-1024x103.png 1024w, https:\/\/blogs.uef.fi\/tiedonhaku-kemia\/wp-content\/uploads\/sites\/177\/2022\/05\/KEM_download-300x30.png 300w, https:\/\/blogs.uef.fi\/tiedonhaku-kemia\/wp-content\/uploads\/sites\/177\/2022\/05\/KEM_download-768x77.png 768w, https:\/\/blogs.uef.fi\/tiedonhaku-kemia\/wp-content\/uploads\/sites\/177\/2022\/05\/KEM_download.png 1429w\" sizes=\"auto, (max-width: 1024px) 100vw, 1024px\" \/><figcaption class=\"wp-element-caption\">Download-kuvake SciFinder-tietokannassa.<\/figcaption><\/figure>\n\n\n\n<figure class=\"wp-block-image size-full is-resized\"><img loading=\"lazy\" decoding=\"async\" width=\"1059\" height=\"656\" src=\"https:\/\/blogs.uef.fi\/tiedonhaku-kemia\/wp-content\/uploads\/sites\/177\/2022\/05\/KEM_ris.png\" alt=\"Kuvakaappaus Scifinderin Download-toiminnosta. Ylimp\u00e4n\u00e4 valitaan: File type. Vaihtoehdoista on korostettuna: citation (.ris). Alhaalla toimintokuvake: Download.\" class=\"wp-image-1702\" srcset=\"https:\/\/blogs.uef.fi\/tiedonhaku-kemia\/wp-content\/uploads\/sites\/177\/2022\/05\/KEM_ris.png 1059w, https:\/\/blogs.uef.fi\/tiedonhaku-kemia\/wp-content\/uploads\/sites\/177\/2022\/05\/KEM_ris-300x186.png 300w, https:\/\/blogs.uef.fi\/tiedonhaku-kemia\/wp-content\/uploads\/sites\/177\/2022\/05\/KEM_ris-1024x634.png 1024w, https:\/\/blogs.uef.fi\/tiedonhaku-kemia\/wp-content\/uploads\/sites\/177\/2022\/05\/KEM_ris-768x476.png 768w\" sizes=\"auto, (max-width: 1059px) 100vw, 1059px\" \/><figcaption class=\"wp-element-caption\"><em>Tiedostomuodoksi valitaan .ris.<\/em><\/figcaption><\/figure>\n\n\n\n<p>Tiedosto voidaan sitten tuoda viitteidenhallintaohjelmaan Import-toiminnolla. Ohjelmaan siirret\u00e4\u00e4n varsinaisesti vain julkaisun viitetiedot, mutta artikkelin voi liitt\u00e4\u00e4 tiedostona mukaan j\u00e4lkeenp\u00e4in. <\/p>\n\n\n\n<p>Viitteidenhallintaohjelman avulla on my\u00f6s k\u00e4tev\u00e4\u00e4 tarkistaa, onko kyseinen viite jo ennest\u00e4\u00e4n tallessa \u2013 n\u00e4in sinun ei tarvitse mietti\u00e4 asiaa, kun valitset tuloksia siirrett\u00e4v\u00e4ksi tietokannassa.<\/p>\n\n\n\n<p>Lue kirjaston kotisivulta lis\u00e4\u00e4<a href=\"https:\/\/www.uef.fi\/fi\/kirjasto\/lahdeviitteet#paragraph-13098\" target=\"_blank\" rel=\"noreferrer noopener\"> Zotero- ja Mendeley-ohjelmista<\/a>.<\/p>\n\n\n\n<h3 class=\"wp-block-heading\">Tee l\u00e4hdeluettelo viitteidenhallintaohjelmassa<\/h3>\n\n\n\n<p>Paitsi s\u00e4il\u00f6\u00e4 hakujen tuloksia, <strong>viitteidenhallintaohjelman avulla voidaan my\u00f6s tehd\u00e4 valmiita l\u00e4hdeluetteloita<\/strong>. L\u00e4hdeluettelon muoto voidaan valita valmiista malleista tai tehd\u00e4 itse. L\u00e4hdeluettelon voi siirt\u00e4\u00e4 tekstink\u00e4sittelyohjelmaan kopioimalla.<\/p>\n\n\n\n<p class=\"has-text-align-right\">Seuraava sivu: <a href=\"https:\/\/blogs.uef.fi\/tiedonhaku-kemia\/viittaaminen-ja-tekijanoikeus\/\">Viittaaminen ja tekij\u00e4noikeus<\/a><\/p>\n","protected":false},"excerpt":{"rendered":"<p>Tietokannoissa on mahdollista tallentaa kulloinkin tehdyt haut ja niiden tulokset hakuhistorian (Search history) kautta. Tallentaminen edellytt\u00e4\u00e4 oman k\u00e4ytt\u00e4j\u00e4tunnuksen luomista. Monissa tietokannoissa hakuhistoria on n\u00e4kyvill\u00e4 koko istunnon ajan ilman erillist\u00e4 k\u00e4ytt\u00e4j\u00e4tunnusta ja kirjautumista. Hakujen tuloksia voi my\u00f6s tulostaa, l\u00e4hett\u00e4\u00e4 s\u00e4hk\u00f6postilla itselleen tai muille, tai siirt\u00e4\u00e4 toiseen ohjelmaan, esimerkiksi viitteidenhallintaohjelmaan tai Exceliin. T\u00e4m\u00e4 ei vaadi erillist\u00e4 k\u00e4ytt\u00e4j\u00e4tunnusta. [&hellip;]<\/p>\n","protected":false},"author":127,"featured_media":0,"parent":563,"menu_order":0,"comment_status":"closed","ping_status":"closed","template":"","meta":{"_acf_changed":false,"footnotes":""},"class_list":["post-832","page","type-page","status-publish","hentry"],"acf":[],"yoast_head":"<!-- This site is optimized with the Yoast SEO plugin v27.1.1 - https:\/\/yoast.com\/product\/yoast-seo-wordpress\/ -->\n<title>Tulosten tallentaminen - Kemian tiedonhaku \/ UEF kirjasto<\/title>\n<meta name=\"robots\" content=\"index, follow, max-snippet:-1, max-image-preview:large, max-video-preview:-1\" \/>\n<link rel=\"canonical\" href=\"https:\/\/blogs.uef.fi\/tiedonhaku-kemia\/hakutulokset\/tulosten-tallentaminen\/\" \/>\n<meta property=\"og:locale\" content=\"fi_FI\" \/>\n<meta property=\"og:type\" content=\"article\" \/>\n<meta property=\"og:title\" content=\"Tulosten tallentaminen - Kemian tiedonhaku \/ UEF kirjasto\" \/>\n<meta property=\"og:description\" content=\"Tietokannoissa on mahdollista tallentaa kulloinkin tehdyt haut ja niiden tulokset hakuhistorian (Search history) kautta. Tallentaminen edellytt\u00e4\u00e4 oman k\u00e4ytt\u00e4j\u00e4tunnuksen luomista. Monissa tietokannoissa hakuhistoria on n\u00e4kyvill\u00e4 koko istunnon ajan ilman erillist\u00e4 k\u00e4ytt\u00e4j\u00e4tunnusta ja kirjautumista. Hakujen tuloksia voi my\u00f6s tulostaa, l\u00e4hett\u00e4\u00e4 s\u00e4hk\u00f6postilla itselleen tai muille, tai siirt\u00e4\u00e4 toiseen ohjelmaan, esimerkiksi viitteidenhallintaohjelmaan tai Exceliin. T\u00e4m\u00e4 ei vaadi erillist\u00e4 k\u00e4ytt\u00e4j\u00e4tunnusta. [&hellip;]\" \/>\n<meta property=\"og:url\" content=\"https:\/\/blogs.uef.fi\/tiedonhaku-kemia\/hakutulokset\/tulosten-tallentaminen\/\" \/>\n<meta property=\"og:site_name\" content=\"Kemian tiedonhaku \/ UEF kirjasto\" \/>\n<meta property=\"article:modified_time\" content=\"2025-08-12T12:19:20+00:00\" \/>\n<meta property=\"og:image\" content=\"https:\/\/blogs.uef.fi\/tiedonhaku-kemia\/wp-content\/uploads\/sites\/177\/2024\/01\/hakuhistoriat.png\" \/>\n\t<meta property=\"og:image:width\" content=\"1347\" \/>\n\t<meta property=\"og:image:height\" content=\"712\" \/>\n\t<meta property=\"og:image:type\" content=\"image\/png\" \/>\n<meta name=\"twitter:card\" content=\"summary_large_image\" \/>\n<meta name=\"twitter:label1\" content=\"Arvioitu lukuaika\" \/>\n\t<meta name=\"twitter:data1\" content=\"2 minuuttia\" \/>\n<script type=\"application\/ld+json\" class=\"yoast-schema-graph\">{\"@context\":\"https:\/\/schema.org\",\"@graph\":[{\"@type\":\"WebPage\",\"@id\":\"https:\/\/blogs.uef.fi\/tiedonhaku-kemia\/hakutulokset\/tulosten-tallentaminen\/\",\"url\":\"https:\/\/blogs.uef.fi\/tiedonhaku-kemia\/hakutulokset\/tulosten-tallentaminen\/\",\"name\":\"Tulosten tallentaminen - Kemian tiedonhaku \/ UEF kirjasto\",\"isPartOf\":{\"@id\":\"https:\/\/blogs.uef.fi\/tiedonhaku-kemia\/#website\"},\"primaryImageOfPage\":{\"@id\":\"https:\/\/blogs.uef.fi\/tiedonhaku-kemia\/hakutulokset\/tulosten-tallentaminen\/#primaryimage\"},\"image\":{\"@id\":\"https:\/\/blogs.uef.fi\/tiedonhaku-kemia\/hakutulokset\/tulosten-tallentaminen\/#primaryimage\"},\"thumbnailUrl\":\"https:\/\/blogs.uef.fi\/tiedonhaku-kemia\/wp-content\/uploads\/sites\/177\/2024\/01\/hakuhistoriat.png\",\"datePublished\":\"2022-03-25T09:32:01+00:00\",\"dateModified\":\"2025-08-12T12:19:20+00:00\",\"breadcrumb\":{\"@id\":\"https:\/\/blogs.uef.fi\/tiedonhaku-kemia\/hakutulokset\/tulosten-tallentaminen\/#breadcrumb\"},\"inLanguage\":\"fi\",\"potentialAction\":[{\"@type\":\"ReadAction\",\"target\":[\"https:\/\/blogs.uef.fi\/tiedonhaku-kemia\/hakutulokset\/tulosten-tallentaminen\/\"]}]},{\"@type\":\"ImageObject\",\"inLanguage\":\"fi\",\"@id\":\"https:\/\/blogs.uef.fi\/tiedonhaku-kemia\/hakutulokset\/tulosten-tallentaminen\/#primaryimage\",\"url\":\"https:\/\/blogs.uef.fi\/tiedonhaku-kemia\/wp-content\/uploads\/sites\/177\/2024\/01\/hakuhistoriat.png\",\"contentUrl\":\"https:\/\/blogs.uef.fi\/tiedonhaku-kemia\/wp-content\/uploads\/sites\/177\/2024\/01\/hakuhistoriat.png\",\"width\":1347,\"height\":712},{\"@type\":\"BreadcrumbList\",\"@id\":\"https:\/\/blogs.uef.fi\/tiedonhaku-kemia\/hakutulokset\/tulosten-tallentaminen\/#breadcrumb\",\"itemListElement\":[{\"@type\":\"ListItem\",\"position\":1,\"name\":\"Home\",\"item\":\"https:\/\/blogs.uef.fi\/tiedonhaku-kemia\/\"},{\"@type\":\"ListItem\",\"position\":2,\"name\":\"Hakutulokset\",\"item\":\"https:\/\/blogs.uef.fi\/tiedonhaku-kemia\/hakutulokset\/\"},{\"@type\":\"ListItem\",\"position\":3,\"name\":\"Tulosten tallentaminen\"}]},{\"@type\":\"WebSite\",\"@id\":\"https:\/\/blogs.uef.fi\/tiedonhaku-kemia\/#website\",\"url\":\"https:\/\/blogs.uef.fi\/tiedonhaku-kemia\/\",\"name\":\"Kemian tiedonhaku \/ UEF kirjasto\",\"description\":\"Kemian tiedonhaku on kattava oppimateriaali tiedonhakuun kemisteille. Se sis\u00e4lt\u00e4\u00e4 yleiset tiedonhaun tekniikat sek\u00e4 kemian alan tiedonl\u00e4hteet ohjeineen ja esimerkkihakuineen.\",\"potentialAction\":[{\"@type\":\"SearchAction\",\"target\":{\"@type\":\"EntryPoint\",\"urlTemplate\":\"https:\/\/blogs.uef.fi\/tiedonhaku-kemia\/?s={search_term_string}\"},\"query-input\":{\"@type\":\"PropertyValueSpecification\",\"valueRequired\":true,\"valueName\":\"search_term_string\"}}],\"inLanguage\":\"fi\"}]}<\/script>\n<!-- \/ Yoast SEO plugin. -->","yoast_head_json":{"title":"Tulosten tallentaminen - Kemian tiedonhaku \/ UEF kirjasto","robots":{"index":"index","follow":"follow","max-snippet":"max-snippet:-1","max-image-preview":"max-image-preview:large","max-video-preview":"max-video-preview:-1"},"canonical":"https:\/\/blogs.uef.fi\/tiedonhaku-kemia\/hakutulokset\/tulosten-tallentaminen\/","og_locale":"fi_FI","og_type":"article","og_title":"Tulosten tallentaminen - Kemian tiedonhaku \/ UEF kirjasto","og_description":"Tietokannoissa on mahdollista tallentaa kulloinkin tehdyt haut ja niiden tulokset hakuhistorian (Search history) kautta. Tallentaminen edellytt\u00e4\u00e4 oman k\u00e4ytt\u00e4j\u00e4tunnuksen luomista. Monissa tietokannoissa hakuhistoria on n\u00e4kyvill\u00e4 koko istunnon ajan ilman erillist\u00e4 k\u00e4ytt\u00e4j\u00e4tunnusta ja kirjautumista. Hakujen tuloksia voi my\u00f6s tulostaa, l\u00e4hett\u00e4\u00e4 s\u00e4hk\u00f6postilla itselleen tai muille, tai siirt\u00e4\u00e4 toiseen ohjelmaan, esimerkiksi viitteidenhallintaohjelmaan tai Exceliin. T\u00e4m\u00e4 ei vaadi erillist\u00e4 k\u00e4ytt\u00e4j\u00e4tunnusta. [&hellip;]","og_url":"https:\/\/blogs.uef.fi\/tiedonhaku-kemia\/hakutulokset\/tulosten-tallentaminen\/","og_site_name":"Kemian tiedonhaku \/ UEF kirjasto","article_modified_time":"2025-08-12T12:19:20+00:00","og_image":[{"width":1347,"height":712,"url":"https:\/\/blogs.uef.fi\/tiedonhaku-kemia\/wp-content\/uploads\/sites\/177\/2024\/01\/hakuhistoriat.png","type":"image\/png"}],"twitter_card":"summary_large_image","twitter_misc":{"Arvioitu lukuaika":"2 minuuttia"},"schema":{"@context":"https:\/\/schema.org","@graph":[{"@type":"WebPage","@id":"https:\/\/blogs.uef.fi\/tiedonhaku-kemia\/hakutulokset\/tulosten-tallentaminen\/","url":"https:\/\/blogs.uef.fi\/tiedonhaku-kemia\/hakutulokset\/tulosten-tallentaminen\/","name":"Tulosten tallentaminen - Kemian tiedonhaku \/ UEF kirjasto","isPartOf":{"@id":"https:\/\/blogs.uef.fi\/tiedonhaku-kemia\/#website"},"primaryImageOfPage":{"@id":"https:\/\/blogs.uef.fi\/tiedonhaku-kemia\/hakutulokset\/tulosten-tallentaminen\/#primaryimage"},"image":{"@id":"https:\/\/blogs.uef.fi\/tiedonhaku-kemia\/hakutulokset\/tulosten-tallentaminen\/#primaryimage"},"thumbnailUrl":"https:\/\/blogs.uef.fi\/tiedonhaku-kemia\/wp-content\/uploads\/sites\/177\/2024\/01\/hakuhistoriat.png","datePublished":"2022-03-25T09:32:01+00:00","dateModified":"2025-08-12T12:19:20+00:00","breadcrumb":{"@id":"https:\/\/blogs.uef.fi\/tiedonhaku-kemia\/hakutulokset\/tulosten-tallentaminen\/#breadcrumb"},"inLanguage":"fi","potentialAction":[{"@type":"ReadAction","target":["https:\/\/blogs.uef.fi\/tiedonhaku-kemia\/hakutulokset\/tulosten-tallentaminen\/"]}]},{"@type":"ImageObject","inLanguage":"fi","@id":"https:\/\/blogs.uef.fi\/tiedonhaku-kemia\/hakutulokset\/tulosten-tallentaminen\/#primaryimage","url":"https:\/\/blogs.uef.fi\/tiedonhaku-kemia\/wp-content\/uploads\/sites\/177\/2024\/01\/hakuhistoriat.png","contentUrl":"https:\/\/blogs.uef.fi\/tiedonhaku-kemia\/wp-content\/uploads\/sites\/177\/2024\/01\/hakuhistoriat.png","width":1347,"height":712},{"@type":"BreadcrumbList","@id":"https:\/\/blogs.uef.fi\/tiedonhaku-kemia\/hakutulokset\/tulosten-tallentaminen\/#breadcrumb","itemListElement":[{"@type":"ListItem","position":1,"name":"Home","item":"https:\/\/blogs.uef.fi\/tiedonhaku-kemia\/"},{"@type":"ListItem","position":2,"name":"Hakutulokset","item":"https:\/\/blogs.uef.fi\/tiedonhaku-kemia\/hakutulokset\/"},{"@type":"ListItem","position":3,"name":"Tulosten tallentaminen"}]},{"@type":"WebSite","@id":"https:\/\/blogs.uef.fi\/tiedonhaku-kemia\/#website","url":"https:\/\/blogs.uef.fi\/tiedonhaku-kemia\/","name":"Kemian tiedonhaku \/ UEF kirjasto","description":"Kemian tiedonhaku on kattava oppimateriaali tiedonhakuun kemisteille. Se sis\u00e4lt\u00e4\u00e4 yleiset tiedonhaun tekniikat sek\u00e4 kemian alan tiedonl\u00e4hteet ohjeineen ja esimerkkihakuineen.","potentialAction":[{"@type":"SearchAction","target":{"@type":"EntryPoint","urlTemplate":"https:\/\/blogs.uef.fi\/tiedonhaku-kemia\/?s={search_term_string}"},"query-input":{"@type":"PropertyValueSpecification","valueRequired":true,"valueName":"search_term_string"}}],"inLanguage":"fi"}]}},"_links":{"self":[{"href":"https:\/\/blogs.uef.fi\/tiedonhaku-kemia\/wp-json\/wp\/v2\/pages\/832","targetHints":{"allow":["GET"]}}],"collection":[{"href":"https:\/\/blogs.uef.fi\/tiedonhaku-kemia\/wp-json\/wp\/v2\/pages"}],"about":[{"href":"https:\/\/blogs.uef.fi\/tiedonhaku-kemia\/wp-json\/wp\/v2\/types\/page"}],"author":[{"embeddable":true,"href":"https:\/\/blogs.uef.fi\/tiedonhaku-kemia\/wp-json\/wp\/v2\/users\/127"}],"replies":[{"embeddable":true,"href":"https:\/\/blogs.uef.fi\/tiedonhaku-kemia\/wp-json\/wp\/v2\/comments?post=832"}],"version-history":[{"count":2,"href":"https:\/\/blogs.uef.fi\/tiedonhaku-kemia\/wp-json\/wp\/v2\/pages\/832\/revisions"}],"predecessor-version":[{"id":3573,"href":"https:\/\/blogs.uef.fi\/tiedonhaku-kemia\/wp-json\/wp\/v2\/pages\/832\/revisions\/3573"}],"up":[{"embeddable":true,"href":"https:\/\/blogs.uef.fi\/tiedonhaku-kemia\/wp-json\/wp\/v2\/pages\/563"}],"wp:attachment":[{"href":"https:\/\/blogs.uef.fi\/tiedonhaku-kemia\/wp-json\/wp\/v2\/media?parent=832"}],"curies":[{"name":"wp","href":"https:\/\/api.w.org\/{rel}","templated":true}]}}