{"id":794,"date":"2022-03-25T10:13:20","date_gmt":"2022-03-25T08:13:20","guid":{"rendered":"https:\/\/blogs.uef.fi\/tiedonhaku-kemia\/?page_id=794"},"modified":"2026-03-06T10:06:16","modified_gmt":"2026-03-06T08:06:16","slug":"saatavuus","status":"publish","type":"page","link":"https:\/\/blogs.uef.fi\/tiedonhaku-kemia\/hakutulokset\/saatavuus\/","title":{"rendered":"Saatavuus"},"content":{"rendered":"\n<p style=\"font-size:18px\">L\u00e4hes kaikki julkaisut ovat saatavilla tavalla toisella. Kaikki eiv\u00e4t kuitenkaan l\u00f6ydy netist\u00e4 ja joskus julkaisun k\u00e4sille saamisesta pit\u00e4\u00e4 maksaa. <br><br>Tieteelliset artikkelit julkaistaan t\u00e4t\u00e4 tarkoitusta varten perustetuissa lehdiss\u00e4, joita hallitsevat muutamat suuret kaupalliset kustantajat. Tieteelliset lehdet ovat usein maksullisia ja niihin on p\u00e4\u00e4sy esimerkiksi vain yliopiston henkil\u00f6kunnalla ja opiskelijoilla. <strong>Iso osa tieteellisest\u00e4 tiedosta on siis maksumuurin takana.<\/strong> T\u00e4m\u00e4 vaikeuttaa merkitt\u00e4v\u00e4sti tieteellisen tiedon hy\u00f6dynt\u00e4mist\u00e4 esim. yrityksiss\u00e4.<br><br>Yh\u00e4 enemm\u00e4n tieteellist\u00e4 tietoa julkaistaan kuitenkin avoimesti. Seuraavassa luvussa kerrotaan t\u00e4st\u00e4 lis\u00e4\u00e4.<\/p>\n\n\n\n<h2 class=\"wp-block-heading\">J\u00e4ljit\u00e4 artikkelia tai kirjaa suoraan verkosta<\/h2>\n\n\n\n<p>Tietokannassa voi n\u00e4ky\u00e4 suoria linkkeja tai apuv\u00e4lineit\u00e4 julkaisun aukaisemiseksi:<\/p>\n\n\n\n<ul class=\"wp-block-list\">\n<li><strong>Full Text tai PDF tai HTML -linkki<\/strong> tietueessa, aukaisee artikkelin suoraan<\/li>\n\n\n\n<li><strong>Find It -kuvake<\/strong>, joka selvitt\u00e4\u00e4 onko k\u00e4ytt\u00f6oikeutta verkkoversioon &#8211; aina sit\u00e4 ei ole!<\/li>\n\n\n\n<li>Googlaa tietueessa n\u00e4kyv\u00e4ll\u00e4  <strong>DOI-osoitteella<\/strong>, tai jos sit\u00e4 ei ole, <strong>artikkelin nimell\u00e4<\/strong><\/li>\n<\/ul>\n\n\n\n<figure class=\"wp-block-image size-full is-resized\"><img loading=\"lazy\" decoding=\"async\" width=\"3972\" height=\"1765\" src=\"https:\/\/blogs.uef.fi\/tiedonhaku-kemia\/wp-content\/uploads\/sites\/177\/2022\/04\/KEM_kokoteksti.png\" alt=\"Kuvakaappaus yhden artikkelin tiedoista. Korostettuna vasemmalla palstalla teskti: DOI. Korostettuna tietueen alla painike: \u2019View source\u2019. Korostettuna sen vieress\u00e4 painike \u2019Full text\u2019 ja ymp\u00e4r\u00f6ity sen tarjoamat kolme vaihtoehtoa: University of Eastern Finlad e-journals, DOI, View all sources.\" class=\"wp-image-1328\" srcset=\"https:\/\/blogs.uef.fi\/tiedonhaku-kemia\/wp-content\/uploads\/sites\/177\/2022\/04\/KEM_kokoteksti.png 3972w, https:\/\/blogs.uef.fi\/tiedonhaku-kemia\/wp-content\/uploads\/sites\/177\/2022\/04\/KEM_kokoteksti-300x133.png 300w, https:\/\/blogs.uef.fi\/tiedonhaku-kemia\/wp-content\/uploads\/sites\/177\/2022\/04\/KEM_kokoteksti-1024x455.png 1024w, https:\/\/blogs.uef.fi\/tiedonhaku-kemia\/wp-content\/uploads\/sites\/177\/2022\/04\/KEM_kokoteksti-768x341.png 768w, https:\/\/blogs.uef.fi\/tiedonhaku-kemia\/wp-content\/uploads\/sites\/177\/2022\/04\/KEM_kokoteksti-1536x683.png 1536w, https:\/\/blogs.uef.fi\/tiedonhaku-kemia\/wp-content\/uploads\/sites\/177\/2022\/04\/KEM_kokoteksti-2048x910.png 2048w\" sizes=\"auto, (max-width: 3972px) 100vw, 3972px\" \/><figcaption class=\"wp-element-caption\"><em>Esimerkki tietueesta SciFinder-tietokannassa, jossa n\u00e4ytet\u00e4\u00e4n DOI-osoite, View source = alkuper\u00e4inen julkaisu sek\u00e4 Full text = mahdollisuuksia kokotekstin j\u00e4ljitt\u00e4miseen.<\/em><\/figcaption><\/figure>\n\n\n\n<p><strong>DOI (Digital Object Identifier)<\/strong> on verkossa olevan dokumentin (artikkeli, kuva, video jne.) pysyv\u00e4 tunnistenumero. DOI viittaa tiettyyn dokumenttiin sen verkko-osoitteesta riippumatta, ts. sivuston osoite voi muuttua, mutta DOI:n avulla itse dokumentti l\u00f6ytyy aina. DOI-linkki toimii hyvin, kun ollaan yliopiston verkossa.<br><br>Vinkki: DOI-linkki kannattaa liitt\u00e4\u00e4 julkaisun l\u00e4hdeluetteloon artikkelin verkko-osoitteksi lehden kotisivun sijaan.<\/p>\n\n\n\n<p><strong>Voit my\u00f6s asentaa itse selaimeesi erilaisia lis\u00e4osia,<\/strong> jotka auttavat julkaisun j\u00e4ljitt\u00e4misess\u00e4:<\/p>\n\n\n\n<ul class=\"wp-block-list\">\n<li>LibKey-kuvake, joka tunnistaa olemassa olevan UEFin k\u00e4ytt\u00f6oikeuden ja ilmaantuu n\u00e4kyviin vain, jos k\u00e4ytt\u00f6oikeus on. <a href=\"https:\/\/thirdiron.com\/downloadnomad\/?gclid=EAIaIQobChMIx_j1u_aM8QIVA6OyCh0vCgJpEAAYASAAEgJs9PD_BwE\" target=\"_blank\" rel=\"noreferrer noopener\">Asenna t\u00e4st\u00e4 LibKey<\/a>.<\/li>\n\n\n\n<li>Lis\u00e4osa, joka tarkistaa, olisiko julkaisu saatavana jostakin toisesta palvelusta avoimesti ja laillisesti. Lue lis\u00e4\u00e4 n\u00e4ist\u00e4 <a href=\"https:\/\/www.uef.fi\/fi\/kirjasto\/avoimen-tiedon-hakuopas#paragraph-16102\" target=\"_blank\" rel=\"noreferrer noopener\">lis\u00e4osista<\/a> Avoimen tiedonhaun oppaasta.<\/li>\n<\/ul>\n\n\n\n<figure class=\"wp-block-image size-full is-resized\"><img loading=\"lazy\" decoding=\"async\" width=\"1485\" height=\"1337\" src=\"https:\/\/blogs.uef.fi\/tiedonhaku-kemia\/wp-content\/uploads\/sites\/177\/2022\/03\/lisaosia.png\" alt=\"Nelj\u00e4 logoa kehyksen sis\u00e4ll\u00e4. Tummalla pohjalla vihre\u00e4 pisaran kuva ja teksti Download PDF, University of Eastern Finland. Alla seliteteksti: Libkey. Oranssi tyylitelty avoin lukko ja k\u00e4si aukaisemassa sit\u00e4. Alla seliteteksti: Open Access Button. Sininen tyylitelty p\u00e4\u00e4, jossa kolmikolkkahattu. Alla seliteteksti: Google Scholar Button. Vihre\u00e4n puolikaaren sis\u00e4ll\u00e4 valkoinen avoin lukko. Alla seliteteksti: Unpaywall.\" class=\"wp-image-806\" style=\"width:300px\" srcset=\"https:\/\/blogs.uef.fi\/tiedonhaku-kemia\/wp-content\/uploads\/sites\/177\/2022\/03\/lisaosia.png 1485w, https:\/\/blogs.uef.fi\/tiedonhaku-kemia\/wp-content\/uploads\/sites\/177\/2022\/03\/lisaosia-300x270.png 300w, https:\/\/blogs.uef.fi\/tiedonhaku-kemia\/wp-content\/uploads\/sites\/177\/2022\/03\/lisaosia-1024x922.png 1024w, https:\/\/blogs.uef.fi\/tiedonhaku-kemia\/wp-content\/uploads\/sites\/177\/2022\/03\/lisaosia-768x691.png 768w\" sizes=\"auto, (max-width: 1485px) 100vw, 1485px\" \/><figcaption class=\"wp-element-caption\"><em>Lis\u00e4osien tunnuksia ja logoja.<\/em><\/figcaption><\/figure>\n\n\n\n<h2 class=\"wp-block-heading\">Jos julkaisua ei heti l\u00f6ydy, kokeile seuraavaa<\/h2>\n\n\n\n<p>Tarkista UEF-Primon aineistot hakemalla:<\/p>\n\n\n\n<ul class=\"wp-block-list\">\n<li>artikkelia lehtihausta lehden nimell\u00e4<\/li>\n\n\n\n<li>artikkelia kirjassa kirjaston kokoelmista kirjan nimen mukaan<\/li>\n\n\n\n<li>kirjaa kirjaston kokoelmista kirjan nimell\u00e4<\/li>\n\n\n\n<li>konferenssijulkaisua kirjaston kokoelmista konferenssin nimen mukaan<\/li>\n<\/ul>\n\n\n\n<p>UEF Primoa kannattaa kokeilla erityisesti silloin, jos k\u00e4ytt\u00e4m\u00e4si tietokone ei ole kampusverkossa \u2013 k\u00e4ytt\u00f6oikeuden tunnistaminen menee Primon kautta.<\/p>\n\n\n\n<p>Tarkista tarvittaessa muut l\u00e4hiseutusi kirjastot: ammattikorkeakoulu ja kaupunginkirjasto.<\/p>\n\n\n\n<p>Tietokannoissa ja Googlella hakien vastaan voi tulla linkkej\u00e4, joissa artikkelin p\u00e4\u00e4see lukemaan vain maksua vastaan. T\u00e4m\u00e4 tarkoittaa, ett\u00e4 UEF ei ole hankkinut k\u00e4ytt\u00f6oikeuttaa verkkoversioon. T\u00e4llaisen artikkelin voi joko hankkia itse tai tehd\u00e4 siit\u00e4 kaukolainapyynn\u00f6n (katso tarkemmin alempaa).<\/p>\n\n\n\n<p>Muista, ett\u00e4 kirjaston asiakkaana voit tehd\u00e4 kirjastolle my\u00f6s <a href=\"https:\/\/www.uef.fi\/fi\/kirjasto\/tietoaineiston-hankinta\" target=\"_blank\" rel=\"noreferrer noopener\">hankintaesityksen<\/a> (linkki aukeaa uuteen ikkunaan) kirjasta, jota kokoelmiin ei sis\u00e4lly. Kirja voidaan hankkia, jos se on ajantasainen ja voisi hy\u00f6dytt\u00e4\u00e4 muitakin asiakkaita.<\/p>\n\n\n\n<h3 class=\"wp-block-heading\">Piraattisivustot<\/h3>\n\n\n\n<p>On olemassa sivustoja, jotka luvattomasti tallentavat maksullisia artikkeleita laajoiksi \u201dtietokannoiksi\u201d. Toiset pit\u00e4v\u00e4t n\u00e4it\u00e4 sivustoja sankareina, toiset roistoina. Tekij\u00e4noikeuksia ne joka tapauksessa loukkaavat.<\/p>\n\n\n\n<h2 class=\"wp-block-heading\">Vapaakappaleet: kotimainen kirjallisuus ulottuville<\/h2>\n\n\n\n<p>It\u00e4-Suomen yliopiston kirjastolla on k\u00e4yt\u00f6ss\u00e4\u00e4n kaikki Suomessa julkaistava kirjallisuus ns. vapaakappalelain perusteella. Oikeus on ollut Joensuun yliopiston kirjastolla vuodesta 1981 l\u00e4htien. Vapaakappaleet ovat asiakkaiden saatavilla lukusalik\u00e4ytt\u00f6\u00f6n.<\/p>\n\n\n\n<p>Tiedot n\u00e4ist\u00e4 julkaisuista n\u00e4kyv\u00e4t UEF-Primossa (koskee tietokirjallisuutta vuodesta 2008 eteen p\u00e4in). Tilauksen voi tehd\u00e4 UEF-Primon kautta suoraan. Jos aineistoa ei n\u00e4y UEF-Primossa, voit kysy\u00e4 sit\u00e4 k\u00e4ytt\u00f6\u00f6n <a href=\"https:\/\/link.webropolsurveys.com\/Participation\/Public\/3861b4da-068a-4d2e-a5a8-8c9079677d76?displayId=Fin2040119&amp;surveyLocale=fi\" target=\"_blank\" rel=\"noreferrer noopener\">verkkolomakkeella<\/a>. Tilaus on maksuton.<\/p>\n\n\n\n<p>Eri yliopistojen gradut eiv\u00e4t kuulu vapaakappalelain piiriin, joten niit\u00e4 ei kirjastosta l\u00f6ydy.<br><\/p>\n\n\n\n<h3 class=\"wp-block-heading\">Verkossa olevat vapaakappaleaineistot<\/h3>\n\n\n\n<p>Painettujen vapaakappaleiden lis\u00e4ksi tarjolla on verkosta tallennettuja vapaakappaleita. N\u00e4m\u00e4 ovat k\u00e4ytett\u00e4viss\u00e4 vain kampuskirjastoissa sijaitsevilla erillisill\u00e4 tietokoneilla. <\/p>\n\n\n\n<p>Lue kirjaston kotisivulta <a href=\"https:\/\/www.uef.fi\/fi\/kirjasto\/vapaakappaleet\" target=\"_blank\" rel=\"noreferrer noopener\">lis\u00e4\u00e4 tietoa vapaakappaleista<\/a>.<\/p>\n\n\n\n<h2 class=\"wp-block-heading\">Kaukolainaus : tilaa toisten kirjastojen aineistoja omaan kirjastoon<\/h2>\n\n\n\n<p>Jos haluttua aineistoa ei l\u00f6ydy kirjastosta, voi harkita kaukolainan tilausta. Kaukolainauksessa kirjan voi saada lainaksi, lehtiartikkeleista saa yleens\u00e4 kopion. Palvelu on maksullista. Kaukolaina voidaan tilata tarvittaessa my\u00f6s ulkomailta, jolloin se maksaa enemm\u00e4n \u2013 mieti siis edelt\u00e4 k\u00e4sin, paljonko olet valmis maksamaan (tarkista kirjaston <a href=\"https:\/\/www.uef.fi\/fi\/kirjasto\/hinnasto#paragraph-22432\" target=\"_blank\" rel=\"noreferrer noopener\">palveluhinnasto<\/a>).<\/p>\n\n\n\n<p>Kaukolainojen tilaus hoidetaan kirjaston kaukopalvelun kautta. Siell\u00e4 selvitet\u00e4\u00e4n my\u00f6s, mist\u00e4 julkaisu olisi nopeimmin ja edullisimmin saatavissa. Kaukopalvelutilauksen voi tehd\u00e4 <a href=\"https:\/\/forms.office.com\/Pages\/ResponsePage.aspx?id=Lp-HhwRz8ku68mPn-D88NMfwFGq1KFhMuf7WE9FPhWhURFo1REFIMTdKTjQ0TUZRMFI1S1NRN1dDWS4u\" target=\"_blank\" rel=\"noreferrer noopener\">verkkolomakkeella<\/a>. Kaukolainatilaukseen on suora linkki my\u00f6s UEF-Primossa.<\/p>\n\n\n\n<p class=\"has-text-align-right\">Seuraava sivu: <a href=\"https:\/\/blogs.uef.fi\/tiedonhaku-kemia\/avoimet-julkaisut\/\">Avoimet julkaisut<\/a><\/p>\n","protected":false},"excerpt":{"rendered":"<p>L\u00e4hes kaikki julkaisut ovat saatavilla tavalla toisella. Kaikki eiv\u00e4t kuitenkaan l\u00f6ydy netist\u00e4 ja joskus julkaisun k\u00e4sille saamisesta pit\u00e4\u00e4 maksaa. Tieteelliset artikkelit julkaistaan t\u00e4t\u00e4 tarkoitusta varten perustetuissa lehdiss\u00e4, joita hallitsevat muutamat suuret kaupalliset kustantajat. Tieteelliset lehdet ovat usein maksullisia ja niihin on p\u00e4\u00e4sy esimerkiksi vain yliopiston henkil\u00f6kunnalla ja opiskelijoilla. Iso osa tieteellisest\u00e4 tiedosta on siis maksumuurin [&hellip;]<\/p>\n","protected":false},"author":127,"featured_media":0,"parent":563,"menu_order":0,"comment_status":"closed","ping_status":"closed","template":"","meta":{"_acf_changed":false,"footnotes":""},"class_list":["post-794","page","type-page","status-publish","hentry"],"acf":[],"yoast_head":"<!-- This site is optimized with the Yoast SEO plugin v27.3 - https:\/\/yoast.com\/product\/yoast-seo-wordpress\/ -->\n<title>Saatavuus - Kemian tiedonhaku \/ UEF kirjasto<\/title>\n<meta name=\"robots\" content=\"index, follow, max-snippet:-1, max-image-preview:large, max-video-preview:-1\" \/>\n<link rel=\"canonical\" href=\"https:\/\/blogs.uef.fi\/tiedonhaku-kemia\/hakutulokset\/saatavuus\/\" \/>\n<meta property=\"og:locale\" content=\"fi_FI\" \/>\n<meta property=\"og:type\" content=\"article\" \/>\n<meta property=\"og:title\" content=\"Saatavuus - Kemian tiedonhaku \/ UEF kirjasto\" \/>\n<meta property=\"og:description\" content=\"L\u00e4hes kaikki julkaisut ovat saatavilla tavalla toisella. Kaikki eiv\u00e4t kuitenkaan l\u00f6ydy netist\u00e4 ja joskus julkaisun k\u00e4sille saamisesta pit\u00e4\u00e4 maksaa. Tieteelliset artikkelit julkaistaan t\u00e4t\u00e4 tarkoitusta varten perustetuissa lehdiss\u00e4, joita hallitsevat muutamat suuret kaupalliset kustantajat. Tieteelliset lehdet ovat usein maksullisia ja niihin on p\u00e4\u00e4sy esimerkiksi vain yliopiston henkil\u00f6kunnalla ja opiskelijoilla. Iso osa tieteellisest\u00e4 tiedosta on siis maksumuurin [&hellip;]\" \/>\n<meta property=\"og:url\" content=\"https:\/\/blogs.uef.fi\/tiedonhaku-kemia\/hakutulokset\/saatavuus\/\" \/>\n<meta property=\"og:site_name\" content=\"Kemian tiedonhaku \/ UEF kirjasto\" \/>\n<meta property=\"article:modified_time\" content=\"2026-03-06T08:06:16+00:00\" \/>\n<meta property=\"og:image\" content=\"https:\/\/blogs.uef.fi\/tiedonhaku-kemia\/wp-content\/uploads\/sites\/177\/2022\/04\/KEM_kokoteksti-1024x455.png\" \/>\n\t<meta property=\"og:image:width\" content=\"1024\" \/>\n\t<meta property=\"og:image:height\" content=\"455\" \/>\n\t<meta property=\"og:image:type\" content=\"image\/png\" \/>\n<meta name=\"twitter:card\" content=\"summary_large_image\" \/>\n<meta name=\"twitter:label1\" content=\"Arvioitu lukuaika\" \/>\n\t<meta name=\"twitter:data1\" content=\"4 minuuttia\" \/>\n<script type=\"application\/ld+json\" class=\"yoast-schema-graph\">{\"@context\":\"https:\\\/\\\/schema.org\",\"@graph\":[{\"@type\":\"WebPage\",\"@id\":\"https:\\\/\\\/blogs.uef.fi\\\/tiedonhaku-kemia\\\/hakutulokset\\\/saatavuus\\\/\",\"url\":\"https:\\\/\\\/blogs.uef.fi\\\/tiedonhaku-kemia\\\/hakutulokset\\\/saatavuus\\\/\",\"name\":\"Saatavuus - Kemian tiedonhaku \\\/ UEF kirjasto\",\"isPartOf\":{\"@id\":\"https:\\\/\\\/blogs.uef.fi\\\/tiedonhaku-kemia\\\/#website\"},\"primaryImageOfPage\":{\"@id\":\"https:\\\/\\\/blogs.uef.fi\\\/tiedonhaku-kemia\\\/hakutulokset\\\/saatavuus\\\/#primaryimage\"},\"image\":{\"@id\":\"https:\\\/\\\/blogs.uef.fi\\\/tiedonhaku-kemia\\\/hakutulokset\\\/saatavuus\\\/#primaryimage\"},\"thumbnailUrl\":\"https:\\\/\\\/blogs.uef.fi\\\/tiedonhaku-kemia\\\/wp-content\\\/uploads\\\/sites\\\/177\\\/2022\\\/04\\\/KEM_kokoteksti.png\",\"datePublished\":\"2022-03-25T08:13:20+00:00\",\"dateModified\":\"2026-03-06T08:06:16+00:00\",\"breadcrumb\":{\"@id\":\"https:\\\/\\\/blogs.uef.fi\\\/tiedonhaku-kemia\\\/hakutulokset\\\/saatavuus\\\/#breadcrumb\"},\"inLanguage\":\"fi\",\"potentialAction\":[{\"@type\":\"ReadAction\",\"target\":[\"https:\\\/\\\/blogs.uef.fi\\\/tiedonhaku-kemia\\\/hakutulokset\\\/saatavuus\\\/\"]}]},{\"@type\":\"ImageObject\",\"inLanguage\":\"fi\",\"@id\":\"https:\\\/\\\/blogs.uef.fi\\\/tiedonhaku-kemia\\\/hakutulokset\\\/saatavuus\\\/#primaryimage\",\"url\":\"https:\\\/\\\/blogs.uef.fi\\\/tiedonhaku-kemia\\\/wp-content\\\/uploads\\\/sites\\\/177\\\/2022\\\/04\\\/KEM_kokoteksti.png\",\"contentUrl\":\"https:\\\/\\\/blogs.uef.fi\\\/tiedonhaku-kemia\\\/wp-content\\\/uploads\\\/sites\\\/177\\\/2022\\\/04\\\/KEM_kokoteksti.png\",\"width\":3972,\"height\":1765},{\"@type\":\"BreadcrumbList\",\"@id\":\"https:\\\/\\\/blogs.uef.fi\\\/tiedonhaku-kemia\\\/hakutulokset\\\/saatavuus\\\/#breadcrumb\",\"itemListElement\":[{\"@type\":\"ListItem\",\"position\":1,\"name\":\"Home\",\"item\":\"https:\\\/\\\/blogs.uef.fi\\\/tiedonhaku-kemia\\\/\"},{\"@type\":\"ListItem\",\"position\":2,\"name\":\"Hakutulokset\",\"item\":\"https:\\\/\\\/blogs.uef.fi\\\/tiedonhaku-kemia\\\/hakutulokset\\\/\"},{\"@type\":\"ListItem\",\"position\":3,\"name\":\"Saatavuus\"}]},{\"@type\":\"WebSite\",\"@id\":\"https:\\\/\\\/blogs.uef.fi\\\/tiedonhaku-kemia\\\/#website\",\"url\":\"https:\\\/\\\/blogs.uef.fi\\\/tiedonhaku-kemia\\\/\",\"name\":\"Kemian tiedonhaku \\\/ UEF kirjasto\",\"description\":\"Kemian tiedonhaku on kattava oppimateriaali tiedonhakuun kemisteille. Se sis\u00e4lt\u00e4\u00e4 yleiset tiedonhaun tekniikat sek\u00e4 kemian alan tiedonl\u00e4hteet ohjeineen ja esimerkkihakuineen.\",\"potentialAction\":[{\"@type\":\"SearchAction\",\"target\":{\"@type\":\"EntryPoint\",\"urlTemplate\":\"https:\\\/\\\/blogs.uef.fi\\\/tiedonhaku-kemia\\\/?s={search_term_string}\"},\"query-input\":{\"@type\":\"PropertyValueSpecification\",\"valueRequired\":true,\"valueName\":\"search_term_string\"}}],\"inLanguage\":\"fi\"}]}<\/script>\n<!-- \/ Yoast SEO plugin. -->","yoast_head_json":{"title":"Saatavuus - Kemian tiedonhaku \/ UEF kirjasto","robots":{"index":"index","follow":"follow","max-snippet":"max-snippet:-1","max-image-preview":"max-image-preview:large","max-video-preview":"max-video-preview:-1"},"canonical":"https:\/\/blogs.uef.fi\/tiedonhaku-kemia\/hakutulokset\/saatavuus\/","og_locale":"fi_FI","og_type":"article","og_title":"Saatavuus - Kemian tiedonhaku \/ UEF kirjasto","og_description":"L\u00e4hes kaikki julkaisut ovat saatavilla tavalla toisella. Kaikki eiv\u00e4t kuitenkaan l\u00f6ydy netist\u00e4 ja joskus julkaisun k\u00e4sille saamisesta pit\u00e4\u00e4 maksaa. Tieteelliset artikkelit julkaistaan t\u00e4t\u00e4 tarkoitusta varten perustetuissa lehdiss\u00e4, joita hallitsevat muutamat suuret kaupalliset kustantajat. Tieteelliset lehdet ovat usein maksullisia ja niihin on p\u00e4\u00e4sy esimerkiksi vain yliopiston henkil\u00f6kunnalla ja opiskelijoilla. Iso osa tieteellisest\u00e4 tiedosta on siis maksumuurin [&hellip;]","og_url":"https:\/\/blogs.uef.fi\/tiedonhaku-kemia\/hakutulokset\/saatavuus\/","og_site_name":"Kemian tiedonhaku \/ UEF kirjasto","article_modified_time":"2026-03-06T08:06:16+00:00","og_image":[{"width":1024,"height":455,"url":"https:\/\/blogs.uef.fi\/tiedonhaku-kemia\/wp-content\/uploads\/sites\/177\/2022\/04\/KEM_kokoteksti-1024x455.png","type":"image\/png"}],"twitter_card":"summary_large_image","twitter_misc":{"Arvioitu lukuaika":"4 minuuttia"},"schema":{"@context":"https:\/\/schema.org","@graph":[{"@type":"WebPage","@id":"https:\/\/blogs.uef.fi\/tiedonhaku-kemia\/hakutulokset\/saatavuus\/","url":"https:\/\/blogs.uef.fi\/tiedonhaku-kemia\/hakutulokset\/saatavuus\/","name":"Saatavuus - Kemian tiedonhaku \/ UEF kirjasto","isPartOf":{"@id":"https:\/\/blogs.uef.fi\/tiedonhaku-kemia\/#website"},"primaryImageOfPage":{"@id":"https:\/\/blogs.uef.fi\/tiedonhaku-kemia\/hakutulokset\/saatavuus\/#primaryimage"},"image":{"@id":"https:\/\/blogs.uef.fi\/tiedonhaku-kemia\/hakutulokset\/saatavuus\/#primaryimage"},"thumbnailUrl":"https:\/\/blogs.uef.fi\/tiedonhaku-kemia\/wp-content\/uploads\/sites\/177\/2022\/04\/KEM_kokoteksti.png","datePublished":"2022-03-25T08:13:20+00:00","dateModified":"2026-03-06T08:06:16+00:00","breadcrumb":{"@id":"https:\/\/blogs.uef.fi\/tiedonhaku-kemia\/hakutulokset\/saatavuus\/#breadcrumb"},"inLanguage":"fi","potentialAction":[{"@type":"ReadAction","target":["https:\/\/blogs.uef.fi\/tiedonhaku-kemia\/hakutulokset\/saatavuus\/"]}]},{"@type":"ImageObject","inLanguage":"fi","@id":"https:\/\/blogs.uef.fi\/tiedonhaku-kemia\/hakutulokset\/saatavuus\/#primaryimage","url":"https:\/\/blogs.uef.fi\/tiedonhaku-kemia\/wp-content\/uploads\/sites\/177\/2022\/04\/KEM_kokoteksti.png","contentUrl":"https:\/\/blogs.uef.fi\/tiedonhaku-kemia\/wp-content\/uploads\/sites\/177\/2022\/04\/KEM_kokoteksti.png","width":3972,"height":1765},{"@type":"BreadcrumbList","@id":"https:\/\/blogs.uef.fi\/tiedonhaku-kemia\/hakutulokset\/saatavuus\/#breadcrumb","itemListElement":[{"@type":"ListItem","position":1,"name":"Home","item":"https:\/\/blogs.uef.fi\/tiedonhaku-kemia\/"},{"@type":"ListItem","position":2,"name":"Hakutulokset","item":"https:\/\/blogs.uef.fi\/tiedonhaku-kemia\/hakutulokset\/"},{"@type":"ListItem","position":3,"name":"Saatavuus"}]},{"@type":"WebSite","@id":"https:\/\/blogs.uef.fi\/tiedonhaku-kemia\/#website","url":"https:\/\/blogs.uef.fi\/tiedonhaku-kemia\/","name":"Kemian tiedonhaku \/ UEF kirjasto","description":"Kemian tiedonhaku on kattava oppimateriaali tiedonhakuun kemisteille. Se sis\u00e4lt\u00e4\u00e4 yleiset tiedonhaun tekniikat sek\u00e4 kemian alan tiedonl\u00e4hteet ohjeineen ja esimerkkihakuineen.","potentialAction":[{"@type":"SearchAction","target":{"@type":"EntryPoint","urlTemplate":"https:\/\/blogs.uef.fi\/tiedonhaku-kemia\/?s={search_term_string}"},"query-input":{"@type":"PropertyValueSpecification","valueRequired":true,"valueName":"search_term_string"}}],"inLanguage":"fi"}]}},"_links":{"self":[{"href":"https:\/\/blogs.uef.fi\/tiedonhaku-kemia\/wp-json\/wp\/v2\/pages\/794","targetHints":{"allow":["GET"]}}],"collection":[{"href":"https:\/\/blogs.uef.fi\/tiedonhaku-kemia\/wp-json\/wp\/v2\/pages"}],"about":[{"href":"https:\/\/blogs.uef.fi\/tiedonhaku-kemia\/wp-json\/wp\/v2\/types\/page"}],"author":[{"embeddable":true,"href":"https:\/\/blogs.uef.fi\/tiedonhaku-kemia\/wp-json\/wp\/v2\/users\/127"}],"replies":[{"embeddable":true,"href":"https:\/\/blogs.uef.fi\/tiedonhaku-kemia\/wp-json\/wp\/v2\/comments?post=794"}],"version-history":[{"count":2,"href":"https:\/\/blogs.uef.fi\/tiedonhaku-kemia\/wp-json\/wp\/v2\/pages\/794\/revisions"}],"predecessor-version":[{"id":3609,"href":"https:\/\/blogs.uef.fi\/tiedonhaku-kemia\/wp-json\/wp\/v2\/pages\/794\/revisions\/3609"}],"up":[{"embeddable":true,"href":"https:\/\/blogs.uef.fi\/tiedonhaku-kemia\/wp-json\/wp\/v2\/pages\/563"}],"wp:attachment":[{"href":"https:\/\/blogs.uef.fi\/tiedonhaku-kemia\/wp-json\/wp\/v2\/media?parent=794"}],"curies":[{"name":"wp","href":"https:\/\/api.w.org\/{rel}","templated":true}]}}