{"id":60,"date":"2022-01-14T13:59:26","date_gmt":"2022-01-14T11:59:26","guid":{"rendered":"https:\/\/blogs.uef.fi\/tiedonhaku-kemia\/?page_id=60"},"modified":"2026-03-06T10:05:46","modified_gmt":"2026-03-06T08:05:46","slug":"kemian-tiedonhaku","status":"publish","type":"page","link":"https:\/\/blogs.uef.fi\/tiedonhaku-kemia\/","title":{"rendered":""},"content":{"rendered":"\n<h1 class=\"wp-block-heading\">Opiskele tieteellisen tiedon hakua kemian alalla<\/h1>\n\n\n\n<p>KEMIAN TIEDONHAKU \u2013verkkokurssi k\u00e4sittelee tekstein, esimerkein ja videoin tiedonhankintaa <strong>opiskelu- ja tutkimustarkoituksiin<\/strong> akateemisessa maailmassa. My\u00f6s opiskelun j\u00e4lkeen <strong>ty\u00f6el\u00e4m\u00e4ss\u00e4<\/strong> hyvist\u00e4 tiedonhankintataidoista on paljon etua!<\/p>\n\n\n\n<p>T\u00e4ss\u00e4 materiaalissa tutustut<\/p>\n\n\n\n<ul class=\"wp-block-list\">\n<li>tiedonhaun periaatteisiin <strong>hakuaiheen analysoinnin<\/strong> kautta<\/li>\n\n\n\n<li>keskeisiin <strong>tieteellisen tiedon l\u00e4hteisiin<\/strong><\/li>\n\n\n\n<li>yleisiin <strong>tiedonhaun tekniikoihin<\/strong>, joita voit soveltaa kaikenlaisessa tiedonhaussa<\/li>\n<\/ul>\n\n\n\n<figure class=\"wp-block-image size-full\"><img loading=\"lazy\" decoding=\"async\" width=\"1004\" height=\"533\" src=\"https:\/\/blogs.uef.fi\/tiedonhaku-kemia\/wp-content\/uploads\/sites\/177\/2026\/01\/idea.png\" alt=\"Oma aihe - hakusanat - hakulauseet - tieteelliset julkaisut ja hakukoneet - tulokset - tallentaminen - k\u00e4ytt\u00f6.\" class=\"wp-image-3593\" srcset=\"https:\/\/blogs.uef.fi\/tiedonhaku-kemia\/wp-content\/uploads\/sites\/177\/2026\/01\/idea.png 1004w, https:\/\/blogs.uef.fi\/tiedonhaku-kemia\/wp-content\/uploads\/sites\/177\/2026\/01\/idea-300x159.png 300w, https:\/\/blogs.uef.fi\/tiedonhaku-kemia\/wp-content\/uploads\/sites\/177\/2026\/01\/idea-768x408.png 768w\" sizes=\"auto, (max-width: 1004px) 100vw, 1004px\" \/><figcaption class=\"wp-element-caption\"><em>Kurssin sis\u00e4lt\u00f6 tiivistettyn\u00e4.<\/em><\/figcaption><\/figure>\n\n\n\n<p>Osa tiedonl\u00e4hteist\u00e4 on tarjolla vain yliopistoyhteis\u00f6n j\u00e4senille, mutta yh\u00e4 enemm\u00e4n tietoa on saatavilla my\u00f6s kaikille avoimista tiedonl\u00e4hteist\u00e4.<\/p>\n\n\n\n<h2 class=\"wp-block-heading\">Tieteellisen tiedonhankinnan erityispiirteit\u00e4 ovat:<\/h2>\n\n\n\n<ul class=\"wp-block-list\">\n<li>ymm\u00e4rrys, kuinka tieteellist\u00e4 tietoa julkaistaan<\/li>\n\n\n\n<li>tiet\u00e4mys, mist\u00e4 ja miten tieteellist\u00e4 tietoa kannattaa hakea<\/li>\n\n\n\n<li>varmuus, ett\u00e4 noudattaa tiedon hy\u00f6dynt\u00e4misess\u00e4 oikeudellisia ja eettisi\u00e4 ohjeita<br><\/li>\n<\/ul>\n\n\n\n<p>Materiaali sis\u00e4lt\u00e4\u00e4 runsaasti kuvakaappauksia sek\u00e4 joitakin taulukoita. Siksi sit\u00e4 on suositeltavaa lukea tietokoneella, ei puhelimella.<\/p>\n\n\n\n<p>T\u00e4m\u00e4 oppimateriaali liitty UEF kirjaston kurssiin <a href=\"https:\/\/opas.peppi.uef.fi\/fi\/opintojakso\/KI00CG96\/106797?period=2025-2026\" target=\"_blank\" rel=\"noreferrer noopener\">Kemian tiedonhaku<\/a> (1 op). Opintojakson suorittaja: kurssiin liittyv\u00e4t teht\u00e4v\u00e4t ja ohjeet ovat <a href=\"https:\/\/elearn.uef.fi\/course\/view.php?id=13679\" target=\"_blank\" rel=\"noreferrer noopener\">eLearnissa<\/a> (linkit aukeavat uuteen v\u00e4lilehteen). Avaimen saat opettajalta kurssin alettua.<\/p>\n\n\n\n<p>Navigoi oppimateriaalissa oikean yl\u00e4kulman hampurilasvalikosta tai aloita kurssi t\u00e4st\u00e4:<br><a href=\"https:\/\/blogs.uef.fi\/tiedonhaku-kemia\/tieteellinen-julkaiseminen\/\"><strong>Tieteellinen julkaiseminen<\/strong><\/a><\/p>\n\n\n\n<p><strong>Kurssin tekij\u00e4:<\/strong> <br>Laura Parikka, tietoasiantuntija It\u00e4-Suomen yliopiston kirjasto<br>Kiitokset: kirjaston opetus- ja tietopalvelut<\/p>\n\n\n\n<figure class=\"wp-block-image size-full is-resized\"><img loading=\"lazy\" decoding=\"async\" width=\"200\" height=\"71\" src=\"https:\/\/blogs.uef.fi\/tiedonhaku-kemia\/wp-content\/uploads\/sites\/177\/2022\/01\/CC-BY_icon.svg_-e1642161314616.png\" alt=\"CC-lisenssi logo: kirjaimet CC ja BY.\" class=\"wp-image-63\" \/><\/figure>\n\n\n\n<p>T\u00e4m\u00e4 teos on lisensoitu <a href=\"http:\/\/creativecommons.org\/licenses\/by\/4.0\/\">Creative Commons Nime\u00e4 4.0 Kansainv\u00e4linen -lisenssill\u00e4<\/a>.<\/p>\n\n\n\n<p><strong>Viittausohje:<\/strong><br> It\u00e4-Suomen yliopiston kirjasto. Kemian tiedonhaku [verkkosivusto]. Saatavilla: https:\/\/blogs.uef.fi\/tiedonhaku-kemia\/.<\/p>\n\n\n\n<p>Materiaali on julkaistu ensi kerran vuonna 2022. P\u00e4ivitetty viimeksi: 6.3.2026.<\/p>\n\n\n\n<figure class=\"wp-block-image aligncenter size-full\"><img loading=\"lazy\" decoding=\"async\" width=\"240\" height=\"225\" src=\"https:\/\/blogs.uef.fi\/tiedonhaku-kemia\/wp-content\/uploads\/sites\/177\/2022\/01\/UEF-tunnus_mustalla.jpg\" alt=\"\" class=\"wp-image-37\" \/><\/figure>\n","protected":false},"excerpt":{"rendered":"<p>Opiskele tieteellisen tiedon hakua kemian alalla KEMIAN TIEDONHAKU \u2013verkkokurssi k\u00e4sittelee tekstein, esimerkein ja videoin tiedonhankintaa opiskelu- ja tutkimustarkoituksiin akateemisessa maailmassa. My\u00f6s opiskelun j\u00e4lkeen ty\u00f6el\u00e4m\u00e4ss\u00e4 hyvist\u00e4 tiedonhankintataidoista on paljon etua! T\u00e4ss\u00e4 materiaalissa tutustut Osa tiedonl\u00e4hteist\u00e4 on tarjolla vain yliopistoyhteis\u00f6n j\u00e4senille, mutta yh\u00e4 enemm\u00e4n tietoa on saatavilla my\u00f6s kaikille avoimista tiedonl\u00e4hteist\u00e4. Tieteellisen tiedonhankinnan erityispiirteit\u00e4 ovat: Materiaali sis\u00e4lt\u00e4\u00e4 [&hellip;]<\/p>\n","protected":false},"author":127,"featured_media":0,"parent":0,"menu_order":0,"comment_status":"closed","ping_status":"closed","template":"","meta":{"_acf_changed":false,"footnotes":""},"class_list":["post-60","page","type-page","status-publish","hentry"],"acf":[],"yoast_head":"<!-- This site is optimized with the Yoast SEO plugin v27.1.1 - https:\/\/yoast.com\/product\/yoast-seo-wordpress\/ -->\n<title>- Kemian tiedonhaku \/ UEF kirjasto<\/title>\n<meta name=\"robots\" content=\"index, follow, max-snippet:-1, max-image-preview:large, max-video-preview:-1\" \/>\n<link rel=\"canonical\" href=\"https:\/\/blogs.uef.fi\/tiedonhaku-kemia\/\" \/>\n<meta property=\"og:locale\" content=\"fi_FI\" \/>\n<meta property=\"og:type\" content=\"article\" \/>\n<meta property=\"og:title\" content=\"- Kemian tiedonhaku \/ UEF kirjasto\" \/>\n<meta property=\"og:description\" content=\"Opiskele tieteellisen tiedon hakua kemian alalla KEMIAN TIEDONHAKU \u2013verkkokurssi k\u00e4sittelee tekstein, esimerkein ja videoin tiedonhankintaa opiskelu- ja tutkimustarkoituksiin akateemisessa maailmassa. My\u00f6s opiskelun j\u00e4lkeen ty\u00f6el\u00e4m\u00e4ss\u00e4 hyvist\u00e4 tiedonhankintataidoista on paljon etua! T\u00e4ss\u00e4 materiaalissa tutustut Osa tiedonl\u00e4hteist\u00e4 on tarjolla vain yliopistoyhteis\u00f6n j\u00e4senille, mutta yh\u00e4 enemm\u00e4n tietoa on saatavilla my\u00f6s kaikille avoimista tiedonl\u00e4hteist\u00e4. Tieteellisen tiedonhankinnan erityispiirteit\u00e4 ovat: Materiaali sis\u00e4lt\u00e4\u00e4 [&hellip;]\" \/>\n<meta property=\"og:url\" content=\"https:\/\/blogs.uef.fi\/tiedonhaku-kemia\/\" \/>\n<meta property=\"og:site_name\" content=\"Kemian tiedonhaku \/ UEF kirjasto\" \/>\n<meta property=\"article:modified_time\" content=\"2026-03-06T08:05:46+00:00\" \/>\n<meta property=\"og:image\" content=\"https:\/\/blogs.uef.fi\/tiedonhaku-kemia\/wp-content\/uploads\/sites\/177\/2026\/01\/idea.png\" \/>\n\t<meta property=\"og:image:width\" content=\"1004\" \/>\n\t<meta property=\"og:image:height\" content=\"533\" \/>\n\t<meta property=\"og:image:type\" content=\"image\/png\" \/>\n<meta name=\"twitter:card\" content=\"summary_large_image\" \/>\n<meta name=\"twitter:label1\" content=\"Arvioitu lukuaika\" \/>\n\t<meta name=\"twitter:data1\" content=\"2 minuuttia\" \/>\n<script type=\"application\/ld+json\" class=\"yoast-schema-graph\">{\"@context\":\"https:\/\/schema.org\",\"@graph\":[{\"@type\":\"WebPage\",\"@id\":\"https:\/\/blogs.uef.fi\/tiedonhaku-kemia\/\",\"url\":\"https:\/\/blogs.uef.fi\/tiedonhaku-kemia\/\",\"name\":\"- Kemian tiedonhaku \/ UEF kirjasto\",\"isPartOf\":{\"@id\":\"https:\/\/blogs.uef.fi\/tiedonhaku-kemia\/#website\"},\"primaryImageOfPage\":{\"@id\":\"https:\/\/blogs.uef.fi\/tiedonhaku-kemia\/#primaryimage\"},\"image\":{\"@id\":\"https:\/\/blogs.uef.fi\/tiedonhaku-kemia\/#primaryimage\"},\"thumbnailUrl\":\"https:\/\/blogs.uef.fi\/tiedonhaku-kemia\/wp-content\/uploads\/sites\/177\/2026\/01\/idea.png\",\"datePublished\":\"2022-01-14T11:59:26+00:00\",\"dateModified\":\"2026-03-06T08:05:46+00:00\",\"inLanguage\":\"fi\",\"potentialAction\":[{\"@type\":\"ReadAction\",\"target\":[\"https:\/\/blogs.uef.fi\/tiedonhaku-kemia\/\"]}]},{\"@type\":\"ImageObject\",\"inLanguage\":\"fi\",\"@id\":\"https:\/\/blogs.uef.fi\/tiedonhaku-kemia\/#primaryimage\",\"url\":\"https:\/\/blogs.uef.fi\/tiedonhaku-kemia\/wp-content\/uploads\/sites\/177\/2026\/01\/idea.png\",\"contentUrl\":\"https:\/\/blogs.uef.fi\/tiedonhaku-kemia\/wp-content\/uploads\/sites\/177\/2026\/01\/idea.png\",\"width\":1004,\"height\":533},{\"@type\":\"WebSite\",\"@id\":\"https:\/\/blogs.uef.fi\/tiedonhaku-kemia\/#website\",\"url\":\"https:\/\/blogs.uef.fi\/tiedonhaku-kemia\/\",\"name\":\"Kemian tiedonhaku \/ UEF kirjasto\",\"description\":\"Kemian tiedonhaku on kattava oppimateriaali tiedonhakuun kemisteille. Se sis\u00e4lt\u00e4\u00e4 yleiset tiedonhaun tekniikat sek\u00e4 kemian alan tiedonl\u00e4hteet ohjeineen ja esimerkkihakuineen.\",\"potentialAction\":[{\"@type\":\"SearchAction\",\"target\":{\"@type\":\"EntryPoint\",\"urlTemplate\":\"https:\/\/blogs.uef.fi\/tiedonhaku-kemia\/?s={search_term_string}\"},\"query-input\":{\"@type\":\"PropertyValueSpecification\",\"valueRequired\":true,\"valueName\":\"search_term_string\"}}],\"inLanguage\":\"fi\"}]}<\/script>\n<!-- \/ Yoast SEO plugin. -->","yoast_head_json":{"title":"- Kemian tiedonhaku \/ UEF kirjasto","robots":{"index":"index","follow":"follow","max-snippet":"max-snippet:-1","max-image-preview":"max-image-preview:large","max-video-preview":"max-video-preview:-1"},"canonical":"https:\/\/blogs.uef.fi\/tiedonhaku-kemia\/","og_locale":"fi_FI","og_type":"article","og_title":"- Kemian tiedonhaku \/ UEF kirjasto","og_description":"Opiskele tieteellisen tiedon hakua kemian alalla KEMIAN TIEDONHAKU \u2013verkkokurssi k\u00e4sittelee tekstein, esimerkein ja videoin tiedonhankintaa opiskelu- ja tutkimustarkoituksiin akateemisessa maailmassa. My\u00f6s opiskelun j\u00e4lkeen ty\u00f6el\u00e4m\u00e4ss\u00e4 hyvist\u00e4 tiedonhankintataidoista on paljon etua! T\u00e4ss\u00e4 materiaalissa tutustut Osa tiedonl\u00e4hteist\u00e4 on tarjolla vain yliopistoyhteis\u00f6n j\u00e4senille, mutta yh\u00e4 enemm\u00e4n tietoa on saatavilla my\u00f6s kaikille avoimista tiedonl\u00e4hteist\u00e4. Tieteellisen tiedonhankinnan erityispiirteit\u00e4 ovat: Materiaali sis\u00e4lt\u00e4\u00e4 [&hellip;]","og_url":"https:\/\/blogs.uef.fi\/tiedonhaku-kemia\/","og_site_name":"Kemian tiedonhaku \/ UEF kirjasto","article_modified_time":"2026-03-06T08:05:46+00:00","og_image":[{"width":1004,"height":533,"url":"https:\/\/blogs.uef.fi\/tiedonhaku-kemia\/wp-content\/uploads\/sites\/177\/2026\/01\/idea.png","type":"image\/png"}],"twitter_card":"summary_large_image","twitter_misc":{"Arvioitu lukuaika":"2 minuuttia"},"schema":{"@context":"https:\/\/schema.org","@graph":[{"@type":"WebPage","@id":"https:\/\/blogs.uef.fi\/tiedonhaku-kemia\/","url":"https:\/\/blogs.uef.fi\/tiedonhaku-kemia\/","name":"- Kemian tiedonhaku \/ UEF kirjasto","isPartOf":{"@id":"https:\/\/blogs.uef.fi\/tiedonhaku-kemia\/#website"},"primaryImageOfPage":{"@id":"https:\/\/blogs.uef.fi\/tiedonhaku-kemia\/#primaryimage"},"image":{"@id":"https:\/\/blogs.uef.fi\/tiedonhaku-kemia\/#primaryimage"},"thumbnailUrl":"https:\/\/blogs.uef.fi\/tiedonhaku-kemia\/wp-content\/uploads\/sites\/177\/2026\/01\/idea.png","datePublished":"2022-01-14T11:59:26+00:00","dateModified":"2026-03-06T08:05:46+00:00","inLanguage":"fi","potentialAction":[{"@type":"ReadAction","target":["https:\/\/blogs.uef.fi\/tiedonhaku-kemia\/"]}]},{"@type":"ImageObject","inLanguage":"fi","@id":"https:\/\/blogs.uef.fi\/tiedonhaku-kemia\/#primaryimage","url":"https:\/\/blogs.uef.fi\/tiedonhaku-kemia\/wp-content\/uploads\/sites\/177\/2026\/01\/idea.png","contentUrl":"https:\/\/blogs.uef.fi\/tiedonhaku-kemia\/wp-content\/uploads\/sites\/177\/2026\/01\/idea.png","width":1004,"height":533},{"@type":"WebSite","@id":"https:\/\/blogs.uef.fi\/tiedonhaku-kemia\/#website","url":"https:\/\/blogs.uef.fi\/tiedonhaku-kemia\/","name":"Kemian tiedonhaku \/ UEF kirjasto","description":"Kemian tiedonhaku on kattava oppimateriaali tiedonhakuun kemisteille. Se sis\u00e4lt\u00e4\u00e4 yleiset tiedonhaun tekniikat sek\u00e4 kemian alan tiedonl\u00e4hteet ohjeineen ja esimerkkihakuineen.","potentialAction":[{"@type":"SearchAction","target":{"@type":"EntryPoint","urlTemplate":"https:\/\/blogs.uef.fi\/tiedonhaku-kemia\/?s={search_term_string}"},"query-input":{"@type":"PropertyValueSpecification","valueRequired":true,"valueName":"search_term_string"}}],"inLanguage":"fi"}]}},"_links":{"self":[{"href":"https:\/\/blogs.uef.fi\/tiedonhaku-kemia\/wp-json\/wp\/v2\/pages\/60","targetHints":{"allow":["GET"]}}],"collection":[{"href":"https:\/\/blogs.uef.fi\/tiedonhaku-kemia\/wp-json\/wp\/v2\/pages"}],"about":[{"href":"https:\/\/blogs.uef.fi\/tiedonhaku-kemia\/wp-json\/wp\/v2\/types\/page"}],"author":[{"embeddable":true,"href":"https:\/\/blogs.uef.fi\/tiedonhaku-kemia\/wp-json\/wp\/v2\/users\/127"}],"replies":[{"embeddable":true,"href":"https:\/\/blogs.uef.fi\/tiedonhaku-kemia\/wp-json\/wp\/v2\/comments?post=60"}],"version-history":[{"count":2,"href":"https:\/\/blogs.uef.fi\/tiedonhaku-kemia\/wp-json\/wp\/v2\/pages\/60\/revisions"}],"predecessor-version":[{"id":3608,"href":"https:\/\/blogs.uef.fi\/tiedonhaku-kemia\/wp-json\/wp\/v2\/pages\/60\/revisions\/3608"}],"wp:attachment":[{"href":"https:\/\/blogs.uef.fi\/tiedonhaku-kemia\/wp-json\/wp\/v2\/media?parent=60"}],"curies":[{"name":"wp","href":"https:\/\/api.w.org\/{rel}","templated":true}]}}