{"id":563,"date":"2022-03-23T15:26:29","date_gmt":"2022-03-23T13:26:29","guid":{"rendered":"https:\/\/blogs.uef.fi\/tiedonhaku-kemia\/?page_id=563"},"modified":"2024-01-09T10:52:18","modified_gmt":"2024-01-09T08:52:18","slug":"hakutulokset","status":"publish","type":"page","link":"https:\/\/blogs.uef.fi\/tiedonhaku-kemia\/hakutulokset\/","title":{"rendered":"Hakutulokset"},"content":{"rendered":"\n<p>T\u00e4m\u00e4 osio k\u00e4sittelee saatujen hakutulosten jatkok\u00e4ytt\u00f6\u00e4: millasia ongelmia nettil\u00e4hteiss\u00e4 on, kuinka valitaan osuvimmat l\u00e4hteet, kuinka tarvittavat julkaisut l\u00f6ydet\u00e4\u00e4n luettaviksi &#8211; mik\u00e4 on kaikille avointa ja mik\u00e4 maksumuurin takana, kuinka tuloksia tallennetaan ja mit\u00e4 on l\u00e4hteiden laillinen ja eettinen k\u00e4ytt\u00f6. Lis\u00e4ksi esitell\u00e4\u00e4n kirjallisuusl\u00e4hteisiin viittamisen ja l\u00e4hteiden tunnistamisen periaatteet.<\/p>\n\n\n\n<ul class=\"wp-block-list\">\n<li><a href=\"https:\/\/blogs.uef.fi\/tiedonhaku-kemia\/mika-on-luotettava-lahde\/\">Mik\u00e4 on luotettava l\u00e4hde?<\/a><\/li>\n\n\n\n<li><a href=\"https:\/\/blogs.uef.fi\/tiedonhaku-kemia\/saatavuus\/\">Saatavuus<\/a><\/li>\n\n\n\n<li><a href=\"https:\/\/blogs.uef.fi\/tiedonhaku-kemia\/avoimet-julkaisut\/\">Avoimet julkaisut<\/a><\/li>\n\n\n\n<li><a href=\"https:\/\/blogs.uef.fi\/tiedonhaku-kemia\/tulosten-tallentaminen\/\">Tulosten tallentaminen<\/a><\/li>\n\n\n\n<li><a href=\"https:\/\/blogs.uef.fi\/tiedonhaku-kemia\/viittaaminen-ja-tekijanoikeus\/\">Viittaaminen ja tekij\u00e4noikeus<\/a><\/li>\n<\/ul>\n","protected":false},"excerpt":{"rendered":"<p>T\u00e4m\u00e4 osio k\u00e4sittelee saatujen hakutulosten jatkok\u00e4ytt\u00f6\u00e4: millasia ongelmia nettil\u00e4hteiss\u00e4 on, kuinka valitaan osuvimmat l\u00e4hteet, kuinka tarvittavat julkaisut l\u00f6ydet\u00e4\u00e4n luettaviksi &#8211; mik\u00e4 on kaikille avointa ja mik\u00e4 maksumuurin takana, kuinka tuloksia tallennetaan ja mit\u00e4 on l\u00e4hteiden laillinen ja eettinen k\u00e4ytt\u00f6. Lis\u00e4ksi esitell\u00e4\u00e4n kirjallisuusl\u00e4hteisiin viittamisen ja l\u00e4hteiden tunnistamisen periaatteet.<\/p>\n","protected":false},"author":127,"featured_media":0,"parent":0,"menu_order":0,"comment_status":"closed","ping_status":"closed","template":"","meta":{"_acf_changed":false,"footnotes":""},"class_list":["post-563","page","type-page","status-publish","hentry"],"acf":[],"yoast_head":"<!-- This site is optimized with the Yoast SEO plugin v27.1.1 - https:\/\/yoast.com\/product\/yoast-seo-wordpress\/ -->\n<title>Hakutulokset - Kemian tiedonhaku \/ UEF kirjasto<\/title>\n<meta name=\"robots\" content=\"index, follow, max-snippet:-1, max-image-preview:large, max-video-preview:-1\" \/>\n<link rel=\"canonical\" href=\"https:\/\/blogs.uef.fi\/tiedonhaku-kemia\/hakutulokset\/\" \/>\n<meta property=\"og:locale\" content=\"fi_FI\" \/>\n<meta property=\"og:type\" content=\"article\" \/>\n<meta property=\"og:title\" content=\"Hakutulokset - Kemian tiedonhaku \/ UEF kirjasto\" \/>\n<meta property=\"og:description\" content=\"T\u00e4m\u00e4 osio k\u00e4sittelee saatujen hakutulosten jatkok\u00e4ytt\u00f6\u00e4: millasia ongelmia nettil\u00e4hteiss\u00e4 on, kuinka valitaan osuvimmat l\u00e4hteet, kuinka tarvittavat julkaisut l\u00f6ydet\u00e4\u00e4n luettaviksi &#8211; mik\u00e4 on kaikille avointa ja mik\u00e4 maksumuurin takana, kuinka tuloksia tallennetaan ja mit\u00e4 on l\u00e4hteiden laillinen ja eettinen k\u00e4ytt\u00f6. Lis\u00e4ksi esitell\u00e4\u00e4n kirjallisuusl\u00e4hteisiin viittamisen ja l\u00e4hteiden tunnistamisen periaatteet.\" \/>\n<meta property=\"og:url\" content=\"https:\/\/blogs.uef.fi\/tiedonhaku-kemia\/hakutulokset\/\" \/>\n<meta property=\"og:site_name\" content=\"Kemian tiedonhaku \/ UEF kirjasto\" \/>\n<meta property=\"article:modified_time\" content=\"2024-01-09T08:52:18+00:00\" \/>\n<meta name=\"twitter:card\" content=\"summary_large_image\" \/>\n<meta name=\"twitter:label1\" content=\"Arvioitu lukuaika\" \/>\n\t<meta name=\"twitter:data1\" content=\"1 minuutti\" \/>\n<script type=\"application\/ld+json\" class=\"yoast-schema-graph\">{\"@context\":\"https:\/\/schema.org\",\"@graph\":[{\"@type\":\"WebPage\",\"@id\":\"https:\/\/blogs.uef.fi\/tiedonhaku-kemia\/hakutulokset\/\",\"url\":\"https:\/\/blogs.uef.fi\/tiedonhaku-kemia\/hakutulokset\/\",\"name\":\"Hakutulokset - Kemian tiedonhaku \/ UEF kirjasto\",\"isPartOf\":{\"@id\":\"https:\/\/blogs.uef.fi\/tiedonhaku-kemia\/#website\"},\"datePublished\":\"2022-03-23T13:26:29+00:00\",\"dateModified\":\"2024-01-09T08:52:18+00:00\",\"breadcrumb\":{\"@id\":\"https:\/\/blogs.uef.fi\/tiedonhaku-kemia\/hakutulokset\/#breadcrumb\"},\"inLanguage\":\"fi\",\"potentialAction\":[{\"@type\":\"ReadAction\",\"target\":[\"https:\/\/blogs.uef.fi\/tiedonhaku-kemia\/hakutulokset\/\"]}]},{\"@type\":\"BreadcrumbList\",\"@id\":\"https:\/\/blogs.uef.fi\/tiedonhaku-kemia\/hakutulokset\/#breadcrumb\",\"itemListElement\":[{\"@type\":\"ListItem\",\"position\":1,\"name\":\"Home\",\"item\":\"https:\/\/blogs.uef.fi\/tiedonhaku-kemia\/\"},{\"@type\":\"ListItem\",\"position\":2,\"name\":\"Hakutulokset\"}]},{\"@type\":\"WebSite\",\"@id\":\"https:\/\/blogs.uef.fi\/tiedonhaku-kemia\/#website\",\"url\":\"https:\/\/blogs.uef.fi\/tiedonhaku-kemia\/\",\"name\":\"Kemian tiedonhaku \/ UEF kirjasto\",\"description\":\"Kemian tiedonhaku on kattava oppimateriaali tiedonhakuun kemisteille. Se sis\u00e4lt\u00e4\u00e4 yleiset tiedonhaun tekniikat sek\u00e4 kemian alan tiedonl\u00e4hteet ohjeineen ja esimerkkihakuineen.\",\"potentialAction\":[{\"@type\":\"SearchAction\",\"target\":{\"@type\":\"EntryPoint\",\"urlTemplate\":\"https:\/\/blogs.uef.fi\/tiedonhaku-kemia\/?s={search_term_string}\"},\"query-input\":{\"@type\":\"PropertyValueSpecification\",\"valueRequired\":true,\"valueName\":\"search_term_string\"}}],\"inLanguage\":\"fi\"}]}<\/script>\n<!-- \/ Yoast SEO plugin. -->","yoast_head_json":{"title":"Hakutulokset - Kemian tiedonhaku \/ UEF kirjasto","robots":{"index":"index","follow":"follow","max-snippet":"max-snippet:-1","max-image-preview":"max-image-preview:large","max-video-preview":"max-video-preview:-1"},"canonical":"https:\/\/blogs.uef.fi\/tiedonhaku-kemia\/hakutulokset\/","og_locale":"fi_FI","og_type":"article","og_title":"Hakutulokset - Kemian tiedonhaku \/ UEF kirjasto","og_description":"T\u00e4m\u00e4 osio k\u00e4sittelee saatujen hakutulosten jatkok\u00e4ytt\u00f6\u00e4: millasia ongelmia nettil\u00e4hteiss\u00e4 on, kuinka valitaan osuvimmat l\u00e4hteet, kuinka tarvittavat julkaisut l\u00f6ydet\u00e4\u00e4n luettaviksi &#8211; mik\u00e4 on kaikille avointa ja mik\u00e4 maksumuurin takana, kuinka tuloksia tallennetaan ja mit\u00e4 on l\u00e4hteiden laillinen ja eettinen k\u00e4ytt\u00f6. Lis\u00e4ksi esitell\u00e4\u00e4n kirjallisuusl\u00e4hteisiin viittamisen ja l\u00e4hteiden tunnistamisen periaatteet.","og_url":"https:\/\/blogs.uef.fi\/tiedonhaku-kemia\/hakutulokset\/","og_site_name":"Kemian tiedonhaku \/ UEF kirjasto","article_modified_time":"2024-01-09T08:52:18+00:00","twitter_card":"summary_large_image","twitter_misc":{"Arvioitu lukuaika":"1 minuutti"},"schema":{"@context":"https:\/\/schema.org","@graph":[{"@type":"WebPage","@id":"https:\/\/blogs.uef.fi\/tiedonhaku-kemia\/hakutulokset\/","url":"https:\/\/blogs.uef.fi\/tiedonhaku-kemia\/hakutulokset\/","name":"Hakutulokset - Kemian tiedonhaku \/ UEF kirjasto","isPartOf":{"@id":"https:\/\/blogs.uef.fi\/tiedonhaku-kemia\/#website"},"datePublished":"2022-03-23T13:26:29+00:00","dateModified":"2024-01-09T08:52:18+00:00","breadcrumb":{"@id":"https:\/\/blogs.uef.fi\/tiedonhaku-kemia\/hakutulokset\/#breadcrumb"},"inLanguage":"fi","potentialAction":[{"@type":"ReadAction","target":["https:\/\/blogs.uef.fi\/tiedonhaku-kemia\/hakutulokset\/"]}]},{"@type":"BreadcrumbList","@id":"https:\/\/blogs.uef.fi\/tiedonhaku-kemia\/hakutulokset\/#breadcrumb","itemListElement":[{"@type":"ListItem","position":1,"name":"Home","item":"https:\/\/blogs.uef.fi\/tiedonhaku-kemia\/"},{"@type":"ListItem","position":2,"name":"Hakutulokset"}]},{"@type":"WebSite","@id":"https:\/\/blogs.uef.fi\/tiedonhaku-kemia\/#website","url":"https:\/\/blogs.uef.fi\/tiedonhaku-kemia\/","name":"Kemian tiedonhaku \/ UEF kirjasto","description":"Kemian tiedonhaku on kattava oppimateriaali tiedonhakuun kemisteille. Se sis\u00e4lt\u00e4\u00e4 yleiset tiedonhaun tekniikat sek\u00e4 kemian alan tiedonl\u00e4hteet ohjeineen ja esimerkkihakuineen.","potentialAction":[{"@type":"SearchAction","target":{"@type":"EntryPoint","urlTemplate":"https:\/\/blogs.uef.fi\/tiedonhaku-kemia\/?s={search_term_string}"},"query-input":{"@type":"PropertyValueSpecification","valueRequired":true,"valueName":"search_term_string"}}],"inLanguage":"fi"}]}},"_links":{"self":[{"href":"https:\/\/blogs.uef.fi\/tiedonhaku-kemia\/wp-json\/wp\/v2\/pages\/563","targetHints":{"allow":["GET"]}}],"collection":[{"href":"https:\/\/blogs.uef.fi\/tiedonhaku-kemia\/wp-json\/wp\/v2\/pages"}],"about":[{"href":"https:\/\/blogs.uef.fi\/tiedonhaku-kemia\/wp-json\/wp\/v2\/types\/page"}],"author":[{"embeddable":true,"href":"https:\/\/blogs.uef.fi\/tiedonhaku-kemia\/wp-json\/wp\/v2\/users\/127"}],"replies":[{"embeddable":true,"href":"https:\/\/blogs.uef.fi\/tiedonhaku-kemia\/wp-json\/wp\/v2\/comments?post=563"}],"version-history":[{"count":1,"href":"https:\/\/blogs.uef.fi\/tiedonhaku-kemia\/wp-json\/wp\/v2\/pages\/563\/revisions"}],"predecessor-version":[{"id":3132,"href":"https:\/\/blogs.uef.fi\/tiedonhaku-kemia\/wp-json\/wp\/v2\/pages\/563\/revisions\/3132"}],"wp:attachment":[{"href":"https:\/\/blogs.uef.fi\/tiedonhaku-kemia\/wp-json\/wp\/v2\/media?parent=563"}],"curies":[{"name":"wp","href":"https:\/\/api.w.org\/{rel}","templated":true}]}}