{"id":554,"date":"2022-03-23T15:19:15","date_gmt":"2022-03-23T13:19:15","guid":{"rendered":"https:\/\/blogs.uef.fi\/tiedonhaku-kemia\/?page_id=554"},"modified":"2024-01-09T10:32:27","modified_gmt":"2024-01-09T08:32:27","slug":"tieteelliset-julkaisut","status":"publish","type":"page","link":"https:\/\/blogs.uef.fi\/tiedonhaku-kemia\/tieteelliset-julkaisut\/","title":{"rendered":"Tieteelliset julkaisut"},"content":{"rendered":"\n<p>T\u00e4ss\u00e4 osiossa tutustutaan tieteellisen julkaisemisen periaatteisiin, vertaisarvioinnin k\u00e4sitteesen sek\u00e4 erilaisiin tieteellisiin julkaistyyppeihin. Lis\u00e4ksi lyhyt esittely eri alojen ominaispiirteist\u00e4 tieteellisess\u00e4 julkaisemisessa.<\/p>\n\n\n\n<ul class=\"wp-block-list\">\n<li><a href=\"https:\/\/blogs.uef.fi\/tiedonhaku-kemia\/tieteellinen-julkaiseminen\/\">Tieteellinen julkaiseminen<\/a><\/li>\n\n\n\n<li><a href=\"https:\/\/blogs.uef.fi\/tiedonhaku-kemia\/julkaisutyypit\/\">Julkaisutyypit<\/a><\/li>\n\n\n\n<li><a href=\"https:\/\/blogs.uef.fi\/tiedonhaku-kemia\/tieteelliset-julkaisut-kemiassa-ja-muilla-aloilla\/\">Tieteelliset julkaisut kemiassa ja muilla aloilla<\/a><\/li>\n<\/ul>\n","protected":false},"excerpt":{"rendered":"<p>T\u00e4ss\u00e4 osiossa tutustutaan tieteellisen julkaisemisen periaatteisiin, vertaisarvioinnin k\u00e4sitteesen sek\u00e4 erilaisiin tieteellisiin julkaistyyppeihin. Lis\u00e4ksi lyhyt esittely eri alojen ominaispiirteist\u00e4 tieteellisess\u00e4 julkaisemisessa.<\/p>\n","protected":false},"author":127,"featured_media":0,"parent":0,"menu_order":0,"comment_status":"closed","ping_status":"closed","template":"","meta":{"_acf_changed":false,"footnotes":""},"class_list":["post-554","page","type-page","status-publish","hentry"],"acf":[],"yoast_head":"<!-- This site is optimized with the Yoast SEO plugin v27.1.1 - https:\/\/yoast.com\/product\/yoast-seo-wordpress\/ -->\n<title>Tieteelliset julkaisut - Kemian tiedonhaku \/ UEF kirjasto<\/title>\n<meta name=\"robots\" content=\"index, follow, max-snippet:-1, max-image-preview:large, max-video-preview:-1\" \/>\n<link rel=\"canonical\" href=\"https:\/\/blogs.uef.fi\/tiedonhaku-kemia\/tieteelliset-julkaisut\/\" \/>\n<meta property=\"og:locale\" content=\"fi_FI\" \/>\n<meta property=\"og:type\" content=\"article\" \/>\n<meta property=\"og:title\" content=\"Tieteelliset julkaisut - Kemian tiedonhaku \/ UEF kirjasto\" \/>\n<meta property=\"og:description\" content=\"T\u00e4ss\u00e4 osiossa tutustutaan tieteellisen julkaisemisen periaatteisiin, vertaisarvioinnin k\u00e4sitteesen sek\u00e4 erilaisiin tieteellisiin julkaistyyppeihin. Lis\u00e4ksi lyhyt esittely eri alojen ominaispiirteist\u00e4 tieteellisess\u00e4 julkaisemisessa.\" \/>\n<meta property=\"og:url\" content=\"https:\/\/blogs.uef.fi\/tiedonhaku-kemia\/tieteelliset-julkaisut\/\" \/>\n<meta property=\"og:site_name\" content=\"Kemian tiedonhaku \/ UEF kirjasto\" \/>\n<meta property=\"article:modified_time\" content=\"2024-01-09T08:32:27+00:00\" \/>\n<meta name=\"twitter:card\" content=\"summary_large_image\" \/>\n<meta name=\"twitter:label1\" content=\"Arvioitu lukuaika\" \/>\n\t<meta name=\"twitter:data1\" content=\"1 minuutti\" \/>\n<script type=\"application\/ld+json\" class=\"yoast-schema-graph\">{\"@context\":\"https:\/\/schema.org\",\"@graph\":[{\"@type\":\"WebPage\",\"@id\":\"https:\/\/blogs.uef.fi\/tiedonhaku-kemia\/tieteelliset-julkaisut\/\",\"url\":\"https:\/\/blogs.uef.fi\/tiedonhaku-kemia\/tieteelliset-julkaisut\/\",\"name\":\"Tieteelliset julkaisut - Kemian tiedonhaku \/ UEF kirjasto\",\"isPartOf\":{\"@id\":\"https:\/\/blogs.uef.fi\/tiedonhaku-kemia\/#website\"},\"datePublished\":\"2022-03-23T13:19:15+00:00\",\"dateModified\":\"2024-01-09T08:32:27+00:00\",\"breadcrumb\":{\"@id\":\"https:\/\/blogs.uef.fi\/tiedonhaku-kemia\/tieteelliset-julkaisut\/#breadcrumb\"},\"inLanguage\":\"fi\",\"potentialAction\":[{\"@type\":\"ReadAction\",\"target\":[\"https:\/\/blogs.uef.fi\/tiedonhaku-kemia\/tieteelliset-julkaisut\/\"]}]},{\"@type\":\"BreadcrumbList\",\"@id\":\"https:\/\/blogs.uef.fi\/tiedonhaku-kemia\/tieteelliset-julkaisut\/#breadcrumb\",\"itemListElement\":[{\"@type\":\"ListItem\",\"position\":1,\"name\":\"Home\",\"item\":\"https:\/\/blogs.uef.fi\/tiedonhaku-kemia\/\"},{\"@type\":\"ListItem\",\"position\":2,\"name\":\"Tieteelliset julkaisut\"}]},{\"@type\":\"WebSite\",\"@id\":\"https:\/\/blogs.uef.fi\/tiedonhaku-kemia\/#website\",\"url\":\"https:\/\/blogs.uef.fi\/tiedonhaku-kemia\/\",\"name\":\"Kemian tiedonhaku \/ UEF kirjasto\",\"description\":\"Kemian tiedonhaku on kattava oppimateriaali tiedonhakuun kemisteille. Se sis\u00e4lt\u00e4\u00e4 yleiset tiedonhaun tekniikat sek\u00e4 kemian alan tiedonl\u00e4hteet ohjeineen ja esimerkkihakuineen.\",\"potentialAction\":[{\"@type\":\"SearchAction\",\"target\":{\"@type\":\"EntryPoint\",\"urlTemplate\":\"https:\/\/blogs.uef.fi\/tiedonhaku-kemia\/?s={search_term_string}\"},\"query-input\":{\"@type\":\"PropertyValueSpecification\",\"valueRequired\":true,\"valueName\":\"search_term_string\"}}],\"inLanguage\":\"fi\"}]}<\/script>\n<!-- \/ Yoast SEO plugin. -->","yoast_head_json":{"title":"Tieteelliset julkaisut - Kemian tiedonhaku \/ UEF kirjasto","robots":{"index":"index","follow":"follow","max-snippet":"max-snippet:-1","max-image-preview":"max-image-preview:large","max-video-preview":"max-video-preview:-1"},"canonical":"https:\/\/blogs.uef.fi\/tiedonhaku-kemia\/tieteelliset-julkaisut\/","og_locale":"fi_FI","og_type":"article","og_title":"Tieteelliset julkaisut - Kemian tiedonhaku \/ UEF kirjasto","og_description":"T\u00e4ss\u00e4 osiossa tutustutaan tieteellisen julkaisemisen periaatteisiin, vertaisarvioinnin k\u00e4sitteesen sek\u00e4 erilaisiin tieteellisiin julkaistyyppeihin. Lis\u00e4ksi lyhyt esittely eri alojen ominaispiirteist\u00e4 tieteellisess\u00e4 julkaisemisessa.","og_url":"https:\/\/blogs.uef.fi\/tiedonhaku-kemia\/tieteelliset-julkaisut\/","og_site_name":"Kemian tiedonhaku \/ UEF kirjasto","article_modified_time":"2024-01-09T08:32:27+00:00","twitter_card":"summary_large_image","twitter_misc":{"Arvioitu lukuaika":"1 minuutti"},"schema":{"@context":"https:\/\/schema.org","@graph":[{"@type":"WebPage","@id":"https:\/\/blogs.uef.fi\/tiedonhaku-kemia\/tieteelliset-julkaisut\/","url":"https:\/\/blogs.uef.fi\/tiedonhaku-kemia\/tieteelliset-julkaisut\/","name":"Tieteelliset julkaisut - Kemian tiedonhaku \/ UEF kirjasto","isPartOf":{"@id":"https:\/\/blogs.uef.fi\/tiedonhaku-kemia\/#website"},"datePublished":"2022-03-23T13:19:15+00:00","dateModified":"2024-01-09T08:32:27+00:00","breadcrumb":{"@id":"https:\/\/blogs.uef.fi\/tiedonhaku-kemia\/tieteelliset-julkaisut\/#breadcrumb"},"inLanguage":"fi","potentialAction":[{"@type":"ReadAction","target":["https:\/\/blogs.uef.fi\/tiedonhaku-kemia\/tieteelliset-julkaisut\/"]}]},{"@type":"BreadcrumbList","@id":"https:\/\/blogs.uef.fi\/tiedonhaku-kemia\/tieteelliset-julkaisut\/#breadcrumb","itemListElement":[{"@type":"ListItem","position":1,"name":"Home","item":"https:\/\/blogs.uef.fi\/tiedonhaku-kemia\/"},{"@type":"ListItem","position":2,"name":"Tieteelliset julkaisut"}]},{"@type":"WebSite","@id":"https:\/\/blogs.uef.fi\/tiedonhaku-kemia\/#website","url":"https:\/\/blogs.uef.fi\/tiedonhaku-kemia\/","name":"Kemian tiedonhaku \/ UEF kirjasto","description":"Kemian tiedonhaku on kattava oppimateriaali tiedonhakuun kemisteille. Se sis\u00e4lt\u00e4\u00e4 yleiset tiedonhaun tekniikat sek\u00e4 kemian alan tiedonl\u00e4hteet ohjeineen ja esimerkkihakuineen.","potentialAction":[{"@type":"SearchAction","target":{"@type":"EntryPoint","urlTemplate":"https:\/\/blogs.uef.fi\/tiedonhaku-kemia\/?s={search_term_string}"},"query-input":{"@type":"PropertyValueSpecification","valueRequired":true,"valueName":"search_term_string"}}],"inLanguage":"fi"}]}},"_links":{"self":[{"href":"https:\/\/blogs.uef.fi\/tiedonhaku-kemia\/wp-json\/wp\/v2\/pages\/554","targetHints":{"allow":["GET"]}}],"collection":[{"href":"https:\/\/blogs.uef.fi\/tiedonhaku-kemia\/wp-json\/wp\/v2\/pages"}],"about":[{"href":"https:\/\/blogs.uef.fi\/tiedonhaku-kemia\/wp-json\/wp\/v2\/types\/page"}],"author":[{"embeddable":true,"href":"https:\/\/blogs.uef.fi\/tiedonhaku-kemia\/wp-json\/wp\/v2\/users\/127"}],"replies":[{"embeddable":true,"href":"https:\/\/blogs.uef.fi\/tiedonhaku-kemia\/wp-json\/wp\/v2\/comments?post=554"}],"version-history":[{"count":1,"href":"https:\/\/blogs.uef.fi\/tiedonhaku-kemia\/wp-json\/wp\/v2\/pages\/554\/revisions"}],"predecessor-version":[{"id":3114,"href":"https:\/\/blogs.uef.fi\/tiedonhaku-kemia\/wp-json\/wp\/v2\/pages\/554\/revisions\/3114"}],"wp:attachment":[{"href":"https:\/\/blogs.uef.fi\/tiedonhaku-kemia\/wp-json\/wp\/v2\/media?parent=554"}],"curies":[{"name":"wp","href":"https:\/\/api.w.org\/{rel}","templated":true}]}}