{"id":542,"date":"2022-03-23T15:15:47","date_gmt":"2022-03-23T13:15:47","guid":{"rendered":"https:\/\/blogs.uef.fi\/tiedonhaku-kemia\/?page_id=542"},"modified":"2024-12-13T15:42:24","modified_gmt":"2024-12-13T13:42:24","slug":"avoimet-julkaisut","status":"publish","type":"page","link":"https:\/\/blogs.uef.fi\/tiedonhaku-kemia\/hakutulokset\/avoimet-julkaisut\/","title":{"rendered":"Avoimet julkaisut"},"content":{"rendered":"\n<p>Maksumuurit rajoittavat uuden tutkimustiedon levi\u00e4mist\u00e4 ja hy\u00f6dynt\u00e4mist\u00e4. T\u00e4t\u00e4 ongelmaa on l\u00e4hdetty ratkomaan Open access -toimintamallilla.<\/p>\n\n\n\n<p><strong>Open access eli avoin julkaiseminen tarkoittaa avoimuutta eli maksuttomuutta lukijalle<\/strong>. Muita reittej\u00e4 avoimiin aineistoihin ovat rinnakkaistallentaminen ja vertaisjakelu.<\/p>\n\n\n\n<figure class=\"wp-block-image size-full is-resized\"><img loading=\"lazy\" decoding=\"async\" width=\"83\" height=\"130\" src=\"https:\/\/blogs.uef.fi\/tiedonhaku-kemia\/wp-content\/uploads\/sites\/177\/2022\/03\/openaccess.png\" alt=\"Tyylitelty avoin kukko, v\u00e4rilt\u00e4\u00e4n oranssi.\" class=\"wp-image-545\" \/><figcaption class=\"wp-element-caption\"><em>Open access -julkaisun tunnistaa t\u00e4st\u00e4 logosta.<\/em><\/figcaption><\/figure>\n\n\n\n<p>Muista, ett\u00e4 opiskelijana sinulla on kuitenkin mahdollisuus k\u00e4ytt\u00e4\u00e4 my\u00f6s maksullisia aineistoja. <strong>\u00c4l\u00e4 siis turhaan rajaa hakujasi vain avoimeen aineistoon<\/strong>. Avoimet aineistot tulevat erityisesti tarpeeseen sitten, kun et en\u00e4\u00e4 ole yliopiston piiriss\u00e4.<\/p>\n\n\n\n<h2 class=\"wp-block-heading\">Artikkelin avaamiseen on kaksi tapaa<\/h2>\n\n\n\n<p>Tieteellisten lehtien artikkeleita voidaan avata lukijoille kahdella tavalla:<\/p>\n\n\n\n<ul class=\"wp-block-list\">\n<li><strong>koko lehti <\/strong>on vapaasti luettavissa<\/li>\n\n\n\n<li>maksullisen lehden<strong> yksitt\u00e4iset artikkelit<\/strong> ovat avoimia kaikille<\/li>\n<\/ul>\n\n\n\n<p>T\u00e4ss\u00e4 on kuva <em>Analytical Biochemistry<\/em> -lehdest\u00e4, jossa on mahdollista julkaista yksitt\u00e4isi\u00e4 avoimia artikkeleita.<\/p>\n\n\n\n<figure class=\"wp-block-image size-full is-resized\"><img loading=\"lazy\" decoding=\"async\" width=\"2403\" height=\"1407\" src=\"https:\/\/blogs.uef.fi\/tiedonhaku-kemia\/wp-content\/uploads\/sites\/177\/2022\/04\/KEM_oa_article.png\" alt=\"Artikkelilistalla yksitt\u00e4isen artikkelin otsikon per\u00e4ss\u00e4 lukee Open access. T\u00e4llainen artikkeli on vapaasti luettavissa. Otsikon per\u00e4ss\u00e4 teksti Abstract only tarkoittaa, ett\u00e4 artikkeli on kirjautuneen k\u00e4ytt\u00e4j\u00e4n luettavissa. T\u00e4llaisen artikkelin tiedoissa on my\u00f6s mahdollisuus ostaa artikkeli luettavaksi linkist\u00e4 'Purchase pdf'.\" class=\"wp-image-1136\" srcset=\"https:\/\/blogs.uef.fi\/tiedonhaku-kemia\/wp-content\/uploads\/sites\/177\/2022\/04\/KEM_oa_article.png 2403w, https:\/\/blogs.uef.fi\/tiedonhaku-kemia\/wp-content\/uploads\/sites\/177\/2022\/04\/KEM_oa_article-300x176.png 300w, https:\/\/blogs.uef.fi\/tiedonhaku-kemia\/wp-content\/uploads\/sites\/177\/2022\/04\/KEM_oa_article-1024x600.png 1024w, https:\/\/blogs.uef.fi\/tiedonhaku-kemia\/wp-content\/uploads\/sites\/177\/2022\/04\/KEM_oa_article-768x450.png 768w, https:\/\/blogs.uef.fi\/tiedonhaku-kemia\/wp-content\/uploads\/sites\/177\/2022\/04\/KEM_oa_article-1536x899.png 1536w, https:\/\/blogs.uef.fi\/tiedonhaku-kemia\/wp-content\/uploads\/sites\/177\/2022\/04\/KEM_oa_article-2048x1199.png 2048w\" sizes=\"auto, (max-width: 2403px) 100vw, 2403px\" \/><figcaption class=\"wp-element-caption\"><em>Kuvassa n\u00e4kyy mahdollisuus ostaa yksitt\u00e4inen artikkeli luettavaksi (Purchase PDF). T\u00e4t\u00e4 ei kannata tehd\u00e4 ainakaan ennen kuin on tarkistanut saatavuuden UEF Primosta ja muualta verkosta.<\/em><\/figcaption><\/figure>\n\n\n\n<p><\/p>\n\n\n\n<h2 class=\"wp-block-heading\">Avoimuus ei tarkoita ilmaista<\/h2>\n\n\n\n<p>Lehtien julkaiseminen ja toimitusty\u00f6 vaativat rahaa, my\u00f6s verkossa julkaistuna. Open access -mallissa kustannukset katetaan siten, ett\u00e4 artikkelin tekij\u00e4 maksaa ns. kirjoittajamaksun. <\/p>\n\n\n\n<p>T\u00e4m\u00e4 ei silti tarkoita, ett\u00e4 rahalla saisi mink\u00e4 tahansa artikkelin julkaistua. <strong>Monissa OA-lehdiss\u00e4 on normaali vertaisarviointik\u00e4yt\u00e4nt\u00f6 ja ne ovat tieteellisesti korkeatasoisia.<\/strong><\/p>\n\n\n\n<p>OA-julkaisujen liepeill\u00e4 esiintyy kuitenkin ep\u00e4eettist\u00e4 liiketoimintaa. Lue lis\u00e4\u00e4 ns. saalistajajulkaisuista luvusta <a href=\"https:\/\/blogs.uef.fi\/tiedonhaku-kemia\/hakutulokset\/mika-on-luotettava-lahde\/\">Mik\u00e4 on luotettava l\u00e4hde?<\/a><\/p>\n\n\n\n<h2 class=\"wp-block-heading\">Rinnakkaistallenteetkin ovat avoimia<\/h2>\n\n\n\n<p>Maksumuurin takana oleva artikkeli on mahdollista <strong>tallentaa julkaisuarkistoon<\/strong>, josta se on vapaasti luettavissa, mahdollisesti hieman viiveell\u00e4 alkuper\u00e4iseen julkaisuun verraten.<\/p>\n\n\n\n<p>UEFin julkaisuarkisto on nimelt\u00e4\u00e4n <a href=\"https:\/\/erepo.uef.fi\/?locale-attribute=fi\" target=\"_blank\" rel=\"noreferrer noopener\">UEF eRepository<\/a>.<\/p>\n\n\n\n<p>Suomalaisessa tiede- ja tutkimusmaailmassa on periaatteena, ett\u00e4 <strong>julkisin varoin rahoitettu tutkimus pit\u00e4isi olla kaikkien hy\u00f6dynnett\u00e4viss\u00e4 avoimesti.<\/strong> Katso <a href=\"n tiedote 13.6.2017\" target=\"_blank\" rel=\"noreferrer noopener\">OKM:n tiedote 13.6.2017<\/a>. Jos julkaisua ei julkaista alun perin avoimesti, on se ainakin tallennettava julkaisuarkistoon.<\/p>\n\n\n\n<p>Julkaisuarkistojen aineistoja l\u00f6yt\u00e4\u00e4 googlaamalla. Kokeile siis hakua Googlessa artikkelin nimell\u00e4.<\/p>\n\n\n\n<h2 class=\"wp-block-heading\">Vertaisjakelun kautta saa artikkeleita luettavaksi<\/h2>\n\n\n\n<p>Tutkija voi itse laittaa omia artikkeleitaan n\u00e4kyville omille kotisivuilleen tai esimerkiksi akateemisten verkostoitumispalvelujen, kuten ResearchGate, kautta. Jos t\u00e4m\u00e4 ei tekij\u00e4noikeussyist\u00e4 ole mahdollista, voi artikkelin kirjoittajalta pyyt\u00e4\u00e4 suoraan kopiota artikkelista.<\/p>\n\n\n\n<h2 class=\"wp-block-heading\">Kirjojen ja opinn\u00e4ytteiden avoin julkaiseminen<\/h2>\n\n\n\n<p>My\u00f6s kirjoja voidaan julkaista Open access -formaatilla.<\/p>\n\n\n\n<p>Opinn\u00e4ytteet, erityisesti v\u00e4it\u00f6skirjat ovat usein avoimia julkaisuja. <strong>Opiskelijana voit osaltasi edist\u00e4\u00e4 tieteen avoimuutta julkaisemalla oman gradusi avoimesti!<\/strong> Lue kirjaston blogista <a href=\"https:\/\/blogs.uef.fi\/ueflibrary\/uefin-julkaisutoiminta-vuonna-2021-uefs-publishing-activities-in-2021\/\">UEFin julkaisutoiminta vuonna 2021<\/a>, kuinka avoin julkaiseminen on kehittynyt UEFissa, my\u00f6s gradujen osalta.<\/p>\n\n\n\n<h2 class=\"wp-block-heading\">Avoimien aineistojen hakeminen onnistuu useista eri l\u00e4hteist\u00e4<\/h2>\n\n\n\n<p>OA-julkaisuista l\u00f6ytyy tietoja aiemmin t\u00e4ss\u00e4 materiaalissa esitellyist\u00e4 tietokannoista. Usein tietokannoissa on mahdollista rajata hakutulos vain avoimiin aineistoihin, mutta t\u00e4m\u00e4 ei ole tarpeen silloin kun saatavilla on maksullistakin aineistoa, kuten yliopistolla on.<br><br>Avoimia aineistoja voi hakea my\u00f6s avoimen tiedon hakuun erikoistuneista hakukoneista. Lue lis\u00e4\u00e4 n\u00e4ist\u00e4 kirjaston <a href=\"https:\/\/www.uef.fi\/fi\/kirjasto\/avoimen-tiedon-hakuopas\" target=\"_blank\" rel=\"noreferrer noopener\">Avoimen tiedon hakuoppaasta<\/a>.<\/p>\n\n\n\n<p>Avoin julkaiseminen on osa laajempaa tieteen avoimutta. Lue lis\u00e4\u00e4 avoimesta tieteest\u00e4:<\/p>\n\n\n\n<ul class=\"wp-block-list\">\n<li><a href=\"https:\/\/www.uef.fi\/fi\/avoin-tiede\" target=\"_blank\" rel=\"noreferrer noopener\">Avoin tiede<\/a> (UEFin sivuilta)<\/li>\n\n\n\n<li><a href=\"http:\/\/avointiede.fi\/\" target=\"_blank\" rel=\"noreferrer noopener\">ATT \u2013 avoin tiede ja tutkimus<\/a><\/li>\n<\/ul>\n\n\n\n<p class=\"has-text-align-right\">Seuraava sivu: <a href=\"https:\/\/blogs.uef.fi\/tiedonhaku-kemia\/tulosten-tallentaminen\/\">Tulosten tallentaminen<\/a><\/p>\n","protected":false},"excerpt":{"rendered":"<p>Maksumuurit rajoittavat uuden tutkimustiedon levi\u00e4mist\u00e4 ja hy\u00f6dynt\u00e4mist\u00e4. T\u00e4t\u00e4 ongelmaa on l\u00e4hdetty ratkomaan Open access -toimintamallilla. Open access eli avoin julkaiseminen tarkoittaa avoimuutta eli maksuttomuutta lukijalle. Muita reittej\u00e4 avoimiin aineistoihin ovat rinnakkaistallentaminen ja vertaisjakelu. Muista, ett\u00e4 opiskelijana sinulla on kuitenkin mahdollisuus k\u00e4ytt\u00e4\u00e4 my\u00f6s maksullisia aineistoja. \u00c4l\u00e4 siis turhaan rajaa hakujasi vain avoimeen aineistoon. Avoimet aineistot tulevat [&hellip;]<\/p>\n","protected":false},"author":127,"featured_media":0,"parent":563,"menu_order":0,"comment_status":"closed","ping_status":"closed","template":"","meta":{"_acf_changed":false,"footnotes":""},"class_list":["post-542","page","type-page","status-publish","hentry"],"acf":[],"yoast_head":"<!-- This site is optimized with the Yoast SEO plugin v27.1.1 - https:\/\/yoast.com\/product\/yoast-seo-wordpress\/ -->\n<title>Avoimet julkaisut - Kemian tiedonhaku \/ UEF kirjasto<\/title>\n<meta name=\"robots\" content=\"index, follow, max-snippet:-1, max-image-preview:large, max-video-preview:-1\" \/>\n<link rel=\"canonical\" href=\"https:\/\/blogs.uef.fi\/tiedonhaku-kemia\/hakutulokset\/avoimet-julkaisut\/\" \/>\n<meta property=\"og:locale\" content=\"fi_FI\" \/>\n<meta property=\"og:type\" content=\"article\" \/>\n<meta property=\"og:title\" content=\"Avoimet julkaisut - Kemian tiedonhaku \/ UEF kirjasto\" \/>\n<meta property=\"og:description\" content=\"Maksumuurit rajoittavat uuden tutkimustiedon levi\u00e4mist\u00e4 ja hy\u00f6dynt\u00e4mist\u00e4. T\u00e4t\u00e4 ongelmaa on l\u00e4hdetty ratkomaan Open access -toimintamallilla. Open access eli avoin julkaiseminen tarkoittaa avoimuutta eli maksuttomuutta lukijalle. Muita reittej\u00e4 avoimiin aineistoihin ovat rinnakkaistallentaminen ja vertaisjakelu. Muista, ett\u00e4 opiskelijana sinulla on kuitenkin mahdollisuus k\u00e4ytt\u00e4\u00e4 my\u00f6s maksullisia aineistoja. \u00c4l\u00e4 siis turhaan rajaa hakujasi vain avoimeen aineistoon. Avoimet aineistot tulevat [&hellip;]\" \/>\n<meta property=\"og:url\" content=\"https:\/\/blogs.uef.fi\/tiedonhaku-kemia\/hakutulokset\/avoimet-julkaisut\/\" \/>\n<meta property=\"og:site_name\" content=\"Kemian tiedonhaku \/ UEF kirjasto\" \/>\n<meta property=\"article:modified_time\" content=\"2024-12-13T13:42:24+00:00\" \/>\n<meta property=\"og:image\" content=\"https:\/\/blogs.uef.fi\/tiedonhaku-kemia\/wp-content\/uploads\/sites\/177\/2022\/03\/openaccess.png\" \/>\n\t<meta property=\"og:image:width\" content=\"83\" \/>\n\t<meta property=\"og:image:height\" content=\"130\" \/>\n\t<meta property=\"og:image:type\" content=\"image\/png\" \/>\n<meta name=\"twitter:card\" content=\"summary_large_image\" \/>\n<meta name=\"twitter:label1\" content=\"Arvioitu lukuaika\" \/>\n\t<meta name=\"twitter:data1\" content=\"4 minuuttia\" \/>\n<script type=\"application\/ld+json\" class=\"yoast-schema-graph\">{\"@context\":\"https:\/\/schema.org\",\"@graph\":[{\"@type\":\"WebPage\",\"@id\":\"https:\/\/blogs.uef.fi\/tiedonhaku-kemia\/hakutulokset\/avoimet-julkaisut\/\",\"url\":\"https:\/\/blogs.uef.fi\/tiedonhaku-kemia\/hakutulokset\/avoimet-julkaisut\/\",\"name\":\"Avoimet julkaisut - Kemian tiedonhaku \/ UEF kirjasto\",\"isPartOf\":{\"@id\":\"https:\/\/blogs.uef.fi\/tiedonhaku-kemia\/#website\"},\"primaryImageOfPage\":{\"@id\":\"https:\/\/blogs.uef.fi\/tiedonhaku-kemia\/hakutulokset\/avoimet-julkaisut\/#primaryimage\"},\"image\":{\"@id\":\"https:\/\/blogs.uef.fi\/tiedonhaku-kemia\/hakutulokset\/avoimet-julkaisut\/#primaryimage\"},\"thumbnailUrl\":\"https:\/\/blogs.uef.fi\/tiedonhaku-kemia\/wp-content\/uploads\/sites\/177\/2022\/03\/openaccess.png\",\"datePublished\":\"2022-03-23T13:15:47+00:00\",\"dateModified\":\"2024-12-13T13:42:24+00:00\",\"breadcrumb\":{\"@id\":\"https:\/\/blogs.uef.fi\/tiedonhaku-kemia\/hakutulokset\/avoimet-julkaisut\/#breadcrumb\"},\"inLanguage\":\"fi\",\"potentialAction\":[{\"@type\":\"ReadAction\",\"target\":[\"https:\/\/blogs.uef.fi\/tiedonhaku-kemia\/hakutulokset\/avoimet-julkaisut\/\"]}]},{\"@type\":\"ImageObject\",\"inLanguage\":\"fi\",\"@id\":\"https:\/\/blogs.uef.fi\/tiedonhaku-kemia\/hakutulokset\/avoimet-julkaisut\/#primaryimage\",\"url\":\"https:\/\/blogs.uef.fi\/tiedonhaku-kemia\/wp-content\/uploads\/sites\/177\/2022\/03\/openaccess.png\",\"contentUrl\":\"https:\/\/blogs.uef.fi\/tiedonhaku-kemia\/wp-content\/uploads\/sites\/177\/2022\/03\/openaccess.png\",\"width\":83,\"height\":130,\"caption\":\"Open access -logo.\"},{\"@type\":\"BreadcrumbList\",\"@id\":\"https:\/\/blogs.uef.fi\/tiedonhaku-kemia\/hakutulokset\/avoimet-julkaisut\/#breadcrumb\",\"itemListElement\":[{\"@type\":\"ListItem\",\"position\":1,\"name\":\"Home\",\"item\":\"https:\/\/blogs.uef.fi\/tiedonhaku-kemia\/\"},{\"@type\":\"ListItem\",\"position\":2,\"name\":\"Hakutulokset\",\"item\":\"https:\/\/blogs.uef.fi\/tiedonhaku-kemia\/hakutulokset\/\"},{\"@type\":\"ListItem\",\"position\":3,\"name\":\"Avoimet julkaisut\"}]},{\"@type\":\"WebSite\",\"@id\":\"https:\/\/blogs.uef.fi\/tiedonhaku-kemia\/#website\",\"url\":\"https:\/\/blogs.uef.fi\/tiedonhaku-kemia\/\",\"name\":\"Kemian tiedonhaku \/ UEF kirjasto\",\"description\":\"Kemian tiedonhaku on kattava oppimateriaali tiedonhakuun kemisteille. Se sis\u00e4lt\u00e4\u00e4 yleiset tiedonhaun tekniikat sek\u00e4 kemian alan tiedonl\u00e4hteet ohjeineen ja esimerkkihakuineen.\",\"potentialAction\":[{\"@type\":\"SearchAction\",\"target\":{\"@type\":\"EntryPoint\",\"urlTemplate\":\"https:\/\/blogs.uef.fi\/tiedonhaku-kemia\/?s={search_term_string}\"},\"query-input\":{\"@type\":\"PropertyValueSpecification\",\"valueRequired\":true,\"valueName\":\"search_term_string\"}}],\"inLanguage\":\"fi\"}]}<\/script>\n<!-- \/ Yoast SEO plugin. -->","yoast_head_json":{"title":"Avoimet julkaisut - Kemian tiedonhaku \/ UEF kirjasto","robots":{"index":"index","follow":"follow","max-snippet":"max-snippet:-1","max-image-preview":"max-image-preview:large","max-video-preview":"max-video-preview:-1"},"canonical":"https:\/\/blogs.uef.fi\/tiedonhaku-kemia\/hakutulokset\/avoimet-julkaisut\/","og_locale":"fi_FI","og_type":"article","og_title":"Avoimet julkaisut - Kemian tiedonhaku \/ UEF kirjasto","og_description":"Maksumuurit rajoittavat uuden tutkimustiedon levi\u00e4mist\u00e4 ja hy\u00f6dynt\u00e4mist\u00e4. T\u00e4t\u00e4 ongelmaa on l\u00e4hdetty ratkomaan Open access -toimintamallilla. Open access eli avoin julkaiseminen tarkoittaa avoimuutta eli maksuttomuutta lukijalle. Muita reittej\u00e4 avoimiin aineistoihin ovat rinnakkaistallentaminen ja vertaisjakelu. Muista, ett\u00e4 opiskelijana sinulla on kuitenkin mahdollisuus k\u00e4ytt\u00e4\u00e4 my\u00f6s maksullisia aineistoja. \u00c4l\u00e4 siis turhaan rajaa hakujasi vain avoimeen aineistoon. Avoimet aineistot tulevat [&hellip;]","og_url":"https:\/\/blogs.uef.fi\/tiedonhaku-kemia\/hakutulokset\/avoimet-julkaisut\/","og_site_name":"Kemian tiedonhaku \/ UEF kirjasto","article_modified_time":"2024-12-13T13:42:24+00:00","og_image":[{"width":83,"height":130,"url":"https:\/\/blogs.uef.fi\/tiedonhaku-kemia\/wp-content\/uploads\/sites\/177\/2022\/03\/openaccess.png","type":"image\/png"}],"twitter_card":"summary_large_image","twitter_misc":{"Arvioitu lukuaika":"4 minuuttia"},"schema":{"@context":"https:\/\/schema.org","@graph":[{"@type":"WebPage","@id":"https:\/\/blogs.uef.fi\/tiedonhaku-kemia\/hakutulokset\/avoimet-julkaisut\/","url":"https:\/\/blogs.uef.fi\/tiedonhaku-kemia\/hakutulokset\/avoimet-julkaisut\/","name":"Avoimet julkaisut - Kemian tiedonhaku \/ UEF kirjasto","isPartOf":{"@id":"https:\/\/blogs.uef.fi\/tiedonhaku-kemia\/#website"},"primaryImageOfPage":{"@id":"https:\/\/blogs.uef.fi\/tiedonhaku-kemia\/hakutulokset\/avoimet-julkaisut\/#primaryimage"},"image":{"@id":"https:\/\/blogs.uef.fi\/tiedonhaku-kemia\/hakutulokset\/avoimet-julkaisut\/#primaryimage"},"thumbnailUrl":"https:\/\/blogs.uef.fi\/tiedonhaku-kemia\/wp-content\/uploads\/sites\/177\/2022\/03\/openaccess.png","datePublished":"2022-03-23T13:15:47+00:00","dateModified":"2024-12-13T13:42:24+00:00","breadcrumb":{"@id":"https:\/\/blogs.uef.fi\/tiedonhaku-kemia\/hakutulokset\/avoimet-julkaisut\/#breadcrumb"},"inLanguage":"fi","potentialAction":[{"@type":"ReadAction","target":["https:\/\/blogs.uef.fi\/tiedonhaku-kemia\/hakutulokset\/avoimet-julkaisut\/"]}]},{"@type":"ImageObject","inLanguage":"fi","@id":"https:\/\/blogs.uef.fi\/tiedonhaku-kemia\/hakutulokset\/avoimet-julkaisut\/#primaryimage","url":"https:\/\/blogs.uef.fi\/tiedonhaku-kemia\/wp-content\/uploads\/sites\/177\/2022\/03\/openaccess.png","contentUrl":"https:\/\/blogs.uef.fi\/tiedonhaku-kemia\/wp-content\/uploads\/sites\/177\/2022\/03\/openaccess.png","width":83,"height":130,"caption":"Open access -logo."},{"@type":"BreadcrumbList","@id":"https:\/\/blogs.uef.fi\/tiedonhaku-kemia\/hakutulokset\/avoimet-julkaisut\/#breadcrumb","itemListElement":[{"@type":"ListItem","position":1,"name":"Home","item":"https:\/\/blogs.uef.fi\/tiedonhaku-kemia\/"},{"@type":"ListItem","position":2,"name":"Hakutulokset","item":"https:\/\/blogs.uef.fi\/tiedonhaku-kemia\/hakutulokset\/"},{"@type":"ListItem","position":3,"name":"Avoimet julkaisut"}]},{"@type":"WebSite","@id":"https:\/\/blogs.uef.fi\/tiedonhaku-kemia\/#website","url":"https:\/\/blogs.uef.fi\/tiedonhaku-kemia\/","name":"Kemian tiedonhaku \/ UEF kirjasto","description":"Kemian tiedonhaku on kattava oppimateriaali tiedonhakuun kemisteille. Se sis\u00e4lt\u00e4\u00e4 yleiset tiedonhaun tekniikat sek\u00e4 kemian alan tiedonl\u00e4hteet ohjeineen ja esimerkkihakuineen.","potentialAction":[{"@type":"SearchAction","target":{"@type":"EntryPoint","urlTemplate":"https:\/\/blogs.uef.fi\/tiedonhaku-kemia\/?s={search_term_string}"},"query-input":{"@type":"PropertyValueSpecification","valueRequired":true,"valueName":"search_term_string"}}],"inLanguage":"fi"}]}},"_links":{"self":[{"href":"https:\/\/blogs.uef.fi\/tiedonhaku-kemia\/wp-json\/wp\/v2\/pages\/542","targetHints":{"allow":["GET"]}}],"collection":[{"href":"https:\/\/blogs.uef.fi\/tiedonhaku-kemia\/wp-json\/wp\/v2\/pages"}],"about":[{"href":"https:\/\/blogs.uef.fi\/tiedonhaku-kemia\/wp-json\/wp\/v2\/types\/page"}],"author":[{"embeddable":true,"href":"https:\/\/blogs.uef.fi\/tiedonhaku-kemia\/wp-json\/wp\/v2\/users\/127"}],"replies":[{"embeddable":true,"href":"https:\/\/blogs.uef.fi\/tiedonhaku-kemia\/wp-json\/wp\/v2\/comments?post=542"}],"version-history":[{"count":2,"href":"https:\/\/blogs.uef.fi\/tiedonhaku-kemia\/wp-json\/wp\/v2\/pages\/542\/revisions"}],"predecessor-version":[{"id":3549,"href":"https:\/\/blogs.uef.fi\/tiedonhaku-kemia\/wp-json\/wp\/v2\/pages\/542\/revisions\/3549"}],"up":[{"embeddable":true,"href":"https:\/\/blogs.uef.fi\/tiedonhaku-kemia\/wp-json\/wp\/v2\/pages\/563"}],"wp:attachment":[{"href":"https:\/\/blogs.uef.fi\/tiedonhaku-kemia\/wp-json\/wp\/v2\/media?parent=542"}],"curies":[{"name":"wp","href":"https:\/\/api.w.org\/{rel}","templated":true}]}}