{"id":500,"date":"2022-03-23T13:38:18","date_gmt":"2022-03-23T11:38:18","guid":{"rendered":"https:\/\/blogs.uef.fi\/tiedonhaku-kemia\/?page_id=500"},"modified":"2026-01-21T12:42:20","modified_gmt":"2026-01-21T10:42:20","slug":"kasvata-tulosmaaraa","status":"publish","type":"page","link":"https:\/\/blogs.uef.fi\/tiedonhaku-kemia\/hakulauseet\/kasvata-tulosmaaraa\/","title":{"rendered":"Hakulauseen muokkaus"},"content":{"rendered":"\n<p>Hakua voidaan muokata tarpeen mukaan:<\/p>\n\n\n\n<ul class=\"wp-block-list\">\n<li>s\u00e4\u00e4telem\u00e4ll\u00e4 <strong>k\u00e4sitteiden<\/strong> m\u00e4\u00e4r\u00e4\u00e4 hakulauseessa<\/li>\n\n\n\n<li>kohdistamalla hakua tietueen eri <strong>kenttiin<\/strong><\/li>\n\n\n\n<li>valitsemalla erilaisia <strong>hakusanoja<\/strong> k\u00e4sitteit\u00e4 kuvaamaan<\/li>\n\n\n\n<li>valitsemalla k\u00e4ytt\u00e4\u00e4k\u00f6 <strong>sanakatkaisua<\/strong> vai ei<\/li>\n\n\n\n<li><strong>rajauksilla<\/strong><\/li>\n<\/ul>\n\n\n\n<figure class=\"wp-block-image size-full\"><img loading=\"lazy\" decoding=\"async\" width=\"1237\" height=\"867\" src=\"https:\/\/blogs.uef.fi\/tiedonhaku-kemia\/wp-content\/uploads\/sites\/177\/2024\/07\/muokkaus.png\" alt=\"Muutokset hakulauseeseen, kun tulee liikaa tai ep\u00e4tarkkaa. K\u00e4sitteiden m\u00e4\u00e4r\u00e4: Ota mukaan lis\u00e4\u00e4 k\u00e4sitteit\u00e4 AND-operaattorilla. Hakukent\u00e4t: K\u00e4yt\u00e4 asiasana-, nimeke- ja (tiivistelm\u00e4)kentti\u00e4. Hakusanat: Tarkenna hakusana t\u00e4sm\u00e4llisemm\u00e4ksi, k\u00e4yt\u00e4 fraasia AND-operaation sijaan,  k\u00e4yt\u00e4 perusvartaloa pidemp\u00e4\u00e4 sanankatkaisua tai poista sanankatkaisu, k\u00e4yt\u00e4 rajauksia eli filttereit\u00e4. \nMuutokset hakulauseeseen, kun tulee liian v\u00e4h\u00e4n tai aihetta ei l\u00f6ydy. K\u00e4sitteiden m\u00e4\u00e4r\u00e4: J\u00e4t\u00e4 v\u00e4hiten t\u00e4rke\u00e4 k\u00e4site pois ja hae eri yhdistelmill\u00e4. Hakukent\u00e4t: Hae vapaasti kaikista kentist\u00e4. Hakusanat: K\u00e4yt\u00e4 laajempaa termi\u00e4, muuta fraasi AND-operaatioksi, lis\u00e4\u00e4 vaihtoehtoisia sanoja OR- operaattorilla, kokeile sanankatkaisua.\" class=\"wp-image-3485\" srcset=\"https:\/\/blogs.uef.fi\/tiedonhaku-kemia\/wp-content\/uploads\/sites\/177\/2024\/07\/muokkaus.png 1237w, https:\/\/blogs.uef.fi\/tiedonhaku-kemia\/wp-content\/uploads\/sites\/177\/2024\/07\/muokkaus-300x210.png 300w, https:\/\/blogs.uef.fi\/tiedonhaku-kemia\/wp-content\/uploads\/sites\/177\/2024\/07\/muokkaus-1024x718.png 1024w, https:\/\/blogs.uef.fi\/tiedonhaku-kemia\/wp-content\/uploads\/sites\/177\/2024\/07\/muokkaus-768x538.png 768w\" sizes=\"auto, (max-width: 1237px) 100vw, 1237px\" \/><figcaption class=\"wp-element-caption\">J<em>o saadun hakutuloksen perusteella voidaan p\u00e4\u00e4tell\u00e4, mill\u00e4 tavoin hakulausetta voisi muuttaa. Katso esimerkkej\u00e4 alempaa.<\/em><\/figcaption><\/figure>\n\n\n\n<p>Sinun ei tarvitse tehd\u00e4 kaikkea kerralla, vaan voit kokeilla kuinka yksitt\u00e4inen muutos vaikuttaa tulokseen. T\u00e4ll\u00e4 tavoin opit n\u00e4kem\u00e4\u00e4n, mitk\u00e4 muutokset ovat hy\u00f6dyllisi\u00e4 juuri t\u00e4ss\u00e4 aiheessa, mitk\u00e4 eiv\u00e4t. Lopuksi voit koostaa hakulauseita, jossa yhdistelet eri keinoja.<\/p>\n\n\n\n<h2 class=\"wp-block-heading\">N\u00e4in kasvatat tulosten m\u00e4\u00e4r\u00e4\u00e4<\/h2>\n\n\n\n<p style=\"font-size:18px\">Kun hakulauseesi tuottaa vain niukasti tuloksia, voit kokeilla seuraavia keinoja:<\/p>\n\n\n\n<ul class=\"wp-block-list\">\n<li><strong>Tarkista kirjoitusvirheet<\/strong>.<\/li>\n<\/ul>\n\n\n\n<ul class=\"wp-block-list\">\n<li><strong>Mieti, onko sanalle rinnakkaista kirjoitus-\/ilmaisumuotoa<\/strong>.<br><br><em>carbonic acid &#8211; H<sub>2<\/sub>CO<sub>3<\/sub><br>biochemistry &#8211; biological chemistry<br>homogenointi &#8211; homogenoiminen<\/em><br><\/li>\n<\/ul>\n\n\n\n<ul class=\"wp-block-list\">\n<li><strong>Etsi hakusanoillesi synonyymeja ja rinnakkaisia termej\u00e4<\/strong>.<br><br><em>kuivatislaus &#8211; pyrolyysi<br>fullereeni &#8211; pallohiili<br>pelkistys &#8211; hydraus<\/em><\/li>\n<\/ul>\n\n\n\n<ul class=\"wp-block-list\">\n<li><strong>Yhdist\u00e4 vaihtoehtoiset sanat hakuun OR-operaattorilla<\/strong> tai <strong>k\u00e4yt\u00e4 sanankatkaisua<\/strong><br><br><em>&#8221;carbonic acid&#8221; OR H<sub>2<\/sub>CO<sub>3<\/sub><br>biochemistry OR &#8221;biological chemistry&#8221;<br>kuivatislaus OR pyrolyysi<br>fullereeni OR pallohiili<br>pelkistys OR hydraus<br>homogenoi* (-nti, -minen)<\/em><\/li>\n<\/ul>\n\n\n\n<ul class=\"wp-block-list\">\n<li><strong>V\u00e4henn\u00e4 hakulausekkeesta AND-operaattorilla yhdistettyj\u00e4, rajaavia hakusanoja<\/strong>.<br><br><em>terveyskasvatus AND integrointi AND kemia AND opetus <br>-&gt; terveyskasvatus AND kemia AND opetus <br>-&gt; terveyskasvatus AND kemia<\/em><\/li>\n<\/ul>\n\n\n\n<p class=\"has-white-background-color has-background\">Joskus jokin yksitt\u00e4inen sana voi olla tietokannassa niin harvinainen, ett\u00e4 sen rinnalle ei kannata ottaa mit\u00e4\u00e4n muuta hakusanaa. <strong>Voit testata sanan yleisyytt\u00e4 tekem\u00e4ll\u00e4 yksinkertaisen sanahaun.<\/strong><\/p>\n\n\n\n<ul class=\"wp-block-list\">\n<li><strong>Pura fraasit tai yhdyssanat,<\/strong> jos sanojen esiintyminen yhdess\u00e4 ei ole v\u00e4ltt\u00e4m\u00e4t\u00f6nt\u00e4 tai sanojen v\u00e4liss\u00e4 voisi olla jotain muutakin.<br><br><em>\u201dsurface phenomena&#8221; -&gt; surface AND phenomena<br>analyysimenetelm\u00e4t -&gt; analyysi AND menetelm\u00e4t<\/em><\/li>\n<\/ul>\n\n\n\n<ul class=\"wp-block-list\">\n<li><strong>K\u00e4yt\u00e4 sanankatkaisua<\/strong>.<br><br><em>polymeeri -&gt; polymeer*<\/em> \/ <em>*polymeer*<\/em><\/li>\n<\/ul>\n\n\n\n<ul class=\"wp-block-list\">\n<li><strong>K\u00e4yt\u00e4 laajempaa hakutermi\u00e4<\/strong>, jos tuntuu, ett\u00e4 hakusanasi on hyvin spesifi.<br><br><em>nanohiukkaset -&gt; pienhiukkaset<\/em><\/li>\n<\/ul>\n\n\n\n<ul class=\"wp-block-list\">\n<li><strong>K\u00e4yt\u00e4 vapaasanahakua,<\/strong> jos olet k\u00e4ytt\u00e4nyt asiasanahakua tai muuta kentt\u00e4rajausta.<\/li>\n\n\n\n<li><strong>Poista vuosi- ym. rajoitukset<\/strong>.<\/li>\n\n\n\n<li><strong>Tarkista, onko k\u00e4ytt\u00e4m\u00e4si tietokanta sopiva aiheesi kannalta<\/strong>.<\/li>\n<\/ul>\n\n\n\n<h2 class=\"wp-block-heading\">N\u00e4in saat v\u00e4hemm\u00e4n ja aiheenmukaisempia tuloksia<\/h2>\n\n\n\n<p>Kun hakusi tuottaa \u201dliian paljon\u201d ja\/tai aiheeltaan ep\u00e4tarkkoja tuloksia, kokeile seuraavia keinoja:<\/p>\n\n\n\n<ul class=\"wp-block-list\">\n<li><strong>lis\u00e4\u00e4 hakuun rajoittavia sanoja AND-operaattorilla<\/strong>; AND-kytkettyj\u00e4 sanoja voi olla tarvittaessa vaikka kuinka paljon.<br><br><em>aerosolit -&gt; aerosolit AND vaikutukset -&gt; aerosolit AND vaikutukset AND terveys<br>lignin AND fragmentation -&gt; ligning AND fragmentation AND alkaline<\/em><\/li>\n<\/ul>\n\n\n\n<ul class=\"wp-block-list\">\n<li><strong>rajaa hakua otsikko-kentt\u00e4\u00e4n<\/strong><\/li>\n\n\n\n<li><strong>rajaa hakua asiasanakentt\u00e4\u00e4n<\/strong> \u2013 k\u00e4yt\u00e4 asiasanaston sanoja! Lue <a href=\"https:\/\/blogs.uef.fi\/tiedonhaku-kemia\/asiasanahaku\/\" target=\"_blank\" rel=\"noreferrer noopener\">asiasanahausta<\/a><\/li>\n\n\n\n<li><strong>kokeile suppeampia, aihettasi t\u00e4sm\u00e4llisemmin kuvaavia hakusanoja<\/strong><br><br><em>kromatografia -&gt; kaasukromatografia<\/em><\/li>\n\n\n\n<li><strong>poista hakusanoja tai sanankatkaisuja<\/strong>, jotka tuovat paljon aiheeseen liittym\u00e4tt\u00f6mi\u00e4 tuloksia<br><br><em>leptonit OR alkeishiukkaset -&gt; leptonit<\/em><br><br>katkaistu sana <em>rasv*<\/em> viittaa liian moneen asiaan, esim. <em>rasva, rasvoittua, rasvata, rasvakerros<\/em> -&gt; hyv\u00e4 vaihtoehto on asiasanan muoto:<em> rasvat<\/em><\/li>\n\n\n\n<li>joskus on hy\u00f6dyllist\u00e4 k\u00e4ytt\u00e4\u00e4 <strong>rajaavana termin\u00e4 hyvin laajaa<\/strong>, koko aihealuetta rajaavaa termi\u00e4:<br><br><em>selluloosa -&gt; selluloosa AND kemia<\/em><\/li>\n\n\n\n<li><strong>k\u00e4yt\u00e4 fraasia <\/strong>AND-operaation sijaan<br><br><em>chemical AND composition -&gt; \u201dchemical composition\u201d<\/em><\/li>\n\n\n\n<li><strong>kokeile sulkea joitakin sanoja hakutuloksen ulkopuolelle NOT-operaattorilla<\/strong><br><br><em>elintarvikekemia NOT gradu<\/em><\/li>\n\n\n\n<li><strong>rajaa hakutulosta<\/strong> esim. julkaisuvuoden, -kielen, -tyypin tai aihealueen mukaan.<\/li>\n<\/ul>\n\n\n\n<p class=\"has-text-align-right\">Seuraava sivu: <a href=\"https:\/\/blogs.uef.fi\/tiedonhaku-kemia\/aloita-uef-primosta\/\">Aloita UEF-Primosta<\/a>.<\/p>\n","protected":false},"excerpt":{"rendered":"<p>Hakua voidaan muokata tarpeen mukaan: Sinun ei tarvitse tehd\u00e4 kaikkea kerralla, vaan voit kokeilla kuinka yksitt\u00e4inen muutos vaikuttaa tulokseen. T\u00e4ll\u00e4 tavoin opit n\u00e4kem\u00e4\u00e4n, mitk\u00e4 muutokset ovat hy\u00f6dyllisi\u00e4 juuri t\u00e4ss\u00e4 aiheessa, mitk\u00e4 eiv\u00e4t. Lopuksi voit koostaa hakulauseita, jossa yhdistelet eri keinoja. N\u00e4in kasvatat tulosten m\u00e4\u00e4r\u00e4\u00e4 Kun hakulauseesi tuottaa vain niukasti tuloksia, voit kokeilla seuraavia keinoja: Joskus [&hellip;]<\/p>\n","protected":false},"author":127,"featured_media":0,"parent":491,"menu_order":0,"comment_status":"closed","ping_status":"closed","template":"","meta":{"_acf_changed":false,"footnotes":""},"class_list":["post-500","page","type-page","status-publish","hentry"],"acf":[],"yoast_head":"<!-- This site is optimized with the Yoast SEO plugin v27.3 - https:\/\/yoast.com\/product\/yoast-seo-wordpress\/ -->\n<title>Hakulauseen muokkaus - Kemian tiedonhaku \/ UEF kirjasto<\/title>\n<meta name=\"robots\" content=\"index, follow, max-snippet:-1, max-image-preview:large, max-video-preview:-1\" \/>\n<link rel=\"canonical\" href=\"https:\/\/blogs.uef.fi\/tiedonhaku-kemia\/hakulauseet\/kasvata-tulosmaaraa\/\" \/>\n<meta property=\"og:locale\" content=\"fi_FI\" \/>\n<meta property=\"og:type\" content=\"article\" \/>\n<meta property=\"og:title\" content=\"Hakulauseen muokkaus - Kemian tiedonhaku \/ UEF kirjasto\" \/>\n<meta property=\"og:description\" content=\"Hakua voidaan muokata tarpeen mukaan: Sinun ei tarvitse tehd\u00e4 kaikkea kerralla, vaan voit kokeilla kuinka yksitt\u00e4inen muutos vaikuttaa tulokseen. T\u00e4ll\u00e4 tavoin opit n\u00e4kem\u00e4\u00e4n, mitk\u00e4 muutokset ovat hy\u00f6dyllisi\u00e4 juuri t\u00e4ss\u00e4 aiheessa, mitk\u00e4 eiv\u00e4t. Lopuksi voit koostaa hakulauseita, jossa yhdistelet eri keinoja. N\u00e4in kasvatat tulosten m\u00e4\u00e4r\u00e4\u00e4 Kun hakulauseesi tuottaa vain niukasti tuloksia, voit kokeilla seuraavia keinoja: Joskus [&hellip;]\" \/>\n<meta property=\"og:url\" content=\"https:\/\/blogs.uef.fi\/tiedonhaku-kemia\/hakulauseet\/kasvata-tulosmaaraa\/\" \/>\n<meta property=\"og:site_name\" content=\"Kemian tiedonhaku \/ UEF kirjasto\" \/>\n<meta property=\"article:modified_time\" content=\"2026-01-21T10:42:20+00:00\" \/>\n<meta property=\"og:image\" content=\"https:\/\/blogs.uef.fi\/tiedonhaku-kemia\/wp-content\/uploads\/sites\/177\/2024\/07\/muokkaus.png\" \/>\n\t<meta property=\"og:image:width\" content=\"1237\" \/>\n\t<meta property=\"og:image:height\" content=\"867\" \/>\n\t<meta property=\"og:image:type\" content=\"image\/png\" \/>\n<meta name=\"twitter:card\" content=\"summary_large_image\" \/>\n<meta name=\"twitter:label1\" content=\"Arvioitu lukuaika\" \/>\n\t<meta name=\"twitter:data1\" content=\"3 minuuttia\" \/>\n<script type=\"application\/ld+json\" class=\"yoast-schema-graph\">{\"@context\":\"https:\\\/\\\/schema.org\",\"@graph\":[{\"@type\":\"WebPage\",\"@id\":\"https:\\\/\\\/blogs.uef.fi\\\/tiedonhaku-kemia\\\/hakulauseet\\\/kasvata-tulosmaaraa\\\/\",\"url\":\"https:\\\/\\\/blogs.uef.fi\\\/tiedonhaku-kemia\\\/hakulauseet\\\/kasvata-tulosmaaraa\\\/\",\"name\":\"Hakulauseen muokkaus - Kemian tiedonhaku \\\/ UEF kirjasto\",\"isPartOf\":{\"@id\":\"https:\\\/\\\/blogs.uef.fi\\\/tiedonhaku-kemia\\\/#website\"},\"primaryImageOfPage\":{\"@id\":\"https:\\\/\\\/blogs.uef.fi\\\/tiedonhaku-kemia\\\/hakulauseet\\\/kasvata-tulosmaaraa\\\/#primaryimage\"},\"image\":{\"@id\":\"https:\\\/\\\/blogs.uef.fi\\\/tiedonhaku-kemia\\\/hakulauseet\\\/kasvata-tulosmaaraa\\\/#primaryimage\"},\"thumbnailUrl\":\"https:\\\/\\\/blogs.uef.fi\\\/tiedonhaku-kemia\\\/wp-content\\\/uploads\\\/sites\\\/177\\\/2024\\\/07\\\/muokkaus.png\",\"datePublished\":\"2022-03-23T11:38:18+00:00\",\"dateModified\":\"2026-01-21T10:42:20+00:00\",\"breadcrumb\":{\"@id\":\"https:\\\/\\\/blogs.uef.fi\\\/tiedonhaku-kemia\\\/hakulauseet\\\/kasvata-tulosmaaraa\\\/#breadcrumb\"},\"inLanguage\":\"fi\",\"potentialAction\":[{\"@type\":\"ReadAction\",\"target\":[\"https:\\\/\\\/blogs.uef.fi\\\/tiedonhaku-kemia\\\/hakulauseet\\\/kasvata-tulosmaaraa\\\/\"]}]},{\"@type\":\"ImageObject\",\"inLanguage\":\"fi\",\"@id\":\"https:\\\/\\\/blogs.uef.fi\\\/tiedonhaku-kemia\\\/hakulauseet\\\/kasvata-tulosmaaraa\\\/#primaryimage\",\"url\":\"https:\\\/\\\/blogs.uef.fi\\\/tiedonhaku-kemia\\\/wp-content\\\/uploads\\\/sites\\\/177\\\/2024\\\/07\\\/muokkaus.png\",\"contentUrl\":\"https:\\\/\\\/blogs.uef.fi\\\/tiedonhaku-kemia\\\/wp-content\\\/uploads\\\/sites\\\/177\\\/2024\\\/07\\\/muokkaus.png\",\"width\":1237,\"height\":867,\"caption\":\"Muutokset hakulauseeseen, kun tulee liikaa tai ep\u00e4tarkkaa. K\u00e4sitteiden m\u00e4\u00e4r\u00e4: Ota mukaan lis\u00e4\u00e4 k\u00e4sitteit\u00e4 AND-operaattorilla. Hakukent\u00e4t: K\u00e4yt\u00e4 asiasana-, nimeke- ja (tiivistelm\u00e4)kentti\u00e4. Hakusanat: Tarkenna hakusana t\u00e4sm\u00e4llisemm\u00e4ksi, k\u00e4yt\u00e4 fraasia AND-operaation sijaan, k\u00e4yt\u00e4 perusvartaloa pidemp\u00e4\u00e4 sanankatkaisua tai poista sanankatkaisu, k\u00e4yt\u00e4 rajauksia eli filttereit\u00e4. Muutokset hakulauseeseen, kun tulee liian v\u00e4h\u00e4n tai aihetta ei l\u00f6ydy. K\u00e4sitteiden m\u00e4\u00e4r\u00e4: J\u00e4t\u00e4 v\u00e4hiten t\u00e4rke\u00e4 k\u00e4site pois ja hae eri yhdistelmill\u00e4. Hakukent\u00e4t: Hae vapaasti kaikista kentist\u00e4. Hakusanat: K\u00e4yt\u00e4 laajempaa termi\u00e4, muuta fraasi AND-operaatioksi, lis\u00e4\u00e4 vaihtoehtoisia sanoja OR- operaattorilla, kokeile sanankatkaisua.\"},{\"@type\":\"BreadcrumbList\",\"@id\":\"https:\\\/\\\/blogs.uef.fi\\\/tiedonhaku-kemia\\\/hakulauseet\\\/kasvata-tulosmaaraa\\\/#breadcrumb\",\"itemListElement\":[{\"@type\":\"ListItem\",\"position\":1,\"name\":\"Home\",\"item\":\"https:\\\/\\\/blogs.uef.fi\\\/tiedonhaku-kemia\\\/\"},{\"@type\":\"ListItem\",\"position\":2,\"name\":\"Hakulauseet\",\"item\":\"https:\\\/\\\/blogs.uef.fi\\\/tiedonhaku-kemia\\\/hakulauseet\\\/\"},{\"@type\":\"ListItem\",\"position\":3,\"name\":\"Hakulauseen muokkaus\"}]},{\"@type\":\"WebSite\",\"@id\":\"https:\\\/\\\/blogs.uef.fi\\\/tiedonhaku-kemia\\\/#website\",\"url\":\"https:\\\/\\\/blogs.uef.fi\\\/tiedonhaku-kemia\\\/\",\"name\":\"Kemian tiedonhaku \\\/ UEF kirjasto\",\"description\":\"Kemian tiedonhaku on kattava oppimateriaali tiedonhakuun kemisteille. Se sis\u00e4lt\u00e4\u00e4 yleiset tiedonhaun tekniikat sek\u00e4 kemian alan tiedonl\u00e4hteet ohjeineen ja esimerkkihakuineen.\",\"potentialAction\":[{\"@type\":\"SearchAction\",\"target\":{\"@type\":\"EntryPoint\",\"urlTemplate\":\"https:\\\/\\\/blogs.uef.fi\\\/tiedonhaku-kemia\\\/?s={search_term_string}\"},\"query-input\":{\"@type\":\"PropertyValueSpecification\",\"valueRequired\":true,\"valueName\":\"search_term_string\"}}],\"inLanguage\":\"fi\"}]}<\/script>\n<!-- \/ Yoast SEO plugin. -->","yoast_head_json":{"title":"Hakulauseen muokkaus - Kemian tiedonhaku \/ UEF kirjasto","robots":{"index":"index","follow":"follow","max-snippet":"max-snippet:-1","max-image-preview":"max-image-preview:large","max-video-preview":"max-video-preview:-1"},"canonical":"https:\/\/blogs.uef.fi\/tiedonhaku-kemia\/hakulauseet\/kasvata-tulosmaaraa\/","og_locale":"fi_FI","og_type":"article","og_title":"Hakulauseen muokkaus - Kemian tiedonhaku \/ UEF kirjasto","og_description":"Hakua voidaan muokata tarpeen mukaan: Sinun ei tarvitse tehd\u00e4 kaikkea kerralla, vaan voit kokeilla kuinka yksitt\u00e4inen muutos vaikuttaa tulokseen. T\u00e4ll\u00e4 tavoin opit n\u00e4kem\u00e4\u00e4n, mitk\u00e4 muutokset ovat hy\u00f6dyllisi\u00e4 juuri t\u00e4ss\u00e4 aiheessa, mitk\u00e4 eiv\u00e4t. Lopuksi voit koostaa hakulauseita, jossa yhdistelet eri keinoja. N\u00e4in kasvatat tulosten m\u00e4\u00e4r\u00e4\u00e4 Kun hakulauseesi tuottaa vain niukasti tuloksia, voit kokeilla seuraavia keinoja: Joskus [&hellip;]","og_url":"https:\/\/blogs.uef.fi\/tiedonhaku-kemia\/hakulauseet\/kasvata-tulosmaaraa\/","og_site_name":"Kemian tiedonhaku \/ UEF kirjasto","article_modified_time":"2026-01-21T10:42:20+00:00","og_image":[{"width":1237,"height":867,"url":"https:\/\/blogs.uef.fi\/tiedonhaku-kemia\/wp-content\/uploads\/sites\/177\/2024\/07\/muokkaus.png","type":"image\/png"}],"twitter_card":"summary_large_image","twitter_misc":{"Arvioitu lukuaika":"3 minuuttia"},"schema":{"@context":"https:\/\/schema.org","@graph":[{"@type":"WebPage","@id":"https:\/\/blogs.uef.fi\/tiedonhaku-kemia\/hakulauseet\/kasvata-tulosmaaraa\/","url":"https:\/\/blogs.uef.fi\/tiedonhaku-kemia\/hakulauseet\/kasvata-tulosmaaraa\/","name":"Hakulauseen muokkaus - Kemian tiedonhaku \/ UEF kirjasto","isPartOf":{"@id":"https:\/\/blogs.uef.fi\/tiedonhaku-kemia\/#website"},"primaryImageOfPage":{"@id":"https:\/\/blogs.uef.fi\/tiedonhaku-kemia\/hakulauseet\/kasvata-tulosmaaraa\/#primaryimage"},"image":{"@id":"https:\/\/blogs.uef.fi\/tiedonhaku-kemia\/hakulauseet\/kasvata-tulosmaaraa\/#primaryimage"},"thumbnailUrl":"https:\/\/blogs.uef.fi\/tiedonhaku-kemia\/wp-content\/uploads\/sites\/177\/2024\/07\/muokkaus.png","datePublished":"2022-03-23T11:38:18+00:00","dateModified":"2026-01-21T10:42:20+00:00","breadcrumb":{"@id":"https:\/\/blogs.uef.fi\/tiedonhaku-kemia\/hakulauseet\/kasvata-tulosmaaraa\/#breadcrumb"},"inLanguage":"fi","potentialAction":[{"@type":"ReadAction","target":["https:\/\/blogs.uef.fi\/tiedonhaku-kemia\/hakulauseet\/kasvata-tulosmaaraa\/"]}]},{"@type":"ImageObject","inLanguage":"fi","@id":"https:\/\/blogs.uef.fi\/tiedonhaku-kemia\/hakulauseet\/kasvata-tulosmaaraa\/#primaryimage","url":"https:\/\/blogs.uef.fi\/tiedonhaku-kemia\/wp-content\/uploads\/sites\/177\/2024\/07\/muokkaus.png","contentUrl":"https:\/\/blogs.uef.fi\/tiedonhaku-kemia\/wp-content\/uploads\/sites\/177\/2024\/07\/muokkaus.png","width":1237,"height":867,"caption":"Muutokset hakulauseeseen, kun tulee liikaa tai ep\u00e4tarkkaa. K\u00e4sitteiden m\u00e4\u00e4r\u00e4: Ota mukaan lis\u00e4\u00e4 k\u00e4sitteit\u00e4 AND-operaattorilla. Hakukent\u00e4t: K\u00e4yt\u00e4 asiasana-, nimeke- ja (tiivistelm\u00e4)kentti\u00e4. Hakusanat: Tarkenna hakusana t\u00e4sm\u00e4llisemm\u00e4ksi, k\u00e4yt\u00e4 fraasia AND-operaation sijaan, k\u00e4yt\u00e4 perusvartaloa pidemp\u00e4\u00e4 sanankatkaisua tai poista sanankatkaisu, k\u00e4yt\u00e4 rajauksia eli filttereit\u00e4. Muutokset hakulauseeseen, kun tulee liian v\u00e4h\u00e4n tai aihetta ei l\u00f6ydy. K\u00e4sitteiden m\u00e4\u00e4r\u00e4: J\u00e4t\u00e4 v\u00e4hiten t\u00e4rke\u00e4 k\u00e4site pois ja hae eri yhdistelmill\u00e4. Hakukent\u00e4t: Hae vapaasti kaikista kentist\u00e4. Hakusanat: K\u00e4yt\u00e4 laajempaa termi\u00e4, muuta fraasi AND-operaatioksi, lis\u00e4\u00e4 vaihtoehtoisia sanoja OR- operaattorilla, kokeile sanankatkaisua."},{"@type":"BreadcrumbList","@id":"https:\/\/blogs.uef.fi\/tiedonhaku-kemia\/hakulauseet\/kasvata-tulosmaaraa\/#breadcrumb","itemListElement":[{"@type":"ListItem","position":1,"name":"Home","item":"https:\/\/blogs.uef.fi\/tiedonhaku-kemia\/"},{"@type":"ListItem","position":2,"name":"Hakulauseet","item":"https:\/\/blogs.uef.fi\/tiedonhaku-kemia\/hakulauseet\/"},{"@type":"ListItem","position":3,"name":"Hakulauseen muokkaus"}]},{"@type":"WebSite","@id":"https:\/\/blogs.uef.fi\/tiedonhaku-kemia\/#website","url":"https:\/\/blogs.uef.fi\/tiedonhaku-kemia\/","name":"Kemian tiedonhaku \/ UEF kirjasto","description":"Kemian tiedonhaku on kattava oppimateriaali tiedonhakuun kemisteille. Se sis\u00e4lt\u00e4\u00e4 yleiset tiedonhaun tekniikat sek\u00e4 kemian alan tiedonl\u00e4hteet ohjeineen ja esimerkkihakuineen.","potentialAction":[{"@type":"SearchAction","target":{"@type":"EntryPoint","urlTemplate":"https:\/\/blogs.uef.fi\/tiedonhaku-kemia\/?s={search_term_string}"},"query-input":{"@type":"PropertyValueSpecification","valueRequired":true,"valueName":"search_term_string"}}],"inLanguage":"fi"}]}},"_links":{"self":[{"href":"https:\/\/blogs.uef.fi\/tiedonhaku-kemia\/wp-json\/wp\/v2\/pages\/500","targetHints":{"allow":["GET"]}}],"collection":[{"href":"https:\/\/blogs.uef.fi\/tiedonhaku-kemia\/wp-json\/wp\/v2\/pages"}],"about":[{"href":"https:\/\/blogs.uef.fi\/tiedonhaku-kemia\/wp-json\/wp\/v2\/types\/page"}],"author":[{"embeddable":true,"href":"https:\/\/blogs.uef.fi\/tiedonhaku-kemia\/wp-json\/wp\/v2\/users\/127"}],"replies":[{"embeddable":true,"href":"https:\/\/blogs.uef.fi\/tiedonhaku-kemia\/wp-json\/wp\/v2\/comments?post=500"}],"version-history":[{"count":1,"href":"https:\/\/blogs.uef.fi\/tiedonhaku-kemia\/wp-json\/wp\/v2\/pages\/500\/revisions"}],"predecessor-version":[{"id":3488,"href":"https:\/\/blogs.uef.fi\/tiedonhaku-kemia\/wp-json\/wp\/v2\/pages\/500\/revisions\/3488"}],"up":[{"embeddable":true,"href":"https:\/\/blogs.uef.fi\/tiedonhaku-kemia\/wp-json\/wp\/v2\/pages\/491"}],"wp:attachment":[{"href":"https:\/\/blogs.uef.fi\/tiedonhaku-kemia\/wp-json\/wp\/v2\/media?parent=500"}],"curies":[{"name":"wp","href":"https:\/\/api.w.org\/{rel}","templated":true}]}}