{"id":407,"date":"2022-03-23T12:19:05","date_gmt":"2022-03-23T10:19:05","guid":{"rendered":"https:\/\/blogs.uef.fi\/tiedonhaku-kemia\/?page_id=407"},"modified":"2024-01-18T13:09:15","modified_gmt":"2024-01-18T11:09:15","slug":"hakusanojen-yhdistaminen","status":"publish","type":"page","link":"https:\/\/blogs.uef.fi\/tiedonhaku-kemia\/hakulauseet\/hakusanojen-yhdistaminen\/","title":{"rendered":"Hakusanojen yhdist\u00e4minen"},"content":{"rendered":"\n<p>Hakusanat ja niit\u00e4 yhdist\u00e4v\u00e4t operaattorit muodostavat hakulauseen. Operaattoreita eli Boolen logiikkaa k\u00e4ytet\u00e4\u00e4n kaikissa tietokannoissa, joten sen osaaminen on yksi tiedonhaun perustaidoista.<\/p>\n\n\n\n<p><strong>Hakusanoja yhdist\u00e4vi\u00e4 Boolen operaattoreita on k\u00e4yt\u00f6ss\u00e4 kolme: AND, OR ja NOT<\/strong>.<\/p>\n\n\n\n<p>Katso video Boolen logiikasta eli operaattoreista (kesto noin 2,5 min):<\/p>\n\n\n\n<figure class=\"wp-block-embed is-type-video is-provider-youtube wp-block-embed-youtube wp-embed-aspect-4-3 wp-has-aspect-ratio\"><div class=\"wp-block-embed__wrapper\">\n<iframe loading=\"lazy\" title=\"It\u00e4-Suomen yliopiston kirjasto: Boolen logiikka\" width=\"500\" height=\"375\" src=\"https:\/\/www.youtube.com\/embed\/BuPJeCj90wo?feature=oembed\" frameborder=\"0\" allow=\"accelerometer; autoplay; clipboard-write; encrypted-media; gyroscope; picture-in-picture; web-share\" referrerpolicy=\"strict-origin-when-cross-origin\" allowfullscreen><\/iframe>\n<\/div><\/figure>\n\n\n\n<p>Hakulause-esimerkkej\u00e4:<\/p>\n\n\n\n<ul class=\"wp-block-list\">\n<li><em>alkoholijuomat AND *kemia<\/em><\/li>\n\n\n\n<li><em>&#8221;amino acid*&#8221; AND &#8221;catalytic amidolysis&#8221; AND anilides<\/em><\/li>\n\n\n\n<li><em>\u201dchemical analysis\u201d NOT environmental<\/em><\/li>\n\n\n\n<li><em>(blueberry OR bilberry) AND anthocyanins<\/em><\/li>\n<\/ul>\n\n\n\n<h2 class=\"wp-block-heading\">AND-operaattori yhdist\u00e4\u00e4 k\u00e4sitteet<\/h2>\n\n\n\n<p>AND edellytt\u00e4\u00e4, ett\u00e4 hakusanojen tulee esiinty\u00e4 tietueessa yht\u00e4 aikaa. (Tietue = yhden kirjan\/artikkelin jne. tiedot tietokannassa.)<\/p>\n\n\n\n<ul class=\"wp-block-list\">\n<li><strong>AND yhdist\u00e4\u00e4 hakuun eri k\u00e4sitteet <\/strong><\/li>\n<\/ul>\n\n\n\n<p>Mit\u00e4 enemm\u00e4n eri k\u00e4sitteit\u00e4 eli AND-operaatioita haussa k\u00e4ytet\u00e4\u00e4n, sen tarkempaa hakua ollaan tekem\u00e4ss\u00e4 ja sit\u00e4 pienempi, ainakin teoriassa, on tulosjoukon koko.<\/p>\n\n\n\n<p>Huomaa, ett\u00e4 hakuk\u00e4sitteet voidaan yhdist\u00e4\u00e4 my\u00f6s fraasiksi. Fraasi onkin  tavallaan AND-operaattorin erityistapaus, jossa sanojen v\u00e4lill\u00e4 on AND, mutta ei mit\u00e4\u00e4n muuta.<\/p>\n\n\n\n<h2 class=\"wp-block-heading\">OR-operaattori yhdist\u00e4\u00e4 vaihtoehdot<\/h2>\n\n\n\n<p>OR hyv\u00e4ksyy lopputulokseen ne tietueet, joissa on v\u00e4hint\u00e4\u00e4n jompi kumpi hakusanoista, joskin my\u00f6s ne tietueet, joissa molemmat sanat esiintyv\u00e4t yht\u00e4 aikaa, ovat k\u00e4yp\u00e4isi\u00e4<\/p>\n\n\n\n<ul class=\"wp-block-list\">\n<li><strong>OR yhdist\u00e4\u00e4 samaa (yl\u00e4)k\u00e4sitett\u00e4 kuvaavat vaihtoehtoiset hakusanat<\/strong><\/li>\n<\/ul>\n\n\n\n<p>Mit\u00e4 useampia vaihtoehtoisia ilmaisumuotoja otetaan mukaan, sen laajempi on haun tulos.<\/p>\n\n\n\n<p>Huomaa, ett\u00e4 OR-operaattorin k\u00e4ytt\u00f6 on turhaa silloin, kun vaihtoehtoinen sana kattaa my\u00f6s tarkemman termin, joka usein on sanaliitto.<\/p>\n\n\n\n<ul class=\"wp-block-list\">\n<li>haussa <em>\u201dchemical bonds\u201d OR <strong>bonds<\/strong><\/em> riitt\u00e4\u00e4 sana <em>&#8217;bonds&#8217;<\/em> yksinkin l\u00f6yt\u00e4m\u00e4\u00e4n my\u00f6s ilmauksen <em>&#8217;chemical <strong>bonds<\/strong><\/em>&#8217;.<\/li>\n<\/ul>\n\n\n\n<h2 class=\"wp-block-heading\">NOT-operaattori sulkee pois<\/h2>\n\n\n\n<p>NOT edellytt\u00e4\u00e4, ett\u00e4 tietty sana ei saa esiinty\u00e4 tietueessa lainkaan.<\/p>\n\n\n\n<p>NOT-operaattoria ei k\u00e4ytet\u00e4 hakulauseessa yhdist\u00e4m\u00e4\u00e4n aiheeseen kuuluvia k\u00e4sitteit\u00e4, vaan sen avulla tarkennetaan hakua jonkin tietyn \u2019apusanan\u2019 avulla.<\/p>\n\n\n\n<p>Not-operaatiota tarvitaan harvemmin ja sit\u00e4 kannattaakin k\u00e4ytt\u00e4\u00e4 harkiten, koska se voi sulkea hakutuloksesta pois my\u00f6s hy\u00f6dyllisi\u00e4 tietueita.<\/p>\n\n\n\n<h3 class=\"wp-block-heading\">Operaattoreiden toiminta kuvana:<\/h3>\n\n\n    <div class=\"funders grid\">\n                        <div class=\"funders__item grid__item\">\n                            <div class=\"funders__image\">\n                    <img decoding=\"async\" src=\"https:\/\/blogs.uef.fi\/tiedonhaku-kemia\/wp-content\/uploads\/sites\/177\/2022\/03\/bo1.jpg\" alt=\"Kaksi toisiaan leikkaavaa valkoista ympyr\u00e4\u00e4. P\u00e4\u00e4llekk\u00e4in menev\u00e4 osio on v\u00e4rj\u00e4tty vihre\u00e4ksi.\" \/>\n                <\/div>\n                                    <p class=\"funders__description\">merisuola AND raskasmetallit<\/p>\n                                                <\/div>\n                        \n                        <div class=\"funders__item grid__item\">\n                            <div class=\"funders__image\">\n                    <img decoding=\"async\" src=\"https:\/\/blogs.uef.fi\/tiedonhaku-kemia\/wp-content\/uploads\/sites\/177\/2022\/03\/bo3.jpg\" alt=\"Kaksi toisiaan leikkaavaa ympyr\u00e4\u00e4. Molemmat ympyr\u00e4t, my\u00f6s niiden toisiinsa limittyv\u00e4 osa, ovat vihreit\u00e4.\" \/>\n                <\/div>\n                                    <p class=\"funders__description\">kupari OR cu<\/p>\n                                                <\/div>\n                        \n                        <div class=\"funders__item grid__item\">\n                            <div class=\"funders__image\">\n                    <img decoding=\"async\" src=\"https:\/\/blogs.uef.fi\/tiedonhaku-kemia\/wp-content\/uploads\/sites\/177\/2022\/03\/bo4.jpg\" alt=\"Kaksi toisiaan leikkaavaa ympyr\u00e4\u00e4. Toinen ympyr\u00e4 on kokonaan valkoinen, toisesta se osa, joka ei leikkaa toista ympyr\u00e4\u00e4, on vihre\u00e4.\" \/>\n                <\/div>\n                                    <p class=\"funders__description\">prebiootit NOT ravinto<\/p>\n                                                <\/div>\n                        \n            <\/div>\n\n\n\n<div class=\"links-block\">\n\n    \n    <ul class=\"link-list\">\n        \n            \n            <li class=\"link-list-item\">\n                <a href=\"https:\/\/uef.cloud.panopto.eu\/Panopto\/Pages\/Viewer.aspx?id=a6715dc5-5402-43c1-9538-b0f500ab70fe\" class=\"link-reset link hover-scale-down\">\n                    <svg\n        width=\"43\" height=\"25\"\n        viewBox=\"0 0 43 25\"\n        xmlns=\"http:\/\/www.w3.org\/2000\/svg\">\n    <path\n        d=\"M30.027 0 43 12.5 30.027 25 27 22.083 34.351 15H0v-5h34.351L27 2.917z\"\n        fill=\"currentColor\"\n        fill-rule=\"evenodd\"\/>\n<\/svg>                    <div>Katso video operaattoreiden vaikutuksesta hakutulokseen (2:58)<\/div>\n                <\/a>\n                <div class=\"link-info\">\n                                    <\/div>\n            <\/li>\n\n                <\/ul>\n<\/div>\n\n\n<h2 class=\"wp-block-heading\">Hakulauseessa on tavallisesti useita operaattoreita<\/h2>\n\n\n\n<p>Samaan hakulauseeseen voi yhdist\u00e4\u00e4 useita operaatioita. Jos hakulauseessa on yht\u00e4 aikaa AND- ja OR-operaattori, haun loogisuus pit\u00e4\u00e4 viel\u00e4 varmistaa. Yleens\u00e4 t\u00e4ll\u00f6in tavoitellaan kuvan kaltaista tilannetta<\/p>\n\n\n\n<figure class=\"wp-block-image size-full\"><img loading=\"lazy\" decoding=\"async\" width=\"103\" height=\"98\" src=\"https:\/\/blogs.uef.fi\/tiedonhaku-kemia\/wp-content\/uploads\/sites\/177\/2022\/03\/bo5.jpg\" alt=\"Kolme toisiaan leikkaavaa ympyr\u00e4\u00e4, joista kaksi on vierekk\u00e4in ylh\u00e4\u00e4ll\u00e4, yksi niiden alla. Se osa, jossa alempi ympyr\u00e4\u00e4 leikkaa toista tai molempia ylemmist\u00e4 ympyr\u00f6ist\u00e4, on v\u00e4rj\u00e4tty vihre\u00e4ksi.\" class=\"wp-image-422\" \/><figcaption class=\"wp-element-caption\"><em>(merisuola OR vuorisuola) AND raskasmetallit<\/em><\/figcaption><\/figure>\n\n\n\n<p>Muista, ett\u00e4 AND-operaattori ei aina tarkoita samaa kuin luonnollisen kielen <em>ja<\/em>-sana. Jos haetaan kirjallisuutta <em>proteaasientsyymien rakenteesta <strong>ja<\/strong> toiminnasta<\/em>, riitt\u00e4\u00e4 ett\u00e4 jossakin julkaisussa kerrotaan rakenteesta ja toisessa toiminnasta, eli yhdist\u00e4v\u00e4 operaattori n\u00e4iden v\u00e4lill\u00e4 on OR. <\/p>\n\n\n\n<ul class=\"wp-block-list\">\n<li><em>proteaasientsyymi AND (rakenne OR toiminta)<\/em><\/li>\n<\/ul>\n\n\n\n<p>Mukaan tulokseen tulee toki niit\u00e4kin, joissa kerrotaan molemmista, mik\u00e4 ei tietenk\u00e4\u00e4n ole haitaksi.<\/p>\n\n\n\n<h3 class=\"wp-block-heading\">Operaattoreiden j\u00e4rjestys<\/h3>\n\n\n\n<p>Useimmiten AND-operaatio suoritetaan hakukoneissa ennen OR-operaatiota kirjoitusj\u00e4rjestyksest\u00e4 riippumatta. Haussa, jossa on sek\u00e4 AND- ett\u00e4 OR-operaatio, on kuitenkin hakutuloksen loogisuuden kannalta t\u00e4rke\u00e4\u00e4, ett\u00e4 OR-operaatio toteutuu ensin. T\u00e4m\u00e4n saa aikaiseksi sulkumerkeill\u00e4 tai sanojen oikealla ryhmittelyll\u00e4 (Advanced-haku).<\/p>\n\n\n\n<p>Jos sulkuja ei ole, k\u00e4y siten, ett\u00e4 saadaan tietoa vuorisuolan raskasmetalleista &#8211; mik\u00e4 on ihan oikein &#8211; sek\u00e4 kaikkea mahdollista tietoa merisuolasta. Hakulause \u201dvuotaa\u201d.<\/p>\n\n\n\n<figure class=\"wp-block-image size-full\"><img loading=\"lazy\" decoding=\"async\" width=\"106\" height=\"98\" src=\"https:\/\/blogs.uef.fi\/tiedonhaku-kemia\/wp-content\/uploads\/sites\/177\/2022\/03\/bo6.jpg\" alt=\"Kolme toisiaan leikkaavaa ympyr\u00e4\u00e4, joista kaksi on vierekk\u00e4in ylh\u00e4\u00e4ll\u00e4, yksi niiden alla. Se osa, jossa alempi ympyr\u00e4\u00e4 leikkaa toista tai molempia ylemmist\u00e4 ympyr\u00f6ist\u00e4, on v\u00e4rj\u00e4tty vihre\u00e4ksi. Vasemmanpuoleinen ympyr\u00e4 ylh\u00e4\u00e4ll\u00e4 on kokonaan vihre\u00e4.\" class=\"wp-image-419\" \/><figcaption class=\"wp-element-caption\"><em>merisuola OR vuorisuola AND raskasmetallit<\/em><\/figcaption><\/figure>\n\n\n\n<h2 class=\"wp-block-heading\">Hakulauseen kirjoitustapa riippuu aina tietokannasta.<\/h2>\n\n\n\n<p>Kun kirjoitat hakuun useampia sanoja, ole tietoinen siit\u00e4, mit\u00e4 k\u00e4sket ohjelman tekev\u00e4n:<\/p>\n\n\n\n<ul class=\"wp-block-list\">\n<li>Onko kyseess\u00e4 <strong>fraasi vai and-operaatio<\/strong>?<\/li>\n\n\n\n<li><strong>Miss\u00e4 j\u00e4rjestyksess\u00e4 <\/strong>operaatiot toteutuvat, toimiiko haun logiikka?<\/li>\n\n\n\n<li>Tulevatko sanan taivutusmuodot mukaan automaattisesti, pit\u00e4\u00e4k\u00f6 sanoja <strong>katkaista<\/strong>?<\/li>\n\n\n\n<li><strong>Mist\u00e4 kentist\u00e4<\/strong> hakusanoja haetaan?<\/li>\n<\/ul>\n\n\n\n<p>Perusasiat voivat selvit\u00e4 hakun\u00e4yt\u00f6n ohjeita seuraamalla. Kunkin tietokannan Help-osiosta l\u00f6ytyy lis\u00e4\u00e4 vinkkej\u00e4.<\/p>\n\n\n\n<p class=\"has-text-align-right\">Seuraava sivu: <a href=\"https:\/\/blogs.uef.fi\/tiedonhaku-kemia\/hakulauseen-kirjoittaminen\/\">Hakulauseen kirjoittaminen<\/a><\/p>\n","protected":false},"excerpt":{"rendered":"<p>Hakusanat ja niit\u00e4 yhdist\u00e4v\u00e4t operaattorit muodostavat hakulauseen. Operaattoreita eli Boolen logiikkaa k\u00e4ytet\u00e4\u00e4n kaikissa tietokannoissa, joten sen osaaminen on yksi tiedonhaun perustaidoista. Hakusanoja yhdist\u00e4vi\u00e4 Boolen operaattoreita on k\u00e4yt\u00f6ss\u00e4 kolme: AND, OR ja NOT. Katso video Boolen logiikasta eli operaattoreista (kesto noin 2,5 min): Hakulause-esimerkkej\u00e4: AND-operaattori yhdist\u00e4\u00e4 k\u00e4sitteet AND edellytt\u00e4\u00e4, ett\u00e4 hakusanojen tulee esiinty\u00e4 tietueessa yht\u00e4 aikaa. [&hellip;]<\/p>\n","protected":false},"author":127,"featured_media":0,"parent":491,"menu_order":0,"comment_status":"closed","ping_status":"closed","template":"","meta":{"_acf_changed":false,"footnotes":""},"class_list":["post-407","page","type-page","status-publish","hentry"],"acf":[],"yoast_head":"<!-- This site is optimized with the Yoast SEO plugin v27.1.1 - https:\/\/yoast.com\/product\/yoast-seo-wordpress\/ -->\n<title>Hakusanojen yhdist\u00e4minen - Kemian tiedonhaku \/ UEF kirjasto<\/title>\n<meta name=\"robots\" content=\"index, follow, max-snippet:-1, max-image-preview:large, max-video-preview:-1\" \/>\n<link rel=\"canonical\" href=\"https:\/\/blogs.uef.fi\/tiedonhaku-kemia\/hakulauseet\/hakusanojen-yhdistaminen\/\" \/>\n<meta property=\"og:locale\" content=\"fi_FI\" \/>\n<meta property=\"og:type\" content=\"article\" \/>\n<meta property=\"og:title\" content=\"Hakusanojen yhdist\u00e4minen - Kemian tiedonhaku \/ UEF kirjasto\" \/>\n<meta property=\"og:description\" content=\"Hakusanat ja niit\u00e4 yhdist\u00e4v\u00e4t operaattorit muodostavat hakulauseen. Operaattoreita eli Boolen logiikkaa k\u00e4ytet\u00e4\u00e4n kaikissa tietokannoissa, joten sen osaaminen on yksi tiedonhaun perustaidoista. Hakusanoja yhdist\u00e4vi\u00e4 Boolen operaattoreita on k\u00e4yt\u00f6ss\u00e4 kolme: AND, OR ja NOT. Katso video Boolen logiikasta eli operaattoreista (kesto noin 2,5 min): Hakulause-esimerkkej\u00e4: AND-operaattori yhdist\u00e4\u00e4 k\u00e4sitteet AND edellytt\u00e4\u00e4, ett\u00e4 hakusanojen tulee esiinty\u00e4 tietueessa yht\u00e4 aikaa. [&hellip;]\" \/>\n<meta property=\"og:url\" content=\"https:\/\/blogs.uef.fi\/tiedonhaku-kemia\/hakulauseet\/hakusanojen-yhdistaminen\/\" \/>\n<meta property=\"og:site_name\" content=\"Kemian tiedonhaku \/ UEF kirjasto\" \/>\n<meta property=\"article:modified_time\" content=\"2024-01-18T11:09:15+00:00\" \/>\n<meta property=\"og:image\" content=\"https:\/\/blogs.uef.fi\/tiedonhaku-kemia\/wp-content\/uploads\/sites\/177\/2022\/03\/bo5.jpg\" \/>\n<meta name=\"twitter:card\" content=\"summary_large_image\" \/>\n<meta name=\"twitter:label1\" content=\"Arvioitu lukuaika\" \/>\n\t<meta name=\"twitter:data1\" content=\"4 minuuttia\" \/>\n<script type=\"application\/ld+json\" class=\"yoast-schema-graph\">{\"@context\":\"https:\/\/schema.org\",\"@graph\":[{\"@type\":\"WebPage\",\"@id\":\"https:\/\/blogs.uef.fi\/tiedonhaku-kemia\/hakulauseet\/hakusanojen-yhdistaminen\/\",\"url\":\"https:\/\/blogs.uef.fi\/tiedonhaku-kemia\/hakulauseet\/hakusanojen-yhdistaminen\/\",\"name\":\"Hakusanojen yhdist\u00e4minen - Kemian tiedonhaku \/ UEF kirjasto\",\"isPartOf\":{\"@id\":\"https:\/\/blogs.uef.fi\/tiedonhaku-kemia\/#website\"},\"primaryImageOfPage\":{\"@id\":\"https:\/\/blogs.uef.fi\/tiedonhaku-kemia\/hakulauseet\/hakusanojen-yhdistaminen\/#primaryimage\"},\"image\":{\"@id\":\"https:\/\/blogs.uef.fi\/tiedonhaku-kemia\/hakulauseet\/hakusanojen-yhdistaminen\/#primaryimage\"},\"thumbnailUrl\":\"https:\/\/blogs.uef.fi\/tiedonhaku-kemia\/wp-content\/uploads\/sites\/177\/2022\/03\/bo5.jpg\",\"datePublished\":\"2022-03-23T10:19:05+00:00\",\"dateModified\":\"2024-01-18T11:09:15+00:00\",\"breadcrumb\":{\"@id\":\"https:\/\/blogs.uef.fi\/tiedonhaku-kemia\/hakulauseet\/hakusanojen-yhdistaminen\/#breadcrumb\"},\"inLanguage\":\"fi\",\"potentialAction\":[{\"@type\":\"ReadAction\",\"target\":[\"https:\/\/blogs.uef.fi\/tiedonhaku-kemia\/hakulauseet\/hakusanojen-yhdistaminen\/\"]}]},{\"@type\":\"ImageObject\",\"inLanguage\":\"fi\",\"@id\":\"https:\/\/blogs.uef.fi\/tiedonhaku-kemia\/hakulauseet\/hakusanojen-yhdistaminen\/#primaryimage\",\"url\":\"https:\/\/blogs.uef.fi\/tiedonhaku-kemia\/wp-content\/uploads\/sites\/177\/2022\/03\/bo5.jpg\",\"contentUrl\":\"https:\/\/blogs.uef.fi\/tiedonhaku-kemia\/wp-content\/uploads\/sites\/177\/2022\/03\/bo5.jpg\",\"width\":103,\"height\":98},{\"@type\":\"BreadcrumbList\",\"@id\":\"https:\/\/blogs.uef.fi\/tiedonhaku-kemia\/hakulauseet\/hakusanojen-yhdistaminen\/#breadcrumb\",\"itemListElement\":[{\"@type\":\"ListItem\",\"position\":1,\"name\":\"Home\",\"item\":\"https:\/\/blogs.uef.fi\/tiedonhaku-kemia\/\"},{\"@type\":\"ListItem\",\"position\":2,\"name\":\"Hakulauseet\",\"item\":\"https:\/\/blogs.uef.fi\/tiedonhaku-kemia\/hakulauseet\/\"},{\"@type\":\"ListItem\",\"position\":3,\"name\":\"Hakusanojen yhdist\u00e4minen\"}]},{\"@type\":\"WebSite\",\"@id\":\"https:\/\/blogs.uef.fi\/tiedonhaku-kemia\/#website\",\"url\":\"https:\/\/blogs.uef.fi\/tiedonhaku-kemia\/\",\"name\":\"Kemian tiedonhaku \/ UEF kirjasto\",\"description\":\"Kemian tiedonhaku on kattava oppimateriaali tiedonhakuun kemisteille. Se sis\u00e4lt\u00e4\u00e4 yleiset tiedonhaun tekniikat sek\u00e4 kemian alan tiedonl\u00e4hteet ohjeineen ja esimerkkihakuineen.\",\"potentialAction\":[{\"@type\":\"SearchAction\",\"target\":{\"@type\":\"EntryPoint\",\"urlTemplate\":\"https:\/\/blogs.uef.fi\/tiedonhaku-kemia\/?s={search_term_string}\"},\"query-input\":{\"@type\":\"PropertyValueSpecification\",\"valueRequired\":true,\"valueName\":\"search_term_string\"}}],\"inLanguage\":\"fi\"}]}<\/script>\n<!-- \/ Yoast SEO plugin. -->","yoast_head_json":{"title":"Hakusanojen yhdist\u00e4minen - Kemian tiedonhaku \/ UEF kirjasto","robots":{"index":"index","follow":"follow","max-snippet":"max-snippet:-1","max-image-preview":"max-image-preview:large","max-video-preview":"max-video-preview:-1"},"canonical":"https:\/\/blogs.uef.fi\/tiedonhaku-kemia\/hakulauseet\/hakusanojen-yhdistaminen\/","og_locale":"fi_FI","og_type":"article","og_title":"Hakusanojen yhdist\u00e4minen - Kemian tiedonhaku \/ UEF kirjasto","og_description":"Hakusanat ja niit\u00e4 yhdist\u00e4v\u00e4t operaattorit muodostavat hakulauseen. Operaattoreita eli Boolen logiikkaa k\u00e4ytet\u00e4\u00e4n kaikissa tietokannoissa, joten sen osaaminen on yksi tiedonhaun perustaidoista. Hakusanoja yhdist\u00e4vi\u00e4 Boolen operaattoreita on k\u00e4yt\u00f6ss\u00e4 kolme: AND, OR ja NOT. Katso video Boolen logiikasta eli operaattoreista (kesto noin 2,5 min): Hakulause-esimerkkej\u00e4: AND-operaattori yhdist\u00e4\u00e4 k\u00e4sitteet AND edellytt\u00e4\u00e4, ett\u00e4 hakusanojen tulee esiinty\u00e4 tietueessa yht\u00e4 aikaa. [&hellip;]","og_url":"https:\/\/blogs.uef.fi\/tiedonhaku-kemia\/hakulauseet\/hakusanojen-yhdistaminen\/","og_site_name":"Kemian tiedonhaku \/ UEF kirjasto","article_modified_time":"2024-01-18T11:09:15+00:00","og_image":[{"url":"https:\/\/blogs.uef.fi\/tiedonhaku-kemia\/wp-content\/uploads\/sites\/177\/2022\/03\/bo5.jpg","type":"","width":"","height":""}],"twitter_card":"summary_large_image","twitter_misc":{"Arvioitu lukuaika":"4 minuuttia"},"schema":{"@context":"https:\/\/schema.org","@graph":[{"@type":"WebPage","@id":"https:\/\/blogs.uef.fi\/tiedonhaku-kemia\/hakulauseet\/hakusanojen-yhdistaminen\/","url":"https:\/\/blogs.uef.fi\/tiedonhaku-kemia\/hakulauseet\/hakusanojen-yhdistaminen\/","name":"Hakusanojen yhdist\u00e4minen - Kemian tiedonhaku \/ UEF kirjasto","isPartOf":{"@id":"https:\/\/blogs.uef.fi\/tiedonhaku-kemia\/#website"},"primaryImageOfPage":{"@id":"https:\/\/blogs.uef.fi\/tiedonhaku-kemia\/hakulauseet\/hakusanojen-yhdistaminen\/#primaryimage"},"image":{"@id":"https:\/\/blogs.uef.fi\/tiedonhaku-kemia\/hakulauseet\/hakusanojen-yhdistaminen\/#primaryimage"},"thumbnailUrl":"https:\/\/blogs.uef.fi\/tiedonhaku-kemia\/wp-content\/uploads\/sites\/177\/2022\/03\/bo5.jpg","datePublished":"2022-03-23T10:19:05+00:00","dateModified":"2024-01-18T11:09:15+00:00","breadcrumb":{"@id":"https:\/\/blogs.uef.fi\/tiedonhaku-kemia\/hakulauseet\/hakusanojen-yhdistaminen\/#breadcrumb"},"inLanguage":"fi","potentialAction":[{"@type":"ReadAction","target":["https:\/\/blogs.uef.fi\/tiedonhaku-kemia\/hakulauseet\/hakusanojen-yhdistaminen\/"]}]},{"@type":"ImageObject","inLanguage":"fi","@id":"https:\/\/blogs.uef.fi\/tiedonhaku-kemia\/hakulauseet\/hakusanojen-yhdistaminen\/#primaryimage","url":"https:\/\/blogs.uef.fi\/tiedonhaku-kemia\/wp-content\/uploads\/sites\/177\/2022\/03\/bo5.jpg","contentUrl":"https:\/\/blogs.uef.fi\/tiedonhaku-kemia\/wp-content\/uploads\/sites\/177\/2022\/03\/bo5.jpg","width":103,"height":98},{"@type":"BreadcrumbList","@id":"https:\/\/blogs.uef.fi\/tiedonhaku-kemia\/hakulauseet\/hakusanojen-yhdistaminen\/#breadcrumb","itemListElement":[{"@type":"ListItem","position":1,"name":"Home","item":"https:\/\/blogs.uef.fi\/tiedonhaku-kemia\/"},{"@type":"ListItem","position":2,"name":"Hakulauseet","item":"https:\/\/blogs.uef.fi\/tiedonhaku-kemia\/hakulauseet\/"},{"@type":"ListItem","position":3,"name":"Hakusanojen yhdist\u00e4minen"}]},{"@type":"WebSite","@id":"https:\/\/blogs.uef.fi\/tiedonhaku-kemia\/#website","url":"https:\/\/blogs.uef.fi\/tiedonhaku-kemia\/","name":"Kemian tiedonhaku \/ UEF kirjasto","description":"Kemian tiedonhaku on kattava oppimateriaali tiedonhakuun kemisteille. Se sis\u00e4lt\u00e4\u00e4 yleiset tiedonhaun tekniikat sek\u00e4 kemian alan tiedonl\u00e4hteet ohjeineen ja esimerkkihakuineen.","potentialAction":[{"@type":"SearchAction","target":{"@type":"EntryPoint","urlTemplate":"https:\/\/blogs.uef.fi\/tiedonhaku-kemia\/?s={search_term_string}"},"query-input":{"@type":"PropertyValueSpecification","valueRequired":true,"valueName":"search_term_string"}}],"inLanguage":"fi"}]}},"_links":{"self":[{"href":"https:\/\/blogs.uef.fi\/tiedonhaku-kemia\/wp-json\/wp\/v2\/pages\/407","targetHints":{"allow":["GET"]}}],"collection":[{"href":"https:\/\/blogs.uef.fi\/tiedonhaku-kemia\/wp-json\/wp\/v2\/pages"}],"about":[{"href":"https:\/\/blogs.uef.fi\/tiedonhaku-kemia\/wp-json\/wp\/v2\/types\/page"}],"author":[{"embeddable":true,"href":"https:\/\/blogs.uef.fi\/tiedonhaku-kemia\/wp-json\/wp\/v2\/users\/127"}],"replies":[{"embeddable":true,"href":"https:\/\/blogs.uef.fi\/tiedonhaku-kemia\/wp-json\/wp\/v2\/comments?post=407"}],"version-history":[{"count":2,"href":"https:\/\/blogs.uef.fi\/tiedonhaku-kemia\/wp-json\/wp\/v2\/pages\/407\/revisions"}],"predecessor-version":[{"id":3270,"href":"https:\/\/blogs.uef.fi\/tiedonhaku-kemia\/wp-json\/wp\/v2\/pages\/407\/revisions\/3270"}],"up":[{"embeddable":true,"href":"https:\/\/blogs.uef.fi\/tiedonhaku-kemia\/wp-json\/wp\/v2\/pages\/491"}],"wp:attachment":[{"href":"https:\/\/blogs.uef.fi\/tiedonhaku-kemia\/wp-json\/wp\/v2\/media?parent=407"}],"curies":[{"name":"wp","href":"https:\/\/api.w.org\/{rel}","templated":true}]}}