{"id":2923,"date":"2024-01-08T12:35:57","date_gmt":"2024-01-08T10:35:57","guid":{"rendered":"https:\/\/blogs.uef.fi\/tiedonhaku-kemia\/?page_id=2923"},"modified":"2024-01-17T09:19:36","modified_gmt":"2024-01-17T07:19:36","slug":"hakulauseen-kirjoittaminen","status":"publish","type":"page","link":"https:\/\/blogs.uef.fi\/tiedonhaku-kemia\/hakulauseet\/hakulauseen-kirjoittaminen\/","title":{"rendered":"Hakulauseen kirjoittaminen"},"content":{"rendered":"\n<p>Kun hakulause eli hakusanat ja niit\u00e4 yhdist\u00e4v\u00e4t operaattorit on mietitty, pit\u00e4\u00e4 hakulause sovittaa kuhunkin tietokantaan sopivaksi. Hakulauseen viimeistelee hakukenttien valinta: mist\u00e4 tietueen osista hakusanoja haetaan.<\/p>\n\n\n\n<h2 class=\"wp-block-heading\">Hakulogiikka tietokantojen k\u00e4ytt\u00f6liittymiss\u00e4<\/h2>\n\n\n\n<p>K\u00e4ytt\u00f6liittymi\u00e4 eli hakulomakkeita on tietokannoissa useampia, ja niiden nimitykset ja tarkemmat toimintatavat ovat tietokantakohtaisia. Perusidea on kuitenkin l\u00e4hes kaikissa samanlainen.<\/p>\n\n\n\n<ul class=\"wp-block-list\">\n<li><strong>SciFinder-tietokanta, joka on t\u00e4rkein hakukone kemian alalla, toimii eri tavoin kuin muut tietokannat!<\/strong> Siksi alla olevat periaatteet eiv\u00e4t sellaisenaan sovellu siihen. Katso tarkemmat ohjeet SciFinderin k\u00e4yt\u00f6st\u00e4 luvusta Artikkelien haku.<\/li>\n<\/ul>\n\n\n\n<p><strong>T\u00e4rkeit\u00e4 seikkoja hakulogiikan kannalta:<\/strong><\/p>\n\n\n\n<ul class=\"wp-block-list\">\n<li>hakulogiikka pit\u00e4\u00e4 osua kohdilleen: <strong>OR-operaatiot pit\u00e4\u00e4 suorittaa ensin<\/strong><\/li>\n\n\n\n<li>hakusanat pit\u00e4\u00e4 sijoittaa hakulomakkeelle siten, ett\u00e4 em. s\u00e4\u00e4nt\u00f6 toteutuu<\/li>\n<\/ul>\n\n\n\n<h3 class=\"wp-block-heading\">Pika- eli perushaku ei aina ole helpoin<\/h3>\n\n\n\n<p>Tutuin versio on pikahakuun viittaava \u201cyhden rivin\u201d hakulomake. Se muistuttaa ulkoisesti Google-hakua, mutta on kuitenkin erilainen!<\/p>\n\n\n\n<p>Pikahaku haku sopii kokeilevaan tiedonhakuun yhdell\u00e4 tai kahdella sanalla.<strong> <\/strong>Monimuotoisempiakin hakuja voi tehd\u00e4, mutta se vaatii huolellisuutta. <strong>\u00c4l\u00e4 k\u00e4yt\u00e4 luonnollista kielt\u00e4, vaan yksitt\u00e4isi\u00e4 termej\u00e4, jotka yhdistet\u00e4\u00e4n operaattorein.<\/strong> <\/p>\n\n\n\n<p>Jotta OR-operaatio toeutuisi ensin, pit\u00e4\u00e4 se kertoa hakuj\u00e4rjestelm\u00e4lle sijoittamalla OR-operaatio sulkujen sis\u00e4\u00e4n. Operaattorit ja sulut OR-operaation ymp\u00e4rille pit\u00e4\u00e4 kirjoittaa itse. Muista my\u00f6s katkaisumerkin k\u00e4ytt\u00f6 sek\u00e4 fraasin ymp\u00e4rille lainausmerkit.<\/p>\n\n\n\n<figure class=\"wp-block-image size-full\"><img loading=\"lazy\" decoding=\"async\" width=\"770\" height=\"83\" src=\"https:\/\/blogs.uef.fi\/tiedonhaku-kemia\/wp-content\/uploads\/sites\/177\/2022\/03\/KEM_basic.png\" alt=\"Kuvakaappaus. Hakuriville on kirjoitettu hakulause: (pollut* OR contamin*) AND &quot;wood preservation&quot; AND chemicals. OR-operaation ymp\u00e4rill\u00e4 on sulut. Fraasi on lainausmerkeiss\u00e4.\" class=\"wp-image-449\" srcset=\"https:\/\/blogs.uef.fi\/tiedonhaku-kemia\/wp-content\/uploads\/sites\/177\/2022\/03\/KEM_basic.png 770w, https:\/\/blogs.uef.fi\/tiedonhaku-kemia\/wp-content\/uploads\/sites\/177\/2022\/03\/KEM_basic-300x32.png 300w, https:\/\/blogs.uef.fi\/tiedonhaku-kemia\/wp-content\/uploads\/sites\/177\/2022\/03\/KEM_basic-768x83.png 768w\" sizes=\"auto, (max-width: 770px) 100vw, 770px\" \/><figcaption class=\"wp-element-caption\"><em>Esimerkki pikahausta.<\/em><\/figcaption><\/figure>\n\n\n\n<p>Jos sanojen v\u00e4liin ei kirjoita operaattoria tai k\u00e4yt\u00e4 lainausmerkkej\u00e4, on kyseess\u00e4 automaattisesti AND-operaatio.<\/p>\n\n\n\n<ul class=\"wp-block-list\">\n<li><em>\u201dwood preservation\u201d \u2260 wood preservation<\/em><\/li>\n\n\n\n<li><em>wood preservation = wood AND preservation<\/em><\/li>\n<\/ul>\n\n\n\n<p>My\u00f6s SciFinder-tietokannan perushaku toimii samaan tapaan.<\/p>\n\n\n\n<h3 class=\"wp-block-heading\">Tarkennettu haku ohjaa kirjoittamaan haun oikein<\/h3>\n\n\n\n<p>Vaikka tarkennetun haun hakulomake saattaa n\u00e4ytt\u00e4\u00e4 ty\u00f6l\u00e4\u00e4mm\u00e4lt\u00e4, se on itse asiassa n\u00e4pp\u00e4r\u00e4 apuv\u00e4line.<\/p>\n\n\n\n<p><strong>Ohjaaville\/tarkentaville hakulomakkeille on helpompi muodostaa loogisia hakuja<\/strong>, jos hakulause sis\u00e4lt\u00e4\u00e4 muitakin kuin AND-operaatioita. Operaattoreita ja hakukentti\u00e4 on helppo valita valmiista valikoista.<\/p>\n\n\n\n<p>Ohjaavillakin lomakkeilla voi sattua logiikkavirheit\u00e4. Varminta on kirjoittaa samaan k\u00e4sitteeseen viittaavat vaihtoehtoiset sanat <strong>(OR-operaatiot) aina samalle riville.<\/strong> Sanojen v\u00e4liin kirjoitetaan itse OR-sana. <strong>Rivien v\u00e4lill\u00e4 on AND-operaattori.<\/strong><\/p>\n\n\n\n<figure class=\"wp-block-image size-full\"><img loading=\"lazy\" decoding=\"async\" width=\"571\" height=\"323\" src=\"https:\/\/blogs.uef.fi\/tiedonhaku-kemia\/wp-content\/uploads\/sites\/177\/2022\/03\/KEM_adv.png\" alt=\"Kuvakaappaus hakulomakkeesta. Ylimm\u00e4ll\u00e4 rivill\u00e4 lukee hakusana: chemicals. Seuraavalla rivill\u00e4 lukee hakusanat: pollut* OR contamin*. Sit\u00e4 seuraavalla hakurivill\u00e4 lukee: \u201dwood preservation\u201d, joka on kirjoitettu lainausmerkkien sis\u00e4\u00e4n. Rivien v\u00e4lill\u00e4 on valittuna operaattori AND.\" class=\"wp-image-452\" srcset=\"https:\/\/blogs.uef.fi\/tiedonhaku-kemia\/wp-content\/uploads\/sites\/177\/2022\/03\/KEM_adv.png 571w, https:\/\/blogs.uef.fi\/tiedonhaku-kemia\/wp-content\/uploads\/sites\/177\/2022\/03\/KEM_adv-300x170.png 300w\" sizes=\"auto, (max-width: 571px) 100vw, 571px\" \/><figcaption class=\"wp-element-caption\"><em>Esimerkki tarkennetusta hausta.<\/em><\/figcaption><\/figure>\n\n\n\n<p><strong>SciFinder-tietokannassa<\/strong> Tarkennetu (Advanced) haku toimii osittain samoin: eri k\u00e4sitteet voi laittaa eri riveille. Suuri ero on se, ett\u00e4 OR-operaatiota ei voi kirjoittaa rivin sis\u00e4lle, vaan se kirjoitetaan rivien v\u00e4lille. Tarkennettua hakua tarvitaan SciFinderiss\u00e4 l\u00e4hinn\u00e4 siihen, ett\u00e4 sen avulla voi kohdistaa hakusanoja tiettyihin kenttiin.<\/p>\n\n\n\n<figure class=\"wp-block-image size-full\"><img loading=\"lazy\" decoding=\"async\" width=\"461\" height=\"355\" src=\"https:\/\/blogs.uef.fi\/tiedonhaku-kemia\/wp-content\/uploads\/sites\/177\/2024\/01\/KEM_sf_tarkennettu.png\" alt=\"Kuvakaappaus hakulomakkeesta. Ylimm\u00e4ll\u00e4 rivill\u00e4 lukee hakusana: &quot;wood preservation&quot;, joka on kirjoitettu lainausmerkkien sis\u00e4\u00e4n. . Seuraavalla rivill\u00e4 lukee hakusanat: pollut*, sit\u00e4 seuraavalla contamin*. Alimmalla hakurivill\u00e4 lukee: chemicals. Rivien v\u00e4lill\u00e4 on valittuna operaattori AND, paitsi pollut* ja contamin* rivien v\u00e4lill\u00e4 on OR.\" class=\"wp-image-3236\" srcset=\"https:\/\/blogs.uef.fi\/tiedonhaku-kemia\/wp-content\/uploads\/sites\/177\/2024\/01\/KEM_sf_tarkennettu.png 461w, https:\/\/blogs.uef.fi\/tiedonhaku-kemia\/wp-content\/uploads\/sites\/177\/2024\/01\/KEM_sf_tarkennettu-300x231.png 300w\" sizes=\"auto, (max-width: 461px) 100vw, 461px\" \/><figcaption class=\"wp-element-caption\"><em>SciFinder-tietokannan tarkennettu haku<\/em>.<\/figcaption><\/figure>\n\n\n\n<h4 class=\"wp-block-heading\">Yhteinen malli sopii l\u00e4hes kaikkiin tietokantoihin<\/h4>\n\n\n\n<p>Perusidea on siis aina sama palvelusta riippumatta (<strong>poislukien Scifinder<\/strong>).Kukin k\u00e4site kirjoitetaan omalle rivilleen, rivej\u00e4 tarvitaan yht\u00e4 monta kuin haussa on k\u00e4sitteit\u00e4. OR-operaattori sijoitetaan saman k\u00e4sitteen eri vaihtoehtoisten ilmaisujen v\u00e4lille. Rivien v\u00e4lill\u00e4 s\u00e4ilyy AND-operaattori.<\/p>\n\n\n\n<figure class=\"wp-block-image size-full\"><img loading=\"lazy\" decoding=\"async\" width=\"823\" height=\"447\" src=\"https:\/\/blogs.uef.fi\/tiedonhaku-kemia\/wp-content\/uploads\/sites\/177\/2023\/04\/tarkennettu_malli.png\" alt=\"Yleinen kuva tarkennetun haun mallista. Ylimm\u00e4ll\u00e4 rivill\u00e4 lukee: air OR atmospheric OR hygroscopic. Per\u00e4ss\u00e4 selitys: 1. k\u00e4site. Toisella rivill\u00e4 lukee: moisture OR humidity. Per\u00e4ss\u00e4 selitys: 2. k\u00e4site. Kolmannella rivill\u00e4 ei hakusanoja, mutta OR kirjoitettu osoittamaan tapaa esitt\u00e4\u00e4 mahdollisten sanojen yhdist\u00e4minen. Per\u00e4ss\u00e4 selite: n. k\u00e4site.\" class=\"wp-image-2432\" srcset=\"https:\/\/blogs.uef.fi\/tiedonhaku-kemia\/wp-content\/uploads\/sites\/177\/2023\/04\/tarkennettu_malli.png 823w, https:\/\/blogs.uef.fi\/tiedonhaku-kemia\/wp-content\/uploads\/sites\/177\/2023\/04\/tarkennettu_malli-300x163.png 300w, https:\/\/blogs.uef.fi\/tiedonhaku-kemia\/wp-content\/uploads\/sites\/177\/2023\/04\/tarkennettu_malli-768x417.png 768w\" sizes=\"auto, (max-width: 823px) 100vw, 823px\" \/><\/figure>\n\n\n\n<h2 class=\"wp-block-heading\">Hakukent\u00e4t auttavat tuloksen kohdentamisessa<\/h2>\n\n\n\n<p>Tietokannassa julkaisua kuvaava yksitt\u00e4inen tietue koostuu kentist\u00e4. <strong>Hakusanoja voi haussa kohdistaa erilaisiin kenttiin<\/strong> ja t\u00e4ll\u00e4 on vaikutusta sek\u00e4 tuloksen m\u00e4\u00e4r\u00e4\u00e4n ett\u00e4 aiheenmukaisuuteen.<\/p>\n\n\n\n<p>Mit\u00e4 v\u00e4hemm\u00e4n kentti\u00e4 on mukana haun piiriss\u00e4, sit\u00e4 v\u00e4hemm\u00e4n tulee tuloksia. Laajin tulos tulee silloin, kun mit\u00e4\u00e4n erityista kentt\u00e4\u00e4 ei valita, vaan sanan voi l\u00f6yty\u00e4 mist\u00e4 tahansa kent\u00e4st\u00e4 (<em>kaikki kent\u00e4t, all fields<\/em>).<\/p>\n\n\n\n<p>My\u00f6s itse kent\u00e4n ominaisuuksilla on vaikutusta tulosten m\u00e4\u00e4r\u00e4\u00e4n. Tyypillisesti asiasanat ja otsikko sis\u00e4lt\u00e4v\u00e4t v\u00e4hemm\u00e4n teksti\u00e4, jolloin my\u00f6s hakuosuman todenn\u00e4k\u00f6isyys on pienempi. T\u00e4ll\u00e4 on kuitenkin k\u00e4\u00e4nt\u00e4en positiivinen vaikutus tuloksen tarkkuuteen.<\/p>\n\n\n\n<figure class=\"wp-block-image size-large\"><img loading=\"lazy\" decoding=\"async\" width=\"1024\" height=\"336\" src=\"https:\/\/blogs.uef.fi\/tiedonhaku-kemia\/wp-content\/uploads\/sites\/177\/2022\/04\/KEM_kentat-1024x336.png\" alt=\"Teksti\u00e4 sek\u00e4 tulosm\u00e4\u00e4ri\u00e4 symboloivat kirjapinokuvat. Hakusanat ja niiden tulosm\u00e4\u00e4r\u00e4t allekkain. Vasemmalla sana: lignocellulose. Hakukentt\u00e4 Title: 2 468. Hakukentt\u00e4 Abstract: 8 074. Hakukentt\u00e4 Subject: 10 454. Hakukentt\u00e4 All fields: 56 075. Oikealla sana: \u201dside stream\u201d. Hakukentt\u00e4 Title: 459. Hakukentt\u00e4 Subject: 699. Hakukentt\u00e4 Abstract: 2 058. Hakukentt\u00e4 All fields: 6 822.\" class=\"wp-image-1062\" srcset=\"https:\/\/blogs.uef.fi\/tiedonhaku-kemia\/wp-content\/uploads\/sites\/177\/2022\/04\/KEM_kentat-1024x336.png 1024w, https:\/\/blogs.uef.fi\/tiedonhaku-kemia\/wp-content\/uploads\/sites\/177\/2022\/04\/KEM_kentat-300x98.png 300w, https:\/\/blogs.uef.fi\/tiedonhaku-kemia\/wp-content\/uploads\/sites\/177\/2022\/04\/KEM_kentat-768x252.png 768w, https:\/\/blogs.uef.fi\/tiedonhaku-kemia\/wp-content\/uploads\/sites\/177\/2022\/04\/KEM_kentat.png 1255w\" sizes=\"auto, (max-width: 1024px) 100vw, 1024px\" \/><figcaption class=\"wp-element-caption\"><em>Huomaa ett\u00e4 asiasanakent\u00e4st\u00e4 hakuun vaikuttaa paljon se, onko sana virallinen sanaston mukainen asiasana vai ei. &#8217;Lignocellulose &#8217;on virallinen asiasana, &#8221;side stream&#8221; ei ole. T\u00e4ss\u00e4 esimerkiss\u00e4 Subject-kentt\u00e4 on sis\u00e4lt\u00e4nyt muitakin aihetta kuvaavia sanoja kuin asiasanastojen sanat. T\u00e4llaisia ovat esimerkiksi kirjoittajan itsens\u00e4 julkaisulle antamat avainsanat.<\/em><\/figcaption><\/figure>\n\n\n\n<p><strong>Kirja- ja artikkelitietokannoissa kentti\u00e4 ovat<\/strong>:<\/p>\n\n\n\n<ul class=\"wp-block-list\">\n<li>otsikko = nimeke = title<\/li>\n\n\n\n<li>tekij\u00e4 = author<\/li>\n\n\n\n<li>asiasanat = aihe = subject = keyword = concept<\/li>\n\n\n\n<li>julkaisutiedot<\/li>\n<\/ul>\n\n\n\n<p><strong>Lis\u00e4ksi tietokannasta rippuen on tallennettu esimerkiksi seuraavia kentti\u00e4:<\/strong><\/p>\n\n\n\n<ul class=\"wp-block-list\">\n<li>tiivistelm\u00e4 = abstract<\/li>\n\n\n\n<li>sis\u00e4llysluettelo = contents<\/li>\n\n\n\n<li>l\u00e4hdeluettelo = references<\/li>\n\n\n\n<li>kokoteksti = julkaisu kokonaisuudessaan = full text<\/li>\n<\/ul>\n\n\n\n<h3 class=\"wp-block-heading\">Otsikko ja asiasanat kertovat olennaisimman<\/h3>\n\n\n\n<p>Otsikko- ja Asiasanakentist\u00e4 hakeminen aiheenmukaisessa haussa antaa kaikista <strong>tarkimman tuloksen<\/strong>. Kumpikin kentt\u00e4 sis\u00e4lt\u00e4\u00e4 sanoja, jotka ovat keskeisi\u00e4 my\u00f6s julkaisun sis\u00e4ll\u00f6ss\u00e4. Hakusanojen kohdistaminen n\u00e4ihin kenttiin on erityisen hy\u00f6dyllist\u00e4 silloin, kun haussa muutoin tulee paljon ja\/tai ep\u00e4tarkkoja tuloksia.<\/p>\n\n\n\n<h3 class=\"wp-block-heading\">Tiivistelm\u00e4 t\u00e4ydent\u00e4\u00e4<\/h3>\n\n\n\n<p>Tiivistelm\u00e4ss\u00e4 esiintyv\u00e4 sana <strong>voi olla keskeinen<\/strong> koko sis\u00e4ll\u00f6n kannalta tai sitten ei \u2013 paljon riippuu hakuaiheesta. T\u00e4ll\u00f6in useampien hakusanojen k\u00e4ytt\u00f6 auttaa tarkentamaan aihetta.<\/p>\n\n\n\n<h3 class=\"wp-block-heading\">Kokoteksti on todella laaja hakukohteena<\/h3>\n\n\n\n<p>Kokotekstist\u00e4 tai julkaisun kaikista tiedoista hakeminen on tarpeellista ainakin silloin, <strong>kun hakuaihe (ja -termi) on hyvin harvinainen.<\/strong><\/p>\n\n\n\n<h3 class=\"wp-block-heading\">Hakukenttien k\u00e4ytt\u00f6 tietokannoissa<\/h3>\n\n\n\n<p>Hakukent\u00e4n p\u00e4\u00e4see valitsemaan ainakin tarkennetussa haussa (<em>Advanced search<\/em>), joskus my\u00f6s perushaussa.<\/p>\n\n\n\n<figure class=\"wp-block-image size-full\"><img loading=\"lazy\" decoding=\"async\" width=\"1194\" height=\"357\" src=\"https:\/\/blogs.uef.fi\/tiedonhaku-kemia\/wp-content\/uploads\/sites\/177\/2024\/01\/KEM_hakukentat.png\" alt=\"UEF-Primon Perushakuun on kirjoitettu hakusana cataly*. Hakurivin alla on alasvetovalikko, josta Kaikki kent\u00e4t valinnan sijaan voi valita jonkin muun kent\u00e4n kohteeksi.\nToisessa kuvassa Tarkennettuun hakuun on kirjoitettu ensimm\u00e4iselle riville hakusanaksi cataly*. Hakurivin edest\u00e4 on valittu haun kohteeksi Nimeke\/Otsikko. Toisella rivill\u00e4 on hakusana: oxidation. Haun kohde on Kaikki kent\u00e4t. Rivit on yhdistetty toisiinsa AND-operaattorilla.\" class=\"wp-image-2932\" srcset=\"https:\/\/blogs.uef.fi\/tiedonhaku-kemia\/wp-content\/uploads\/sites\/177\/2024\/01\/KEM_hakukentat.png 1194w, https:\/\/blogs.uef.fi\/tiedonhaku-kemia\/wp-content\/uploads\/sites\/177\/2024\/01\/KEM_hakukentat-300x90.png 300w, https:\/\/blogs.uef.fi\/tiedonhaku-kemia\/wp-content\/uploads\/sites\/177\/2024\/01\/KEM_hakukentat-1024x306.png 1024w, https:\/\/blogs.uef.fi\/tiedonhaku-kemia\/wp-content\/uploads\/sites\/177\/2024\/01\/KEM_hakukentat-768x230.png 768w\" sizes=\"auto, (max-width: 1194px) 100vw, 1194px\" \/><figcaption class=\"wp-element-caption\"><em>UEF-Primossa on mahdollista valita kentt\u00e4 jo perushaussa (vasemmalla) ja rivikohtaisesti tarkennnetussa haussa (oikealla).<\/em><\/figcaption><\/figure>\n\n\n\n<p class=\"has-text-align-right\">Seuraava sivu: <a href=\"https:\/\/blogs.uef.fi\/tiedonhaku-kemia\/hakutapoja\/\">Hakutapoja<\/a><\/p>\n","protected":false},"excerpt":{"rendered":"<p>Kun hakulause eli hakusanat ja niit\u00e4 yhdist\u00e4v\u00e4t operaattorit on mietitty, pit\u00e4\u00e4 hakulause sovittaa kuhunkin tietokantaan sopivaksi. Hakulauseen viimeistelee hakukenttien valinta: mist\u00e4 tietueen osista hakusanoja haetaan. Hakulogiikka tietokantojen k\u00e4ytt\u00f6liittymiss\u00e4 K\u00e4ytt\u00f6liittymi\u00e4 eli hakulomakkeita on tietokannoissa useampia, ja niiden nimitykset ja tarkemmat toimintatavat ovat tietokantakohtaisia. Perusidea on kuitenkin l\u00e4hes kaikissa samanlainen. T\u00e4rkeit\u00e4 seikkoja hakulogiikan kannalta: Pika- eli perushaku [&hellip;]<\/p>\n","protected":false},"author":127,"featured_media":0,"parent":491,"menu_order":0,"comment_status":"closed","ping_status":"closed","template":"","meta":{"_acf_changed":false,"footnotes":""},"class_list":["post-2923","page","type-page","status-publish","hentry"],"acf":[],"yoast_head":"<!-- This site is optimized with the Yoast SEO plugin v27.1.1 - https:\/\/yoast.com\/product\/yoast-seo-wordpress\/ -->\n<title>Hakulauseen kirjoittaminen - Kemian tiedonhaku \/ UEF kirjasto<\/title>\n<meta name=\"robots\" content=\"index, follow, max-snippet:-1, max-image-preview:large, max-video-preview:-1\" \/>\n<link rel=\"canonical\" href=\"https:\/\/blogs.uef.fi\/tiedonhaku-kemia\/hakulauseet\/hakulauseen-kirjoittaminen\/\" \/>\n<meta property=\"og:locale\" content=\"fi_FI\" \/>\n<meta property=\"og:type\" content=\"article\" \/>\n<meta property=\"og:title\" content=\"Hakulauseen kirjoittaminen - Kemian tiedonhaku \/ UEF kirjasto\" \/>\n<meta property=\"og:description\" content=\"Kun hakulause eli hakusanat ja niit\u00e4 yhdist\u00e4v\u00e4t operaattorit on mietitty, pit\u00e4\u00e4 hakulause sovittaa kuhunkin tietokantaan sopivaksi. Hakulauseen viimeistelee hakukenttien valinta: mist\u00e4 tietueen osista hakusanoja haetaan. Hakulogiikka tietokantojen k\u00e4ytt\u00f6liittymiss\u00e4 K\u00e4ytt\u00f6liittymi\u00e4 eli hakulomakkeita on tietokannoissa useampia, ja niiden nimitykset ja tarkemmat toimintatavat ovat tietokantakohtaisia. Perusidea on kuitenkin l\u00e4hes kaikissa samanlainen. T\u00e4rkeit\u00e4 seikkoja hakulogiikan kannalta: Pika- eli perushaku [&hellip;]\" \/>\n<meta property=\"og:url\" content=\"https:\/\/blogs.uef.fi\/tiedonhaku-kemia\/hakulauseet\/hakulauseen-kirjoittaminen\/\" \/>\n<meta property=\"og:site_name\" content=\"Kemian tiedonhaku \/ UEF kirjasto\" \/>\n<meta property=\"article:modified_time\" content=\"2024-01-17T07:19:36+00:00\" \/>\n<meta property=\"og:image\" content=\"https:\/\/blogs.uef.fi\/tiedonhaku-kemia\/wp-content\/uploads\/sites\/177\/2022\/03\/KEM_basic.png\" \/>\n<meta name=\"twitter:card\" content=\"summary_large_image\" \/>\n<meta name=\"twitter:label1\" content=\"Arvioitu lukuaika\" \/>\n\t<meta name=\"twitter:data1\" content=\"6 minuuttia\" \/>\n<script type=\"application\/ld+json\" class=\"yoast-schema-graph\">{\"@context\":\"https:\/\/schema.org\",\"@graph\":[{\"@type\":\"WebPage\",\"@id\":\"https:\/\/blogs.uef.fi\/tiedonhaku-kemia\/hakulauseet\/hakulauseen-kirjoittaminen\/\",\"url\":\"https:\/\/blogs.uef.fi\/tiedonhaku-kemia\/hakulauseet\/hakulauseen-kirjoittaminen\/\",\"name\":\"Hakulauseen kirjoittaminen - Kemian tiedonhaku \/ UEF kirjasto\",\"isPartOf\":{\"@id\":\"https:\/\/blogs.uef.fi\/tiedonhaku-kemia\/#website\"},\"primaryImageOfPage\":{\"@id\":\"https:\/\/blogs.uef.fi\/tiedonhaku-kemia\/hakulauseet\/hakulauseen-kirjoittaminen\/#primaryimage\"},\"image\":{\"@id\":\"https:\/\/blogs.uef.fi\/tiedonhaku-kemia\/hakulauseet\/hakulauseen-kirjoittaminen\/#primaryimage\"},\"thumbnailUrl\":\"https:\/\/blogs.uef.fi\/tiedonhaku-kemia\/wp-content\/uploads\/sites\/177\/2022\/03\/KEM_basic.png\",\"datePublished\":\"2024-01-08T10:35:57+00:00\",\"dateModified\":\"2024-01-17T07:19:36+00:00\",\"breadcrumb\":{\"@id\":\"https:\/\/blogs.uef.fi\/tiedonhaku-kemia\/hakulauseet\/hakulauseen-kirjoittaminen\/#breadcrumb\"},\"inLanguage\":\"fi\",\"potentialAction\":[{\"@type\":\"ReadAction\",\"target\":[\"https:\/\/blogs.uef.fi\/tiedonhaku-kemia\/hakulauseet\/hakulauseen-kirjoittaminen\/\"]}]},{\"@type\":\"ImageObject\",\"inLanguage\":\"fi\",\"@id\":\"https:\/\/blogs.uef.fi\/tiedonhaku-kemia\/hakulauseet\/hakulauseen-kirjoittaminen\/#primaryimage\",\"url\":\"https:\/\/blogs.uef.fi\/tiedonhaku-kemia\/wp-content\/uploads\/sites\/177\/2022\/03\/KEM_basic.png\",\"contentUrl\":\"https:\/\/blogs.uef.fi\/tiedonhaku-kemia\/wp-content\/uploads\/sites\/177\/2022\/03\/KEM_basic.png\",\"width\":770,\"height\":83},{\"@type\":\"BreadcrumbList\",\"@id\":\"https:\/\/blogs.uef.fi\/tiedonhaku-kemia\/hakulauseet\/hakulauseen-kirjoittaminen\/#breadcrumb\",\"itemListElement\":[{\"@type\":\"ListItem\",\"position\":1,\"name\":\"Home\",\"item\":\"https:\/\/blogs.uef.fi\/tiedonhaku-kemia\/\"},{\"@type\":\"ListItem\",\"position\":2,\"name\":\"Hakulauseet\",\"item\":\"https:\/\/blogs.uef.fi\/tiedonhaku-kemia\/hakulauseet\/\"},{\"@type\":\"ListItem\",\"position\":3,\"name\":\"Hakulauseen kirjoittaminen\"}]},{\"@type\":\"WebSite\",\"@id\":\"https:\/\/blogs.uef.fi\/tiedonhaku-kemia\/#website\",\"url\":\"https:\/\/blogs.uef.fi\/tiedonhaku-kemia\/\",\"name\":\"Kemian tiedonhaku \/ UEF kirjasto\",\"description\":\"Kemian tiedonhaku on kattava oppimateriaali tiedonhakuun kemisteille. Se sis\u00e4lt\u00e4\u00e4 yleiset tiedonhaun tekniikat sek\u00e4 kemian alan tiedonl\u00e4hteet ohjeineen ja esimerkkihakuineen.\",\"potentialAction\":[{\"@type\":\"SearchAction\",\"target\":{\"@type\":\"EntryPoint\",\"urlTemplate\":\"https:\/\/blogs.uef.fi\/tiedonhaku-kemia\/?s={search_term_string}\"},\"query-input\":{\"@type\":\"PropertyValueSpecification\",\"valueRequired\":true,\"valueName\":\"search_term_string\"}}],\"inLanguage\":\"fi\"}]}<\/script>\n<!-- \/ Yoast SEO plugin. -->","yoast_head_json":{"title":"Hakulauseen kirjoittaminen - Kemian tiedonhaku \/ UEF kirjasto","robots":{"index":"index","follow":"follow","max-snippet":"max-snippet:-1","max-image-preview":"max-image-preview:large","max-video-preview":"max-video-preview:-1"},"canonical":"https:\/\/blogs.uef.fi\/tiedonhaku-kemia\/hakulauseet\/hakulauseen-kirjoittaminen\/","og_locale":"fi_FI","og_type":"article","og_title":"Hakulauseen kirjoittaminen - Kemian tiedonhaku \/ UEF kirjasto","og_description":"Kun hakulause eli hakusanat ja niit\u00e4 yhdist\u00e4v\u00e4t operaattorit on mietitty, pit\u00e4\u00e4 hakulause sovittaa kuhunkin tietokantaan sopivaksi. Hakulauseen viimeistelee hakukenttien valinta: mist\u00e4 tietueen osista hakusanoja haetaan. Hakulogiikka tietokantojen k\u00e4ytt\u00f6liittymiss\u00e4 K\u00e4ytt\u00f6liittymi\u00e4 eli hakulomakkeita on tietokannoissa useampia, ja niiden nimitykset ja tarkemmat toimintatavat ovat tietokantakohtaisia. Perusidea on kuitenkin l\u00e4hes kaikissa samanlainen. T\u00e4rkeit\u00e4 seikkoja hakulogiikan kannalta: Pika- eli perushaku [&hellip;]","og_url":"https:\/\/blogs.uef.fi\/tiedonhaku-kemia\/hakulauseet\/hakulauseen-kirjoittaminen\/","og_site_name":"Kemian tiedonhaku \/ UEF kirjasto","article_modified_time":"2024-01-17T07:19:36+00:00","og_image":[{"url":"https:\/\/blogs.uef.fi\/tiedonhaku-kemia\/wp-content\/uploads\/sites\/177\/2022\/03\/KEM_basic.png","type":"","width":"","height":""}],"twitter_card":"summary_large_image","twitter_misc":{"Arvioitu lukuaika":"6 minuuttia"},"schema":{"@context":"https:\/\/schema.org","@graph":[{"@type":"WebPage","@id":"https:\/\/blogs.uef.fi\/tiedonhaku-kemia\/hakulauseet\/hakulauseen-kirjoittaminen\/","url":"https:\/\/blogs.uef.fi\/tiedonhaku-kemia\/hakulauseet\/hakulauseen-kirjoittaminen\/","name":"Hakulauseen kirjoittaminen - Kemian tiedonhaku \/ UEF kirjasto","isPartOf":{"@id":"https:\/\/blogs.uef.fi\/tiedonhaku-kemia\/#website"},"primaryImageOfPage":{"@id":"https:\/\/blogs.uef.fi\/tiedonhaku-kemia\/hakulauseet\/hakulauseen-kirjoittaminen\/#primaryimage"},"image":{"@id":"https:\/\/blogs.uef.fi\/tiedonhaku-kemia\/hakulauseet\/hakulauseen-kirjoittaminen\/#primaryimage"},"thumbnailUrl":"https:\/\/blogs.uef.fi\/tiedonhaku-kemia\/wp-content\/uploads\/sites\/177\/2022\/03\/KEM_basic.png","datePublished":"2024-01-08T10:35:57+00:00","dateModified":"2024-01-17T07:19:36+00:00","breadcrumb":{"@id":"https:\/\/blogs.uef.fi\/tiedonhaku-kemia\/hakulauseet\/hakulauseen-kirjoittaminen\/#breadcrumb"},"inLanguage":"fi","potentialAction":[{"@type":"ReadAction","target":["https:\/\/blogs.uef.fi\/tiedonhaku-kemia\/hakulauseet\/hakulauseen-kirjoittaminen\/"]}]},{"@type":"ImageObject","inLanguage":"fi","@id":"https:\/\/blogs.uef.fi\/tiedonhaku-kemia\/hakulauseet\/hakulauseen-kirjoittaminen\/#primaryimage","url":"https:\/\/blogs.uef.fi\/tiedonhaku-kemia\/wp-content\/uploads\/sites\/177\/2022\/03\/KEM_basic.png","contentUrl":"https:\/\/blogs.uef.fi\/tiedonhaku-kemia\/wp-content\/uploads\/sites\/177\/2022\/03\/KEM_basic.png","width":770,"height":83},{"@type":"BreadcrumbList","@id":"https:\/\/blogs.uef.fi\/tiedonhaku-kemia\/hakulauseet\/hakulauseen-kirjoittaminen\/#breadcrumb","itemListElement":[{"@type":"ListItem","position":1,"name":"Home","item":"https:\/\/blogs.uef.fi\/tiedonhaku-kemia\/"},{"@type":"ListItem","position":2,"name":"Hakulauseet","item":"https:\/\/blogs.uef.fi\/tiedonhaku-kemia\/hakulauseet\/"},{"@type":"ListItem","position":3,"name":"Hakulauseen kirjoittaminen"}]},{"@type":"WebSite","@id":"https:\/\/blogs.uef.fi\/tiedonhaku-kemia\/#website","url":"https:\/\/blogs.uef.fi\/tiedonhaku-kemia\/","name":"Kemian tiedonhaku \/ UEF kirjasto","description":"Kemian tiedonhaku on kattava oppimateriaali tiedonhakuun kemisteille. Se sis\u00e4lt\u00e4\u00e4 yleiset tiedonhaun tekniikat sek\u00e4 kemian alan tiedonl\u00e4hteet ohjeineen ja esimerkkihakuineen.","potentialAction":[{"@type":"SearchAction","target":{"@type":"EntryPoint","urlTemplate":"https:\/\/blogs.uef.fi\/tiedonhaku-kemia\/?s={search_term_string}"},"query-input":{"@type":"PropertyValueSpecification","valueRequired":true,"valueName":"search_term_string"}}],"inLanguage":"fi"}]}},"_links":{"self":[{"href":"https:\/\/blogs.uef.fi\/tiedonhaku-kemia\/wp-json\/wp\/v2\/pages\/2923","targetHints":{"allow":["GET"]}}],"collection":[{"href":"https:\/\/blogs.uef.fi\/tiedonhaku-kemia\/wp-json\/wp\/v2\/pages"}],"about":[{"href":"https:\/\/blogs.uef.fi\/tiedonhaku-kemia\/wp-json\/wp\/v2\/types\/page"}],"author":[{"embeddable":true,"href":"https:\/\/blogs.uef.fi\/tiedonhaku-kemia\/wp-json\/wp\/v2\/users\/127"}],"replies":[{"embeddable":true,"href":"https:\/\/blogs.uef.fi\/tiedonhaku-kemia\/wp-json\/wp\/v2\/comments?post=2923"}],"version-history":[{"count":1,"href":"https:\/\/blogs.uef.fi\/tiedonhaku-kemia\/wp-json\/wp\/v2\/pages\/2923\/revisions"}],"predecessor-version":[{"id":3239,"href":"https:\/\/blogs.uef.fi\/tiedonhaku-kemia\/wp-json\/wp\/v2\/pages\/2923\/revisions\/3239"}],"up":[{"embeddable":true,"href":"https:\/\/blogs.uef.fi\/tiedonhaku-kemia\/wp-json\/wp\/v2\/pages\/491"}],"wp:attachment":[{"href":"https:\/\/blogs.uef.fi\/tiedonhaku-kemia\/wp-json\/wp\/v2\/media?parent=2923"}],"curies":[{"name":"wp","href":"https:\/\/api.w.org\/{rel}","templated":true}]}}