{"id":284,"date":"2022-03-16T10:24:39","date_gmt":"2022-03-16T08:24:39","guid":{"rendered":"https:\/\/blogs.uef.fi\/tiedonhaku-kemia\/?page_id=284"},"modified":"2023-04-06T10:19:12","modified_gmt":"2023-04-06T08:19:12","slug":"asiasanastot","status":"publish","type":"page","link":"https:\/\/blogs.uef.fi\/tiedonhaku-kemia\/asiasanastot\/","title":{"rendered":"Asiasanastot"},"content":{"rendered":"\n<p style=\"font-size:18px\">Asiasanastot (englanniksi usein Thesaurus) ovat luetteloita k\u00e4ytett\u00e4vist\u00e4 asiasanoista. Asiasanastoissa my\u00f6s m\u00e4\u00e4ritell\u00e4\u00e4n termit ja kuvataan niiden v\u00e4lisi\u00e4 suhteita: <em>assosiatiiviset k\u00e4sitteet<\/em> (related), <em>yl\u00e4k\u00e4sitteet <\/em>(broader) ja <em>alak\u00e4sitteet<\/em> (narrower).<\/p>\n\n\n\n<h2 class=\"wp-block-heading\">Asiasanastot auttavat hakusanojen valinnassa<\/h2>\n\n\n\n<p>Asiasanastoista:<\/p>\n\n\n\n<ul class=\"wp-block-list\">\n<li>etsit\u00e4\u00e4n <strong>oikeat hakusanat<\/strong> asiasanahakua varten<\/li>\n\n\n\n<li>haetaan <strong>vinkkej\u00e4<\/strong> hakusanoiksi ylip\u00e4\u00e4t\u00e4\u00e4n; my\u00f6s rinnakkaiset ja yl\u00e4- ja alak\u00e4sitteet voivat olla hy\u00f6dyllisi\u00e4<\/li>\n<\/ul>\n\n\n\n<div class=\"wp-block-columns has-background is-layout-flex wp-container-core-columns-is-layout-9d6595d7 wp-block-columns-is-layout-flex\" style=\"background-color:#fdffcf\">\n<div class=\"wp-block-column is-layout-flow wp-block-column-is-layout-flow\">\n<p>Vaikka ei k\u00e4ytt\u00e4isik\u00e4\u00e4n varsinaista asiasanastoa apuna, kannattaa silti seurata tietokannnoissa l\u00f6yt\u00e4miesi julkaisujen tietoihin tallennettuja asiasanoja. Sielt\u00e4 n\u00e4et helposti hyvi\u00e4 hakusanoja, joita voit k\u00e4ytt\u00e4\u00e4 haussasi.<\/p>\n<\/div>\n\n\n\n<div class=\"wp-block-column is-layout-flow wp-block-column-is-layout-flow\">\n<figure class=\"wp-block-image size-full\"><img loading=\"lazy\" decoding=\"async\" width=\"682\" height=\"133\" src=\"https:\/\/blogs.uef.fi\/tiedonhaku-kemia\/wp-content\/uploads\/sites\/177\/2022\/04\/KEM_asiasanat_LCSH.png\" alt=\"Kuvakaappaus kirjan asiasanoista eli aiheista. Sanat ovat: climatic changes, environmental aspects, hydrologic cycle, global temperature changes, atmospheric chemistry.\" class=\"wp-image-1244\" srcset=\"https:\/\/blogs.uef.fi\/tiedonhaku-kemia\/wp-content\/uploads\/sites\/177\/2022\/04\/KEM_asiasanat_LCSH.png 682w, https:\/\/blogs.uef.fi\/tiedonhaku-kemia\/wp-content\/uploads\/sites\/177\/2022\/04\/KEM_asiasanat_LCSH-300x59.png 300w\" sizes=\"auto, (max-width: 682px) 100vw, 682px\" \/><figcaption class=\"wp-element-caption\">Esimerkiksi \u201dclimate change\u201d -termille l\u00f6ytyy asiasanavastine \u201dclimatic changes\u201d UEF-Primossa.<\/figcaption><\/figure>\n<\/div>\n<\/div>\n\n\n\n<h3 class=\"wp-block-heading\">CAS Lexicon<\/h3>\n\n\n\n<p>Kemian alan t\u00e4rkein tietokanta, SciFinder-n, k\u00e4ytt\u00e4\u00e4 omaa asiasanastoa, CAS Lexicon. CAS Lexicon on tavallista asiasanastoa laajempi k\u00e4sitteist\u00f6, joka toimii kiinte\u00e4sti osana tietokannassa teht\u00e4vi\u00e4 hakuja: j\u00e4rjestelm\u00e4 linkitt\u00e4\u00e4 hakuun automatomaattisesti tiettyyn termiin (nimitys SciFindersiss\u00e4 &#8217;Concept&#8217;) liittyv\u00e4t l\u00e4heiset muut termit. <\/p>\n\n\n\n<p>CAS Lexiconia voi selata SciFinder-tietokannan sis\u00e4ll\u00e4 ja sen avulla voi my\u00f6s muodostaa suoraan hakulauseita.<\/p>\n\n\n\n<p>Kun alat kirjoittaa hakusanaa, CAS Lexicon ehdottaa sopivia termej\u00e4, joista voit valita haluamasi.<\/p>\n\n\n\n<h3 class=\"wp-block-heading\">Yleinen suomalainen ontologia YSO<\/h3>\n\n\n\n<p>Yleinen Suomalainen Ontologia (YSO) on Suomessa k\u00e4ytett\u00e4v\u00e4 asiasanasto. YSOa k\u00e4ytet\u00e4\u00e4n sek\u00e4 UEF-Primon tietueissa ett\u00e4 kansallisessa Finnassa.<\/p>\n\n\n\n<p>YSO kattaa kaikkien tieteen- ja tiedonalojen keskeisimm\u00e4n terminologian. Kemian ja muiden luonnontieteiden kattavuus on kuitenkin ohuempi kuin muilla aloilla.<\/p>\n\n\n\n<p>Termeille saa my\u00f6s englannin- ja ruotsinkielisen vastineen.<\/p>\n\n\n\n<figure class=\"wp-block-image size-large is-resized\"><img loading=\"lazy\" decoding=\"async\" src=\"https:\/\/blogs.uef.fi\/tiedonhaku-kemia\/wp-content\/uploads\/sites\/177\/2022\/04\/KEM_yso-1024x462.png\" alt=\"Kuvakaappaus YSOsta. Oikealla ylh\u00e4\u00e4ll\u00e4 on hakuruutu. Sivun vasen laita esitt\u00e4\u00e4 sanan paikan k\u00e4sitehierarkiassa. Sivun oikea laita kertoo tiedot haetusta termist\u00e4, joka kuvassa on fotokatalyysi.\" class=\"wp-image-1247\" width=\"768\" height=\"346\" srcset=\"https:\/\/blogs.uef.fi\/tiedonhaku-kemia\/wp-content\/uploads\/sites\/177\/2022\/04\/KEM_yso-1024x462.png 1024w, https:\/\/blogs.uef.fi\/tiedonhaku-kemia\/wp-content\/uploads\/sites\/177\/2022\/04\/KEM_yso-300x135.png 300w, https:\/\/blogs.uef.fi\/tiedonhaku-kemia\/wp-content\/uploads\/sites\/177\/2022\/04\/KEM_yso-768x347.png 768w, https:\/\/blogs.uef.fi\/tiedonhaku-kemia\/wp-content\/uploads\/sites\/177\/2022\/04\/KEM_yso.png 1511w\" sizes=\"auto, (max-width: 768px) 100vw, 768px\" \/><figcaption class=\"wp-element-caption\">YSOsta voi hakea yksitt\u00e4ist\u00e4 sanaa oikealta ylh\u00e4\u00e4lt\u00e4.<\/figcaption><\/figure>\n\n\n\n<p class=\"has-background\" style=\"background-color:#fdffcf\">Asiasanastoa voi k\u00e4ytt\u00e4\u00e4 apuna my\u00f6s hakusanojen ideointivaiheessa, vaikka tekisikin haut vapaasanahakuina. Sielt\u00e4 voi l\u00f6yty\u00e4 vihjeit\u00e4 hakusanoiksi sek\u00e4 k\u00e4\u00e4nn\u00f6ksi\u00e4 sanoista.<\/p>\n\n\n\n<h2 class=\"wp-block-heading\">YSOn k\u00e4ytt\u00f6ohje<\/h2>\n\n\n\n<p><strong>K\u00c4YTETT\u00c4V\u00c4 TERMI<\/strong> kertoo sanaston hyv\u00e4ksym\u00e4n asiasanan tietylle k\u00e4sitteelle. <strong>OHJAUSTERMIT <\/strong>(kuvassa <em>valokatalyysi)<\/em> kertovat, mik\u00e4 sanan sijasta asiasanaa k\u00e4ytet\u00e4\u00e4n. Ohjaustermi\u00e4 ei siis voi tallentaa tietokantaan asiasanaksi (aihe) eik\u00e4 k\u00e4ytt\u00e4\u00e4 asiasanahaussa, mutta sit\u00e4 voi hyvin k\u00e4ytt\u00e4\u00e4 vapaasanahaussa.<\/p>\n\n\n\n<p><strong>Kemiaan<\/strong> liittyvi\u00e4 sanoja voi selata klikkaamalla YSO:n etusivulla ensin linkki\u00e4 \u2019Ryhm\u00e4t\u2019 (yll\u00e4 olevassa kuvassa vasemmalla ylh\u00e4\u00e4ll\u00e4) ja sitten kohtaa &#8217;09 Kemia&#8217;.<\/p>\n\n\n\n<p>Asiasanastot el\u00e4v\u00e4t jatkuvasti: tapa asiasanoittaa tietty asia on voinut muuttua vuosien kuluessa, esimerkiksi <em>&#8217;kryoelektronimikroskopia&#8217;<\/em> tuli asiasanaksi vuonna 2021<br>sit\u00e4 ennen asiasanana saattoi olla laajempi termi <em>&#8217;elektronimikrosopia&#8217;<\/em>, ehk\u00e4 t\u00e4ydennettyn\u00e4 asiasanalla <em>&#8217;kylm\u00e4tekniikka&#8217;<\/em>.<\/p>\n\n\n\n<h2 class=\"wp-block-heading\">Ent\u00e4 jos omalle aiheelle ei l\u00f6ydy sanastosta asiasanaa?<\/h2>\n\n\n\n<p>T\u00e4m\u00e4 on hyvin tavallista, varsinkin hyvin tarkkojen tai uusien termien kohdalla.<\/p>\n\n\n\n<p class=\"has-background\" style=\"background-color:#fdffcf\">Mill\u00e4 tahansa sanalla voi hakea sanahakuna\/vapaatekstihakuna.<\/p>\n\n\n\n<p><strong>Eri tietokannoissa erilainen asiasanapolitiikka.<\/strong> Scopus-tietokantaan tallentuu asiasanoja useista eri sanastoista. Sen sijaan Web of Science \u2013tietokannassa ei ole k\u00e4yt\u00f6ss\u00e4 mit\u00e4\u00e4n m\u00e4\u00e4ritelty\u00e4 sanastoa. <\/p>\n","protected":false},"excerpt":{"rendered":"<p>Asiasanastot (englanniksi usein Thesaurus) ovat luetteloita k\u00e4ytett\u00e4vist\u00e4 asiasanoista. Asiasanastoissa my\u00f6s m\u00e4\u00e4ritell\u00e4\u00e4n termit ja kuvataan niiden v\u00e4lisi\u00e4 suhteita: assosiatiiviset k\u00e4sitteet (related), yl\u00e4k\u00e4sitteet (broader) ja alak\u00e4sitteet (narrower). Asiasanastot auttavat hakusanojen valinnassa Asiasanastoista: Vaikka ei k\u00e4ytt\u00e4isik\u00e4\u00e4n varsinaista asiasanastoa apuna, kannattaa silti seurata tietokannnoissa l\u00f6yt\u00e4miesi julkaisujen tietoihin tallennettuja asiasanoja. Sielt\u00e4 n\u00e4et helposti hyvi\u00e4 hakusanoja, joita voit k\u00e4ytt\u00e4\u00e4 haussasi. CAS [&hellip;]<\/p>\n","protected":false},"author":127,"featured_media":0,"parent":0,"menu_order":0,"comment_status":"closed","ping_status":"closed","template":"","meta":{"_acf_changed":false,"footnotes":""},"class_list":["post-284","page","type-page","status-publish","hentry"],"acf":[],"yoast_head":"<!-- This site is optimized with the Yoast SEO plugin v27.3 - https:\/\/yoast.com\/product\/yoast-seo-wordpress\/ -->\n<title>Asiasanastot - Kemian tiedonhaku \/ UEF kirjasto<\/title>\n<meta name=\"robots\" content=\"index, follow, max-snippet:-1, max-image-preview:large, max-video-preview:-1\" \/>\n<link rel=\"canonical\" href=\"https:\/\/blogs.uef.fi\/tiedonhaku-kemia\/asiasanastot\/\" \/>\n<meta property=\"og:locale\" content=\"fi_FI\" \/>\n<meta property=\"og:type\" content=\"article\" \/>\n<meta property=\"og:title\" content=\"Asiasanastot - Kemian tiedonhaku \/ UEF kirjasto\" \/>\n<meta property=\"og:description\" content=\"Asiasanastot (englanniksi usein Thesaurus) ovat luetteloita k\u00e4ytett\u00e4vist\u00e4 asiasanoista. Asiasanastoissa my\u00f6s m\u00e4\u00e4ritell\u00e4\u00e4n termit ja kuvataan niiden v\u00e4lisi\u00e4 suhteita: assosiatiiviset k\u00e4sitteet (related), yl\u00e4k\u00e4sitteet (broader) ja alak\u00e4sitteet (narrower). Asiasanastot auttavat hakusanojen valinnassa Asiasanastoista: Vaikka ei k\u00e4ytt\u00e4isik\u00e4\u00e4n varsinaista asiasanastoa apuna, kannattaa silti seurata tietokannnoissa l\u00f6yt\u00e4miesi julkaisujen tietoihin tallennettuja asiasanoja. Sielt\u00e4 n\u00e4et helposti hyvi\u00e4 hakusanoja, joita voit k\u00e4ytt\u00e4\u00e4 haussasi. CAS [&hellip;]\" \/>\n<meta property=\"og:url\" content=\"https:\/\/blogs.uef.fi\/tiedonhaku-kemia\/asiasanastot\/\" \/>\n<meta property=\"og:site_name\" content=\"Kemian tiedonhaku \/ UEF kirjasto\" \/>\n<meta property=\"article:modified_time\" content=\"2023-04-06T08:19:12+00:00\" \/>\n<meta property=\"og:image\" content=\"https:\/\/blogs.uef.fi\/tiedonhaku-kemia\/wp-content\/uploads\/sites\/177\/2022\/04\/KEM_asiasanat_LCSH.png\" \/>\n<meta name=\"twitter:card\" content=\"summary_large_image\" \/>\n<meta name=\"twitter:label1\" content=\"Arvioitu lukuaika\" \/>\n\t<meta name=\"twitter:data1\" content=\"3 minuuttia\" \/>\n<script type=\"application\/ld+json\" class=\"yoast-schema-graph\">{\"@context\":\"https:\\\/\\\/schema.org\",\"@graph\":[{\"@type\":\"WebPage\",\"@id\":\"https:\\\/\\\/blogs.uef.fi\\\/tiedonhaku-kemia\\\/asiasanastot\\\/\",\"url\":\"https:\\\/\\\/blogs.uef.fi\\\/tiedonhaku-kemia\\\/asiasanastot\\\/\",\"name\":\"Asiasanastot - Kemian tiedonhaku \\\/ UEF kirjasto\",\"isPartOf\":{\"@id\":\"https:\\\/\\\/blogs.uef.fi\\\/tiedonhaku-kemia\\\/#website\"},\"primaryImageOfPage\":{\"@id\":\"https:\\\/\\\/blogs.uef.fi\\\/tiedonhaku-kemia\\\/asiasanastot\\\/#primaryimage\"},\"image\":{\"@id\":\"https:\\\/\\\/blogs.uef.fi\\\/tiedonhaku-kemia\\\/asiasanastot\\\/#primaryimage\"},\"thumbnailUrl\":\"https:\\\/\\\/blogs.uef.fi\\\/tiedonhaku-kemia\\\/wp-content\\\/uploads\\\/sites\\\/177\\\/2022\\\/04\\\/KEM_asiasanat_LCSH.png\",\"datePublished\":\"2022-03-16T08:24:39+00:00\",\"dateModified\":\"2023-04-06T08:19:12+00:00\",\"breadcrumb\":{\"@id\":\"https:\\\/\\\/blogs.uef.fi\\\/tiedonhaku-kemia\\\/asiasanastot\\\/#breadcrumb\"},\"inLanguage\":\"fi\",\"potentialAction\":[{\"@type\":\"ReadAction\",\"target\":[\"https:\\\/\\\/blogs.uef.fi\\\/tiedonhaku-kemia\\\/asiasanastot\\\/\"]}]},{\"@type\":\"ImageObject\",\"inLanguage\":\"fi\",\"@id\":\"https:\\\/\\\/blogs.uef.fi\\\/tiedonhaku-kemia\\\/asiasanastot\\\/#primaryimage\",\"url\":\"https:\\\/\\\/blogs.uef.fi\\\/tiedonhaku-kemia\\\/wp-content\\\/uploads\\\/sites\\\/177\\\/2022\\\/04\\\/KEM_asiasanat_LCSH.png\",\"contentUrl\":\"https:\\\/\\\/blogs.uef.fi\\\/tiedonhaku-kemia\\\/wp-content\\\/uploads\\\/sites\\\/177\\\/2022\\\/04\\\/KEM_asiasanat_LCSH.png\",\"width\":682,\"height\":133},{\"@type\":\"BreadcrumbList\",\"@id\":\"https:\\\/\\\/blogs.uef.fi\\\/tiedonhaku-kemia\\\/asiasanastot\\\/#breadcrumb\",\"itemListElement\":[{\"@type\":\"ListItem\",\"position\":1,\"name\":\"Home\",\"item\":\"https:\\\/\\\/blogs.uef.fi\\\/tiedonhaku-kemia\\\/\"},{\"@type\":\"ListItem\",\"position\":2,\"name\":\"Asiasanastot\"}]},{\"@type\":\"WebSite\",\"@id\":\"https:\\\/\\\/blogs.uef.fi\\\/tiedonhaku-kemia\\\/#website\",\"url\":\"https:\\\/\\\/blogs.uef.fi\\\/tiedonhaku-kemia\\\/\",\"name\":\"Kemian tiedonhaku \\\/ UEF kirjasto\",\"description\":\"Kemian tiedonhaku on kattava oppimateriaali tiedonhakuun kemisteille. Se sis\u00e4lt\u00e4\u00e4 yleiset tiedonhaun tekniikat sek\u00e4 kemian alan tiedonl\u00e4hteet ohjeineen ja esimerkkihakuineen.\",\"potentialAction\":[{\"@type\":\"SearchAction\",\"target\":{\"@type\":\"EntryPoint\",\"urlTemplate\":\"https:\\\/\\\/blogs.uef.fi\\\/tiedonhaku-kemia\\\/?s={search_term_string}\"},\"query-input\":{\"@type\":\"PropertyValueSpecification\",\"valueRequired\":true,\"valueName\":\"search_term_string\"}}],\"inLanguage\":\"fi\"}]}<\/script>\n<!-- \/ Yoast SEO plugin. -->","yoast_head_json":{"title":"Asiasanastot - Kemian tiedonhaku \/ UEF kirjasto","robots":{"index":"index","follow":"follow","max-snippet":"max-snippet:-1","max-image-preview":"max-image-preview:large","max-video-preview":"max-video-preview:-1"},"canonical":"https:\/\/blogs.uef.fi\/tiedonhaku-kemia\/asiasanastot\/","og_locale":"fi_FI","og_type":"article","og_title":"Asiasanastot - Kemian tiedonhaku \/ UEF kirjasto","og_description":"Asiasanastot (englanniksi usein Thesaurus) ovat luetteloita k\u00e4ytett\u00e4vist\u00e4 asiasanoista. Asiasanastoissa my\u00f6s m\u00e4\u00e4ritell\u00e4\u00e4n termit ja kuvataan niiden v\u00e4lisi\u00e4 suhteita: assosiatiiviset k\u00e4sitteet (related), yl\u00e4k\u00e4sitteet (broader) ja alak\u00e4sitteet (narrower). Asiasanastot auttavat hakusanojen valinnassa Asiasanastoista: Vaikka ei k\u00e4ytt\u00e4isik\u00e4\u00e4n varsinaista asiasanastoa apuna, kannattaa silti seurata tietokannnoissa l\u00f6yt\u00e4miesi julkaisujen tietoihin tallennettuja asiasanoja. Sielt\u00e4 n\u00e4et helposti hyvi\u00e4 hakusanoja, joita voit k\u00e4ytt\u00e4\u00e4 haussasi. CAS [&hellip;]","og_url":"https:\/\/blogs.uef.fi\/tiedonhaku-kemia\/asiasanastot\/","og_site_name":"Kemian tiedonhaku \/ UEF kirjasto","article_modified_time":"2023-04-06T08:19:12+00:00","og_image":[{"url":"https:\/\/blogs.uef.fi\/tiedonhaku-kemia\/wp-content\/uploads\/sites\/177\/2022\/04\/KEM_asiasanat_LCSH.png","type":"","width":"","height":""}],"twitter_card":"summary_large_image","twitter_misc":{"Arvioitu lukuaika":"3 minuuttia"},"schema":{"@context":"https:\/\/schema.org","@graph":[{"@type":"WebPage","@id":"https:\/\/blogs.uef.fi\/tiedonhaku-kemia\/asiasanastot\/","url":"https:\/\/blogs.uef.fi\/tiedonhaku-kemia\/asiasanastot\/","name":"Asiasanastot - Kemian tiedonhaku \/ UEF kirjasto","isPartOf":{"@id":"https:\/\/blogs.uef.fi\/tiedonhaku-kemia\/#website"},"primaryImageOfPage":{"@id":"https:\/\/blogs.uef.fi\/tiedonhaku-kemia\/asiasanastot\/#primaryimage"},"image":{"@id":"https:\/\/blogs.uef.fi\/tiedonhaku-kemia\/asiasanastot\/#primaryimage"},"thumbnailUrl":"https:\/\/blogs.uef.fi\/tiedonhaku-kemia\/wp-content\/uploads\/sites\/177\/2022\/04\/KEM_asiasanat_LCSH.png","datePublished":"2022-03-16T08:24:39+00:00","dateModified":"2023-04-06T08:19:12+00:00","breadcrumb":{"@id":"https:\/\/blogs.uef.fi\/tiedonhaku-kemia\/asiasanastot\/#breadcrumb"},"inLanguage":"fi","potentialAction":[{"@type":"ReadAction","target":["https:\/\/blogs.uef.fi\/tiedonhaku-kemia\/asiasanastot\/"]}]},{"@type":"ImageObject","inLanguage":"fi","@id":"https:\/\/blogs.uef.fi\/tiedonhaku-kemia\/asiasanastot\/#primaryimage","url":"https:\/\/blogs.uef.fi\/tiedonhaku-kemia\/wp-content\/uploads\/sites\/177\/2022\/04\/KEM_asiasanat_LCSH.png","contentUrl":"https:\/\/blogs.uef.fi\/tiedonhaku-kemia\/wp-content\/uploads\/sites\/177\/2022\/04\/KEM_asiasanat_LCSH.png","width":682,"height":133},{"@type":"BreadcrumbList","@id":"https:\/\/blogs.uef.fi\/tiedonhaku-kemia\/asiasanastot\/#breadcrumb","itemListElement":[{"@type":"ListItem","position":1,"name":"Home","item":"https:\/\/blogs.uef.fi\/tiedonhaku-kemia\/"},{"@type":"ListItem","position":2,"name":"Asiasanastot"}]},{"@type":"WebSite","@id":"https:\/\/blogs.uef.fi\/tiedonhaku-kemia\/#website","url":"https:\/\/blogs.uef.fi\/tiedonhaku-kemia\/","name":"Kemian tiedonhaku \/ UEF kirjasto","description":"Kemian tiedonhaku on kattava oppimateriaali tiedonhakuun kemisteille. Se sis\u00e4lt\u00e4\u00e4 yleiset tiedonhaun tekniikat sek\u00e4 kemian alan tiedonl\u00e4hteet ohjeineen ja esimerkkihakuineen.","potentialAction":[{"@type":"SearchAction","target":{"@type":"EntryPoint","urlTemplate":"https:\/\/blogs.uef.fi\/tiedonhaku-kemia\/?s={search_term_string}"},"query-input":{"@type":"PropertyValueSpecification","valueRequired":true,"valueName":"search_term_string"}}],"inLanguage":"fi"}]}},"_links":{"self":[{"href":"https:\/\/blogs.uef.fi\/tiedonhaku-kemia\/wp-json\/wp\/v2\/pages\/284","targetHints":{"allow":["GET"]}}],"collection":[{"href":"https:\/\/blogs.uef.fi\/tiedonhaku-kemia\/wp-json\/wp\/v2\/pages"}],"about":[{"href":"https:\/\/blogs.uef.fi\/tiedonhaku-kemia\/wp-json\/wp\/v2\/types\/page"}],"author":[{"embeddable":true,"href":"https:\/\/blogs.uef.fi\/tiedonhaku-kemia\/wp-json\/wp\/v2\/users\/127"}],"replies":[{"embeddable":true,"href":"https:\/\/blogs.uef.fi\/tiedonhaku-kemia\/wp-json\/wp\/v2\/comments?post=284"}],"version-history":[{"count":2,"href":"https:\/\/blogs.uef.fi\/tiedonhaku-kemia\/wp-json\/wp\/v2\/pages\/284\/revisions"}],"predecessor-version":[{"id":2372,"href":"https:\/\/blogs.uef.fi\/tiedonhaku-kemia\/wp-json\/wp\/v2\/pages\/284\/revisions\/2372"}],"wp:attachment":[{"href":"https:\/\/blogs.uef.fi\/tiedonhaku-kemia\/wp-json\/wp\/v2\/media?parent=284"}],"curies":[{"name":"wp","href":"https:\/\/api.w.org\/{rel}","templated":true}]}}