{"id":269,"date":"2022-03-16T10:12:25","date_gmt":"2022-03-16T08:12:25","guid":{"rendered":"https:\/\/blogs.uef.fi\/tiedonhaku-kemia\/?page_id=269"},"modified":"2025-01-08T10:02:11","modified_gmt":"2025-01-08T08:02:11","slug":"asiasanahaku","status":"publish","type":"page","link":"https:\/\/blogs.uef.fi\/tiedonhaku-kemia\/hakusanat\/asiasanahaku\/","title":{"rendered":"Asiasanahaku"},"content":{"rendered":"\n<p style=\"font-size:18px\">Hakusanoina voi k\u00e4ytt\u00e4\u00e4 mit\u00e4 tahansa sanoja, jotka kuvaavat aihetta. Tietokantahauissa erityisen tehokkaita hakusanoja ovat ns. asiasanat.<\/p>\n\n\n\n<h2 class=\"wp-block-heading\">Asiasana kuvaa sis\u00e4lt\u00f6\u00e4<\/h2>\n\n\n\n<p>Asiasana on tehokas hakusanana, koska se <\/p>\n\n\n\n<ul class=\"wp-block-list\">\n<li>tallennetaan tietueeseen kertomaan julkaisun sis\u00e4ll\u00f6st\u00e4 lyhyesti<\/li>\n\n\n\n<li>on aina samanmuotoinen<\/li>\n\n\n\n<li>kattaa useita vaihtoehtoisia, samaa tarkoittavia sanoja<\/li>\n<\/ul>\n\n\n\n<figure class=\"wp-block-image size-full is-resized\"><img loading=\"lazy\" decoding=\"async\" width=\"630\" height=\"346\" src=\"https:\/\/blogs.uef.fi\/tiedonhaku-kemia\/wp-content\/uploads\/sites\/177\/2022\/04\/KEM_asiasana-1.png\" alt=\"Teksti\u00e4: sanat kuivatus, kuivaaminen, kuivaus, viittaavat kaikki sanaan kuivaus, joka on korostettuna.\" class=\"wp-image-1104\" style=\"width:300px\" srcset=\"https:\/\/blogs.uef.fi\/tiedonhaku-kemia\/wp-content\/uploads\/sites\/177\/2022\/04\/KEM_asiasana-1.png 630w, https:\/\/blogs.uef.fi\/tiedonhaku-kemia\/wp-content\/uploads\/sites\/177\/2022\/04\/KEM_asiasana-1-300x165.png 300w\" sizes=\"auto, (max-width: 630px) 100vw, 630px\" \/><figcaption class=\"wp-element-caption\"><em>Yksi asiasana, kuivaus, kattaa useamman sanavaihtoehdon.<\/em><\/figcaption><\/figure>\n\n\n\n<h2 class=\"wp-block-heading\">Asiasanat kerrotaan asiasanastoissa<\/h2>\n\n\n\n<p>Asiasanat m\u00e4\u00e4ritell\u00e4\u00e4n erityisiss\u00e4 hakemistoissa, joita kutsutaan <strong>asiasanastoiksi eli tesauruksiksi.<\/strong> Asiasanasto my\u00f6s kuvaa termien v\u00e4lisi\u00e4 suhteita: <em>assosiatiiviset k\u00e4sitteet<\/em> (related), <em>yl\u00e4k\u00e4sitteet <\/em>(broader) ja <em>alak\u00e4sitteet<\/em> (narrower).<\/p>\n\n\n\n<p>Eri tietokannat k\u00e4ytt\u00e4v\u00e4t eri sanastoja. Sama sana ei toimi eri tietokannoissa samalla tavalla.<\/p>\n\n\n\n<h3 class=\"wp-block-heading\">CAS Lexicon on kemistien sanasto<\/h3>\n\n\n\n<p>Kemian alan t\u00e4rkein tietokanta, SciFinder-n, k\u00e4ytt\u00e4\u00e4 omaa asiasanastoa, CAS Lexicon. CAS Lexicon on tavallista asiasanastoa laajempi k\u00e4sitteist\u00f6, joka toimii kiinte\u00e4sti osana tietokannassa teht\u00e4vi\u00e4 hakuja: j\u00e4rjestelm\u00e4 linkitt\u00e4\u00e4 hakuun automaattisesti tiettyyn termiin (nimitys SciFindersiss\u00e4 \u2019Concept\u2019) liittyv\u00e4t l\u00e4heiset muut termit.<\/p>\n\n\n\n<p>Concept-termej\u00e4 voi k\u00e4ytt\u00e4\u00e4 tavallisessa haussa. Sen lis\u00e4ksi niille on oma erityinen hakusivunsa, jossa haun voi koostaa pelk\u00e4st\u00e4\u00e4n n\u00e4iden termien avulla. Hakuesimerkki l\u00f6ytyy <a href=\"https:\/\/blogs.uef.fi\/tiedonhaku-kemia\/artikkelien-hakeminen\/\">Artikkelien hakeminen<\/a> -sivulta (kohta SciFinder).<\/p>\n\n\n\n<h3 class=\"wp-block-heading\">Yleinen suomalainen ontologia YSO<\/h3>\n\n\n\n<p>Yleinen Suomalainen Ontologia (YSO) on Suomessa k\u00e4ytett\u00e4v\u00e4 asiasanasto. YSOa k\u00e4ytet\u00e4\u00e4n sek\u00e4 UEF-Primon tietueissa ett\u00e4 kansallisessa Finnassa.<\/p>\n\n\n\n<p>YSO kattaa kaikkien tieteen- ja tiedonalojen keskeisimm\u00e4n terminologian. Kemian ja muiden luonnontieteiden kattavuus on kuitenkin ohuempi kuin muilla aloilla.<\/p>\n\n\n\n<p>Termeille saa my\u00f6s englannin- ja ruotsinkielisen vastineen.<\/p>\n\n\n\n<h2 class=\"wp-block-heading\">Asiasanastot auttavat hakusanojen valinnassa<\/h2>\n\n\n\n<p>Asiasanastoista:<\/p>\n\n\n\n<ul class=\"wp-block-list\">\n<li>etsit\u00e4\u00e4n <strong>oikeat hakusanat<\/strong> asiasanahakua varten<\/li>\n\n\n\n<li>haetaan <strong>vinkkej\u00e4<\/strong> hakusanoiksi ylip\u00e4\u00e4t\u00e4\u00e4n; my\u00f6s rinnakkaiset ja yl\u00e4- ja alak\u00e4sitteet voivat olla hy\u00f6dyllisi\u00e4<\/li>\n<\/ul>\n\n\n\n<p>Vaikka ei k\u00e4ytt\u00e4isik\u00e4\u00e4n varsinaista asiasanastoa apuna, kannattaa silti seurata tietokannoissa asiasanakentt\u00e4\u00e4. Sielt\u00e4 n\u00e4et helposti hyvi\u00e4 hakusanoja, joita voit k\u00e4ytt\u00e4\u00e4 haussasi.<\/p>\n\n\n\n<figure class=\"wp-block-image size-full\"><img loading=\"lazy\" decoding=\"async\" width=\"682\" height=\"133\" src=\"https:\/\/blogs.uef.fi\/tiedonhaku-kemia\/wp-content\/uploads\/sites\/177\/2022\/04\/KEM_asiasanat_LCSH.png\" alt=\"Kuvakaappaus kirjan asiasanoista eli aiheista. Sanat ovat: Climatic changes - Environmental aspects. Hydrologic cycle. Global temperature changes. Atmospheric chemistry - Environmental aspects.\" class=\"wp-image-1244\" srcset=\"https:\/\/blogs.uef.fi\/tiedonhaku-kemia\/wp-content\/uploads\/sites\/177\/2022\/04\/KEM_asiasanat_LCSH.png 682w, https:\/\/blogs.uef.fi\/tiedonhaku-kemia\/wp-content\/uploads\/sites\/177\/2022\/04\/KEM_asiasanat_LCSH-300x59.png 300w\" sizes=\"auto, (max-width: 682px) 100vw, 682px\" \/><figcaption class=\"wp-element-caption\"><em>Esimerkiksi \u201dclimate change\u201d -termille l\u00f6ytyy asiasanavastine \u201dclimatic changes\u201d UEF-Primossa.<\/em><\/figcaption><\/figure>\n\n\n\n<h3 class=\"wp-block-heading\">Ent\u00e4 jos omalle aiheelle ei l\u00f6ydy sanastosta asiasanaa?<\/h3>\n\n\n\n<p>T\u00e4m\u00e4 on hyvin tavallista, varsinkin hyvin tarkkojen tai uusien termien kohdalla. Mill\u00e4 tahansa sanalla voi hakea sanahakuna\/vapaasanahakuna.<\/p>\n\n\n\n<p><strong>Vapaasanahaku<\/strong> hakee sanaa kaikkialta julkaisujen tiedoista: tekij\u00e4n ja julkaisun nimest\u00e4, tiivistelm\u00e4st\u00e4, asiasanoista, kustantajan nimest\u00e4 jne. Voit k\u00e4ytt\u00e4\u00e4 hakusanoina mit\u00e4 tahansa luonnollisen kielen sanoja tai fraaseja. My\u00f6skin \u201dvirallisia\u201d asiasanoja voi k\u00e4ytt\u00e4\u00e4 vapaasanahaussa.<\/p>\n\n\n\n<figure class=\"wp-block-image size-full is-resized\"><img loading=\"lazy\" decoding=\"async\" width=\"3088\" height=\"2464\" src=\"https:\/\/blogs.uef.fi\/tiedonhaku-kemia\/wp-content\/uploads\/sites\/177\/2022\/04\/KEM_tietue_UP.png\" alt=\"Kuvakaappaus kirjan tiedoista UEF-Primossa. Selitetekstit. Otsikon sanat kertovat kirjan sis\u00e4ll\u00f6st\u00e4 ja l\u00f6ytyv\u00e4t vapaasanahaulla. Sis\u00e4llysluettelon sanat kertovat sis\u00e4ll\u00f6st\u00e4 ja l\u00f6ytyv\u00e4t vapaasanahaulla. Aiheet tarkoittavat asiasanastojen mukaisia, sis\u00e4lt\u00f6\u00e4 kuvaavia sanoja. Niit\u00e4 voi k\u00e4ytt\u00e4\u00e4 aihehaussa sek\u00e4 vapaasananhaussa.\" class=\"wp-image-1203\" srcset=\"https:\/\/blogs.uef.fi\/tiedonhaku-kemia\/wp-content\/uploads\/sites\/177\/2022\/04\/KEM_tietue_UP.png 3088w, https:\/\/blogs.uef.fi\/tiedonhaku-kemia\/wp-content\/uploads\/sites\/177\/2022\/04\/KEM_tietue_UP-300x239.png 300w, https:\/\/blogs.uef.fi\/tiedonhaku-kemia\/wp-content\/uploads\/sites\/177\/2022\/04\/KEM_tietue_UP-1024x817.png 1024w, https:\/\/blogs.uef.fi\/tiedonhaku-kemia\/wp-content\/uploads\/sites\/177\/2022\/04\/KEM_tietue_UP-768x613.png 768w, https:\/\/blogs.uef.fi\/tiedonhaku-kemia\/wp-content\/uploads\/sites\/177\/2022\/04\/KEM_tietue_UP-1536x1226.png 1536w, https:\/\/blogs.uef.fi\/tiedonhaku-kemia\/wp-content\/uploads\/sites\/177\/2022\/04\/KEM_tietue_UP-2048x1634.png 2048w\" sizes=\"auto, (max-width: 3088px) 100vw, 3088px\" \/><figcaption class=\"wp-element-caption\"><em>Kirjan tiedot UEF-Primossa<\/em>.<\/figcaption><\/figure>\n\n\n\n<h2 class=\"wp-block-heading\">Asiasanojen k\u00e4ytt\u00f6 tiedonhaussa<\/h2>\n\n\n\n<p>Asiasanoja voi k\u00e4ytt\u00e4\u00e4 kuten tavallisia hakusanoja. Halutessasi voit tehd\u00e4 erityist\u00e4 <strong>asiasanahakua, jossa hakusanoja haetaan vain tietyist\u00e4 tietueen kentist\u00e4.<\/strong><\/p>\n\n\n\n<div class=\"links-block\">\n\n    \n    <ul class=\"link-list\">\n        \n            \n            <li class=\"link-list-item\">\n                <a href=\"https:\/\/uef.cloud.panopto.eu\/Panopto\/Pages\/Viewer.aspx?id=9980450f-da21-41f3-95c4-b0f5008d4e62\" class=\"link-reset link hover-scale-down\">\n                    <svg\n        width=\"43\" height=\"25\"\n        viewBox=\"0 0 43 25\"\n        xmlns=\"http:\/\/www.w3.org\/2000\/svg\">\n    <path\n        d=\"M30.027 0 43 12.5 30.027 25 27 22.083 34.351 15H0v-5h34.351L27 2.917z\"\n        fill=\"currentColor\"\n        fill-rule=\"evenodd\"\/>\n<\/svg>                    <div>Katso video asiasanahausta tietokannassa (2:01)<\/div>\n                <\/a>\n                <div class=\"link-info\">\n                                    <\/div>\n            <\/li>\n\n                <\/ul>\n<\/div>\n\n\n<p>Jos rajaat hakusi kohdistumaan asiasanakentt\u00e4\u00e4n, et voi k\u00e4ytt\u00e4\u00e4 mit\u00e4 tahansa luonnollisen kielen sanaa (tai ainakaan et niill\u00e4 v\u00e4ltt\u00e4m\u00e4tt\u00e4 saa tulosta). <strong>Asiasanahakuun sopivat parhaiten siis sanaston sanat.<\/strong><\/p>\n\n\n\n<p><strong>Tietokannoissa on oletushakuna vapaasanahaku ja asiasanahaku pit\u00e4\u00e4 valita erikseen. <\/strong>Asiasanakent\u00e4n voi useimmiten valita ns. tarkennetun haun kautta. Eri tietokannoissa asiasanakent\u00e4lle on erilaisia nimityksi\u00e4. UEF-Primossa asiasanoja haetaan Aihe-kent\u00e4n avulla . Kansainv\u00e4lisiss\u00e4 tietokannoissa asiasanan nimitys voi olla esimerkiksi Subject, Keyword, Topic tai Index term.<\/p>\n\n\n\n<figure class=\"wp-block-image size-full is-resized\"><img loading=\"lazy\" decoding=\"async\" width=\"1249\" height=\"579\" src=\"https:\/\/blogs.uef.fi\/tiedonhaku-kemia\/wp-content\/uploads\/sites\/177\/2022\/04\/KEM_scif_concept.png\" alt=\"Kuvakaappaus Scifinder-n-tietokannasta. Haun kohteen on: references. Ylimm\u00e4lle hakuriville on kirjoitettu: wood AND \u201dpyrolysis oil\u201d. Toiselle riville on valittu hakukent\u00e4ksi: concept. Riville on kirjoitettu: deoxidation. N\u00e4kyvill\u00e4 ohjelman ehdottamia termivaihtoehtoja, jotka alkavat sanalla deoxidation. Korostettuna keltaisella n\u00e4ist\u00e4 kohta: deoxidation catalysts.\" class=\"wp-image-1230\" srcset=\"https:\/\/blogs.uef.fi\/tiedonhaku-kemia\/wp-content\/uploads\/sites\/177\/2022\/04\/KEM_scif_concept.png 1249w, https:\/\/blogs.uef.fi\/tiedonhaku-kemia\/wp-content\/uploads\/sites\/177\/2022\/04\/KEM_scif_concept-300x139.png 300w, https:\/\/blogs.uef.fi\/tiedonhaku-kemia\/wp-content\/uploads\/sites\/177\/2022\/04\/KEM_scif_concept-1024x475.png 1024w, https:\/\/blogs.uef.fi\/tiedonhaku-kemia\/wp-content\/uploads\/sites\/177\/2022\/04\/KEM_scif_concept-768x356.png 768w\" sizes=\"auto, (max-width: 1249px) 100vw, 1249px\" \/><figcaption class=\"wp-element-caption\"><em>Scifinder-tietokannassa asiasanaa vastaa Concept-hakurivi. Kun alat kirjoittaa hakusanaa, ohjelma antaa ehdotuksia sopiviksi hakusanoiksi.<\/em><\/figcaption><\/figure>\n\n\n\n<p><\/p>\n\n\n\n<h3 class=\"wp-block-heading\">Milloin asiasanahakua kannattaa k\u00e4ytt\u00e4\u00e4<\/h3>\n\n\n\n<p>Rajaus asiasanaan \/ asiasanahaku <strong>kohdentaa hakua, parantaa usein relevanssia ja aiheen osuvuutta, mutta pienent\u00e4\u00e4 hakutulosta<\/strong>. Asiasanahaku toimii hyvin silloin, kun <strong>aihe on laaja-alainen tai hankalasti m\u00e4\u00e4ritelt\u00e4v\u00e4.<\/strong><\/p>\n\n\n\n<p>Vapaasanahaku toimii hyvin silloin, kun haettava aihe on <strong>yksityiskohtainen ja tarkasti rajattu<\/strong>, tai kun k\u00e4sitteist\u00f6 ja sanasto kyseisell\u00e4 alalla on <strong>vakiintunutta.<\/strong><\/p>\n\n\n\n<p>Jos k\u00e4ytet\u00e4\u00e4n samaa hakusanaa sek\u00e4 sanahaussa ett\u00e4 asiasanahaussa, sanahaku l\u00f6yt\u00e4\u00e4 <strong>enemm\u00e4n tuloksia<\/strong>. Asiasanahaun tulokset puolestaan ovat <strong>enemm\u00e4n aiheemukaisia<\/strong>.<\/p>\n\n\n\n<ul class=\"wp-block-list\">\n<li>vapaasanahaku: <em>hydrolysis<\/em>, 149 tulosta UEF-Primosta (6.4.2022)<\/li>\n\n\n\n<li>asiasana- eli aihehaku: <em>hydrolysis<\/em>, 42 tulosta UEF-Primosta (6.4.2022)<\/li>\n<\/ul>\n\n\n\n<p>Tulosten m\u00e4\u00e4r\u00e4 riippuu paljon sanavalinnasta: asiasana voi hyvinkin antaa enemm\u00e4n tuloksia kuin jokin toinen, samaan asiaan liittyv\u00e4 muu hakusana.<\/p>\n\n\n\n<ul class=\"wp-block-list\">\n<li>vapaasanahaku: <em>&#8221;hiilen kiertokulku&#8221;<\/em> , 29 tulosta UEF-Primosta (4.4.2022)<\/li>\n\n\n\n<li>asiasana- eli aihehaku: <em>&#8221;hiilen kierto&#8221;<\/em> , 58 tulosta UEF-Primosta (4.4.2022)<\/li>\n<\/ul>\n\n\n\n<p class=\"has-text-align-right\">Seuraava sivu: <a href=\"https:\/\/blogs.uef.fi\/tiedonhaku-kemia\/hakusanojen-yhdistaminen\/\">Hakusanojen yhdist\u00e4minen<\/a><\/p>\n","protected":false},"excerpt":{"rendered":"<p>Hakusanoina voi k\u00e4ytt\u00e4\u00e4 mit\u00e4 tahansa sanoja, jotka kuvaavat aihetta. Tietokantahauissa erityisen tehokkaita hakusanoja ovat ns. asiasanat. Asiasana kuvaa sis\u00e4lt\u00f6\u00e4 Asiasana on tehokas hakusanana, koska se Asiasanat kerrotaan asiasanastoissa Asiasanat m\u00e4\u00e4ritell\u00e4\u00e4n erityisiss\u00e4 hakemistoissa, joita kutsutaan asiasanastoiksi eli tesauruksiksi. Asiasanasto my\u00f6s kuvaa termien v\u00e4lisi\u00e4 suhteita: assosiatiiviset k\u00e4sitteet (related), yl\u00e4k\u00e4sitteet (broader) ja alak\u00e4sitteet (narrower). Eri tietokannat k\u00e4ytt\u00e4v\u00e4t eri [&hellip;]<\/p>\n","protected":false},"author":127,"featured_media":0,"parent":302,"menu_order":0,"comment_status":"closed","ping_status":"closed","template":"","meta":{"_acf_changed":false,"footnotes":""},"class_list":["post-269","page","type-page","status-publish","hentry"],"acf":[],"yoast_head":"<!-- This site is optimized with the Yoast SEO plugin v27.1.1 - https:\/\/yoast.com\/product\/yoast-seo-wordpress\/ -->\n<title>Asiasanahaku - Kemian tiedonhaku \/ UEF kirjasto<\/title>\n<meta name=\"robots\" content=\"index, follow, max-snippet:-1, max-image-preview:large, max-video-preview:-1\" \/>\n<link rel=\"canonical\" href=\"https:\/\/blogs.uef.fi\/tiedonhaku-kemia\/hakusanat\/asiasanahaku\/\" \/>\n<meta property=\"og:locale\" content=\"fi_FI\" \/>\n<meta property=\"og:type\" content=\"article\" \/>\n<meta property=\"og:title\" content=\"Asiasanahaku - Kemian tiedonhaku \/ UEF kirjasto\" \/>\n<meta property=\"og:description\" content=\"Hakusanoina voi k\u00e4ytt\u00e4\u00e4 mit\u00e4 tahansa sanoja, jotka kuvaavat aihetta. Tietokantahauissa erityisen tehokkaita hakusanoja ovat ns. asiasanat. Asiasana kuvaa sis\u00e4lt\u00f6\u00e4 Asiasana on tehokas hakusanana, koska se Asiasanat kerrotaan asiasanastoissa Asiasanat m\u00e4\u00e4ritell\u00e4\u00e4n erityisiss\u00e4 hakemistoissa, joita kutsutaan asiasanastoiksi eli tesauruksiksi. Asiasanasto my\u00f6s kuvaa termien v\u00e4lisi\u00e4 suhteita: assosiatiiviset k\u00e4sitteet (related), yl\u00e4k\u00e4sitteet (broader) ja alak\u00e4sitteet (narrower). Eri tietokannat k\u00e4ytt\u00e4v\u00e4t eri [&hellip;]\" \/>\n<meta property=\"og:url\" content=\"https:\/\/blogs.uef.fi\/tiedonhaku-kemia\/hakusanat\/asiasanahaku\/\" \/>\n<meta property=\"og:site_name\" content=\"Kemian tiedonhaku \/ UEF kirjasto\" \/>\n<meta property=\"article:modified_time\" content=\"2025-01-08T08:02:11+00:00\" \/>\n<meta property=\"og:image\" content=\"https:\/\/blogs.uef.fi\/tiedonhaku-kemia\/wp-content\/uploads\/sites\/177\/2022\/04\/KEM_asiasana-1.png\" \/>\n\t<meta property=\"og:image:width\" content=\"630\" \/>\n\t<meta property=\"og:image:height\" content=\"346\" \/>\n\t<meta property=\"og:image:type\" content=\"image\/png\" \/>\n<meta name=\"twitter:card\" content=\"summary_large_image\" \/>\n<meta name=\"twitter:label1\" content=\"Arvioitu lukuaika\" \/>\n\t<meta name=\"twitter:data1\" content=\"5 minuuttia\" \/>\n<script type=\"application\/ld+json\" class=\"yoast-schema-graph\">{\"@context\":\"https:\/\/schema.org\",\"@graph\":[{\"@type\":\"WebPage\",\"@id\":\"https:\/\/blogs.uef.fi\/tiedonhaku-kemia\/hakusanat\/asiasanahaku\/\",\"url\":\"https:\/\/blogs.uef.fi\/tiedonhaku-kemia\/hakusanat\/asiasanahaku\/\",\"name\":\"Asiasanahaku - Kemian tiedonhaku \/ UEF kirjasto\",\"isPartOf\":{\"@id\":\"https:\/\/blogs.uef.fi\/tiedonhaku-kemia\/#website\"},\"primaryImageOfPage\":{\"@id\":\"https:\/\/blogs.uef.fi\/tiedonhaku-kemia\/hakusanat\/asiasanahaku\/#primaryimage\"},\"image\":{\"@id\":\"https:\/\/blogs.uef.fi\/tiedonhaku-kemia\/hakusanat\/asiasanahaku\/#primaryimage\"},\"thumbnailUrl\":\"https:\/\/blogs.uef.fi\/tiedonhaku-kemia\/wp-content\/uploads\/sites\/177\/2022\/04\/KEM_asiasana-1.png\",\"datePublished\":\"2022-03-16T08:12:25+00:00\",\"dateModified\":\"2025-01-08T08:02:11+00:00\",\"breadcrumb\":{\"@id\":\"https:\/\/blogs.uef.fi\/tiedonhaku-kemia\/hakusanat\/asiasanahaku\/#breadcrumb\"},\"inLanguage\":\"fi\",\"potentialAction\":[{\"@type\":\"ReadAction\",\"target\":[\"https:\/\/blogs.uef.fi\/tiedonhaku-kemia\/hakusanat\/asiasanahaku\/\"]}]},{\"@type\":\"ImageObject\",\"inLanguage\":\"fi\",\"@id\":\"https:\/\/blogs.uef.fi\/tiedonhaku-kemia\/hakusanat\/asiasanahaku\/#primaryimage\",\"url\":\"https:\/\/blogs.uef.fi\/tiedonhaku-kemia\/wp-content\/uploads\/sites\/177\/2022\/04\/KEM_asiasana-1.png\",\"contentUrl\":\"https:\/\/blogs.uef.fi\/tiedonhaku-kemia\/wp-content\/uploads\/sites\/177\/2022\/04\/KEM_asiasana-1.png\",\"width\":630,\"height\":346},{\"@type\":\"BreadcrumbList\",\"@id\":\"https:\/\/blogs.uef.fi\/tiedonhaku-kemia\/hakusanat\/asiasanahaku\/#breadcrumb\",\"itemListElement\":[{\"@type\":\"ListItem\",\"position\":1,\"name\":\"Home\",\"item\":\"https:\/\/blogs.uef.fi\/tiedonhaku-kemia\/\"},{\"@type\":\"ListItem\",\"position\":2,\"name\":\"Hakusanat\",\"item\":\"https:\/\/blogs.uef.fi\/tiedonhaku-kemia\/hakusanat\/\"},{\"@type\":\"ListItem\",\"position\":3,\"name\":\"Asiasanahaku\"}]},{\"@type\":\"WebSite\",\"@id\":\"https:\/\/blogs.uef.fi\/tiedonhaku-kemia\/#website\",\"url\":\"https:\/\/blogs.uef.fi\/tiedonhaku-kemia\/\",\"name\":\"Kemian tiedonhaku \/ UEF kirjasto\",\"description\":\"Kemian tiedonhaku on kattava oppimateriaali tiedonhakuun kemisteille. Se sis\u00e4lt\u00e4\u00e4 yleiset tiedonhaun tekniikat sek\u00e4 kemian alan tiedonl\u00e4hteet ohjeineen ja esimerkkihakuineen.\",\"potentialAction\":[{\"@type\":\"SearchAction\",\"target\":{\"@type\":\"EntryPoint\",\"urlTemplate\":\"https:\/\/blogs.uef.fi\/tiedonhaku-kemia\/?s={search_term_string}\"},\"query-input\":{\"@type\":\"PropertyValueSpecification\",\"valueRequired\":true,\"valueName\":\"search_term_string\"}}],\"inLanguage\":\"fi\"}]}<\/script>\n<!-- \/ Yoast SEO plugin. -->","yoast_head_json":{"title":"Asiasanahaku - Kemian tiedonhaku \/ UEF kirjasto","robots":{"index":"index","follow":"follow","max-snippet":"max-snippet:-1","max-image-preview":"max-image-preview:large","max-video-preview":"max-video-preview:-1"},"canonical":"https:\/\/blogs.uef.fi\/tiedonhaku-kemia\/hakusanat\/asiasanahaku\/","og_locale":"fi_FI","og_type":"article","og_title":"Asiasanahaku - Kemian tiedonhaku \/ UEF kirjasto","og_description":"Hakusanoina voi k\u00e4ytt\u00e4\u00e4 mit\u00e4 tahansa sanoja, jotka kuvaavat aihetta. Tietokantahauissa erityisen tehokkaita hakusanoja ovat ns. asiasanat. Asiasana kuvaa sis\u00e4lt\u00f6\u00e4 Asiasana on tehokas hakusanana, koska se Asiasanat kerrotaan asiasanastoissa Asiasanat m\u00e4\u00e4ritell\u00e4\u00e4n erityisiss\u00e4 hakemistoissa, joita kutsutaan asiasanastoiksi eli tesauruksiksi. Asiasanasto my\u00f6s kuvaa termien v\u00e4lisi\u00e4 suhteita: assosiatiiviset k\u00e4sitteet (related), yl\u00e4k\u00e4sitteet (broader) ja alak\u00e4sitteet (narrower). Eri tietokannat k\u00e4ytt\u00e4v\u00e4t eri [&hellip;]","og_url":"https:\/\/blogs.uef.fi\/tiedonhaku-kemia\/hakusanat\/asiasanahaku\/","og_site_name":"Kemian tiedonhaku \/ UEF kirjasto","article_modified_time":"2025-01-08T08:02:11+00:00","og_image":[{"width":630,"height":346,"url":"https:\/\/blogs.uef.fi\/tiedonhaku-kemia\/wp-content\/uploads\/sites\/177\/2022\/04\/KEM_asiasana-1.png","type":"image\/png"}],"twitter_card":"summary_large_image","twitter_misc":{"Arvioitu lukuaika":"5 minuuttia"},"schema":{"@context":"https:\/\/schema.org","@graph":[{"@type":"WebPage","@id":"https:\/\/blogs.uef.fi\/tiedonhaku-kemia\/hakusanat\/asiasanahaku\/","url":"https:\/\/blogs.uef.fi\/tiedonhaku-kemia\/hakusanat\/asiasanahaku\/","name":"Asiasanahaku - Kemian tiedonhaku \/ UEF kirjasto","isPartOf":{"@id":"https:\/\/blogs.uef.fi\/tiedonhaku-kemia\/#website"},"primaryImageOfPage":{"@id":"https:\/\/blogs.uef.fi\/tiedonhaku-kemia\/hakusanat\/asiasanahaku\/#primaryimage"},"image":{"@id":"https:\/\/blogs.uef.fi\/tiedonhaku-kemia\/hakusanat\/asiasanahaku\/#primaryimage"},"thumbnailUrl":"https:\/\/blogs.uef.fi\/tiedonhaku-kemia\/wp-content\/uploads\/sites\/177\/2022\/04\/KEM_asiasana-1.png","datePublished":"2022-03-16T08:12:25+00:00","dateModified":"2025-01-08T08:02:11+00:00","breadcrumb":{"@id":"https:\/\/blogs.uef.fi\/tiedonhaku-kemia\/hakusanat\/asiasanahaku\/#breadcrumb"},"inLanguage":"fi","potentialAction":[{"@type":"ReadAction","target":["https:\/\/blogs.uef.fi\/tiedonhaku-kemia\/hakusanat\/asiasanahaku\/"]}]},{"@type":"ImageObject","inLanguage":"fi","@id":"https:\/\/blogs.uef.fi\/tiedonhaku-kemia\/hakusanat\/asiasanahaku\/#primaryimage","url":"https:\/\/blogs.uef.fi\/tiedonhaku-kemia\/wp-content\/uploads\/sites\/177\/2022\/04\/KEM_asiasana-1.png","contentUrl":"https:\/\/blogs.uef.fi\/tiedonhaku-kemia\/wp-content\/uploads\/sites\/177\/2022\/04\/KEM_asiasana-1.png","width":630,"height":346},{"@type":"BreadcrumbList","@id":"https:\/\/blogs.uef.fi\/tiedonhaku-kemia\/hakusanat\/asiasanahaku\/#breadcrumb","itemListElement":[{"@type":"ListItem","position":1,"name":"Home","item":"https:\/\/blogs.uef.fi\/tiedonhaku-kemia\/"},{"@type":"ListItem","position":2,"name":"Hakusanat","item":"https:\/\/blogs.uef.fi\/tiedonhaku-kemia\/hakusanat\/"},{"@type":"ListItem","position":3,"name":"Asiasanahaku"}]},{"@type":"WebSite","@id":"https:\/\/blogs.uef.fi\/tiedonhaku-kemia\/#website","url":"https:\/\/blogs.uef.fi\/tiedonhaku-kemia\/","name":"Kemian tiedonhaku \/ UEF kirjasto","description":"Kemian tiedonhaku on kattava oppimateriaali tiedonhakuun kemisteille. Se sis\u00e4lt\u00e4\u00e4 yleiset tiedonhaun tekniikat sek\u00e4 kemian alan tiedonl\u00e4hteet ohjeineen ja esimerkkihakuineen.","potentialAction":[{"@type":"SearchAction","target":{"@type":"EntryPoint","urlTemplate":"https:\/\/blogs.uef.fi\/tiedonhaku-kemia\/?s={search_term_string}"},"query-input":{"@type":"PropertyValueSpecification","valueRequired":true,"valueName":"search_term_string"}}],"inLanguage":"fi"}]}},"_links":{"self":[{"href":"https:\/\/blogs.uef.fi\/tiedonhaku-kemia\/wp-json\/wp\/v2\/pages\/269","targetHints":{"allow":["GET"]}}],"collection":[{"href":"https:\/\/blogs.uef.fi\/tiedonhaku-kemia\/wp-json\/wp\/v2\/pages"}],"about":[{"href":"https:\/\/blogs.uef.fi\/tiedonhaku-kemia\/wp-json\/wp\/v2\/types\/page"}],"author":[{"embeddable":true,"href":"https:\/\/blogs.uef.fi\/tiedonhaku-kemia\/wp-json\/wp\/v2\/users\/127"}],"replies":[{"embeddable":true,"href":"https:\/\/blogs.uef.fi\/tiedonhaku-kemia\/wp-json\/wp\/v2\/comments?post=269"}],"version-history":[{"count":2,"href":"https:\/\/blogs.uef.fi\/tiedonhaku-kemia\/wp-json\/wp\/v2\/pages\/269\/revisions"}],"predecessor-version":[{"id":3556,"href":"https:\/\/blogs.uef.fi\/tiedonhaku-kemia\/wp-json\/wp\/v2\/pages\/269\/revisions\/3556"}],"up":[{"embeddable":true,"href":"https:\/\/blogs.uef.fi\/tiedonhaku-kemia\/wp-json\/wp\/v2\/pages\/302"}],"wp:attachment":[{"href":"https:\/\/blogs.uef.fi\/tiedonhaku-kemia\/wp-json\/wp\/v2\/media?parent=269"}],"curies":[{"name":"wp","href":"https:\/\/api.w.org\/{rel}","templated":true}]}}