{"id":259,"date":"2022-03-15T15:22:49","date_gmt":"2022-03-15T13:22:49","guid":{"rendered":"https:\/\/blogs.uef.fi\/tiedonhaku-kemia\/?page_id=259"},"modified":"2025-08-20T11:38:37","modified_gmt":"2025-08-20T09:38:37","slug":"sanankatkaisu","status":"publish","type":"page","link":"https:\/\/blogs.uef.fi\/tiedonhaku-kemia\/hakusanat\/sanankatkaisu\/","title":{"rendered":"Sanankatkaisu"},"content":{"rendered":"\n<p style=\"font-size:18px\">Sanat taipuvat tai esiintyv\u00e4t yhdyssanojen osina. Sanoista saa muokattua erilaisia johdannaisia. Kun halutaan hakea kaikkia erilaisia sanamuotoja, on se ilmaistava hakusanan muodossa.<\/p>\n\n\n\n<ul class=\"wp-block-list\">\n<li><em>computer, computers, computerised, computerized, computation, computational \u2026<\/em><\/li>\n<\/ul>\n\n\n\n<h2 class=\"wp-block-heading\">Katkaise sana asteriskin avulla<\/h2>\n\n\n\n<p>Erilaiset sanamuodot voi hakea sanankatkaisun (truncation) avulla. Sanankatkaisu tapahtuu k\u00e4ytt\u00e4m\u00e4ll\u00e4 hakusanana sanan taipumatonta vartaloa, johon liitet\u00e4\u00e4n katkaisumerkki (truncation mark).<\/p>\n\n\n\n<p><strong>Katkaisumerkkin\u00e4 k\u00e4ytet\u00e4\u00e4n asteriskia (t\u00e4htimerkki)<\/strong>: <em>comput*<\/em><\/p>\n\n\n\n<p>Yleiss\u00e4\u00e4nt\u00f6 on, ett\u00e4 k\u00e4ytt\u00e4m\u00e4ll\u00e4 sanankatkaisua<strong> saadaan lis\u00e4\u00e4 hakutuloksia:<\/strong> yht\u00e4 hakusanaa k\u00e4ytt\u00e4m\u00e4ll\u00e4 haetaan kerralla lukuisia erilaisia taivutusmuotoja ja muita variantteja.<\/p>\n\n\n\n<div class=\"links-block\">\n\n    \n    <ul class=\"link-list\">\n        \n            \n            <li class=\"link-list-item\">\n                <a href=\"https:\/\/uef.cloud.panopto.eu\/Panopto\/Pages\/Viewer.aspx?id=f2dfd86f-6b89-4bc8-8fd6-b0f500804b84\" class=\"link-reset link hover-scale-down\">\n                    <svg\n        width=\"43\" height=\"25\"\n        viewBox=\"0 0 43 25\"\n        xmlns=\"http:\/\/www.w3.org\/2000\/svg\">\n    <path\n        d=\"M30.027 0 43 12.5 30.027 25 27 22.083 34.351 15H0v-5h34.351L27 2.917z\"\n        fill=\"currentColor\"\n        fill-rule=\"evenodd\"\/>\n<\/svg>                    <div>Katso video sanankatkaisun vaikutuksesta tulosm\u00e4\u00e4riin (1:30)<\/div>\n                <\/a>\n                <div class=\"link-info\">\n                                    <\/div>\n            <\/li>\n\n                <\/ul>\n<\/div>\n\n\n<h2 class=\"wp-block-heading\">Miten sanat katkaistaan<\/h2>\n\n\n\n<p>Katkaisukohdan kanssa pit\u00e4\u00e4 olla tarkkana. Jos katkaisee liian aikaisin (<em>comp*), <\/em>tulee <strong>v\u00e4\u00e4ri\u00e4 osumia<\/strong>. Jos liian my\u00f6h\u00e4\u00e4n<em> (computer<\/em>*), <strong>osa j\u00e4\u00e4 l\u00f6ytym\u00e4tt\u00e4<\/strong>.<\/p>\n\n\n\n<figure class=\"wp-block-image size-full is-resized\"><img loading=\"lazy\" decoding=\"async\" width=\"1058\" height=\"582\" src=\"https:\/\/blogs.uef.fi\/tiedonhaku-kemia\/wp-content\/uploads\/sites\/177\/2022\/04\/KEM_katkaisu.png\" alt=\"Teksti\u00e4 sek\u00e4 tulosm\u00e4\u00e4ri\u00e4 symboloivat kirjapinokuvat. Hakusanat ja niiden tulosm\u00e4\u00e4r\u00e4t allekkain. Polymeeri, 228. Polymeerit 241. Polymeerit* 250. Polymeeri* 318. Polymeer* 322. *polymeer* 361. polyme* 2 777.\" class=\"wp-image-1059\" style=\"width:600px\" srcset=\"https:\/\/blogs.uef.fi\/tiedonhaku-kemia\/wp-content\/uploads\/sites\/177\/2022\/04\/KEM_katkaisu.png 1058w, https:\/\/blogs.uef.fi\/tiedonhaku-kemia\/wp-content\/uploads\/sites\/177\/2022\/04\/KEM_katkaisu-300x165.png 300w, https:\/\/blogs.uef.fi\/tiedonhaku-kemia\/wp-content\/uploads\/sites\/177\/2022\/04\/KEM_katkaisu-1024x563.png 1024w, https:\/\/blogs.uef.fi\/tiedonhaku-kemia\/wp-content\/uploads\/sites\/177\/2022\/04\/KEM_katkaisu-768x422.png 768w\" sizes=\"auto, (max-width: 1058px) 100vw, 1058px\" \/><figcaption class=\"wp-element-caption\"><em>Polymeeri-sanan taipumaton vartalo on polymeer, mik\u00e4 on siis sopiva katkaisukohta. Lis\u00e4\u00e4 tuloksia t\u00e4ss\u00e4 tapauksessa saa k\u00e4ytt\u00e4m\u00e4ll\u00e4 katkaisua my\u00f6s sanan alussa, *polymeer*, mik\u00e4 ottaa huomioon yhdyssanat, kuten biopolymeeri. Alimmalla rivill\u00e4 on otettu huomioon, ett\u00e4 suomen- ja englanninkielinen sana ovat melko l\u00e4hell\u00e4 toisiaan ja haettu molemmat versiot yhden sanankatkaisun avulla.<\/em><\/figcaption><\/figure>\n\n\n\n<p>Sananvartalo on hyv\u00e4 yleiss\u00e4\u00e4nt\u00f6, mutta ei pid\u00e4 paikkaansa aina, esim. jos vartalo on hyvin lyhyt, kuten sanassa <em>ty\u00f6<\/em>.<\/p>\n\n\n\n<p>Sana voidaan katkaista ainakin lopusta, mutta usein my\u00f6s alusta tai keskelt\u00e4.<\/p>\n\n\n\n<ul class=\"wp-block-list\">\n<li><em>nano*tekniikka <\/em>= nanotekniikka, nanobiotekniikka<\/li>\n\n\n\n<li><em>*kromatografia* <\/em>= kromatografia, kromatografian, kaasukromatografia, nestekromatogragiassa jne.<\/li>\n<\/ul>\n\n\n\n<h3 class=\"wp-block-heading\">Milloin sanat pit\u00e4\u00e4 katkaista<\/h3>\n\n\n\n<p>Kansainv\u00e4liset hakukoneet huomioivat sanojen taipumisen <strong>osittain automaatisesti<\/strong>. L\u00e4hes aina yksikk\u00f6muotoisena haettu sana l\u00f6yt\u00e4\u00e4 my\u00f6s monikon \u2013 ja p\u00e4invastoin.<\/p>\n\n\n\n<ul class=\"wp-block-list\">\n<li><em>acid<\/em> : hakee acid ja acids, ei hae acidity<\/li>\n<\/ul>\n\n\n\n<p>Sanankatkaisua tarvitaan aina v\u00e4hint\u00e4\u00e4n sanojen johdannaisia varten. My\u00f6s lainausmerkkien eli fraasien k\u00e4ytt\u00f6 lis\u00e4\u00e4 katkaisun tarvetta.<\/p>\n\n\n\n<div class=\"links-block\">\n\n    \n    <ul class=\"link-list\">\n        \n            \n            <li class=\"link-list-item\">\n                <a href=\"https:\/\/uef.cloud.panopto.eu\/Panopto\/Pages\/Viewer.aspx?id=fa8127ed-53c0-47fe-a975-b0f50085d0d9\" class=\"link-reset link hover-scale-down\">\n                    <svg\n        width=\"43\" height=\"25\"\n        viewBox=\"0 0 43 25\"\n        xmlns=\"http:\/\/www.w3.org\/2000\/svg\">\n    <path\n        d=\"M30.027 0 43 12.5 30.027 25 27 22.083 34.351 15H0v-5h34.351L27 2.917z\"\n        fill=\"currentColor\"\n        fill-rule=\"evenodd\"\/>\n<\/svg>                    <div>Katso video sanankatkaisun k\u00e4yt\u00f6st\u00e4 eri tilanteissa (4:58)<\/div>\n                <\/a>\n                <div class=\"link-info\">\n                                    <\/div>\n            <\/li>\n\n                <\/ul>\n<\/div>\n\n\n<p>Erilaiset sananhakuautomatiikat eiv\u00e4t siis aina p\u00e4de, jos hakusanat on kirjoitettu lainausmerkkien sis\u00e4\u00e4n.<\/p>\n\n\n\n<ul class=\"wp-block-list\">\n<li><em>\u201damino acid\u201d<\/em> : hakee<em> <\/em>\u201damino acid\u201d, ei hae \u201damino acids\u201d<\/li>\n<\/ul>\n\n\n\n<p>Muita sanamuotoja hakukoneet osaavat hakea vaihtelevasti. Kemian alan oma tietokanta SciFinder hakee eri sanamuotoja hyvin joustavasti. Web of Science l\u00f6yt\u00e4\u00e4 automaattisesti verbien eri taivutusmuotoja. Finna.fi osaa hakea suomen kielen taivutusta automaattisesti. T\u00e4m\u00e4 automatiikka tuottaa joskus yll\u00e4tt\u00e4vi\u00e4 tuloksia. <\/p>\n\n\n\n<p>Katso video (kesto 6:57).<br>Videolla k\u00e4ytet\u00e4\u00e4n esimerkkin\u00e4 UEF-Finna -hakukonetta. UEF-Finnaa ei en\u00e4\u00e4 ole, mutta kansallinen <strong>Finna.fi <\/strong>toimii kuten videolla. <br>Videon loppupuolella <strong>Web of Science<\/strong> -tietokanta (kohdasta 4:20 alkaen) on edelleen k\u00e4yt\u00f6ss\u00e4, vaikka k\u00e4ytt\u00f6liittym\u00e4 onkin hieman erin\u00e4k\u00f6inen.<\/p>\n\n\n\n<figure class=\"wp-block-embed is-type-video is-provider-youtube wp-block-embed-youtube wp-embed-aspect-16-9 wp-has-aspect-ratio\"><div class=\"wp-block-embed__wrapper\">\n<iframe loading=\"lazy\" title=\"Sanankatkaisu\" width=\"500\" height=\"281\" src=\"https:\/\/www.youtube.com\/embed\/gVLC60Z40l0?feature=oembed\" frameborder=\"0\" allow=\"accelerometer; autoplay; clipboard-write; encrypted-media; gyroscope; picture-in-picture; web-share\" referrerpolicy=\"strict-origin-when-cross-origin\" allowfullscreen><\/iframe>\n<\/div><\/figure>\n\n\n\n<h2 class=\"wp-block-heading\">Korvausmerkkej\u00e4 voi k\u00e4ytt\u00e4\u00e4 katkaisun sijasta<\/h2>\n\n\n\n<p>Jos sanankatkaisu antaa liian laajan tuloksen, voi katkaisun sijaan korvata yksitt\u00e4isi\u00e4 merkkej\u00e4 sanasta korvausmerkkien  (wildcards) avulla.<\/p>\n\n\n\n<p>Korvausmerkkej\u00e4 (wildcards) voi k\u00e4ytt\u00e4\u00e4 esimerkiksi hakusanoissa, joiden kirjoitusasu vaihtelee, esim. brittil\u00e4inen englanti vs. amerikanenglanti: organisation \u2013 organization. Ongelmallisen merkin kohdalle hakusanaan voi sijoittaa korvausmerkin. <\/p>\n\n\n\n<p>Monet kansainv\u00e4liset tietokannat ottavat t\u00e4llaiset kirjoitusmuotovariantit huomioon automaattisesti, eik\u00e4 korvausmerkki\u00e4 tarvita. T\u00e4h\u00e4nkin on poikkeus fraasihaku (lainausmerkkien k\u00e4ytt\u00f6), joka h\u00e4vitt\u00e4\u00e4 hakusanoihin liittyv\u00e4n automatiikan.<\/p>\n\n\n\n<p>Esimerkki:<\/p>\n\n\n\n<ul class=\"wp-block-list\">\n<li><em>color : <\/em>hakee sek\u00e4 color ett\u00e4 colour<\/li>\n\n\n\n<li><em>\u201dwood color\u201d<\/em> : hakee \u201dwood color\u201d; ei hae \u201dwood colour\u201d<\/li>\n\n\n\n<li><em>\u201dwood colo*r\u201d<\/em> : hakee sek\u00e4 \u201dwood color\u201d ett\u00e4 \u201dwood colour\u201d<\/li>\n<\/ul>\n\n\n\n<p>Fraasia voi n\u00e4iss\u00e4 tapauksissa hakea my\u00f6s toisella tavoin OR-operaattorin avulla.<\/p>\n\n\n\n<ul class=\"wp-block-list\">\n<li><em>&#8221;wood color&#8221; OR &#8221;wood colour&#8221;<\/em><\/li>\n<\/ul>\n\n\n\n<h3 class=\"wp-block-heading\">Korvausmerkkej\u00e4 on kahdenlaisia:<\/h3>\n\n\n\n<p>1) merkki korvaa sanasta t\u00e4sm\u00e4lleen yhden merkin<\/p>\n\n\n\n<ul class=\"wp-block-list\">\n<li><em>organi_ation<\/em> = organisation tai organization<\/li>\n<\/ul>\n\n\n\n<p>2) merkki korvaa sanasta yhden tai nolla merkki\u00e4<\/p>\n\n\n\n<ul class=\"wp-block-list\">\n<li><em>colo_r<\/em> = color tai colour<\/li>\n<\/ul>\n\n\n\n<p><strong>Korvausmerkkien symbolit<\/strong> vaihtelevat tietokannasta toiseen, eik\u00e4 niit\u00e4 aivan kaikkialla ole edes k\u00e4yt\u00f6ss\u00e4. Tietokannan k\u00e4ytt\u00f6ohjeesta (Help, Tips) korvausmerkit voi tarkistaa helposti.<\/p>\n\n\n\n<p class=\"has-text-align-right\">Seuraava sivu: <a href=\"https:\/\/blogs.uef.fi\/tiedonhaku-kemia\/asiasanahaku\/\">Asiasanahaku<\/a><\/p>\n","protected":false},"excerpt":{"rendered":"<p>Sanat taipuvat tai esiintyv\u00e4t yhdyssanojen osina. Sanoista saa muokattua erilaisia johdannaisia. Kun halutaan hakea kaikkia erilaisia sanamuotoja, on se ilmaistava hakusanan muodossa. Katkaise sana asteriskin avulla Erilaiset sanamuodot voi hakea sanankatkaisun (truncation) avulla. Sanankatkaisu tapahtuu k\u00e4ytt\u00e4m\u00e4ll\u00e4 hakusanana sanan taipumatonta vartaloa, johon liitet\u00e4\u00e4n katkaisumerkki (truncation mark). Katkaisumerkkin\u00e4 k\u00e4ytet\u00e4\u00e4n asteriskia (t\u00e4htimerkki): comput* Yleiss\u00e4\u00e4nt\u00f6 on, ett\u00e4 k\u00e4ytt\u00e4m\u00e4ll\u00e4 sanankatkaisua [&hellip;]<\/p>\n","protected":false},"author":127,"featured_media":0,"parent":302,"menu_order":0,"comment_status":"closed","ping_status":"closed","template":"","meta":{"_acf_changed":false,"footnotes":""},"class_list":["post-259","page","type-page","status-publish","hentry"],"acf":[],"yoast_head":"<!-- This site is optimized with the Yoast SEO plugin v27.1.1 - https:\/\/yoast.com\/product\/yoast-seo-wordpress\/ -->\n<title>Sanankatkaisu - Kemian tiedonhaku \/ UEF kirjasto<\/title>\n<meta name=\"robots\" content=\"index, follow, max-snippet:-1, max-image-preview:large, max-video-preview:-1\" \/>\n<link rel=\"canonical\" href=\"https:\/\/blogs.uef.fi\/tiedonhaku-kemia\/hakusanat\/sanankatkaisu\/\" \/>\n<meta property=\"og:locale\" content=\"fi_FI\" \/>\n<meta property=\"og:type\" content=\"article\" \/>\n<meta property=\"og:title\" content=\"Sanankatkaisu - Kemian tiedonhaku \/ UEF kirjasto\" \/>\n<meta property=\"og:description\" content=\"Sanat taipuvat tai esiintyv\u00e4t yhdyssanojen osina. Sanoista saa muokattua erilaisia johdannaisia. Kun halutaan hakea kaikkia erilaisia sanamuotoja, on se ilmaistava hakusanan muodossa. Katkaise sana asteriskin avulla Erilaiset sanamuodot voi hakea sanankatkaisun (truncation) avulla. Sanankatkaisu tapahtuu k\u00e4ytt\u00e4m\u00e4ll\u00e4 hakusanana sanan taipumatonta vartaloa, johon liitet\u00e4\u00e4n katkaisumerkki (truncation mark). Katkaisumerkkin\u00e4 k\u00e4ytet\u00e4\u00e4n asteriskia (t\u00e4htimerkki): comput* Yleiss\u00e4\u00e4nt\u00f6 on, ett\u00e4 k\u00e4ytt\u00e4m\u00e4ll\u00e4 sanankatkaisua [&hellip;]\" \/>\n<meta property=\"og:url\" content=\"https:\/\/blogs.uef.fi\/tiedonhaku-kemia\/hakusanat\/sanankatkaisu\/\" \/>\n<meta property=\"og:site_name\" content=\"Kemian tiedonhaku \/ UEF kirjasto\" \/>\n<meta property=\"article:modified_time\" content=\"2025-08-20T09:38:37+00:00\" \/>\n<meta property=\"og:image\" content=\"https:\/\/blogs.uef.fi\/tiedonhaku-kemia\/wp-content\/uploads\/sites\/177\/2022\/04\/KEM_katkaisu.png\" \/>\n\t<meta property=\"og:image:width\" content=\"1058\" \/>\n\t<meta property=\"og:image:height\" content=\"582\" \/>\n\t<meta property=\"og:image:type\" content=\"image\/png\" \/>\n<meta name=\"twitter:card\" content=\"summary_large_image\" \/>\n<meta name=\"twitter:label1\" content=\"Arvioitu lukuaika\" \/>\n\t<meta name=\"twitter:data1\" content=\"4 minuuttia\" \/>\n<script type=\"application\/ld+json\" class=\"yoast-schema-graph\">{\"@context\":\"https:\/\/schema.org\",\"@graph\":[{\"@type\":\"WebPage\",\"@id\":\"https:\/\/blogs.uef.fi\/tiedonhaku-kemia\/hakusanat\/sanankatkaisu\/\",\"url\":\"https:\/\/blogs.uef.fi\/tiedonhaku-kemia\/hakusanat\/sanankatkaisu\/\",\"name\":\"Sanankatkaisu - Kemian tiedonhaku \/ UEF kirjasto\",\"isPartOf\":{\"@id\":\"https:\/\/blogs.uef.fi\/tiedonhaku-kemia\/#website\"},\"primaryImageOfPage\":{\"@id\":\"https:\/\/blogs.uef.fi\/tiedonhaku-kemia\/hakusanat\/sanankatkaisu\/#primaryimage\"},\"image\":{\"@id\":\"https:\/\/blogs.uef.fi\/tiedonhaku-kemia\/hakusanat\/sanankatkaisu\/#primaryimage\"},\"thumbnailUrl\":\"https:\/\/blogs.uef.fi\/tiedonhaku-kemia\/wp-content\/uploads\/sites\/177\/2022\/04\/KEM_katkaisu.png\",\"datePublished\":\"2022-03-15T13:22:49+00:00\",\"dateModified\":\"2025-08-20T09:38:37+00:00\",\"breadcrumb\":{\"@id\":\"https:\/\/blogs.uef.fi\/tiedonhaku-kemia\/hakusanat\/sanankatkaisu\/#breadcrumb\"},\"inLanguage\":\"fi\",\"potentialAction\":[{\"@type\":\"ReadAction\",\"target\":[\"https:\/\/blogs.uef.fi\/tiedonhaku-kemia\/hakusanat\/sanankatkaisu\/\"]}]},{\"@type\":\"ImageObject\",\"inLanguage\":\"fi\",\"@id\":\"https:\/\/blogs.uef.fi\/tiedonhaku-kemia\/hakusanat\/sanankatkaisu\/#primaryimage\",\"url\":\"https:\/\/blogs.uef.fi\/tiedonhaku-kemia\/wp-content\/uploads\/sites\/177\/2022\/04\/KEM_katkaisu.png\",\"contentUrl\":\"https:\/\/blogs.uef.fi\/tiedonhaku-kemia\/wp-content\/uploads\/sites\/177\/2022\/04\/KEM_katkaisu.png\",\"width\":1058,\"height\":582},{\"@type\":\"BreadcrumbList\",\"@id\":\"https:\/\/blogs.uef.fi\/tiedonhaku-kemia\/hakusanat\/sanankatkaisu\/#breadcrumb\",\"itemListElement\":[{\"@type\":\"ListItem\",\"position\":1,\"name\":\"Home\",\"item\":\"https:\/\/blogs.uef.fi\/tiedonhaku-kemia\/\"},{\"@type\":\"ListItem\",\"position\":2,\"name\":\"Hakusanat\",\"item\":\"https:\/\/blogs.uef.fi\/tiedonhaku-kemia\/hakusanat\/\"},{\"@type\":\"ListItem\",\"position\":3,\"name\":\"Sanankatkaisu\"}]},{\"@type\":\"WebSite\",\"@id\":\"https:\/\/blogs.uef.fi\/tiedonhaku-kemia\/#website\",\"url\":\"https:\/\/blogs.uef.fi\/tiedonhaku-kemia\/\",\"name\":\"Kemian tiedonhaku \/ UEF kirjasto\",\"description\":\"Kemian tiedonhaku on kattava oppimateriaali tiedonhakuun kemisteille. Se sis\u00e4lt\u00e4\u00e4 yleiset tiedonhaun tekniikat sek\u00e4 kemian alan tiedonl\u00e4hteet ohjeineen ja esimerkkihakuineen.\",\"potentialAction\":[{\"@type\":\"SearchAction\",\"target\":{\"@type\":\"EntryPoint\",\"urlTemplate\":\"https:\/\/blogs.uef.fi\/tiedonhaku-kemia\/?s={search_term_string}\"},\"query-input\":{\"@type\":\"PropertyValueSpecification\",\"valueRequired\":true,\"valueName\":\"search_term_string\"}}],\"inLanguage\":\"fi\"}]}<\/script>\n<!-- \/ Yoast SEO plugin. -->","yoast_head_json":{"title":"Sanankatkaisu - Kemian tiedonhaku \/ UEF kirjasto","robots":{"index":"index","follow":"follow","max-snippet":"max-snippet:-1","max-image-preview":"max-image-preview:large","max-video-preview":"max-video-preview:-1"},"canonical":"https:\/\/blogs.uef.fi\/tiedonhaku-kemia\/hakusanat\/sanankatkaisu\/","og_locale":"fi_FI","og_type":"article","og_title":"Sanankatkaisu - Kemian tiedonhaku \/ UEF kirjasto","og_description":"Sanat taipuvat tai esiintyv\u00e4t yhdyssanojen osina. Sanoista saa muokattua erilaisia johdannaisia. Kun halutaan hakea kaikkia erilaisia sanamuotoja, on se ilmaistava hakusanan muodossa. Katkaise sana asteriskin avulla Erilaiset sanamuodot voi hakea sanankatkaisun (truncation) avulla. Sanankatkaisu tapahtuu k\u00e4ytt\u00e4m\u00e4ll\u00e4 hakusanana sanan taipumatonta vartaloa, johon liitet\u00e4\u00e4n katkaisumerkki (truncation mark). Katkaisumerkkin\u00e4 k\u00e4ytet\u00e4\u00e4n asteriskia (t\u00e4htimerkki): comput* Yleiss\u00e4\u00e4nt\u00f6 on, ett\u00e4 k\u00e4ytt\u00e4m\u00e4ll\u00e4 sanankatkaisua [&hellip;]","og_url":"https:\/\/blogs.uef.fi\/tiedonhaku-kemia\/hakusanat\/sanankatkaisu\/","og_site_name":"Kemian tiedonhaku \/ UEF kirjasto","article_modified_time":"2025-08-20T09:38:37+00:00","og_image":[{"width":1058,"height":582,"url":"https:\/\/blogs.uef.fi\/tiedonhaku-kemia\/wp-content\/uploads\/sites\/177\/2022\/04\/KEM_katkaisu.png","type":"image\/png"}],"twitter_card":"summary_large_image","twitter_misc":{"Arvioitu lukuaika":"4 minuuttia"},"schema":{"@context":"https:\/\/schema.org","@graph":[{"@type":"WebPage","@id":"https:\/\/blogs.uef.fi\/tiedonhaku-kemia\/hakusanat\/sanankatkaisu\/","url":"https:\/\/blogs.uef.fi\/tiedonhaku-kemia\/hakusanat\/sanankatkaisu\/","name":"Sanankatkaisu - Kemian tiedonhaku \/ UEF kirjasto","isPartOf":{"@id":"https:\/\/blogs.uef.fi\/tiedonhaku-kemia\/#website"},"primaryImageOfPage":{"@id":"https:\/\/blogs.uef.fi\/tiedonhaku-kemia\/hakusanat\/sanankatkaisu\/#primaryimage"},"image":{"@id":"https:\/\/blogs.uef.fi\/tiedonhaku-kemia\/hakusanat\/sanankatkaisu\/#primaryimage"},"thumbnailUrl":"https:\/\/blogs.uef.fi\/tiedonhaku-kemia\/wp-content\/uploads\/sites\/177\/2022\/04\/KEM_katkaisu.png","datePublished":"2022-03-15T13:22:49+00:00","dateModified":"2025-08-20T09:38:37+00:00","breadcrumb":{"@id":"https:\/\/blogs.uef.fi\/tiedonhaku-kemia\/hakusanat\/sanankatkaisu\/#breadcrumb"},"inLanguage":"fi","potentialAction":[{"@type":"ReadAction","target":["https:\/\/blogs.uef.fi\/tiedonhaku-kemia\/hakusanat\/sanankatkaisu\/"]}]},{"@type":"ImageObject","inLanguage":"fi","@id":"https:\/\/blogs.uef.fi\/tiedonhaku-kemia\/hakusanat\/sanankatkaisu\/#primaryimage","url":"https:\/\/blogs.uef.fi\/tiedonhaku-kemia\/wp-content\/uploads\/sites\/177\/2022\/04\/KEM_katkaisu.png","contentUrl":"https:\/\/blogs.uef.fi\/tiedonhaku-kemia\/wp-content\/uploads\/sites\/177\/2022\/04\/KEM_katkaisu.png","width":1058,"height":582},{"@type":"BreadcrumbList","@id":"https:\/\/blogs.uef.fi\/tiedonhaku-kemia\/hakusanat\/sanankatkaisu\/#breadcrumb","itemListElement":[{"@type":"ListItem","position":1,"name":"Home","item":"https:\/\/blogs.uef.fi\/tiedonhaku-kemia\/"},{"@type":"ListItem","position":2,"name":"Hakusanat","item":"https:\/\/blogs.uef.fi\/tiedonhaku-kemia\/hakusanat\/"},{"@type":"ListItem","position":3,"name":"Sanankatkaisu"}]},{"@type":"WebSite","@id":"https:\/\/blogs.uef.fi\/tiedonhaku-kemia\/#website","url":"https:\/\/blogs.uef.fi\/tiedonhaku-kemia\/","name":"Kemian tiedonhaku \/ UEF kirjasto","description":"Kemian tiedonhaku on kattava oppimateriaali tiedonhakuun kemisteille. Se sis\u00e4lt\u00e4\u00e4 yleiset tiedonhaun tekniikat sek\u00e4 kemian alan tiedonl\u00e4hteet ohjeineen ja esimerkkihakuineen.","potentialAction":[{"@type":"SearchAction","target":{"@type":"EntryPoint","urlTemplate":"https:\/\/blogs.uef.fi\/tiedonhaku-kemia\/?s={search_term_string}"},"query-input":{"@type":"PropertyValueSpecification","valueRequired":true,"valueName":"search_term_string"}}],"inLanguage":"fi"}]}},"_links":{"self":[{"href":"https:\/\/blogs.uef.fi\/tiedonhaku-kemia\/wp-json\/wp\/v2\/pages\/259","targetHints":{"allow":["GET"]}}],"collection":[{"href":"https:\/\/blogs.uef.fi\/tiedonhaku-kemia\/wp-json\/wp\/v2\/pages"}],"about":[{"href":"https:\/\/blogs.uef.fi\/tiedonhaku-kemia\/wp-json\/wp\/v2\/types\/page"}],"author":[{"embeddable":true,"href":"https:\/\/blogs.uef.fi\/tiedonhaku-kemia\/wp-json\/wp\/v2\/users\/127"}],"replies":[{"embeddable":true,"href":"https:\/\/blogs.uef.fi\/tiedonhaku-kemia\/wp-json\/wp\/v2\/comments?post=259"}],"version-history":[{"count":2,"href":"https:\/\/blogs.uef.fi\/tiedonhaku-kemia\/wp-json\/wp\/v2\/pages\/259\/revisions"}],"predecessor-version":[{"id":3579,"href":"https:\/\/blogs.uef.fi\/tiedonhaku-kemia\/wp-json\/wp\/v2\/pages\/259\/revisions\/3579"}],"up":[{"embeddable":true,"href":"https:\/\/blogs.uef.fi\/tiedonhaku-kemia\/wp-json\/wp\/v2\/pages\/302"}],"wp:attachment":[{"href":"https:\/\/blogs.uef.fi\/tiedonhaku-kemia\/wp-json\/wp\/v2\/media?parent=259"}],"curies":[{"name":"wp","href":"https:\/\/api.w.org\/{rel}","templated":true}]}}