{"id":250,"date":"2022-03-15T14:54:32","date_gmt":"2022-03-15T12:54:32","guid":{"rendered":"https:\/\/blogs.uef.fi\/tiedonhaku-kemia\/?page_id=250"},"modified":"2024-08-07T12:10:48","modified_gmt":"2024-08-07T10:10:48","slug":"sanaliitot-eli-fraasit","status":"publish","type":"page","link":"https:\/\/blogs.uef.fi\/tiedonhaku-kemia\/hakusanat\/sanaliitot-eli-fraasit\/","title":{"rendered":"Sanaliitot eli fraasit"},"content":{"rendered":"\n<p style=\"font-size:18px\">Sanaliitto on sanapari tai -ryhm\u00e4, jonka merkitysseikat sitovat yhteen.<\/p>\n\n\n\n<p>Jotta sanaliiton eli fraasin (phrase) sanat pysyisiv\u00e4t haussa per\u00e4kk\u00e4in ja halutussa j\u00e4rjestyksess\u00e4, joudutaan hakuj\u00e4rjestelmiss\u00e4 m\u00e4\u00e4r\u00e4\u00e4m\u00e4\u00e4n t\u00e4m\u00e4 erikseen.<\/p>\n\n\n\n<p><strong>Fraasin merkkin\u00e4 tiedonhaussa k\u00e4ytet\u00e4\u00e4n lainausmerkkej\u00e4 <\/strong>sanaliiton ymp\u00e4rill\u00e4: <em>\u201dheavy metal\u201d<\/em>.<\/p>\n\n\n\n<h2 class=\"wp-block-heading\">Fraasi tarkentaa tulosta<\/h2>\n\n\n\n<p>Fraasin merkitys tiedonhaussa on se, ett\u00e4 fraasin avulla hakua saadaan <strong>aiheeltaan tarkemmaksi.<\/strong> Samalla my\u00f6s <strong>hakutulosten m\u00e4\u00e4r\u00e4 pienenee.<\/strong><\/p>\n\n\n\n<p>Fraasin k\u00e4ytt\u00f6 voi my\u00f6s joissakin tapauksissa rajata hyvi\u00e4kin osumia pois hakutuloksesta. Koska fraasin sanojen j\u00e4rjestys on ehdoton, ei haku ymm\u00e4rr\u00e4 samankaltaisuutta esimerkiksi fraasien <em>\u201dsoil chemistry\u201d<\/em> ja <em>\u201dchemistry of soil\u201d<\/em> v\u00e4lill\u00e4. My\u00f6s tarkemmat ilmaisut, kuten <em>\u201dwater quality analysis\u201d<\/em>, haettaessa fraasilla <em>\u201dwater analysis\u201d<\/em>, rajautuvat ulos. Fraasia k\u00e4ytett\u00e4ess\u00e4 voi siis joutua hakemaan useammalla fraasilla yht\u00e4 aikaa.<\/p>\n\n\n\n<div class=\"links-block\">\n\n    \n    <ul class=\"link-list\">\n        \n            \n            <li class=\"link-list-item\">\n                <a href=\"https:\/\/uef.cloud.panopto.eu\/Panopto\/Pages\/Viewer.aspx?id=0b3ff4ce-ef8d-4668-b256-b0f500d9e681\" class=\"link-reset link hover-scale-down\">\n                    <svg\n        width=\"43\" height=\"25\"\n        viewBox=\"0 0 43 25\"\n        xmlns=\"http:\/\/www.w3.org\/2000\/svg\">\n    <path\n        d=\"M30.027 0 43 12.5 30.027 25 27 22.083 34.351 15H0v-5h34.351L27 2.917z\"\n        fill=\"currentColor\"\n        fill-rule=\"evenodd\"\/>\n<\/svg>                    <div>Katso video fraasin vaikutuksesta hakutuloksiin eri tilanteissa (2:25)<\/div>\n                <\/a>\n                <div class=\"link-info\">\n                                    <\/div>\n            <\/li>\n\n                <\/ul>\n<\/div>\n\n\n<p>Ilman lainausmerkkej\u00e4 kahden sanan v\u00e4lill\u00e4 on AND-operaattori, vaikka sit\u00e4 ei n\u00e4kyville kirjoittaisikaan (lis\u00e4\u00e4 operaattoreista luvussa <a href=\"https:\/\/blogs.uef.fi\/tiedonhaku-kemia\/hakusanojen-yhdistaminen\/\">Hakusanojen yhdist\u00e4minen<\/a>). Vertaa hakutuloksia:<\/p>\n\n\n\n<figure class=\"wp-block-image aligncenter size-full is-resized\"><img loading=\"lazy\" decoding=\"async\" width=\"1124\" height=\"408\" src=\"https:\/\/blogs.uef.fi\/tiedonhaku-kemia\/wp-content\/uploads\/sites\/177\/2022\/04\/KEM_fraasi.png\" alt=\"Teksti\u00e4. Green chemistry&quot;, 151. Green chemistry, 336. Green and chemistry, 336.\" class=\"wp-image-1056\" style=\"width:600px\" srcset=\"https:\/\/blogs.uef.fi\/tiedonhaku-kemia\/wp-content\/uploads\/sites\/177\/2022\/04\/KEM_fraasi.png 1124w, https:\/\/blogs.uef.fi\/tiedonhaku-kemia\/wp-content\/uploads\/sites\/177\/2022\/04\/KEM_fraasi-300x109.png 300w, https:\/\/blogs.uef.fi\/tiedonhaku-kemia\/wp-content\/uploads\/sites\/177\/2022\/04\/KEM_fraasi-1024x372.png 1024w, https:\/\/blogs.uef.fi\/tiedonhaku-kemia\/wp-content\/uploads\/sites\/177\/2022\/04\/KEM_fraasi-768x279.png 768w\" sizes=\"auto, (max-width: 1124px) 100vw, 1124px\" \/><\/figure>\n\n\n\n<p>Ilman fraasia hakusanat voivat siis esiinty\u00e4 miss\u00e4 tahansa tekstin joukossa: eri kentiss\u00e4 tai l\u00e4hell\u00e4 tai kaukana toisistaan.<\/p>\n\n\n\n<figure class=\"wp-block-image size-full is-resized\"><img loading=\"lazy\" decoding=\"async\" width=\"2841\" height=\"738\" src=\"https:\/\/blogs.uef.fi\/tiedonhaku-kemia\/wp-content\/uploads\/sites\/177\/2022\/04\/KEM_sanat_vs_fraasi.png\" alt=\"Kaksi tekstinp\u00e4tk\u00e4\u00e4, joissa korostettuna sanat \u2019heavy\u2019 ja \u2019metal\u2019. Ensimm\u00e4isess\u00e4 tekstiss\u00e4: the accretion of heavy metal ions. Toisessa tekstiss\u00e4: heavy infiltration of inflammatory cells along with metal.\" class=\"wp-image-1163\" style=\"width:600px\" srcset=\"https:\/\/blogs.uef.fi\/tiedonhaku-kemia\/wp-content\/uploads\/sites\/177\/2022\/04\/KEM_sanat_vs_fraasi.png 2841w, https:\/\/blogs.uef.fi\/tiedonhaku-kemia\/wp-content\/uploads\/sites\/177\/2022\/04\/KEM_sanat_vs_fraasi-300x78.png 300w, https:\/\/blogs.uef.fi\/tiedonhaku-kemia\/wp-content\/uploads\/sites\/177\/2022\/04\/KEM_sanat_vs_fraasi-1024x266.png 1024w, https:\/\/blogs.uef.fi\/tiedonhaku-kemia\/wp-content\/uploads\/sites\/177\/2022\/04\/KEM_sanat_vs_fraasi-768x200.png 768w, https:\/\/blogs.uef.fi\/tiedonhaku-kemia\/wp-content\/uploads\/sites\/177\/2022\/04\/KEM_sanat_vs_fraasi-1536x399.png 1536w, https:\/\/blogs.uef.fi\/tiedonhaku-kemia\/wp-content\/uploads\/sites\/177\/2022\/04\/KEM_sanat_vs_fraasi-2048x532.png 2048w\" sizes=\"auto, (max-width: 2841px) 100vw, 2841px\" \/><figcaption class=\"wp-element-caption\"><em>Sanaliitto vs. yksitt\u00e4iset sanat. sanaliitolla on yksi tietty merkitys, yksitt\u00e4iset sanat edustavat erillisi\u00e4 k\u00e4sitteit\u00e4.<\/em><\/figcaption><\/figure>\n\n\n\n<p>Katso video (3:43):<\/p>\n\n\n\n<figure class=\"wp-block-embed is-type-video is-provider-youtube wp-block-embed-youtube wp-embed-aspect-16-9 wp-has-aspect-ratio\"><div class=\"wp-block-embed__wrapper\">\n<iframe loading=\"lazy\" title=\"Fraasihaku\" width=\"500\" height=\"281\" src=\"https:\/\/www.youtube.com\/embed\/_xVJ_bPmNac?feature=oembed\" frameborder=\"0\" allow=\"accelerometer; autoplay; clipboard-write; encrypted-media; gyroscope; picture-in-picture; web-share\" referrerpolicy=\"strict-origin-when-cross-origin\" allowfullscreen><\/iframe>\n<\/div><\/figure>\n\n\n\n<h2 class=\"wp-block-heading\">Fraasin merkitseminen tietokannassa<\/h2>\n\n\n\n<p>Kirjoita itse lainausmerkit sanaliiton ymp\u00e4rille. Lainausmerkki tarkoittaa t\u00e4ss\u00e4 2-n\u00e4pp\u00e4imen yl\u00e4puolista tuplaheittomerkki\u00e4.<\/p>\n\n\n\n<figure class=\"wp-block-image size-full is-resized\"><img loading=\"lazy\" decoding=\"async\" width=\"596\" height=\"305\" src=\"https:\/\/blogs.uef.fi\/tiedonhaku-kemia\/wp-content\/uploads\/sites\/177\/2022\/04\/KEM_fraasi_tk.png\" alt=\"Kuvakaappaus Web of science -tietokannasta. Hakuriville kirjoitettu \u201dheavy metal contamination\u201d, lainausmerkkien sis\u00e4\u00e4n.\" class=\"wp-image-1184\" style=\"object-fit:cover\" srcset=\"https:\/\/blogs.uef.fi\/tiedonhaku-kemia\/wp-content\/uploads\/sites\/177\/2022\/04\/KEM_fraasi_tk.png 596w, https:\/\/blogs.uef.fi\/tiedonhaku-kemia\/wp-content\/uploads\/sites\/177\/2022\/04\/KEM_fraasi_tk-300x154.png 300w\" sizes=\"auto, (max-width: 596px) 100vw, 596px\" \/><figcaption class=\"wp-element-caption\"><em>Fraasissa voi olla enemm\u00e4nkin kuin kaksi sanaa. Esimerkki Web of Science -tietokannasta.<\/em><\/figcaption><\/figure>\n\n\n\n<p>Vinkki: My\u00f6s Google ymm\u00e4rt\u00e4\u00e4 lainausmerkit.<\/p>\n\n\n\n<p class=\"has-text-align-right\">Seuraava sivu: <a href=\"https:\/\/blogs.uef.fi\/tiedonhaku-kemia\/sanankatkaisu\/\">Sanankatkaisu<\/a><\/p>\n","protected":false},"excerpt":{"rendered":"<p>Sanaliitto on sanapari tai -ryhm\u00e4, jonka merkitysseikat sitovat yhteen. Jotta sanaliiton eli fraasin (phrase) sanat pysyisiv\u00e4t haussa per\u00e4kk\u00e4in ja halutussa j\u00e4rjestyksess\u00e4, joudutaan hakuj\u00e4rjestelmiss\u00e4 m\u00e4\u00e4r\u00e4\u00e4m\u00e4\u00e4n t\u00e4m\u00e4 erikseen. Fraasin merkkin\u00e4 tiedonhaussa k\u00e4ytet\u00e4\u00e4n lainausmerkkej\u00e4 sanaliiton ymp\u00e4rill\u00e4: \u201dheavy metal\u201d. Fraasi tarkentaa tulosta Fraasin merkitys tiedonhaussa on se, ett\u00e4 fraasin avulla hakua saadaan aiheeltaan tarkemmaksi. Samalla my\u00f6s hakutulosten m\u00e4\u00e4r\u00e4 pienenee. [&hellip;]<\/p>\n","protected":false},"author":127,"featured_media":0,"parent":302,"menu_order":0,"comment_status":"closed","ping_status":"closed","template":"","meta":{"_acf_changed":false,"footnotes":""},"class_list":["post-250","page","type-page","status-publish","hentry"],"acf":[],"yoast_head":"<!-- This site is optimized with the Yoast SEO plugin v27.3 - https:\/\/yoast.com\/product\/yoast-seo-wordpress\/ -->\n<title>Sanaliitot eli fraasit - Kemian tiedonhaku \/ UEF kirjasto<\/title>\n<meta name=\"robots\" content=\"index, follow, max-snippet:-1, max-image-preview:large, max-video-preview:-1\" \/>\n<link rel=\"canonical\" href=\"https:\/\/blogs.uef.fi\/tiedonhaku-kemia\/hakusanat\/sanaliitot-eli-fraasit\/\" \/>\n<meta property=\"og:locale\" content=\"fi_FI\" \/>\n<meta property=\"og:type\" content=\"article\" \/>\n<meta property=\"og:title\" content=\"Sanaliitot eli fraasit - Kemian tiedonhaku \/ UEF kirjasto\" \/>\n<meta property=\"og:description\" content=\"Sanaliitto on sanapari tai -ryhm\u00e4, jonka merkitysseikat sitovat yhteen. Jotta sanaliiton eli fraasin (phrase) sanat pysyisiv\u00e4t haussa per\u00e4kk\u00e4in ja halutussa j\u00e4rjestyksess\u00e4, joudutaan hakuj\u00e4rjestelmiss\u00e4 m\u00e4\u00e4r\u00e4\u00e4m\u00e4\u00e4n t\u00e4m\u00e4 erikseen. Fraasin merkkin\u00e4 tiedonhaussa k\u00e4ytet\u00e4\u00e4n lainausmerkkej\u00e4 sanaliiton ymp\u00e4rill\u00e4: \u201dheavy metal\u201d. Fraasi tarkentaa tulosta Fraasin merkitys tiedonhaussa on se, ett\u00e4 fraasin avulla hakua saadaan aiheeltaan tarkemmaksi. Samalla my\u00f6s hakutulosten m\u00e4\u00e4r\u00e4 pienenee. [&hellip;]\" \/>\n<meta property=\"og:url\" content=\"https:\/\/blogs.uef.fi\/tiedonhaku-kemia\/hakusanat\/sanaliitot-eli-fraasit\/\" \/>\n<meta property=\"og:site_name\" content=\"Kemian tiedonhaku \/ UEF kirjasto\" \/>\n<meta property=\"article:modified_time\" content=\"2024-08-07T10:10:48+00:00\" \/>\n<meta property=\"og:image\" content=\"https:\/\/blogs.uef.fi\/tiedonhaku-kemia\/wp-content\/uploads\/sites\/177\/2022\/04\/KEM_fraasi.png\" \/>\n<meta name=\"twitter:card\" content=\"summary_large_image\" \/>\n<meta name=\"twitter:label1\" content=\"Arvioitu lukuaika\" \/>\n\t<meta name=\"twitter:data1\" content=\"2 minuuttia\" \/>\n<script type=\"application\/ld+json\" class=\"yoast-schema-graph\">{\"@context\":\"https:\\\/\\\/schema.org\",\"@graph\":[{\"@type\":\"WebPage\",\"@id\":\"https:\\\/\\\/blogs.uef.fi\\\/tiedonhaku-kemia\\\/hakusanat\\\/sanaliitot-eli-fraasit\\\/\",\"url\":\"https:\\\/\\\/blogs.uef.fi\\\/tiedonhaku-kemia\\\/hakusanat\\\/sanaliitot-eli-fraasit\\\/\",\"name\":\"Sanaliitot eli fraasit - Kemian tiedonhaku \\\/ UEF kirjasto\",\"isPartOf\":{\"@id\":\"https:\\\/\\\/blogs.uef.fi\\\/tiedonhaku-kemia\\\/#website\"},\"primaryImageOfPage\":{\"@id\":\"https:\\\/\\\/blogs.uef.fi\\\/tiedonhaku-kemia\\\/hakusanat\\\/sanaliitot-eli-fraasit\\\/#primaryimage\"},\"image\":{\"@id\":\"https:\\\/\\\/blogs.uef.fi\\\/tiedonhaku-kemia\\\/hakusanat\\\/sanaliitot-eli-fraasit\\\/#primaryimage\"},\"thumbnailUrl\":\"https:\\\/\\\/blogs.uef.fi\\\/tiedonhaku-kemia\\\/wp-content\\\/uploads\\\/sites\\\/177\\\/2022\\\/04\\\/KEM_fraasi.png\",\"datePublished\":\"2022-03-15T12:54:32+00:00\",\"dateModified\":\"2024-08-07T10:10:48+00:00\",\"breadcrumb\":{\"@id\":\"https:\\\/\\\/blogs.uef.fi\\\/tiedonhaku-kemia\\\/hakusanat\\\/sanaliitot-eli-fraasit\\\/#breadcrumb\"},\"inLanguage\":\"fi\",\"potentialAction\":[{\"@type\":\"ReadAction\",\"target\":[\"https:\\\/\\\/blogs.uef.fi\\\/tiedonhaku-kemia\\\/hakusanat\\\/sanaliitot-eli-fraasit\\\/\"]}]},{\"@type\":\"ImageObject\",\"inLanguage\":\"fi\",\"@id\":\"https:\\\/\\\/blogs.uef.fi\\\/tiedonhaku-kemia\\\/hakusanat\\\/sanaliitot-eli-fraasit\\\/#primaryimage\",\"url\":\"https:\\\/\\\/blogs.uef.fi\\\/tiedonhaku-kemia\\\/wp-content\\\/uploads\\\/sites\\\/177\\\/2022\\\/04\\\/KEM_fraasi.png\",\"contentUrl\":\"https:\\\/\\\/blogs.uef.fi\\\/tiedonhaku-kemia\\\/wp-content\\\/uploads\\\/sites\\\/177\\\/2022\\\/04\\\/KEM_fraasi.png\",\"width\":1124,\"height\":408},{\"@type\":\"BreadcrumbList\",\"@id\":\"https:\\\/\\\/blogs.uef.fi\\\/tiedonhaku-kemia\\\/hakusanat\\\/sanaliitot-eli-fraasit\\\/#breadcrumb\",\"itemListElement\":[{\"@type\":\"ListItem\",\"position\":1,\"name\":\"Home\",\"item\":\"https:\\\/\\\/blogs.uef.fi\\\/tiedonhaku-kemia\\\/\"},{\"@type\":\"ListItem\",\"position\":2,\"name\":\"Hakusanat\",\"item\":\"https:\\\/\\\/blogs.uef.fi\\\/tiedonhaku-kemia\\\/hakusanat\\\/\"},{\"@type\":\"ListItem\",\"position\":3,\"name\":\"Sanaliitot eli fraasit\"}]},{\"@type\":\"WebSite\",\"@id\":\"https:\\\/\\\/blogs.uef.fi\\\/tiedonhaku-kemia\\\/#website\",\"url\":\"https:\\\/\\\/blogs.uef.fi\\\/tiedonhaku-kemia\\\/\",\"name\":\"Kemian tiedonhaku \\\/ UEF kirjasto\",\"description\":\"Kemian tiedonhaku on kattava oppimateriaali tiedonhakuun kemisteille. Se sis\u00e4lt\u00e4\u00e4 yleiset tiedonhaun tekniikat sek\u00e4 kemian alan tiedonl\u00e4hteet ohjeineen ja esimerkkihakuineen.\",\"potentialAction\":[{\"@type\":\"SearchAction\",\"target\":{\"@type\":\"EntryPoint\",\"urlTemplate\":\"https:\\\/\\\/blogs.uef.fi\\\/tiedonhaku-kemia\\\/?s={search_term_string}\"},\"query-input\":{\"@type\":\"PropertyValueSpecification\",\"valueRequired\":true,\"valueName\":\"search_term_string\"}}],\"inLanguage\":\"fi\"}]}<\/script>\n<!-- \/ Yoast SEO plugin. -->","yoast_head_json":{"title":"Sanaliitot eli fraasit - Kemian tiedonhaku \/ UEF kirjasto","robots":{"index":"index","follow":"follow","max-snippet":"max-snippet:-1","max-image-preview":"max-image-preview:large","max-video-preview":"max-video-preview:-1"},"canonical":"https:\/\/blogs.uef.fi\/tiedonhaku-kemia\/hakusanat\/sanaliitot-eli-fraasit\/","og_locale":"fi_FI","og_type":"article","og_title":"Sanaliitot eli fraasit - Kemian tiedonhaku \/ UEF kirjasto","og_description":"Sanaliitto on sanapari tai -ryhm\u00e4, jonka merkitysseikat sitovat yhteen. Jotta sanaliiton eli fraasin (phrase) sanat pysyisiv\u00e4t haussa per\u00e4kk\u00e4in ja halutussa j\u00e4rjestyksess\u00e4, joudutaan hakuj\u00e4rjestelmiss\u00e4 m\u00e4\u00e4r\u00e4\u00e4m\u00e4\u00e4n t\u00e4m\u00e4 erikseen. Fraasin merkkin\u00e4 tiedonhaussa k\u00e4ytet\u00e4\u00e4n lainausmerkkej\u00e4 sanaliiton ymp\u00e4rill\u00e4: \u201dheavy metal\u201d. Fraasi tarkentaa tulosta Fraasin merkitys tiedonhaussa on se, ett\u00e4 fraasin avulla hakua saadaan aiheeltaan tarkemmaksi. Samalla my\u00f6s hakutulosten m\u00e4\u00e4r\u00e4 pienenee. [&hellip;]","og_url":"https:\/\/blogs.uef.fi\/tiedonhaku-kemia\/hakusanat\/sanaliitot-eli-fraasit\/","og_site_name":"Kemian tiedonhaku \/ UEF kirjasto","article_modified_time":"2024-08-07T10:10:48+00:00","og_image":[{"url":"https:\/\/blogs.uef.fi\/tiedonhaku-kemia\/wp-content\/uploads\/sites\/177\/2022\/04\/KEM_fraasi.png","type":"","width":"","height":""}],"twitter_card":"summary_large_image","twitter_misc":{"Arvioitu lukuaika":"2 minuuttia"},"schema":{"@context":"https:\/\/schema.org","@graph":[{"@type":"WebPage","@id":"https:\/\/blogs.uef.fi\/tiedonhaku-kemia\/hakusanat\/sanaliitot-eli-fraasit\/","url":"https:\/\/blogs.uef.fi\/tiedonhaku-kemia\/hakusanat\/sanaliitot-eli-fraasit\/","name":"Sanaliitot eli fraasit - Kemian tiedonhaku \/ UEF kirjasto","isPartOf":{"@id":"https:\/\/blogs.uef.fi\/tiedonhaku-kemia\/#website"},"primaryImageOfPage":{"@id":"https:\/\/blogs.uef.fi\/tiedonhaku-kemia\/hakusanat\/sanaliitot-eli-fraasit\/#primaryimage"},"image":{"@id":"https:\/\/blogs.uef.fi\/tiedonhaku-kemia\/hakusanat\/sanaliitot-eli-fraasit\/#primaryimage"},"thumbnailUrl":"https:\/\/blogs.uef.fi\/tiedonhaku-kemia\/wp-content\/uploads\/sites\/177\/2022\/04\/KEM_fraasi.png","datePublished":"2022-03-15T12:54:32+00:00","dateModified":"2024-08-07T10:10:48+00:00","breadcrumb":{"@id":"https:\/\/blogs.uef.fi\/tiedonhaku-kemia\/hakusanat\/sanaliitot-eli-fraasit\/#breadcrumb"},"inLanguage":"fi","potentialAction":[{"@type":"ReadAction","target":["https:\/\/blogs.uef.fi\/tiedonhaku-kemia\/hakusanat\/sanaliitot-eli-fraasit\/"]}]},{"@type":"ImageObject","inLanguage":"fi","@id":"https:\/\/blogs.uef.fi\/tiedonhaku-kemia\/hakusanat\/sanaliitot-eli-fraasit\/#primaryimage","url":"https:\/\/blogs.uef.fi\/tiedonhaku-kemia\/wp-content\/uploads\/sites\/177\/2022\/04\/KEM_fraasi.png","contentUrl":"https:\/\/blogs.uef.fi\/tiedonhaku-kemia\/wp-content\/uploads\/sites\/177\/2022\/04\/KEM_fraasi.png","width":1124,"height":408},{"@type":"BreadcrumbList","@id":"https:\/\/blogs.uef.fi\/tiedonhaku-kemia\/hakusanat\/sanaliitot-eli-fraasit\/#breadcrumb","itemListElement":[{"@type":"ListItem","position":1,"name":"Home","item":"https:\/\/blogs.uef.fi\/tiedonhaku-kemia\/"},{"@type":"ListItem","position":2,"name":"Hakusanat","item":"https:\/\/blogs.uef.fi\/tiedonhaku-kemia\/hakusanat\/"},{"@type":"ListItem","position":3,"name":"Sanaliitot eli fraasit"}]},{"@type":"WebSite","@id":"https:\/\/blogs.uef.fi\/tiedonhaku-kemia\/#website","url":"https:\/\/blogs.uef.fi\/tiedonhaku-kemia\/","name":"Kemian tiedonhaku \/ UEF kirjasto","description":"Kemian tiedonhaku on kattava oppimateriaali tiedonhakuun kemisteille. Se sis\u00e4lt\u00e4\u00e4 yleiset tiedonhaun tekniikat sek\u00e4 kemian alan tiedonl\u00e4hteet ohjeineen ja esimerkkihakuineen.","potentialAction":[{"@type":"SearchAction","target":{"@type":"EntryPoint","urlTemplate":"https:\/\/blogs.uef.fi\/tiedonhaku-kemia\/?s={search_term_string}"},"query-input":{"@type":"PropertyValueSpecification","valueRequired":true,"valueName":"search_term_string"}}],"inLanguage":"fi"}]}},"_links":{"self":[{"href":"https:\/\/blogs.uef.fi\/tiedonhaku-kemia\/wp-json\/wp\/v2\/pages\/250","targetHints":{"allow":["GET"]}}],"collection":[{"href":"https:\/\/blogs.uef.fi\/tiedonhaku-kemia\/wp-json\/wp\/v2\/pages"}],"about":[{"href":"https:\/\/blogs.uef.fi\/tiedonhaku-kemia\/wp-json\/wp\/v2\/types\/page"}],"author":[{"embeddable":true,"href":"https:\/\/blogs.uef.fi\/tiedonhaku-kemia\/wp-json\/wp\/v2\/users\/127"}],"replies":[{"embeddable":true,"href":"https:\/\/blogs.uef.fi\/tiedonhaku-kemia\/wp-json\/wp\/v2\/comments?post=250"}],"version-history":[{"count":1,"href":"https:\/\/blogs.uef.fi\/tiedonhaku-kemia\/wp-json\/wp\/v2\/pages\/250\/revisions"}],"predecessor-version":[{"id":3510,"href":"https:\/\/blogs.uef.fi\/tiedonhaku-kemia\/wp-json\/wp\/v2\/pages\/250\/revisions\/3510"}],"up":[{"embeddable":true,"href":"https:\/\/blogs.uef.fi\/tiedonhaku-kemia\/wp-json\/wp\/v2\/pages\/302"}],"wp:attachment":[{"href":"https:\/\/blogs.uef.fi\/tiedonhaku-kemia\/wp-json\/wp\/v2\/media?parent=250"}],"curies":[{"name":"wp","href":"https:\/\/api.w.org\/{rel}","templated":true}]}}