{"id":241,"date":"2022-03-15T14:49:50","date_gmt":"2022-03-15T12:49:50","guid":{"rendered":"https:\/\/blogs.uef.fi\/tiedonhaku-kemia\/?page_id=241"},"modified":"2024-09-12T14:22:30","modified_gmt":"2024-09-12T12:22:30","slug":"sanojen-keksiminen","status":"publish","type":"page","link":"https:\/\/blogs.uef.fi\/tiedonhaku-kemia\/hakusanat\/sanojen-keksiminen\/","title":{"rendered":"Sanojen keksiminen"},"content":{"rendered":"\n<p>Tiedonhakua varten aiheen keskeiset k\u00e4sitteet tulee k\u00e4\u00e4nt\u00e4\u00e4 tai muokata hakusanoiksi.<br><br>K\u00e4site itsess\u00e4\u00e4n on usein ensimm\u00e4inen hyv\u00e4 hakusana. Ei silti kannata tyyty\u00e4 vain siihen, paljon olennaista tietoa voi menn\u00e4 ohi, jos hakee vain yhdell\u00e4 sanalla.<\/p>\n\n\n\n<div class=\"links-block\">\n\n    \n    <ul class=\"link-list\">\n        \n            \n            <li class=\"link-list-item\">\n                <a href=\"https:\/\/uef.cloud.panopto.eu\/Panopto\/Pages\/Viewer.aspx?id=24fe463c-cdfa-4925-af65-b0f500b4b965\" class=\"link-reset link hover-scale-down\">\n                    <svg\n        width=\"43\" height=\"25\"\n        viewBox=\"0 0 43 25\"\n        xmlns=\"http:\/\/www.w3.org\/2000\/svg\">\n    <path\n        d=\"M30.027 0 43 12.5 30.027 25 27 22.083 34.351 15H0v-5h34.351L27 2.917z\"\n        fill=\"currentColor\"\n        fill-rule=\"evenodd\"\/>\n<\/svg>                    <div>Katso videolta esimerkki hakusanoista (4:21)<\/div>\n                <\/a>\n                <div class=\"link-info\">\n                                    <\/div>\n            <\/li>\n\n                <\/ul>\n<\/div>\n\n\n<p><strong>Hakusanat ovat hakukoneelle l\u00e4hinn\u00e4 merkkijonoja<\/strong> ja hakijan pit\u00e4\u00e4 itse m\u00e4\u00e4ritt\u00e4\u00e4 merkkijonot, joita haetaan.<\/p>\n\n\n\n<h2 class=\"wp-block-heading\">Vaihtoehtoisia hakutermej\u00e4 voi kartoittaa systemaattisesti:<\/h2>\n\n\n\n<ul class=\"wp-block-list\">\n<li><strong>kieli<\/strong> on ensimm\u00e4inen kysymys: englantia ja suomea ainakin tarvitaan<\/li>\n\n\n\n<li><strong>synonyymi<\/strong> ja muu l\u00e4heinen ilmaus:<br> <em>measurement \u2013 metering \u2013 gauging<\/em><\/li>\n\n\n\n<li><strong>vastakkainen<\/strong> k\u00e4site voi olla hy\u00f6dyksi: <em>strength \u2013 weakness<\/em><\/li>\n\n\n\n<li><strong>laajempi kokonaisuus<\/strong>, johon k\u00e4site liittyy:<br> <em>oligosakkaradit &#8211; sokerit<\/em><\/li>\n\n\n\n<li><strong>tarkempi osa-alue<\/strong>, jonka k\u00e4site sis\u00e4lt\u00e4\u00e4:<br> <em>sterolit \u2013 kasvisterolit<\/em><\/li>\n\n\n\n<li><strong>merkitsemistavan vaihtelu<\/strong> esim. <em>cesium &#8211; cs<\/em><\/li>\n\n\n\n<li><strong>kirjoitusmuodon vaihtelu<\/strong>: <em>color \u2013 colour; supramolekulaarinen kemia &#8211; supramolekyylikemia<\/em><\/li>\n\n\n\n<li><strong>lyhenteet<\/strong>: <em>PAH \u2013 polycyclic aromatic hydrocarbons<\/em><\/li>\n<\/ul>\n\n\n\n<figure class=\"wp-block-image size-full is-resized\"><img loading=\"lazy\" decoding=\"async\" width=\"988\" height=\"633\" src=\"https:\/\/blogs.uef.fi\/tiedonhaku-kemia\/wp-content\/uploads\/sites\/177\/2022\/04\/KEM_hakusanat.png\" alt=\"Teksti\u00e4: vedenhylkivyys - vett\u00e4hylkivyys - hydrofobisuus - hydrophobicity. Vesi + hylkiminen - water + repellance \/ repellence.\" class=\"wp-image-1122\" style=\"width:600px\" srcset=\"https:\/\/blogs.uef.fi\/tiedonhaku-kemia\/wp-content\/uploads\/sites\/177\/2022\/04\/KEM_hakusanat.png 988w, https:\/\/blogs.uef.fi\/tiedonhaku-kemia\/wp-content\/uploads\/sites\/177\/2022\/04\/KEM_hakusanat-300x192.png 300w, https:\/\/blogs.uef.fi\/tiedonhaku-kemia\/wp-content\/uploads\/sites\/177\/2022\/04\/KEM_hakusanat-768x492.png 768w\" sizes=\"auto, (max-width: 988px) 100vw, 988px\" \/><figcaption class=\"wp-element-caption\"><em>Esimerkki erilaisista sanoista, jotka kuitenkin viittaavat samaan asiaan.<\/em><\/figcaption><\/figure>\n\n\n\n<p>HUOM. Lyhenteiden k\u00e4ytt\u00f6\u00e4 kannattaa v\u00e4ltt\u00e4\u00e4, jos ne ovat moniselitteisi\u00e4 (esim. lyhenne PAH tarkoittaa suomeksi ainakin k\u00e4sitteit\u00e4 &#8217;polyaromaattinen hiilivety&#8217;, ja &#8217;pulmonaaliarteriahypertensio&#8217;).<br>Pidemm\u00e4n tekstin joukosta aukikirjoitettu muoto yleens\u00e4 l\u00f6ytyy. Mutta jos haku kohdistuu vain otsikkoon, voi olla tarpeen kokeilla my\u00f6s lyhenteell\u00e4:<\/p>\n\n\n\n<figure class=\"wp-block-image aligncenter size-full is-resized\"><img loading=\"lazy\" decoding=\"async\" width=\"545\" height=\"190\" src=\"https:\/\/blogs.uef.fi\/tiedonhaku-kemia\/wp-content\/uploads\/sites\/177\/2022\/03\/KEM_lyhenne.png\" alt=\"Julkaisu: Assessment of carbonyl and PAH (teksti korostettu keltaisella) emissions in an automotive diesel engine fueled with butanol and renewable diesel fuel blends.\" class=\"wp-image-345\" style=\"width:500px\" srcset=\"https:\/\/blogs.uef.fi\/tiedonhaku-kemia\/wp-content\/uploads\/sites\/177\/2022\/03\/KEM_lyhenne.png 545w, https:\/\/blogs.uef.fi\/tiedonhaku-kemia\/wp-content\/uploads\/sites\/177\/2022\/03\/KEM_lyhenne-300x105.png 300w\" sizes=\"auto, (max-width: 545px) 100vw, 545px\" \/><figcaption class=\"wp-element-caption\"><em>Polyaromaattisiin hiilivetyihin viitataan t\u00e4ss\u00e4 otsikossa vain lyhenteell\u00e4.<\/em><\/figcaption><\/figure>\n\n\n\n<h2 class=\"wp-block-heading\">Apuneuvoja hakusanojen m\u00e4\u00e4rittelyyn<\/h2>\n\n\n\n<ul class=\"wp-block-list\">\n<li><strong>Sanakirjat<\/strong> (esim.<a href=\"https:\/\/primo.uef.fi\/permalink\/358FIN_UOEF\/mhajq\/alma9914866433805966\" target=\"_blank\" rel=\"noreferrer noopener\"> MOT sanakirjat<\/a>, linkki aukeaa uuteen ikkunaan),<strong> k\u00e4sikirjat, hakuteokset<\/strong> (esim. Wikipedia)<\/li>\n\n\n\n<li><strong>Teko\u00e4lysovellukset <\/strong>(esim. Copilot)<\/li>\n\n\n\n<li><strong>Oppikirjat<\/strong><\/li>\n\n\n\n<li><strong>Sis\u00e4llysluettelot ja l\u00e4hdeluettelot<\/strong> jo l\u00f6ydetyist\u00e4 julkaisuista<\/li>\n\n\n\n<li><strong>Asiasanastot<\/strong><\/li>\n\n\n\n<li><strong>Asiasanat (aihetta kuvaavat sanat) ja muut tiedot tietokannoissa<\/strong> jo l\u00f6ytyneiden julkaisujen tiedoissa<\/li>\n<\/ul>\n\n\n\n<figure class=\"wp-block-image aligncenter size-full is-resized\"><img loading=\"lazy\" decoding=\"async\" width=\"655\" height=\"470\" src=\"https:\/\/blogs.uef.fi\/tiedonhaku-kemia\/wp-content\/uploads\/sites\/177\/2022\/03\/KEM_viitteen_sanat.png\" alt=\"Kuvakaappaus tietokannan viitteest\u00e4. Julkaisun otsikko: Uudet j\u00e4tteenk\u00e4sittelykeskusten vesienhallintatekniikat. Aiheet-kent\u00e4st\u00e4 korostettuna sanat vedenk\u00e4sittely, vedenpuhdistus, j\u00e4teveden k\u00e4sittely.\" class=\"wp-image-354\" srcset=\"https:\/\/blogs.uef.fi\/tiedonhaku-kemia\/wp-content\/uploads\/sites\/177\/2022\/03\/KEM_viitteen_sanat.png 655w, https:\/\/blogs.uef.fi\/tiedonhaku-kemia\/wp-content\/uploads\/sites\/177\/2022\/03\/KEM_viitteen_sanat-300x215.png 300w\" sizes=\"auto, (max-width: 655px) 100vw, 655px\" \/><figcaption class=\"wp-element-caption\"><em>Kirjan tiedot UEF-Primossa.<\/em><\/figcaption><\/figure>\n\n\n\n<h2 class=\"wp-block-heading\">Hakusanoja kertyy pitkin matkaa<\/h2>\n\n\n\n<p>Potentiaalisia hakusanoja kertyy sit\u00e4 mukaa kun tiedonhaku etenee. Kun uusia hyvi\u00e4 tuloksia l\u00f6ytyy, l\u00f6ytyy usein my\u00f6s uusia hakusanoja.<\/p>\n\n\n\n<figure class=\"wp-block-image size-large is-resized\"><img loading=\"lazy\" decoding=\"async\" width=\"1024\" height=\"495\" src=\"https:\/\/blogs.uef.fi\/tiedonhaku-kemia\/wp-content\/uploads\/sites\/177\/2022\/03\/hakusanat-1024x495.png\" alt=\"Kaaviokuva, teksti\u00e4: Aihe -&gt; toiminto: analysoi, pilko, pelkist\u00e4 -&gt; tulos: ydink\u00e4sitteet = ensimm\u00e4iset hakusanat. Toiminto: asiasanat, l\u00e4hdeluettelot -&gt; tulos: vaihtoehtoisia hakusanoja. Toiminto: Konteksti, laajempi kuva, tarkennus -&gt; tulos: lis\u00e4\u00e4 hakusanoja.\" class=\"wp-image-333\" srcset=\"https:\/\/blogs.uef.fi\/tiedonhaku-kemia\/wp-content\/uploads\/sites\/177\/2022\/03\/hakusanat-1024x495.png 1024w, https:\/\/blogs.uef.fi\/tiedonhaku-kemia\/wp-content\/uploads\/sites\/177\/2022\/03\/hakusanat-300x145.png 300w, https:\/\/blogs.uef.fi\/tiedonhaku-kemia\/wp-content\/uploads\/sites\/177\/2022\/03\/hakusanat-768x372.png 768w, https:\/\/blogs.uef.fi\/tiedonhaku-kemia\/wp-content\/uploads\/sites\/177\/2022\/03\/hakusanat.png 1106w\" sizes=\"auto, (max-width: 1024px) 100vw, 1024px\" \/><\/figure>\n\n\n\n<p>Kun termej\u00e4 alkaa kerty\u00e4 enemm\u00e4n, on hyv\u00e4 idea koota sanoja taulukkoon, jotta kokonaisuus \u2013 p\u00e4\u00e4k\u00e4sitteet ja niihin liittyv\u00e4t termit \u2013 pysyy hallinnassa.<\/p>\n\n\n\n<h2 class=\"wp-block-heading\">Miksi erilaisia hakusanoja tarvitaan?<\/h2>\n\n\n\n<p>Hakuj\u00e4rjestelm\u00e4ss\u00e4 hakusana toimii kuten yksinkertainen merkkijono. <\/p>\n\n\n\n<p>Tiedon l\u00f6ytyvyys perustuu siis tiettyjen merkkijonojen esiintyvyyteen dokumenteissa tai niiden (meta)tiedoissa. K\u00e4\u00e4nt\u00e4en, dokumentin aihe voi olla sis\u00e4ll\u00f6lt\u00e4\u00e4n aiheenmukainen, mutta jos annettua hakusanaa ei sen tiedoista l\u00f6ydy, itse dokumenttikin j\u00e4\u00e4 l\u00f6ytym\u00e4tt\u00e4.<\/p>\n\n\n\n<p>Hakusana voi olla my\u00f6s l\u00e4ht\u00f6kohta, jonka avulla j\u00e4rjestelm\u00e4 l\u00f6yt\u00e4\u00e4 sanasta erilaisia taivutusmuotoja ja johdannaisia. Varsinaisesti j\u00e4rjestelm\u00e4 ei kuitenkaan ymm\u00e4rr\u00e4 eik\u00e4 hae k\u00e4sitteit\u00e4 tai <a href=\"http:\/\/www.hs.fi\/fingerpori\/s1349760743374\">merkityksi\u00e4 (hs.fi:fingerpori)<\/a>. T\u00e4m\u00e4 tuo tulokseen my\u00f6s aiheeseen liittym\u00e4tt\u00f6mi\u00e4 osumia.<\/p>\n\n\n\n<p class=\"has-text-align-right\">Seuraava sivu: <a href=\"https:\/\/blogs.uef.fi\/tiedonhaku-kemia\/sanaliitot-eli-fraasit\/\">Sanaliitot eli fraasit<\/a><\/p>\n","protected":false},"excerpt":{"rendered":"<p>Tiedonhakua varten aiheen keskeiset k\u00e4sitteet tulee k\u00e4\u00e4nt\u00e4\u00e4 tai muokata hakusanoiksi. K\u00e4site itsess\u00e4\u00e4n on usein ensimm\u00e4inen hyv\u00e4 hakusana. Ei silti kannata tyyty\u00e4 vain siihen, paljon olennaista tietoa voi menn\u00e4 ohi, jos hakee vain yhdell\u00e4 sanalla. Hakusanat ovat hakukoneelle l\u00e4hinn\u00e4 merkkijonoja ja hakijan pit\u00e4\u00e4 itse m\u00e4\u00e4ritt\u00e4\u00e4 merkkijonot, joita haetaan. Vaihtoehtoisia hakutermej\u00e4 voi kartoittaa systemaattisesti: HUOM. Lyhenteiden k\u00e4ytt\u00f6\u00e4 [&hellip;]<\/p>\n","protected":false},"author":127,"featured_media":0,"parent":302,"menu_order":0,"comment_status":"closed","ping_status":"closed","template":"","meta":{"_acf_changed":false,"footnotes":""},"class_list":["post-241","page","type-page","status-publish","hentry"],"acf":[],"yoast_head":"<!-- This site is optimized with the Yoast SEO plugin v27.1.1 - https:\/\/yoast.com\/product\/yoast-seo-wordpress\/ -->\n<title>Sanojen keksiminen - Kemian tiedonhaku \/ UEF kirjasto<\/title>\n<meta name=\"robots\" content=\"index, follow, max-snippet:-1, max-image-preview:large, max-video-preview:-1\" \/>\n<link rel=\"canonical\" href=\"https:\/\/blogs.uef.fi\/tiedonhaku-kemia\/hakusanat\/sanojen-keksiminen\/\" \/>\n<meta property=\"og:locale\" content=\"fi_FI\" \/>\n<meta property=\"og:type\" content=\"article\" \/>\n<meta property=\"og:title\" content=\"Sanojen keksiminen - Kemian tiedonhaku \/ UEF kirjasto\" \/>\n<meta property=\"og:description\" content=\"Tiedonhakua varten aiheen keskeiset k\u00e4sitteet tulee k\u00e4\u00e4nt\u00e4\u00e4 tai muokata hakusanoiksi. K\u00e4site itsess\u00e4\u00e4n on usein ensimm\u00e4inen hyv\u00e4 hakusana. Ei silti kannata tyyty\u00e4 vain siihen, paljon olennaista tietoa voi menn\u00e4 ohi, jos hakee vain yhdell\u00e4 sanalla. Hakusanat ovat hakukoneelle l\u00e4hinn\u00e4 merkkijonoja ja hakijan pit\u00e4\u00e4 itse m\u00e4\u00e4ritt\u00e4\u00e4 merkkijonot, joita haetaan. Vaihtoehtoisia hakutermej\u00e4 voi kartoittaa systemaattisesti: HUOM. Lyhenteiden k\u00e4ytt\u00f6\u00e4 [&hellip;]\" \/>\n<meta property=\"og:url\" content=\"https:\/\/blogs.uef.fi\/tiedonhaku-kemia\/hakusanat\/sanojen-keksiminen\/\" \/>\n<meta property=\"og:site_name\" content=\"Kemian tiedonhaku \/ UEF kirjasto\" \/>\n<meta property=\"article:modified_time\" content=\"2024-09-12T12:22:30+00:00\" \/>\n<meta property=\"og:image\" content=\"https:\/\/blogs.uef.fi\/tiedonhaku-kemia\/wp-content\/uploads\/sites\/177\/2022\/04\/KEM_hakusanat.png\" \/>\n<meta name=\"twitter:card\" content=\"summary_large_image\" \/>\n<meta name=\"twitter:label1\" content=\"Arvioitu lukuaika\" \/>\n\t<meta name=\"twitter:data1\" content=\"3 minuuttia\" \/>\n<script type=\"application\/ld+json\" class=\"yoast-schema-graph\">{\"@context\":\"https:\/\/schema.org\",\"@graph\":[{\"@type\":\"WebPage\",\"@id\":\"https:\/\/blogs.uef.fi\/tiedonhaku-kemia\/hakusanat\/sanojen-keksiminen\/\",\"url\":\"https:\/\/blogs.uef.fi\/tiedonhaku-kemia\/hakusanat\/sanojen-keksiminen\/\",\"name\":\"Sanojen keksiminen - Kemian tiedonhaku \/ UEF kirjasto\",\"isPartOf\":{\"@id\":\"https:\/\/blogs.uef.fi\/tiedonhaku-kemia\/#website\"},\"primaryImageOfPage\":{\"@id\":\"https:\/\/blogs.uef.fi\/tiedonhaku-kemia\/hakusanat\/sanojen-keksiminen\/#primaryimage\"},\"image\":{\"@id\":\"https:\/\/blogs.uef.fi\/tiedonhaku-kemia\/hakusanat\/sanojen-keksiminen\/#primaryimage\"},\"thumbnailUrl\":\"https:\/\/blogs.uef.fi\/tiedonhaku-kemia\/wp-content\/uploads\/sites\/177\/2022\/04\/KEM_hakusanat.png\",\"datePublished\":\"2022-03-15T12:49:50+00:00\",\"dateModified\":\"2024-09-12T12:22:30+00:00\",\"breadcrumb\":{\"@id\":\"https:\/\/blogs.uef.fi\/tiedonhaku-kemia\/hakusanat\/sanojen-keksiminen\/#breadcrumb\"},\"inLanguage\":\"fi\",\"potentialAction\":[{\"@type\":\"ReadAction\",\"target\":[\"https:\/\/blogs.uef.fi\/tiedonhaku-kemia\/hakusanat\/sanojen-keksiminen\/\"]}]},{\"@type\":\"ImageObject\",\"inLanguage\":\"fi\",\"@id\":\"https:\/\/blogs.uef.fi\/tiedonhaku-kemia\/hakusanat\/sanojen-keksiminen\/#primaryimage\",\"url\":\"https:\/\/blogs.uef.fi\/tiedonhaku-kemia\/wp-content\/uploads\/sites\/177\/2022\/04\/KEM_hakusanat.png\",\"contentUrl\":\"https:\/\/blogs.uef.fi\/tiedonhaku-kemia\/wp-content\/uploads\/sites\/177\/2022\/04\/KEM_hakusanat.png\",\"width\":988,\"height\":633},{\"@type\":\"BreadcrumbList\",\"@id\":\"https:\/\/blogs.uef.fi\/tiedonhaku-kemia\/hakusanat\/sanojen-keksiminen\/#breadcrumb\",\"itemListElement\":[{\"@type\":\"ListItem\",\"position\":1,\"name\":\"Home\",\"item\":\"https:\/\/blogs.uef.fi\/tiedonhaku-kemia\/\"},{\"@type\":\"ListItem\",\"position\":2,\"name\":\"Hakusanat\",\"item\":\"https:\/\/blogs.uef.fi\/tiedonhaku-kemia\/hakusanat\/\"},{\"@type\":\"ListItem\",\"position\":3,\"name\":\"Sanojen keksiminen\"}]},{\"@type\":\"WebSite\",\"@id\":\"https:\/\/blogs.uef.fi\/tiedonhaku-kemia\/#website\",\"url\":\"https:\/\/blogs.uef.fi\/tiedonhaku-kemia\/\",\"name\":\"Kemian tiedonhaku \/ UEF kirjasto\",\"description\":\"Kemian tiedonhaku on kattava oppimateriaali tiedonhakuun kemisteille. Se sis\u00e4lt\u00e4\u00e4 yleiset tiedonhaun tekniikat sek\u00e4 kemian alan tiedonl\u00e4hteet ohjeineen ja esimerkkihakuineen.\",\"potentialAction\":[{\"@type\":\"SearchAction\",\"target\":{\"@type\":\"EntryPoint\",\"urlTemplate\":\"https:\/\/blogs.uef.fi\/tiedonhaku-kemia\/?s={search_term_string}\"},\"query-input\":{\"@type\":\"PropertyValueSpecification\",\"valueRequired\":true,\"valueName\":\"search_term_string\"}}],\"inLanguage\":\"fi\"}]}<\/script>\n<!-- \/ Yoast SEO plugin. -->","yoast_head_json":{"title":"Sanojen keksiminen - Kemian tiedonhaku \/ UEF kirjasto","robots":{"index":"index","follow":"follow","max-snippet":"max-snippet:-1","max-image-preview":"max-image-preview:large","max-video-preview":"max-video-preview:-1"},"canonical":"https:\/\/blogs.uef.fi\/tiedonhaku-kemia\/hakusanat\/sanojen-keksiminen\/","og_locale":"fi_FI","og_type":"article","og_title":"Sanojen keksiminen - Kemian tiedonhaku \/ UEF kirjasto","og_description":"Tiedonhakua varten aiheen keskeiset k\u00e4sitteet tulee k\u00e4\u00e4nt\u00e4\u00e4 tai muokata hakusanoiksi. K\u00e4site itsess\u00e4\u00e4n on usein ensimm\u00e4inen hyv\u00e4 hakusana. Ei silti kannata tyyty\u00e4 vain siihen, paljon olennaista tietoa voi menn\u00e4 ohi, jos hakee vain yhdell\u00e4 sanalla. Hakusanat ovat hakukoneelle l\u00e4hinn\u00e4 merkkijonoja ja hakijan pit\u00e4\u00e4 itse m\u00e4\u00e4ritt\u00e4\u00e4 merkkijonot, joita haetaan. Vaihtoehtoisia hakutermej\u00e4 voi kartoittaa systemaattisesti: HUOM. Lyhenteiden k\u00e4ytt\u00f6\u00e4 [&hellip;]","og_url":"https:\/\/blogs.uef.fi\/tiedonhaku-kemia\/hakusanat\/sanojen-keksiminen\/","og_site_name":"Kemian tiedonhaku \/ UEF kirjasto","article_modified_time":"2024-09-12T12:22:30+00:00","og_image":[{"url":"https:\/\/blogs.uef.fi\/tiedonhaku-kemia\/wp-content\/uploads\/sites\/177\/2022\/04\/KEM_hakusanat.png","type":"","width":"","height":""}],"twitter_card":"summary_large_image","twitter_misc":{"Arvioitu lukuaika":"3 minuuttia"},"schema":{"@context":"https:\/\/schema.org","@graph":[{"@type":"WebPage","@id":"https:\/\/blogs.uef.fi\/tiedonhaku-kemia\/hakusanat\/sanojen-keksiminen\/","url":"https:\/\/blogs.uef.fi\/tiedonhaku-kemia\/hakusanat\/sanojen-keksiminen\/","name":"Sanojen keksiminen - Kemian tiedonhaku \/ UEF kirjasto","isPartOf":{"@id":"https:\/\/blogs.uef.fi\/tiedonhaku-kemia\/#website"},"primaryImageOfPage":{"@id":"https:\/\/blogs.uef.fi\/tiedonhaku-kemia\/hakusanat\/sanojen-keksiminen\/#primaryimage"},"image":{"@id":"https:\/\/blogs.uef.fi\/tiedonhaku-kemia\/hakusanat\/sanojen-keksiminen\/#primaryimage"},"thumbnailUrl":"https:\/\/blogs.uef.fi\/tiedonhaku-kemia\/wp-content\/uploads\/sites\/177\/2022\/04\/KEM_hakusanat.png","datePublished":"2022-03-15T12:49:50+00:00","dateModified":"2024-09-12T12:22:30+00:00","breadcrumb":{"@id":"https:\/\/blogs.uef.fi\/tiedonhaku-kemia\/hakusanat\/sanojen-keksiminen\/#breadcrumb"},"inLanguage":"fi","potentialAction":[{"@type":"ReadAction","target":["https:\/\/blogs.uef.fi\/tiedonhaku-kemia\/hakusanat\/sanojen-keksiminen\/"]}]},{"@type":"ImageObject","inLanguage":"fi","@id":"https:\/\/blogs.uef.fi\/tiedonhaku-kemia\/hakusanat\/sanojen-keksiminen\/#primaryimage","url":"https:\/\/blogs.uef.fi\/tiedonhaku-kemia\/wp-content\/uploads\/sites\/177\/2022\/04\/KEM_hakusanat.png","contentUrl":"https:\/\/blogs.uef.fi\/tiedonhaku-kemia\/wp-content\/uploads\/sites\/177\/2022\/04\/KEM_hakusanat.png","width":988,"height":633},{"@type":"BreadcrumbList","@id":"https:\/\/blogs.uef.fi\/tiedonhaku-kemia\/hakusanat\/sanojen-keksiminen\/#breadcrumb","itemListElement":[{"@type":"ListItem","position":1,"name":"Home","item":"https:\/\/blogs.uef.fi\/tiedonhaku-kemia\/"},{"@type":"ListItem","position":2,"name":"Hakusanat","item":"https:\/\/blogs.uef.fi\/tiedonhaku-kemia\/hakusanat\/"},{"@type":"ListItem","position":3,"name":"Sanojen keksiminen"}]},{"@type":"WebSite","@id":"https:\/\/blogs.uef.fi\/tiedonhaku-kemia\/#website","url":"https:\/\/blogs.uef.fi\/tiedonhaku-kemia\/","name":"Kemian tiedonhaku \/ UEF kirjasto","description":"Kemian tiedonhaku on kattava oppimateriaali tiedonhakuun kemisteille. Se sis\u00e4lt\u00e4\u00e4 yleiset tiedonhaun tekniikat sek\u00e4 kemian alan tiedonl\u00e4hteet ohjeineen ja esimerkkihakuineen.","potentialAction":[{"@type":"SearchAction","target":{"@type":"EntryPoint","urlTemplate":"https:\/\/blogs.uef.fi\/tiedonhaku-kemia\/?s={search_term_string}"},"query-input":{"@type":"PropertyValueSpecification","valueRequired":true,"valueName":"search_term_string"}}],"inLanguage":"fi"}]}},"_links":{"self":[{"href":"https:\/\/blogs.uef.fi\/tiedonhaku-kemia\/wp-json\/wp\/v2\/pages\/241","targetHints":{"allow":["GET"]}}],"collection":[{"href":"https:\/\/blogs.uef.fi\/tiedonhaku-kemia\/wp-json\/wp\/v2\/pages"}],"about":[{"href":"https:\/\/blogs.uef.fi\/tiedonhaku-kemia\/wp-json\/wp\/v2\/types\/page"}],"author":[{"embeddable":true,"href":"https:\/\/blogs.uef.fi\/tiedonhaku-kemia\/wp-json\/wp\/v2\/users\/127"}],"replies":[{"embeddable":true,"href":"https:\/\/blogs.uef.fi\/tiedonhaku-kemia\/wp-json\/wp\/v2\/comments?post=241"}],"version-history":[{"count":2,"href":"https:\/\/blogs.uef.fi\/tiedonhaku-kemia\/wp-json\/wp\/v2\/pages\/241\/revisions"}],"predecessor-version":[{"id":3511,"href":"https:\/\/blogs.uef.fi\/tiedonhaku-kemia\/wp-json\/wp\/v2\/pages\/241\/revisions\/3511"}],"up":[{"embeddable":true,"href":"https:\/\/blogs.uef.fi\/tiedonhaku-kemia\/wp-json\/wp\/v2\/pages\/302"}],"wp:attachment":[{"href":"https:\/\/blogs.uef.fi\/tiedonhaku-kemia\/wp-json\/wp\/v2\/media?parent=241"}],"curies":[{"name":"wp","href":"https:\/\/api.w.org\/{rel}","templated":true}]}}