{"id":232,"date":"2022-03-15T14:43:37","date_gmt":"2022-03-15T12:43:37","guid":{"rendered":"https:\/\/blogs.uef.fi\/tiedonhaku-kemia\/?page_id=232"},"modified":"2024-02-14T14:40:25","modified_gmt":"2024-02-14T12:40:25","slug":"hakuaiheen-kasittely","status":"publish","type":"page","link":"https:\/\/blogs.uef.fi\/tiedonhaku-kemia\/hakusanat\/hakuaiheen-kasittely\/","title":{"rendered":"Hakuaiheen k\u00e4sittely"},"content":{"rendered":"\n<p style=\"font-size:18px\">Hyvien hakusanojen l\u00f6yt\u00e4miseksi pit\u00e4\u00e4 ensiksi tunnistaa omasta hakuaiheesta juontuvat <strong>hakukysymykset ja keskeiset k\u00e4sitteet<\/strong>. K\u00e4sitteist\u00e4 johdetaan sitten <strong>hakusanat<\/strong>.<\/p>\n\n\n\n<h2 class=\"wp-block-heading\">Mieti hakukysymysten avulla mit\u00e4 tarvitset<\/h2>\n\n\n\n<p>Hakukysymysten avulla voi hahmottaa itselleen, millaisia teemoja omaan aiheeseen liittyy, samaan tapaan kuin mietit\u00e4\u00e4n tutkimuskysymyksi\u00e4. Hakukysymykset voivat olla osittain samojakin kuin tutkimuskysymykset, mutta voivat my\u00f6s poiketa niist\u00e4. Erityisesti pit\u00e4\u00e4 pysty\u00e4 erittelem\u00e4\u00e4n ne asiat, joihin vastaus voisi l\u00f6yty\u00e4 kirjallisuudesta, ei oman kokeellisen tutkimuksen kautta.<\/p>\n\n\n\n<p>Hakukysymys (tai hakuongelma) on se kysymys\/joukko kysymyksi\u00e4, johon<strong> etsit vastausta tieteellisist\u00e4 julkaisuista, kirjallisuudesta. <\/strong><\/p>\n\n\n\n<p>Aiheesta on sellaisenaan on helppo johtaa ensimm\u00e4inen hakukysymys, kuten kuvassa alla.<\/p>\n\n\n\n<figure class=\"wp-block-image size-full is-resized\"><img loading=\"lazy\" decoding=\"async\" width=\"1069\" height=\"539\" src=\"https:\/\/blogs.uef.fi\/tiedonhaku-kemia\/wp-content\/uploads\/sites\/177\/2022\/03\/KEM_kasite.png\" alt=\"Teksti\u00e4. Otsikko: Raskasmetallipitoisuuksien m\u00e4\u00e4ritt\u00e4minen puhdistamattomasta merisuolasta.. Hakukysymys: Miten ja mill\u00e4 menetelmill\u00e4 m\u00e4\u00e4ritet\u00e4\u00e4n rakskasmetallien pitoisuutta merisuolassa? Ydink\u00e4sitteet: raskasmetallit, m\u00e4\u00e4ritys, merisuola.\" class=\"wp-image-381\" style=\"width:600px\" srcset=\"https:\/\/blogs.uef.fi\/tiedonhaku-kemia\/wp-content\/uploads\/sites\/177\/2022\/03\/KEM_kasite.png 1069w, https:\/\/blogs.uef.fi\/tiedonhaku-kemia\/wp-content\/uploads\/sites\/177\/2022\/03\/KEM_kasite-300x151.png 300w, https:\/\/blogs.uef.fi\/tiedonhaku-kemia\/wp-content\/uploads\/sites\/177\/2022\/03\/KEM_kasite-1024x516.png 1024w, https:\/\/blogs.uef.fi\/tiedonhaku-kemia\/wp-content\/uploads\/sites\/177\/2022\/03\/KEM_kasite-768x387.png 768w\" sizes=\"auto, (max-width: 1069px) 100vw, 1069px\" \/><\/figure>\n\n\n\n<p>Kun kyse on tutkimuksen (opinn\u00e4ytteen) tekemisest\u00e4, on n\u00e4ht\u00e4v\u00e4, millaisia <strong>muita tietoja <\/strong>tutkimuksessa voitaisiin k\u00e4ytt\u00e4\u00e4 hyv\u00e4ksi, millaiset palaset olisivat hy\u00f6dyllisi\u00e4 kokonaisuuden kannalta. <strong>Eri l\u00e4hteist\u00e4 tulevan tiedon yhdistely ja vertailu on osa tutkimusta.<\/strong><\/p>\n\n\n\n<p>Esimerkki:<\/p>\n\n\n\n<ul class=\"wp-block-list\">\n<li>mik\u00e4 on <strong>raskasmetallien pitoisuus merisuolassa<\/strong>, onko aiempia tutkimuksia?<\/li>\n\n\n\n<li>mit\u00e4 <strong>menetelmi\u00e4<\/strong> on k\u00e4ytetty (<strong>raskas)metallien pitoisuuksien<\/strong> analysointiin?<\/li>\n\n\n\n<li>mitk\u00e4 ovat <strong>menetelmien hy\u00f6dyt ja haitat<\/strong>?<\/li>\n\n\n\n<li>onko tutkittu asiaa <strong>muiden suolojen<\/strong> kuin merisuolan osalta?<\/li>\n\n\n\n<li>mit\u00e4 <strong>merisuola<\/strong> on, millaisia <strong>ominaisuuksia<\/strong> sill\u00e4 on yleisesti?<\/li>\n\n\n\n<li>miten (meri)<strong>suolaa k\u00e4sitell\u00e4\u00e4n <\/strong>pitoisuusanalyyseiss\u00e4?<\/li>\n\n\n\n<li><strong>mit\u00e4 kautta <\/strong>raskasmetalleja p\u00e4\u00e4tyy (meri)suolaan?<\/li>\n\n\n\n<li>millaiset<strong> raskasmetallipitoisuudet ovat hyv\u00e4ksytt\u00e4vi\u00e4<\/strong>?<\/li>\n\n\n\n<li>mit\u00e4 haitallisia\/hy\u00f6dyllisi\u00e4 <strong>vaikutuksia raskasmetalleilla on ravinnossa\/elimist\u00f6ss\u00e4<\/strong>?<\/li>\n<\/ul>\n\n\n\n<p>Kun tiedonhakua tehd\u00e4\u00e4n ja tuloksia saadaan, voi hakukysymysten avulla peilata, onko vastaukset kysymyksiin l\u00f6ydetty \u2013 hyv\u00e4t hakukysymykset ovat siis my\u00f6s hakutulosten arvioinnin ja valikoinnin v\u00e4line.<\/p>\n\n\n\n<div class=\"links-block\">\n\n    \n    <ul class=\"link-list\">\n        \n            \n            <li class=\"link-list-item\">\n                <a href=\"https:\/\/uef.cloud.panopto.eu\/Panopto\/Pages\/Viewer.aspx?id=88cfcafc-bb39-4544-99ad-b0f500a41808\" class=\"link-reset link hover-scale-down\">\n                    <svg\n        width=\"43\" height=\"25\"\n        viewBox=\"0 0 43 25\"\n        xmlns=\"http:\/\/www.w3.org\/2000\/svg\">\n    <path\n        d=\"M30.027 0 43 12.5 30.027 25 27 22.083 34.351 15H0v-5h34.351L27 2.917z\"\n        fill=\"currentColor\"\n        fill-rule=\"evenodd\"\/>\n<\/svg>                    <div>Katso videolta toinen esimerkki hakukysymysten m\u00e4\u00e4rittelyst\u00e4 (3:35)<\/div>\n                <\/a>\n                <div class=\"link-info\">\n                                    <\/div>\n            <\/li>\n\n                <\/ul>\n<\/div>\n\n\n<h2 class=\"wp-block-heading\">M\u00e4\u00e4rittele k\u00e4sitteet<\/h2>\n\n\n\n<p>K\u00e4site on <strong>yksitt\u00e4inen olio tai asia,<\/strong> kuten <strong>ilmi\u00f6, teko, esine, tapahtuma<\/strong>. K\u00e4sitteiden avulla j\u00e4sennet\u00e4\u00e4n ja luokitellaan maailmaa. K\u00e4sitteiden m\u00e4\u00e4rittely on olennaista sek\u00e4 tiedonhaun ett\u00e4 koko tutkimusprosessin ja kirjoittamisen kannalta.<\/p>\n\n\n\n<div class=\"links-block\">\n\n    \n    <ul class=\"link-list\">\n        \n            \n            <li class=\"link-list-item\">\n                <a href=\"https:\/\/uef.cloud.panopto.eu\/Panopto\/Pages\/Viewer.aspx?id=6f5bcea4-2b53-4dad-b3f6-b0f500a6a663\" class=\"link-reset link hover-scale-down\">\n                    <svg\n        width=\"43\" height=\"25\"\n        viewBox=\"0 0 43 25\"\n        xmlns=\"http:\/\/www.w3.org\/2000\/svg\">\n    <path\n        d=\"M30.027 0 43 12.5 30.027 25 27 22.083 34.351 15H0v-5h34.351L27 2.917z\"\n        fill=\"currentColor\"\n        fill-rule=\"evenodd\"\/>\n<\/svg>                    <div>Katso video k\u00e4sitteiden m\u00e4\u00e4rittelyst\u00e4 (1:16)<\/div>\n                <\/a>\n                <div class=\"link-info\">\n                                    <\/div>\n            <\/li>\n\n                <\/ul>\n<\/div>\n\n\n<p>Hakukysymyksist\u00e4 esiin nousseet tiedonhaun teemat pit\u00e4\u00e4 purkaa edelleen hakuk\u00e4sitteiksi. Hakukysymysten avulla saattaa nousta esiin haettavia k\u00e4sitteit\u00e4, joita pelkk\u00e4 aiheen otsikko ei kerro. K\u00e4sitteiden m\u00e4\u00e4ritt\u00e4minen ohjaa vahvasti sit\u00e4, miten varsinaiset hakulauseet tiedonhaussa koostetaan.<\/p>\n\n\n\n<p>K\u00e4sitteit\u00e4 voi olla yksi tai useampia. Hakuaiheesta riippuen voi erottaa <strong>keskeiset k\u00e4sitteet <\/strong>sek\u00e4 niit\u00e4 t\u00e4ydent\u00e4v\u00e4t <strong>apuk\u00e4sitteet<\/strong>. Keskeiset k\u00e4sitteet ovat asian ydin, olennaisimmat ilmi\u00f6t; t\u00e4ydent\u00e4vill\u00e4 k\u00e4sitteill\u00e4 voidaan rajata ja m\u00e4\u00e4ritell\u00e4 hakuongelmaa tarkemmin. Vaikka l\u00e4hdett\u00e4isiin liikkeelle vain yhdest\u00e4 perusk\u00e4sitteest\u00e4, eteen voi tulla n\u00e4k\u00f6kohtia, jotka pakottavat lis\u00e4\u00e4m\u00e4\u00e4n hakuun muitakin k\u00e4sitteit\u00e4.<\/p>\n\n\n\n<p>Yll\u00e4 olevan esimerkin keskeiset k\u00e4sitteet ovat:<\/p>\n\n\n\n<ul class=\"wp-block-list\">\n<li>raskasmetallit<\/li>\n\n\n\n<li>merisuola<\/li>\n\n\n\n<li>m\u00e4\u00e4ritysmenetelm\u00e4t<\/li>\n<\/ul>\n\n\n\n<p>Tarkentavia k\u00e4sitteit\u00e4:<\/p>\n\n\n\n<ul class=\"wp-block-list\">\n<li>pitoisuus<\/li>\n\n\n\n<li>ominaisuudet<\/li>\n\n\n\n<li>vaikutukset<\/li>\n<\/ul>\n\n\n\n<p>K\u00e4sitteet kannattaakin m\u00e4\u00e4ritell\u00e4 aluksi hyvin pelkistettyin\u00e4. T\u00e4ll\u00f6in niiden yhdistely ja monipuolinen k\u00e4ytt\u00f6 ovat hakuvaiheessa helpommin hallittavissa.<\/p>\n\n\n\n<h2 class=\"wp-block-heading\">Tiedonhaku: kokoa, rajaa, yhdistele, vertaile tietoa<\/h2>\n\n\n\n<ol class=\"wp-block-list\">\n<li>Tietoa tarvitaan aina <strong>aiheen keskeisist\u00e4 k\u00e4sitteist\u00e4<\/strong>: k\u00e4ytetyt k\u00e4sitteet on pystytt\u00e4v\u00e4 tutkimuksessa m\u00e4\u00e4rittelem\u00e4\u00e4n yksiselitteisesti.<br><\/li>\n\n\n\n<li>Aihetta j\u00e4sent\u00e4m\u00e4ll\u00e4 ja tutkimusongelmaa tarkentamalla hahmottuu oma ymm\u00e4rrys siit\u00e4, <strong>mit\u00e4 omalla tutkimuksella halutaan osoittaa ja mit\u00e4 asioita halutaan tiet\u00e4\u00e4<\/strong>. N\u00e4it\u00e4 asioita voi hahmotella hakukysymysten kautta.<\/li>\n<\/ol>\n\n\n\n<p><strong>Mit\u00e4 tarkemmin pystyt rajaamaan aiheesi, sit\u00e4 helpompaa on tiedonhaku.<\/strong> Laajat, j\u00e4sentym\u00e4tt\u00f6m\u00e4t aiheet ovat hankalia haettavia.<\/p>\n\n\n\n<p>Seuraavien seikkojen pohtiminen helpottaa aiheen m\u00e4\u00e4rittely\u00e4, j\u00e4sentely\u00e4 ja rajaamista:<\/p>\n\n\n\n<ul class=\"wp-block-list\">\n<li>Mik\u00e4 on aiheen kannalta oleellista tai t\u00e4rke\u00e4\u00e4?<\/li>\n\n\n\n<li>Mihin laajempaan viitekehykseen aihe kuuluu?<\/li>\n\n\n\n<li>Mit\u00e4 suppeampia asiakokonaisuuksia aihe pit\u00e4\u00e4 sis\u00e4ll\u00e4\u00e4n?<\/li>\n\n\n\n<li>Millaisesta n\u00e4k\u00f6kulmasta aihetta tarkastellaan:\n<ul class=\"wp-block-list\">\n<li>Kuka? (tekee, toimii, vaikuttaa taustalla)<\/li>\n\n\n\n<li>Kenelle? (toiminnan kohderyhm\u00e4, kehen vaikuttaa, kenelle on t\u00e4rke\u00e4) \u2013 henkil\u00f6t, ryhm\u00e4t, organisaatiot<\/li>\n\n\n\n<li>Miksi? (tarve, pakko, seuraus jostakin, mist\u00e4?)<\/li>\n\n\n\n<li>Miten? (menetelm\u00e4, tarkastelutapa: esim. teoreettinen\/soveltava )<\/li>\n\n\n\n<li>Miss\u00e4? (maa, maanosa jne.)<\/li>\n\n\n\n<li>Milloin? (ennen, nyt, tulevaisuudessa)<\/li>\n<\/ul>\n<\/li>\n<\/ul>\n\n\n\n<ol class=\"wp-block-list\" start=\"3\">\n<li>Tutkimukseen tarvitaan aina <strong>taustatietoja aiheesta my\u00f6s laajemmassa kontekstissa<\/strong>: mihin asiayhteyteen tai aihekokonaisuuteen aihe liittyy ja millaisia tutkimusongelmia aiheen piiriss\u00e4 on aikaisemmin k\u00e4sitelty. On t\u00e4rke\u00e4\u00e4 selvitt\u00e4\u00e4 my\u00f6s, mit\u00e4 aiheesta ei viel\u00e4 tiedet\u00e4.<br><\/li>\n\n\n\n<li>Tietoa voi joutua hakemaan my\u00f6s <strong>tutkimusmenetelmist\u00e4, tilastomenetelmist\u00e4, aineiston k\u00e4sittelyst\u00e4 <\/strong>ym.<\/li>\n<\/ol>\n\n\n\n<p class=\"has-text-align-right\">Seuraava sivu: <a href=\"https:\/\/blogs.uef.fi\/tiedonhaku-kemia\/sanojen-keksiminen\/\">Sanojen keksiminen<\/a><\/p>\n","protected":false},"excerpt":{"rendered":"<p>Hyvien hakusanojen l\u00f6yt\u00e4miseksi pit\u00e4\u00e4 ensiksi tunnistaa omasta hakuaiheesta juontuvat hakukysymykset ja keskeiset k\u00e4sitteet. K\u00e4sitteist\u00e4 johdetaan sitten hakusanat. Mieti hakukysymysten avulla mit\u00e4 tarvitset Hakukysymysten avulla voi hahmottaa itselleen, millaisia teemoja omaan aiheeseen liittyy, samaan tapaan kuin mietit\u00e4\u00e4n tutkimuskysymyksi\u00e4. Hakukysymykset voivat olla osittain samojakin kuin tutkimuskysymykset, mutta voivat my\u00f6s poiketa niist\u00e4. Erityisesti pit\u00e4\u00e4 pysty\u00e4 erittelem\u00e4\u00e4n ne asiat, [&hellip;]<\/p>\n","protected":false},"author":127,"featured_media":0,"parent":302,"menu_order":0,"comment_status":"closed","ping_status":"closed","template":"","meta":{"_acf_changed":false,"footnotes":""},"class_list":["post-232","page","type-page","status-publish","hentry"],"acf":[],"yoast_head":"<!-- This site is optimized with the Yoast SEO plugin v27.1.1 - https:\/\/yoast.com\/product\/yoast-seo-wordpress\/ -->\n<title>Hakuaiheen k\u00e4sittely - Kemian tiedonhaku \/ UEF kirjasto<\/title>\n<meta name=\"robots\" content=\"index, follow, max-snippet:-1, max-image-preview:large, max-video-preview:-1\" \/>\n<link rel=\"canonical\" href=\"https:\/\/blogs.uef.fi\/tiedonhaku-kemia\/hakusanat\/hakuaiheen-kasittely\/\" \/>\n<meta property=\"og:locale\" content=\"fi_FI\" \/>\n<meta property=\"og:type\" content=\"article\" \/>\n<meta property=\"og:title\" content=\"Hakuaiheen k\u00e4sittely - Kemian tiedonhaku \/ UEF kirjasto\" \/>\n<meta property=\"og:description\" content=\"Hyvien hakusanojen l\u00f6yt\u00e4miseksi pit\u00e4\u00e4 ensiksi tunnistaa omasta hakuaiheesta juontuvat hakukysymykset ja keskeiset k\u00e4sitteet. K\u00e4sitteist\u00e4 johdetaan sitten hakusanat. Mieti hakukysymysten avulla mit\u00e4 tarvitset Hakukysymysten avulla voi hahmottaa itselleen, millaisia teemoja omaan aiheeseen liittyy, samaan tapaan kuin mietit\u00e4\u00e4n tutkimuskysymyksi\u00e4. Hakukysymykset voivat olla osittain samojakin kuin tutkimuskysymykset, mutta voivat my\u00f6s poiketa niist\u00e4. Erityisesti pit\u00e4\u00e4 pysty\u00e4 erittelem\u00e4\u00e4n ne asiat, [&hellip;]\" \/>\n<meta property=\"og:url\" content=\"https:\/\/blogs.uef.fi\/tiedonhaku-kemia\/hakusanat\/hakuaiheen-kasittely\/\" \/>\n<meta property=\"og:site_name\" content=\"Kemian tiedonhaku \/ UEF kirjasto\" \/>\n<meta property=\"article:modified_time\" content=\"2024-02-14T12:40:25+00:00\" \/>\n<meta property=\"og:image\" content=\"https:\/\/blogs.uef.fi\/tiedonhaku-kemia\/wp-content\/uploads\/sites\/177\/2022\/03\/KEM_kasite.png\" \/>\n<meta name=\"twitter:card\" content=\"summary_large_image\" \/>\n<meta name=\"twitter:label1\" content=\"Arvioitu lukuaika\" \/>\n\t<meta name=\"twitter:data1\" content=\"4 minuuttia\" \/>\n<script type=\"application\/ld+json\" class=\"yoast-schema-graph\">{\"@context\":\"https:\/\/schema.org\",\"@graph\":[{\"@type\":\"WebPage\",\"@id\":\"https:\/\/blogs.uef.fi\/tiedonhaku-kemia\/hakusanat\/hakuaiheen-kasittely\/\",\"url\":\"https:\/\/blogs.uef.fi\/tiedonhaku-kemia\/hakusanat\/hakuaiheen-kasittely\/\",\"name\":\"Hakuaiheen k\u00e4sittely - Kemian tiedonhaku \/ UEF kirjasto\",\"isPartOf\":{\"@id\":\"https:\/\/blogs.uef.fi\/tiedonhaku-kemia\/#website\"},\"primaryImageOfPage\":{\"@id\":\"https:\/\/blogs.uef.fi\/tiedonhaku-kemia\/hakusanat\/hakuaiheen-kasittely\/#primaryimage\"},\"image\":{\"@id\":\"https:\/\/blogs.uef.fi\/tiedonhaku-kemia\/hakusanat\/hakuaiheen-kasittely\/#primaryimage\"},\"thumbnailUrl\":\"https:\/\/blogs.uef.fi\/tiedonhaku-kemia\/wp-content\/uploads\/sites\/177\/2022\/03\/KEM_kasite.png\",\"datePublished\":\"2022-03-15T12:43:37+00:00\",\"dateModified\":\"2024-02-14T12:40:25+00:00\",\"breadcrumb\":{\"@id\":\"https:\/\/blogs.uef.fi\/tiedonhaku-kemia\/hakusanat\/hakuaiheen-kasittely\/#breadcrumb\"},\"inLanguage\":\"fi\",\"potentialAction\":[{\"@type\":\"ReadAction\",\"target\":[\"https:\/\/blogs.uef.fi\/tiedonhaku-kemia\/hakusanat\/hakuaiheen-kasittely\/\"]}]},{\"@type\":\"ImageObject\",\"inLanguage\":\"fi\",\"@id\":\"https:\/\/blogs.uef.fi\/tiedonhaku-kemia\/hakusanat\/hakuaiheen-kasittely\/#primaryimage\",\"url\":\"https:\/\/blogs.uef.fi\/tiedonhaku-kemia\/wp-content\/uploads\/sites\/177\/2022\/03\/KEM_kasite.png\",\"contentUrl\":\"https:\/\/blogs.uef.fi\/tiedonhaku-kemia\/wp-content\/uploads\/sites\/177\/2022\/03\/KEM_kasite.png\",\"width\":1069,\"height\":539},{\"@type\":\"BreadcrumbList\",\"@id\":\"https:\/\/blogs.uef.fi\/tiedonhaku-kemia\/hakusanat\/hakuaiheen-kasittely\/#breadcrumb\",\"itemListElement\":[{\"@type\":\"ListItem\",\"position\":1,\"name\":\"Home\",\"item\":\"https:\/\/blogs.uef.fi\/tiedonhaku-kemia\/\"},{\"@type\":\"ListItem\",\"position\":2,\"name\":\"Hakusanat\",\"item\":\"https:\/\/blogs.uef.fi\/tiedonhaku-kemia\/hakusanat\/\"},{\"@type\":\"ListItem\",\"position\":3,\"name\":\"Hakuaiheen k\u00e4sittely\"}]},{\"@type\":\"WebSite\",\"@id\":\"https:\/\/blogs.uef.fi\/tiedonhaku-kemia\/#website\",\"url\":\"https:\/\/blogs.uef.fi\/tiedonhaku-kemia\/\",\"name\":\"Kemian tiedonhaku \/ UEF kirjasto\",\"description\":\"Kemian tiedonhaku on kattava oppimateriaali tiedonhakuun kemisteille. Se sis\u00e4lt\u00e4\u00e4 yleiset tiedonhaun tekniikat sek\u00e4 kemian alan tiedonl\u00e4hteet ohjeineen ja esimerkkihakuineen.\",\"potentialAction\":[{\"@type\":\"SearchAction\",\"target\":{\"@type\":\"EntryPoint\",\"urlTemplate\":\"https:\/\/blogs.uef.fi\/tiedonhaku-kemia\/?s={search_term_string}\"},\"query-input\":{\"@type\":\"PropertyValueSpecification\",\"valueRequired\":true,\"valueName\":\"search_term_string\"}}],\"inLanguage\":\"fi\"}]}<\/script>\n<!-- \/ Yoast SEO plugin. -->","yoast_head_json":{"title":"Hakuaiheen k\u00e4sittely - Kemian tiedonhaku \/ UEF kirjasto","robots":{"index":"index","follow":"follow","max-snippet":"max-snippet:-1","max-image-preview":"max-image-preview:large","max-video-preview":"max-video-preview:-1"},"canonical":"https:\/\/blogs.uef.fi\/tiedonhaku-kemia\/hakusanat\/hakuaiheen-kasittely\/","og_locale":"fi_FI","og_type":"article","og_title":"Hakuaiheen k\u00e4sittely - Kemian tiedonhaku \/ UEF kirjasto","og_description":"Hyvien hakusanojen l\u00f6yt\u00e4miseksi pit\u00e4\u00e4 ensiksi tunnistaa omasta hakuaiheesta juontuvat hakukysymykset ja keskeiset k\u00e4sitteet. K\u00e4sitteist\u00e4 johdetaan sitten hakusanat. Mieti hakukysymysten avulla mit\u00e4 tarvitset Hakukysymysten avulla voi hahmottaa itselleen, millaisia teemoja omaan aiheeseen liittyy, samaan tapaan kuin mietit\u00e4\u00e4n tutkimuskysymyksi\u00e4. Hakukysymykset voivat olla osittain samojakin kuin tutkimuskysymykset, mutta voivat my\u00f6s poiketa niist\u00e4. Erityisesti pit\u00e4\u00e4 pysty\u00e4 erittelem\u00e4\u00e4n ne asiat, [&hellip;]","og_url":"https:\/\/blogs.uef.fi\/tiedonhaku-kemia\/hakusanat\/hakuaiheen-kasittely\/","og_site_name":"Kemian tiedonhaku \/ UEF kirjasto","article_modified_time":"2024-02-14T12:40:25+00:00","og_image":[{"url":"https:\/\/blogs.uef.fi\/tiedonhaku-kemia\/wp-content\/uploads\/sites\/177\/2022\/03\/KEM_kasite.png","type":"","width":"","height":""}],"twitter_card":"summary_large_image","twitter_misc":{"Arvioitu lukuaika":"4 minuuttia"},"schema":{"@context":"https:\/\/schema.org","@graph":[{"@type":"WebPage","@id":"https:\/\/blogs.uef.fi\/tiedonhaku-kemia\/hakusanat\/hakuaiheen-kasittely\/","url":"https:\/\/blogs.uef.fi\/tiedonhaku-kemia\/hakusanat\/hakuaiheen-kasittely\/","name":"Hakuaiheen k\u00e4sittely - Kemian tiedonhaku \/ UEF kirjasto","isPartOf":{"@id":"https:\/\/blogs.uef.fi\/tiedonhaku-kemia\/#website"},"primaryImageOfPage":{"@id":"https:\/\/blogs.uef.fi\/tiedonhaku-kemia\/hakusanat\/hakuaiheen-kasittely\/#primaryimage"},"image":{"@id":"https:\/\/blogs.uef.fi\/tiedonhaku-kemia\/hakusanat\/hakuaiheen-kasittely\/#primaryimage"},"thumbnailUrl":"https:\/\/blogs.uef.fi\/tiedonhaku-kemia\/wp-content\/uploads\/sites\/177\/2022\/03\/KEM_kasite.png","datePublished":"2022-03-15T12:43:37+00:00","dateModified":"2024-02-14T12:40:25+00:00","breadcrumb":{"@id":"https:\/\/blogs.uef.fi\/tiedonhaku-kemia\/hakusanat\/hakuaiheen-kasittely\/#breadcrumb"},"inLanguage":"fi","potentialAction":[{"@type":"ReadAction","target":["https:\/\/blogs.uef.fi\/tiedonhaku-kemia\/hakusanat\/hakuaiheen-kasittely\/"]}]},{"@type":"ImageObject","inLanguage":"fi","@id":"https:\/\/blogs.uef.fi\/tiedonhaku-kemia\/hakusanat\/hakuaiheen-kasittely\/#primaryimage","url":"https:\/\/blogs.uef.fi\/tiedonhaku-kemia\/wp-content\/uploads\/sites\/177\/2022\/03\/KEM_kasite.png","contentUrl":"https:\/\/blogs.uef.fi\/tiedonhaku-kemia\/wp-content\/uploads\/sites\/177\/2022\/03\/KEM_kasite.png","width":1069,"height":539},{"@type":"BreadcrumbList","@id":"https:\/\/blogs.uef.fi\/tiedonhaku-kemia\/hakusanat\/hakuaiheen-kasittely\/#breadcrumb","itemListElement":[{"@type":"ListItem","position":1,"name":"Home","item":"https:\/\/blogs.uef.fi\/tiedonhaku-kemia\/"},{"@type":"ListItem","position":2,"name":"Hakusanat","item":"https:\/\/blogs.uef.fi\/tiedonhaku-kemia\/hakusanat\/"},{"@type":"ListItem","position":3,"name":"Hakuaiheen k\u00e4sittely"}]},{"@type":"WebSite","@id":"https:\/\/blogs.uef.fi\/tiedonhaku-kemia\/#website","url":"https:\/\/blogs.uef.fi\/tiedonhaku-kemia\/","name":"Kemian tiedonhaku \/ UEF kirjasto","description":"Kemian tiedonhaku on kattava oppimateriaali tiedonhakuun kemisteille. Se sis\u00e4lt\u00e4\u00e4 yleiset tiedonhaun tekniikat sek\u00e4 kemian alan tiedonl\u00e4hteet ohjeineen ja esimerkkihakuineen.","potentialAction":[{"@type":"SearchAction","target":{"@type":"EntryPoint","urlTemplate":"https:\/\/blogs.uef.fi\/tiedonhaku-kemia\/?s={search_term_string}"},"query-input":{"@type":"PropertyValueSpecification","valueRequired":true,"valueName":"search_term_string"}}],"inLanguage":"fi"}]}},"_links":{"self":[{"href":"https:\/\/blogs.uef.fi\/tiedonhaku-kemia\/wp-json\/wp\/v2\/pages\/232","targetHints":{"allow":["GET"]}}],"collection":[{"href":"https:\/\/blogs.uef.fi\/tiedonhaku-kemia\/wp-json\/wp\/v2\/pages"}],"about":[{"href":"https:\/\/blogs.uef.fi\/tiedonhaku-kemia\/wp-json\/wp\/v2\/types\/page"}],"author":[{"embeddable":true,"href":"https:\/\/blogs.uef.fi\/tiedonhaku-kemia\/wp-json\/wp\/v2\/users\/127"}],"replies":[{"embeddable":true,"href":"https:\/\/blogs.uef.fi\/tiedonhaku-kemia\/wp-json\/wp\/v2\/comments?post=232"}],"version-history":[{"count":1,"href":"https:\/\/blogs.uef.fi\/tiedonhaku-kemia\/wp-json\/wp\/v2\/pages\/232\/revisions"}],"predecessor-version":[{"id":3343,"href":"https:\/\/blogs.uef.fi\/tiedonhaku-kemia\/wp-json\/wp\/v2\/pages\/232\/revisions\/3343"}],"up":[{"embeddable":true,"href":"https:\/\/blogs.uef.fi\/tiedonhaku-kemia\/wp-json\/wp\/v2\/pages\/302"}],"wp:attachment":[{"href":"https:\/\/blogs.uef.fi\/tiedonhaku-kemia\/wp-json\/wp\/v2\/media?parent=232"}],"curies":[{"name":"wp","href":"https:\/\/api.w.org\/{rel}","templated":true}]}}