{"id":1402,"date":"2022-04-12T14:17:29","date_gmt":"2022-04-12T12:17:29","guid":{"rendered":"https:\/\/blogs.uef.fi\/tiedonhaku-kemia\/?page_id=1402"},"modified":"2024-01-09T10:58:12","modified_gmt":"2024-01-09T08:58:12","slug":"hakutapoja","status":"publish","type":"page","link":"https:\/\/blogs.uef.fi\/tiedonhaku-kemia\/hakulauseet\/hakutapoja\/","title":{"rendered":"Hakutapoja"},"content":{"rendered":"\n<p>Tiedonhaun voi aloittaa eri tavoin. Aihetta kannattaa ensin hieman tunnustella, jotta p\u00e4\u00e4see jyv\u00e4lle siit\u00e4, kuinka juuri t\u00e4t\u00e4 aihetta kannattaisi l\u00e4hesty\u00e4 ja kehitell\u00e4 hakua edelleen. Haun muokkaamisen keinoja k\u00e4sitell\u00e4\u00e4n tarkemmin seuravissa luvuissa.<\/p>\n\n\n\n<ul class=\"wp-block-list\">\n<li>Kokeile yksitt\u00e4isi\u00e4 sanoja<\/li>\n\n\n\n<li>Kokeile yksinkertaisia hakulauseita: 1-2 AND-operaatiota<\/li>\n\n\n\n<li>Lis\u00e4\u00e4 tarpeen mukaan AND-operaatioita<\/li>\n\n\n\n<li>Ker\u00e4\u00e4 lis\u00e4\u00e4 mahdollisia hakusanoja<\/li>\n\n\n\n<li>Kokeile kattavampaa hakulausetta vaihtoehtoisin sanoin<\/li>\n\n\n\n<li>Muista hakukenttien, sanankatkaisun ja fraasien merkitys<\/li>\n<\/ul>\n\n\n\n<p><strong>Hakutulosta kannattaa varsinkin alussa tutkailla j\u00e4rjestettyn\u00e4 (sort by) aiheenmukaisuuden eli relevanssin mukaan.<\/strong> N\u00e4in voit nopeasti l\u00f6yt\u00e4\u00e4 joitakin hyvi\u00e4 osumia.<\/p>\n\n\n\n<p>Tulokset voi j\u00e4rjest\u00e4\u00e4 my\u00f6s julkaisuajankohdan mukaan uusimmat ensin, jos on tarpeen saada erityisesti ihan tuoreita julkaisuja.<\/p>\n\n\n\n<p>Tietokantahakuja ja niiden tuloksia kannattaa k\u00e4ytt\u00e4\u00e4 hyv\u00e4ksi jo tutkimusty\u00f6n suunnittelu-, valmistelu- ja ideointivaiheessa. Se auttaa aiheen k\u00e4sitteiden ja hakusanojen hahmottelussa ja ker\u00e4\u00e4misess\u00e4.<\/p>\n\n\n\n<h2 class=\"wp-block-heading\">Kokeile yksinkertaista pikahakua<\/h2>\n\n\n\n<p><strong>Hae yksitt\u00e4isell\u00e4 hakusanalla tai fraasilla<\/strong>, jotta saat k\u00e4sityksen, kuinka yleinen\/harvinainen aihealue on. Voit kokeilla ainakin t\u00e4rkeimpi\u00e4 k\u00e4sitteit\u00e4 erikseen. Yleistermej\u00e4 t\u00e4m\u00e4 ei koske, ne tarvitsevat aina rinnalleen tarkentavia hakusanoja.<\/p>\n\n\n\n<figure class=\"wp-block-image size-full is-resized\"><img loading=\"lazy\" decoding=\"async\" width=\"938\" height=\"409\" src=\"https:\/\/blogs.uef.fi\/tiedonhaku-kemia\/wp-content\/uploads\/sites\/177\/2022\/05\/KEM_pikahaku.png\" alt=\"Kuvakaappaus UEF-Primosta. Hakulause on benzoic acid, jolla on saatu 2 tulosta kirjaston kokoelmista.\" class=\"wp-image-2000\" style=\"width:600px\" srcset=\"https:\/\/blogs.uef.fi\/tiedonhaku-kemia\/wp-content\/uploads\/sites\/177\/2022\/05\/KEM_pikahaku.png 938w, https:\/\/blogs.uef.fi\/tiedonhaku-kemia\/wp-content\/uploads\/sites\/177\/2022\/05\/KEM_pikahaku-300x131.png 300w, https:\/\/blogs.uef.fi\/tiedonhaku-kemia\/wp-content\/uploads\/sites\/177\/2022\/05\/KEM_pikahaku-768x335.png 768w\" sizes=\"auto, (max-width: 938px) 100vw, 938px\" \/><figcaption class=\"wp-element-caption\"><em>Hakutulos on niin pieni, ett\u00e4 mit\u00e4\u00e4n rajauksia tai tarkennuksia ei tarvita.<\/em><\/figcaption><\/figure>\n\n\n\n<p><strong>Lis\u00e4ksi voit kokeilla hakua kaikilla ydink\u00e4sitteill\u00e4: 1-3 AND-operaatiota. <\/strong><\/p>\n\n\n\n<p>T\u00e4llainen tunnusteleva haku, jonka avulla saadan ker\u00e4tty\u00e4 ehk\u00e4 joitakin hyvi\u00e4 osumia ja my\u00f6skin hyvi\u00e4 hakusanoja, on helppo tapa aloittaa hakeminen, vaikka tarve olisikin hakea aineistoja laajemmin ja kattavammin.<\/p>\n\n\n\n<h2 class=\"wp-block-heading\">Kasvata &#8221;helme\u00e4&#8221;<\/h2>\n\n\n\n<p>Helmenkasvatus on hyv\u00e4 hakutapa silloin, kun sinulla on valmiiksi tiedossa muutama hyv\u00e4 julkaisu tai jos olet sellaisen jo itse ensin l\u00f6yt\u00e4nyt vaikkapa pikahaulla. Tietokannasta katsotaan t\u00e4llaiseen  &#8221;helmeen&#8221; liittyvi\u00e4 <strong>asiasanoja sek\u00e4 l\u00e4hdeluetteloa ja muita apuneuvoja, joiden avulla voidaan j\u00e4ljitt\u00e4\u00e4 lis\u00e4\u00e4 samankaltaisia julkaisuja.<\/strong> Samoin voi tarkastella, <strong>kuka on aihetta tutkinut<\/strong> ja hakea lis\u00e4\u00e4 saman tekij\u00e4n julkaisuja. <\/p>\n\n\n\n<figure class=\"wp-block-image size-full is-resized\"><img loading=\"lazy\" decoding=\"async\" width=\"994\" height=\"783\" src=\"https:\/\/blogs.uef.fi\/tiedonhaku-kemia\/wp-content\/uploads\/sites\/177\/2022\/05\/KEM_helmi.png\" alt=\"Kuvakaappaus tietokannan artikkeliviitteest\u00e4. Citing (31): n\u00e4m\u00e4 k\u00e4yttiv\u00e4t artikkelia omana l\u00e4hteen\u00e4\u00e4n, onko n\u00e4ist\u00e4 hy\u00f6ty\u00e4?. Cited documents eli l\u00e4hdeluettelo: kannattaako lukea my\u00f6s joitakin n\u00e4ist\u00e4? L\u00f6ytyyk\u00f6 uusia hakusanoja? Esimerkki: mortality -&gt; survival. Keywords ja Concepts eli avainsanat: l\u00f6ytyyk\u00f6 t\u00e4\u00e4lt\u00e4 hyvi\u00e4 uusia hakusanoja?\" class=\"wp-image-2040\" style=\"width:600px\" srcset=\"https:\/\/blogs.uef.fi\/tiedonhaku-kemia\/wp-content\/uploads\/sites\/177\/2022\/05\/KEM_helmi.png 994w, https:\/\/blogs.uef.fi\/tiedonhaku-kemia\/wp-content\/uploads\/sites\/177\/2022\/05\/KEM_helmi-300x236.png 300w, https:\/\/blogs.uef.fi\/tiedonhaku-kemia\/wp-content\/uploads\/sites\/177\/2022\/05\/KEM_helmi-768x605.png 768w\" sizes=\"auto, (max-width: 994px) 100vw, 994px\" \/><figcaption class=\"wp-element-caption\">Kuvassa tietue Scifinder-tietokannasta. Hakulauseena on ollut <em>pesticides AND mortality AND bees<\/em>. Uudeksi halulauseeksi voisi muotoilla vaikkapa:<em> pesticides AND (mortality OR death OR survival) AND (&#8221;honey bees&#8221; OR &#8221;apis mellifera&#8221;)<\/em><\/figcaption><\/figure>\n\n\n\n<h2 class=\"wp-block-heading\">Aloita laajemmasta, tarkenna sitten<\/h2>\n\n\n\n<p>T\u00e4ss\u00e4 haussa on ideana, ett\u00e4 varmuden vuoksi haetaan ensin melko v\u00e4lj\u00e4sti, jotta mit\u00e4\u00e4n t\u00e4rke\u00e4\u00e4 ei j\u00e4isi pois heti aluksi. T\u00e4m\u00e4n j\u00e4lkeen tarkennetaan aihetta lis\u00e4\u00e4m\u00e4ll\u00e4 tarpeen mukaan lis\u00e4\u00e4 hakuk\u00e4sitteit\u00e4 (AND-operaatioita) ja k\u00e4ytet\u00e4\u00e4n tietokannan tarjoamia rajausty\u00f6kaluja.<\/p>\n\n\n\n<figure class=\"wp-block-image size-full is-resized\"><img loading=\"lazy\" decoding=\"async\" width=\"1399\" height=\"620\" src=\"https:\/\/blogs.uef.fi\/tiedonhaku-kemia\/wp-content\/uploads\/sites\/177\/2022\/05\/KEM_laajasta_1.png\" alt=\"Kuvakaappaus Scopus-tietokannan hakutuloksista. N\u00e4kyvill\u00e4 on tehty hakulause: (pharmaceut* OR medic* OR drug) AND ingredients AND (plant OR tree). Hakutuloksia on saatu 15 734. Vasemmalta on korostettuna kohta: Search within results, johon on kirjoitettu \u201dchamical analysis\u201d.\" class=\"wp-image-2022\" style=\"width:600px\" srcset=\"https:\/\/blogs.uef.fi\/tiedonhaku-kemia\/wp-content\/uploads\/sites\/177\/2022\/05\/KEM_laajasta_1.png 1399w, https:\/\/blogs.uef.fi\/tiedonhaku-kemia\/wp-content\/uploads\/sites\/177\/2022\/05\/KEM_laajasta_1-300x133.png 300w, https:\/\/blogs.uef.fi\/tiedonhaku-kemia\/wp-content\/uploads\/sites\/177\/2022\/05\/KEM_laajasta_1-1024x454.png 1024w, https:\/\/blogs.uef.fi\/tiedonhaku-kemia\/wp-content\/uploads\/sites\/177\/2022\/05\/KEM_laajasta_1-768x340.png 768w\" sizes=\"auto, (max-width: 1399px) 100vw, 1399px\" \/><figcaption class=\"wp-element-caption\">Koska alkuper\u00e4inen haku tuottaa todella paljon osumia (15 734 kpl), l\u00e4hdet\u00e4\u00e4n tarkentamaan hakua hakemalla tulosten sis\u00e4lt\u00e4 fraasia <em>&#8221;chemical analysis&#8221;.<\/em> K\u00e4yt\u00e4nn\u00f6ss\u00e4 siis lis\u00e4t\u00e4\u00e4n hakuun uusi k\u00e4site AND-operaattorilla.<\/figcaption><\/figure>\n\n\n\n<figure class=\"wp-block-image size-full is-resized\"><img loading=\"lazy\" decoding=\"async\" width=\"3127\" height=\"2381\" src=\"https:\/\/blogs.uef.fi\/tiedonhaku-kemia\/wp-content\/uploads\/sites\/177\/2022\/05\/KEM_laajasta_2.png\" alt=\"Kuvakaappaus Scopus-tietokannan hakutuloksista. N\u00e4kyvill\u00e4 on tehty hakulause: (pharmaceut* OR medic* OR drug) AND ingredients AND (plant OR tree) AND \u201cchemical analysis\u201d. Hakutuloksia on saatu 820. Vasemmalta valikosta \u2019Refine results\u2019 on korostettuna kohta \u2019Limit to\u2019 ja valittuna \u2019Subject area\u2019 \u2019chemistry\u2019 sek\u00e4 \u2019biochemistry, genetics and molecular biology\u2019. Alla n\u00e4kyy hakutulos t\u00e4m\u00e4n rajauksen j\u00e4lkeen: 368 osumaa. \" class=\"wp-image-2028\" style=\"width:600px\" srcset=\"https:\/\/blogs.uef.fi\/tiedonhaku-kemia\/wp-content\/uploads\/sites\/177\/2022\/05\/KEM_laajasta_2.png 3127w, https:\/\/blogs.uef.fi\/tiedonhaku-kemia\/wp-content\/uploads\/sites\/177\/2022\/05\/KEM_laajasta_2-300x228.png 300w, https:\/\/blogs.uef.fi\/tiedonhaku-kemia\/wp-content\/uploads\/sites\/177\/2022\/05\/KEM_laajasta_2-1024x780.png 1024w, https:\/\/blogs.uef.fi\/tiedonhaku-kemia\/wp-content\/uploads\/sites\/177\/2022\/05\/KEM_laajasta_2-768x585.png 768w, https:\/\/blogs.uef.fi\/tiedonhaku-kemia\/wp-content\/uploads\/sites\/177\/2022\/05\/KEM_laajasta_2-1536x1170.png 1536w, https:\/\/blogs.uef.fi\/tiedonhaku-kemia\/wp-content\/uploads\/sites\/177\/2022\/05\/KEM_laajasta_2-2048x1559.png 2048w\" sizes=\"auto, (max-width: 3127px) 100vw, 3127px\" \/><figcaption class=\"wp-element-caption\">Hakutulos pieneneekin mukavasti, 820 dokumenttiin. T\u00e4ss\u00e4 voidaan viel\u00e4 rajata aihealuetta yleisesti ottamalla mukaan vain kemian ja biokemian alan julkaisut. Lopullinen tulos on 368 kpl.<\/figcaption><\/figure>\n\n\n\n<h2 class=\"wp-block-heading\">Hae ensin tarkasti, laajenna tarvittaessa<\/h2>\n\n\n\n<p>T\u00e4ss\u00e4 l\u00e4hestymistavassa on t\u00e4rke\u00e4\u00e4 saada heti aluksi todella hyvin aiheenmukaisia tuloksia. T\u00e4m\u00e4 onnistuu k\u00e4ytt\u00e4m\u00e4ll\u00e4 tarkkoja hakusanoja ja spesifej\u00e4 termej\u00e4. T\u00e4st\u00e4 voidaan sitten tarpeen mukaan l\u00e4hte\u00e4 laajentamaan hakua k\u00e4ytt\u00e4m\u00e4ll\u00e4 v\u00e4ljempi\u00e4 hakuehtoja ja lis\u00e4\u00e4m\u00e4ll\u00e4 vaihtoehtoisia hakusanoja.<\/p>\n\n\n\n<figure class=\"wp-block-image size-full is-resized\"><img loading=\"lazy\" decoding=\"async\" width=\"2628\" height=\"2016\" src=\"https:\/\/blogs.uef.fi\/tiedonhaku-kemia\/wp-content\/uploads\/sites\/177\/2022\/05\/KEM_suppea.png\" alt=\"Kaksi kuvakaappausta Proquestin Eric-tietokannasta. Ensimm\u00e4isess\u00e4 kuvassa hakuriville on kirjoitettu: chemistry AND \u201ddistance education\u201d AND \u201dlaboratory training\u201d. Hakutulos on 7. Toisessa kuvassa hakuriville on kirjoitettu: (chemistry OR \u201dscience education\u201d) AND \u201ddistance education\u201d AND laboratory. Tuloksia on 185.\" class=\"wp-image-2013\" style=\"width:600px\" srcset=\"https:\/\/blogs.uef.fi\/tiedonhaku-kemia\/wp-content\/uploads\/sites\/177\/2022\/05\/KEM_suppea.png 2628w, https:\/\/blogs.uef.fi\/tiedonhaku-kemia\/wp-content\/uploads\/sites\/177\/2022\/05\/KEM_suppea-300x230.png 300w, https:\/\/blogs.uef.fi\/tiedonhaku-kemia\/wp-content\/uploads\/sites\/177\/2022\/05\/KEM_suppea-1024x786.png 1024w, https:\/\/blogs.uef.fi\/tiedonhaku-kemia\/wp-content\/uploads\/sites\/177\/2022\/05\/KEM_suppea-768x589.png 768w, https:\/\/blogs.uef.fi\/tiedonhaku-kemia\/wp-content\/uploads\/sites\/177\/2022\/05\/KEM_suppea-1536x1178.png 1536w, https:\/\/blogs.uef.fi\/tiedonhaku-kemia\/wp-content\/uploads\/sites\/177\/2022\/05\/KEM_suppea-2048x1571.png 2048w\" sizes=\"auto, (max-width: 2628px) 100vw, 2628px\" \/><figcaption class=\"wp-element-caption\">Yksi esimerkki haun laajentamisesta: lis\u00e4t\u00e4\u00e4n vaihtoehto sek\u00e4 v\u00e4ljennet\u00e4\u00e4n hakutermi\u00e4.<\/figcaption><\/figure>\n\n\n\n<h2 class=\"wp-block-heading\">Selaile<\/h2>\n\n\n\n<p>Vaikka erilaisia tieteellisi\u00e4 lehti\u00e4 on tarjolla lukematon m\u00e4\u00e4r\u00e4, usein alalla on tietyt tunnetut lehdet, joissa ainakin t\u00e4rkeimm\u00e4t artikkelit pyrit\u00e4\u00e4n julkaisemaan. T\u00e4llaisia t\u00e4rkeit\u00e4 lehti\u00e4 voi selailla (browse) aika ajoin. Kaikkea ei tarvitse l\u00f6yt\u00e4\u00e4 hakulauseiden avulla. <\/p>\n\n\n\n<p>Tietokannoissa voit my\u00f6s selailla aihealueita. T\u00e4llainen voisi toimia ainakin suppeahkoissa kirjatietokannoissa.<\/p>\n\n\n\n<figure class=\"wp-block-image size-full is-resized\"><img loading=\"lazy\" decoding=\"async\" width=\"1270\" height=\"831\" src=\"https:\/\/blogs.uef.fi\/tiedonhaku-kemia\/wp-content\/uploads\/sites\/177\/2022\/05\/KEM_selaa.png\" alt=\"Kuvakaappaus tietokannasta. Selailu tehd\u00e4\u00e4n valinnoilla Chemistry, Organic Chemistry, Biotehcnology, Book, 2000-2022 (vuodet). Tuloksia 23 kpl.\" class=\"wp-image-1996\" style=\"width:600px\" srcset=\"https:\/\/blogs.uef.fi\/tiedonhaku-kemia\/wp-content\/uploads\/sites\/177\/2022\/05\/KEM_selaa.png 1270w, https:\/\/blogs.uef.fi\/tiedonhaku-kemia\/wp-content\/uploads\/sites\/177\/2022\/05\/KEM_selaa-300x196.png 300w, https:\/\/blogs.uef.fi\/tiedonhaku-kemia\/wp-content\/uploads\/sites\/177\/2022\/05\/KEM_selaa-1024x670.png 1024w, https:\/\/blogs.uef.fi\/tiedonhaku-kemia\/wp-content\/uploads\/sites\/177\/2022\/05\/KEM_selaa-768x503.png 768w\" sizes=\"auto, (max-width: 1270px) 100vw, 1270px\" \/><figcaption class=\"wp-element-caption\">T\u00e4m\u00e4 esimerkki on <em>SpringerLink-<\/em>sivustolta<em>.<\/em> Selailu toteutetaan valitsemalla aihealueita, julkaisutyyppej\u00e4 ja julkaisuajankohta.<\/figcaption><\/figure>\n\n\n\n<p class=\"has-text-align-right\">Seuraava sivu: <a href=\"https:\/\/blogs.uef.fi\/tiedonhaku-kemia\/millainen-on-hyva-hakutulos\/\">Millainen on hyv\u00e4 hakutulos?<\/a><\/p>\n","protected":false},"excerpt":{"rendered":"<p>Tiedonhaun voi aloittaa eri tavoin. Aihetta kannattaa ensin hieman tunnustella, jotta p\u00e4\u00e4see jyv\u00e4lle siit\u00e4, kuinka juuri t\u00e4t\u00e4 aihetta kannattaisi l\u00e4hesty\u00e4 ja kehitell\u00e4 hakua edelleen. Haun muokkaamisen keinoja k\u00e4sitell\u00e4\u00e4n tarkemmin seuravissa luvuissa. Hakutulosta kannattaa varsinkin alussa tutkailla j\u00e4rjestettyn\u00e4 (sort by) aiheenmukaisuuden eli relevanssin mukaan. N\u00e4in voit nopeasti l\u00f6yt\u00e4\u00e4 joitakin hyvi\u00e4 osumia. Tulokset voi j\u00e4rjest\u00e4\u00e4 my\u00f6s julkaisuajankohdan [&hellip;]<\/p>\n","protected":false},"author":127,"featured_media":0,"parent":491,"menu_order":0,"comment_status":"closed","ping_status":"closed","template":"","meta":{"_acf_changed":false,"footnotes":""},"class_list":["post-1402","page","type-page","status-publish","hentry"],"acf":[],"yoast_head":"<!-- This site is optimized with the Yoast SEO plugin v27.1.1 - https:\/\/yoast.com\/product\/yoast-seo-wordpress\/ -->\n<title>Hakutapoja - Kemian tiedonhaku \/ UEF kirjasto<\/title>\n<meta name=\"robots\" content=\"index, follow, max-snippet:-1, max-image-preview:large, max-video-preview:-1\" \/>\n<link rel=\"canonical\" href=\"https:\/\/blogs.uef.fi\/tiedonhaku-kemia\/hakulauseet\/hakutapoja\/\" \/>\n<meta property=\"og:locale\" content=\"fi_FI\" \/>\n<meta property=\"og:type\" content=\"article\" \/>\n<meta property=\"og:title\" content=\"Hakutapoja - Kemian tiedonhaku \/ UEF kirjasto\" \/>\n<meta property=\"og:description\" content=\"Tiedonhaun voi aloittaa eri tavoin. Aihetta kannattaa ensin hieman tunnustella, jotta p\u00e4\u00e4see jyv\u00e4lle siit\u00e4, kuinka juuri t\u00e4t\u00e4 aihetta kannattaisi l\u00e4hesty\u00e4 ja kehitell\u00e4 hakua edelleen. Haun muokkaamisen keinoja k\u00e4sitell\u00e4\u00e4n tarkemmin seuravissa luvuissa. Hakutulosta kannattaa varsinkin alussa tutkailla j\u00e4rjestettyn\u00e4 (sort by) aiheenmukaisuuden eli relevanssin mukaan. N\u00e4in voit nopeasti l\u00f6yt\u00e4\u00e4 joitakin hyvi\u00e4 osumia. Tulokset voi j\u00e4rjest\u00e4\u00e4 my\u00f6s julkaisuajankohdan [&hellip;]\" \/>\n<meta property=\"og:url\" content=\"https:\/\/blogs.uef.fi\/tiedonhaku-kemia\/hakulauseet\/hakutapoja\/\" \/>\n<meta property=\"og:site_name\" content=\"Kemian tiedonhaku \/ UEF kirjasto\" \/>\n<meta property=\"article:modified_time\" content=\"2024-01-09T08:58:12+00:00\" \/>\n<meta property=\"og:image\" content=\"https:\/\/blogs.uef.fi\/tiedonhaku-kemia\/wp-content\/uploads\/sites\/177\/2022\/05\/KEM_pikahaku.png\" \/>\n<meta name=\"twitter:card\" content=\"summary_large_image\" \/>\n<meta name=\"twitter:label1\" content=\"Arvioitu lukuaika\" \/>\n\t<meta name=\"twitter:data1\" content=\"5 minuuttia\" \/>\n<script type=\"application\/ld+json\" class=\"yoast-schema-graph\">{\"@context\":\"https:\/\/schema.org\",\"@graph\":[{\"@type\":\"WebPage\",\"@id\":\"https:\/\/blogs.uef.fi\/tiedonhaku-kemia\/hakulauseet\/hakutapoja\/\",\"url\":\"https:\/\/blogs.uef.fi\/tiedonhaku-kemia\/hakulauseet\/hakutapoja\/\",\"name\":\"Hakutapoja - Kemian tiedonhaku \/ UEF kirjasto\",\"isPartOf\":{\"@id\":\"https:\/\/blogs.uef.fi\/tiedonhaku-kemia\/#website\"},\"primaryImageOfPage\":{\"@id\":\"https:\/\/blogs.uef.fi\/tiedonhaku-kemia\/hakulauseet\/hakutapoja\/#primaryimage\"},\"image\":{\"@id\":\"https:\/\/blogs.uef.fi\/tiedonhaku-kemia\/hakulauseet\/hakutapoja\/#primaryimage\"},\"thumbnailUrl\":\"https:\/\/blogs.uef.fi\/tiedonhaku-kemia\/wp-content\/uploads\/sites\/177\/2022\/05\/KEM_pikahaku.png\",\"datePublished\":\"2022-04-12T12:17:29+00:00\",\"dateModified\":\"2024-01-09T08:58:12+00:00\",\"breadcrumb\":{\"@id\":\"https:\/\/blogs.uef.fi\/tiedonhaku-kemia\/hakulauseet\/hakutapoja\/#breadcrumb\"},\"inLanguage\":\"fi\",\"potentialAction\":[{\"@type\":\"ReadAction\",\"target\":[\"https:\/\/blogs.uef.fi\/tiedonhaku-kemia\/hakulauseet\/hakutapoja\/\"]}]},{\"@type\":\"ImageObject\",\"inLanguage\":\"fi\",\"@id\":\"https:\/\/blogs.uef.fi\/tiedonhaku-kemia\/hakulauseet\/hakutapoja\/#primaryimage\",\"url\":\"https:\/\/blogs.uef.fi\/tiedonhaku-kemia\/wp-content\/uploads\/sites\/177\/2022\/05\/KEM_pikahaku.png\",\"contentUrl\":\"https:\/\/blogs.uef.fi\/tiedonhaku-kemia\/wp-content\/uploads\/sites\/177\/2022\/05\/KEM_pikahaku.png\",\"width\":938,\"height\":409},{\"@type\":\"BreadcrumbList\",\"@id\":\"https:\/\/blogs.uef.fi\/tiedonhaku-kemia\/hakulauseet\/hakutapoja\/#breadcrumb\",\"itemListElement\":[{\"@type\":\"ListItem\",\"position\":1,\"name\":\"Home\",\"item\":\"https:\/\/blogs.uef.fi\/tiedonhaku-kemia\/\"},{\"@type\":\"ListItem\",\"position\":2,\"name\":\"Hakulauseet\",\"item\":\"https:\/\/blogs.uef.fi\/tiedonhaku-kemia\/hakulauseet\/\"},{\"@type\":\"ListItem\",\"position\":3,\"name\":\"Hakutapoja\"}]},{\"@type\":\"WebSite\",\"@id\":\"https:\/\/blogs.uef.fi\/tiedonhaku-kemia\/#website\",\"url\":\"https:\/\/blogs.uef.fi\/tiedonhaku-kemia\/\",\"name\":\"Kemian tiedonhaku \/ UEF kirjasto\",\"description\":\"Kemian tiedonhaku on kattava oppimateriaali tiedonhakuun kemisteille. Se sis\u00e4lt\u00e4\u00e4 yleiset tiedonhaun tekniikat sek\u00e4 kemian alan tiedonl\u00e4hteet ohjeineen ja esimerkkihakuineen.\",\"potentialAction\":[{\"@type\":\"SearchAction\",\"target\":{\"@type\":\"EntryPoint\",\"urlTemplate\":\"https:\/\/blogs.uef.fi\/tiedonhaku-kemia\/?s={search_term_string}\"},\"query-input\":{\"@type\":\"PropertyValueSpecification\",\"valueRequired\":true,\"valueName\":\"search_term_string\"}}],\"inLanguage\":\"fi\"}]}<\/script>\n<!-- \/ Yoast SEO plugin. -->","yoast_head_json":{"title":"Hakutapoja - Kemian tiedonhaku \/ UEF kirjasto","robots":{"index":"index","follow":"follow","max-snippet":"max-snippet:-1","max-image-preview":"max-image-preview:large","max-video-preview":"max-video-preview:-1"},"canonical":"https:\/\/blogs.uef.fi\/tiedonhaku-kemia\/hakulauseet\/hakutapoja\/","og_locale":"fi_FI","og_type":"article","og_title":"Hakutapoja - Kemian tiedonhaku \/ UEF kirjasto","og_description":"Tiedonhaun voi aloittaa eri tavoin. Aihetta kannattaa ensin hieman tunnustella, jotta p\u00e4\u00e4see jyv\u00e4lle siit\u00e4, kuinka juuri t\u00e4t\u00e4 aihetta kannattaisi l\u00e4hesty\u00e4 ja kehitell\u00e4 hakua edelleen. Haun muokkaamisen keinoja k\u00e4sitell\u00e4\u00e4n tarkemmin seuravissa luvuissa. Hakutulosta kannattaa varsinkin alussa tutkailla j\u00e4rjestettyn\u00e4 (sort by) aiheenmukaisuuden eli relevanssin mukaan. N\u00e4in voit nopeasti l\u00f6yt\u00e4\u00e4 joitakin hyvi\u00e4 osumia. Tulokset voi j\u00e4rjest\u00e4\u00e4 my\u00f6s julkaisuajankohdan [&hellip;]","og_url":"https:\/\/blogs.uef.fi\/tiedonhaku-kemia\/hakulauseet\/hakutapoja\/","og_site_name":"Kemian tiedonhaku \/ UEF kirjasto","article_modified_time":"2024-01-09T08:58:12+00:00","og_image":[{"url":"https:\/\/blogs.uef.fi\/tiedonhaku-kemia\/wp-content\/uploads\/sites\/177\/2022\/05\/KEM_pikahaku.png","type":"","width":"","height":""}],"twitter_card":"summary_large_image","twitter_misc":{"Arvioitu lukuaika":"5 minuuttia"},"schema":{"@context":"https:\/\/schema.org","@graph":[{"@type":"WebPage","@id":"https:\/\/blogs.uef.fi\/tiedonhaku-kemia\/hakulauseet\/hakutapoja\/","url":"https:\/\/blogs.uef.fi\/tiedonhaku-kemia\/hakulauseet\/hakutapoja\/","name":"Hakutapoja - Kemian tiedonhaku \/ UEF kirjasto","isPartOf":{"@id":"https:\/\/blogs.uef.fi\/tiedonhaku-kemia\/#website"},"primaryImageOfPage":{"@id":"https:\/\/blogs.uef.fi\/tiedonhaku-kemia\/hakulauseet\/hakutapoja\/#primaryimage"},"image":{"@id":"https:\/\/blogs.uef.fi\/tiedonhaku-kemia\/hakulauseet\/hakutapoja\/#primaryimage"},"thumbnailUrl":"https:\/\/blogs.uef.fi\/tiedonhaku-kemia\/wp-content\/uploads\/sites\/177\/2022\/05\/KEM_pikahaku.png","datePublished":"2022-04-12T12:17:29+00:00","dateModified":"2024-01-09T08:58:12+00:00","breadcrumb":{"@id":"https:\/\/blogs.uef.fi\/tiedonhaku-kemia\/hakulauseet\/hakutapoja\/#breadcrumb"},"inLanguage":"fi","potentialAction":[{"@type":"ReadAction","target":["https:\/\/blogs.uef.fi\/tiedonhaku-kemia\/hakulauseet\/hakutapoja\/"]}]},{"@type":"ImageObject","inLanguage":"fi","@id":"https:\/\/blogs.uef.fi\/tiedonhaku-kemia\/hakulauseet\/hakutapoja\/#primaryimage","url":"https:\/\/blogs.uef.fi\/tiedonhaku-kemia\/wp-content\/uploads\/sites\/177\/2022\/05\/KEM_pikahaku.png","contentUrl":"https:\/\/blogs.uef.fi\/tiedonhaku-kemia\/wp-content\/uploads\/sites\/177\/2022\/05\/KEM_pikahaku.png","width":938,"height":409},{"@type":"BreadcrumbList","@id":"https:\/\/blogs.uef.fi\/tiedonhaku-kemia\/hakulauseet\/hakutapoja\/#breadcrumb","itemListElement":[{"@type":"ListItem","position":1,"name":"Home","item":"https:\/\/blogs.uef.fi\/tiedonhaku-kemia\/"},{"@type":"ListItem","position":2,"name":"Hakulauseet","item":"https:\/\/blogs.uef.fi\/tiedonhaku-kemia\/hakulauseet\/"},{"@type":"ListItem","position":3,"name":"Hakutapoja"}]},{"@type":"WebSite","@id":"https:\/\/blogs.uef.fi\/tiedonhaku-kemia\/#website","url":"https:\/\/blogs.uef.fi\/tiedonhaku-kemia\/","name":"Kemian tiedonhaku \/ UEF kirjasto","description":"Kemian tiedonhaku on kattava oppimateriaali tiedonhakuun kemisteille. Se sis\u00e4lt\u00e4\u00e4 yleiset tiedonhaun tekniikat sek\u00e4 kemian alan tiedonl\u00e4hteet ohjeineen ja esimerkkihakuineen.","potentialAction":[{"@type":"SearchAction","target":{"@type":"EntryPoint","urlTemplate":"https:\/\/blogs.uef.fi\/tiedonhaku-kemia\/?s={search_term_string}"},"query-input":{"@type":"PropertyValueSpecification","valueRequired":true,"valueName":"search_term_string"}}],"inLanguage":"fi"}]}},"_links":{"self":[{"href":"https:\/\/blogs.uef.fi\/tiedonhaku-kemia\/wp-json\/wp\/v2\/pages\/1402","targetHints":{"allow":["GET"]}}],"collection":[{"href":"https:\/\/blogs.uef.fi\/tiedonhaku-kemia\/wp-json\/wp\/v2\/pages"}],"about":[{"href":"https:\/\/blogs.uef.fi\/tiedonhaku-kemia\/wp-json\/wp\/v2\/types\/page"}],"author":[{"embeddable":true,"href":"https:\/\/blogs.uef.fi\/tiedonhaku-kemia\/wp-json\/wp\/v2\/users\/127"}],"replies":[{"embeddable":true,"href":"https:\/\/blogs.uef.fi\/tiedonhaku-kemia\/wp-json\/wp\/v2\/comments?post=1402"}],"version-history":[{"count":2,"href":"https:\/\/blogs.uef.fi\/tiedonhaku-kemia\/wp-json\/wp\/v2\/pages\/1402\/revisions"}],"predecessor-version":[{"id":2950,"href":"https:\/\/blogs.uef.fi\/tiedonhaku-kemia\/wp-json\/wp\/v2\/pages\/1402\/revisions\/2950"}],"up":[{"embeddable":true,"href":"https:\/\/blogs.uef.fi\/tiedonhaku-kemia\/wp-json\/wp\/v2\/pages\/491"}],"wp:attachment":[{"href":"https:\/\/blogs.uef.fi\/tiedonhaku-kemia\/wp-json\/wp\/v2\/media?parent=1402"}],"curies":[{"name":"wp","href":"https:\/\/api.w.org\/{rel}","templated":true}]}}