{"id":991,"date":"2020-06-29T17:52:03","date_gmt":"2020-06-29T17:52:03","guid":{"rendered":"https:\/\/blogs.uef.fi\/tiedonhaku-kauppatieteet\/?page_id=991"},"modified":"2025-06-06T11:31:44","modified_gmt":"2025-06-06T09:31:44","slug":"avoin-julkaiseminen","status":"publish","type":"page","link":"https:\/\/blogs.uef.fi\/tiedonhaku-kauppatieteet\/avoin-julkaiseminen\/","title":{"rendered":"Avoin julkaiseminen"},"content":{"rendered":"<h1>Avoin tiede, avoin julkaiseminen (open access\/OA)<\/h1>\n<ul>\n<li>Avoimen tieteen tavoite on tutkimustulosten, tutkimusdatan ja tutkimuksessa k\u00e4ytettyjen menetelmien julkaiseminen siten, ett\u00e4 ne ovat kaikkien halukkaiden k\u00e4ytett\u00e4viss\u00e4.<\/li>\n<li>Avoimella julkaisulla (open access, OA) tieteellinen julkaisu on avoimesti kaikkien saatavilla ja hy\u00f6dynnett\u00e4viss\u00e4, ilman erillist\u00e4 korvausta tai esim. yliopiston verkkoon kirjautumista.<\/li>\n<li>Samasta julkaisusta voi olla verkossa eri versioita (final draft\/pre-print\/rinnakkaistallennettu \u2013 lopullinen lehden taiton mukainen).<\/li>\n<\/ul>\n<p>Tieteellist\u00e4 julkaisemista ovat hallinneet muutamat suuret kaupalliset kustantajat, joiden lehtiin\/artikkeleihin\/julkaisuihin p\u00e4\u00e4sy on vaatinut tilauksen ja\/tai kirjautumisen organisaatiosi\/yliopistosi k\u00e4ytt\u00e4j\u00e4tunnuksilla. Suuri osa tieteellisest\u00e4 tiedosta on siis ollut maksumuurin takana, ja se on vaikeuttanut merkitt\u00e4v\u00e4sti tieteellisen tiedon hy\u00f6dynt\u00e4mist\u00e4 esimerkiksi yrityksiss\u00e4.<br \/>\nOn nurinkurista, ett\u00e4 tutkija luovuttaa artikkelinsa julkaistavaksi lehteen ilman korvausta ja yliopisto\/kirjasto ostaa samaisen lehden tutkijoidensa k\u00e4ytt\u00f6\u00f6n. Kustantajien ylivallan murtamiseksi on noussut uusia julkaisemisen tapoja, jotka takaavat tutkimusjulkaisujen avoimen saannin, paitsi yliopistoille my\u00f6s kaikille muille k\u00e4ytt\u00e4jille.<\/p>\n<h2>Open access: avoin julkaiseminen<\/h2>\n<h3>Avoimia julkaisuja ovat muun muassa:<\/h3>\n<ul>\n<li>OA-lehdet (tieteelliset, ammatti- sek\u00e4 tieteellisten seurojen lehdet)<\/li>\n<li>Yksitt\u00e4iset, avoimesti julkaistut artikkelit maksullisissa tieteellisiss\u00e4 lehdiss\u00e4.<\/li>\n<li>Julkaisuarkistoihin tallennetut artikkelit, opinn\u00e4ytteet (osa) ja muut julkaisut<\/li>\n<li>Julkisten tutkimuslaitosten ja viranomaisten julkaisut<\/li>\n<li>OA-kirjat (esimerkiksi vanhat kirjat, avoimet oppikirjat, avoimet tietokirjat)<\/li>\n<\/ul>\n<p>OA-lehdet ovat lukijoille t\u00e4ysin avoimia. Kustannukset katetaan artikkelin julkaisumaksuilla. T\u00e4m\u00e4 ei kuitenkaan tarkoita, ett\u00e4 rahalla saisi mink\u00e4 tahansa artikkelin julkaistua. Monissa OA-lehdiss\u00e4 on normaali vertaisarviointik\u00e4yt\u00e4nt\u00f6 ja ne ovat tieteellisesti korkeatasoisia.<\/p>\n<h2>Rinnakkaistallentaminen (Parallel publishing, self-archiving)<\/h2>\n<p>Maksumuurin takana oleva artikkeli on mahdollista tallentaa erilliseen julkaisuarkistoon, josta se on vapaasti luettavissa, mahdollisesti hieman viiveell\u00e4. Rinnakkaistallennettu on yleens\u00e4 final draft -versio tai vastaava.<br \/>\nUEFin julkaisuarkisto: <a href=\"https:\/\/erepo.uef.fi\/\" target=\"_blank\" rel=\"noopener\">UEF eRepository<\/a> [aukeaa uuteen v\u00e4lilehteen].<\/p>\n<h2>Vertaisjakelu<\/h2>\n<p>Tutkija voi laittaa omia artikkeleitaan n\u00e4kyville esimerkiksi akateemisten verkostoitumispalvelujen kautta, kuten <a href=\"https:\/\/www.researchgate.net\/\" target=\"_blank\" rel=\"noopener\">ResearchGate<\/a> ja <a href=\"https:\/\/zenodo.org\/\" target=\"_blank\" rel=\"noopener\">Zenodo<\/a>\u00a0[aukeavat uuteen v\u00e4lilehteen].<\/p>\n<h2>Mist\u00e4 avoimia julkaisuja voi hakea?<\/h2>\n<ul>\n<li>Google ja <a href=\"https:\/\/scholar.google.fi\" target=\"_blank\" rel=\"noopener\">Google Scholar\u00a0<\/a> [aukeaa uuteen v\u00e4lilehteen]<br \/>\n&#8211; L\u00f6yt\u00e4v\u00e4t my\u00f6s muuta kuin avointa ja muuta kuin tieteellist\u00e4 aineistoa.<\/li>\n<li><a href=\"https:\/\/www.ssrn.com\/index.cfm\/en\/\" target=\"_blank\" rel=\"noopener\">SSRN<\/a> [aukeaa uuteen v\u00e4lilehteen]<br \/>\n&#8211; Julkaisutyyppej\u00e4: Preprint articles, working papers, conference proceedings&#8230;<br \/>\n&#8211; Aihealueet\/verkostot: Accounting Research Network, Entrepreneurship Research &amp; Policy Network, Financial Economics Network, Information Systems &amp; eBusiness Network, Leadership Research Network, Management Research Network, Marketing Research Network&#8230;<\/li>\n<li><a href=\"http:\/\/repec.org\/\" target=\"_blank\" rel=\"noopener\">RepEc<\/a> (Research Papers in Economics) [aukeaa uuteen v\u00e4lilehteen]<br \/>\n&#8211; Julkaisutyyppej\u00e4\/Content types: Journal articles, reports and working papers, books, chapters and sections, software<br \/>\n&#8211; Aihealueet\/Subjects: Business and Economics<\/li>\n<li style=\"text-align: left\">Muita avoimia hakuv\u00e4lineit\u00e4 (monialaisia) ja lis\u00e4lukemista:<br \/>\n<a href=\"https:\/\/www3.uef.fi\/fi\/web\/kirjasto\/oatiedonhaku\" target=\"_blank\" rel=\"noopener\">Avoimen tiedon hakuopas<\/a> (UEF) [aukeaa uuteen v\u00e4lilehteen]<\/li>\n<\/ul>\n<h2>Lis\u00e4\u00e4 avoimesta tieteest\u00e4<\/h2>\n<ul>\n<li><a href=\"https:\/\/www.uef.fi\/fi\/avoin-julkaiseminen\" target=\"_blank\" rel=\"noopener noreferrer\">Avoin julkaiseminen<\/a> (UEF) [aukeaa uuteen v\u00e4lilehteen]<\/li>\n<li><a href=\"https:\/\/avointiede.fi\/fi\" target=\"_blank\" rel=\"noopener noreferrer\">Avoin tiede.fi<\/a> [aukeaa uuteen v\u00e4lilehteen]<\/li>\n<li>Avoimen tieteen lieveilmi\u00f6it\u00e4: <a href=\"https:\/\/blogs.uef.fi\/ueflibrary\/varo-saalistajia-beware-of-predators\/\" target=\"_blank\" rel=\"noopener noreferrer\">Varo saalistajia\/predatory publishers<\/a>! [aukeaa uuteen v\u00e4lilehteen]<\/li>\n<\/ul>\n<p><strong>Opiskelijana voit osaltasi edist\u00e4\u00e4 tieteen avoimuutta julkaisemalla oman gradusi avoimesti.<\/strong><\/p>\n<p><strong>UEF-k\u00e4ytt\u00e4j\u00e4tunnuksillasi p\u00e4\u00e4set edelleen k\u00e4siksi laajempaan m\u00e4\u00e4r\u00e4\u00e4n julkaisuja kuin t\u00e4ysin avoimesti verkossa.<br \/>\n<\/strong><a href=\"https:\/\/primo.uef.fi\" target=\"_blank\" rel=\"noopener\">Kirjaudu UEF-Primon kautta<\/a>. [aukeaa uuteen v\u00e4lilehteen]<\/p>\n","protected":false},"excerpt":{"rendered":"<p>Avoin tiede, avoin julkaiseminen (open access\/OA) Avoimen tieteen tavoite on tutkimustulosten, tutkimusdatan ja tutkimuksessa k\u00e4ytettyjen menetelmien julkaiseminen siten, ett\u00e4 ne ovat kaikkien halukkaiden k\u00e4ytett\u00e4viss\u00e4. Avoimella julkaisulla (open access, OA) tieteellinen julkaisu on avoimesti kaikkien saatavilla ja hy\u00f6dynnett\u00e4viss\u00e4, ilman erillist\u00e4 korvausta tai esim. yliopiston verkkoon kirjautumista. Samasta julkaisusta voi olla verkossa eri versioita (final draft\/pre-print\/rinnakkaistallennettu \u2013 [&hellip;]<\/p>\n","protected":false},"author":135,"featured_media":0,"parent":0,"menu_order":0,"comment_status":"closed","ping_status":"closed","template":"","meta":{"_acf_changed":false,"footnotes":""},"class_list":["post-991","page","type-page","status-publish","hentry"],"acf":[],"yoast_head":"<!-- This site is optimized with the Yoast SEO plugin v27.1.1 - https:\/\/yoast.com\/product\/yoast-seo-wordpress\/ -->\n<title>Avoin julkaiseminen - Tiedonhaku - Kauppatieteet<\/title>\n<meta name=\"robots\" content=\"index, follow, max-snippet:-1, max-image-preview:large, max-video-preview:-1\" \/>\n<link rel=\"canonical\" href=\"https:\/\/blogs.uef.fi\/tiedonhaku-kauppatieteet\/avoin-julkaiseminen\/\" \/>\n<meta property=\"og:locale\" content=\"fi_FI\" \/>\n<meta property=\"og:type\" content=\"article\" \/>\n<meta property=\"og:title\" content=\"Avoin julkaiseminen - Tiedonhaku - Kauppatieteet\" \/>\n<meta property=\"og:description\" content=\"Avoin tiede, avoin julkaiseminen (open access\/OA) Avoimen tieteen tavoite on tutkimustulosten, tutkimusdatan ja tutkimuksessa k\u00e4ytettyjen menetelmien julkaiseminen siten, ett\u00e4 ne ovat kaikkien halukkaiden k\u00e4ytett\u00e4viss\u00e4. Avoimella julkaisulla (open access, OA) tieteellinen julkaisu on avoimesti kaikkien saatavilla ja hy\u00f6dynnett\u00e4viss\u00e4, ilman erillist\u00e4 korvausta tai esim. yliopiston verkkoon kirjautumista. Samasta julkaisusta voi olla verkossa eri versioita (final draft\/pre-print\/rinnakkaistallennettu \u2013 [&hellip;]\" \/>\n<meta property=\"og:url\" content=\"https:\/\/blogs.uef.fi\/tiedonhaku-kauppatieteet\/avoin-julkaiseminen\/\" \/>\n<meta property=\"og:site_name\" content=\"Tiedonhaku - Kauppatieteet\" \/>\n<meta property=\"article:modified_time\" content=\"2025-06-06T09:31:44+00:00\" \/>\n<meta name=\"twitter:card\" content=\"summary_large_image\" \/>\n<meta name=\"twitter:label1\" content=\"Arvioitu lukuaika\" \/>\n\t<meta name=\"twitter:data1\" content=\"3 minuuttia\" \/>\n<script type=\"application\/ld+json\" class=\"yoast-schema-graph\">{\"@context\":\"https:\/\/schema.org\",\"@graph\":[{\"@type\":\"WebPage\",\"@id\":\"https:\/\/blogs.uef.fi\/tiedonhaku-kauppatieteet\/avoin-julkaiseminen\/\",\"url\":\"https:\/\/blogs.uef.fi\/tiedonhaku-kauppatieteet\/avoin-julkaiseminen\/\",\"name\":\"Avoin julkaiseminen - Tiedonhaku - Kauppatieteet\",\"isPartOf\":{\"@id\":\"https:\/\/blogs.uef.fi\/tiedonhaku-kauppatieteet\/#website\"},\"datePublished\":\"2020-06-29T17:52:03+00:00\",\"dateModified\":\"2025-06-06T09:31:44+00:00\",\"breadcrumb\":{\"@id\":\"https:\/\/blogs.uef.fi\/tiedonhaku-kauppatieteet\/avoin-julkaiseminen\/#breadcrumb\"},\"inLanguage\":\"fi\",\"potentialAction\":[{\"@type\":\"ReadAction\",\"target\":[\"https:\/\/blogs.uef.fi\/tiedonhaku-kauppatieteet\/avoin-julkaiseminen\/\"]}]},{\"@type\":\"BreadcrumbList\",\"@id\":\"https:\/\/blogs.uef.fi\/tiedonhaku-kauppatieteet\/avoin-julkaiseminen\/#breadcrumb\",\"itemListElement\":[{\"@type\":\"ListItem\",\"position\":1,\"name\":\"Home\",\"item\":\"https:\/\/blogs.uef.fi\/tiedonhaku-kauppatieteet\/\"},{\"@type\":\"ListItem\",\"position\":2,\"name\":\"Avoin julkaiseminen\"}]},{\"@type\":\"WebSite\",\"@id\":\"https:\/\/blogs.uef.fi\/tiedonhaku-kauppatieteet\/#website\",\"url\":\"https:\/\/blogs.uef.fi\/tiedonhaku-kauppatieteet\/\",\"name\":\"Tiedonhaku - Kauppatieteet\",\"description\":\"\",\"potentialAction\":[{\"@type\":\"SearchAction\",\"target\":{\"@type\":\"EntryPoint\",\"urlTemplate\":\"https:\/\/blogs.uef.fi\/tiedonhaku-kauppatieteet\/?s={search_term_string}\"},\"query-input\":{\"@type\":\"PropertyValueSpecification\",\"valueRequired\":true,\"valueName\":\"search_term_string\"}}],\"inLanguage\":\"fi\"}]}<\/script>\n<!-- \/ Yoast SEO plugin. -->","yoast_head_json":{"title":"Avoin julkaiseminen - Tiedonhaku - Kauppatieteet","robots":{"index":"index","follow":"follow","max-snippet":"max-snippet:-1","max-image-preview":"max-image-preview:large","max-video-preview":"max-video-preview:-1"},"canonical":"https:\/\/blogs.uef.fi\/tiedonhaku-kauppatieteet\/avoin-julkaiseminen\/","og_locale":"fi_FI","og_type":"article","og_title":"Avoin julkaiseminen - Tiedonhaku - Kauppatieteet","og_description":"Avoin tiede, avoin julkaiseminen (open access\/OA) Avoimen tieteen tavoite on tutkimustulosten, tutkimusdatan ja tutkimuksessa k\u00e4ytettyjen menetelmien julkaiseminen siten, ett\u00e4 ne ovat kaikkien halukkaiden k\u00e4ytett\u00e4viss\u00e4. Avoimella julkaisulla (open access, OA) tieteellinen julkaisu on avoimesti kaikkien saatavilla ja hy\u00f6dynnett\u00e4viss\u00e4, ilman erillist\u00e4 korvausta tai esim. yliopiston verkkoon kirjautumista. Samasta julkaisusta voi olla verkossa eri versioita (final draft\/pre-print\/rinnakkaistallennettu \u2013 [&hellip;]","og_url":"https:\/\/blogs.uef.fi\/tiedonhaku-kauppatieteet\/avoin-julkaiseminen\/","og_site_name":"Tiedonhaku - Kauppatieteet","article_modified_time":"2025-06-06T09:31:44+00:00","twitter_card":"summary_large_image","twitter_misc":{"Arvioitu lukuaika":"3 minuuttia"},"schema":{"@context":"https:\/\/schema.org","@graph":[{"@type":"WebPage","@id":"https:\/\/blogs.uef.fi\/tiedonhaku-kauppatieteet\/avoin-julkaiseminen\/","url":"https:\/\/blogs.uef.fi\/tiedonhaku-kauppatieteet\/avoin-julkaiseminen\/","name":"Avoin julkaiseminen - Tiedonhaku - Kauppatieteet","isPartOf":{"@id":"https:\/\/blogs.uef.fi\/tiedonhaku-kauppatieteet\/#website"},"datePublished":"2020-06-29T17:52:03+00:00","dateModified":"2025-06-06T09:31:44+00:00","breadcrumb":{"@id":"https:\/\/blogs.uef.fi\/tiedonhaku-kauppatieteet\/avoin-julkaiseminen\/#breadcrumb"},"inLanguage":"fi","potentialAction":[{"@type":"ReadAction","target":["https:\/\/blogs.uef.fi\/tiedonhaku-kauppatieteet\/avoin-julkaiseminen\/"]}]},{"@type":"BreadcrumbList","@id":"https:\/\/blogs.uef.fi\/tiedonhaku-kauppatieteet\/avoin-julkaiseminen\/#breadcrumb","itemListElement":[{"@type":"ListItem","position":1,"name":"Home","item":"https:\/\/blogs.uef.fi\/tiedonhaku-kauppatieteet\/"},{"@type":"ListItem","position":2,"name":"Avoin julkaiseminen"}]},{"@type":"WebSite","@id":"https:\/\/blogs.uef.fi\/tiedonhaku-kauppatieteet\/#website","url":"https:\/\/blogs.uef.fi\/tiedonhaku-kauppatieteet\/","name":"Tiedonhaku - Kauppatieteet","description":"","potentialAction":[{"@type":"SearchAction","target":{"@type":"EntryPoint","urlTemplate":"https:\/\/blogs.uef.fi\/tiedonhaku-kauppatieteet\/?s={search_term_string}"},"query-input":{"@type":"PropertyValueSpecification","valueRequired":true,"valueName":"search_term_string"}}],"inLanguage":"fi"}]}},"_links":{"self":[{"href":"https:\/\/blogs.uef.fi\/tiedonhaku-kauppatieteet\/wp-json\/wp\/v2\/pages\/991","targetHints":{"allow":["GET"]}}],"collection":[{"href":"https:\/\/blogs.uef.fi\/tiedonhaku-kauppatieteet\/wp-json\/wp\/v2\/pages"}],"about":[{"href":"https:\/\/blogs.uef.fi\/tiedonhaku-kauppatieteet\/wp-json\/wp\/v2\/types\/page"}],"author":[{"embeddable":true,"href":"https:\/\/blogs.uef.fi\/tiedonhaku-kauppatieteet\/wp-json\/wp\/v2\/users\/135"}],"replies":[{"embeddable":true,"href":"https:\/\/blogs.uef.fi\/tiedonhaku-kauppatieteet\/wp-json\/wp\/v2\/comments?post=991"}],"version-history":[{"count":1,"href":"https:\/\/blogs.uef.fi\/tiedonhaku-kauppatieteet\/wp-json\/wp\/v2\/pages\/991\/revisions"}],"predecessor-version":[{"id":3543,"href":"https:\/\/blogs.uef.fi\/tiedonhaku-kauppatieteet\/wp-json\/wp\/v2\/pages\/991\/revisions\/3543"}],"wp:attachment":[{"href":"https:\/\/blogs.uef.fi\/tiedonhaku-kauppatieteet\/wp-json\/wp\/v2\/media?parent=991"}],"curies":[{"name":"wp","href":"https:\/\/api.w.org\/{rel}","templated":true}]}}