{"id":939,"date":"2020-06-24T06:34:25","date_gmt":"2020-06-24T06:34:25","guid":{"rendered":"https:\/\/blogs.uef.fi\/tiedonhaku-kauppatieteet\/?page_id=939"},"modified":"2020-06-24T06:49:51","modified_gmt":"2020-06-24T06:49:51","slug":"pro-gradu-verkkoon","status":"publish","type":"page","link":"https:\/\/blogs.uef.fi\/tiedonhaku-kauppatieteet\/enta-hakujen-jalkeen\/pro-gradu-verkkoon\/","title":{"rendered":"Pro gradu verkkoon"},"content":{"rendered":"<h2>Avoin julkaiseminen ja oman gradun julkaiseminen<\/h2>\n<p>Jos haluat, ett\u00e4 mahdollisimman paljon l\u00e4hteit\u00e4 on avoimesti verkossa, voit olla avoin itsekin, kun gradusi julkaiseminen tulee ajankohtaiseksi.<\/p>\n<p>Avoin julkaiseminen tarkoittaa sit\u00e4, ett\u00e4 esimerkiksi pro gradu -tutkielmat ovat kaikkien saatavilla verkon kautta.<br \/>\nOman tutkimuksen esille tuomisessa n\u00e4kyvyys verkossa ja sosiaalisessa mediassa on t\u00e4rke\u00e4\u00e4. Hyv\u00e4ksytty pro gradu -tutkielma on k\u00e4ynyt l\u00e4pi arviointiprosessin, joten voit ylpe\u00e4n\u00e4 laittaa sen avoimeen verkkoon muiden saataville. Avoin saatavuus voi olla my\u00f6s kilpailuetu rekrytointitilanteessa, koska ty\u00f6nantajasi voi helposti googlata julkaisuansiosi. Pro gradu -tutkielman julkaiseminen verkossa lis\u00e4\u00e4 ty\u00f6si n\u00e4kyvyytt\u00e4 ja yhdist\u00e4\u00e4 sinut muihin tieteenalasi tutkijoihin.<br \/>\nGradujen lukeminen verkon v\u00e4lityksell\u00e4 on hyvin yleist\u00e4, ja avaamalla pro gradu -tutkielmasi vapaasti verkosta luettavaksi helpotat monen muun opiskelijan ty\u00f6t\u00e4.<\/p>\n<p>Osa UEFin graduista on julkaistu verkossa, muttei avoimesti. N\u00e4m\u00e4 ovat k\u00e4ytett\u00e4viss\u00e4 vain tietyilt\u00e4 koneilta yliopiston kirjastoissa, mik\u00e4 on hankalaa. On mahdollista, ett\u00e4 osa on p\u00e4\u00e4tynyt t\u00e4h\u00e4n ihan vahingossa. Julkaisemiseen tarvitaan tekij\u00e4n lupa.<\/p>\n<p>It\u00e4-Suomen yliopiston kirjasto tarjoaa opiskelijoille ilmaisen v\u00e4yl\u00e4n avoimeen julkaisemiseen oman julkaisuarkiston <a href=\"https:\/\/epublications.uef.fi\/\">UEF Electronic Publications<\/a>in kautta. UEFin pro gradu -tutkielmat ovat k\u00e4ytett\u00e4viss\u00e4 vuodesta 2012 alkaen s\u00e4hk\u00f6isin\u00e4. Mit\u00e4 tehd\u00e4,<a href=\"https:\/\/www3.uef.fi\/fi\/web\/kirjasto\/pro-gradut\"> kun pro gradu \u2013tutkielma valmistuu<\/a>?<\/p>\n<p>Perehdy my\u00f6s laajemmin UEFin avoimeen tieteeseen <a href=\"https:\/\/www3.uef.fi\/fi\/web\/open-uef\/avoin-tiede\">Open UEF &#8211; Avoin tiede<\/a>.<\/p>\n","protected":false},"excerpt":{"rendered":"<p>Avoin julkaiseminen ja oman gradun julkaiseminen Jos haluat, ett\u00e4 mahdollisimman paljon l\u00e4hteit\u00e4 on avoimesti verkossa, voit olla avoin itsekin, kun gradusi julkaiseminen tulee ajankohtaiseksi. Avoin julkaiseminen tarkoittaa sit\u00e4, ett\u00e4 esimerkiksi pro gradu -tutkielmat ovat kaikkien saatavilla verkon kautta. Oman tutkimuksen esille tuomisessa n\u00e4kyvyys verkossa ja sosiaalisessa mediassa on t\u00e4rke\u00e4\u00e4. Hyv\u00e4ksytty pro gradu -tutkielma on k\u00e4ynyt [&hellip;]<\/p>\n","protected":false},"author":190,"featured_media":0,"parent":281,"menu_order":5,"comment_status":"closed","ping_status":"closed","template":"","meta":{"_acf_changed":false,"footnotes":""},"class_list":["post-939","page","type-page","status-publish","hentry"],"acf":[],"yoast_head":"<!-- This site is optimized with the Yoast SEO plugin v27.3 - https:\/\/yoast.com\/product\/yoast-seo-wordpress\/ -->\n<title>Pro gradu verkkoon - Tiedonhaku - Kauppatieteet<\/title>\n<meta name=\"robots\" content=\"index, follow, max-snippet:-1, max-image-preview:large, max-video-preview:-1\" \/>\n<link rel=\"canonical\" href=\"https:\/\/blogs.uef.fi\/tiedonhaku-kauppatieteet\/enta-hakujen-jalkeen\/pro-gradu-verkkoon\/\" \/>\n<meta property=\"og:locale\" content=\"fi_FI\" \/>\n<meta property=\"og:type\" content=\"article\" \/>\n<meta property=\"og:title\" content=\"Pro gradu verkkoon - Tiedonhaku - Kauppatieteet\" \/>\n<meta property=\"og:description\" content=\"Avoin julkaiseminen ja oman gradun julkaiseminen Jos haluat, ett\u00e4 mahdollisimman paljon l\u00e4hteit\u00e4 on avoimesti verkossa, voit olla avoin itsekin, kun gradusi julkaiseminen tulee ajankohtaiseksi. Avoin julkaiseminen tarkoittaa sit\u00e4, ett\u00e4 esimerkiksi pro gradu -tutkielmat ovat kaikkien saatavilla verkon kautta. Oman tutkimuksen esille tuomisessa n\u00e4kyvyys verkossa ja sosiaalisessa mediassa on t\u00e4rke\u00e4\u00e4. Hyv\u00e4ksytty pro gradu -tutkielma on k\u00e4ynyt [&hellip;]\" \/>\n<meta property=\"og:url\" content=\"https:\/\/blogs.uef.fi\/tiedonhaku-kauppatieteet\/enta-hakujen-jalkeen\/pro-gradu-verkkoon\/\" \/>\n<meta property=\"og:site_name\" content=\"Tiedonhaku - Kauppatieteet\" \/>\n<meta property=\"article:modified_time\" content=\"2020-06-24T06:49:51+00:00\" \/>\n<meta name=\"twitter:card\" content=\"summary_large_image\" \/>\n<meta name=\"twitter:label1\" content=\"Arvioitu lukuaika\" \/>\n\t<meta name=\"twitter:data1\" content=\"1 minuutti\" \/>\n<script type=\"application\/ld+json\" class=\"yoast-schema-graph\">{\"@context\":\"https:\\\/\\\/schema.org\",\"@graph\":[{\"@type\":\"WebPage\",\"@id\":\"https:\\\/\\\/blogs.uef.fi\\\/tiedonhaku-kauppatieteet\\\/enta-hakujen-jalkeen\\\/pro-gradu-verkkoon\\\/\",\"url\":\"https:\\\/\\\/blogs.uef.fi\\\/tiedonhaku-kauppatieteet\\\/enta-hakujen-jalkeen\\\/pro-gradu-verkkoon\\\/\",\"name\":\"Pro gradu verkkoon - Tiedonhaku - Kauppatieteet\",\"isPartOf\":{\"@id\":\"https:\\\/\\\/blogs.uef.fi\\\/tiedonhaku-kauppatieteet\\\/#website\"},\"datePublished\":\"2020-06-24T06:34:25+00:00\",\"dateModified\":\"2020-06-24T06:49:51+00:00\",\"breadcrumb\":{\"@id\":\"https:\\\/\\\/blogs.uef.fi\\\/tiedonhaku-kauppatieteet\\\/enta-hakujen-jalkeen\\\/pro-gradu-verkkoon\\\/#breadcrumb\"},\"inLanguage\":\"fi\",\"potentialAction\":[{\"@type\":\"ReadAction\",\"target\":[\"https:\\\/\\\/blogs.uef.fi\\\/tiedonhaku-kauppatieteet\\\/enta-hakujen-jalkeen\\\/pro-gradu-verkkoon\\\/\"]}]},{\"@type\":\"BreadcrumbList\",\"@id\":\"https:\\\/\\\/blogs.uef.fi\\\/tiedonhaku-kauppatieteet\\\/enta-hakujen-jalkeen\\\/pro-gradu-verkkoon\\\/#breadcrumb\",\"itemListElement\":[{\"@type\":\"ListItem\",\"position\":1,\"name\":\"Home\",\"item\":\"https:\\\/\\\/blogs.uef.fi\\\/tiedonhaku-kauppatieteet\\\/\"},{\"@type\":\"ListItem\",\"position\":2,\"name\":\"L\u00e4hteet ja viitteet\",\"item\":\"https:\\\/\\\/blogs.uef.fi\\\/tiedonhaku-kauppatieteet\\\/enta-hakujen-jalkeen\\\/\"},{\"@type\":\"ListItem\",\"position\":3,\"name\":\"Pro gradu verkkoon\"}]},{\"@type\":\"WebSite\",\"@id\":\"https:\\\/\\\/blogs.uef.fi\\\/tiedonhaku-kauppatieteet\\\/#website\",\"url\":\"https:\\\/\\\/blogs.uef.fi\\\/tiedonhaku-kauppatieteet\\\/\",\"name\":\"Tiedonhaku - Kauppatieteet\",\"description\":\"\",\"potentialAction\":[{\"@type\":\"SearchAction\",\"target\":{\"@type\":\"EntryPoint\",\"urlTemplate\":\"https:\\\/\\\/blogs.uef.fi\\\/tiedonhaku-kauppatieteet\\\/?s={search_term_string}\"},\"query-input\":{\"@type\":\"PropertyValueSpecification\",\"valueRequired\":true,\"valueName\":\"search_term_string\"}}],\"inLanguage\":\"fi\"}]}<\/script>\n<!-- \/ Yoast SEO plugin. -->","yoast_head_json":{"title":"Pro gradu verkkoon - Tiedonhaku - Kauppatieteet","robots":{"index":"index","follow":"follow","max-snippet":"max-snippet:-1","max-image-preview":"max-image-preview:large","max-video-preview":"max-video-preview:-1"},"canonical":"https:\/\/blogs.uef.fi\/tiedonhaku-kauppatieteet\/enta-hakujen-jalkeen\/pro-gradu-verkkoon\/","og_locale":"fi_FI","og_type":"article","og_title":"Pro gradu verkkoon - Tiedonhaku - Kauppatieteet","og_description":"Avoin julkaiseminen ja oman gradun julkaiseminen Jos haluat, ett\u00e4 mahdollisimman paljon l\u00e4hteit\u00e4 on avoimesti verkossa, voit olla avoin itsekin, kun gradusi julkaiseminen tulee ajankohtaiseksi. Avoin julkaiseminen tarkoittaa sit\u00e4, ett\u00e4 esimerkiksi pro gradu -tutkielmat ovat kaikkien saatavilla verkon kautta. Oman tutkimuksen esille tuomisessa n\u00e4kyvyys verkossa ja sosiaalisessa mediassa on t\u00e4rke\u00e4\u00e4. Hyv\u00e4ksytty pro gradu -tutkielma on k\u00e4ynyt [&hellip;]","og_url":"https:\/\/blogs.uef.fi\/tiedonhaku-kauppatieteet\/enta-hakujen-jalkeen\/pro-gradu-verkkoon\/","og_site_name":"Tiedonhaku - Kauppatieteet","article_modified_time":"2020-06-24T06:49:51+00:00","twitter_card":"summary_large_image","twitter_misc":{"Arvioitu lukuaika":"1 minuutti"},"schema":{"@context":"https:\/\/schema.org","@graph":[{"@type":"WebPage","@id":"https:\/\/blogs.uef.fi\/tiedonhaku-kauppatieteet\/enta-hakujen-jalkeen\/pro-gradu-verkkoon\/","url":"https:\/\/blogs.uef.fi\/tiedonhaku-kauppatieteet\/enta-hakujen-jalkeen\/pro-gradu-verkkoon\/","name":"Pro gradu verkkoon - Tiedonhaku - Kauppatieteet","isPartOf":{"@id":"https:\/\/blogs.uef.fi\/tiedonhaku-kauppatieteet\/#website"},"datePublished":"2020-06-24T06:34:25+00:00","dateModified":"2020-06-24T06:49:51+00:00","breadcrumb":{"@id":"https:\/\/blogs.uef.fi\/tiedonhaku-kauppatieteet\/enta-hakujen-jalkeen\/pro-gradu-verkkoon\/#breadcrumb"},"inLanguage":"fi","potentialAction":[{"@type":"ReadAction","target":["https:\/\/blogs.uef.fi\/tiedonhaku-kauppatieteet\/enta-hakujen-jalkeen\/pro-gradu-verkkoon\/"]}]},{"@type":"BreadcrumbList","@id":"https:\/\/blogs.uef.fi\/tiedonhaku-kauppatieteet\/enta-hakujen-jalkeen\/pro-gradu-verkkoon\/#breadcrumb","itemListElement":[{"@type":"ListItem","position":1,"name":"Home","item":"https:\/\/blogs.uef.fi\/tiedonhaku-kauppatieteet\/"},{"@type":"ListItem","position":2,"name":"L\u00e4hteet ja viitteet","item":"https:\/\/blogs.uef.fi\/tiedonhaku-kauppatieteet\/enta-hakujen-jalkeen\/"},{"@type":"ListItem","position":3,"name":"Pro gradu verkkoon"}]},{"@type":"WebSite","@id":"https:\/\/blogs.uef.fi\/tiedonhaku-kauppatieteet\/#website","url":"https:\/\/blogs.uef.fi\/tiedonhaku-kauppatieteet\/","name":"Tiedonhaku - Kauppatieteet","description":"","potentialAction":[{"@type":"SearchAction","target":{"@type":"EntryPoint","urlTemplate":"https:\/\/blogs.uef.fi\/tiedonhaku-kauppatieteet\/?s={search_term_string}"},"query-input":{"@type":"PropertyValueSpecification","valueRequired":true,"valueName":"search_term_string"}}],"inLanguage":"fi"}]}},"_links":{"self":[{"href":"https:\/\/blogs.uef.fi\/tiedonhaku-kauppatieteet\/wp-json\/wp\/v2\/pages\/939","targetHints":{"allow":["GET"]}}],"collection":[{"href":"https:\/\/blogs.uef.fi\/tiedonhaku-kauppatieteet\/wp-json\/wp\/v2\/pages"}],"about":[{"href":"https:\/\/blogs.uef.fi\/tiedonhaku-kauppatieteet\/wp-json\/wp\/v2\/types\/page"}],"author":[{"embeddable":true,"href":"https:\/\/blogs.uef.fi\/tiedonhaku-kauppatieteet\/wp-json\/wp\/v2\/users\/190"}],"replies":[{"embeddable":true,"href":"https:\/\/blogs.uef.fi\/tiedonhaku-kauppatieteet\/wp-json\/wp\/v2\/comments?post=939"}],"version-history":[{"count":3,"href":"https:\/\/blogs.uef.fi\/tiedonhaku-kauppatieteet\/wp-json\/wp\/v2\/pages\/939\/revisions"}],"predecessor-version":[{"id":3579,"href":"https:\/\/blogs.uef.fi\/tiedonhaku-kauppatieteet\/wp-json\/wp\/v2\/pages\/939\/revisions\/3579"}],"up":[{"embeddable":true,"href":"https:\/\/blogs.uef.fi\/tiedonhaku-kauppatieteet\/wp-json\/wp\/v2\/pages\/281"}],"wp:attachment":[{"href":"https:\/\/blogs.uef.fi\/tiedonhaku-kauppatieteet\/wp-json\/wp\/v2\/media?parent=939"}],"curies":[{"name":"wp","href":"https:\/\/api.w.org\/{rel}","templated":true}]}}