{"id":921,"date":"2020-06-24T06:16:45","date_gmt":"2020-06-24T06:16:45","guid":{"rendered":"https:\/\/blogs.uef.fi\/tiedonhaku-kauppatieteet\/?page_id=921"},"modified":"2021-10-13T10:03:13","modified_gmt":"2021-10-13T10:03:13","slug":"mita-saa-tehda","status":"publish","type":"page","link":"https:\/\/blogs.uef.fi\/tiedonhaku-kauppatieteet\/enta-hakujen-jalkeen\/mita-saa-tehda\/","title":{"rendered":"Mit\u00e4 saa tehd\u00e4?"},"content":{"rendered":"<h1>Tekij\u00e4noikeus, k\u00e4ytt\u00f6ehdot<\/h1>\n<p>Tekij\u00e4noikeuslaki (1961\/404) ja -asetus (574\/1995) s\u00e4\u00e4telev\u00e4t julkaisujen (julkaistujen teosten) k\u00e4ytt\u00f6\u00e4. Elektroninenkin aineisto on tekij\u00e4noikeuslain suojaamaa.<\/p>\n<p>Kuitenkin:<\/p>\n<p>Esimerkiksi lainatusta kirjasta saa tehd\u00e4 kopion yksityiseen k\u00e4ytt\u00f6\u00f6n (Tekij\u00e4noikeuslaki, 12\u00a7).<br \/>\nSitaattioikeus: &#8221;Julkistetusta teoksesta on lupa hyv\u00e4n tavan mukaisesti ottaa lainauksia tarkoituksen edellytt\u00e4m\u00e4ss\u00e4 laajuudessa.&#8221; (Tekij\u00e4noikeuslaki, 22 \u00a7).<br \/>\nHyv\u00e4n tavan mukaisuudella tarkoitetaan sit\u00e4, ett\u00e4 lainauksella on oltava asiallinen yhteys ty\u00f6h\u00f6n, jossa lainausta k\u00e4ytet\u00e4\u00e4n ja siteerattaessa l\u00e4hde on aina mainittava.<\/p>\n<p>! Kirjaston hankkimat e-kirjat ovat erillisten lisenssisopimusten alaista aineistoa ja niit\u00e4 ei voi ladata omalle koneelleen pysyv\u00e4sti (laina-ajat) ja niiden tulostamistakin on rajoitettu. N\u00e4iss\u00e4 on monenlaisia k\u00e4yt\u00e4nt\u00f6j\u00e4.<\/p>\n<p>Lue: <a href=\"https:\/\/urly.fi\/1G3P\" target=\"_blank\" rel=\"noopener\">E-aineistojen k\u00e4ytt\u00f6oikeudet<\/a> [aukeaa uuteen v\u00e4lilehteen]<\/p>\n","protected":false},"excerpt":{"rendered":"<p>Tekij\u00e4noikeus, k\u00e4ytt\u00f6ehdot Tekij\u00e4noikeuslaki (1961\/404) ja -asetus (574\/1995) s\u00e4\u00e4telev\u00e4t julkaisujen (julkaistujen teosten) k\u00e4ytt\u00f6\u00e4. Elektroninenkin aineisto on tekij\u00e4noikeuslain suojaamaa. Kuitenkin: Esimerkiksi lainatusta kirjasta saa tehd\u00e4 kopion yksityiseen k\u00e4ytt\u00f6\u00f6n (Tekij\u00e4noikeuslaki, 12\u00a7). Sitaattioikeus: &#8221;Julkistetusta teoksesta on lupa hyv\u00e4n tavan mukaisesti ottaa lainauksia tarkoituksen edellytt\u00e4m\u00e4ss\u00e4 laajuudessa.&#8221; (Tekij\u00e4noikeuslaki, 22 \u00a7). Hyv\u00e4n tavan mukaisuudella tarkoitetaan sit\u00e4, ett\u00e4 lainauksella on oltava asiallinen yhteys [&hellip;]<\/p>\n","protected":false},"author":190,"featured_media":0,"parent":281,"menu_order":4,"comment_status":"closed","ping_status":"closed","template":"","meta":{"_acf_changed":false,"footnotes":""},"class_list":["post-921","page","type-page","status-publish","hentry"],"acf":[],"yoast_head":"<!-- This site is optimized with the Yoast SEO plugin v27.1.1 - https:\/\/yoast.com\/product\/yoast-seo-wordpress\/ -->\n<title>Mit\u00e4 saa tehd\u00e4? - Tiedonhaku - Kauppatieteet<\/title>\n<meta name=\"robots\" content=\"index, follow, max-snippet:-1, max-image-preview:large, max-video-preview:-1\" \/>\n<link rel=\"canonical\" href=\"https:\/\/blogs.uef.fi\/tiedonhaku-kauppatieteet\/enta-hakujen-jalkeen\/mita-saa-tehda\/\" \/>\n<meta property=\"og:locale\" content=\"fi_FI\" \/>\n<meta property=\"og:type\" content=\"article\" \/>\n<meta property=\"og:title\" content=\"Mit\u00e4 saa tehd\u00e4? - Tiedonhaku - Kauppatieteet\" \/>\n<meta property=\"og:description\" content=\"Tekij\u00e4noikeus, k\u00e4ytt\u00f6ehdot Tekij\u00e4noikeuslaki (1961\/404) ja -asetus (574\/1995) s\u00e4\u00e4telev\u00e4t julkaisujen (julkaistujen teosten) k\u00e4ytt\u00f6\u00e4. Elektroninenkin aineisto on tekij\u00e4noikeuslain suojaamaa. Kuitenkin: Esimerkiksi lainatusta kirjasta saa tehd\u00e4 kopion yksityiseen k\u00e4ytt\u00f6\u00f6n (Tekij\u00e4noikeuslaki, 12\u00a7). Sitaattioikeus: &#8221;Julkistetusta teoksesta on lupa hyv\u00e4n tavan mukaisesti ottaa lainauksia tarkoituksen edellytt\u00e4m\u00e4ss\u00e4 laajuudessa.&#8221; (Tekij\u00e4noikeuslaki, 22 \u00a7). Hyv\u00e4n tavan mukaisuudella tarkoitetaan sit\u00e4, ett\u00e4 lainauksella on oltava asiallinen yhteys [&hellip;]\" \/>\n<meta property=\"og:url\" content=\"https:\/\/blogs.uef.fi\/tiedonhaku-kauppatieteet\/enta-hakujen-jalkeen\/mita-saa-tehda\/\" \/>\n<meta property=\"og:site_name\" content=\"Tiedonhaku - Kauppatieteet\" \/>\n<meta property=\"article:modified_time\" content=\"2021-10-13T10:03:13+00:00\" \/>\n<meta name=\"twitter:card\" content=\"summary_large_image\" \/>\n<meta name=\"twitter:label1\" content=\"Arvioitu lukuaika\" \/>\n\t<meta name=\"twitter:data1\" content=\"1 minuutti\" \/>\n<script type=\"application\/ld+json\" class=\"yoast-schema-graph\">{\"@context\":\"https:\/\/schema.org\",\"@graph\":[{\"@type\":\"WebPage\",\"@id\":\"https:\/\/blogs.uef.fi\/tiedonhaku-kauppatieteet\/enta-hakujen-jalkeen\/mita-saa-tehda\/\",\"url\":\"https:\/\/blogs.uef.fi\/tiedonhaku-kauppatieteet\/enta-hakujen-jalkeen\/mita-saa-tehda\/\",\"name\":\"Mit\u00e4 saa tehd\u00e4? - Tiedonhaku - Kauppatieteet\",\"isPartOf\":{\"@id\":\"https:\/\/blogs.uef.fi\/tiedonhaku-kauppatieteet\/#website\"},\"datePublished\":\"2020-06-24T06:16:45+00:00\",\"dateModified\":\"2021-10-13T10:03:13+00:00\",\"breadcrumb\":{\"@id\":\"https:\/\/blogs.uef.fi\/tiedonhaku-kauppatieteet\/enta-hakujen-jalkeen\/mita-saa-tehda\/#breadcrumb\"},\"inLanguage\":\"fi\",\"potentialAction\":[{\"@type\":\"ReadAction\",\"target\":[\"https:\/\/blogs.uef.fi\/tiedonhaku-kauppatieteet\/enta-hakujen-jalkeen\/mita-saa-tehda\/\"]}]},{\"@type\":\"BreadcrumbList\",\"@id\":\"https:\/\/blogs.uef.fi\/tiedonhaku-kauppatieteet\/enta-hakujen-jalkeen\/mita-saa-tehda\/#breadcrumb\",\"itemListElement\":[{\"@type\":\"ListItem\",\"position\":1,\"name\":\"Home\",\"item\":\"https:\/\/blogs.uef.fi\/tiedonhaku-kauppatieteet\/\"},{\"@type\":\"ListItem\",\"position\":2,\"name\":\"L\u00e4hteet ja viitteet\",\"item\":\"https:\/\/blogs.uef.fi\/tiedonhaku-kauppatieteet\/enta-hakujen-jalkeen\/\"},{\"@type\":\"ListItem\",\"position\":3,\"name\":\"Mit\u00e4 saa tehd\u00e4?\"}]},{\"@type\":\"WebSite\",\"@id\":\"https:\/\/blogs.uef.fi\/tiedonhaku-kauppatieteet\/#website\",\"url\":\"https:\/\/blogs.uef.fi\/tiedonhaku-kauppatieteet\/\",\"name\":\"Tiedonhaku - Kauppatieteet\",\"description\":\"\",\"potentialAction\":[{\"@type\":\"SearchAction\",\"target\":{\"@type\":\"EntryPoint\",\"urlTemplate\":\"https:\/\/blogs.uef.fi\/tiedonhaku-kauppatieteet\/?s={search_term_string}\"},\"query-input\":{\"@type\":\"PropertyValueSpecification\",\"valueRequired\":true,\"valueName\":\"search_term_string\"}}],\"inLanguage\":\"fi\"}]}<\/script>\n<!-- \/ Yoast SEO plugin. -->","yoast_head_json":{"title":"Mit\u00e4 saa tehd\u00e4? - Tiedonhaku - Kauppatieteet","robots":{"index":"index","follow":"follow","max-snippet":"max-snippet:-1","max-image-preview":"max-image-preview:large","max-video-preview":"max-video-preview:-1"},"canonical":"https:\/\/blogs.uef.fi\/tiedonhaku-kauppatieteet\/enta-hakujen-jalkeen\/mita-saa-tehda\/","og_locale":"fi_FI","og_type":"article","og_title":"Mit\u00e4 saa tehd\u00e4? - Tiedonhaku - Kauppatieteet","og_description":"Tekij\u00e4noikeus, k\u00e4ytt\u00f6ehdot Tekij\u00e4noikeuslaki (1961\/404) ja -asetus (574\/1995) s\u00e4\u00e4telev\u00e4t julkaisujen (julkaistujen teosten) k\u00e4ytt\u00f6\u00e4. Elektroninenkin aineisto on tekij\u00e4noikeuslain suojaamaa. Kuitenkin: Esimerkiksi lainatusta kirjasta saa tehd\u00e4 kopion yksityiseen k\u00e4ytt\u00f6\u00f6n (Tekij\u00e4noikeuslaki, 12\u00a7). Sitaattioikeus: &#8221;Julkistetusta teoksesta on lupa hyv\u00e4n tavan mukaisesti ottaa lainauksia tarkoituksen edellytt\u00e4m\u00e4ss\u00e4 laajuudessa.&#8221; (Tekij\u00e4noikeuslaki, 22 \u00a7). Hyv\u00e4n tavan mukaisuudella tarkoitetaan sit\u00e4, ett\u00e4 lainauksella on oltava asiallinen yhteys [&hellip;]","og_url":"https:\/\/blogs.uef.fi\/tiedonhaku-kauppatieteet\/enta-hakujen-jalkeen\/mita-saa-tehda\/","og_site_name":"Tiedonhaku - Kauppatieteet","article_modified_time":"2021-10-13T10:03:13+00:00","twitter_card":"summary_large_image","twitter_misc":{"Arvioitu lukuaika":"1 minuutti"},"schema":{"@context":"https:\/\/schema.org","@graph":[{"@type":"WebPage","@id":"https:\/\/blogs.uef.fi\/tiedonhaku-kauppatieteet\/enta-hakujen-jalkeen\/mita-saa-tehda\/","url":"https:\/\/blogs.uef.fi\/tiedonhaku-kauppatieteet\/enta-hakujen-jalkeen\/mita-saa-tehda\/","name":"Mit\u00e4 saa tehd\u00e4? - Tiedonhaku - Kauppatieteet","isPartOf":{"@id":"https:\/\/blogs.uef.fi\/tiedonhaku-kauppatieteet\/#website"},"datePublished":"2020-06-24T06:16:45+00:00","dateModified":"2021-10-13T10:03:13+00:00","breadcrumb":{"@id":"https:\/\/blogs.uef.fi\/tiedonhaku-kauppatieteet\/enta-hakujen-jalkeen\/mita-saa-tehda\/#breadcrumb"},"inLanguage":"fi","potentialAction":[{"@type":"ReadAction","target":["https:\/\/blogs.uef.fi\/tiedonhaku-kauppatieteet\/enta-hakujen-jalkeen\/mita-saa-tehda\/"]}]},{"@type":"BreadcrumbList","@id":"https:\/\/blogs.uef.fi\/tiedonhaku-kauppatieteet\/enta-hakujen-jalkeen\/mita-saa-tehda\/#breadcrumb","itemListElement":[{"@type":"ListItem","position":1,"name":"Home","item":"https:\/\/blogs.uef.fi\/tiedonhaku-kauppatieteet\/"},{"@type":"ListItem","position":2,"name":"L\u00e4hteet ja viitteet","item":"https:\/\/blogs.uef.fi\/tiedonhaku-kauppatieteet\/enta-hakujen-jalkeen\/"},{"@type":"ListItem","position":3,"name":"Mit\u00e4 saa tehd\u00e4?"}]},{"@type":"WebSite","@id":"https:\/\/blogs.uef.fi\/tiedonhaku-kauppatieteet\/#website","url":"https:\/\/blogs.uef.fi\/tiedonhaku-kauppatieteet\/","name":"Tiedonhaku - Kauppatieteet","description":"","potentialAction":[{"@type":"SearchAction","target":{"@type":"EntryPoint","urlTemplate":"https:\/\/blogs.uef.fi\/tiedonhaku-kauppatieteet\/?s={search_term_string}"},"query-input":{"@type":"PropertyValueSpecification","valueRequired":true,"valueName":"search_term_string"}}],"inLanguage":"fi"}]}},"_links":{"self":[{"href":"https:\/\/blogs.uef.fi\/tiedonhaku-kauppatieteet\/wp-json\/wp\/v2\/pages\/921","targetHints":{"allow":["GET"]}}],"collection":[{"href":"https:\/\/blogs.uef.fi\/tiedonhaku-kauppatieteet\/wp-json\/wp\/v2\/pages"}],"about":[{"href":"https:\/\/blogs.uef.fi\/tiedonhaku-kauppatieteet\/wp-json\/wp\/v2\/types\/page"}],"author":[{"embeddable":true,"href":"https:\/\/blogs.uef.fi\/tiedonhaku-kauppatieteet\/wp-json\/wp\/v2\/users\/190"}],"replies":[{"embeddable":true,"href":"https:\/\/blogs.uef.fi\/tiedonhaku-kauppatieteet\/wp-json\/wp\/v2\/comments?post=921"}],"version-history":[{"count":2,"href":"https:\/\/blogs.uef.fi\/tiedonhaku-kauppatieteet\/wp-json\/wp\/v2\/pages\/921\/revisions"}],"predecessor-version":[{"id":2004,"href":"https:\/\/blogs.uef.fi\/tiedonhaku-kauppatieteet\/wp-json\/wp\/v2\/pages\/921\/revisions\/2004"}],"up":[{"embeddable":true,"href":"https:\/\/blogs.uef.fi\/tiedonhaku-kauppatieteet\/wp-json\/wp\/v2\/pages\/281"}],"wp:attachment":[{"href":"https:\/\/blogs.uef.fi\/tiedonhaku-kauppatieteet\/wp-json\/wp\/v2\/media?parent=921"}],"curies":[{"name":"wp","href":"https:\/\/api.w.org\/{rel}","templated":true}]}}