{"id":888,"date":"2020-06-23T06:55:37","date_gmt":"2020-06-23T06:55:37","guid":{"rendered":"https:\/\/blogs.uef.fi\/tiedonhaku-kauppatieteet\/?page_id=888"},"modified":"2025-06-27T13:53:40","modified_gmt":"2025-06-27T11:53:40","slug":"refworks","status":"publish","type":"page","link":"https:\/\/blogs.uef.fi\/tiedonhaku-kauppatieteet\/enta-hakujen-jalkeen\/refworks\/","title":{"rendered":"Hakutulokset talteen"},"content":{"rendered":"<h1>Hakutulokset talteen, hakuhistoria ja tuloslistat<\/h1>\n<h2>Hakuhistoria<\/h2>\n<p>Tietokannan hakuhistoria (search history) kertoo, mit\u00e4 hakusanoja ja niiden yhdistelmi\u00e4 olet k\u00e4ytt\u00e4nyt sek\u00e4 millaisia rajauksia hakuusi tehnyt. Yleens\u00e4 hakuhistoriassa n\u00e4kyy my\u00f6s saamasi tulosm\u00e4\u00e4r\u00e4t. Hakuhistoria s\u00e4ilyy ao. istunnon ajan, joten se kannattaa ottaa talteen ennen kuin l\u00e4hdet tietokannasta pois.<\/p>\n<p>Ota hakuhistoria talteen esim. copy-pastella tai ruutukaappauksena. Itse\u00e4si, ohjaajaa tai tietoasiantuntijaa varten voit sit\u00e4 tarvita. On yleist\u00e4, ett\u00e4 tiedonhakuun on palattava.<\/p>\n<p>Tietokantoihin voi my\u00f6s luoda my\u00f6s oman tilin ja tallentaa hakuja ja tuloksia sinne. Tallennetulle hauille voi tehd\u00e4 uutuusvahteja (alert) ja seurata niiden avulla aiheestasi ilmestyneit\u00e4 uusia julkaisuja.<\/p>\n<h2>Hakutulokset viitelistana<\/h2>\n<p>Ellet yhdell\u00e4 istumalla ehdi hakutuloksiasi edes otsikkotasolla lukea l\u00e4pi, kannattaa tulolistat siirt\u00e4\u00e4 tai l\u00e4hett\u00e4\u00e4 my\u00f6hemp\u00e4\u00e4 lukemista, arviointia ja valintaa varten.<br \/>\nMy\u00f6s jo valitsemiesi l\u00e4hteiden tiedot saat l\u00e4hetetty\u00e4\/siirretty\u00e4 ulos tietokannasta niin, ett\u00e4 kaikki tarpeelliset viitetiedot ovat mukana.<\/p>\n<p>Vaihtoehdot: e-mail, export (esim. RIS-tiedosto)<br \/>\nRIS-tiedosto yleens\u00e4 k\u00e4tevin, jos viitteidenhallintaohjelmaan (Zotero, Mendeley) tuloksia siirr\u00e4t.<\/p>\n<h2>Kokotekstit<\/h2>\n<p>Tuloslistassa on siis viitetiedot, ei kokonaisia artikkeleita\/julkaisuja. Kokonaisten tekstien (full text) saatavuus on erikseen tarkistettava Googlella tai UEF-Primolla. Pdf-tiedostot kannattaa tallentaa erikseen johonkin omaan kansioonsa.<\/p>\n","protected":false},"excerpt":{"rendered":"<p>Hakutulokset talteen, hakuhistoria ja tuloslistat Hakuhistoria Tietokannan hakuhistoria (search history) kertoo, mit\u00e4 hakusanoja ja niiden yhdistelmi\u00e4 olet k\u00e4ytt\u00e4nyt sek\u00e4 millaisia rajauksia hakuusi tehnyt. Yleens\u00e4 hakuhistoriassa n\u00e4kyy my\u00f6s saamasi tulosm\u00e4\u00e4r\u00e4t. Hakuhistoria s\u00e4ilyy ao. istunnon ajan, joten se kannattaa ottaa talteen ennen kuin l\u00e4hdet tietokannasta pois. Ota hakuhistoria talteen esim. copy-pastella tai ruutukaappauksena. Itse\u00e4si, ohjaajaa tai tietoasiantuntijaa [&hellip;]<\/p>\n","protected":false},"author":190,"featured_media":0,"parent":281,"menu_order":3,"comment_status":"closed","ping_status":"closed","template":"","meta":{"_acf_changed":false,"footnotes":""},"class_list":["post-888","page","type-page","status-publish","hentry"],"acf":[],"yoast_head":"<!-- This site is optimized with the Yoast SEO plugin v27.3 - https:\/\/yoast.com\/product\/yoast-seo-wordpress\/ -->\n<title>Hakutulokset talteen - Tiedonhaku - Kauppatieteet<\/title>\n<meta name=\"robots\" content=\"index, follow, max-snippet:-1, max-image-preview:large, max-video-preview:-1\" \/>\n<link rel=\"canonical\" href=\"https:\/\/blogs.uef.fi\/tiedonhaku-kauppatieteet\/enta-hakujen-jalkeen\/refworks\/\" \/>\n<meta property=\"og:locale\" content=\"fi_FI\" \/>\n<meta property=\"og:type\" content=\"article\" \/>\n<meta property=\"og:title\" content=\"Hakutulokset talteen - Tiedonhaku - Kauppatieteet\" \/>\n<meta property=\"og:description\" content=\"Hakutulokset talteen, hakuhistoria ja tuloslistat Hakuhistoria Tietokannan hakuhistoria (search history) kertoo, mit\u00e4 hakusanoja ja niiden yhdistelmi\u00e4 olet k\u00e4ytt\u00e4nyt sek\u00e4 millaisia rajauksia hakuusi tehnyt. Yleens\u00e4 hakuhistoriassa n\u00e4kyy my\u00f6s saamasi tulosm\u00e4\u00e4r\u00e4t. Hakuhistoria s\u00e4ilyy ao. istunnon ajan, joten se kannattaa ottaa talteen ennen kuin l\u00e4hdet tietokannasta pois. Ota hakuhistoria talteen esim. copy-pastella tai ruutukaappauksena. Itse\u00e4si, ohjaajaa tai tietoasiantuntijaa [&hellip;]\" \/>\n<meta property=\"og:url\" content=\"https:\/\/blogs.uef.fi\/tiedonhaku-kauppatieteet\/enta-hakujen-jalkeen\/refworks\/\" \/>\n<meta property=\"og:site_name\" content=\"Tiedonhaku - Kauppatieteet\" \/>\n<meta property=\"article:modified_time\" content=\"2025-06-27T11:53:40+00:00\" \/>\n<meta name=\"twitter:card\" content=\"summary_large_image\" \/>\n<meta name=\"twitter:label1\" content=\"Arvioitu lukuaika\" \/>\n\t<meta name=\"twitter:data1\" content=\"2 minuuttia\" \/>\n<script type=\"application\/ld+json\" class=\"yoast-schema-graph\">{\"@context\":\"https:\\\/\\\/schema.org\",\"@graph\":[{\"@type\":\"WebPage\",\"@id\":\"https:\\\/\\\/blogs.uef.fi\\\/tiedonhaku-kauppatieteet\\\/enta-hakujen-jalkeen\\\/refworks\\\/\",\"url\":\"https:\\\/\\\/blogs.uef.fi\\\/tiedonhaku-kauppatieteet\\\/enta-hakujen-jalkeen\\\/refworks\\\/\",\"name\":\"Hakutulokset talteen - Tiedonhaku - Kauppatieteet\",\"isPartOf\":{\"@id\":\"https:\\\/\\\/blogs.uef.fi\\\/tiedonhaku-kauppatieteet\\\/#website\"},\"datePublished\":\"2020-06-23T06:55:37+00:00\",\"dateModified\":\"2025-06-27T11:53:40+00:00\",\"breadcrumb\":{\"@id\":\"https:\\\/\\\/blogs.uef.fi\\\/tiedonhaku-kauppatieteet\\\/enta-hakujen-jalkeen\\\/refworks\\\/#breadcrumb\"},\"inLanguage\":\"fi\",\"potentialAction\":[{\"@type\":\"ReadAction\",\"target\":[\"https:\\\/\\\/blogs.uef.fi\\\/tiedonhaku-kauppatieteet\\\/enta-hakujen-jalkeen\\\/refworks\\\/\"]}]},{\"@type\":\"BreadcrumbList\",\"@id\":\"https:\\\/\\\/blogs.uef.fi\\\/tiedonhaku-kauppatieteet\\\/enta-hakujen-jalkeen\\\/refworks\\\/#breadcrumb\",\"itemListElement\":[{\"@type\":\"ListItem\",\"position\":1,\"name\":\"Home\",\"item\":\"https:\\\/\\\/blogs.uef.fi\\\/tiedonhaku-kauppatieteet\\\/\"},{\"@type\":\"ListItem\",\"position\":2,\"name\":\"L\u00e4hteet ja viitteet\",\"item\":\"https:\\\/\\\/blogs.uef.fi\\\/tiedonhaku-kauppatieteet\\\/enta-hakujen-jalkeen\\\/\"},{\"@type\":\"ListItem\",\"position\":3,\"name\":\"Hakutulokset talteen\"}]},{\"@type\":\"WebSite\",\"@id\":\"https:\\\/\\\/blogs.uef.fi\\\/tiedonhaku-kauppatieteet\\\/#website\",\"url\":\"https:\\\/\\\/blogs.uef.fi\\\/tiedonhaku-kauppatieteet\\\/\",\"name\":\"Tiedonhaku - Kauppatieteet\",\"description\":\"\",\"potentialAction\":[{\"@type\":\"SearchAction\",\"target\":{\"@type\":\"EntryPoint\",\"urlTemplate\":\"https:\\\/\\\/blogs.uef.fi\\\/tiedonhaku-kauppatieteet\\\/?s={search_term_string}\"},\"query-input\":{\"@type\":\"PropertyValueSpecification\",\"valueRequired\":true,\"valueName\":\"search_term_string\"}}],\"inLanguage\":\"fi\"}]}<\/script>\n<!-- \/ Yoast SEO plugin. -->","yoast_head_json":{"title":"Hakutulokset talteen - Tiedonhaku - Kauppatieteet","robots":{"index":"index","follow":"follow","max-snippet":"max-snippet:-1","max-image-preview":"max-image-preview:large","max-video-preview":"max-video-preview:-1"},"canonical":"https:\/\/blogs.uef.fi\/tiedonhaku-kauppatieteet\/enta-hakujen-jalkeen\/refworks\/","og_locale":"fi_FI","og_type":"article","og_title":"Hakutulokset talteen - Tiedonhaku - Kauppatieteet","og_description":"Hakutulokset talteen, hakuhistoria ja tuloslistat Hakuhistoria Tietokannan hakuhistoria (search history) kertoo, mit\u00e4 hakusanoja ja niiden yhdistelmi\u00e4 olet k\u00e4ytt\u00e4nyt sek\u00e4 millaisia rajauksia hakuusi tehnyt. Yleens\u00e4 hakuhistoriassa n\u00e4kyy my\u00f6s saamasi tulosm\u00e4\u00e4r\u00e4t. Hakuhistoria s\u00e4ilyy ao. istunnon ajan, joten se kannattaa ottaa talteen ennen kuin l\u00e4hdet tietokannasta pois. Ota hakuhistoria talteen esim. copy-pastella tai ruutukaappauksena. Itse\u00e4si, ohjaajaa tai tietoasiantuntijaa [&hellip;]","og_url":"https:\/\/blogs.uef.fi\/tiedonhaku-kauppatieteet\/enta-hakujen-jalkeen\/refworks\/","og_site_name":"Tiedonhaku - Kauppatieteet","article_modified_time":"2025-06-27T11:53:40+00:00","twitter_card":"summary_large_image","twitter_misc":{"Arvioitu lukuaika":"2 minuuttia"},"schema":{"@context":"https:\/\/schema.org","@graph":[{"@type":"WebPage","@id":"https:\/\/blogs.uef.fi\/tiedonhaku-kauppatieteet\/enta-hakujen-jalkeen\/refworks\/","url":"https:\/\/blogs.uef.fi\/tiedonhaku-kauppatieteet\/enta-hakujen-jalkeen\/refworks\/","name":"Hakutulokset talteen - Tiedonhaku - Kauppatieteet","isPartOf":{"@id":"https:\/\/blogs.uef.fi\/tiedonhaku-kauppatieteet\/#website"},"datePublished":"2020-06-23T06:55:37+00:00","dateModified":"2025-06-27T11:53:40+00:00","breadcrumb":{"@id":"https:\/\/blogs.uef.fi\/tiedonhaku-kauppatieteet\/enta-hakujen-jalkeen\/refworks\/#breadcrumb"},"inLanguage":"fi","potentialAction":[{"@type":"ReadAction","target":["https:\/\/blogs.uef.fi\/tiedonhaku-kauppatieteet\/enta-hakujen-jalkeen\/refworks\/"]}]},{"@type":"BreadcrumbList","@id":"https:\/\/blogs.uef.fi\/tiedonhaku-kauppatieteet\/enta-hakujen-jalkeen\/refworks\/#breadcrumb","itemListElement":[{"@type":"ListItem","position":1,"name":"Home","item":"https:\/\/blogs.uef.fi\/tiedonhaku-kauppatieteet\/"},{"@type":"ListItem","position":2,"name":"L\u00e4hteet ja viitteet","item":"https:\/\/blogs.uef.fi\/tiedonhaku-kauppatieteet\/enta-hakujen-jalkeen\/"},{"@type":"ListItem","position":3,"name":"Hakutulokset talteen"}]},{"@type":"WebSite","@id":"https:\/\/blogs.uef.fi\/tiedonhaku-kauppatieteet\/#website","url":"https:\/\/blogs.uef.fi\/tiedonhaku-kauppatieteet\/","name":"Tiedonhaku - Kauppatieteet","description":"","potentialAction":[{"@type":"SearchAction","target":{"@type":"EntryPoint","urlTemplate":"https:\/\/blogs.uef.fi\/tiedonhaku-kauppatieteet\/?s={search_term_string}"},"query-input":{"@type":"PropertyValueSpecification","valueRequired":true,"valueName":"search_term_string"}}],"inLanguage":"fi"}]}},"_links":{"self":[{"href":"https:\/\/blogs.uef.fi\/tiedonhaku-kauppatieteet\/wp-json\/wp\/v2\/pages\/888","targetHints":{"allow":["GET"]}}],"collection":[{"href":"https:\/\/blogs.uef.fi\/tiedonhaku-kauppatieteet\/wp-json\/wp\/v2\/pages"}],"about":[{"href":"https:\/\/blogs.uef.fi\/tiedonhaku-kauppatieteet\/wp-json\/wp\/v2\/types\/page"}],"author":[{"embeddable":true,"href":"https:\/\/blogs.uef.fi\/tiedonhaku-kauppatieteet\/wp-json\/wp\/v2\/users\/190"}],"replies":[{"embeddable":true,"href":"https:\/\/blogs.uef.fi\/tiedonhaku-kauppatieteet\/wp-json\/wp\/v2\/comments?post=888"}],"version-history":[{"count":1,"href":"https:\/\/blogs.uef.fi\/tiedonhaku-kauppatieteet\/wp-json\/wp\/v2\/pages\/888\/revisions"}],"predecessor-version":[{"id":3581,"href":"https:\/\/blogs.uef.fi\/tiedonhaku-kauppatieteet\/wp-json\/wp\/v2\/pages\/888\/revisions\/3581"}],"up":[{"embeddable":true,"href":"https:\/\/blogs.uef.fi\/tiedonhaku-kauppatieteet\/wp-json\/wp\/v2\/pages\/281"}],"wp:attachment":[{"href":"https:\/\/blogs.uef.fi\/tiedonhaku-kauppatieteet\/wp-json\/wp\/v2\/media?parent=888"}],"curies":[{"name":"wp","href":"https:\/\/api.w.org\/{rel}","templated":true}]}}