{"id":867,"date":"2020-06-23T06:25:04","date_gmt":"2020-06-23T06:25:04","guid":{"rendered":"https:\/\/blogs.uef.fi\/tiedonhaku-kauppatieteet\/?page_id=867"},"modified":"2022-05-17T12:10:22","modified_gmt":"2022-05-17T12:10:22","slug":"lahteiden-merkinta","status":"publish","type":"page","link":"https:\/\/blogs.uef.fi\/tiedonhaku-kauppatieteet\/enta-hakujen-jalkeen\/lahteiden-merkinta\/","title":{"rendered":"L\u00e4hteiden merkint\u00e4"},"content":{"rendered":"<h1>Muistathan merkit\u00e4 k\u00e4ytt\u00e4m\u00e4si l\u00e4hteet<\/h1>\n<p>Viittaamalla l\u00e4hteisiin kirjoittaja osoittaa, mit\u00e4 aikaisempia teorioita, metodeja ja tuloksia h\u00e4nell\u00e4 on ollut tiedossaan ja miten h\u00e4n suhteuttaa omat tuloksensa toisten tulkintoihin. Viitteess\u00e4 ja l\u00e4hdeluettelossa annetaan lukijalle riitt\u00e4v\u00e4t tiedot tunnistaa ja l\u00f6yt\u00e4\u00e4 julkaisu, johon kirjoituksessa viitataan. N\u00e4in esim. tutkielman tarkastaja voi tarkistaa esitetyn paikkansapit\u00e4vyyden. Lis\u00e4ksi viitteill\u00e4 annetaan tunnustus sille, jolle tunnustus kuuluu.<\/p>\n<p>Lainaaminen ja viittaaminen ovat v\u00e4ltt\u00e4m\u00e4tt\u00f6mi\u00e4 ja tarpeellisia tieteellisess\u00e4 kirjoittamisessa.<\/p>\n<p><strong>Viittaus<\/strong> = toisen tekij\u00e4n ajatusten ilmaiseminen omin sanoin.<br \/>\n<strong>Lainaus<\/strong> = suorasanainen ote, joka pit\u00e4\u00e4 erottaa lainausmerkeill\u00e4 (&#8221;sitaatti&#8221;).<br \/>\n<strong>Plagiointi<\/strong> = toisen henkil\u00f6n ty\u00f6n j\u00e4ljent\u00e4minen ja esitt\u00e4minen omanaan.<\/p>\n<p>L\u00e4hteisiin viittaaminen muodostuu kahdesta osasta:<br \/>\n<strong>l\u00e4hdeviitteest\u00e4<\/strong> (tekstiviitteest\u00e4) ja <strong>l\u00e4hdeluettelosta<\/strong> (kirjallisuusluettelosta).<\/p>\n<p>L\u00e4hdeviite ohjaa julkaisun lopussa olevaan l\u00e4hdeluetteloon, jonka tulee sis\u00e4lt\u00e4\u00e4 tarkat tiedot k\u00e4ytetyist\u00e4 l\u00e4hteist\u00e4. Sen avulla lukija halutessaan l\u00f6yt\u00e4\u00e4 l\u00e4hteet. L\u00e4hdeluetteloon merkit\u00e4\u00e4n kaikki ne l\u00e4hteet, joihin ty\u00f6ss\u00e4 on viitattu. L\u00e4hdeviitteen ja l\u00e4hdeluettelon tietojen t\u00e4ytyy vastata tarkasti toisiaan, jotta tekstiss\u00e4 mainittu l\u00e4hde l\u00f6ytyy l\u00e4hdeluettelosta helposti.<\/p>\n<p>L\u00e4hdeviitteiden merkitsemistapa vaihtelee tieteenaloittain, laitoksittain ja julkaisuittain. Kirjoittajan on aina tarkistettava, ett\u00e4 l\u00e4hdeviitteet ja l\u00e4hdeluettelo noudattavat sen yhteis\u00f6n tai julkaisun k\u00e4yt\u00e4nteit\u00e4, jolle kirjoitus on aiottu.<\/p>\n<p><a href=\"https:\/\/studentuef.sharepoint.com\/sites\/KauppatieteidenopintoyhteisBusinessSchoolStudentsCommunity\/SitePages\/Ohjeita-kirjallisten-t%C3%B6iden-tekemiseen.aspx\" target=\"_blank\" rel=\"noopener noreferrer\">Kauppatieteen laitoksen ohjeet: Kirjallisten t\u00f6iden ohjeet<\/a> [aukeaa uuteen ikkunaan; UEF Kamussa, vaatii kirjautumisen UEF k\u00e4ytt\u00e4j\u00e4tunnuksin]<\/p>\n<p>Usein k\u00e4ytetty opas: Tutki ja kirjoita \/ Sirkka Hirsj\u00e4rvi, Pirkko Remes, Paula Sajavaara. Helsinki : Tammi (kirjasta useita painoksia)<\/p>\n<p><a href=\"https:\/\/www.uef.fi\/fi\/kirjasto\/lahdeviitteet\" target=\"_blank\" rel=\"noopener\">L\u00e4hdeviitteist\u00e4 UEF-kirjaston sivulla<\/a>, my\u00f6s viitteidenhallintaj\u00e4rjestelm\u00e4t Zotero ja Mendeley [aukeaa uuteen v\u00e4lilehteen]<\/p>\n","protected":false},"excerpt":{"rendered":"<p>Muistathan merkit\u00e4 k\u00e4ytt\u00e4m\u00e4si l\u00e4hteet Viittaamalla l\u00e4hteisiin kirjoittaja osoittaa, mit\u00e4 aikaisempia teorioita, metodeja ja tuloksia h\u00e4nell\u00e4 on ollut tiedossaan ja miten h\u00e4n suhteuttaa omat tuloksensa toisten tulkintoihin. Viitteess\u00e4 ja l\u00e4hdeluettelossa annetaan lukijalle riitt\u00e4v\u00e4t tiedot tunnistaa ja l\u00f6yt\u00e4\u00e4 julkaisu, johon kirjoituksessa viitataan. N\u00e4in esim. tutkielman tarkastaja voi tarkistaa esitetyn paikkansapit\u00e4vyyden. Lis\u00e4ksi viitteill\u00e4 annetaan tunnustus sille, jolle tunnustus [&hellip;]<\/p>\n","protected":false},"author":190,"featured_media":0,"parent":281,"menu_order":2,"comment_status":"closed","ping_status":"closed","template":"","meta":{"_acf_changed":false,"footnotes":""},"class_list":["post-867","page","type-page","status-publish","hentry"],"acf":[],"yoast_head":"<!-- This site is optimized with the Yoast SEO plugin v27.3 - https:\/\/yoast.com\/product\/yoast-seo-wordpress\/ -->\n<title>L\u00e4hteiden merkint\u00e4 - Tiedonhaku - Kauppatieteet<\/title>\n<meta name=\"robots\" content=\"index, follow, max-snippet:-1, max-image-preview:large, max-video-preview:-1\" \/>\n<link rel=\"canonical\" href=\"https:\/\/blogs.uef.fi\/tiedonhaku-kauppatieteet\/enta-hakujen-jalkeen\/lahteiden-merkinta\/\" \/>\n<meta property=\"og:locale\" content=\"fi_FI\" \/>\n<meta property=\"og:type\" content=\"article\" \/>\n<meta property=\"og:title\" content=\"L\u00e4hteiden merkint\u00e4 - Tiedonhaku - Kauppatieteet\" \/>\n<meta property=\"og:description\" content=\"Muistathan merkit\u00e4 k\u00e4ytt\u00e4m\u00e4si l\u00e4hteet Viittaamalla l\u00e4hteisiin kirjoittaja osoittaa, mit\u00e4 aikaisempia teorioita, metodeja ja tuloksia h\u00e4nell\u00e4 on ollut tiedossaan ja miten h\u00e4n suhteuttaa omat tuloksensa toisten tulkintoihin. Viitteess\u00e4 ja l\u00e4hdeluettelossa annetaan lukijalle riitt\u00e4v\u00e4t tiedot tunnistaa ja l\u00f6yt\u00e4\u00e4 julkaisu, johon kirjoituksessa viitataan. N\u00e4in esim. tutkielman tarkastaja voi tarkistaa esitetyn paikkansapit\u00e4vyyden. Lis\u00e4ksi viitteill\u00e4 annetaan tunnustus sille, jolle tunnustus [&hellip;]\" \/>\n<meta property=\"og:url\" content=\"https:\/\/blogs.uef.fi\/tiedonhaku-kauppatieteet\/enta-hakujen-jalkeen\/lahteiden-merkinta\/\" \/>\n<meta property=\"og:site_name\" content=\"Tiedonhaku - Kauppatieteet\" \/>\n<meta property=\"article:modified_time\" content=\"2022-05-17T12:10:22+00:00\" \/>\n<meta name=\"twitter:card\" content=\"summary_large_image\" \/>\n<meta name=\"twitter:label1\" content=\"Arvioitu lukuaika\" \/>\n\t<meta name=\"twitter:data1\" content=\"1 minuutti\" \/>\n<script type=\"application\/ld+json\" class=\"yoast-schema-graph\">{\"@context\":\"https:\\\/\\\/schema.org\",\"@graph\":[{\"@type\":\"WebPage\",\"@id\":\"https:\\\/\\\/blogs.uef.fi\\\/tiedonhaku-kauppatieteet\\\/enta-hakujen-jalkeen\\\/lahteiden-merkinta\\\/\",\"url\":\"https:\\\/\\\/blogs.uef.fi\\\/tiedonhaku-kauppatieteet\\\/enta-hakujen-jalkeen\\\/lahteiden-merkinta\\\/\",\"name\":\"L\u00e4hteiden merkint\u00e4 - Tiedonhaku - Kauppatieteet\",\"isPartOf\":{\"@id\":\"https:\\\/\\\/blogs.uef.fi\\\/tiedonhaku-kauppatieteet\\\/#website\"},\"datePublished\":\"2020-06-23T06:25:04+00:00\",\"dateModified\":\"2022-05-17T12:10:22+00:00\",\"breadcrumb\":{\"@id\":\"https:\\\/\\\/blogs.uef.fi\\\/tiedonhaku-kauppatieteet\\\/enta-hakujen-jalkeen\\\/lahteiden-merkinta\\\/#breadcrumb\"},\"inLanguage\":\"fi\",\"potentialAction\":[{\"@type\":\"ReadAction\",\"target\":[\"https:\\\/\\\/blogs.uef.fi\\\/tiedonhaku-kauppatieteet\\\/enta-hakujen-jalkeen\\\/lahteiden-merkinta\\\/\"]}]},{\"@type\":\"BreadcrumbList\",\"@id\":\"https:\\\/\\\/blogs.uef.fi\\\/tiedonhaku-kauppatieteet\\\/enta-hakujen-jalkeen\\\/lahteiden-merkinta\\\/#breadcrumb\",\"itemListElement\":[{\"@type\":\"ListItem\",\"position\":1,\"name\":\"Home\",\"item\":\"https:\\\/\\\/blogs.uef.fi\\\/tiedonhaku-kauppatieteet\\\/\"},{\"@type\":\"ListItem\",\"position\":2,\"name\":\"L\u00e4hteet ja viitteet\",\"item\":\"https:\\\/\\\/blogs.uef.fi\\\/tiedonhaku-kauppatieteet\\\/enta-hakujen-jalkeen\\\/\"},{\"@type\":\"ListItem\",\"position\":3,\"name\":\"L\u00e4hteiden merkint\u00e4\"}]},{\"@type\":\"WebSite\",\"@id\":\"https:\\\/\\\/blogs.uef.fi\\\/tiedonhaku-kauppatieteet\\\/#website\",\"url\":\"https:\\\/\\\/blogs.uef.fi\\\/tiedonhaku-kauppatieteet\\\/\",\"name\":\"Tiedonhaku - Kauppatieteet\",\"description\":\"\",\"potentialAction\":[{\"@type\":\"SearchAction\",\"target\":{\"@type\":\"EntryPoint\",\"urlTemplate\":\"https:\\\/\\\/blogs.uef.fi\\\/tiedonhaku-kauppatieteet\\\/?s={search_term_string}\"},\"query-input\":{\"@type\":\"PropertyValueSpecification\",\"valueRequired\":true,\"valueName\":\"search_term_string\"}}],\"inLanguage\":\"fi\"}]}<\/script>\n<!-- \/ Yoast SEO plugin. -->","yoast_head_json":{"title":"L\u00e4hteiden merkint\u00e4 - Tiedonhaku - Kauppatieteet","robots":{"index":"index","follow":"follow","max-snippet":"max-snippet:-1","max-image-preview":"max-image-preview:large","max-video-preview":"max-video-preview:-1"},"canonical":"https:\/\/blogs.uef.fi\/tiedonhaku-kauppatieteet\/enta-hakujen-jalkeen\/lahteiden-merkinta\/","og_locale":"fi_FI","og_type":"article","og_title":"L\u00e4hteiden merkint\u00e4 - Tiedonhaku - Kauppatieteet","og_description":"Muistathan merkit\u00e4 k\u00e4ytt\u00e4m\u00e4si l\u00e4hteet Viittaamalla l\u00e4hteisiin kirjoittaja osoittaa, mit\u00e4 aikaisempia teorioita, metodeja ja tuloksia h\u00e4nell\u00e4 on ollut tiedossaan ja miten h\u00e4n suhteuttaa omat tuloksensa toisten tulkintoihin. Viitteess\u00e4 ja l\u00e4hdeluettelossa annetaan lukijalle riitt\u00e4v\u00e4t tiedot tunnistaa ja l\u00f6yt\u00e4\u00e4 julkaisu, johon kirjoituksessa viitataan. N\u00e4in esim. tutkielman tarkastaja voi tarkistaa esitetyn paikkansapit\u00e4vyyden. Lis\u00e4ksi viitteill\u00e4 annetaan tunnustus sille, jolle tunnustus [&hellip;]","og_url":"https:\/\/blogs.uef.fi\/tiedonhaku-kauppatieteet\/enta-hakujen-jalkeen\/lahteiden-merkinta\/","og_site_name":"Tiedonhaku - Kauppatieteet","article_modified_time":"2022-05-17T12:10:22+00:00","twitter_card":"summary_large_image","twitter_misc":{"Arvioitu lukuaika":"1 minuutti"},"schema":{"@context":"https:\/\/schema.org","@graph":[{"@type":"WebPage","@id":"https:\/\/blogs.uef.fi\/tiedonhaku-kauppatieteet\/enta-hakujen-jalkeen\/lahteiden-merkinta\/","url":"https:\/\/blogs.uef.fi\/tiedonhaku-kauppatieteet\/enta-hakujen-jalkeen\/lahteiden-merkinta\/","name":"L\u00e4hteiden merkint\u00e4 - Tiedonhaku - Kauppatieteet","isPartOf":{"@id":"https:\/\/blogs.uef.fi\/tiedonhaku-kauppatieteet\/#website"},"datePublished":"2020-06-23T06:25:04+00:00","dateModified":"2022-05-17T12:10:22+00:00","breadcrumb":{"@id":"https:\/\/blogs.uef.fi\/tiedonhaku-kauppatieteet\/enta-hakujen-jalkeen\/lahteiden-merkinta\/#breadcrumb"},"inLanguage":"fi","potentialAction":[{"@type":"ReadAction","target":["https:\/\/blogs.uef.fi\/tiedonhaku-kauppatieteet\/enta-hakujen-jalkeen\/lahteiden-merkinta\/"]}]},{"@type":"BreadcrumbList","@id":"https:\/\/blogs.uef.fi\/tiedonhaku-kauppatieteet\/enta-hakujen-jalkeen\/lahteiden-merkinta\/#breadcrumb","itemListElement":[{"@type":"ListItem","position":1,"name":"Home","item":"https:\/\/blogs.uef.fi\/tiedonhaku-kauppatieteet\/"},{"@type":"ListItem","position":2,"name":"L\u00e4hteet ja viitteet","item":"https:\/\/blogs.uef.fi\/tiedonhaku-kauppatieteet\/enta-hakujen-jalkeen\/"},{"@type":"ListItem","position":3,"name":"L\u00e4hteiden merkint\u00e4"}]},{"@type":"WebSite","@id":"https:\/\/blogs.uef.fi\/tiedonhaku-kauppatieteet\/#website","url":"https:\/\/blogs.uef.fi\/tiedonhaku-kauppatieteet\/","name":"Tiedonhaku - Kauppatieteet","description":"","potentialAction":[{"@type":"SearchAction","target":{"@type":"EntryPoint","urlTemplate":"https:\/\/blogs.uef.fi\/tiedonhaku-kauppatieteet\/?s={search_term_string}"},"query-input":{"@type":"PropertyValueSpecification","valueRequired":true,"valueName":"search_term_string"}}],"inLanguage":"fi"}]}},"_links":{"self":[{"href":"https:\/\/blogs.uef.fi\/tiedonhaku-kauppatieteet\/wp-json\/wp\/v2\/pages\/867","targetHints":{"allow":["GET"]}}],"collection":[{"href":"https:\/\/blogs.uef.fi\/tiedonhaku-kauppatieteet\/wp-json\/wp\/v2\/pages"}],"about":[{"href":"https:\/\/blogs.uef.fi\/tiedonhaku-kauppatieteet\/wp-json\/wp\/v2\/types\/page"}],"author":[{"embeddable":true,"href":"https:\/\/blogs.uef.fi\/tiedonhaku-kauppatieteet\/wp-json\/wp\/v2\/users\/190"}],"replies":[{"embeddable":true,"href":"https:\/\/blogs.uef.fi\/tiedonhaku-kauppatieteet\/wp-json\/wp\/v2\/comments?post=867"}],"version-history":[{"count":1,"href":"https:\/\/blogs.uef.fi\/tiedonhaku-kauppatieteet\/wp-json\/wp\/v2\/pages\/867\/revisions"}],"predecessor-version":[{"id":2146,"href":"https:\/\/blogs.uef.fi\/tiedonhaku-kauppatieteet\/wp-json\/wp\/v2\/pages\/867\/revisions\/2146"}],"up":[{"embeddable":true,"href":"https:\/\/blogs.uef.fi\/tiedonhaku-kauppatieteet\/wp-json\/wp\/v2\/pages\/281"}],"wp:attachment":[{"href":"https:\/\/blogs.uef.fi\/tiedonhaku-kauppatieteet\/wp-json\/wp\/v2\/media?parent=867"}],"curies":[{"name":"wp","href":"https:\/\/api.w.org\/{rel}","templated":true}]}}