{"id":834,"date":"2020-06-22T12:52:31","date_gmt":"2020-06-22T12:52:31","guid":{"rendered":"https:\/\/blogs.uef.fi\/tiedonhaku-kauppatieteet\/?page_id=834"},"modified":"2022-05-17T12:48:01","modified_gmt":"2022-05-17T12:48:01","slug":"lahdeaineistojen-arviointi-ja-valinta","status":"publish","type":"page","link":"https:\/\/blogs.uef.fi\/tiedonhaku-kauppatieteet\/enta-hakujen-jalkeen\/lahdeaineistojen-arviointi-ja-valinta\/","title":{"rendered":"L\u00e4hdeaineistojen arviointi ja valinta"},"content":{"rendered":"<h1><span class=\"\">Hakutulosten arviointi ja valinta<\/span><\/h1>\n<p><span class=\"\">Onko hakutuloksenasi nyt sellainen lista, josta alat valita jatkoon p\u00e4\u00e4sevi\u00e4? <\/span><br \/>\n<span class=\"\">Muokkaa ensin hakutuloksesi aihe mahdollisimman kohdalleen ja tulosjoukko sopivan kokoiseksi. <a href=\"https:\/\/blogs.uef.fi\/tiedonhaku-kauppatieteet\/aiheesta-hakusanoiksi\/liikaa-vai-liian-vahan-tuloksia\/\" target=\"_blank\" rel=\"noopener\">Muokkausehdotuksia: Liikaa vai liian v\u00e4h\u00e4n tuloksia?<\/a><br \/>\n<\/span><\/p>\n<p><span class=\"\">Sitten alat k\u00e4yd\u00e4 tuloslistaa (viitteit\u00e4) l\u00e4pi ja karsia, <\/span><span class=\"\">mit\u00e4 otetaan l\u00e4hemp\u00e4\u00e4n tarkasteluun otsikon perusteella?<\/span><\/p>\n<ol>\n<li style=\"list-style-type: none\">\n<ol id=\"yui_3_17_2_1_1592830298703_33\">\n<li><span class=\"\">mist\u00e4 luetaan tiivistelm\u00e4?<\/span><\/li>\n<li id=\"yui_3_17_2_1_1592830298703_32\"><span class=\"\">mitk\u00e4 luetaan kokonaan (full text)?<\/span><\/li>\n<li><span class=\"\">mit\u00e4 valituista k\u00e4ytet\u00e4\u00e4n oman ty\u00f6n l\u00e4htein\u00e4 (niihin viitataan)<\/span><\/li>\n<\/ol>\n<\/li>\n<\/ol>\n<h2><b><span class=\"\">Valintaperusteita<\/span><\/b><\/h2>\n<h3><span class=\"\">Aiherelevanssi \/ Onko sis\u00e4lt\u00f6 oikeaa asiaa?<\/span><\/h3>\n<p>Ensimm\u00e4isess\u00e4 vaiheessa arvioit otsikoista, asiasanoista ja tiivistelmist\u00e4, ovatko ne sis\u00e4ll\u00f6llisesti etsim\u00e4\u00e4si aihetta ja k\u00e4ytt\u00f6kelpoisia tilanteessasi.<\/p>\n<p>Tietokantojen tulokset ovat usein jo oletuksena ns. relevanssij\u00e4rjestyksess\u00e4, eli kuinka hyvin ne osuvat hakusanoihisi. Vaikka tuo onkin koneen laskemaa relevanssia, se usein auttaa tuloslistan lukemisessa. Jos tulokset ovat esim. vuosij\u00e4rjestyksess\u00e4, voit vaihtaa lajitteluj\u00e4rjestyksen (esim. Scopus-tietokannassa: &#8221;sort by&#8221;).<\/p>\n<h3>Tieteellist\u00e4 tietoa?<\/h3>\n<p>Google Scholar mainostaa hakevansa vain tieteellist\u00e4 aineistoa, mutta tuloksissa on paljon my\u00f6s amk-opinn\u00e4ytet\u00f6it\u00e4 tai graduja. Niit\u00e4 ei pidet\u00e4 tieteellisin\u00e4 julkaisuina. Ole siis tarkkana arvioinnin suhteen!<\/p>\n<p>Tieteellisyyden kriteerin\u00e4 pidet\u00e4\u00e4n vertaisarviointia \/ referee-\/peer review -menettely\u00e4. Useissa kansainv\u00e4lisiss\u00e4 tietokannoissa haun voi rajata tieteellisten vertaisarvioitujen lehtien artikkeleihin (peer reviewed, referee, scholarly) -&gt; Tee rajaus jo hakuusi, jos se on tarpeen!<\/p>\n<p>Vaikka tieteenalakohtaiset tietokannat sis\u00e4lt\u00e4v\u00e4t luotettavampaa aineistoa kuin mit\u00e4 esim. Googlella saat, tieteellisyydelt\u00e4\u00e4n eri tasoista aineistoa niiss\u00e4kin voi olla.<\/p>\n<p>L\u00e4hdeluettelo on yksi tieteellisen ja luotettavan artikkelin tunnusmerkeist\u00e4. Joidenkin tietokantojen viitteiss\u00e4 on mukana my\u00f6s artikkelin l\u00e4hdeluettelo, josta voit p\u00e4\u00e4tell\u00e4 paljon ennen koko artikkelin avaamistakin.<\/p>\n<p><a href=\"https:\/\/urly.fi\/1FZ7\" target=\"_blank\" rel=\"noopener\">Mist\u00e4 tied\u00e4n, onko julkaisu tieteellinen?<\/a> [aukeaa uuteen v\u00e4lilehteen]<\/p>\n<h3>Mink\u00e4 tyyppinen artikkeli\/kirjoitus?<\/h3>\n<p>Tieteellisiss\u00e4kin lehdiss\u00e4 julkaistaan my\u00f6s p\u00e4\u00e4kirjoituksia (editorial), mielipidekirjoituksia (letter, letter to the editor), kirja-arvosteluja (book review) tai vain parin sivun juttuja (short survey tms.). Tarkista siis viitteest\u00e4, onko kyseess\u00e4 tieteellinen artikkeli (yleens\u00e4 vain &#8221;article&#8221;) tai tutkimusraportti. Sivum\u00e4\u00e4r\u00e4kin kertoo paljon.<\/p>\n<p>Katsausartikkeli, review<\/p>\n<p>Kauppatieteiss\u00e4 paljon working paper -tyyppist\u00e4.<\/p>\n<p><a href=\"https:\/\/blogs.uef.fi\/tiedonhaku-kauppatieteet\/tieteellinen-julkaiseminen\/julkaiseminen-kauppatieteissa-missa-tutkimusta-julkaistaan\/\" target=\"_blank\" rel=\"noopener\">Julkaisutyyppej\u00e4<\/a> [aukeaa uuteen v\u00e4lilehteen]<\/p>\n<h3>Julkaisun ik\u00e4 \/ tuoreus<\/h3>\n<p>J\u00e4rkev\u00e4 vuosirajaus riippuu aiheestasi. 5-10 vuotta on usein suositeltu, mutta varmista asia ainelaitokselta, opettajalta, ohjaajalta.<\/p>\n<p>Kannattaa l\u00e4hte\u00e4 liikkeelle mahdollisimman tuoreesta aineistoista. Uudet tutkimustulokset kertyv\u00e4t vanhojen p\u00e4\u00e4lle. T\u00e4ll\u00f6in my\u00f6s l\u00e4hdeluetteloiden l\u00e4pik\u00e4yminen on hy\u00f6dyllist\u00e4.<br \/>\nKlassikot eiv\u00e4t vanhene.<\/p>\n<h3><strong>Aineiston saa<\/strong>t<strong>avuus<\/strong><\/h3>\n<p>Paljonko aikaa ja rahaa on k\u00e4ytett\u00e4viss\u00e4? Mink\u00e4 tasoista tieteellist\u00e4 ty\u00f6t\u00e4 olet tekem\u00e4ss\u00e4? Jos aineisto ei ole saatavissa avoimesti tai oman kirjastosi kautta painettuna\/elektronisena, kaukopalvelu v\u00e4litt\u00e4\u00e4 maksusta lainoja ja kopioita muualta.<\/p>\n<h3>Muita arviointikriteereit\u00e4<\/h3>\n<ul>\n<li style=\"list-style-type: none\">\n<ul>\n<li>luotettavuus<\/li>\n<li>tavoitteet ja kohderyhm\u00e4<\/li>\n<li>auktoriteetti ja tekij\u00e4n\/tiedontuottajan\/julkaisijan\/kustantajan maine (asiantuntemus)<\/li>\n<li>onko informaatio arvioitu<\/li>\n<li>paikkansapit\u00e4vyys<\/li>\n<li>puolueettomuus<\/li>\n<li>kattavuus<\/li>\n<li>tutkimusmenetelm\u00e4t yms.<br \/>\nLue lis\u00e4\u00e4: <a href=\"https:\/\/urly.fi\/1G0x\" target=\"_blank\" rel=\"noopener\">Web-l\u00e4hteen arviointi<\/a> [aukeaa uuteen v\u00e4lilehteen]<\/li>\n<\/ul>\n<\/li>\n<\/ul>\n<p>Kriittisesti opinn\u00e4ytety\u00f6n l\u00e4htein\u00e4 on syyt\u00e4 suhtautua ammattilehtiin ja j\u00e4rjest\u00f6jen julkaisuihin, sanomalehtiin, hallinnon selvityksiin, pro gradu -t\u00f6ihin (ja varsinkin amk-opinn\u00e4ytet\u00f6ihin), oppikirjoihin (muista kuitenkin, ett\u00e4 tieteellisi\u00e4kin teoksia k\u00e4ytet\u00e4\u00e4n kurssikirjoina ja kirjasta l\u00f6ytyy helposti perusteet ja k\u00e4sitteenm\u00e4\u00e4rittelyj\u00e4), kirjallisuuteen, jossa ei ole laadukasta sis\u00e4llysluetteloa.<\/p>\n","protected":false},"excerpt":{"rendered":"<p>Hakutulosten arviointi ja valinta Onko hakutuloksenasi nyt sellainen lista, josta alat valita jatkoon p\u00e4\u00e4sevi\u00e4? Muokkaa ensin hakutuloksesi aihe mahdollisimman kohdalleen ja tulosjoukko sopivan kokoiseksi. Muokkausehdotuksia: Liikaa vai liian v\u00e4h\u00e4n tuloksia? Sitten alat k\u00e4yd\u00e4 tuloslistaa (viitteit\u00e4) l\u00e4pi ja karsia, mit\u00e4 otetaan l\u00e4hemp\u00e4\u00e4n tarkasteluun otsikon perusteella? mist\u00e4 luetaan tiivistelm\u00e4? mitk\u00e4 luetaan kokonaan (full text)? mit\u00e4 valituista k\u00e4ytet\u00e4\u00e4n [&hellip;]<\/p>\n","protected":false},"author":190,"featured_media":0,"parent":281,"menu_order":1,"comment_status":"closed","ping_status":"closed","template":"","meta":{"_acf_changed":false,"footnotes":""},"class_list":["post-834","page","type-page","status-publish","hentry"],"acf":[],"yoast_head":"<!-- This site is optimized with the Yoast SEO plugin v27.1.1 - https:\/\/yoast.com\/product\/yoast-seo-wordpress\/ -->\n<title>L\u00e4hdeaineistojen arviointi ja valinta - Tiedonhaku - Kauppatieteet<\/title>\n<meta name=\"robots\" content=\"index, follow, max-snippet:-1, max-image-preview:large, max-video-preview:-1\" \/>\n<link rel=\"canonical\" href=\"https:\/\/blogs.uef.fi\/tiedonhaku-kauppatieteet\/enta-hakujen-jalkeen\/lahdeaineistojen-arviointi-ja-valinta\/\" \/>\n<meta property=\"og:locale\" content=\"fi_FI\" \/>\n<meta property=\"og:type\" content=\"article\" \/>\n<meta property=\"og:title\" content=\"L\u00e4hdeaineistojen arviointi ja valinta - Tiedonhaku - Kauppatieteet\" \/>\n<meta property=\"og:description\" content=\"Hakutulosten arviointi ja valinta Onko hakutuloksenasi nyt sellainen lista, josta alat valita jatkoon p\u00e4\u00e4sevi\u00e4? Muokkaa ensin hakutuloksesi aihe mahdollisimman kohdalleen ja tulosjoukko sopivan kokoiseksi. Muokkausehdotuksia: Liikaa vai liian v\u00e4h\u00e4n tuloksia? Sitten alat k\u00e4yd\u00e4 tuloslistaa (viitteit\u00e4) l\u00e4pi ja karsia, mit\u00e4 otetaan l\u00e4hemp\u00e4\u00e4n tarkasteluun otsikon perusteella? mist\u00e4 luetaan tiivistelm\u00e4? mitk\u00e4 luetaan kokonaan (full text)? mit\u00e4 valituista k\u00e4ytet\u00e4\u00e4n [&hellip;]\" \/>\n<meta property=\"og:url\" content=\"https:\/\/blogs.uef.fi\/tiedonhaku-kauppatieteet\/enta-hakujen-jalkeen\/lahdeaineistojen-arviointi-ja-valinta\/\" \/>\n<meta property=\"og:site_name\" content=\"Tiedonhaku - Kauppatieteet\" \/>\n<meta property=\"article:modified_time\" content=\"2022-05-17T12:48:01+00:00\" \/>\n<meta name=\"twitter:card\" content=\"summary_large_image\" \/>\n<meta name=\"twitter:label1\" content=\"Arvioitu lukuaika\" \/>\n\t<meta name=\"twitter:data1\" content=\"3 minuuttia\" \/>\n<script type=\"application\/ld+json\" class=\"yoast-schema-graph\">{\"@context\":\"https:\/\/schema.org\",\"@graph\":[{\"@type\":\"WebPage\",\"@id\":\"https:\/\/blogs.uef.fi\/tiedonhaku-kauppatieteet\/enta-hakujen-jalkeen\/lahdeaineistojen-arviointi-ja-valinta\/\",\"url\":\"https:\/\/blogs.uef.fi\/tiedonhaku-kauppatieteet\/enta-hakujen-jalkeen\/lahdeaineistojen-arviointi-ja-valinta\/\",\"name\":\"L\u00e4hdeaineistojen arviointi ja valinta - Tiedonhaku - Kauppatieteet\",\"isPartOf\":{\"@id\":\"https:\/\/blogs.uef.fi\/tiedonhaku-kauppatieteet\/#website\"},\"datePublished\":\"2020-06-22T12:52:31+00:00\",\"dateModified\":\"2022-05-17T12:48:01+00:00\",\"breadcrumb\":{\"@id\":\"https:\/\/blogs.uef.fi\/tiedonhaku-kauppatieteet\/enta-hakujen-jalkeen\/lahdeaineistojen-arviointi-ja-valinta\/#breadcrumb\"},\"inLanguage\":\"fi\",\"potentialAction\":[{\"@type\":\"ReadAction\",\"target\":[\"https:\/\/blogs.uef.fi\/tiedonhaku-kauppatieteet\/enta-hakujen-jalkeen\/lahdeaineistojen-arviointi-ja-valinta\/\"]}]},{\"@type\":\"BreadcrumbList\",\"@id\":\"https:\/\/blogs.uef.fi\/tiedonhaku-kauppatieteet\/enta-hakujen-jalkeen\/lahdeaineistojen-arviointi-ja-valinta\/#breadcrumb\",\"itemListElement\":[{\"@type\":\"ListItem\",\"position\":1,\"name\":\"Home\",\"item\":\"https:\/\/blogs.uef.fi\/tiedonhaku-kauppatieteet\/\"},{\"@type\":\"ListItem\",\"position\":2,\"name\":\"L\u00e4hteet ja viitteet\",\"item\":\"https:\/\/blogs.uef.fi\/tiedonhaku-kauppatieteet\/enta-hakujen-jalkeen\/\"},{\"@type\":\"ListItem\",\"position\":3,\"name\":\"L\u00e4hdeaineistojen arviointi ja valinta\"}]},{\"@type\":\"WebSite\",\"@id\":\"https:\/\/blogs.uef.fi\/tiedonhaku-kauppatieteet\/#website\",\"url\":\"https:\/\/blogs.uef.fi\/tiedonhaku-kauppatieteet\/\",\"name\":\"Tiedonhaku - Kauppatieteet\",\"description\":\"\",\"potentialAction\":[{\"@type\":\"SearchAction\",\"target\":{\"@type\":\"EntryPoint\",\"urlTemplate\":\"https:\/\/blogs.uef.fi\/tiedonhaku-kauppatieteet\/?s={search_term_string}\"},\"query-input\":{\"@type\":\"PropertyValueSpecification\",\"valueRequired\":true,\"valueName\":\"search_term_string\"}}],\"inLanguage\":\"fi\"}]}<\/script>\n<!-- \/ Yoast SEO plugin. -->","yoast_head_json":{"title":"L\u00e4hdeaineistojen arviointi ja valinta - Tiedonhaku - Kauppatieteet","robots":{"index":"index","follow":"follow","max-snippet":"max-snippet:-1","max-image-preview":"max-image-preview:large","max-video-preview":"max-video-preview:-1"},"canonical":"https:\/\/blogs.uef.fi\/tiedonhaku-kauppatieteet\/enta-hakujen-jalkeen\/lahdeaineistojen-arviointi-ja-valinta\/","og_locale":"fi_FI","og_type":"article","og_title":"L\u00e4hdeaineistojen arviointi ja valinta - Tiedonhaku - Kauppatieteet","og_description":"Hakutulosten arviointi ja valinta Onko hakutuloksenasi nyt sellainen lista, josta alat valita jatkoon p\u00e4\u00e4sevi\u00e4? Muokkaa ensin hakutuloksesi aihe mahdollisimman kohdalleen ja tulosjoukko sopivan kokoiseksi. Muokkausehdotuksia: Liikaa vai liian v\u00e4h\u00e4n tuloksia? Sitten alat k\u00e4yd\u00e4 tuloslistaa (viitteit\u00e4) l\u00e4pi ja karsia, mit\u00e4 otetaan l\u00e4hemp\u00e4\u00e4n tarkasteluun otsikon perusteella? mist\u00e4 luetaan tiivistelm\u00e4? mitk\u00e4 luetaan kokonaan (full text)? mit\u00e4 valituista k\u00e4ytet\u00e4\u00e4n [&hellip;]","og_url":"https:\/\/blogs.uef.fi\/tiedonhaku-kauppatieteet\/enta-hakujen-jalkeen\/lahdeaineistojen-arviointi-ja-valinta\/","og_site_name":"Tiedonhaku - Kauppatieteet","article_modified_time":"2022-05-17T12:48:01+00:00","twitter_card":"summary_large_image","twitter_misc":{"Arvioitu lukuaika":"3 minuuttia"},"schema":{"@context":"https:\/\/schema.org","@graph":[{"@type":"WebPage","@id":"https:\/\/blogs.uef.fi\/tiedonhaku-kauppatieteet\/enta-hakujen-jalkeen\/lahdeaineistojen-arviointi-ja-valinta\/","url":"https:\/\/blogs.uef.fi\/tiedonhaku-kauppatieteet\/enta-hakujen-jalkeen\/lahdeaineistojen-arviointi-ja-valinta\/","name":"L\u00e4hdeaineistojen arviointi ja valinta - Tiedonhaku - Kauppatieteet","isPartOf":{"@id":"https:\/\/blogs.uef.fi\/tiedonhaku-kauppatieteet\/#website"},"datePublished":"2020-06-22T12:52:31+00:00","dateModified":"2022-05-17T12:48:01+00:00","breadcrumb":{"@id":"https:\/\/blogs.uef.fi\/tiedonhaku-kauppatieteet\/enta-hakujen-jalkeen\/lahdeaineistojen-arviointi-ja-valinta\/#breadcrumb"},"inLanguage":"fi","potentialAction":[{"@type":"ReadAction","target":["https:\/\/blogs.uef.fi\/tiedonhaku-kauppatieteet\/enta-hakujen-jalkeen\/lahdeaineistojen-arviointi-ja-valinta\/"]}]},{"@type":"BreadcrumbList","@id":"https:\/\/blogs.uef.fi\/tiedonhaku-kauppatieteet\/enta-hakujen-jalkeen\/lahdeaineistojen-arviointi-ja-valinta\/#breadcrumb","itemListElement":[{"@type":"ListItem","position":1,"name":"Home","item":"https:\/\/blogs.uef.fi\/tiedonhaku-kauppatieteet\/"},{"@type":"ListItem","position":2,"name":"L\u00e4hteet ja viitteet","item":"https:\/\/blogs.uef.fi\/tiedonhaku-kauppatieteet\/enta-hakujen-jalkeen\/"},{"@type":"ListItem","position":3,"name":"L\u00e4hdeaineistojen arviointi ja valinta"}]},{"@type":"WebSite","@id":"https:\/\/blogs.uef.fi\/tiedonhaku-kauppatieteet\/#website","url":"https:\/\/blogs.uef.fi\/tiedonhaku-kauppatieteet\/","name":"Tiedonhaku - Kauppatieteet","description":"","potentialAction":[{"@type":"SearchAction","target":{"@type":"EntryPoint","urlTemplate":"https:\/\/blogs.uef.fi\/tiedonhaku-kauppatieteet\/?s={search_term_string}"},"query-input":{"@type":"PropertyValueSpecification","valueRequired":true,"valueName":"search_term_string"}}],"inLanguage":"fi"}]}},"_links":{"self":[{"href":"https:\/\/blogs.uef.fi\/tiedonhaku-kauppatieteet\/wp-json\/wp\/v2\/pages\/834","targetHints":{"allow":["GET"]}}],"collection":[{"href":"https:\/\/blogs.uef.fi\/tiedonhaku-kauppatieteet\/wp-json\/wp\/v2\/pages"}],"about":[{"href":"https:\/\/blogs.uef.fi\/tiedonhaku-kauppatieteet\/wp-json\/wp\/v2\/types\/page"}],"author":[{"embeddable":true,"href":"https:\/\/blogs.uef.fi\/tiedonhaku-kauppatieteet\/wp-json\/wp\/v2\/users\/190"}],"replies":[{"embeddable":true,"href":"https:\/\/blogs.uef.fi\/tiedonhaku-kauppatieteet\/wp-json\/wp\/v2\/comments?post=834"}],"version-history":[{"count":4,"href":"https:\/\/blogs.uef.fi\/tiedonhaku-kauppatieteet\/wp-json\/wp\/v2\/pages\/834\/revisions"}],"predecessor-version":[{"id":3576,"href":"https:\/\/blogs.uef.fi\/tiedonhaku-kauppatieteet\/wp-json\/wp\/v2\/pages\/834\/revisions\/3576"}],"up":[{"embeddable":true,"href":"https:\/\/blogs.uef.fi\/tiedonhaku-kauppatieteet\/wp-json\/wp\/v2\/pages\/281"}],"wp:attachment":[{"href":"https:\/\/blogs.uef.fi\/tiedonhaku-kauppatieteet\/wp-json\/wp\/v2\/media?parent=834"}],"curies":[{"name":"wp","href":"https:\/\/api.w.org\/{rel}","templated":true}]}}