{"id":799,"date":"2020-06-22T10:38:41","date_gmt":"2020-06-22T10:38:41","guid":{"rendered":"https:\/\/blogs.uef.fi\/tiedonhaku-kauppatieteet\/?page_id=799"},"modified":"2025-06-30T11:50:12","modified_gmt":"2025-06-30T09:50:12","slug":"liikaa-vai-liian-vahan-tuloksia","status":"publish","type":"page","link":"https:\/\/blogs.uef.fi\/tiedonhaku-kauppatieteet\/aiheesta-hakusanoiksi\/liikaa-vai-liian-vahan-tuloksia\/","title":{"rendered":"Liikaa vai liian v\u00e4h\u00e4n tuloksia?"},"content":{"rendered":"\n<p>Onnittelen, jos olet saanut hakutulokseksi sopivan m\u00e4\u00e4r\u00e4n relevanteilta vaikuttavia l\u00e4hteit\u00e4. Yleens\u00e4 tulokseen j\u00e4\u00e4 my\u00f6s ep\u00e4relevantteja l\u00e4hteit\u00e4, niit\u00e4 vain pit\u00e4\u00e4 karsia otsikon ja tiivistelm\u00e4n perusteella.<\/p>\n\n\n\n<p>Usein hakua on tarpeen muokata uudelleen (ja uudelleen) hyv\u00e4n hakutuloksen aikaansaamiseksi.<\/p>\n\n\n\n<h2 class=\"wp-block-heading\">Liian paljon tuloksia<\/h2>\n\n\n\n<ul class=\"wp-block-list\">\n<li>Mieti, ovatko hakusanasi liian yleisi\u00e4.<\/li>\n\n\n\n<li>Kokeile suppeampia, aihettasi t\u00e4sm\u00e4llisemmin kuvaavia hakusanoja.<\/li>\n\n\n\n<li>Poista monimerkityksiset yleistermit.<\/li>\n\n\n\n<li>Lis\u00e4\u00e4 hakuun aihetta rajaavia sanoja AND:lla.<br>AND-kytkettyj\u00e4 voi olla vaikka kuinka paljon.<\/li>\n\n\n\n<li>K\u00e4yt\u00e4 fraasin\/sanaliiton ymp\u00e4rill\u00e4 &#8221;&#8221;-merkkej\u00e4<br>(tai muuta tapaa, jolla sanat pysyv\u00e4t per\u00e4kk\u00e4in).<\/li>\n\n\n\n<li>V\u00e4henn\u00e4 synonyymej\u00e4 ja rinnakkaistermej\u00e4,<br>mutta \u00e4l\u00e4 muuta ORia ANDiksi, sill\u00e4 silloin hakulogiikka muuttuu virheelliseksi.<br><a href=\"https:\/\/urly.fi\/1FY6\" target=\"_blank\" rel=\"noopener\">Miten AND\/OR-logiikka menik\u00e4\u00e4n?<\/a> [aukeaa uuteen v\u00e4lilehteen]<\/li>\n\n\n\n<li>Kokeile sulkea joitakin sanoja hakutuloksen ulkopuolelle NOT-operaattorilla.<br>Muista, ett\u00e4 NOT vie kaiken, miss\u00e4 ao. sana (&#8221;merkkijono&#8221;) esiintyy.<\/li>\n\n\n\n<li>Kohdista hakua asiasanakenttiin (subject heading, keyword)<br>tai pelkkiin otsikoihin (title).<\/li>\n\n\n\n<li>Rajaa hakua esim. julkaisuvuodella, -kielell\u00e4 tai -tyypill\u00e4.<br>Tieteellisiin lehtiin rajaus on t\u00e4rke\u00e4! (peer review\/scholarly\/vertaisarvioitu)<\/li>\n\n\n\n<li>\u00c4l\u00e4 tee hakuvaiheessa full text\/open access -rajausta!<\/li>\n<\/ul>\n\n\n\n<h2 class=\"wp-block-heading\">Liian v\u00e4h\u00e4n tuloksia<\/h2>\n\n\n\n<ul class=\"wp-block-list\">\n<li>Tarkista, onko k\u00e4ytt\u00e4m\u00e4si tietokanta aiheesi kannalta sopiva.<\/li>\n\n\n\n<li>Mieti, oletko hakenut liian suppealla hakusanalla.<\/li>\n\n\n\n<li>Mieti, mihin laajempaan aihealueeseen ongelmasi kuuluu ja k\u00e4yt\u00e4 laajempaa hakutermi\u00e4.<\/li>\n\n\n\n<li>Etsi hakusanoillesi synonyymeja ja rinnakkaistermej\u00e4 (lis\u00e4\u00e4 OR:lla).<\/li>\n\n\n\n<li>V\u00e4henn\u00e4 hausta AND-operaattorilla yhdistettyj\u00e4, rajaavia hakusanoja.<\/li>\n\n\n\n<li>Katkaise hakusana *-merkill\u00e4 saadaksesi esim. eri taivutusmuodot mukaan. Mist\u00e4 kohtaa sana taipuu?<\/li>\n\n\n\n<li>Poista julkaisuvuosi-, kieli ym. rajoitukset tai otsikko-asiasana-kohdistukset.<\/li>\n\n\n\n<li>Tarkista kirjoitusvirheet ja sanan kirjoitusmuodot.<br>Huomioi esimerkiksi, kirjoitetaanko sanat yhteen vai erikseen. V\u00e4lily\u00f6nnill\u00e4kin on v\u00e4li\u00e4. Lyhenteet kannattaa useimmiten kirjoittaa auki (ja &#8221;&#8221;-merkit ymp\u00e4rille).<\/li>\n<\/ul>\n\n\n\n<h2 class=\"wp-block-heading\">V\u00e4\u00e4ri\u00e4 tuloksia<\/h2>\n\n\n\n<p>Hyv\u00e4ksy tosiasia, ett\u00e4 aina tulokseen tulee my\u00f6s v\u00e4\u00e4r\u00e4\u00e4 asiaa. Mit\u00e4 yleisempi\u00e4 ja monimerkityksisempi\u00e4 hakusanasi ovat, sen varmemmin.<br>(esim. management, pain management, risk management&#8230; ).<br>Samoja sanoja voidaan k\u00e4ytt\u00e4\u00e4 eri tieteenaloilla eri merkityksiss\u00e4 (esim. network, communication, communication technology, communication network&#8230;)<\/p>\n\n\n\n<ul class=\"wp-block-list\">\n<li>Kokeile toista tietokantaa.<\/li>\n\n\n\n<li>Tarkista k\u00e4ytt\u00e4m\u00e4si hakusanat.<\/li>\n\n\n\n<li>Mieti parempia hakusanoja, esim. tiukempia sanaliittoja\/fraaseja.<\/li>\n\n\n\n<li>Varmista, ett\u00e4 olet yhdist\u00e4nyt hakusanasi loogisesti oikein.<\/li>\n<\/ul>\n\n\n\n<p><\/p>\n\n\n\n<p>Harvoin aiheesi k\u00e4sitteet ovat niin yksiselitteisi\u00e4, ett\u00e4 saat vain &#8221;oikeita&#8221; tuloksia. Siin\u00e4 mieless\u00e4 tietokantahaut ovat mekaanisia, ett\u00e4 hakevat pelkki\u00e4 merkkijonona.<br>Mik\u00e4li hakutulosten joukosta l\u00f6ytyy edes yksi hyvin relevantti viite, kannattaa t\u00e4m\u00e4n asiasanakent\u00e4st\u00e4 katsoa lis\u00e4vinkkej\u00e4 hakusanoiksi.<br>Hyv\u00e4n artikkelin tai muun julkaisun l\u00e4hdeluettelosta l\u00f6yd\u00e4t mahdollisesti lis\u00e4\u00e4 sopivaa kirjallisuutta hakemastasi aiheesta &#8211; olkoonkin, ettei ajallisesti kovin tuoretta.<\/p>\n","protected":false},"excerpt":{"rendered":"<p>Onnittelen, jos olet saanut hakutulokseksi sopivan m\u00e4\u00e4r\u00e4n relevanteilta vaikuttavia l\u00e4hteit\u00e4. Yleens\u00e4 tulokseen j\u00e4\u00e4 my\u00f6s ep\u00e4relevantteja l\u00e4hteit\u00e4, niit\u00e4 vain pit\u00e4\u00e4 karsia otsikon ja tiivistelm\u00e4n perusteella. Usein hakua on tarpeen muokata uudelleen (ja uudelleen) hyv\u00e4n hakutuloksen aikaansaamiseksi. Liian paljon tuloksia Liian v\u00e4h\u00e4n tuloksia V\u00e4\u00e4ri\u00e4 tuloksia Hyv\u00e4ksy tosiasia, ett\u00e4 aina tulokseen tulee my\u00f6s v\u00e4\u00e4r\u00e4\u00e4 asiaa. Mit\u00e4 yleisempi\u00e4 ja [&hellip;]<\/p>\n","protected":false},"author":190,"featured_media":0,"parent":17,"menu_order":5,"comment_status":"closed","ping_status":"closed","template":"","meta":{"_acf_changed":false,"footnotes":""},"class_list":["post-799","page","type-page","status-publish","hentry"],"acf":[],"yoast_head":"<!-- This site is optimized with the Yoast SEO plugin v27.1.1 - https:\/\/yoast.com\/product\/yoast-seo-wordpress\/ -->\n<title>Liikaa vai liian v\u00e4h\u00e4n tuloksia? - Tiedonhaku - Kauppatieteet<\/title>\n<meta name=\"robots\" content=\"index, follow, max-snippet:-1, max-image-preview:large, max-video-preview:-1\" \/>\n<link rel=\"canonical\" href=\"https:\/\/blogs.uef.fi\/tiedonhaku-kauppatieteet\/aiheesta-hakusanoiksi\/liikaa-vai-liian-vahan-tuloksia\/\" \/>\n<meta property=\"og:locale\" content=\"fi_FI\" \/>\n<meta property=\"og:type\" content=\"article\" \/>\n<meta property=\"og:title\" content=\"Liikaa vai liian v\u00e4h\u00e4n tuloksia? - Tiedonhaku - Kauppatieteet\" \/>\n<meta property=\"og:description\" content=\"Onnittelen, jos olet saanut hakutulokseksi sopivan m\u00e4\u00e4r\u00e4n relevanteilta vaikuttavia l\u00e4hteit\u00e4. Yleens\u00e4 tulokseen j\u00e4\u00e4 my\u00f6s ep\u00e4relevantteja l\u00e4hteit\u00e4, niit\u00e4 vain pit\u00e4\u00e4 karsia otsikon ja tiivistelm\u00e4n perusteella. Usein hakua on tarpeen muokata uudelleen (ja uudelleen) hyv\u00e4n hakutuloksen aikaansaamiseksi. Liian paljon tuloksia Liian v\u00e4h\u00e4n tuloksia V\u00e4\u00e4ri\u00e4 tuloksia Hyv\u00e4ksy tosiasia, ett\u00e4 aina tulokseen tulee my\u00f6s v\u00e4\u00e4r\u00e4\u00e4 asiaa. Mit\u00e4 yleisempi\u00e4 ja [&hellip;]\" \/>\n<meta property=\"og:url\" content=\"https:\/\/blogs.uef.fi\/tiedonhaku-kauppatieteet\/aiheesta-hakusanoiksi\/liikaa-vai-liian-vahan-tuloksia\/\" \/>\n<meta property=\"og:site_name\" content=\"Tiedonhaku - Kauppatieteet\" \/>\n<meta property=\"article:modified_time\" content=\"2025-06-30T09:50:12+00:00\" \/>\n<meta name=\"twitter:card\" content=\"summary_large_image\" \/>\n<meta name=\"twitter:label1\" content=\"Arvioitu lukuaika\" \/>\n\t<meta name=\"twitter:data1\" content=\"3 minuuttia\" \/>\n<script type=\"application\/ld+json\" class=\"yoast-schema-graph\">{\"@context\":\"https:\/\/schema.org\",\"@graph\":[{\"@type\":\"WebPage\",\"@id\":\"https:\/\/blogs.uef.fi\/tiedonhaku-kauppatieteet\/aiheesta-hakusanoiksi\/liikaa-vai-liian-vahan-tuloksia\/\",\"url\":\"https:\/\/blogs.uef.fi\/tiedonhaku-kauppatieteet\/aiheesta-hakusanoiksi\/liikaa-vai-liian-vahan-tuloksia\/\",\"name\":\"Liikaa vai liian v\u00e4h\u00e4n tuloksia? - Tiedonhaku - Kauppatieteet\",\"isPartOf\":{\"@id\":\"https:\/\/blogs.uef.fi\/tiedonhaku-kauppatieteet\/#website\"},\"datePublished\":\"2020-06-22T10:38:41+00:00\",\"dateModified\":\"2025-06-30T09:50:12+00:00\",\"breadcrumb\":{\"@id\":\"https:\/\/blogs.uef.fi\/tiedonhaku-kauppatieteet\/aiheesta-hakusanoiksi\/liikaa-vai-liian-vahan-tuloksia\/#breadcrumb\"},\"inLanguage\":\"fi\",\"potentialAction\":[{\"@type\":\"ReadAction\",\"target\":[\"https:\/\/blogs.uef.fi\/tiedonhaku-kauppatieteet\/aiheesta-hakusanoiksi\/liikaa-vai-liian-vahan-tuloksia\/\"]}]},{\"@type\":\"BreadcrumbList\",\"@id\":\"https:\/\/blogs.uef.fi\/tiedonhaku-kauppatieteet\/aiheesta-hakusanoiksi\/liikaa-vai-liian-vahan-tuloksia\/#breadcrumb\",\"itemListElement\":[{\"@type\":\"ListItem\",\"position\":1,\"name\":\"Home\",\"item\":\"https:\/\/blogs.uef.fi\/tiedonhaku-kauppatieteet\/\"},{\"@type\":\"ListItem\",\"position\":2,\"name\":\"Aiheesta hakusanoiksi\",\"item\":\"https:\/\/blogs.uef.fi\/tiedonhaku-kauppatieteet\/aiheesta-hakusanoiksi\/\"},{\"@type\":\"ListItem\",\"position\":3,\"name\":\"Liikaa vai liian v\u00e4h\u00e4n tuloksia?\"}]},{\"@type\":\"WebSite\",\"@id\":\"https:\/\/blogs.uef.fi\/tiedonhaku-kauppatieteet\/#website\",\"url\":\"https:\/\/blogs.uef.fi\/tiedonhaku-kauppatieteet\/\",\"name\":\"Tiedonhaku - Kauppatieteet\",\"description\":\"\",\"potentialAction\":[{\"@type\":\"SearchAction\",\"target\":{\"@type\":\"EntryPoint\",\"urlTemplate\":\"https:\/\/blogs.uef.fi\/tiedonhaku-kauppatieteet\/?s={search_term_string}\"},\"query-input\":{\"@type\":\"PropertyValueSpecification\",\"valueRequired\":true,\"valueName\":\"search_term_string\"}}],\"inLanguage\":\"fi\"}]}<\/script>\n<!-- \/ Yoast SEO plugin. -->","yoast_head_json":{"title":"Liikaa vai liian v\u00e4h\u00e4n tuloksia? - Tiedonhaku - Kauppatieteet","robots":{"index":"index","follow":"follow","max-snippet":"max-snippet:-1","max-image-preview":"max-image-preview:large","max-video-preview":"max-video-preview:-1"},"canonical":"https:\/\/blogs.uef.fi\/tiedonhaku-kauppatieteet\/aiheesta-hakusanoiksi\/liikaa-vai-liian-vahan-tuloksia\/","og_locale":"fi_FI","og_type":"article","og_title":"Liikaa vai liian v\u00e4h\u00e4n tuloksia? - Tiedonhaku - Kauppatieteet","og_description":"Onnittelen, jos olet saanut hakutulokseksi sopivan m\u00e4\u00e4r\u00e4n relevanteilta vaikuttavia l\u00e4hteit\u00e4. Yleens\u00e4 tulokseen j\u00e4\u00e4 my\u00f6s ep\u00e4relevantteja l\u00e4hteit\u00e4, niit\u00e4 vain pit\u00e4\u00e4 karsia otsikon ja tiivistelm\u00e4n perusteella. Usein hakua on tarpeen muokata uudelleen (ja uudelleen) hyv\u00e4n hakutuloksen aikaansaamiseksi. Liian paljon tuloksia Liian v\u00e4h\u00e4n tuloksia V\u00e4\u00e4ri\u00e4 tuloksia Hyv\u00e4ksy tosiasia, ett\u00e4 aina tulokseen tulee my\u00f6s v\u00e4\u00e4r\u00e4\u00e4 asiaa. Mit\u00e4 yleisempi\u00e4 ja [&hellip;]","og_url":"https:\/\/blogs.uef.fi\/tiedonhaku-kauppatieteet\/aiheesta-hakusanoiksi\/liikaa-vai-liian-vahan-tuloksia\/","og_site_name":"Tiedonhaku - Kauppatieteet","article_modified_time":"2025-06-30T09:50:12+00:00","twitter_card":"summary_large_image","twitter_misc":{"Arvioitu lukuaika":"3 minuuttia"},"schema":{"@context":"https:\/\/schema.org","@graph":[{"@type":"WebPage","@id":"https:\/\/blogs.uef.fi\/tiedonhaku-kauppatieteet\/aiheesta-hakusanoiksi\/liikaa-vai-liian-vahan-tuloksia\/","url":"https:\/\/blogs.uef.fi\/tiedonhaku-kauppatieteet\/aiheesta-hakusanoiksi\/liikaa-vai-liian-vahan-tuloksia\/","name":"Liikaa vai liian v\u00e4h\u00e4n tuloksia? - Tiedonhaku - Kauppatieteet","isPartOf":{"@id":"https:\/\/blogs.uef.fi\/tiedonhaku-kauppatieteet\/#website"},"datePublished":"2020-06-22T10:38:41+00:00","dateModified":"2025-06-30T09:50:12+00:00","breadcrumb":{"@id":"https:\/\/blogs.uef.fi\/tiedonhaku-kauppatieteet\/aiheesta-hakusanoiksi\/liikaa-vai-liian-vahan-tuloksia\/#breadcrumb"},"inLanguage":"fi","potentialAction":[{"@type":"ReadAction","target":["https:\/\/blogs.uef.fi\/tiedonhaku-kauppatieteet\/aiheesta-hakusanoiksi\/liikaa-vai-liian-vahan-tuloksia\/"]}]},{"@type":"BreadcrumbList","@id":"https:\/\/blogs.uef.fi\/tiedonhaku-kauppatieteet\/aiheesta-hakusanoiksi\/liikaa-vai-liian-vahan-tuloksia\/#breadcrumb","itemListElement":[{"@type":"ListItem","position":1,"name":"Home","item":"https:\/\/blogs.uef.fi\/tiedonhaku-kauppatieteet\/"},{"@type":"ListItem","position":2,"name":"Aiheesta hakusanoiksi","item":"https:\/\/blogs.uef.fi\/tiedonhaku-kauppatieteet\/aiheesta-hakusanoiksi\/"},{"@type":"ListItem","position":3,"name":"Liikaa vai liian v\u00e4h\u00e4n tuloksia?"}]},{"@type":"WebSite","@id":"https:\/\/blogs.uef.fi\/tiedonhaku-kauppatieteet\/#website","url":"https:\/\/blogs.uef.fi\/tiedonhaku-kauppatieteet\/","name":"Tiedonhaku - Kauppatieteet","description":"","potentialAction":[{"@type":"SearchAction","target":{"@type":"EntryPoint","urlTemplate":"https:\/\/blogs.uef.fi\/tiedonhaku-kauppatieteet\/?s={search_term_string}"},"query-input":{"@type":"PropertyValueSpecification","valueRequired":true,"valueName":"search_term_string"}}],"inLanguage":"fi"}]}},"_links":{"self":[{"href":"https:\/\/blogs.uef.fi\/tiedonhaku-kauppatieteet\/wp-json\/wp\/v2\/pages\/799","targetHints":{"allow":["GET"]}}],"collection":[{"href":"https:\/\/blogs.uef.fi\/tiedonhaku-kauppatieteet\/wp-json\/wp\/v2\/pages"}],"about":[{"href":"https:\/\/blogs.uef.fi\/tiedonhaku-kauppatieteet\/wp-json\/wp\/v2\/types\/page"}],"author":[{"embeddable":true,"href":"https:\/\/blogs.uef.fi\/tiedonhaku-kauppatieteet\/wp-json\/wp\/v2\/users\/190"}],"replies":[{"embeddable":true,"href":"https:\/\/blogs.uef.fi\/tiedonhaku-kauppatieteet\/wp-json\/wp\/v2\/comments?post=799"}],"version-history":[{"count":2,"href":"https:\/\/blogs.uef.fi\/tiedonhaku-kauppatieteet\/wp-json\/wp\/v2\/pages\/799\/revisions"}],"predecessor-version":[{"id":3607,"href":"https:\/\/blogs.uef.fi\/tiedonhaku-kauppatieteet\/wp-json\/wp\/v2\/pages\/799\/revisions\/3607"}],"up":[{"embeddable":true,"href":"https:\/\/blogs.uef.fi\/tiedonhaku-kauppatieteet\/wp-json\/wp\/v2\/pages\/17"}],"wp:attachment":[{"href":"https:\/\/blogs.uef.fi\/tiedonhaku-kauppatieteet\/wp-json\/wp\/v2\/media?parent=799"}],"curies":[{"name":"wp","href":"https:\/\/api.w.org\/{rel}","templated":true}]}}